{"id":56400,"date":"2023-11-06T18:43:08","date_gmt":"2024-10-18T14:19:38","guid":{"rendered":"https:\/\/old.holyland-olivewood.com\/product\/amerikansk-orn-i-olivtra-staty-fi129\/"},"modified":"2024-10-18T14:19:38","modified_gmt":"2024-10-18T14:19:38","slug":"amerikansk-orn-i-olivtra-staty-fi129","status":"publish","type":"product","link":"https:\/\/old.holyland-olivewood.com\/sv\/product\/amerikansk-orn-i-olivtra-staty-fi129\/","title":{"rendered":"Amerikansk \u00f6rn i olivtr\u00e4 Staty #FI129"},"content":{"rendered":"","protected":false},"excerpt":{"rendered":"<p>Denna vackra amerikanska \u00f6rn \u00e4r handsnidad i det Heliga landet av h\u00e5llbart sk\u00f6rdad, \u00e4kta Betlehemsolivtr\u00e4. Denna vackra staty av American Eagle \u00e4r handgjord av olivtr\u00e4 fr\u00e5n ett tr\u00e4d som har vuxit i det Heliga landet i hundratals \u00e5r.  Ett meningsfullt f\u00f6rem\u00e5l eftersom det kommer direkt fr\u00e5n det heliga landet.<\/p>\n<p>Denna artikel inneh\u00e5ller ett \u00e4kthetscertifikat som verifierar de material och tekniker som anv\u00e4nds f\u00f6r att tillverka denna produkt.<\/p>\n<p>Storlek: 21,5 cm x 35,5 cm x 43 cm (8,5&#8243; x 14&#8243; x 17&#8243;)<\/p>\n","protected":false},"featured_media":56401,"template":"","meta":[],"product_brand":[],"product_cat":[1034,2037],"product_tag":[],"class_list":{"0":"post-56400","1":"product","2":"type-product","3":"status-publish","4":"has-post-thumbnail","6":"product_cat-kunsthaandvaerk-sv","7":"product_cat-figurer-sv","9":"first","10":"instock","11":"shipping-taxable","12":"purchasable","13":"product-type-simple"},"yoast_head":"<!-- This site is optimized with the Yoast SEO plugin v24.8.1 - https:\/\/yoast.com\/wordpress\/plugins\/seo\/ -->\n<title>Amerikansk \u00f6rn i olivtr\u00e4 Staty #FI129 - Holy Land Olive Wood - Bethlehem Olive Wood Factory<\/title>\n<meta name=\"description\" content=\"Tr\u00e4snideri av amerikansk \u00f6rnstaty Betlehem olivtr\u00e4hantverk (t.ex. figurer, krubbor, statyer, skulpturer)\" \/>\n<meta name=\"robots\" content=\"index, follow, max-snippet:-1, max-image-preview:large, max-video-preview:-1\" \/>\n<link rel=\"canonical\" href=\"https:\/\/old.holyland-olivewood.com\/sv\/product\/amerikansk-orn-i-olivtra-staty-fi129\/\" \/>\n<meta property=\"og:locale\" content=\"sv_SE\" \/>\n<meta property=\"og:type\" content=\"article\" \/>\n<meta property=\"og:title\" content=\"Amerikansk \u00f6rn i olivtr\u00e4 Staty #FI129 - Holy Land Olive Wood - Bethlehem Olive Wood Factory\" \/>\n<meta property=\"og:description\" content=\"Tr\u00e4snideri av amerikansk \u00f6rnstaty Betlehem olivtr\u00e4hantverk (t.ex. figurer, krubbor, statyer, skulpturer)\" \/>\n<meta property=\"og:url\" content=\"https:\/\/old.holyland-olivewood.com\/sv\/product\/amerikansk-orn-i-olivtra-staty-fi129\/\" \/>\n<meta property=\"og:site_name\" content=\"Holy Land Olive Wood - Bethlehem Olive Wood Factory\" \/>\n<meta property=\"article:publisher\" content=\"https:\/\/www.facebook.com\/holylandolivewood.bethlehem\/\" \/>\n<meta property=\"og:image\" content=\"https:\/\/old.holyland-olivewood.com\/wp-content\/uploads\/2023\/11\/american_eagle_olive_wood_statue_fi129_1.jpg\" \/>\n\t<meta property=\"og:image:width\" content=\"1550\" \/>\n\t<meta property=\"og:image:height\" content=\"1200\" \/>\n\t<meta property=\"og:image:type\" content=\"image\/jpeg\" \/>\n<meta name=\"twitter:card\" content=\"summary_large_image\" \/>\n<script type=\"application\/ld+json\" class=\"yoast-schema-graph\">{\"@context\":\"https:\/\/schema.org\",\"@graph\":[{\"@type\":\"WebPage\",\"@id\":\"https:\/\/old.holyland-olivewood.com\/sv\/product\/amerikansk-orn-i-olivtra-staty-fi129\/\",\"url\":\"https:\/\/old.holyland-olivewood.com\/sv\/product\/amerikansk-orn-i-olivtra-staty-fi129\/\",\"name\":\"Amerikansk \u00f6rn i olivtr\u00e4 Staty #FI129 - Holy Land Olive Wood - Bethlehem Olive Wood Factory\",\"isPartOf\":{\"@id\":\"https:\/\/old.holyland-olivewood.com\/sv\/#website\"},\"primaryImageOfPage\":{\"@id\":\"https:\/\/old.holyland-olivewood.com\/sv\/product\/amerikansk-orn-i-olivtra-staty-fi129\/#primaryimage\"},\"image\":{\"@id\":\"https:\/\/old.holyland-olivewood.com\/sv\/product\/amerikansk-orn-i-olivtra-staty-fi129\/#primaryimage\"},\"thumbnailUrl\":\"https:\/\/old.holyland-olivewood.com\/wp-content\/uploads\/2023\/11\/american_eagle_olive_wood_statue_fi129_1.jpg\",\"datePublished\":\"2024-10-18T14:19:38+00:00\",\"description\":\"Tr\u00e4snideri av amerikansk \u00f6rnstaty Betlehem olivtr\u00e4hantverk (t.ex. figurer, krubbor, statyer, skulpturer)\",\"breadcrumb\":{\"@id\":\"https:\/\/old.holyland-olivewood.com\/sv\/product\/amerikansk-orn-i-olivtra-staty-fi129\/#breadcrumb\"},\"inLanguage\":\"sv-SE\",\"potentialAction\":[{\"@type\":\"ReadAction\",\"target\":[\"https:\/\/old.holyland-olivewood.com\/sv\/product\/amerikansk-orn-i-olivtra-staty-fi129\/\"]}]},{\"@type\":\"ImageObject\",\"inLanguage\":\"sv-SE\",\"@id\":\"https:\/\/old.holyland-olivewood.com\/sv\/product\/amerikansk-orn-i-olivtra-staty-fi129\/#primaryimage\",\"url\":\"https:\/\/old.holyland-olivewood.com\/wp-content\/uploads\/2023\/11\/american_eagle_olive_wood_statue_fi129_1.jpg\",\"contentUrl\":\"https:\/\/old.holyland-olivewood.com\/wp-content\/uploads\/2023\/11\/american_eagle_olive_wood_statue_fi129_1.jpg\",\"width\":1550,\"height\":1200},{\"@type\":\"BreadcrumbList\",\"@id\":\"https:\/\/old.holyland-olivewood.com\/sv\/product\/amerikansk-orn-i-olivtra-staty-fi129\/#breadcrumb\",\"itemListElement\":[{\"@type\":\"ListItem\",\"position\":1,\"name\":\"Home\",\"item\":\"https:\/\/old.holyland-olivewood.com\/sv\/\"},{\"@type\":\"ListItem\",\"position\":2,\"name\":\"Butik\",\"item\":\"https:\/\/old.holyland-olivewood.com\/sv\/butik\/\"},{\"@type\":\"ListItem\",\"position\":3,\"name\":\"Amerikansk \u00f6rn i olivtr\u00e4 Staty #FI129\"}]},{\"@type\":\"WebSite\",\"@id\":\"https:\/\/old.holyland-olivewood.com\/sv\/#website\",\"url\":\"https:\/\/old.holyland-olivewood.com\/sv\/\",\"name\":\"Holy Land Olive Wood - Bethlehem Olive Wood Factory\",\"description\":\"Holy Land Olivewood Bethlehem\",\"publisher\":{\"@id\":\"https:\/\/old.holyland-olivewood.com\/sv\/#organization\"},\"potentialAction\":[{\"@type\":\"SearchAction\",\"target\":{\"@type\":\"EntryPoint\",\"urlTemplate\":\"https:\/\/old.holyland-olivewood.com\/sv\/?s={search_term_string}\"},\"query-input\":{\"@type\":\"PropertyValueSpecification\",\"valueRequired\":true,\"valueName\":\"search_term_string\"}}],\"inLanguage\":\"sv-SE\"},{\"@type\":\"Organization\",\"@id\":\"https:\/\/old.holyland-olivewood.com\/sv\/#organization\",\"name\":\"Holy Land Olivewood\",\"url\":\"https:\/\/old.holyland-olivewood.com\/sv\/\",\"logo\":{\"@type\":\"ImageObject\",\"inLanguage\":\"sv-SE\",\"@id\":\"https:\/\/old.holyland-olivewood.com\/sv\/#\/schema\/logo\/image\/\",\"url\":\"\",\"contentUrl\":\"\",\"caption\":\"Holy Land Olivewood\"},\"image\":{\"@id\":\"https:\/\/old.holyland-olivewood.com\/sv\/#\/schema\/logo\/image\/\"},\"sameAs\":[\"https:\/\/www.facebook.com\/holylandolivewood.bethlehem\/\",\"http:\/\/instagram.com\/holy.land.olive.wood\"]}]}<\/script>\n<!-- \/ Yoast SEO plugin. -->","yoast_head_json":{"title":"Amerikansk \u00f6rn i olivtr\u00e4 Staty #FI129 - Holy Land Olive Wood - Bethlehem Olive Wood Factory","description":"Tr\u00e4snideri av amerikansk \u00f6rnstaty Betlehem olivtr\u00e4hantverk (t.ex. figurer, krubbor, statyer, skulpturer)","robots":{"index":"index","follow":"follow","max-snippet":"max-snippet:-1","max-image-preview":"max-image-preview:large","max-video-preview":"max-video-preview:-1"},"canonical":"https:\/\/old.holyland-olivewood.com\/sv\/product\/amerikansk-orn-i-olivtra-staty-fi129\/","og_locale":"sv_SE","og_type":"article","og_title":"Amerikansk \u00f6rn i olivtr\u00e4 Staty #FI129 - Holy Land Olive Wood - Bethlehem Olive Wood Factory","og_description":"Tr\u00e4snideri av amerikansk \u00f6rnstaty Betlehem olivtr\u00e4hantverk (t.ex. figurer, krubbor, statyer, skulpturer)","og_url":"https:\/\/old.holyland-olivewood.com\/sv\/product\/amerikansk-orn-i-olivtra-staty-fi129\/","og_site_name":"Holy Land Olive Wood - Bethlehem Olive Wood Factory","article_publisher":"https:\/\/www.facebook.com\/holylandolivewood.bethlehem\/","og_image":[{"width":1550,"height":1200,"url":"https:\/\/old.holyland-olivewood.com\/wp-content\/uploads\/2023\/11\/american_eagle_olive_wood_statue_fi129_1.jpg","type":"image\/jpeg"}],"twitter_card":"summary_large_image","schema":{"@context":"https:\/\/schema.org","@graph":[{"@type":"WebPage","@id":"https:\/\/old.holyland-olivewood.com\/sv\/product\/amerikansk-orn-i-olivtra-staty-fi129\/","url":"https:\/\/old.holyland-olivewood.com\/sv\/product\/amerikansk-orn-i-olivtra-staty-fi129\/","name":"Amerikansk \u00f6rn i olivtr\u00e4 Staty #FI129 - Holy Land Olive Wood - Bethlehem Olive Wood Factory","isPartOf":{"@id":"https:\/\/old.holyland-olivewood.com\/sv\/#website"},"primaryImageOfPage":{"@id":"https:\/\/old.holyland-olivewood.com\/sv\/product\/amerikansk-orn-i-olivtra-staty-fi129\/#primaryimage"},"image":{"@id":"https:\/\/old.holyland-olivewood.com\/sv\/product\/amerikansk-orn-i-olivtra-staty-fi129\/#primaryimage"},"thumbnailUrl":"https:\/\/old.holyland-olivewood.com\/wp-content\/uploads\/2023\/11\/american_eagle_olive_wood_statue_fi129_1.jpg","datePublished":"2024-10-18T14:19:38+00:00","description":"Tr\u00e4snideri av amerikansk \u00f6rnstaty Betlehem olivtr\u00e4hantverk (t.ex. figurer, krubbor, statyer, skulpturer)","breadcrumb":{"@id":"https:\/\/old.holyland-olivewood.com\/sv\/product\/amerikansk-orn-i-olivtra-staty-fi129\/#breadcrumb"},"inLanguage":"sv-SE","potentialAction":[{"@type":"ReadAction","target":["https:\/\/old.holyland-olivewood.com\/sv\/product\/amerikansk-orn-i-olivtra-staty-fi129\/"]}]},{"@type":"ImageObject","inLanguage":"sv-SE","@id":"https:\/\/old.holyland-olivewood.com\/sv\/product\/amerikansk-orn-i-olivtra-staty-fi129\/#primaryimage","url":"https:\/\/old.holyland-olivewood.com\/wp-content\/uploads\/2023\/11\/american_eagle_olive_wood_statue_fi129_1.jpg","contentUrl":"https:\/\/old.holyland-olivewood.com\/wp-content\/uploads\/2023\/11\/american_eagle_olive_wood_statue_fi129_1.jpg","width":1550,"height":1200},{"@type":"BreadcrumbList","@id":"https:\/\/old.holyland-olivewood.com\/sv\/product\/amerikansk-orn-i-olivtra-staty-fi129\/#breadcrumb","itemListElement":[{"@type":"ListItem","position":1,"name":"Home","item":"https:\/\/old.holyland-olivewood.com\/sv\/"},{"@type":"ListItem","position":2,"name":"Butik","item":"https:\/\/old.holyland-olivewood.com\/sv\/butik\/"},{"@type":"ListItem","position":3,"name":"Amerikansk \u00f6rn i olivtr\u00e4 Staty #FI129"}]},{"@type":"WebSite","@id":"https:\/\/old.holyland-olivewood.com\/sv\/#website","url":"https:\/\/old.holyland-olivewood.com\/sv\/","name":"Holy Land Olive Wood - Bethlehem Olive Wood Factory","description":"Holy Land Olivewood Bethlehem","publisher":{"@id":"https:\/\/old.holyland-olivewood.com\/sv\/#organization"},"potentialAction":[{"@type":"SearchAction","target":{"@type":"EntryPoint","urlTemplate":"https:\/\/old.holyland-olivewood.com\/sv\/?s={search_term_string}"},"query-input":{"@type":"PropertyValueSpecification","valueRequired":true,"valueName":"search_term_string"}}],"inLanguage":"sv-SE"},{"@type":"Organization","@id":"https:\/\/old.holyland-olivewood.com\/sv\/#organization","name":"Holy Land Olivewood","url":"https:\/\/old.holyland-olivewood.com\/sv\/","logo":{"@type":"ImageObject","inLanguage":"sv-SE","@id":"https:\/\/old.holyland-olivewood.com\/sv\/#\/schema\/logo\/image\/","url":"","contentUrl":"","caption":"Holy Land Olivewood"},"image":{"@id":"https:\/\/old.holyland-olivewood.com\/sv\/#\/schema\/logo\/image\/"},"sameAs":["https:\/\/www.facebook.com\/holylandolivewood.bethlehem\/","http:\/\/instagram.com\/holy.land.olive.wood"]}]}},"_links":{"self":[{"href":"https:\/\/old.holyland-olivewood.com\/sv\/wp-json\/wp\/v2\/product\/56400","targetHints":{"allow":["GET"]}}],"collection":[{"href":"https:\/\/old.holyland-olivewood.com\/sv\/wp-json\/wp\/v2\/product"}],"about":[{"href":"https:\/\/old.holyland-olivewood.com\/sv\/wp-json\/wp\/v2\/types\/product"}],"wp:featuredmedia":[{"embeddable":true,"href":"https:\/\/old.holyland-olivewood.com\/sv\/wp-json\/wp\/v2\/media\/56401"}],"wp:attachment":[{"href":"https:\/\/old.holyland-olivewood.com\/sv\/wp-json\/wp\/v2\/media?parent=56400"}],"wp:term":[{"taxonomy":"product_brand","embeddable":true,"href":"https:\/\/old.holyland-olivewood.com\/sv\/wp-json\/wp\/v2\/product_brand?post=56400"},{"taxonomy":"product_cat","embeddable":true,"href":"https:\/\/old.holyland-olivewood.com\/sv\/wp-json\/wp\/v2\/product_cat?post=56400"},{"taxonomy":"product_tag","embeddable":true,"href":"https:\/\/old.holyland-olivewood.com\/sv\/wp-json\/wp\/v2\/product_tag?post=56400"}],"curies":[{"name":"wp","href":"https:\/\/api.w.org\/{rel}","templated":true}]}}