{"id":56063,"date":"2024-10-17T08:24:09","date_gmt":"2024-10-18T13:54:25","guid":{"rendered":"https:\/\/old.holyland-olivewood.com\/product\/hallande-kors-i-olivtra-med-hjarta-65-cm-25-cr176\/"},"modified":"2024-10-18T13:54:25","modified_gmt":"2024-10-18T13:54:25","slug":"hallande-kors-i-olivtra-med-hjarta-65-cm-25-cr176","status":"publish","type":"product","link":"https:\/\/old.holyland-olivewood.com\/sv\/product\/hallande-kors-i-olivtra-med-hjarta-65-cm-25-cr176\/","title":{"rendered":"H\u00e5llande kors i olivtr\u00e4 med hj\u00e4rta (6,5 CM \/ 2,5&#8221;) #CR176"},"content":{"rendered":"","protected":false},"excerpt":{"rendered":"<p>Detta vackert handsnidade olivtr\u00e4kors har ett fint utskuret hj\u00e4rta i mitten, som symboliserar k\u00e4rlek och tro. Korset \u00e4r tillverkat av \u00e4kta olivtr\u00e4 fr\u00e5n Betlehem och \u00e4r utformat f\u00f6r att h\u00e5llas i handen, vilket ger tr\u00f6st under b\u00f6n, meditation eller stunder av reflektion. Det \u00e4r ocks\u00e5 en meningsfull g\u00e5va till n\u00e4ra och k\u00e4ra.  <\/p>\n<p>Denna artikel inneh\u00e5ller ett \u00e4kthetscertifikat som verifierar de material och tekniker som anv\u00e4nds f\u00f6r att tillverka denna produkt.<\/p>\n<p>Storlek: 6,5 cm (2,5&#8243;)<\/p>\n","protected":false},"featured_media":56065,"template":"","meta":[],"product_brand":[],"product_cat":[1034,1033],"product_tag":[1038,4142,4141,4183,1118,1123,1111,4140],"class_list":{"0":"post-56063","1":"product","2":"type-product","3":"status-publish","4":"has-post-thumbnail","6":"product_cat-kunsthaandvaerk-sv","7":"product_cat-kors-og-krucifikser-sv","8":"product_tag-betlehem-sv","9":"product_tag-comfort-cross-sv","10":"product_tag-haller-kors","11":"product_tag-haller-kors-med-hjarta","12":"product_tag-kors-sv","13":"product_tag-krucifiks-sv","14":"product_tag-kunsthaandvaerk-sv","15":"product_tag-olivtra","17":"first","18":"instock","19":"shipping-taxable","20":"purchasable","21":"product-type-simple"},"yoast_head":"<!-- This site is optimized with the Yoast SEO plugin v24.8.1 - https:\/\/yoast.com\/wordpress\/plugins\/seo\/ -->\n<title>H\u00e5llande kors i olivtr\u00e4 med hj\u00e4rta (6,5 CM \/ 2,5&#039;&#039;) #CR176 - Holy Land Olive Wood - Bethlehem Olive Wood Factory<\/title>\n<meta name=\"description\" content=\"Handsnidat h\u00e5llkors i olivtr\u00e4 med &quot;hj\u00e4rta&quot;-design. Tillverkad i Betlehem, perfekt f\u00f6r b\u00f6n eller som en meningsfull g\u00e5va. (6,5 cm \/ 2,5&quot;)\" \/>\n<meta name=\"robots\" content=\"index, follow, max-snippet:-1, max-image-preview:large, max-video-preview:-1\" \/>\n<link rel=\"canonical\" href=\"https:\/\/old.holyland-olivewood.com\/sv\/product\/hallande-kors-i-olivtra-med-hjarta-65-cm-25-cr176\/\" \/>\n<meta property=\"og:locale\" content=\"sv_SE\" \/>\n<meta property=\"og:type\" content=\"article\" \/>\n<meta property=\"og:title\" content=\"H\u00e5llande kors i olivtr\u00e4 med hj\u00e4rta (6,5 CM \/ 2,5&#039;&#039;) #CR176 - Holy Land Olive Wood - Bethlehem Olive Wood Factory\" \/>\n<meta property=\"og:description\" content=\"Handsnidat h\u00e5llkors i olivtr\u00e4 med &quot;hj\u00e4rta&quot;-design. Tillverkad i Betlehem, perfekt f\u00f6r b\u00f6n eller som en meningsfull g\u00e5va. (6,5 cm \/ 2,5&quot;)\" \/>\n<meta property=\"og:url\" content=\"https:\/\/old.holyland-olivewood.com\/sv\/product\/hallande-kors-i-olivtra-med-hjarta-65-cm-25-cr176\/\" \/>\n<meta property=\"og:site_name\" content=\"Holy Land Olive Wood - Bethlehem Olive Wood Factory\" \/>\n<meta property=\"article:publisher\" content=\"https:\/\/www.facebook.com\/holylandolivewood.bethlehem\/\" \/>\n<meta property=\"og:image\" content=\"https:\/\/old.holyland-olivewood.com\/wp-content\/uploads\/2024\/10\/olive-wood-comfort-holding-cross-bethlehem-cr176-1.jpg\" \/>\n\t<meta property=\"og:image:width\" content=\"1550\" \/>\n\t<meta property=\"og:image:height\" content=\"1200\" \/>\n\t<meta property=\"og:image:type\" content=\"image\/jpeg\" \/>\n<meta name=\"twitter:card\" content=\"summary_large_image\" \/>\n<script type=\"application\/ld+json\" class=\"yoast-schema-graph\">{\"@context\":\"https:\/\/schema.org\",\"@graph\":[{\"@type\":\"WebPage\",\"@id\":\"https:\/\/old.holyland-olivewood.com\/sv\/product\/hallande-kors-i-olivtra-med-hjarta-65-cm-25-cr176\/\",\"url\":\"https:\/\/old.holyland-olivewood.com\/sv\/product\/hallande-kors-i-olivtra-med-hjarta-65-cm-25-cr176\/\",\"name\":\"H\u00e5llande kors i olivtr\u00e4 med hj\u00e4rta (6,5 CM \/ 2,5'') #CR176 - Holy Land Olive Wood - Bethlehem Olive Wood Factory\",\"isPartOf\":{\"@id\":\"https:\/\/old.holyland-olivewood.com\/sv\/#website\"},\"primaryImageOfPage\":{\"@id\":\"https:\/\/old.holyland-olivewood.com\/sv\/product\/hallande-kors-i-olivtra-med-hjarta-65-cm-25-cr176\/#primaryimage\"},\"image\":{\"@id\":\"https:\/\/old.holyland-olivewood.com\/sv\/product\/hallande-kors-i-olivtra-med-hjarta-65-cm-25-cr176\/#primaryimage\"},\"thumbnailUrl\":\"https:\/\/old.holyland-olivewood.com\/wp-content\/uploads\/2024\/10\/olive-wood-comfort-holding-cross-bethlehem-cr176-1.jpg\",\"datePublished\":\"2024-10-18T13:54:25+00:00\",\"description\":\"Handsnidat h\u00e5llkors i olivtr\u00e4 med \\\"hj\u00e4rta\\\"-design. Tillverkad i Betlehem, perfekt f\u00f6r b\u00f6n eller som en meningsfull g\u00e5va. (6,5 cm \/ 2,5\\\")\",\"breadcrumb\":{\"@id\":\"https:\/\/old.holyland-olivewood.com\/sv\/product\/hallande-kors-i-olivtra-med-hjarta-65-cm-25-cr176\/#breadcrumb\"},\"inLanguage\":\"sv-SE\",\"potentialAction\":[{\"@type\":\"ReadAction\",\"target\":[\"https:\/\/old.holyland-olivewood.com\/sv\/product\/hallande-kors-i-olivtra-med-hjarta-65-cm-25-cr176\/\"]}]},{\"@type\":\"ImageObject\",\"inLanguage\":\"sv-SE\",\"@id\":\"https:\/\/old.holyland-olivewood.com\/sv\/product\/hallande-kors-i-olivtra-med-hjarta-65-cm-25-cr176\/#primaryimage\",\"url\":\"https:\/\/old.holyland-olivewood.com\/wp-content\/uploads\/2024\/10\/olive-wood-comfort-holding-cross-bethlehem-cr176-1.jpg\",\"contentUrl\":\"https:\/\/old.holyland-olivewood.com\/wp-content\/uploads\/2024\/10\/olive-wood-comfort-holding-cross-bethlehem-cr176-1.jpg\",\"width\":1550,\"height\":1200},{\"@type\":\"BreadcrumbList\",\"@id\":\"https:\/\/old.holyland-olivewood.com\/sv\/product\/hallande-kors-i-olivtra-med-hjarta-65-cm-25-cr176\/#breadcrumb\",\"itemListElement\":[{\"@type\":\"ListItem\",\"position\":1,\"name\":\"Home\",\"item\":\"https:\/\/old.holyland-olivewood.com\/sv\/\"},{\"@type\":\"ListItem\",\"position\":2,\"name\":\"Butik\",\"item\":\"https:\/\/old.holyland-olivewood.com\/sv\/butik\/\"},{\"@type\":\"ListItem\",\"position\":3,\"name\":\"H\u00e5llande kors i olivtr\u00e4 med hj\u00e4rta (6,5 CM \/ 2,5&#8221;) #CR176\"}]},{\"@type\":\"WebSite\",\"@id\":\"https:\/\/old.holyland-olivewood.com\/sv\/#website\",\"url\":\"https:\/\/old.holyland-olivewood.com\/sv\/\",\"name\":\"Holy Land Olive Wood - Bethlehem Olive Wood Factory\",\"description\":\"Holy Land Olivewood Bethlehem\",\"publisher\":{\"@id\":\"https:\/\/old.holyland-olivewood.com\/sv\/#organization\"},\"potentialAction\":[{\"@type\":\"SearchAction\",\"target\":{\"@type\":\"EntryPoint\",\"urlTemplate\":\"https:\/\/old.holyland-olivewood.com\/sv\/?s={search_term_string}\"},\"query-input\":{\"@type\":\"PropertyValueSpecification\",\"valueRequired\":true,\"valueName\":\"search_term_string\"}}],\"inLanguage\":\"sv-SE\"},{\"@type\":\"Organization\",\"@id\":\"https:\/\/old.holyland-olivewood.com\/sv\/#organization\",\"name\":\"Holy Land Olivewood\",\"url\":\"https:\/\/old.holyland-olivewood.com\/sv\/\",\"logo\":{\"@type\":\"ImageObject\",\"inLanguage\":\"sv-SE\",\"@id\":\"https:\/\/old.holyland-olivewood.com\/sv\/#\/schema\/logo\/image\/\",\"url\":\"\",\"contentUrl\":\"\",\"caption\":\"Holy Land Olivewood\"},\"image\":{\"@id\":\"https:\/\/old.holyland-olivewood.com\/sv\/#\/schema\/logo\/image\/\"},\"sameAs\":[\"https:\/\/www.facebook.com\/holylandolivewood.bethlehem\/\",\"http:\/\/instagram.com\/holy.land.olive.wood\"]}]}<\/script>\n<!-- \/ Yoast SEO plugin. -->","yoast_head_json":{"title":"H\u00e5llande kors i olivtr\u00e4 med hj\u00e4rta (6,5 CM \/ 2,5'') #CR176 - Holy Land Olive Wood - Bethlehem Olive Wood Factory","description":"Handsnidat h\u00e5llkors i olivtr\u00e4 med \"hj\u00e4rta\"-design. Tillverkad i Betlehem, perfekt f\u00f6r b\u00f6n eller som en meningsfull g\u00e5va. (6,5 cm \/ 2,5\")","robots":{"index":"index","follow":"follow","max-snippet":"max-snippet:-1","max-image-preview":"max-image-preview:large","max-video-preview":"max-video-preview:-1"},"canonical":"https:\/\/old.holyland-olivewood.com\/sv\/product\/hallande-kors-i-olivtra-med-hjarta-65-cm-25-cr176\/","og_locale":"sv_SE","og_type":"article","og_title":"H\u00e5llande kors i olivtr\u00e4 med hj\u00e4rta (6,5 CM \/ 2,5'') #CR176 - Holy Land Olive Wood - Bethlehem Olive Wood Factory","og_description":"Handsnidat h\u00e5llkors i olivtr\u00e4 med \"hj\u00e4rta\"-design. Tillverkad i Betlehem, perfekt f\u00f6r b\u00f6n eller som en meningsfull g\u00e5va. (6,5 cm \/ 2,5\")","og_url":"https:\/\/old.holyland-olivewood.com\/sv\/product\/hallande-kors-i-olivtra-med-hjarta-65-cm-25-cr176\/","og_site_name":"Holy Land Olive Wood - Bethlehem Olive Wood Factory","article_publisher":"https:\/\/www.facebook.com\/holylandolivewood.bethlehem\/","og_image":[{"width":1550,"height":1200,"url":"https:\/\/old.holyland-olivewood.com\/wp-content\/uploads\/2024\/10\/olive-wood-comfort-holding-cross-bethlehem-cr176-1.jpg","type":"image\/jpeg"}],"twitter_card":"summary_large_image","schema":{"@context":"https:\/\/schema.org","@graph":[{"@type":"WebPage","@id":"https:\/\/old.holyland-olivewood.com\/sv\/product\/hallande-kors-i-olivtra-med-hjarta-65-cm-25-cr176\/","url":"https:\/\/old.holyland-olivewood.com\/sv\/product\/hallande-kors-i-olivtra-med-hjarta-65-cm-25-cr176\/","name":"H\u00e5llande kors i olivtr\u00e4 med hj\u00e4rta (6,5 CM \/ 2,5'') #CR176 - Holy Land Olive Wood - Bethlehem Olive Wood Factory","isPartOf":{"@id":"https:\/\/old.holyland-olivewood.com\/sv\/#website"},"primaryImageOfPage":{"@id":"https:\/\/old.holyland-olivewood.com\/sv\/product\/hallande-kors-i-olivtra-med-hjarta-65-cm-25-cr176\/#primaryimage"},"image":{"@id":"https:\/\/old.holyland-olivewood.com\/sv\/product\/hallande-kors-i-olivtra-med-hjarta-65-cm-25-cr176\/#primaryimage"},"thumbnailUrl":"https:\/\/old.holyland-olivewood.com\/wp-content\/uploads\/2024\/10\/olive-wood-comfort-holding-cross-bethlehem-cr176-1.jpg","datePublished":"2024-10-18T13:54:25+00:00","description":"Handsnidat h\u00e5llkors i olivtr\u00e4 med \"hj\u00e4rta\"-design. Tillverkad i Betlehem, perfekt f\u00f6r b\u00f6n eller som en meningsfull g\u00e5va. (6,5 cm \/ 2,5\")","breadcrumb":{"@id":"https:\/\/old.holyland-olivewood.com\/sv\/product\/hallande-kors-i-olivtra-med-hjarta-65-cm-25-cr176\/#breadcrumb"},"inLanguage":"sv-SE","potentialAction":[{"@type":"ReadAction","target":["https:\/\/old.holyland-olivewood.com\/sv\/product\/hallande-kors-i-olivtra-med-hjarta-65-cm-25-cr176\/"]}]},{"@type":"ImageObject","inLanguage":"sv-SE","@id":"https:\/\/old.holyland-olivewood.com\/sv\/product\/hallande-kors-i-olivtra-med-hjarta-65-cm-25-cr176\/#primaryimage","url":"https:\/\/old.holyland-olivewood.com\/wp-content\/uploads\/2024\/10\/olive-wood-comfort-holding-cross-bethlehem-cr176-1.jpg","contentUrl":"https:\/\/old.holyland-olivewood.com\/wp-content\/uploads\/2024\/10\/olive-wood-comfort-holding-cross-bethlehem-cr176-1.jpg","width":1550,"height":1200},{"@type":"BreadcrumbList","@id":"https:\/\/old.holyland-olivewood.com\/sv\/product\/hallande-kors-i-olivtra-med-hjarta-65-cm-25-cr176\/#breadcrumb","itemListElement":[{"@type":"ListItem","position":1,"name":"Home","item":"https:\/\/old.holyland-olivewood.com\/sv\/"},{"@type":"ListItem","position":2,"name":"Butik","item":"https:\/\/old.holyland-olivewood.com\/sv\/butik\/"},{"@type":"ListItem","position":3,"name":"H\u00e5llande kors i olivtr\u00e4 med hj\u00e4rta (6,5 CM \/ 2,5&#8221;) #CR176"}]},{"@type":"WebSite","@id":"https:\/\/old.holyland-olivewood.com\/sv\/#website","url":"https:\/\/old.holyland-olivewood.com\/sv\/","name":"Holy Land Olive Wood - Bethlehem Olive Wood Factory","description":"Holy Land Olivewood Bethlehem","publisher":{"@id":"https:\/\/old.holyland-olivewood.com\/sv\/#organization"},"potentialAction":[{"@type":"SearchAction","target":{"@type":"EntryPoint","urlTemplate":"https:\/\/old.holyland-olivewood.com\/sv\/?s={search_term_string}"},"query-input":{"@type":"PropertyValueSpecification","valueRequired":true,"valueName":"search_term_string"}}],"inLanguage":"sv-SE"},{"@type":"Organization","@id":"https:\/\/old.holyland-olivewood.com\/sv\/#organization","name":"Holy Land Olivewood","url":"https:\/\/old.holyland-olivewood.com\/sv\/","logo":{"@type":"ImageObject","inLanguage":"sv-SE","@id":"https:\/\/old.holyland-olivewood.com\/sv\/#\/schema\/logo\/image\/","url":"","contentUrl":"","caption":"Holy Land Olivewood"},"image":{"@id":"https:\/\/old.holyland-olivewood.com\/sv\/#\/schema\/logo\/image\/"},"sameAs":["https:\/\/www.facebook.com\/holylandolivewood.bethlehem\/","http:\/\/instagram.com\/holy.land.olive.wood"]}]}},"_links":{"self":[{"href":"https:\/\/old.holyland-olivewood.com\/sv\/wp-json\/wp\/v2\/product\/56063","targetHints":{"allow":["GET"]}}],"collection":[{"href":"https:\/\/old.holyland-olivewood.com\/sv\/wp-json\/wp\/v2\/product"}],"about":[{"href":"https:\/\/old.holyland-olivewood.com\/sv\/wp-json\/wp\/v2\/types\/product"}],"wp:featuredmedia":[{"embeddable":true,"href":"https:\/\/old.holyland-olivewood.com\/sv\/wp-json\/wp\/v2\/media\/56065"}],"wp:attachment":[{"href":"https:\/\/old.holyland-olivewood.com\/sv\/wp-json\/wp\/v2\/media?parent=56063"}],"wp:term":[{"taxonomy":"product_brand","embeddable":true,"href":"https:\/\/old.holyland-olivewood.com\/sv\/wp-json\/wp\/v2\/product_brand?post=56063"},{"taxonomy":"product_cat","embeddable":true,"href":"https:\/\/old.holyland-olivewood.com\/sv\/wp-json\/wp\/v2\/product_cat?post=56063"},{"taxonomy":"product_tag","embeddable":true,"href":"https:\/\/old.holyland-olivewood.com\/sv\/wp-json\/wp\/v2\/product_tag?post=56063"}],"curies":[{"name":"wp","href":"https:\/\/api.w.org\/{rel}","templated":true}]}}