{"id":55958,"date":"2024-10-17T08:30:31","date_gmt":"2024-10-18T13:45:18","guid":{"rendered":"https:\/\/old.holyland-olivewood.com\/product\/handgjort-sankt-benedictus-kors-i-olivtra-cm-16-630-cr179\/"},"modified":"2024-10-18T13:45:18","modified_gmt":"2024-10-18T13:45:18","slug":"handgjort-sankt-benedictus-kors-i-olivtra-cm-16-630-cr179","status":"publish","type":"product","link":"https:\/\/old.holyland-olivewood.com\/sv\/product\/handgjort-sankt-benedictus-kors-i-olivtra-cm-16-630-cr179\/","title":{"rendered":"Handgjort Sankt Benedictus-kors i olivtr\u00e4 ( CM 16 \/ 6,30&#8221;) #CR179"},"content":{"rendered":"","protected":false},"excerpt":{"rendered":"<p>Detta fantastiska S:t Benedictuskors \u00e4r handgjort av \u00e4kta olivtr\u00e4 fr\u00e5n Betlehem. Med den ber\u00f6mda St. Benedict-medaljen symboliserar korset skydd, tro och andlig styrka. Dess eleganta design och rika \u00e5dring g\u00f6r det till ett vackert tillskott till alla hem eller en omt\u00e4nksam g\u00e5va till dem som s\u00f6ker en djupare koppling till sin tro.  <\/p>\n<p>Denna artikel inneh\u00e5ller ett \u00e4kthetscertifikat som verifierar de material och tekniker som anv\u00e4nds f\u00f6r att tillverka denna produkt.<\/p>\n<p>Storlek: 16 cm (6,30&#8243;)<\/p>\n","protected":false},"featured_media":55959,"template":"","meta":[],"product_brand":[],"product_cat":[1034,1033],"product_tag":[1038,1118,1123,1111,4140,4182],"class_list":{"0":"post-55958","1":"product","2":"type-product","3":"status-publish","4":"has-post-thumbnail","6":"product_cat-kunsthaandvaerk-sv","7":"product_cat-kors-og-krucifikser-sv","8":"product_tag-betlehem-sv","9":"product_tag-kors-sv","10":"product_tag-krucifiks-sv","11":"product_tag-kunsthaandvaerk-sv","12":"product_tag-olivtra","13":"product_tag-st-benedict-olive-trakors","15":"first","16":"instock","17":"shipping-taxable","18":"purchasable","19":"product-type-simple"},"yoast_head":"<!-- This site is optimized with the Yoast SEO plugin v24.8.1 - https:\/\/yoast.com\/wordpress\/plugins\/seo\/ -->\n<title>Handgjort Sankt Benedictus-kors i olivtr\u00e4 ( CM 16 \/ 6,30&#039;&#039;) #CR179 - Holy Land Olive Wood - Bethlehem Olive Wood Factory<\/title>\n<meta name=\"description\" content=\"Handgjort Sankt Benedictus-kors i olivtr\u00e4 fr\u00e5n Betlehem. En symbol f\u00f6r skydd och tro, perfekt f\u00f6r personlig h\u00e4ngivenhet eller som en omt\u00e4nksam g\u00e5va.\" \/>\n<meta name=\"robots\" content=\"index, follow, max-snippet:-1, max-image-preview:large, max-video-preview:-1\" \/>\n<link rel=\"canonical\" href=\"https:\/\/old.holyland-olivewood.com\/sv\/product\/handgjort-sankt-benedictus-kors-i-olivtra-cm-16-630-cr179\/\" \/>\n<meta property=\"og:locale\" content=\"sv_SE\" \/>\n<meta property=\"og:type\" content=\"article\" \/>\n<meta property=\"og:title\" content=\"Handgjort Sankt Benedictus-kors i olivtr\u00e4 ( CM 16 \/ 6,30&#039;&#039;) #CR179 - Holy Land Olive Wood - Bethlehem Olive Wood Factory\" \/>\n<meta property=\"og:description\" content=\"Handgjort Sankt Benedictus-kors i olivtr\u00e4 fr\u00e5n Betlehem. En symbol f\u00f6r skydd och tro, perfekt f\u00f6r personlig h\u00e4ngivenhet eller som en omt\u00e4nksam g\u00e5va.\" \/>\n<meta property=\"og:url\" content=\"https:\/\/old.holyland-olivewood.com\/sv\/product\/handgjort-sankt-benedictus-kors-i-olivtra-cm-16-630-cr179\/\" \/>\n<meta property=\"og:site_name\" content=\"Holy Land Olive Wood - Bethlehem Olive Wood Factory\" \/>\n<meta property=\"article:publisher\" content=\"https:\/\/www.facebook.com\/holylandolivewood.bethlehem\/\" \/>\n<meta property=\"og:image\" content=\"https:\/\/old.holyland-olivewood.com\/wp-content\/uploads\/2024\/10\/bethlehem-handcrafted-st-benedict-olive-wood-cross-cr179-1.jpg\" \/>\n\t<meta property=\"og:image:width\" content=\"1550\" \/>\n\t<meta property=\"og:image:height\" content=\"1200\" \/>\n\t<meta property=\"og:image:type\" content=\"image\/jpeg\" \/>\n<meta name=\"twitter:card\" content=\"summary_large_image\" \/>\n<script type=\"application\/ld+json\" class=\"yoast-schema-graph\">{\"@context\":\"https:\/\/schema.org\",\"@graph\":[{\"@type\":\"WebPage\",\"@id\":\"https:\/\/old.holyland-olivewood.com\/sv\/product\/handgjort-sankt-benedictus-kors-i-olivtra-cm-16-630-cr179\/\",\"url\":\"https:\/\/old.holyland-olivewood.com\/sv\/product\/handgjort-sankt-benedictus-kors-i-olivtra-cm-16-630-cr179\/\",\"name\":\"Handgjort Sankt Benedictus-kors i olivtr\u00e4 ( CM 16 \/ 6,30'') #CR179 - Holy Land Olive Wood - Bethlehem Olive Wood Factory\",\"isPartOf\":{\"@id\":\"https:\/\/old.holyland-olivewood.com\/sv\/#website\"},\"primaryImageOfPage\":{\"@id\":\"https:\/\/old.holyland-olivewood.com\/sv\/product\/handgjort-sankt-benedictus-kors-i-olivtra-cm-16-630-cr179\/#primaryimage\"},\"image\":{\"@id\":\"https:\/\/old.holyland-olivewood.com\/sv\/product\/handgjort-sankt-benedictus-kors-i-olivtra-cm-16-630-cr179\/#primaryimage\"},\"thumbnailUrl\":\"https:\/\/old.holyland-olivewood.com\/wp-content\/uploads\/2024\/10\/bethlehem-handcrafted-st-benedict-olive-wood-cross-cr179-1.jpg\",\"datePublished\":\"2024-10-18T13:45:18+00:00\",\"description\":\"Handgjort Sankt Benedictus-kors i olivtr\u00e4 fr\u00e5n Betlehem. En symbol f\u00f6r skydd och tro, perfekt f\u00f6r personlig h\u00e4ngivenhet eller som en omt\u00e4nksam g\u00e5va.\",\"breadcrumb\":{\"@id\":\"https:\/\/old.holyland-olivewood.com\/sv\/product\/handgjort-sankt-benedictus-kors-i-olivtra-cm-16-630-cr179\/#breadcrumb\"},\"inLanguage\":\"sv-SE\",\"potentialAction\":[{\"@type\":\"ReadAction\",\"target\":[\"https:\/\/old.holyland-olivewood.com\/sv\/product\/handgjort-sankt-benedictus-kors-i-olivtra-cm-16-630-cr179\/\"]}]},{\"@type\":\"ImageObject\",\"inLanguage\":\"sv-SE\",\"@id\":\"https:\/\/old.holyland-olivewood.com\/sv\/product\/handgjort-sankt-benedictus-kors-i-olivtra-cm-16-630-cr179\/#primaryimage\",\"url\":\"https:\/\/old.holyland-olivewood.com\/wp-content\/uploads\/2024\/10\/bethlehem-handcrafted-st-benedict-olive-wood-cross-cr179-1.jpg\",\"contentUrl\":\"https:\/\/old.holyland-olivewood.com\/wp-content\/uploads\/2024\/10\/bethlehem-handcrafted-st-benedict-olive-wood-cross-cr179-1.jpg\",\"width\":1550,\"height\":1200},{\"@type\":\"BreadcrumbList\",\"@id\":\"https:\/\/old.holyland-olivewood.com\/sv\/product\/handgjort-sankt-benedictus-kors-i-olivtra-cm-16-630-cr179\/#breadcrumb\",\"itemListElement\":[{\"@type\":\"ListItem\",\"position\":1,\"name\":\"Home\",\"item\":\"https:\/\/old.holyland-olivewood.com\/sv\/\"},{\"@type\":\"ListItem\",\"position\":2,\"name\":\"Butik\",\"item\":\"https:\/\/old.holyland-olivewood.com\/sv\/butik\/\"},{\"@type\":\"ListItem\",\"position\":3,\"name\":\"Handgjort Sankt Benedictus-kors i olivtr\u00e4 ( CM 16 \/ 6,30&#8221;) #CR179\"}]},{\"@type\":\"WebSite\",\"@id\":\"https:\/\/old.holyland-olivewood.com\/sv\/#website\",\"url\":\"https:\/\/old.holyland-olivewood.com\/sv\/\",\"name\":\"Holy Land Olive Wood - Bethlehem Olive Wood Factory\",\"description\":\"Holy Land Olivewood Bethlehem\",\"publisher\":{\"@id\":\"https:\/\/old.holyland-olivewood.com\/sv\/#organization\"},\"potentialAction\":[{\"@type\":\"SearchAction\",\"target\":{\"@type\":\"EntryPoint\",\"urlTemplate\":\"https:\/\/old.holyland-olivewood.com\/sv\/?s={search_term_string}\"},\"query-input\":{\"@type\":\"PropertyValueSpecification\",\"valueRequired\":true,\"valueName\":\"search_term_string\"}}],\"inLanguage\":\"sv-SE\"},{\"@type\":\"Organization\",\"@id\":\"https:\/\/old.holyland-olivewood.com\/sv\/#organization\",\"name\":\"Holy Land Olivewood\",\"url\":\"https:\/\/old.holyland-olivewood.com\/sv\/\",\"logo\":{\"@type\":\"ImageObject\",\"inLanguage\":\"sv-SE\",\"@id\":\"https:\/\/old.holyland-olivewood.com\/sv\/#\/schema\/logo\/image\/\",\"url\":\"\",\"contentUrl\":\"\",\"caption\":\"Holy Land Olivewood\"},\"image\":{\"@id\":\"https:\/\/old.holyland-olivewood.com\/sv\/#\/schema\/logo\/image\/\"},\"sameAs\":[\"https:\/\/www.facebook.com\/holylandolivewood.bethlehem\/\",\"http:\/\/instagram.com\/holy.land.olive.wood\"]}]}<\/script>\n<!-- \/ Yoast SEO plugin. -->","yoast_head_json":{"title":"Handgjort Sankt Benedictus-kors i olivtr\u00e4 ( CM 16 \/ 6,30'') #CR179 - Holy Land Olive Wood - Bethlehem Olive Wood Factory","description":"Handgjort Sankt Benedictus-kors i olivtr\u00e4 fr\u00e5n Betlehem. En symbol f\u00f6r skydd och tro, perfekt f\u00f6r personlig h\u00e4ngivenhet eller som en omt\u00e4nksam g\u00e5va.","robots":{"index":"index","follow":"follow","max-snippet":"max-snippet:-1","max-image-preview":"max-image-preview:large","max-video-preview":"max-video-preview:-1"},"canonical":"https:\/\/old.holyland-olivewood.com\/sv\/product\/handgjort-sankt-benedictus-kors-i-olivtra-cm-16-630-cr179\/","og_locale":"sv_SE","og_type":"article","og_title":"Handgjort Sankt Benedictus-kors i olivtr\u00e4 ( CM 16 \/ 6,30'') #CR179 - Holy Land Olive Wood - Bethlehem Olive Wood Factory","og_description":"Handgjort Sankt Benedictus-kors i olivtr\u00e4 fr\u00e5n Betlehem. En symbol f\u00f6r skydd och tro, perfekt f\u00f6r personlig h\u00e4ngivenhet eller som en omt\u00e4nksam g\u00e5va.","og_url":"https:\/\/old.holyland-olivewood.com\/sv\/product\/handgjort-sankt-benedictus-kors-i-olivtra-cm-16-630-cr179\/","og_site_name":"Holy Land Olive Wood - Bethlehem Olive Wood Factory","article_publisher":"https:\/\/www.facebook.com\/holylandolivewood.bethlehem\/","og_image":[{"width":1550,"height":1200,"url":"https:\/\/old.holyland-olivewood.com\/wp-content\/uploads\/2024\/10\/bethlehem-handcrafted-st-benedict-olive-wood-cross-cr179-1.jpg","type":"image\/jpeg"}],"twitter_card":"summary_large_image","schema":{"@context":"https:\/\/schema.org","@graph":[{"@type":"WebPage","@id":"https:\/\/old.holyland-olivewood.com\/sv\/product\/handgjort-sankt-benedictus-kors-i-olivtra-cm-16-630-cr179\/","url":"https:\/\/old.holyland-olivewood.com\/sv\/product\/handgjort-sankt-benedictus-kors-i-olivtra-cm-16-630-cr179\/","name":"Handgjort Sankt Benedictus-kors i olivtr\u00e4 ( CM 16 \/ 6,30'') #CR179 - Holy Land Olive Wood - Bethlehem Olive Wood Factory","isPartOf":{"@id":"https:\/\/old.holyland-olivewood.com\/sv\/#website"},"primaryImageOfPage":{"@id":"https:\/\/old.holyland-olivewood.com\/sv\/product\/handgjort-sankt-benedictus-kors-i-olivtra-cm-16-630-cr179\/#primaryimage"},"image":{"@id":"https:\/\/old.holyland-olivewood.com\/sv\/product\/handgjort-sankt-benedictus-kors-i-olivtra-cm-16-630-cr179\/#primaryimage"},"thumbnailUrl":"https:\/\/old.holyland-olivewood.com\/wp-content\/uploads\/2024\/10\/bethlehem-handcrafted-st-benedict-olive-wood-cross-cr179-1.jpg","datePublished":"2024-10-18T13:45:18+00:00","description":"Handgjort Sankt Benedictus-kors i olivtr\u00e4 fr\u00e5n Betlehem. En symbol f\u00f6r skydd och tro, perfekt f\u00f6r personlig h\u00e4ngivenhet eller som en omt\u00e4nksam g\u00e5va.","breadcrumb":{"@id":"https:\/\/old.holyland-olivewood.com\/sv\/product\/handgjort-sankt-benedictus-kors-i-olivtra-cm-16-630-cr179\/#breadcrumb"},"inLanguage":"sv-SE","potentialAction":[{"@type":"ReadAction","target":["https:\/\/old.holyland-olivewood.com\/sv\/product\/handgjort-sankt-benedictus-kors-i-olivtra-cm-16-630-cr179\/"]}]},{"@type":"ImageObject","inLanguage":"sv-SE","@id":"https:\/\/old.holyland-olivewood.com\/sv\/product\/handgjort-sankt-benedictus-kors-i-olivtra-cm-16-630-cr179\/#primaryimage","url":"https:\/\/old.holyland-olivewood.com\/wp-content\/uploads\/2024\/10\/bethlehem-handcrafted-st-benedict-olive-wood-cross-cr179-1.jpg","contentUrl":"https:\/\/old.holyland-olivewood.com\/wp-content\/uploads\/2024\/10\/bethlehem-handcrafted-st-benedict-olive-wood-cross-cr179-1.jpg","width":1550,"height":1200},{"@type":"BreadcrumbList","@id":"https:\/\/old.holyland-olivewood.com\/sv\/product\/handgjort-sankt-benedictus-kors-i-olivtra-cm-16-630-cr179\/#breadcrumb","itemListElement":[{"@type":"ListItem","position":1,"name":"Home","item":"https:\/\/old.holyland-olivewood.com\/sv\/"},{"@type":"ListItem","position":2,"name":"Butik","item":"https:\/\/old.holyland-olivewood.com\/sv\/butik\/"},{"@type":"ListItem","position":3,"name":"Handgjort Sankt Benedictus-kors i olivtr\u00e4 ( CM 16 \/ 6,30&#8221;) #CR179"}]},{"@type":"WebSite","@id":"https:\/\/old.holyland-olivewood.com\/sv\/#website","url":"https:\/\/old.holyland-olivewood.com\/sv\/","name":"Holy Land Olive Wood - Bethlehem Olive Wood Factory","description":"Holy Land Olivewood Bethlehem","publisher":{"@id":"https:\/\/old.holyland-olivewood.com\/sv\/#organization"},"potentialAction":[{"@type":"SearchAction","target":{"@type":"EntryPoint","urlTemplate":"https:\/\/old.holyland-olivewood.com\/sv\/?s={search_term_string}"},"query-input":{"@type":"PropertyValueSpecification","valueRequired":true,"valueName":"search_term_string"}}],"inLanguage":"sv-SE"},{"@type":"Organization","@id":"https:\/\/old.holyland-olivewood.com\/sv\/#organization","name":"Holy Land Olivewood","url":"https:\/\/old.holyland-olivewood.com\/sv\/","logo":{"@type":"ImageObject","inLanguage":"sv-SE","@id":"https:\/\/old.holyland-olivewood.com\/sv\/#\/schema\/logo\/image\/","url":"","contentUrl":"","caption":"Holy Land Olivewood"},"image":{"@id":"https:\/\/old.holyland-olivewood.com\/sv\/#\/schema\/logo\/image\/"},"sameAs":["https:\/\/www.facebook.com\/holylandolivewood.bethlehem\/","http:\/\/instagram.com\/holy.land.olive.wood"]}]}},"_links":{"self":[{"href":"https:\/\/old.holyland-olivewood.com\/sv\/wp-json\/wp\/v2\/product\/55958","targetHints":{"allow":["GET"]}}],"collection":[{"href":"https:\/\/old.holyland-olivewood.com\/sv\/wp-json\/wp\/v2\/product"}],"about":[{"href":"https:\/\/old.holyland-olivewood.com\/sv\/wp-json\/wp\/v2\/types\/product"}],"wp:featuredmedia":[{"embeddable":true,"href":"https:\/\/old.holyland-olivewood.com\/sv\/wp-json\/wp\/v2\/media\/55959"}],"wp:attachment":[{"href":"https:\/\/old.holyland-olivewood.com\/sv\/wp-json\/wp\/v2\/media?parent=55958"}],"wp:term":[{"taxonomy":"product_brand","embeddable":true,"href":"https:\/\/old.holyland-olivewood.com\/sv\/wp-json\/wp\/v2\/product_brand?post=55958"},{"taxonomy":"product_cat","embeddable":true,"href":"https:\/\/old.holyland-olivewood.com\/sv\/wp-json\/wp\/v2\/product_cat?post=55958"},{"taxonomy":"product_tag","embeddable":true,"href":"https:\/\/old.holyland-olivewood.com\/sv\/wp-json\/wp\/v2\/product_tag?post=55958"}],"curies":[{"name":"wp","href":"https:\/\/api.w.org\/{rel}","templated":true}]}}