{"id":54866,"date":"2024-03-14T20:29:49","date_gmt":"2024-03-14T20:40:39","guid":{"rendered":"https:\/\/old.holyland-olivewood.com\/product\/10-mm-runda-parlor-i-olivtra-125-parlor-b157\/"},"modified":"2024-03-14T20:40:39","modified_gmt":"2024-03-14T20:40:39","slug":"10-mm-runda-parlor-i-olivtra-125-parlor-b157","status":"publish","type":"product","link":"https:\/\/old.holyland-olivewood.com\/sv\/product\/10-mm-runda-parlor-i-olivtra-125-parlor-b157\/","title":{"rendered":"10 mm runda p\u00e4rlor i olivtr\u00e4 (125 p\u00e4rlor) #B157"},"content":{"rendered":"","protected":false},"excerpt":{"rendered":"<p>Dessa h\u00f6gkvalitativa radbandsp\u00e4rlor i olivtr\u00e4 \u00e4r handgjorda i det Heliga landet av h\u00e5llbart sk\u00f6rdat, \u00e4kta Betlehem-olivtr\u00e4. Alla p\u00e4rlor reng\u00f6rs, torkas och inspekteras f\u00f6r f\u00e4rg och korn, fria fr\u00e5n defekter och sprickor. Dessa olivtr\u00e4p\u00e4rlor \u00e4r perfekta f\u00f6r tillverkning av radband och alla andra typer av smycken. Olivtr\u00e4 \u00e4r mycket h\u00e5rt, motst\u00e5ndskraftigt och vackert. Den vackra kontrasten mellan blont och brunt i de lockiga fibrerna, tillsammans med dess h\u00e5llbarhet, g\u00f6r olivtr\u00e4 s\u00e4rskilt idealiskt f\u00f6r radbandsp\u00e4rlor.<br \/>\nVi kan ocks\u00e5 f\u00f6rse dig med h\u00f6gkvalitativa rosenkransdelar som mittstycken och krucifix.<\/p>\n<p>Denna artikel inneh\u00e5ller ett \u00e4kthetscertifikat som verifierar de material och tekniker som anv\u00e4nds f\u00f6r att tillverka denna produkt.<\/p>\n<p>Storlek: ( 10 mm )<\/p>\n","protected":false},"featured_media":30750,"template":"","meta":[],"product_brand":[],"product_cat":[1780,2234],"product_tag":[2243,1038,2241,2247,1135,1098,1209,1089,1107,2244,1080,1085,4084,1081,1094,1154,1130,1118,1114,1111,2246,1138,1056,1066,1155,2238,2236,1091,1044,2239,2240,2242,1061,1069,1785],"class_list":{"0":"post-54866","1":"product","2":"type-product","3":"status-publish","4":"has-post-thumbnail","6":"product_cat-diverse-sv","7":"product_cat-parlor-radband-hardvara","8":"product_tag-barn-sv","9":"product_tag-betlehem-sv","10":"product_tag-bindgarn","11":"product_tag-centerpieces-sv","12":"product_tag-foedselskirken-sv","13":"product_tag-gav","14":"product_tag-gavor","15":"product_tag-haandlavet-sv","16":"product_tag-haandvaerk-sv-2","17":"product_tag-hardvara","18":"product_tag-hellig-sv","19":"product_tag-jerusalem-sv","20":"product_tag-jesus-sv-3","21":"product_tag-jord-sv","22":"product_tag-jul-sv","23":"product_tag-katolsk-sv-2","24":"product_tag-kirke-sv","25":"product_tag-kors-sv","26":"product_tag-kristen-sv","27":"product_tag-kunsthaandvaerk-sv","28":"product_tag-mittpunkten-sv","29":"product_tag-mor-sv","30":"product_tag-oliven-sv","31":"product_tag-oliventrae-sv-2","32":"product_tag-ortodoks-sv","33":"product_tag-oval-sv-2","34":"product_tag-parlor","35":"product_tag-rosenkrans-sv","36":"product_tag-rosenkranse-sv","37":"product_tag-rund-sv","38":"product_tag-snidade","39":"product_tag-snore","40":"product_tag-trae-sv-2","41":"product_tag-udskaering-sv","42":"product_tag-vatten","44":"first","45":"instock","46":"shipping-taxable","47":"purchasable","48":"product-type-simple"},"yoast_head":"<!-- This site is optimized with the Yoast SEO plugin v24.8.1 - https:\/\/yoast.com\/wordpress\/plugins\/seo\/ -->\n<title>10 mm runda p\u00e4rlor i olivtr\u00e4 (125 p\u00e4rlor) #B157 - Holy Land Olive Wood - Bethlehem Olive Wood Factory<\/title>\n<meta name=\"description\" content=\"Betlehemshantverk i olivtr\u00e4 (ierosaries, ovala, snidade, runda, p\u00e4rlor) sniderier, centerpieces och r\u00e5material i standardm\u00e5tt och specialm\u00e5tt.\" \/>\n<meta name=\"robots\" content=\"index, follow, max-snippet:-1, max-image-preview:large, max-video-preview:-1\" \/>\n<link rel=\"canonical\" href=\"https:\/\/old.holyland-olivewood.com\/sv\/product\/10-mm-runda-parlor-i-olivtra-125-parlor-b157\/\" \/>\n<meta property=\"og:locale\" content=\"sv_SE\" \/>\n<meta property=\"og:type\" content=\"article\" \/>\n<meta property=\"og:title\" content=\"10 mm runda p\u00e4rlor i olivtr\u00e4 (125 p\u00e4rlor) #B157 - Holy Land Olive Wood - Bethlehem Olive Wood Factory\" \/>\n<meta property=\"og:description\" content=\"Betlehemshantverk i olivtr\u00e4 (ierosaries, ovala, snidade, runda, p\u00e4rlor) sniderier, centerpieces och r\u00e5material i standardm\u00e5tt och specialm\u00e5tt.\" \/>\n<meta property=\"og:url\" content=\"https:\/\/old.holyland-olivewood.com\/sv\/product\/10-mm-runda-parlor-i-olivtra-125-parlor-b157\/\" \/>\n<meta property=\"og:site_name\" content=\"Holy Land Olive Wood - Bethlehem Olive Wood Factory\" \/>\n<meta property=\"article:publisher\" content=\"https:\/\/www.facebook.com\/holylandolivewood.bethlehem\/\" \/>\n<meta property=\"og:image\" content=\"https:\/\/old.holyland-olivewood.com\/wp-content\/uploads\/2016\/05\/k.jpg\" \/>\n\t<meta property=\"og:image:width\" content=\"1550\" \/>\n\t<meta property=\"og:image:height\" content=\"1200\" \/>\n\t<meta property=\"og:image:type\" content=\"image\/jpeg\" \/>\n<meta name=\"twitter:card\" content=\"summary_large_image\" \/>\n<script type=\"application\/ld+json\" class=\"yoast-schema-graph\">{\"@context\":\"https:\/\/schema.org\",\"@graph\":[{\"@type\":\"WebPage\",\"@id\":\"https:\/\/old.holyland-olivewood.com\/sv\/product\/10-mm-runda-parlor-i-olivtra-125-parlor-b157\/\",\"url\":\"https:\/\/old.holyland-olivewood.com\/sv\/product\/10-mm-runda-parlor-i-olivtra-125-parlor-b157\/\",\"name\":\"10 mm runda p\u00e4rlor i olivtr\u00e4 (125 p\u00e4rlor) #B157 - Holy Land Olive Wood - Bethlehem Olive Wood Factory\",\"isPartOf\":{\"@id\":\"https:\/\/old.holyland-olivewood.com\/sv\/#website\"},\"primaryImageOfPage\":{\"@id\":\"https:\/\/old.holyland-olivewood.com\/sv\/product\/10-mm-runda-parlor-i-olivtra-125-parlor-b157\/#primaryimage\"},\"image\":{\"@id\":\"https:\/\/old.holyland-olivewood.com\/sv\/product\/10-mm-runda-parlor-i-olivtra-125-parlor-b157\/#primaryimage\"},\"thumbnailUrl\":\"https:\/\/old.holyland-olivewood.com\/wp-content\/uploads\/2016\/05\/k.jpg\",\"datePublished\":\"2024-03-14T20:40:39+00:00\",\"description\":\"Betlehemshantverk i olivtr\u00e4 (ierosaries, ovala, snidade, runda, p\u00e4rlor) sniderier, centerpieces och r\u00e5material i standardm\u00e5tt och specialm\u00e5tt.\",\"breadcrumb\":{\"@id\":\"https:\/\/old.holyland-olivewood.com\/sv\/product\/10-mm-runda-parlor-i-olivtra-125-parlor-b157\/#breadcrumb\"},\"inLanguage\":\"sv-SE\",\"potentialAction\":[{\"@type\":\"ReadAction\",\"target\":[\"https:\/\/old.holyland-olivewood.com\/sv\/product\/10-mm-runda-parlor-i-olivtra-125-parlor-b157\/\"]}]},{\"@type\":\"ImageObject\",\"inLanguage\":\"sv-SE\",\"@id\":\"https:\/\/old.holyland-olivewood.com\/sv\/product\/10-mm-runda-parlor-i-olivtra-125-parlor-b157\/#primaryimage\",\"url\":\"https:\/\/old.holyland-olivewood.com\/wp-content\/uploads\/2016\/05\/k.jpg\",\"contentUrl\":\"https:\/\/old.holyland-olivewood.com\/wp-content\/uploads\/2016\/05\/k.jpg\",\"width\":1550,\"height\":1200},{\"@type\":\"BreadcrumbList\",\"@id\":\"https:\/\/old.holyland-olivewood.com\/sv\/product\/10-mm-runda-parlor-i-olivtra-125-parlor-b157\/#breadcrumb\",\"itemListElement\":[{\"@type\":\"ListItem\",\"position\":1,\"name\":\"Home\",\"item\":\"https:\/\/old.holyland-olivewood.com\/sv\/\"},{\"@type\":\"ListItem\",\"position\":2,\"name\":\"Butik\",\"item\":\"https:\/\/old.holyland-olivewood.com\/sv\/butik\/\"},{\"@type\":\"ListItem\",\"position\":3,\"name\":\"10 mm runda p\u00e4rlor i olivtr\u00e4 (125 p\u00e4rlor) #B157\"}]},{\"@type\":\"WebSite\",\"@id\":\"https:\/\/old.holyland-olivewood.com\/sv\/#website\",\"url\":\"https:\/\/old.holyland-olivewood.com\/sv\/\",\"name\":\"Holy Land Olive Wood - Bethlehem Olive Wood Factory\",\"description\":\"Holy Land Olivewood Bethlehem\",\"publisher\":{\"@id\":\"https:\/\/old.holyland-olivewood.com\/sv\/#organization\"},\"potentialAction\":[{\"@type\":\"SearchAction\",\"target\":{\"@type\":\"EntryPoint\",\"urlTemplate\":\"https:\/\/old.holyland-olivewood.com\/sv\/?s={search_term_string}\"},\"query-input\":{\"@type\":\"PropertyValueSpecification\",\"valueRequired\":true,\"valueName\":\"search_term_string\"}}],\"inLanguage\":\"sv-SE\"},{\"@type\":\"Organization\",\"@id\":\"https:\/\/old.holyland-olivewood.com\/sv\/#organization\",\"name\":\"Holy Land Olivewood\",\"url\":\"https:\/\/old.holyland-olivewood.com\/sv\/\",\"logo\":{\"@type\":\"ImageObject\",\"inLanguage\":\"sv-SE\",\"@id\":\"https:\/\/old.holyland-olivewood.com\/sv\/#\/schema\/logo\/image\/\",\"url\":\"\",\"contentUrl\":\"\",\"caption\":\"Holy Land Olivewood\"},\"image\":{\"@id\":\"https:\/\/old.holyland-olivewood.com\/sv\/#\/schema\/logo\/image\/\"},\"sameAs\":[\"https:\/\/www.facebook.com\/holylandolivewood.bethlehem\/\",\"http:\/\/instagram.com\/holy.land.olive.wood\"]}]}<\/script>\n<!-- \/ Yoast SEO plugin. -->","yoast_head_json":{"title":"10 mm runda p\u00e4rlor i olivtr\u00e4 (125 p\u00e4rlor) #B157 - Holy Land Olive Wood - Bethlehem Olive Wood Factory","description":"Betlehemshantverk i olivtr\u00e4 (ierosaries, ovala, snidade, runda, p\u00e4rlor) sniderier, centerpieces och r\u00e5material i standardm\u00e5tt och specialm\u00e5tt.","robots":{"index":"index","follow":"follow","max-snippet":"max-snippet:-1","max-image-preview":"max-image-preview:large","max-video-preview":"max-video-preview:-1"},"canonical":"https:\/\/old.holyland-olivewood.com\/sv\/product\/10-mm-runda-parlor-i-olivtra-125-parlor-b157\/","og_locale":"sv_SE","og_type":"article","og_title":"10 mm runda p\u00e4rlor i olivtr\u00e4 (125 p\u00e4rlor) #B157 - Holy Land Olive Wood - Bethlehem Olive Wood Factory","og_description":"Betlehemshantverk i olivtr\u00e4 (ierosaries, ovala, snidade, runda, p\u00e4rlor) sniderier, centerpieces och r\u00e5material i standardm\u00e5tt och specialm\u00e5tt.","og_url":"https:\/\/old.holyland-olivewood.com\/sv\/product\/10-mm-runda-parlor-i-olivtra-125-parlor-b157\/","og_site_name":"Holy Land Olive Wood - Bethlehem Olive Wood Factory","article_publisher":"https:\/\/www.facebook.com\/holylandolivewood.bethlehem\/","og_image":[{"width":1550,"height":1200,"url":"https:\/\/old.holyland-olivewood.com\/wp-content\/uploads\/2016\/05\/k.jpg","type":"image\/jpeg"}],"twitter_card":"summary_large_image","schema":{"@context":"https:\/\/schema.org","@graph":[{"@type":"WebPage","@id":"https:\/\/old.holyland-olivewood.com\/sv\/product\/10-mm-runda-parlor-i-olivtra-125-parlor-b157\/","url":"https:\/\/old.holyland-olivewood.com\/sv\/product\/10-mm-runda-parlor-i-olivtra-125-parlor-b157\/","name":"10 mm runda p\u00e4rlor i olivtr\u00e4 (125 p\u00e4rlor) #B157 - Holy Land Olive Wood - Bethlehem Olive Wood Factory","isPartOf":{"@id":"https:\/\/old.holyland-olivewood.com\/sv\/#website"},"primaryImageOfPage":{"@id":"https:\/\/old.holyland-olivewood.com\/sv\/product\/10-mm-runda-parlor-i-olivtra-125-parlor-b157\/#primaryimage"},"image":{"@id":"https:\/\/old.holyland-olivewood.com\/sv\/product\/10-mm-runda-parlor-i-olivtra-125-parlor-b157\/#primaryimage"},"thumbnailUrl":"https:\/\/old.holyland-olivewood.com\/wp-content\/uploads\/2016\/05\/k.jpg","datePublished":"2024-03-14T20:40:39+00:00","description":"Betlehemshantverk i olivtr\u00e4 (ierosaries, ovala, snidade, runda, p\u00e4rlor) sniderier, centerpieces och r\u00e5material i standardm\u00e5tt och specialm\u00e5tt.","breadcrumb":{"@id":"https:\/\/old.holyland-olivewood.com\/sv\/product\/10-mm-runda-parlor-i-olivtra-125-parlor-b157\/#breadcrumb"},"inLanguage":"sv-SE","potentialAction":[{"@type":"ReadAction","target":["https:\/\/old.holyland-olivewood.com\/sv\/product\/10-mm-runda-parlor-i-olivtra-125-parlor-b157\/"]}]},{"@type":"ImageObject","inLanguage":"sv-SE","@id":"https:\/\/old.holyland-olivewood.com\/sv\/product\/10-mm-runda-parlor-i-olivtra-125-parlor-b157\/#primaryimage","url":"https:\/\/old.holyland-olivewood.com\/wp-content\/uploads\/2016\/05\/k.jpg","contentUrl":"https:\/\/old.holyland-olivewood.com\/wp-content\/uploads\/2016\/05\/k.jpg","width":1550,"height":1200},{"@type":"BreadcrumbList","@id":"https:\/\/old.holyland-olivewood.com\/sv\/product\/10-mm-runda-parlor-i-olivtra-125-parlor-b157\/#breadcrumb","itemListElement":[{"@type":"ListItem","position":1,"name":"Home","item":"https:\/\/old.holyland-olivewood.com\/sv\/"},{"@type":"ListItem","position":2,"name":"Butik","item":"https:\/\/old.holyland-olivewood.com\/sv\/butik\/"},{"@type":"ListItem","position":3,"name":"10 mm runda p\u00e4rlor i olivtr\u00e4 (125 p\u00e4rlor) #B157"}]},{"@type":"WebSite","@id":"https:\/\/old.holyland-olivewood.com\/sv\/#website","url":"https:\/\/old.holyland-olivewood.com\/sv\/","name":"Holy Land Olive Wood - Bethlehem Olive Wood Factory","description":"Holy Land Olivewood Bethlehem","publisher":{"@id":"https:\/\/old.holyland-olivewood.com\/sv\/#organization"},"potentialAction":[{"@type":"SearchAction","target":{"@type":"EntryPoint","urlTemplate":"https:\/\/old.holyland-olivewood.com\/sv\/?s={search_term_string}"},"query-input":{"@type":"PropertyValueSpecification","valueRequired":true,"valueName":"search_term_string"}}],"inLanguage":"sv-SE"},{"@type":"Organization","@id":"https:\/\/old.holyland-olivewood.com\/sv\/#organization","name":"Holy Land Olivewood","url":"https:\/\/old.holyland-olivewood.com\/sv\/","logo":{"@type":"ImageObject","inLanguage":"sv-SE","@id":"https:\/\/old.holyland-olivewood.com\/sv\/#\/schema\/logo\/image\/","url":"","contentUrl":"","caption":"Holy Land Olivewood"},"image":{"@id":"https:\/\/old.holyland-olivewood.com\/sv\/#\/schema\/logo\/image\/"},"sameAs":["https:\/\/www.facebook.com\/holylandolivewood.bethlehem\/","http:\/\/instagram.com\/holy.land.olive.wood"]}]}},"_links":{"self":[{"href":"https:\/\/old.holyland-olivewood.com\/sv\/wp-json\/wp\/v2\/product\/54866","targetHints":{"allow":["GET"]}}],"collection":[{"href":"https:\/\/old.holyland-olivewood.com\/sv\/wp-json\/wp\/v2\/product"}],"about":[{"href":"https:\/\/old.holyland-olivewood.com\/sv\/wp-json\/wp\/v2\/types\/product"}],"wp:featuredmedia":[{"embeddable":true,"href":"https:\/\/old.holyland-olivewood.com\/sv\/wp-json\/wp\/v2\/media\/30750"}],"wp:attachment":[{"href":"https:\/\/old.holyland-olivewood.com\/sv\/wp-json\/wp\/v2\/media?parent=54866"}],"wp:term":[{"taxonomy":"product_brand","embeddable":true,"href":"https:\/\/old.holyland-olivewood.com\/sv\/wp-json\/wp\/v2\/product_brand?post=54866"},{"taxonomy":"product_cat","embeddable":true,"href":"https:\/\/old.holyland-olivewood.com\/sv\/wp-json\/wp\/v2\/product_cat?post=54866"},{"taxonomy":"product_tag","embeddable":true,"href":"https:\/\/old.holyland-olivewood.com\/sv\/wp-json\/wp\/v2\/product_tag?post=54866"}],"curies":[{"name":"wp","href":"https:\/\/api.w.org\/{rel}","templated":true}]}}