{"id":53894,"date":"2023-06-25T04:36:53","date_gmt":"2023-06-25T18:24:07","guid":{"rendered":"https:\/\/old.holyland-olivewood.com\/product\/betlehem-handicrafts-handsnidad-staty-av-sankt-mikael-i-olivtra-fi123\/"},"modified":"2023-06-25T18:24:07","modified_gmt":"2023-06-25T18:24:07","slug":"bethlehem-handicrafts-hand-carved-olive-wood-staty-av-saint-michael-fi123","status":"publish","type":"product","link":"https:\/\/old.holyland-olivewood.com\/sv\/product\/bethlehem-handicrafts-hand-carved-olive-wood-staty-av-saint-michael-fi123\/","title":{"rendered":"Betlehem Handicrafts handsnidad staty av Sankt Mikael i olivtr\u00e4 #FI123"},"content":{"rendered":"","protected":false},"excerpt":{"rendered":"<p>Denna vackra Sankt Mikael \u00e4r handsnidad i det Heliga landet av h\u00e5llbart sk\u00f6rdat, \u00e4kta Betlehem-olivtr\u00e4. Denna vackra staty av Sankt Mikael \u00e4r handgjord av olivtr\u00e4 fr\u00e5n ett tr\u00e4d som har vuxit i det Heliga landet i hundratals \u00e5r. Ett meningsfullt f\u00f6rem\u00e5l eftersom det kommer direkt fr\u00e5n det heliga landet.<\/p>\n<p>Denna artikel inneh\u00e5ller ett \u00e4kthetscertifikat som verifierar de material och tekniker som anv\u00e4nds f\u00f6r att tillverka denna produkt.<\/p>\n<p>Storlek: 17 cm x 26 cm x 40 cm (6,75&#8243; x 10,25&#8243; x 15,75&#8243;)<\/p>\n","protected":false},"featured_media":53895,"template":"","meta":[],"product_brand":[],"product_cat":[1034,2037],"product_tag":[],"class_list":{"0":"post-53894","1":"product","2":"type-product","3":"status-publish","4":"has-post-thumbnail","6":"product_cat-kunsthaandvaerk-sv","7":"product_cat-figurer-sv","9":"first","10":"instock","11":"shipping-taxable","12":"purchasable","13":"product-type-simple"},"yoast_head":"<!-- This site is optimized with the Yoast SEO plugin v24.8.1 - https:\/\/yoast.com\/wordpress\/plugins\/seo\/ -->\n<title>Betlehem Handicrafts handsnidad staty av Sankt Mikael i olivtr\u00e4 #FI123 - Holy Land Olive Wood - Bethlehem Olive Wood Factory<\/title>\n<meta name=\"description\" content=\"Tr\u00e4snideri Staty av Sankt Mikael Betlehem Hantverksprodukter i olivtr\u00e4 (t.ex. figurer, julkrubba, statyer, skulpturer)\" \/>\n<meta name=\"robots\" content=\"index, follow, max-snippet:-1, max-image-preview:large, max-video-preview:-1\" \/>\n<link rel=\"canonical\" href=\"https:\/\/old.holyland-olivewood.com\/sv\/product\/bethlehem-handicrafts-hand-carved-olive-wood-staty-av-saint-michael-fi123\/\" \/>\n<meta property=\"og:locale\" content=\"sv_SE\" \/>\n<meta property=\"og:type\" content=\"article\" \/>\n<meta property=\"og:title\" content=\"Betlehem Handicrafts handsnidad staty av Sankt Mikael i olivtr\u00e4 #FI123 - Holy Land Olive Wood - Bethlehem Olive Wood Factory\" \/>\n<meta property=\"og:description\" content=\"Tr\u00e4snideri Staty av Sankt Mikael Betlehem Hantverksprodukter i olivtr\u00e4 (t.ex. figurer, julkrubba, statyer, skulpturer)\" \/>\n<meta property=\"og:url\" content=\"https:\/\/old.holyland-olivewood.com\/sv\/product\/bethlehem-handicrafts-hand-carved-olive-wood-staty-av-saint-michael-fi123\/\" \/>\n<meta property=\"og:site_name\" content=\"Holy Land Olive Wood - Bethlehem Olive Wood Factory\" \/>\n<meta property=\"article:publisher\" content=\"https:\/\/www.facebook.com\/holylandolivewood.bethlehem\/\" \/>\n<meta property=\"og:image\" content=\"https:\/\/old.holyland-olivewood.com\/wp-content\/uploads\/2023\/06\/st_michael_holy_land_olive_wood_bethlehem_fi123-1.jpg\" \/>\n\t<meta property=\"og:image:width\" content=\"1550\" \/>\n\t<meta property=\"og:image:height\" content=\"1200\" \/>\n\t<meta property=\"og:image:type\" content=\"image\/jpeg\" \/>\n<meta name=\"twitter:card\" content=\"summary_large_image\" \/>\n<script type=\"application\/ld+json\" class=\"yoast-schema-graph\">{\"@context\":\"https:\/\/schema.org\",\"@graph\":[{\"@type\":\"WebPage\",\"@id\":\"https:\/\/old.holyland-olivewood.com\/sv\/product\/bethlehem-handicrafts-hand-carved-olive-wood-staty-av-saint-michael-fi123\/\",\"url\":\"https:\/\/old.holyland-olivewood.com\/sv\/product\/bethlehem-handicrafts-hand-carved-olive-wood-staty-av-saint-michael-fi123\/\",\"name\":\"Betlehem Handicrafts handsnidad staty av Sankt Mikael i olivtr\u00e4 #FI123 - Holy Land Olive Wood - Bethlehem Olive Wood Factory\",\"isPartOf\":{\"@id\":\"https:\/\/old.holyland-olivewood.com\/sv\/#website\"},\"primaryImageOfPage\":{\"@id\":\"https:\/\/old.holyland-olivewood.com\/sv\/product\/bethlehem-handicrafts-hand-carved-olive-wood-staty-av-saint-michael-fi123\/#primaryimage\"},\"image\":{\"@id\":\"https:\/\/old.holyland-olivewood.com\/sv\/product\/bethlehem-handicrafts-hand-carved-olive-wood-staty-av-saint-michael-fi123\/#primaryimage\"},\"thumbnailUrl\":\"https:\/\/old.holyland-olivewood.com\/wp-content\/uploads\/2023\/06\/st_michael_holy_land_olive_wood_bethlehem_fi123-1.jpg\",\"datePublished\":\"2023-06-25T18:24:07+00:00\",\"description\":\"Tr\u00e4snideri Staty av Sankt Mikael Betlehem Hantverksprodukter i olivtr\u00e4 (t.ex. figurer, julkrubba, statyer, skulpturer)\",\"breadcrumb\":{\"@id\":\"https:\/\/old.holyland-olivewood.com\/sv\/product\/bethlehem-handicrafts-hand-carved-olive-wood-staty-av-saint-michael-fi123\/#breadcrumb\"},\"inLanguage\":\"sv-SE\",\"potentialAction\":[{\"@type\":\"ReadAction\",\"target\":[\"https:\/\/old.holyland-olivewood.com\/sv\/product\/bethlehem-handicrafts-hand-carved-olive-wood-staty-av-saint-michael-fi123\/\"]}]},{\"@type\":\"ImageObject\",\"inLanguage\":\"sv-SE\",\"@id\":\"https:\/\/old.holyland-olivewood.com\/sv\/product\/bethlehem-handicrafts-hand-carved-olive-wood-staty-av-saint-michael-fi123\/#primaryimage\",\"url\":\"https:\/\/old.holyland-olivewood.com\/wp-content\/uploads\/2023\/06\/st_michael_holy_land_olive_wood_bethlehem_fi123-1.jpg\",\"contentUrl\":\"https:\/\/old.holyland-olivewood.com\/wp-content\/uploads\/2023\/06\/st_michael_holy_land_olive_wood_bethlehem_fi123-1.jpg\",\"width\":1550,\"height\":1200},{\"@type\":\"BreadcrumbList\",\"@id\":\"https:\/\/old.holyland-olivewood.com\/sv\/product\/bethlehem-handicrafts-hand-carved-olive-wood-staty-av-saint-michael-fi123\/#breadcrumb\",\"itemListElement\":[{\"@type\":\"ListItem\",\"position\":1,\"name\":\"Home\",\"item\":\"https:\/\/old.holyland-olivewood.com\/sv\/\"},{\"@type\":\"ListItem\",\"position\":2,\"name\":\"Butik\",\"item\":\"https:\/\/old.holyland-olivewood.com\/sv\/butik\/\"},{\"@type\":\"ListItem\",\"position\":3,\"name\":\"Betlehem Handicrafts handsnidad staty av Sankt Mikael i olivtr\u00e4 #FI123\"}]},{\"@type\":\"WebSite\",\"@id\":\"https:\/\/old.holyland-olivewood.com\/sv\/#website\",\"url\":\"https:\/\/old.holyland-olivewood.com\/sv\/\",\"name\":\"Holy Land Olive Wood - Bethlehem Olive Wood Factory\",\"description\":\"Holy Land Olivewood Bethlehem\",\"publisher\":{\"@id\":\"https:\/\/old.holyland-olivewood.com\/sv\/#organization\"},\"potentialAction\":[{\"@type\":\"SearchAction\",\"target\":{\"@type\":\"EntryPoint\",\"urlTemplate\":\"https:\/\/old.holyland-olivewood.com\/sv\/?s={search_term_string}\"},\"query-input\":{\"@type\":\"PropertyValueSpecification\",\"valueRequired\":true,\"valueName\":\"search_term_string\"}}],\"inLanguage\":\"sv-SE\"},{\"@type\":\"Organization\",\"@id\":\"https:\/\/old.holyland-olivewood.com\/sv\/#organization\",\"name\":\"Holy Land Olivewood\",\"url\":\"https:\/\/old.holyland-olivewood.com\/sv\/\",\"logo\":{\"@type\":\"ImageObject\",\"inLanguage\":\"sv-SE\",\"@id\":\"https:\/\/old.holyland-olivewood.com\/sv\/#\/schema\/logo\/image\/\",\"url\":\"\",\"contentUrl\":\"\",\"caption\":\"Holy Land Olivewood\"},\"image\":{\"@id\":\"https:\/\/old.holyland-olivewood.com\/sv\/#\/schema\/logo\/image\/\"},\"sameAs\":[\"https:\/\/www.facebook.com\/holylandolivewood.bethlehem\/\",\"http:\/\/instagram.com\/holy.land.olive.wood\"]}]}<\/script>\n<!-- \/ Yoast SEO plugin. -->","yoast_head_json":{"title":"Betlehem Handicrafts handsnidad staty av Sankt Mikael i olivtr\u00e4 #FI123 - Holy Land Olive Wood - Bethlehem Olive Wood Factory","description":"Tr\u00e4snideri Staty av Sankt Mikael Betlehem Hantverksprodukter i olivtr\u00e4 (t.ex. figurer, julkrubba, statyer, skulpturer)","robots":{"index":"index","follow":"follow","max-snippet":"max-snippet:-1","max-image-preview":"max-image-preview:large","max-video-preview":"max-video-preview:-1"},"canonical":"https:\/\/old.holyland-olivewood.com\/sv\/product\/bethlehem-handicrafts-hand-carved-olive-wood-staty-av-saint-michael-fi123\/","og_locale":"sv_SE","og_type":"article","og_title":"Betlehem Handicrafts handsnidad staty av Sankt Mikael i olivtr\u00e4 #FI123 - Holy Land Olive Wood - Bethlehem Olive Wood Factory","og_description":"Tr\u00e4snideri Staty av Sankt Mikael Betlehem Hantverksprodukter i olivtr\u00e4 (t.ex. figurer, julkrubba, statyer, skulpturer)","og_url":"https:\/\/old.holyland-olivewood.com\/sv\/product\/bethlehem-handicrafts-hand-carved-olive-wood-staty-av-saint-michael-fi123\/","og_site_name":"Holy Land Olive Wood - Bethlehem Olive Wood Factory","article_publisher":"https:\/\/www.facebook.com\/holylandolivewood.bethlehem\/","og_image":[{"width":1550,"height":1200,"url":"https:\/\/old.holyland-olivewood.com\/wp-content\/uploads\/2023\/06\/st_michael_holy_land_olive_wood_bethlehem_fi123-1.jpg","type":"image\/jpeg"}],"twitter_card":"summary_large_image","schema":{"@context":"https:\/\/schema.org","@graph":[{"@type":"WebPage","@id":"https:\/\/old.holyland-olivewood.com\/sv\/product\/bethlehem-handicrafts-hand-carved-olive-wood-staty-av-saint-michael-fi123\/","url":"https:\/\/old.holyland-olivewood.com\/sv\/product\/bethlehem-handicrafts-hand-carved-olive-wood-staty-av-saint-michael-fi123\/","name":"Betlehem Handicrafts handsnidad staty av Sankt Mikael i olivtr\u00e4 #FI123 - Holy Land Olive Wood - Bethlehem Olive Wood Factory","isPartOf":{"@id":"https:\/\/old.holyland-olivewood.com\/sv\/#website"},"primaryImageOfPage":{"@id":"https:\/\/old.holyland-olivewood.com\/sv\/product\/bethlehem-handicrafts-hand-carved-olive-wood-staty-av-saint-michael-fi123\/#primaryimage"},"image":{"@id":"https:\/\/old.holyland-olivewood.com\/sv\/product\/bethlehem-handicrafts-hand-carved-olive-wood-staty-av-saint-michael-fi123\/#primaryimage"},"thumbnailUrl":"https:\/\/old.holyland-olivewood.com\/wp-content\/uploads\/2023\/06\/st_michael_holy_land_olive_wood_bethlehem_fi123-1.jpg","datePublished":"2023-06-25T18:24:07+00:00","description":"Tr\u00e4snideri Staty av Sankt Mikael Betlehem Hantverksprodukter i olivtr\u00e4 (t.ex. figurer, julkrubba, statyer, skulpturer)","breadcrumb":{"@id":"https:\/\/old.holyland-olivewood.com\/sv\/product\/bethlehem-handicrafts-hand-carved-olive-wood-staty-av-saint-michael-fi123\/#breadcrumb"},"inLanguage":"sv-SE","potentialAction":[{"@type":"ReadAction","target":["https:\/\/old.holyland-olivewood.com\/sv\/product\/bethlehem-handicrafts-hand-carved-olive-wood-staty-av-saint-michael-fi123\/"]}]},{"@type":"ImageObject","inLanguage":"sv-SE","@id":"https:\/\/old.holyland-olivewood.com\/sv\/product\/bethlehem-handicrafts-hand-carved-olive-wood-staty-av-saint-michael-fi123\/#primaryimage","url":"https:\/\/old.holyland-olivewood.com\/wp-content\/uploads\/2023\/06\/st_michael_holy_land_olive_wood_bethlehem_fi123-1.jpg","contentUrl":"https:\/\/old.holyland-olivewood.com\/wp-content\/uploads\/2023\/06\/st_michael_holy_land_olive_wood_bethlehem_fi123-1.jpg","width":1550,"height":1200},{"@type":"BreadcrumbList","@id":"https:\/\/old.holyland-olivewood.com\/sv\/product\/bethlehem-handicrafts-hand-carved-olive-wood-staty-av-saint-michael-fi123\/#breadcrumb","itemListElement":[{"@type":"ListItem","position":1,"name":"Home","item":"https:\/\/old.holyland-olivewood.com\/sv\/"},{"@type":"ListItem","position":2,"name":"Butik","item":"https:\/\/old.holyland-olivewood.com\/sv\/butik\/"},{"@type":"ListItem","position":3,"name":"Betlehem Handicrafts handsnidad staty av Sankt Mikael i olivtr\u00e4 #FI123"}]},{"@type":"WebSite","@id":"https:\/\/old.holyland-olivewood.com\/sv\/#website","url":"https:\/\/old.holyland-olivewood.com\/sv\/","name":"Holy Land Olive Wood - Bethlehem Olive Wood Factory","description":"Holy Land Olivewood Bethlehem","publisher":{"@id":"https:\/\/old.holyland-olivewood.com\/sv\/#organization"},"potentialAction":[{"@type":"SearchAction","target":{"@type":"EntryPoint","urlTemplate":"https:\/\/old.holyland-olivewood.com\/sv\/?s={search_term_string}"},"query-input":{"@type":"PropertyValueSpecification","valueRequired":true,"valueName":"search_term_string"}}],"inLanguage":"sv-SE"},{"@type":"Organization","@id":"https:\/\/old.holyland-olivewood.com\/sv\/#organization","name":"Holy Land Olivewood","url":"https:\/\/old.holyland-olivewood.com\/sv\/","logo":{"@type":"ImageObject","inLanguage":"sv-SE","@id":"https:\/\/old.holyland-olivewood.com\/sv\/#\/schema\/logo\/image\/","url":"","contentUrl":"","caption":"Holy Land Olivewood"},"image":{"@id":"https:\/\/old.holyland-olivewood.com\/sv\/#\/schema\/logo\/image\/"},"sameAs":["https:\/\/www.facebook.com\/holylandolivewood.bethlehem\/","http:\/\/instagram.com\/holy.land.olive.wood"]}]}},"_links":{"self":[{"href":"https:\/\/old.holyland-olivewood.com\/sv\/wp-json\/wp\/v2\/product\/53894","targetHints":{"allow":["GET"]}}],"collection":[{"href":"https:\/\/old.holyland-olivewood.com\/sv\/wp-json\/wp\/v2\/product"}],"about":[{"href":"https:\/\/old.holyland-olivewood.com\/sv\/wp-json\/wp\/v2\/types\/product"}],"wp:featuredmedia":[{"embeddable":true,"href":"https:\/\/old.holyland-olivewood.com\/sv\/wp-json\/wp\/v2\/media\/53895"}],"wp:attachment":[{"href":"https:\/\/old.holyland-olivewood.com\/sv\/wp-json\/wp\/v2\/media?parent=53894"}],"wp:term":[{"taxonomy":"product_brand","embeddable":true,"href":"https:\/\/old.holyland-olivewood.com\/sv\/wp-json\/wp\/v2\/product_brand?post=53894"},{"taxonomy":"product_cat","embeddable":true,"href":"https:\/\/old.holyland-olivewood.com\/sv\/wp-json\/wp\/v2\/product_cat?post=53894"},{"taxonomy":"product_tag","embeddable":true,"href":"https:\/\/old.holyland-olivewood.com\/sv\/wp-json\/wp\/v2\/product_tag?post=53894"}],"curies":[{"name":"wp","href":"https:\/\/api.w.org\/{rel}","templated":true}]}}