{"id":52675,"date":"2022-09-29T15:41:16","date_gmt":"2022-09-29T20:34:09","guid":{"rendered":"https:\/\/old.holyland-olivewood.com\/product\/sattet-med-fodelsegrottan-i-olivtra-na143\/"},"modified":"2022-09-29T20:34:09","modified_gmt":"2022-09-29T20:34:09","slug":"olivtrana-nativitet-grotto-set-na143","status":"publish","type":"product","link":"https:\/\/old.holyland-olivewood.com\/sv\/product\/olivtrana-nativitet-grotto-set-na143\/","title":{"rendered":"S\u00e4ttet med f\u00f6delsegrottan i olivtr\u00e4 #NA143"},"content":{"rendered":"","protected":false},"excerpt":{"rendered":"<p>Den h\u00e4r vackra krubban med ett unikt stall \u00e4r handgjord i det heliga landet av h\u00e5llbart sk\u00f6rdat, \u00e4kta Betlehem-olivtr\u00e4. Den h\u00e4r handgjorda produkten, som endast anv\u00e4nder icke-produktiva olivtr\u00e4d fr\u00e5n det Heliga landet, avsl\u00f6jar det fantastiska m\u00f6nstret fr\u00e5n r\u00e5tt olivtr\u00e4, utan tillsatser eller f\u00f6rseglingar. Figurerna best\u00e5r av Maria och Josef och Jesus, de tre vise m\u00e4nnen och den lilla herdepojken. Bland djuren finns en \u00e5sna, en ko, tv\u00e5 lamm och tre kameler. Den \u00e4r vackert utformad och utg\u00f6r ett fantastiskt centralt tema i julfirandet.<\/p>\n<p>Den h\u00e4r f\u00f6delsestugan kan variera i storlek, form och utseende p\u00e5 grund av de olika m\u00f6nstren som finns i olivtr\u00e4et och det faktum att den \u00e4r handgjord, s\u00e5 varje bit \u00e4r unik.<\/p>\n<p>Denna artikel inneh\u00e5ller ett \u00e4kthetscertifikat som verifierar de material och tekniker som anv\u00e4nds f\u00f6r att tillverka denna produkt.<\/p>\n<p>Storlek: 23 cm x 35,5 cm x 39 cm (9&#8243; x 14&#8243; x 15,5&#8243;)<\/p>\n","protected":false},"featured_media":56817,"template":"","meta":[],"product_brand":[],"product_cat":[1034,1198],"product_tag":[],"class_list":{"0":"post-52675","1":"product","2":"type-product","3":"status-publish","4":"has-post-thumbnail","6":"product_cat-kunsthaandvaerk-sv","7":"product_cat-juluppsattningar","9":"first","10":"instock","11":"shipping-taxable","12":"purchasable","13":"product-type-simple"},"yoast_head":"<!-- This site is optimized with the Yoast SEO plugin v24.8.1 - https:\/\/yoast.com\/wordpress\/plugins\/seo\/ -->\n<title>S\u00e4ttet med f\u00f6delsegrottan i olivtr\u00e4 #NA143 - Holy Land Olive Wood - Bethlehem Olive Wood Factory<\/title>\n<meta name=\"robots\" content=\"index, follow, max-snippet:-1, max-image-preview:large, max-video-preview:-1\" \/>\n<link rel=\"canonical\" href=\"https:\/\/old.holyland-olivewood.com\/sv\/product\/olivtrana-nativitet-grotto-set-na143\/\" \/>\n<meta property=\"og:locale\" content=\"sv_SE\" \/>\n<meta property=\"og:type\" content=\"article\" \/>\n<meta property=\"og:title\" content=\"S\u00e4ttet med f\u00f6delsegrottan i olivtr\u00e4 #NA143 - Holy Land Olive Wood - Bethlehem Olive Wood Factory\" \/>\n<meta property=\"og:description\" content=\"Den h\u00e4r vackra krubban med ett unikt stall \u00e4r handgjord i det heliga landet av h\u00e5llbart sk\u00f6rdat, \u00e4kta Betlehem-olivtr\u00e4. Den h\u00e4r handgjorda produkten, som endast anv\u00e4nder icke-produktiva olivtr\u00e4d fr\u00e5n det Heliga landet, avsl\u00f6jar det fantastiska m\u00f6nstret fr\u00e5n r\u00e5tt olivtr\u00e4, utan tillsatser eller f\u00f6rseglingar. Figurerna best\u00e5r av Maria och Josef och Jesus, de tre vise m\u00e4nnen och den lilla herdepojken. Bland djuren finns en \u00e5sna, en ko, tv\u00e5 lamm och tre kameler. Den \u00e4r vackert utformad och utg\u00f6r ett fantastiskt centralt tema i julfirandet. Den h\u00e4r f\u00f6delsestugan kan variera i storlek, form och utseende p\u00e5 grund av de olika m\u00f6nstren som finns i olivtr\u00e4et och det faktum att den \u00e4r handgjord, s\u00e5 varje bit \u00e4r unik. Denna artikel inneh\u00e5ller ett \u00e4kthetscertifikat som verifierar de material och tekniker som anv\u00e4nds f\u00f6r att tillverka denna produkt. Storlek: 23 cm x 35,5 cm x 39 cm (9&quot; x 14&quot; x 15,5&quot;)\" \/>\n<meta property=\"og:url\" content=\"https:\/\/old.holyland-olivewood.com\/sv\/product\/olivtrana-nativitet-grotto-set-na143\/\" \/>\n<meta property=\"og:site_name\" content=\"Holy Land Olive Wood - Bethlehem Olive Wood Factory\" \/>\n<meta property=\"article:publisher\" content=\"https:\/\/www.facebook.com\/holylandolivewood.bethlehem\/\" \/>\n<meta property=\"og:image\" content=\"https:\/\/old.holyland-olivewood.com\/wp-content\/uploads\/2021\/08\/holy-land_olive_wood_nativity_set_bethlehem_na143-1.jpg\" \/>\n\t<meta property=\"og:image:width\" content=\"1550\" \/>\n\t<meta property=\"og:image:height\" content=\"1200\" \/>\n\t<meta property=\"og:image:type\" content=\"image\/jpeg\" \/>\n<meta name=\"twitter:card\" content=\"summary_large_image\" \/>\n<script type=\"application\/ld+json\" class=\"yoast-schema-graph\">{\"@context\":\"https:\/\/schema.org\",\"@graph\":[{\"@type\":\"WebPage\",\"@id\":\"https:\/\/old.holyland-olivewood.com\/sv\/product\/olivtrana-nativitet-grotto-set-na143\/\",\"url\":\"https:\/\/old.holyland-olivewood.com\/sv\/product\/olivtrana-nativitet-grotto-set-na143\/\",\"name\":\"S\u00e4ttet med f\u00f6delsegrottan i olivtr\u00e4 #NA143 - Holy Land Olive Wood - Bethlehem Olive Wood Factory\",\"isPartOf\":{\"@id\":\"https:\/\/old.holyland-olivewood.com\/sv\/#website\"},\"primaryImageOfPage\":{\"@id\":\"https:\/\/old.holyland-olivewood.com\/sv\/product\/olivtrana-nativitet-grotto-set-na143\/#primaryimage\"},\"image\":{\"@id\":\"https:\/\/old.holyland-olivewood.com\/sv\/product\/olivtrana-nativitet-grotto-set-na143\/#primaryimage\"},\"thumbnailUrl\":\"https:\/\/old.holyland-olivewood.com\/wp-content\/uploads\/2021\/08\/holy-land_olive_wood_nativity_set_bethlehem_na143-1.jpg\",\"datePublished\":\"2022-09-29T20:34:09+00:00\",\"breadcrumb\":{\"@id\":\"https:\/\/old.holyland-olivewood.com\/sv\/product\/olivtrana-nativitet-grotto-set-na143\/#breadcrumb\"},\"inLanguage\":\"sv-SE\",\"potentialAction\":[{\"@type\":\"ReadAction\",\"target\":[\"https:\/\/old.holyland-olivewood.com\/sv\/product\/olivtrana-nativitet-grotto-set-na143\/\"]}]},{\"@type\":\"ImageObject\",\"inLanguage\":\"sv-SE\",\"@id\":\"https:\/\/old.holyland-olivewood.com\/sv\/product\/olivtrana-nativitet-grotto-set-na143\/#primaryimage\",\"url\":\"https:\/\/old.holyland-olivewood.com\/wp-content\/uploads\/2021\/08\/holy-land_olive_wood_nativity_set_bethlehem_na143-1.jpg\",\"contentUrl\":\"https:\/\/old.holyland-olivewood.com\/wp-content\/uploads\/2021\/08\/holy-land_olive_wood_nativity_set_bethlehem_na143-1.jpg\",\"width\":1550,\"height\":1200},{\"@type\":\"BreadcrumbList\",\"@id\":\"https:\/\/old.holyland-olivewood.com\/sv\/product\/olivtrana-nativitet-grotto-set-na143\/#breadcrumb\",\"itemListElement\":[{\"@type\":\"ListItem\",\"position\":1,\"name\":\"Home\",\"item\":\"https:\/\/old.holyland-olivewood.com\/sv\/\"},{\"@type\":\"ListItem\",\"position\":2,\"name\":\"Butik\",\"item\":\"https:\/\/old.holyland-olivewood.com\/sv\/butik\/\"},{\"@type\":\"ListItem\",\"position\":3,\"name\":\"S\u00e4ttet med f\u00f6delsegrottan i olivtr\u00e4 #NA143\"}]},{\"@type\":\"WebSite\",\"@id\":\"https:\/\/old.holyland-olivewood.com\/sv\/#website\",\"url\":\"https:\/\/old.holyland-olivewood.com\/sv\/\",\"name\":\"Holy Land Olive Wood - Bethlehem Olive Wood Factory\",\"description\":\"Holy Land Olivewood Bethlehem\",\"publisher\":{\"@id\":\"https:\/\/old.holyland-olivewood.com\/sv\/#organization\"},\"potentialAction\":[{\"@type\":\"SearchAction\",\"target\":{\"@type\":\"EntryPoint\",\"urlTemplate\":\"https:\/\/old.holyland-olivewood.com\/sv\/?s={search_term_string}\"},\"query-input\":{\"@type\":\"PropertyValueSpecification\",\"valueRequired\":true,\"valueName\":\"search_term_string\"}}],\"inLanguage\":\"sv-SE\"},{\"@type\":\"Organization\",\"@id\":\"https:\/\/old.holyland-olivewood.com\/sv\/#organization\",\"name\":\"Holy Land Olivewood\",\"url\":\"https:\/\/old.holyland-olivewood.com\/sv\/\",\"logo\":{\"@type\":\"ImageObject\",\"inLanguage\":\"sv-SE\",\"@id\":\"https:\/\/old.holyland-olivewood.com\/sv\/#\/schema\/logo\/image\/\",\"url\":\"\",\"contentUrl\":\"\",\"caption\":\"Holy Land Olivewood\"},\"image\":{\"@id\":\"https:\/\/old.holyland-olivewood.com\/sv\/#\/schema\/logo\/image\/\"},\"sameAs\":[\"https:\/\/www.facebook.com\/holylandolivewood.bethlehem\/\",\"http:\/\/instagram.com\/holy.land.olive.wood\"]}]}<\/script>\n<!-- \/ Yoast SEO plugin. -->","yoast_head_json":{"title":"S\u00e4ttet med f\u00f6delsegrottan i olivtr\u00e4 #NA143 - Holy Land Olive Wood - Bethlehem Olive Wood Factory","robots":{"index":"index","follow":"follow","max-snippet":"max-snippet:-1","max-image-preview":"max-image-preview:large","max-video-preview":"max-video-preview:-1"},"canonical":"https:\/\/old.holyland-olivewood.com\/sv\/product\/olivtrana-nativitet-grotto-set-na143\/","og_locale":"sv_SE","og_type":"article","og_title":"S\u00e4ttet med f\u00f6delsegrottan i olivtr\u00e4 #NA143 - Holy Land Olive Wood - Bethlehem Olive Wood Factory","og_description":"Den h\u00e4r vackra krubban med ett unikt stall \u00e4r handgjord i det heliga landet av h\u00e5llbart sk\u00f6rdat, \u00e4kta Betlehem-olivtr\u00e4. Den h\u00e4r handgjorda produkten, som endast anv\u00e4nder icke-produktiva olivtr\u00e4d fr\u00e5n det Heliga landet, avsl\u00f6jar det fantastiska m\u00f6nstret fr\u00e5n r\u00e5tt olivtr\u00e4, utan tillsatser eller f\u00f6rseglingar. Figurerna best\u00e5r av Maria och Josef och Jesus, de tre vise m\u00e4nnen och den lilla herdepojken. Bland djuren finns en \u00e5sna, en ko, tv\u00e5 lamm och tre kameler. Den \u00e4r vackert utformad och utg\u00f6r ett fantastiskt centralt tema i julfirandet. Den h\u00e4r f\u00f6delsestugan kan variera i storlek, form och utseende p\u00e5 grund av de olika m\u00f6nstren som finns i olivtr\u00e4et och det faktum att den \u00e4r handgjord, s\u00e5 varje bit \u00e4r unik. Denna artikel inneh\u00e5ller ett \u00e4kthetscertifikat som verifierar de material och tekniker som anv\u00e4nds f\u00f6r att tillverka denna produkt. Storlek: 23 cm x 35,5 cm x 39 cm (9\" x 14\" x 15,5\")","og_url":"https:\/\/old.holyland-olivewood.com\/sv\/product\/olivtrana-nativitet-grotto-set-na143\/","og_site_name":"Holy Land Olive Wood - Bethlehem Olive Wood Factory","article_publisher":"https:\/\/www.facebook.com\/holylandolivewood.bethlehem\/","og_image":[{"width":1550,"height":1200,"url":"https:\/\/old.holyland-olivewood.com\/wp-content\/uploads\/2021\/08\/holy-land_olive_wood_nativity_set_bethlehem_na143-1.jpg","type":"image\/jpeg"}],"twitter_card":"summary_large_image","schema":{"@context":"https:\/\/schema.org","@graph":[{"@type":"WebPage","@id":"https:\/\/old.holyland-olivewood.com\/sv\/product\/olivtrana-nativitet-grotto-set-na143\/","url":"https:\/\/old.holyland-olivewood.com\/sv\/product\/olivtrana-nativitet-grotto-set-na143\/","name":"S\u00e4ttet med f\u00f6delsegrottan i olivtr\u00e4 #NA143 - Holy Land Olive Wood - Bethlehem Olive Wood Factory","isPartOf":{"@id":"https:\/\/old.holyland-olivewood.com\/sv\/#website"},"primaryImageOfPage":{"@id":"https:\/\/old.holyland-olivewood.com\/sv\/product\/olivtrana-nativitet-grotto-set-na143\/#primaryimage"},"image":{"@id":"https:\/\/old.holyland-olivewood.com\/sv\/product\/olivtrana-nativitet-grotto-set-na143\/#primaryimage"},"thumbnailUrl":"https:\/\/old.holyland-olivewood.com\/wp-content\/uploads\/2021\/08\/holy-land_olive_wood_nativity_set_bethlehem_na143-1.jpg","datePublished":"2022-09-29T20:34:09+00:00","breadcrumb":{"@id":"https:\/\/old.holyland-olivewood.com\/sv\/product\/olivtrana-nativitet-grotto-set-na143\/#breadcrumb"},"inLanguage":"sv-SE","potentialAction":[{"@type":"ReadAction","target":["https:\/\/old.holyland-olivewood.com\/sv\/product\/olivtrana-nativitet-grotto-set-na143\/"]}]},{"@type":"ImageObject","inLanguage":"sv-SE","@id":"https:\/\/old.holyland-olivewood.com\/sv\/product\/olivtrana-nativitet-grotto-set-na143\/#primaryimage","url":"https:\/\/old.holyland-olivewood.com\/wp-content\/uploads\/2021\/08\/holy-land_olive_wood_nativity_set_bethlehem_na143-1.jpg","contentUrl":"https:\/\/old.holyland-olivewood.com\/wp-content\/uploads\/2021\/08\/holy-land_olive_wood_nativity_set_bethlehem_na143-1.jpg","width":1550,"height":1200},{"@type":"BreadcrumbList","@id":"https:\/\/old.holyland-olivewood.com\/sv\/product\/olivtrana-nativitet-grotto-set-na143\/#breadcrumb","itemListElement":[{"@type":"ListItem","position":1,"name":"Home","item":"https:\/\/old.holyland-olivewood.com\/sv\/"},{"@type":"ListItem","position":2,"name":"Butik","item":"https:\/\/old.holyland-olivewood.com\/sv\/butik\/"},{"@type":"ListItem","position":3,"name":"S\u00e4ttet med f\u00f6delsegrottan i olivtr\u00e4 #NA143"}]},{"@type":"WebSite","@id":"https:\/\/old.holyland-olivewood.com\/sv\/#website","url":"https:\/\/old.holyland-olivewood.com\/sv\/","name":"Holy Land Olive Wood - Bethlehem Olive Wood Factory","description":"Holy Land Olivewood Bethlehem","publisher":{"@id":"https:\/\/old.holyland-olivewood.com\/sv\/#organization"},"potentialAction":[{"@type":"SearchAction","target":{"@type":"EntryPoint","urlTemplate":"https:\/\/old.holyland-olivewood.com\/sv\/?s={search_term_string}"},"query-input":{"@type":"PropertyValueSpecification","valueRequired":true,"valueName":"search_term_string"}}],"inLanguage":"sv-SE"},{"@type":"Organization","@id":"https:\/\/old.holyland-olivewood.com\/sv\/#organization","name":"Holy Land Olivewood","url":"https:\/\/old.holyland-olivewood.com\/sv\/","logo":{"@type":"ImageObject","inLanguage":"sv-SE","@id":"https:\/\/old.holyland-olivewood.com\/sv\/#\/schema\/logo\/image\/","url":"","contentUrl":"","caption":"Holy Land Olivewood"},"image":{"@id":"https:\/\/old.holyland-olivewood.com\/sv\/#\/schema\/logo\/image\/"},"sameAs":["https:\/\/www.facebook.com\/holylandolivewood.bethlehem\/","http:\/\/instagram.com\/holy.land.olive.wood"]}]}},"_links":{"self":[{"href":"https:\/\/old.holyland-olivewood.com\/sv\/wp-json\/wp\/v2\/product\/52675","targetHints":{"allow":["GET"]}}],"collection":[{"href":"https:\/\/old.holyland-olivewood.com\/sv\/wp-json\/wp\/v2\/product"}],"about":[{"href":"https:\/\/old.holyland-olivewood.com\/sv\/wp-json\/wp\/v2\/types\/product"}],"wp:featuredmedia":[{"embeddable":true,"href":"https:\/\/old.holyland-olivewood.com\/sv\/wp-json\/wp\/v2\/media\/56817"}],"wp:attachment":[{"href":"https:\/\/old.holyland-olivewood.com\/sv\/wp-json\/wp\/v2\/media?parent=52675"}],"wp:term":[{"taxonomy":"product_brand","embeddable":true,"href":"https:\/\/old.holyland-olivewood.com\/sv\/wp-json\/wp\/v2\/product_brand?post=52675"},{"taxonomy":"product_cat","embeddable":true,"href":"https:\/\/old.holyland-olivewood.com\/sv\/wp-json\/wp\/v2\/product_cat?post=52675"},{"taxonomy":"product_tag","embeddable":true,"href":"https:\/\/old.holyland-olivewood.com\/sv\/wp-json\/wp\/v2\/product_tag?post=52675"}],"curies":[{"name":"wp","href":"https:\/\/api.w.org\/{rel}","templated":true}]}}