{"id":51408,"date":"2022-04-09T22:48:32","date_gmt":"2022-04-11T16:59:30","guid":{"rendered":"https:\/\/old.holyland-olivewood.com\/product\/olivtrahalsband-j167\/"},"modified":"2022-04-11T18:01:45","modified_gmt":"2022-04-11T18:01:45","slug":"olivtra-halsband-j167","status":"publish","type":"product","link":"https:\/\/old.holyland-olivewood.com\/sv\/product\/olivtra-halsband-j167\/","title":{"rendered":"Olivtr\u00e4halsband #J167"},"content":{"rendered":"","protected":false},"excerpt":{"rendered":"<p>Detta vackra kors \u00e4r handgjort i det heliga landet av h\u00e5llbart sk\u00f6rdat, autentiskt Betlehem olivtr\u00e4. Den kommer p\u00e5 en kraftig svart sladd som du kan anpassa till den l\u00e4ngd du vill ha.<\/p>\n<p>Denna artikel inneh\u00e5ller ett \u00e4kthetscertifikat som verifierar de material och tekniker som anv\u00e4nds f\u00f6r att tillverka denna produkt.<\/p>\n<p>Storlek: 4,5 cm (1,75 tum)<\/p>\n","protected":false},"featured_media":51183,"template":"","meta":[],"product_brand":[],"product_cat":[1034,1033,2052],"product_tag":[2087,2040,2046,1038,1126,2066,1135,1098,2084,1089,1107,2079,1080,1085,4084,1081,1094,1154,1162,1130,2069,1118,1114,1123,1111,1056,1066,2076,1155,2092,2054,2094,2059,1061,1069],"class_list":{"0":"post-51408","1":"product","2":"type-product","3":"status-publish","4":"has-post-thumbnail","6":"product_cat-kunsthaandvaerk-sv","7":"product_cat-kors-og-krucifikser-sv","8":"product_cat-smycken","9":"product_tag-armband-sv","10":"product_tag-bedjande","11":"product_tag-besattning","12":"product_tag-betlehem-sv","13":"product_tag-boen-sv","14":"product_tag-brosch","15":"product_tag-foedselskirken-sv","16":"product_tag-gav","17":"product_tag-halsband","18":"product_tag-haandlavet-sv","19":"product_tag-haandvaerk-sv-2","20":"product_tag-hange","21":"product_tag-hellig-sv","22":"product_tag-jerusalem-sv","23":"product_tag-jesus-sv-3","24":"product_tag-jord-sv","25":"product_tag-jul-sv","26":"product_tag-katolsk-sv-2","27":"product_tag-keltisk-sv","28":"product_tag-kirke-sv","29":"product_tag-knappnal","30":"product_tag-kors-sv","31":"product_tag-kristen-sv","32":"product_tag-krucifiks-sv","33":"product_tag-kunsthaandvaerk-sv","34":"product_tag-oliven-sv","35":"product_tag-oliventrae-sv-2","36":"product_tag-orhangen","37":"product_tag-ortodoks-sv","38":"product_tag-rep","39":"product_tag-smycken","40":"product_tag-strang","41":"product_tag-tau-sv","42":"product_tag-trae-sv-2","43":"product_tag-udskaering-sv","45":"first","46":"instock","47":"shipping-taxable","48":"purchasable","49":"product-type-simple"},"yoast_head":"<!-- This site is optimized with the Yoast SEO plugin v24.8.1 - https:\/\/yoast.com\/wordpress\/plugins\/seo\/ -->\n<title>Olivtr\u00e4halsband #J167 - Holy Land Olive Wood - Bethlehem Olive Wood Factory<\/title>\n<meta name=\"description\" content=\"Betlehems hantverk i olivtr\u00e4 (t.ex. smycken, jerusalem, h\u00e4ngsmycke, \u00f6rh\u00e4ngen, p\u00e4rlor) penn\u00e4mnen, armband &amp; r\u00e5material i standard- och specialm\u00e5tt.\" \/>\n<meta name=\"robots\" content=\"index, follow, max-snippet:-1, max-image-preview:large, max-video-preview:-1\" \/>\n<link rel=\"canonical\" href=\"https:\/\/old.holyland-olivewood.com\/sv\/product\/olivtra-halsband-j167\/\" \/>\n<meta property=\"og:locale\" content=\"sv_SE\" \/>\n<meta property=\"og:type\" content=\"article\" \/>\n<meta property=\"og:title\" content=\"Olivtr\u00e4halsband #J167 - Holy Land Olive Wood - Bethlehem Olive Wood Factory\" \/>\n<meta property=\"og:description\" content=\"Betlehems hantverk i olivtr\u00e4 (t.ex. smycken, jerusalem, h\u00e4ngsmycke, \u00f6rh\u00e4ngen, p\u00e4rlor) penn\u00e4mnen, armband &amp; r\u00e5material i standard- och specialm\u00e5tt.\" \/>\n<meta property=\"og:url\" content=\"https:\/\/old.holyland-olivewood.com\/sv\/product\/olivtra-halsband-j167\/\" \/>\n<meta property=\"og:site_name\" content=\"Holy Land Olive Wood - Bethlehem Olive Wood Factory\" \/>\n<meta property=\"article:publisher\" content=\"https:\/\/www.facebook.com\/holylandolivewood.bethlehem\/\" \/>\n<meta property=\"article:modified_time\" content=\"2022-04-11T18:01:45+00:00\" \/>\n<meta property=\"og:image\" content=\"https:\/\/old.holyland-olivewood.com\/wp-content\/uploads\/2022\/04\/necklace_holy_land_olive_wood_bethlehem_j167.jpg\" \/>\n\t<meta property=\"og:image:width\" content=\"1550\" \/>\n\t<meta property=\"og:image:height\" content=\"1200\" \/>\n\t<meta property=\"og:image:type\" content=\"image\/jpeg\" \/>\n<meta name=\"twitter:card\" content=\"summary_large_image\" \/>\n<script type=\"application\/ld+json\" class=\"yoast-schema-graph\">{\"@context\":\"https:\/\/schema.org\",\"@graph\":[{\"@type\":\"WebPage\",\"@id\":\"https:\/\/old.holyland-olivewood.com\/sv\/product\/olivtra-halsband-j167\/\",\"url\":\"https:\/\/old.holyland-olivewood.com\/sv\/product\/olivtra-halsband-j167\/\",\"name\":\"Olivtr\u00e4halsband #J167 - Holy Land Olive Wood - Bethlehem Olive Wood Factory\",\"isPartOf\":{\"@id\":\"https:\/\/old.holyland-olivewood.com\/sv\/#website\"},\"primaryImageOfPage\":{\"@id\":\"https:\/\/old.holyland-olivewood.com\/sv\/product\/olivtra-halsband-j167\/#primaryimage\"},\"image\":{\"@id\":\"https:\/\/old.holyland-olivewood.com\/sv\/product\/olivtra-halsband-j167\/#primaryimage\"},\"thumbnailUrl\":\"https:\/\/old.holyland-olivewood.com\/wp-content\/uploads\/2022\/04\/necklace_holy_land_olive_wood_bethlehem_j167.jpg\",\"datePublished\":\"2022-04-11T16:59:30+00:00\",\"dateModified\":\"2022-04-11T18:01:45+00:00\",\"description\":\"Betlehems hantverk i olivtr\u00e4 (t.ex. smycken, jerusalem, h\u00e4ngsmycke, \u00f6rh\u00e4ngen, p\u00e4rlor) penn\u00e4mnen, armband & r\u00e5material i standard- och specialm\u00e5tt.\",\"breadcrumb\":{\"@id\":\"https:\/\/old.holyland-olivewood.com\/sv\/product\/olivtra-halsband-j167\/#breadcrumb\"},\"inLanguage\":\"sv-SE\",\"potentialAction\":[{\"@type\":\"ReadAction\",\"target\":[\"https:\/\/old.holyland-olivewood.com\/sv\/product\/olivtra-halsband-j167\/\"]}]},{\"@type\":\"ImageObject\",\"inLanguage\":\"sv-SE\",\"@id\":\"https:\/\/old.holyland-olivewood.com\/sv\/product\/olivtra-halsband-j167\/#primaryimage\",\"url\":\"https:\/\/old.holyland-olivewood.com\/wp-content\/uploads\/2022\/04\/necklace_holy_land_olive_wood_bethlehem_j167.jpg\",\"contentUrl\":\"https:\/\/old.holyland-olivewood.com\/wp-content\/uploads\/2022\/04\/necklace_holy_land_olive_wood_bethlehem_j167.jpg\",\"width\":1550,\"height\":1200},{\"@type\":\"BreadcrumbList\",\"@id\":\"https:\/\/old.holyland-olivewood.com\/sv\/product\/olivtra-halsband-j167\/#breadcrumb\",\"itemListElement\":[{\"@type\":\"ListItem\",\"position\":1,\"name\":\"Home\",\"item\":\"https:\/\/old.holyland-olivewood.com\/sv\/\"},{\"@type\":\"ListItem\",\"position\":2,\"name\":\"Butik\",\"item\":\"https:\/\/old.holyland-olivewood.com\/sv\/butik\/\"},{\"@type\":\"ListItem\",\"position\":3,\"name\":\"Olivtr\u00e4halsband #J167\"}]},{\"@type\":\"WebSite\",\"@id\":\"https:\/\/old.holyland-olivewood.com\/sv\/#website\",\"url\":\"https:\/\/old.holyland-olivewood.com\/sv\/\",\"name\":\"Holy Land Olive Wood - Bethlehem Olive Wood Factory\",\"description\":\"Holy Land Olivewood Bethlehem\",\"publisher\":{\"@id\":\"https:\/\/old.holyland-olivewood.com\/sv\/#organization\"},\"potentialAction\":[{\"@type\":\"SearchAction\",\"target\":{\"@type\":\"EntryPoint\",\"urlTemplate\":\"https:\/\/old.holyland-olivewood.com\/sv\/?s={search_term_string}\"},\"query-input\":{\"@type\":\"PropertyValueSpecification\",\"valueRequired\":true,\"valueName\":\"search_term_string\"}}],\"inLanguage\":\"sv-SE\"},{\"@type\":\"Organization\",\"@id\":\"https:\/\/old.holyland-olivewood.com\/sv\/#organization\",\"name\":\"Holy Land Olivewood\",\"url\":\"https:\/\/old.holyland-olivewood.com\/sv\/\",\"logo\":{\"@type\":\"ImageObject\",\"inLanguage\":\"sv-SE\",\"@id\":\"https:\/\/old.holyland-olivewood.com\/sv\/#\/schema\/logo\/image\/\",\"url\":\"\",\"contentUrl\":\"\",\"caption\":\"Holy Land Olivewood\"},\"image\":{\"@id\":\"https:\/\/old.holyland-olivewood.com\/sv\/#\/schema\/logo\/image\/\"},\"sameAs\":[\"https:\/\/www.facebook.com\/holylandolivewood.bethlehem\/\",\"http:\/\/instagram.com\/holy.land.olive.wood\"]}]}<\/script>\n<!-- \/ Yoast SEO plugin. -->","yoast_head_json":{"title":"Olivtr\u00e4halsband #J167 - Holy Land Olive Wood - Bethlehem Olive Wood Factory","description":"Betlehems hantverk i olivtr\u00e4 (t.ex. smycken, jerusalem, h\u00e4ngsmycke, \u00f6rh\u00e4ngen, p\u00e4rlor) penn\u00e4mnen, armband & r\u00e5material i standard- och specialm\u00e5tt.","robots":{"index":"index","follow":"follow","max-snippet":"max-snippet:-1","max-image-preview":"max-image-preview:large","max-video-preview":"max-video-preview:-1"},"canonical":"https:\/\/old.holyland-olivewood.com\/sv\/product\/olivtra-halsband-j167\/","og_locale":"sv_SE","og_type":"article","og_title":"Olivtr\u00e4halsband #J167 - Holy Land Olive Wood - Bethlehem Olive Wood Factory","og_description":"Betlehems hantverk i olivtr\u00e4 (t.ex. smycken, jerusalem, h\u00e4ngsmycke, \u00f6rh\u00e4ngen, p\u00e4rlor) penn\u00e4mnen, armband & r\u00e5material i standard- och specialm\u00e5tt.","og_url":"https:\/\/old.holyland-olivewood.com\/sv\/product\/olivtra-halsband-j167\/","og_site_name":"Holy Land Olive Wood - Bethlehem Olive Wood Factory","article_publisher":"https:\/\/www.facebook.com\/holylandolivewood.bethlehem\/","article_modified_time":"2022-04-11T18:01:45+00:00","og_image":[{"width":1550,"height":1200,"url":"https:\/\/old.holyland-olivewood.com\/wp-content\/uploads\/2022\/04\/necklace_holy_land_olive_wood_bethlehem_j167.jpg","type":"image\/jpeg"}],"twitter_card":"summary_large_image","schema":{"@context":"https:\/\/schema.org","@graph":[{"@type":"WebPage","@id":"https:\/\/old.holyland-olivewood.com\/sv\/product\/olivtra-halsband-j167\/","url":"https:\/\/old.holyland-olivewood.com\/sv\/product\/olivtra-halsband-j167\/","name":"Olivtr\u00e4halsband #J167 - Holy Land Olive Wood - Bethlehem Olive Wood Factory","isPartOf":{"@id":"https:\/\/old.holyland-olivewood.com\/sv\/#website"},"primaryImageOfPage":{"@id":"https:\/\/old.holyland-olivewood.com\/sv\/product\/olivtra-halsband-j167\/#primaryimage"},"image":{"@id":"https:\/\/old.holyland-olivewood.com\/sv\/product\/olivtra-halsband-j167\/#primaryimage"},"thumbnailUrl":"https:\/\/old.holyland-olivewood.com\/wp-content\/uploads\/2022\/04\/necklace_holy_land_olive_wood_bethlehem_j167.jpg","datePublished":"2022-04-11T16:59:30+00:00","dateModified":"2022-04-11T18:01:45+00:00","description":"Betlehems hantverk i olivtr\u00e4 (t.ex. smycken, jerusalem, h\u00e4ngsmycke, \u00f6rh\u00e4ngen, p\u00e4rlor) penn\u00e4mnen, armband & r\u00e5material i standard- och specialm\u00e5tt.","breadcrumb":{"@id":"https:\/\/old.holyland-olivewood.com\/sv\/product\/olivtra-halsband-j167\/#breadcrumb"},"inLanguage":"sv-SE","potentialAction":[{"@type":"ReadAction","target":["https:\/\/old.holyland-olivewood.com\/sv\/product\/olivtra-halsband-j167\/"]}]},{"@type":"ImageObject","inLanguage":"sv-SE","@id":"https:\/\/old.holyland-olivewood.com\/sv\/product\/olivtra-halsband-j167\/#primaryimage","url":"https:\/\/old.holyland-olivewood.com\/wp-content\/uploads\/2022\/04\/necklace_holy_land_olive_wood_bethlehem_j167.jpg","contentUrl":"https:\/\/old.holyland-olivewood.com\/wp-content\/uploads\/2022\/04\/necklace_holy_land_olive_wood_bethlehem_j167.jpg","width":1550,"height":1200},{"@type":"BreadcrumbList","@id":"https:\/\/old.holyland-olivewood.com\/sv\/product\/olivtra-halsband-j167\/#breadcrumb","itemListElement":[{"@type":"ListItem","position":1,"name":"Home","item":"https:\/\/old.holyland-olivewood.com\/sv\/"},{"@type":"ListItem","position":2,"name":"Butik","item":"https:\/\/old.holyland-olivewood.com\/sv\/butik\/"},{"@type":"ListItem","position":3,"name":"Olivtr\u00e4halsband #J167"}]},{"@type":"WebSite","@id":"https:\/\/old.holyland-olivewood.com\/sv\/#website","url":"https:\/\/old.holyland-olivewood.com\/sv\/","name":"Holy Land Olive Wood - Bethlehem Olive Wood Factory","description":"Holy Land Olivewood Bethlehem","publisher":{"@id":"https:\/\/old.holyland-olivewood.com\/sv\/#organization"},"potentialAction":[{"@type":"SearchAction","target":{"@type":"EntryPoint","urlTemplate":"https:\/\/old.holyland-olivewood.com\/sv\/?s={search_term_string}"},"query-input":{"@type":"PropertyValueSpecification","valueRequired":true,"valueName":"search_term_string"}}],"inLanguage":"sv-SE"},{"@type":"Organization","@id":"https:\/\/old.holyland-olivewood.com\/sv\/#organization","name":"Holy Land Olivewood","url":"https:\/\/old.holyland-olivewood.com\/sv\/","logo":{"@type":"ImageObject","inLanguage":"sv-SE","@id":"https:\/\/old.holyland-olivewood.com\/sv\/#\/schema\/logo\/image\/","url":"","contentUrl":"","caption":"Holy Land Olivewood"},"image":{"@id":"https:\/\/old.holyland-olivewood.com\/sv\/#\/schema\/logo\/image\/"},"sameAs":["https:\/\/www.facebook.com\/holylandolivewood.bethlehem\/","http:\/\/instagram.com\/holy.land.olive.wood"]}]}},"_links":{"self":[{"href":"https:\/\/old.holyland-olivewood.com\/sv\/wp-json\/wp\/v2\/product\/51408","targetHints":{"allow":["GET"]}}],"collection":[{"href":"https:\/\/old.holyland-olivewood.com\/sv\/wp-json\/wp\/v2\/product"}],"about":[{"href":"https:\/\/old.holyland-olivewood.com\/sv\/wp-json\/wp\/v2\/types\/product"}],"wp:featuredmedia":[{"embeddable":true,"href":"https:\/\/old.holyland-olivewood.com\/sv\/wp-json\/wp\/v2\/media\/51183"}],"wp:attachment":[{"href":"https:\/\/old.holyland-olivewood.com\/sv\/wp-json\/wp\/v2\/media?parent=51408"}],"wp:term":[{"taxonomy":"product_brand","embeddable":true,"href":"https:\/\/old.holyland-olivewood.com\/sv\/wp-json\/wp\/v2\/product_brand?post=51408"},{"taxonomy":"product_cat","embeddable":true,"href":"https:\/\/old.holyland-olivewood.com\/sv\/wp-json\/wp\/v2\/product_cat?post=51408"},{"taxonomy":"product_tag","embeddable":true,"href":"https:\/\/old.holyland-olivewood.com\/sv\/wp-json\/wp\/v2\/product_tag?post=51408"}],"curies":[{"name":"wp","href":"https:\/\/api.w.org\/{rel}","templated":true}]}}