{"id":47057,"date":"2016-05-30T17:21:08","date_gmt":"2022-02-11T20:41:42","guid":{"rendered":"https:\/\/old.holyland-olivewood.com\/product\/tunna-olivtraplattor-30-pk-025-x-125-x-275-s120\/"},"modified":"2022-02-11T20:41:42","modified_gmt":"2022-02-11T20:41:42","slug":"tunn-oliv-tra-plattor-30-pk-0-25-x-1-25-x-2-75","status":"publish","type":"product","link":"https:\/\/old.holyland-olivewood.com\/sv\/product\/tunn-oliv-tra-plattor-30-pk-0-25-x-1-25-x-2-75\/","title":{"rendered":"Tunna olivtr\u00e4plattor 30 pk (0,25 x 1,25 x 2,75&#8243; ) #S120"},"content":{"rendered":"","protected":false},"excerpt":{"rendered":"<p>Dessa precisionsskurna plattor tillverkas i det heliga landet av h\u00e5llbart sk\u00f6rdat, autentiskt Betlehem Olivewood. Plattorna visar det inre olivhj\u00e4rtat tr\u00e4, som visar ett bl\u00e4ndande kornm\u00f6nster punkterat med en fl\u00f6dande m\u00e4ngd f\u00e4rger. De har ocks\u00e5 handplockats f\u00f6r b\u00e4sta korn, f\u00e4rger och betydande sprickor fria. Dessa plattor kan enkelt appliceras p\u00e5 vilken tr\u00e4yta som helst f\u00f6r att dekorera dem. Varje platta \u00e4r fri fr\u00e5n defekter.<\/p>\n<p>Denna artikel inneh\u00e5ller ett \u00e4kthetsintyg som verifierar de material och tekniker som anv\u00e4nds f\u00f6r att tillverka denna produkt.<\/p>\n<p>Storlek: 0,6 cm x 3 cm x 7 cm<\/p>\n","protected":false},"featured_media":32572,"template":"","meta":[],"product_brand":[],"product_cat":[1399,1395],"product_tag":[1441,1414,1404,1423,1409,1430,1089,1435,1439,1444,1432,1413,1424,1427,1056,1401,1418,1420,1407,1061],"class_list":{"0":"post-47057","1":"product","2":"type-product","3":"status-publish","4":"has-post-thumbnail","6":"product_cat-olivtra","7":"product_cat-plattor","8":"product_tag-betlehem-jerusalem","9":"product_tag-blank-sv","10":"product_tag-blanksteg","11":"product_tag-block-sv","12":"product_tag-byggsats","13":"product_tag-diy-sv","14":"product_tag-haandlavet-sv","15":"product_tag-hantverk","16":"product_tag-hantverk-sv","17":"product_tag-heliga-landet","18":"product_tag-hemgjord","19":"product_tag-kit-sv","20":"product_tag-logg","21":"product_tag-loggar","22":"product_tag-oliven-sv","23":"product_tag-penna","24":"product_tag-platta","25":"product_tag-plattor","26":"product_tag-skal-2","27":"product_tag-trae-sv-2","29":"first","30":"instock","31":"shipping-taxable","32":"purchasable","33":"product-type-simple"},"yoast_head":"<!-- This site is optimized with the Yoast SEO plugin v24.8.1 - https:\/\/yoast.com\/wordpress\/plugins\/seo\/ -->\n<title>Tunna olivtr\u00e4plattor 30 pk (0,25 x 1,25 x 2,75&quot; ) #S120 - Holy Land Olive Wood - Bethlehem Olive Wood Factory<\/title>\n<meta name=\"description\" content=\"Betlehem olivtr\u00e4 hantverk (dvs. rosaries, k\u00f6ksutrustning, f\u00f6delse, upps\u00e4ttningar, p\u00e4rlor)penn\u00e4mnen sniderier, plattor, block,&amp;r\u00e5 lager i standard och anpassade dimensioner.\" \/>\n<meta name=\"robots\" content=\"index, follow, max-snippet:-1, max-image-preview:large, max-video-preview:-1\" \/>\n<link rel=\"canonical\" href=\"https:\/\/old.holyland-olivewood.com\/sv\/product\/tunn-oliv-tra-plattor-30-pk-0-25-x-1-25-x-2-75\/\" \/>\n<meta property=\"og:locale\" content=\"sv_SE\" \/>\n<meta property=\"og:type\" content=\"article\" \/>\n<meta property=\"og:title\" content=\"Tunna olivtr\u00e4plattor 30 pk (0,25 x 1,25 x 2,75&quot; ) #S120 - Holy Land Olive Wood - Bethlehem Olive Wood Factory\" \/>\n<meta property=\"og:description\" content=\"Betlehem olivtr\u00e4 hantverk (dvs. rosaries, k\u00f6ksutrustning, f\u00f6delse, upps\u00e4ttningar, p\u00e4rlor)penn\u00e4mnen sniderier, plattor, block,&amp;r\u00e5 lager i standard och anpassade dimensioner.\" \/>\n<meta property=\"og:url\" content=\"https:\/\/old.holyland-olivewood.com\/sv\/product\/tunn-oliv-tra-plattor-30-pk-0-25-x-1-25-x-2-75\/\" \/>\n<meta property=\"og:site_name\" content=\"Holy Land Olive Wood - Bethlehem Olive Wood Factory\" \/>\n<meta property=\"article:publisher\" content=\"https:\/\/www.facebook.com\/holylandolivewood.bethlehem\/\" \/>\n<meta property=\"og:image\" content=\"https:\/\/old.holyland-olivewood.com\/wp-content\/uploads\/2016\/05\/thin_olive_wood_slabs_bethlehem_holy_land_s120_1-1.jpg\" \/>\n\t<meta property=\"og:image:width\" content=\"1550\" \/>\n\t<meta property=\"og:image:height\" content=\"1200\" \/>\n\t<meta property=\"og:image:type\" content=\"image\/jpeg\" \/>\n<meta name=\"twitter:card\" content=\"summary_large_image\" \/>\n<script type=\"application\/ld+json\" class=\"yoast-schema-graph\">{\"@context\":\"https:\/\/schema.org\",\"@graph\":[{\"@type\":\"WebPage\",\"@id\":\"https:\/\/old.holyland-olivewood.com\/sv\/product\/tunn-oliv-tra-plattor-30-pk-0-25-x-1-25-x-2-75\/\",\"url\":\"https:\/\/old.holyland-olivewood.com\/sv\/product\/tunn-oliv-tra-plattor-30-pk-0-25-x-1-25-x-2-75\/\",\"name\":\"Tunna olivtr\u00e4plattor 30 pk (0,25 x 1,25 x 2,75\\\" ) #S120 - Holy Land Olive Wood - Bethlehem Olive Wood Factory\",\"isPartOf\":{\"@id\":\"https:\/\/old.holyland-olivewood.com\/sv\/#website\"},\"primaryImageOfPage\":{\"@id\":\"https:\/\/old.holyland-olivewood.com\/sv\/product\/tunn-oliv-tra-plattor-30-pk-0-25-x-1-25-x-2-75\/#primaryimage\"},\"image\":{\"@id\":\"https:\/\/old.holyland-olivewood.com\/sv\/product\/tunn-oliv-tra-plattor-30-pk-0-25-x-1-25-x-2-75\/#primaryimage\"},\"thumbnailUrl\":\"https:\/\/old.holyland-olivewood.com\/wp-content\/uploads\/2016\/05\/thin_olive_wood_slabs_bethlehem_holy_land_s120_1-1.jpg\",\"datePublished\":\"2022-02-11T20:41:42+00:00\",\"description\":\"Betlehem olivtr\u00e4 hantverk (dvs. rosaries, k\u00f6ksutrustning, f\u00f6delse, upps\u00e4ttningar, p\u00e4rlor)penn\u00e4mnen sniderier, plattor, block,&r\u00e5 lager i standard och anpassade dimensioner.\",\"breadcrumb\":{\"@id\":\"https:\/\/old.holyland-olivewood.com\/sv\/product\/tunn-oliv-tra-plattor-30-pk-0-25-x-1-25-x-2-75\/#breadcrumb\"},\"inLanguage\":\"sv-SE\",\"potentialAction\":[{\"@type\":\"ReadAction\",\"target\":[\"https:\/\/old.holyland-olivewood.com\/sv\/product\/tunn-oliv-tra-plattor-30-pk-0-25-x-1-25-x-2-75\/\"]}]},{\"@type\":\"ImageObject\",\"inLanguage\":\"sv-SE\",\"@id\":\"https:\/\/old.holyland-olivewood.com\/sv\/product\/tunn-oliv-tra-plattor-30-pk-0-25-x-1-25-x-2-75\/#primaryimage\",\"url\":\"https:\/\/old.holyland-olivewood.com\/wp-content\/uploads\/2016\/05\/thin_olive_wood_slabs_bethlehem_holy_land_s120_1-1.jpg\",\"contentUrl\":\"https:\/\/old.holyland-olivewood.com\/wp-content\/uploads\/2016\/05\/thin_olive_wood_slabs_bethlehem_holy_land_s120_1-1.jpg\",\"width\":1550,\"height\":1200},{\"@type\":\"BreadcrumbList\",\"@id\":\"https:\/\/old.holyland-olivewood.com\/sv\/product\/tunn-oliv-tra-plattor-30-pk-0-25-x-1-25-x-2-75\/#breadcrumb\",\"itemListElement\":[{\"@type\":\"ListItem\",\"position\":1,\"name\":\"Home\",\"item\":\"https:\/\/old.holyland-olivewood.com\/sv\/\"},{\"@type\":\"ListItem\",\"position\":2,\"name\":\"Butik\",\"item\":\"https:\/\/old.holyland-olivewood.com\/sv\/butik\/\"},{\"@type\":\"ListItem\",\"position\":3,\"name\":\"Tunna olivtr\u00e4plattor 30 pk (0,25 x 1,25 x 2,75&#8243; ) #S120\"}]},{\"@type\":\"WebSite\",\"@id\":\"https:\/\/old.holyland-olivewood.com\/sv\/#website\",\"url\":\"https:\/\/old.holyland-olivewood.com\/sv\/\",\"name\":\"Holy Land Olive Wood - Bethlehem Olive Wood Factory\",\"description\":\"Holy Land Olivewood Bethlehem\",\"publisher\":{\"@id\":\"https:\/\/old.holyland-olivewood.com\/sv\/#organization\"},\"potentialAction\":[{\"@type\":\"SearchAction\",\"target\":{\"@type\":\"EntryPoint\",\"urlTemplate\":\"https:\/\/old.holyland-olivewood.com\/sv\/?s={search_term_string}\"},\"query-input\":{\"@type\":\"PropertyValueSpecification\",\"valueRequired\":true,\"valueName\":\"search_term_string\"}}],\"inLanguage\":\"sv-SE\"},{\"@type\":\"Organization\",\"@id\":\"https:\/\/old.holyland-olivewood.com\/sv\/#organization\",\"name\":\"Holy Land Olivewood\",\"url\":\"https:\/\/old.holyland-olivewood.com\/sv\/\",\"logo\":{\"@type\":\"ImageObject\",\"inLanguage\":\"sv-SE\",\"@id\":\"https:\/\/old.holyland-olivewood.com\/sv\/#\/schema\/logo\/image\/\",\"url\":\"\",\"contentUrl\":\"\",\"caption\":\"Holy Land Olivewood\"},\"image\":{\"@id\":\"https:\/\/old.holyland-olivewood.com\/sv\/#\/schema\/logo\/image\/\"},\"sameAs\":[\"https:\/\/www.facebook.com\/holylandolivewood.bethlehem\/\",\"http:\/\/instagram.com\/holy.land.olive.wood\"]}]}<\/script>\n<!-- \/ Yoast SEO plugin. -->","yoast_head_json":{"title":"Tunna olivtr\u00e4plattor 30 pk (0,25 x 1,25 x 2,75\" ) #S120 - Holy Land Olive Wood - Bethlehem Olive Wood Factory","description":"Betlehem olivtr\u00e4 hantverk (dvs. rosaries, k\u00f6ksutrustning, f\u00f6delse, upps\u00e4ttningar, p\u00e4rlor)penn\u00e4mnen sniderier, plattor, block,&r\u00e5 lager i standard och anpassade dimensioner.","robots":{"index":"index","follow":"follow","max-snippet":"max-snippet:-1","max-image-preview":"max-image-preview:large","max-video-preview":"max-video-preview:-1"},"canonical":"https:\/\/old.holyland-olivewood.com\/sv\/product\/tunn-oliv-tra-plattor-30-pk-0-25-x-1-25-x-2-75\/","og_locale":"sv_SE","og_type":"article","og_title":"Tunna olivtr\u00e4plattor 30 pk (0,25 x 1,25 x 2,75\" ) #S120 - Holy Land Olive Wood - Bethlehem Olive Wood Factory","og_description":"Betlehem olivtr\u00e4 hantverk (dvs. rosaries, k\u00f6ksutrustning, f\u00f6delse, upps\u00e4ttningar, p\u00e4rlor)penn\u00e4mnen sniderier, plattor, block,&r\u00e5 lager i standard och anpassade dimensioner.","og_url":"https:\/\/old.holyland-olivewood.com\/sv\/product\/tunn-oliv-tra-plattor-30-pk-0-25-x-1-25-x-2-75\/","og_site_name":"Holy Land Olive Wood - Bethlehem Olive Wood Factory","article_publisher":"https:\/\/www.facebook.com\/holylandolivewood.bethlehem\/","og_image":[{"width":1550,"height":1200,"url":"https:\/\/old.holyland-olivewood.com\/wp-content\/uploads\/2016\/05\/thin_olive_wood_slabs_bethlehem_holy_land_s120_1-1.jpg","type":"image\/jpeg"}],"twitter_card":"summary_large_image","schema":{"@context":"https:\/\/schema.org","@graph":[{"@type":"WebPage","@id":"https:\/\/old.holyland-olivewood.com\/sv\/product\/tunn-oliv-tra-plattor-30-pk-0-25-x-1-25-x-2-75\/","url":"https:\/\/old.holyland-olivewood.com\/sv\/product\/tunn-oliv-tra-plattor-30-pk-0-25-x-1-25-x-2-75\/","name":"Tunna olivtr\u00e4plattor 30 pk (0,25 x 1,25 x 2,75\" ) #S120 - Holy Land Olive Wood - Bethlehem Olive Wood Factory","isPartOf":{"@id":"https:\/\/old.holyland-olivewood.com\/sv\/#website"},"primaryImageOfPage":{"@id":"https:\/\/old.holyland-olivewood.com\/sv\/product\/tunn-oliv-tra-plattor-30-pk-0-25-x-1-25-x-2-75\/#primaryimage"},"image":{"@id":"https:\/\/old.holyland-olivewood.com\/sv\/product\/tunn-oliv-tra-plattor-30-pk-0-25-x-1-25-x-2-75\/#primaryimage"},"thumbnailUrl":"https:\/\/old.holyland-olivewood.com\/wp-content\/uploads\/2016\/05\/thin_olive_wood_slabs_bethlehem_holy_land_s120_1-1.jpg","datePublished":"2022-02-11T20:41:42+00:00","description":"Betlehem olivtr\u00e4 hantverk (dvs. rosaries, k\u00f6ksutrustning, f\u00f6delse, upps\u00e4ttningar, p\u00e4rlor)penn\u00e4mnen sniderier, plattor, block,&r\u00e5 lager i standard och anpassade dimensioner.","breadcrumb":{"@id":"https:\/\/old.holyland-olivewood.com\/sv\/product\/tunn-oliv-tra-plattor-30-pk-0-25-x-1-25-x-2-75\/#breadcrumb"},"inLanguage":"sv-SE","potentialAction":[{"@type":"ReadAction","target":["https:\/\/old.holyland-olivewood.com\/sv\/product\/tunn-oliv-tra-plattor-30-pk-0-25-x-1-25-x-2-75\/"]}]},{"@type":"ImageObject","inLanguage":"sv-SE","@id":"https:\/\/old.holyland-olivewood.com\/sv\/product\/tunn-oliv-tra-plattor-30-pk-0-25-x-1-25-x-2-75\/#primaryimage","url":"https:\/\/old.holyland-olivewood.com\/wp-content\/uploads\/2016\/05\/thin_olive_wood_slabs_bethlehem_holy_land_s120_1-1.jpg","contentUrl":"https:\/\/old.holyland-olivewood.com\/wp-content\/uploads\/2016\/05\/thin_olive_wood_slabs_bethlehem_holy_land_s120_1-1.jpg","width":1550,"height":1200},{"@type":"BreadcrumbList","@id":"https:\/\/old.holyland-olivewood.com\/sv\/product\/tunn-oliv-tra-plattor-30-pk-0-25-x-1-25-x-2-75\/#breadcrumb","itemListElement":[{"@type":"ListItem","position":1,"name":"Home","item":"https:\/\/old.holyland-olivewood.com\/sv\/"},{"@type":"ListItem","position":2,"name":"Butik","item":"https:\/\/old.holyland-olivewood.com\/sv\/butik\/"},{"@type":"ListItem","position":3,"name":"Tunna olivtr\u00e4plattor 30 pk (0,25 x 1,25 x 2,75&#8243; ) #S120"}]},{"@type":"WebSite","@id":"https:\/\/old.holyland-olivewood.com\/sv\/#website","url":"https:\/\/old.holyland-olivewood.com\/sv\/","name":"Holy Land Olive Wood - Bethlehem Olive Wood Factory","description":"Holy Land Olivewood Bethlehem","publisher":{"@id":"https:\/\/old.holyland-olivewood.com\/sv\/#organization"},"potentialAction":[{"@type":"SearchAction","target":{"@type":"EntryPoint","urlTemplate":"https:\/\/old.holyland-olivewood.com\/sv\/?s={search_term_string}"},"query-input":{"@type":"PropertyValueSpecification","valueRequired":true,"valueName":"search_term_string"}}],"inLanguage":"sv-SE"},{"@type":"Organization","@id":"https:\/\/old.holyland-olivewood.com\/sv\/#organization","name":"Holy Land Olivewood","url":"https:\/\/old.holyland-olivewood.com\/sv\/","logo":{"@type":"ImageObject","inLanguage":"sv-SE","@id":"https:\/\/old.holyland-olivewood.com\/sv\/#\/schema\/logo\/image\/","url":"","contentUrl":"","caption":"Holy Land Olivewood"},"image":{"@id":"https:\/\/old.holyland-olivewood.com\/sv\/#\/schema\/logo\/image\/"},"sameAs":["https:\/\/www.facebook.com\/holylandolivewood.bethlehem\/","http:\/\/instagram.com\/holy.land.olive.wood"]}]}},"_links":{"self":[{"href":"https:\/\/old.holyland-olivewood.com\/sv\/wp-json\/wp\/v2\/product\/47057","targetHints":{"allow":["GET"]}}],"collection":[{"href":"https:\/\/old.holyland-olivewood.com\/sv\/wp-json\/wp\/v2\/product"}],"about":[{"href":"https:\/\/old.holyland-olivewood.com\/sv\/wp-json\/wp\/v2\/types\/product"}],"wp:featuredmedia":[{"embeddable":true,"href":"https:\/\/old.holyland-olivewood.com\/sv\/wp-json\/wp\/v2\/media\/32572"}],"wp:attachment":[{"href":"https:\/\/old.holyland-olivewood.com\/sv\/wp-json\/wp\/v2\/media?parent=47057"}],"wp:term":[{"taxonomy":"product_brand","embeddable":true,"href":"https:\/\/old.holyland-olivewood.com\/sv\/wp-json\/wp\/v2\/product_brand?post=47057"},{"taxonomy":"product_cat","embeddable":true,"href":"https:\/\/old.holyland-olivewood.com\/sv\/wp-json\/wp\/v2\/product_cat?post=47057"},{"taxonomy":"product_tag","embeddable":true,"href":"https:\/\/old.holyland-olivewood.com\/sv\/wp-json\/wp\/v2\/product_tag?post=47057"}],"curies":[{"name":"wp","href":"https:\/\/api.w.org\/{rel}","templated":true}]}}