{"id":46844,"date":"2016-05-30T19:12:11","date_gmt":"2022-02-11T19:59:02","guid":{"rendered":"https:\/\/old.holyland-olivewood.com\/product\/radbandskrucifix-45-cm-175-b102\/"},"modified":"2022-02-11T19:59:02","modified_gmt":"2022-02-11T19:59:02","slug":"radband-krucifix-4-5-cm-1-75","status":"publish","type":"product","link":"https:\/\/old.holyland-olivewood.com\/sv\/product\/radband-krucifix-4-5-cm-1-75\/","title":{"rendered":"Radbandskrucifix (4,5 cm \/ 1,75&#8243;) #B102"},"content":{"rendered":"","protected":false},"excerpt":{"rendered":"<p>Detta vackra radbandskrucifix \u00e4r handgjort i Italien och har v\u00e4lsignats i F\u00f6delsekyrkan i Betlehem, Heliga landet. Skapa ditt eget unika radband med hj\u00e4lp av detta h\u00e4rliga krucifix. Ordet Jerusalem \u00e4r ingraverat p\u00e5 baksidan.<br \/>\nVi kan ocks\u00e5 f\u00f6rse dig med h\u00f6gkvalitativa radbandsdelar som mittstycken och olivtr\u00e4p\u00e4rlor gjorda i Betlehem.<\/p>\n<p>Storlek: 4,5 cm<\/p>\n","protected":false},"featured_media":27667,"template":"","meta":[],"product_brand":[],"product_cat":[1780,2234],"product_tag":[2243,1038,2241,2247,1135,1098,1209,1089,1107,2244,1080,1085,1076,1081,1094,1154,1130,1118,1114,1111,2246,1138,1056,1066,1155,2238,2236,1091,1044,2239,2240,2242,1061,1069,1785],"class_list":{"0":"post-46844","1":"product","2":"type-product","3":"status-publish","4":"has-post-thumbnail","6":"product_cat-diverse-sv","7":"product_cat-parlor-radband-hardvara","8":"product_tag-barn-sv","9":"product_tag-betlehem-sv","10":"product_tag-bindgarn","11":"product_tag-centerpieces-sv","12":"product_tag-foedselskirken-sv","13":"product_tag-gav","14":"product_tag-gavor","15":"product_tag-haandlavet-sv","16":"product_tag-haandvaerk-sv-2","17":"product_tag-hardvara","18":"product_tag-hellig-sv","19":"product_tag-jerusalem-sv","20":"product_tag-jesus-sv-2","21":"product_tag-jord-sv","22":"product_tag-jul-sv","23":"product_tag-katolsk-sv-2","24":"product_tag-kirke-sv","25":"product_tag-kors-sv","26":"product_tag-kristen-sv","27":"product_tag-kunsthaandvaerk-sv","28":"product_tag-mittpunkten-sv","29":"product_tag-mor-sv","30":"product_tag-oliven-sv","31":"product_tag-oliventrae-sv-2","32":"product_tag-ortodoks-sv","33":"product_tag-oval-sv-2","34":"product_tag-parlor","35":"product_tag-rosenkrans-sv","36":"product_tag-rosenkranse-sv","37":"product_tag-rund-sv","38":"product_tag-snidade","39":"product_tag-snore","40":"product_tag-trae-sv-2","41":"product_tag-udskaering-sv","42":"product_tag-vatten","44":"first","45":"instock","46":"shipping-taxable","47":"purchasable","48":"product-type-simple"},"yoast_head":"<!-- This site is optimized with the Yoast SEO plugin v24.8.1 - https:\/\/yoast.com\/wordpress\/plugins\/seo\/ -->\n<title>Radbandskrucifix (4,5 cm \/ 1,75&quot;) #B102 - Holy Land Olive Wood - Bethlehem Olive Wood Factory<\/title>\n<meta name=\"description\" content=\"Betlehem olivtr\u00e4 hantverk (dvs. rosaries, ovala, snidade, runda, p\u00e4rlor) sniderier, mittstycken,&amp;r\u00e5a lager i standard och anpassade dimensioner.\" \/>\n<meta name=\"robots\" content=\"index, follow, max-snippet:-1, max-image-preview:large, max-video-preview:-1\" \/>\n<link rel=\"canonical\" href=\"https:\/\/old.holyland-olivewood.com\/sv\/product\/radband-krucifix-4-5-cm-1-75\/\" \/>\n<meta property=\"og:locale\" content=\"sv_SE\" \/>\n<meta property=\"og:type\" content=\"article\" \/>\n<meta property=\"og:title\" content=\"Radbandskrucifix (4,5 cm \/ 1,75&quot;) #B102 - Holy Land Olive Wood - Bethlehem Olive Wood Factory\" \/>\n<meta property=\"og:description\" content=\"Betlehem olivtr\u00e4 hantverk (dvs. rosaries, ovala, snidade, runda, p\u00e4rlor) sniderier, mittstycken,&amp;r\u00e5a lager i standard och anpassade dimensioner.\" \/>\n<meta property=\"og:url\" content=\"https:\/\/old.holyland-olivewood.com\/sv\/product\/radband-krucifix-4-5-cm-1-75\/\" \/>\n<meta property=\"og:site_name\" content=\"Holy Land Olive Wood - Bethlehem Olive Wood Factory\" \/>\n<meta property=\"article:publisher\" content=\"https:\/\/www.facebook.com\/holylandolivewood.bethlehem\/\" \/>\n<meta property=\"og:image\" content=\"https:\/\/old.holyland-olivewood.com\/wp-content\/uploads\/2016\/05\/rosary_crucifix_holy_land_olive_wood_b101.jpg\" \/>\n\t<meta property=\"og:image:width\" content=\"1550\" \/>\n\t<meta property=\"og:image:height\" content=\"1200\" \/>\n\t<meta property=\"og:image:type\" content=\"image\/jpeg\" \/>\n<meta name=\"twitter:card\" content=\"summary_large_image\" \/>\n<script type=\"application\/ld+json\" class=\"yoast-schema-graph\">{\"@context\":\"https:\/\/schema.org\",\"@graph\":[{\"@type\":\"WebPage\",\"@id\":\"https:\/\/old.holyland-olivewood.com\/sv\/product\/radband-krucifix-4-5-cm-1-75\/\",\"url\":\"https:\/\/old.holyland-olivewood.com\/sv\/product\/radband-krucifix-4-5-cm-1-75\/\",\"name\":\"Radbandskrucifix (4,5 cm \/ 1,75\\\") #B102 - Holy Land Olive Wood - Bethlehem Olive Wood Factory\",\"isPartOf\":{\"@id\":\"https:\/\/old.holyland-olivewood.com\/sv\/#website\"},\"primaryImageOfPage\":{\"@id\":\"https:\/\/old.holyland-olivewood.com\/sv\/product\/radband-krucifix-4-5-cm-1-75\/#primaryimage\"},\"image\":{\"@id\":\"https:\/\/old.holyland-olivewood.com\/sv\/product\/radband-krucifix-4-5-cm-1-75\/#primaryimage\"},\"thumbnailUrl\":\"https:\/\/old.holyland-olivewood.com\/wp-content\/uploads\/2016\/05\/rosary_crucifix_holy_land_olive_wood_b101.jpg\",\"datePublished\":\"2022-02-11T19:59:02+00:00\",\"description\":\"Betlehem olivtr\u00e4 hantverk (dvs. rosaries, ovala, snidade, runda, p\u00e4rlor) sniderier, mittstycken,&r\u00e5a lager i standard och anpassade dimensioner.\",\"breadcrumb\":{\"@id\":\"https:\/\/old.holyland-olivewood.com\/sv\/product\/radband-krucifix-4-5-cm-1-75\/#breadcrumb\"},\"inLanguage\":\"sv-SE\",\"potentialAction\":[{\"@type\":\"ReadAction\",\"target\":[\"https:\/\/old.holyland-olivewood.com\/sv\/product\/radband-krucifix-4-5-cm-1-75\/\"]}]},{\"@type\":\"ImageObject\",\"inLanguage\":\"sv-SE\",\"@id\":\"https:\/\/old.holyland-olivewood.com\/sv\/product\/radband-krucifix-4-5-cm-1-75\/#primaryimage\",\"url\":\"https:\/\/old.holyland-olivewood.com\/wp-content\/uploads\/2016\/05\/rosary_crucifix_holy_land_olive_wood_b101.jpg\",\"contentUrl\":\"https:\/\/old.holyland-olivewood.com\/wp-content\/uploads\/2016\/05\/rosary_crucifix_holy_land_olive_wood_b101.jpg\",\"width\":1550,\"height\":1200},{\"@type\":\"BreadcrumbList\",\"@id\":\"https:\/\/old.holyland-olivewood.com\/sv\/product\/radband-krucifix-4-5-cm-1-75\/#breadcrumb\",\"itemListElement\":[{\"@type\":\"ListItem\",\"position\":1,\"name\":\"Home\",\"item\":\"https:\/\/old.holyland-olivewood.com\/sv\/\"},{\"@type\":\"ListItem\",\"position\":2,\"name\":\"Butik\",\"item\":\"https:\/\/old.holyland-olivewood.com\/sv\/butik\/\"},{\"@type\":\"ListItem\",\"position\":3,\"name\":\"Radbandskrucifix (4,5 cm \/ 1,75&#8243;) #B102\"}]},{\"@type\":\"WebSite\",\"@id\":\"https:\/\/old.holyland-olivewood.com\/sv\/#website\",\"url\":\"https:\/\/old.holyland-olivewood.com\/sv\/\",\"name\":\"Holy Land Olive Wood - Bethlehem Olive Wood Factory\",\"description\":\"Holy Land Olivewood Bethlehem\",\"publisher\":{\"@id\":\"https:\/\/old.holyland-olivewood.com\/sv\/#organization\"},\"potentialAction\":[{\"@type\":\"SearchAction\",\"target\":{\"@type\":\"EntryPoint\",\"urlTemplate\":\"https:\/\/old.holyland-olivewood.com\/sv\/?s={search_term_string}\"},\"query-input\":{\"@type\":\"PropertyValueSpecification\",\"valueRequired\":true,\"valueName\":\"search_term_string\"}}],\"inLanguage\":\"sv-SE\"},{\"@type\":\"Organization\",\"@id\":\"https:\/\/old.holyland-olivewood.com\/sv\/#organization\",\"name\":\"Holy Land Olivewood\",\"url\":\"https:\/\/old.holyland-olivewood.com\/sv\/\",\"logo\":{\"@type\":\"ImageObject\",\"inLanguage\":\"sv-SE\",\"@id\":\"https:\/\/old.holyland-olivewood.com\/sv\/#\/schema\/logo\/image\/\",\"url\":\"\",\"contentUrl\":\"\",\"caption\":\"Holy Land Olivewood\"},\"image\":{\"@id\":\"https:\/\/old.holyland-olivewood.com\/sv\/#\/schema\/logo\/image\/\"},\"sameAs\":[\"https:\/\/www.facebook.com\/holylandolivewood.bethlehem\/\",\"http:\/\/instagram.com\/holy.land.olive.wood\"]}]}<\/script>\n<!-- \/ Yoast SEO plugin. -->","yoast_head_json":{"title":"Radbandskrucifix (4,5 cm \/ 1,75\") #B102 - Holy Land Olive Wood - Bethlehem Olive Wood Factory","description":"Betlehem olivtr\u00e4 hantverk (dvs. rosaries, ovala, snidade, runda, p\u00e4rlor) sniderier, mittstycken,&r\u00e5a lager i standard och anpassade dimensioner.","robots":{"index":"index","follow":"follow","max-snippet":"max-snippet:-1","max-image-preview":"max-image-preview:large","max-video-preview":"max-video-preview:-1"},"canonical":"https:\/\/old.holyland-olivewood.com\/sv\/product\/radband-krucifix-4-5-cm-1-75\/","og_locale":"sv_SE","og_type":"article","og_title":"Radbandskrucifix (4,5 cm \/ 1,75\") #B102 - Holy Land Olive Wood - Bethlehem Olive Wood Factory","og_description":"Betlehem olivtr\u00e4 hantverk (dvs. rosaries, ovala, snidade, runda, p\u00e4rlor) sniderier, mittstycken,&r\u00e5a lager i standard och anpassade dimensioner.","og_url":"https:\/\/old.holyland-olivewood.com\/sv\/product\/radband-krucifix-4-5-cm-1-75\/","og_site_name":"Holy Land Olive Wood - Bethlehem Olive Wood Factory","article_publisher":"https:\/\/www.facebook.com\/holylandolivewood.bethlehem\/","og_image":[{"width":1550,"height":1200,"url":"https:\/\/old.holyland-olivewood.com\/wp-content\/uploads\/2016\/05\/rosary_crucifix_holy_land_olive_wood_b101.jpg","type":"image\/jpeg"}],"twitter_card":"summary_large_image","schema":{"@context":"https:\/\/schema.org","@graph":[{"@type":"WebPage","@id":"https:\/\/old.holyland-olivewood.com\/sv\/product\/radband-krucifix-4-5-cm-1-75\/","url":"https:\/\/old.holyland-olivewood.com\/sv\/product\/radband-krucifix-4-5-cm-1-75\/","name":"Radbandskrucifix (4,5 cm \/ 1,75\") #B102 - Holy Land Olive Wood - Bethlehem Olive Wood Factory","isPartOf":{"@id":"https:\/\/old.holyland-olivewood.com\/sv\/#website"},"primaryImageOfPage":{"@id":"https:\/\/old.holyland-olivewood.com\/sv\/product\/radband-krucifix-4-5-cm-1-75\/#primaryimage"},"image":{"@id":"https:\/\/old.holyland-olivewood.com\/sv\/product\/radband-krucifix-4-5-cm-1-75\/#primaryimage"},"thumbnailUrl":"https:\/\/old.holyland-olivewood.com\/wp-content\/uploads\/2016\/05\/rosary_crucifix_holy_land_olive_wood_b101.jpg","datePublished":"2022-02-11T19:59:02+00:00","description":"Betlehem olivtr\u00e4 hantverk (dvs. rosaries, ovala, snidade, runda, p\u00e4rlor) sniderier, mittstycken,&r\u00e5a lager i standard och anpassade dimensioner.","breadcrumb":{"@id":"https:\/\/old.holyland-olivewood.com\/sv\/product\/radband-krucifix-4-5-cm-1-75\/#breadcrumb"},"inLanguage":"sv-SE","potentialAction":[{"@type":"ReadAction","target":["https:\/\/old.holyland-olivewood.com\/sv\/product\/radband-krucifix-4-5-cm-1-75\/"]}]},{"@type":"ImageObject","inLanguage":"sv-SE","@id":"https:\/\/old.holyland-olivewood.com\/sv\/product\/radband-krucifix-4-5-cm-1-75\/#primaryimage","url":"https:\/\/old.holyland-olivewood.com\/wp-content\/uploads\/2016\/05\/rosary_crucifix_holy_land_olive_wood_b101.jpg","contentUrl":"https:\/\/old.holyland-olivewood.com\/wp-content\/uploads\/2016\/05\/rosary_crucifix_holy_land_olive_wood_b101.jpg","width":1550,"height":1200},{"@type":"BreadcrumbList","@id":"https:\/\/old.holyland-olivewood.com\/sv\/product\/radband-krucifix-4-5-cm-1-75\/#breadcrumb","itemListElement":[{"@type":"ListItem","position":1,"name":"Home","item":"https:\/\/old.holyland-olivewood.com\/sv\/"},{"@type":"ListItem","position":2,"name":"Butik","item":"https:\/\/old.holyland-olivewood.com\/sv\/butik\/"},{"@type":"ListItem","position":3,"name":"Radbandskrucifix (4,5 cm \/ 1,75&#8243;) #B102"}]},{"@type":"WebSite","@id":"https:\/\/old.holyland-olivewood.com\/sv\/#website","url":"https:\/\/old.holyland-olivewood.com\/sv\/","name":"Holy Land Olive Wood - Bethlehem Olive Wood Factory","description":"Holy Land Olivewood Bethlehem","publisher":{"@id":"https:\/\/old.holyland-olivewood.com\/sv\/#organization"},"potentialAction":[{"@type":"SearchAction","target":{"@type":"EntryPoint","urlTemplate":"https:\/\/old.holyland-olivewood.com\/sv\/?s={search_term_string}"},"query-input":{"@type":"PropertyValueSpecification","valueRequired":true,"valueName":"search_term_string"}}],"inLanguage":"sv-SE"},{"@type":"Organization","@id":"https:\/\/old.holyland-olivewood.com\/sv\/#organization","name":"Holy Land Olivewood","url":"https:\/\/old.holyland-olivewood.com\/sv\/","logo":{"@type":"ImageObject","inLanguage":"sv-SE","@id":"https:\/\/old.holyland-olivewood.com\/sv\/#\/schema\/logo\/image\/","url":"","contentUrl":"","caption":"Holy Land Olivewood"},"image":{"@id":"https:\/\/old.holyland-olivewood.com\/sv\/#\/schema\/logo\/image\/"},"sameAs":["https:\/\/www.facebook.com\/holylandolivewood.bethlehem\/","http:\/\/instagram.com\/holy.land.olive.wood"]}]}},"_links":{"self":[{"href":"https:\/\/old.holyland-olivewood.com\/sv\/wp-json\/wp\/v2\/product\/46844","targetHints":{"allow":["GET"]}}],"collection":[{"href":"https:\/\/old.holyland-olivewood.com\/sv\/wp-json\/wp\/v2\/product"}],"about":[{"href":"https:\/\/old.holyland-olivewood.com\/sv\/wp-json\/wp\/v2\/types\/product"}],"wp:featuredmedia":[{"embeddable":true,"href":"https:\/\/old.holyland-olivewood.com\/sv\/wp-json\/wp\/v2\/media\/27667"}],"wp:attachment":[{"href":"https:\/\/old.holyland-olivewood.com\/sv\/wp-json\/wp\/v2\/media?parent=46844"}],"wp:term":[{"taxonomy":"product_brand","embeddable":true,"href":"https:\/\/old.holyland-olivewood.com\/sv\/wp-json\/wp\/v2\/product_brand?post=46844"},{"taxonomy":"product_cat","embeddable":true,"href":"https:\/\/old.holyland-olivewood.com\/sv\/wp-json\/wp\/v2\/product_cat?post=46844"},{"taxonomy":"product_tag","embeddable":true,"href":"https:\/\/old.holyland-olivewood.com\/sv\/wp-json\/wp\/v2\/product_tag?post=46844"}],"curies":[{"name":"wp","href":"https:\/\/api.w.org\/{rel}","templated":true}]}}