{"id":46145,"date":"2016-05-30T20:32:52","date_gmt":"2022-02-11T13:52:45","guid":{"rendered":"https:\/\/old.holyland-olivewood.com\/product\/nyckelring-av-olivtra-ke102\/"},"modified":"2022-02-11T13:52:45","modified_gmt":"2022-02-11T13:52:45","slug":"nyckelring-av-olivtra-2","status":"publish","type":"product","link":"https:\/\/old.holyland-olivewood.com\/sv\/product\/nyckelring-av-olivtra-2\/","title":{"rendered":"Nyckelring av olivtr\u00e4 #KE102"},"content":{"rendered":"","protected":false},"excerpt":{"rendered":"<p>Denna vackra hj\u00e4rtnyckelring \u00e4r handgjord i det heliga landet fr\u00e5n h\u00e5llbart sk\u00f6rdad, autentisk Betlehem Olivewood. Denna unika eleganta hand snidade och handgjorda olivtr\u00e4 nyckelring \u00e4r gjord av de b\u00e4sta olivtr\u00e4 besk\u00e4rningar av Heliga land olivtr\u00e4d. En g\u00e5va av k\u00e4rlek som ges med den heliga landandan.<\/p>\n<p>Denna artikel inneh\u00e5ller ett \u00e4kthetsintyg som verifierar de material och tekniker som anv\u00e4nds f\u00f6r att tillverka denna produkt.<\/p>\n","protected":false},"featured_media":28028,"template":"","meta":[],"product_brand":[],"product_cat":[1780,2534],"product_tag":[1038,3789,1135,1098,1209,1089,1107,1080,1791,1085,1076,1081,1094,3792,1154,1130,1118,1114,1788,1111,3781,3783,3786,1056,1066,1155,1061,1069],"class_list":{"0":"post-46145","1":"product","2":"type-product","3":"status-publish","4":"has-post-thumbnail","6":"product_cat-diverse-sv","7":"product_cat-nyckelringar","8":"product_tag-betlehem-sv","9":"product_tag-fisk-sv","10":"product_tag-foedselskirken-sv","11":"product_tag-gav","12":"product_tag-gavor","13":"product_tag-haandlavet-sv","14":"product_tag-haandvaerk-sv-2","15":"product_tag-hellig-sv","16":"product_tag-hjarta","17":"product_tag-jerusalem-sv","18":"product_tag-jesus-sv-2","19":"product_tag-jord-sv","20":"product_tag-jul-sv","21":"product_tag-karlek","22":"product_tag-katolsk-sv-2","23":"product_tag-kirke-sv","24":"product_tag-kors-sv","25":"product_tag-kristen-sv","26":"product_tag-kristus-sv","27":"product_tag-kunsthaandvaerk-sv","28":"product_tag-metall-sv","29":"product_tag-nyckelring","30":"product_tag-nyckelringar","31":"product_tag-oliven-sv","32":"product_tag-oliventrae-sv-2","33":"product_tag-ortodoks-sv","34":"product_tag-trae-sv-2","35":"product_tag-udskaering-sv","37":"first","38":"instock","39":"shipping-taxable","40":"purchasable","41":"product-type-simple"},"yoast_head":"<!-- This site is optimized with the Yoast SEO plugin v24.8.1 - https:\/\/yoast.com\/wordpress\/plugins\/seo\/ -->\n<title>Nyckelring av olivtr\u00e4 #KE102 - Holy Land Olive Wood - Bethlehem Olive Wood Factory<\/title>\n<meta name=\"description\" content=\"Betlehem olivtr\u00e4 hantverk (dvs. nyckelringar, k\u00f6ksutrustning, julupps\u00e4ttningar, p\u00e4rlor)penn\u00e4mnen sniderier, block,&amp;r\u00e5a lager i standard och anpassade dimensioner.\" \/>\n<meta name=\"robots\" content=\"index, follow, max-snippet:-1, max-image-preview:large, max-video-preview:-1\" \/>\n<link rel=\"canonical\" href=\"https:\/\/old.holyland-olivewood.com\/sv\/product\/nyckelring-av-olivtra-2\/\" \/>\n<meta property=\"og:locale\" content=\"sv_SE\" \/>\n<meta property=\"og:type\" content=\"article\" \/>\n<meta property=\"og:title\" content=\"Nyckelring av olivtr\u00e4 #KE102 - Holy Land Olive Wood - Bethlehem Olive Wood Factory\" \/>\n<meta property=\"og:description\" content=\"Betlehem olivtr\u00e4 hantverk (dvs. nyckelringar, k\u00f6ksutrustning, julupps\u00e4ttningar, p\u00e4rlor)penn\u00e4mnen sniderier, block,&amp;r\u00e5a lager i standard och anpassade dimensioner.\" \/>\n<meta property=\"og:url\" content=\"https:\/\/old.holyland-olivewood.com\/sv\/product\/nyckelring-av-olivtra-2\/\" \/>\n<meta property=\"og:site_name\" content=\"Holy Land Olive Wood - Bethlehem Olive Wood Factory\" \/>\n<meta property=\"article:publisher\" content=\"https:\/\/www.facebook.com\/holylandolivewood.bethlehem\/\" \/>\n<meta property=\"og:image\" content=\"https:\/\/old.holyland-olivewood.com\/wp-content\/uploads\/2016\/05\/keychains_holy_land_olive_wood_bethlehem_ke102.jpg\" \/>\n\t<meta property=\"og:image:width\" content=\"1550\" \/>\n\t<meta property=\"og:image:height\" content=\"1200\" \/>\n\t<meta property=\"og:image:type\" content=\"image\/jpeg\" \/>\n<meta name=\"twitter:card\" content=\"summary_large_image\" \/>\n<script type=\"application\/ld+json\" class=\"yoast-schema-graph\">{\"@context\":\"https:\/\/schema.org\",\"@graph\":[{\"@type\":\"WebPage\",\"@id\":\"https:\/\/old.holyland-olivewood.com\/sv\/product\/nyckelring-av-olivtra-2\/\",\"url\":\"https:\/\/old.holyland-olivewood.com\/sv\/product\/nyckelring-av-olivtra-2\/\",\"name\":\"Nyckelring av olivtr\u00e4 #KE102 - Holy Land Olive Wood - Bethlehem Olive Wood Factory\",\"isPartOf\":{\"@id\":\"https:\/\/old.holyland-olivewood.com\/sv\/#website\"},\"primaryImageOfPage\":{\"@id\":\"https:\/\/old.holyland-olivewood.com\/sv\/product\/nyckelring-av-olivtra-2\/#primaryimage\"},\"image\":{\"@id\":\"https:\/\/old.holyland-olivewood.com\/sv\/product\/nyckelring-av-olivtra-2\/#primaryimage\"},\"thumbnailUrl\":\"https:\/\/old.holyland-olivewood.com\/wp-content\/uploads\/2016\/05\/keychains_holy_land_olive_wood_bethlehem_ke102.jpg\",\"datePublished\":\"2022-02-11T13:52:45+00:00\",\"description\":\"Betlehem olivtr\u00e4 hantverk (dvs. nyckelringar, k\u00f6ksutrustning, julupps\u00e4ttningar, p\u00e4rlor)penn\u00e4mnen sniderier, block,&r\u00e5a lager i standard och anpassade dimensioner.\",\"breadcrumb\":{\"@id\":\"https:\/\/old.holyland-olivewood.com\/sv\/product\/nyckelring-av-olivtra-2\/#breadcrumb\"},\"inLanguage\":\"sv-SE\",\"potentialAction\":[{\"@type\":\"ReadAction\",\"target\":[\"https:\/\/old.holyland-olivewood.com\/sv\/product\/nyckelring-av-olivtra-2\/\"]}]},{\"@type\":\"ImageObject\",\"inLanguage\":\"sv-SE\",\"@id\":\"https:\/\/old.holyland-olivewood.com\/sv\/product\/nyckelring-av-olivtra-2\/#primaryimage\",\"url\":\"https:\/\/old.holyland-olivewood.com\/wp-content\/uploads\/2016\/05\/keychains_holy_land_olive_wood_bethlehem_ke102.jpg\",\"contentUrl\":\"https:\/\/old.holyland-olivewood.com\/wp-content\/uploads\/2016\/05\/keychains_holy_land_olive_wood_bethlehem_ke102.jpg\",\"width\":1550,\"height\":1200},{\"@type\":\"BreadcrumbList\",\"@id\":\"https:\/\/old.holyland-olivewood.com\/sv\/product\/nyckelring-av-olivtra-2\/#breadcrumb\",\"itemListElement\":[{\"@type\":\"ListItem\",\"position\":1,\"name\":\"Home\",\"item\":\"https:\/\/old.holyland-olivewood.com\/sv\/\"},{\"@type\":\"ListItem\",\"position\":2,\"name\":\"Butik\",\"item\":\"https:\/\/old.holyland-olivewood.com\/sv\/butik\/\"},{\"@type\":\"ListItem\",\"position\":3,\"name\":\"Nyckelring av olivtr\u00e4 #KE102\"}]},{\"@type\":\"WebSite\",\"@id\":\"https:\/\/old.holyland-olivewood.com\/sv\/#website\",\"url\":\"https:\/\/old.holyland-olivewood.com\/sv\/\",\"name\":\"Holy Land Olive Wood - Bethlehem Olive Wood Factory\",\"description\":\"Holy Land Olivewood Bethlehem\",\"publisher\":{\"@id\":\"https:\/\/old.holyland-olivewood.com\/sv\/#organization\"},\"potentialAction\":[{\"@type\":\"SearchAction\",\"target\":{\"@type\":\"EntryPoint\",\"urlTemplate\":\"https:\/\/old.holyland-olivewood.com\/sv\/?s={search_term_string}\"},\"query-input\":{\"@type\":\"PropertyValueSpecification\",\"valueRequired\":true,\"valueName\":\"search_term_string\"}}],\"inLanguage\":\"sv-SE\"},{\"@type\":\"Organization\",\"@id\":\"https:\/\/old.holyland-olivewood.com\/sv\/#organization\",\"name\":\"Holy Land Olivewood\",\"url\":\"https:\/\/old.holyland-olivewood.com\/sv\/\",\"logo\":{\"@type\":\"ImageObject\",\"inLanguage\":\"sv-SE\",\"@id\":\"https:\/\/old.holyland-olivewood.com\/sv\/#\/schema\/logo\/image\/\",\"url\":\"\",\"contentUrl\":\"\",\"caption\":\"Holy Land Olivewood\"},\"image\":{\"@id\":\"https:\/\/old.holyland-olivewood.com\/sv\/#\/schema\/logo\/image\/\"},\"sameAs\":[\"https:\/\/www.facebook.com\/holylandolivewood.bethlehem\/\",\"http:\/\/instagram.com\/holy.land.olive.wood\"]}]}<\/script>\n<!-- \/ Yoast SEO plugin. -->","yoast_head_json":{"title":"Nyckelring av olivtr\u00e4 #KE102 - Holy Land Olive Wood - Bethlehem Olive Wood Factory","description":"Betlehem olivtr\u00e4 hantverk (dvs. nyckelringar, k\u00f6ksutrustning, julupps\u00e4ttningar, p\u00e4rlor)penn\u00e4mnen sniderier, block,&r\u00e5a lager i standard och anpassade dimensioner.","robots":{"index":"index","follow":"follow","max-snippet":"max-snippet:-1","max-image-preview":"max-image-preview:large","max-video-preview":"max-video-preview:-1"},"canonical":"https:\/\/old.holyland-olivewood.com\/sv\/product\/nyckelring-av-olivtra-2\/","og_locale":"sv_SE","og_type":"article","og_title":"Nyckelring av olivtr\u00e4 #KE102 - Holy Land Olive Wood - Bethlehem Olive Wood Factory","og_description":"Betlehem olivtr\u00e4 hantverk (dvs. nyckelringar, k\u00f6ksutrustning, julupps\u00e4ttningar, p\u00e4rlor)penn\u00e4mnen sniderier, block,&r\u00e5a lager i standard och anpassade dimensioner.","og_url":"https:\/\/old.holyland-olivewood.com\/sv\/product\/nyckelring-av-olivtra-2\/","og_site_name":"Holy Land Olive Wood - Bethlehem Olive Wood Factory","article_publisher":"https:\/\/www.facebook.com\/holylandolivewood.bethlehem\/","og_image":[{"width":1550,"height":1200,"url":"https:\/\/old.holyland-olivewood.com\/wp-content\/uploads\/2016\/05\/keychains_holy_land_olive_wood_bethlehem_ke102.jpg","type":"image\/jpeg"}],"twitter_card":"summary_large_image","schema":{"@context":"https:\/\/schema.org","@graph":[{"@type":"WebPage","@id":"https:\/\/old.holyland-olivewood.com\/sv\/product\/nyckelring-av-olivtra-2\/","url":"https:\/\/old.holyland-olivewood.com\/sv\/product\/nyckelring-av-olivtra-2\/","name":"Nyckelring av olivtr\u00e4 #KE102 - Holy Land Olive Wood - Bethlehem Olive Wood Factory","isPartOf":{"@id":"https:\/\/old.holyland-olivewood.com\/sv\/#website"},"primaryImageOfPage":{"@id":"https:\/\/old.holyland-olivewood.com\/sv\/product\/nyckelring-av-olivtra-2\/#primaryimage"},"image":{"@id":"https:\/\/old.holyland-olivewood.com\/sv\/product\/nyckelring-av-olivtra-2\/#primaryimage"},"thumbnailUrl":"https:\/\/old.holyland-olivewood.com\/wp-content\/uploads\/2016\/05\/keychains_holy_land_olive_wood_bethlehem_ke102.jpg","datePublished":"2022-02-11T13:52:45+00:00","description":"Betlehem olivtr\u00e4 hantverk (dvs. nyckelringar, k\u00f6ksutrustning, julupps\u00e4ttningar, p\u00e4rlor)penn\u00e4mnen sniderier, block,&r\u00e5a lager i standard och anpassade dimensioner.","breadcrumb":{"@id":"https:\/\/old.holyland-olivewood.com\/sv\/product\/nyckelring-av-olivtra-2\/#breadcrumb"},"inLanguage":"sv-SE","potentialAction":[{"@type":"ReadAction","target":["https:\/\/old.holyland-olivewood.com\/sv\/product\/nyckelring-av-olivtra-2\/"]}]},{"@type":"ImageObject","inLanguage":"sv-SE","@id":"https:\/\/old.holyland-olivewood.com\/sv\/product\/nyckelring-av-olivtra-2\/#primaryimage","url":"https:\/\/old.holyland-olivewood.com\/wp-content\/uploads\/2016\/05\/keychains_holy_land_olive_wood_bethlehem_ke102.jpg","contentUrl":"https:\/\/old.holyland-olivewood.com\/wp-content\/uploads\/2016\/05\/keychains_holy_land_olive_wood_bethlehem_ke102.jpg","width":1550,"height":1200},{"@type":"BreadcrumbList","@id":"https:\/\/old.holyland-olivewood.com\/sv\/product\/nyckelring-av-olivtra-2\/#breadcrumb","itemListElement":[{"@type":"ListItem","position":1,"name":"Home","item":"https:\/\/old.holyland-olivewood.com\/sv\/"},{"@type":"ListItem","position":2,"name":"Butik","item":"https:\/\/old.holyland-olivewood.com\/sv\/butik\/"},{"@type":"ListItem","position":3,"name":"Nyckelring av olivtr\u00e4 #KE102"}]},{"@type":"WebSite","@id":"https:\/\/old.holyland-olivewood.com\/sv\/#website","url":"https:\/\/old.holyland-olivewood.com\/sv\/","name":"Holy Land Olive Wood - Bethlehem Olive Wood Factory","description":"Holy Land Olivewood Bethlehem","publisher":{"@id":"https:\/\/old.holyland-olivewood.com\/sv\/#organization"},"potentialAction":[{"@type":"SearchAction","target":{"@type":"EntryPoint","urlTemplate":"https:\/\/old.holyland-olivewood.com\/sv\/?s={search_term_string}"},"query-input":{"@type":"PropertyValueSpecification","valueRequired":true,"valueName":"search_term_string"}}],"inLanguage":"sv-SE"},{"@type":"Organization","@id":"https:\/\/old.holyland-olivewood.com\/sv\/#organization","name":"Holy Land Olivewood","url":"https:\/\/old.holyland-olivewood.com\/sv\/","logo":{"@type":"ImageObject","inLanguage":"sv-SE","@id":"https:\/\/old.holyland-olivewood.com\/sv\/#\/schema\/logo\/image\/","url":"","contentUrl":"","caption":"Holy Land Olivewood"},"image":{"@id":"https:\/\/old.holyland-olivewood.com\/sv\/#\/schema\/logo\/image\/"},"sameAs":["https:\/\/www.facebook.com\/holylandolivewood.bethlehem\/","http:\/\/instagram.com\/holy.land.olive.wood"]}]}},"_links":{"self":[{"href":"https:\/\/old.holyland-olivewood.com\/sv\/wp-json\/wp\/v2\/product\/46145","targetHints":{"allow":["GET"]}}],"collection":[{"href":"https:\/\/old.holyland-olivewood.com\/sv\/wp-json\/wp\/v2\/product"}],"about":[{"href":"https:\/\/old.holyland-olivewood.com\/sv\/wp-json\/wp\/v2\/types\/product"}],"wp:featuredmedia":[{"embeddable":true,"href":"https:\/\/old.holyland-olivewood.com\/sv\/wp-json\/wp\/v2\/media\/28028"}],"wp:attachment":[{"href":"https:\/\/old.holyland-olivewood.com\/sv\/wp-json\/wp\/v2\/media?parent=46145"}],"wp:term":[{"taxonomy":"product_brand","embeddable":true,"href":"https:\/\/old.holyland-olivewood.com\/sv\/wp-json\/wp\/v2\/product_brand?post=46145"},{"taxonomy":"product_cat","embeddable":true,"href":"https:\/\/old.holyland-olivewood.com\/sv\/wp-json\/wp\/v2\/product_cat?post=46145"},{"taxonomy":"product_tag","embeddable":true,"href":"https:\/\/old.holyland-olivewood.com\/sv\/wp-json\/wp\/v2\/product_tag?post=46145"}],"curies":[{"name":"wp","href":"https:\/\/api.w.org\/{rel}","templated":true}]}}