{"id":45665,"date":"2016-05-30T22:19:02","date_gmt":"2022-02-11T10:19:08","guid":{"rendered":"https:\/\/old.holyland-olivewood.com\/product\/katolsk-parlemor-korsfastelse-20-cm-775-cr144\/"},"modified":"2022-02-11T10:19:08","modified_gmt":"2022-02-11T10:19:08","slug":"katolsk-parlemor-krucifix-20-cm-7-75","status":"publish","type":"product","link":"https:\/\/old.holyland-olivewood.com\/sv\/product\/katolsk-parlemor-krucifix-20-cm-7-75\/","title":{"rendered":"Katolsk p\u00e4rlemor korsf\u00e4stelse (20 cm \/ 7,75&#8242;) #CR144"},"content":{"rendered":"","protected":false},"excerpt":{"rendered":"<p>Detta invecklade katolska krucifix \u00e4r handgjort i det heliga landet fr\u00e5n h\u00e5llbart sk\u00f6rdad, autentisk Betlehem Olivewood. Dess fr\u00e4mre fascia \u00e4r t\u00e4ckt med dekorativa p\u00e4rlemorfan\u00e9r sk\u00f6rdade fr\u00e5n Medelhavet och toppas med en metallisk Jesusfigurin, INRI-plack och inb\u00e4ddade glaskapslar med m\u00e4ssingsramar som inneh\u00e5ller jord, stenar, blomblad och olivbladsflingor fr\u00e5n Betlehem.<\/p>\n<p>Denna artikel inneh\u00e5ller ett \u00e4kthetsintyg som verifierar de material och tekniker som anv\u00e4nds f\u00f6r att tillverka denna produkt.<\/p>\n<p>Storlek: 20 cm (7,75&#8243;)<\/p>\n","protected":false},"featured_media":28352,"template":"","meta":[],"product_brand":[],"product_cat":[1034,1033],"product_tag":[1167,1143,1038,1126,1170,1135,1098,1089,1107,1080,1085,1081,1094,1154,1162,1130,1118,1114,1123,1052,1048,1111,1172,1138,1056,1066,1155,1148,1091,1044,1061,1069],"class_list":{"0":"post-45665","1":"product","2":"type-product","3":"status-publish","4":"has-post-thumbnail","6":"product_cat-kunsthaandvaerk-sv","7":"product_cat-kors-og-krucifikser-sv","8":"product_tag-14-sv","9":"product_tag-af-sv","10":"product_tag-betlehem-sv","11":"product_tag-boen-sv","12":"product_tag-brevpapper","13":"product_tag-foedselskirken-sv","14":"product_tag-gav","15":"product_tag-haandlavet-sv","16":"product_tag-haandvaerk-sv-2","17":"product_tag-hellig-sv","18":"product_tag-jerusalem-sv","19":"product_tag-jord-sv","20":"product_tag-jul-sv","21":"product_tag-katolsk-sv-2","22":"product_tag-keltisk-sv","23":"product_tag-kirke-sv","24":"product_tag-kors-sv","25":"product_tag-kristen-sv","26":"product_tag-krucifiks-sv","27":"product_tag-krucifikser-sv","28":"product_tag-krydser-sv","29":"product_tag-kunsthaandvaerk-sv","30":"product_tag-lya","31":"product_tag-mor-sv","32":"product_tag-oliven-sv","33":"product_tag-oliventrae-sv-2","34":"product_tag-ortodoks-sv","35":"product_tag-perle-sv","36":"product_tag-rosenkrans-sv","37":"product_tag-rosenkranse-sv","38":"product_tag-trae-sv-2","39":"product_tag-udskaering-sv","41":"first","42":"instock","43":"shipping-taxable","44":"purchasable","45":"product-type-simple"},"yoast_head":"<!-- This site is optimized with the Yoast SEO plugin v24.8.1 - https:\/\/yoast.com\/wordpress\/plugins\/seo\/ -->\n<title>Katolsk p\u00e4rlemor korsf\u00e4stelse (20 cm \/ 7,75&#039;) #CR144 - Holy Land Olive Wood - Bethlehem Olive Wood Factory<\/title>\n<meta name=\"description\" content=\"Betlehem olivtr\u00e4 hantverk (dvs. p\u00e4rlemor, kors, krucifix, p\u00e4rlor) penn\u00e4mnen, block &amp; r\u00e5 lager i standard och anpassade dimensioner.\" \/>\n<meta name=\"robots\" content=\"index, follow, max-snippet:-1, max-image-preview:large, max-video-preview:-1\" \/>\n<link rel=\"canonical\" href=\"https:\/\/old.holyland-olivewood.com\/sv\/product\/katolsk-parlemor-krucifix-20-cm-7-75\/\" \/>\n<meta property=\"og:locale\" content=\"sv_SE\" \/>\n<meta property=\"og:type\" content=\"article\" \/>\n<meta property=\"og:title\" content=\"Katolsk p\u00e4rlemor korsf\u00e4stelse (20 cm \/ 7,75&#039;) #CR144 - Holy Land Olive Wood - Bethlehem Olive Wood Factory\" \/>\n<meta property=\"og:description\" content=\"Betlehem olivtr\u00e4 hantverk (dvs. p\u00e4rlemor, kors, krucifix, p\u00e4rlor) penn\u00e4mnen, block &amp; r\u00e5 lager i standard och anpassade dimensioner.\" \/>\n<meta property=\"og:url\" content=\"https:\/\/old.holyland-olivewood.com\/sv\/product\/katolsk-parlemor-krucifix-20-cm-7-75\/\" \/>\n<meta property=\"og:site_name\" content=\"Holy Land Olive Wood - Bethlehem Olive Wood Factory\" \/>\n<meta property=\"article:publisher\" content=\"https:\/\/www.facebook.com\/holylandolivewood.bethlehem\/\" \/>\n<meta property=\"og:image\" content=\"https:\/\/old.holyland-olivewood.com\/wp-content\/uploads\/2016\/05\/mop_crucifix_holy_land_olive_wood_bethlehem_cr143tocr146.jpg\" \/>\n\t<meta property=\"og:image:width\" content=\"1550\" \/>\n\t<meta property=\"og:image:height\" content=\"1200\" \/>\n\t<meta property=\"og:image:type\" content=\"image\/jpeg\" \/>\n<meta name=\"twitter:card\" content=\"summary_large_image\" \/>\n<script type=\"application\/ld+json\" class=\"yoast-schema-graph\">{\"@context\":\"https:\/\/schema.org\",\"@graph\":[{\"@type\":\"WebPage\",\"@id\":\"https:\/\/old.holyland-olivewood.com\/sv\/product\/katolsk-parlemor-krucifix-20-cm-7-75\/\",\"url\":\"https:\/\/old.holyland-olivewood.com\/sv\/product\/katolsk-parlemor-krucifix-20-cm-7-75\/\",\"name\":\"Katolsk p\u00e4rlemor korsf\u00e4stelse (20 cm \/ 7,75') #CR144 - Holy Land Olive Wood - Bethlehem Olive Wood Factory\",\"isPartOf\":{\"@id\":\"https:\/\/old.holyland-olivewood.com\/sv\/#website\"},\"primaryImageOfPage\":{\"@id\":\"https:\/\/old.holyland-olivewood.com\/sv\/product\/katolsk-parlemor-krucifix-20-cm-7-75\/#primaryimage\"},\"image\":{\"@id\":\"https:\/\/old.holyland-olivewood.com\/sv\/product\/katolsk-parlemor-krucifix-20-cm-7-75\/#primaryimage\"},\"thumbnailUrl\":\"https:\/\/old.holyland-olivewood.com\/wp-content\/uploads\/2016\/05\/mop_crucifix_holy_land_olive_wood_bethlehem_cr143tocr146.jpg\",\"datePublished\":\"2022-02-11T10:19:08+00:00\",\"description\":\"Betlehem olivtr\u00e4 hantverk (dvs. p\u00e4rlemor, kors, krucifix, p\u00e4rlor) penn\u00e4mnen, block & r\u00e5 lager i standard och anpassade dimensioner.\",\"breadcrumb\":{\"@id\":\"https:\/\/old.holyland-olivewood.com\/sv\/product\/katolsk-parlemor-krucifix-20-cm-7-75\/#breadcrumb\"},\"inLanguage\":\"sv-SE\",\"potentialAction\":[{\"@type\":\"ReadAction\",\"target\":[\"https:\/\/old.holyland-olivewood.com\/sv\/product\/katolsk-parlemor-krucifix-20-cm-7-75\/\"]}]},{\"@type\":\"ImageObject\",\"inLanguage\":\"sv-SE\",\"@id\":\"https:\/\/old.holyland-olivewood.com\/sv\/product\/katolsk-parlemor-krucifix-20-cm-7-75\/#primaryimage\",\"url\":\"https:\/\/old.holyland-olivewood.com\/wp-content\/uploads\/2016\/05\/mop_crucifix_holy_land_olive_wood_bethlehem_cr143tocr146.jpg\",\"contentUrl\":\"https:\/\/old.holyland-olivewood.com\/wp-content\/uploads\/2016\/05\/mop_crucifix_holy_land_olive_wood_bethlehem_cr143tocr146.jpg\",\"width\":1550,\"height\":1200},{\"@type\":\"BreadcrumbList\",\"@id\":\"https:\/\/old.holyland-olivewood.com\/sv\/product\/katolsk-parlemor-krucifix-20-cm-7-75\/#breadcrumb\",\"itemListElement\":[{\"@type\":\"ListItem\",\"position\":1,\"name\":\"Home\",\"item\":\"https:\/\/old.holyland-olivewood.com\/sv\/\"},{\"@type\":\"ListItem\",\"position\":2,\"name\":\"Butik\",\"item\":\"https:\/\/old.holyland-olivewood.com\/sv\/butik\/\"},{\"@type\":\"ListItem\",\"position\":3,\"name\":\"Katolsk p\u00e4rlemor korsf\u00e4stelse (20 cm \/ 7,75&#8242;) #CR144\"}]},{\"@type\":\"WebSite\",\"@id\":\"https:\/\/old.holyland-olivewood.com\/sv\/#website\",\"url\":\"https:\/\/old.holyland-olivewood.com\/sv\/\",\"name\":\"Holy Land Olive Wood - Bethlehem Olive Wood Factory\",\"description\":\"Holy Land Olivewood Bethlehem\",\"publisher\":{\"@id\":\"https:\/\/old.holyland-olivewood.com\/sv\/#organization\"},\"potentialAction\":[{\"@type\":\"SearchAction\",\"target\":{\"@type\":\"EntryPoint\",\"urlTemplate\":\"https:\/\/old.holyland-olivewood.com\/sv\/?s={search_term_string}\"},\"query-input\":{\"@type\":\"PropertyValueSpecification\",\"valueRequired\":true,\"valueName\":\"search_term_string\"}}],\"inLanguage\":\"sv-SE\"},{\"@type\":\"Organization\",\"@id\":\"https:\/\/old.holyland-olivewood.com\/sv\/#organization\",\"name\":\"Holy Land Olivewood\",\"url\":\"https:\/\/old.holyland-olivewood.com\/sv\/\",\"logo\":{\"@type\":\"ImageObject\",\"inLanguage\":\"sv-SE\",\"@id\":\"https:\/\/old.holyland-olivewood.com\/sv\/#\/schema\/logo\/image\/\",\"url\":\"\",\"contentUrl\":\"\",\"caption\":\"Holy Land Olivewood\"},\"image\":{\"@id\":\"https:\/\/old.holyland-olivewood.com\/sv\/#\/schema\/logo\/image\/\"},\"sameAs\":[\"https:\/\/www.facebook.com\/holylandolivewood.bethlehem\/\",\"http:\/\/instagram.com\/holy.land.olive.wood\"]}]}<\/script>\n<!-- \/ Yoast SEO plugin. -->","yoast_head_json":{"title":"Katolsk p\u00e4rlemor korsf\u00e4stelse (20 cm \/ 7,75') #CR144 - Holy Land Olive Wood - Bethlehem Olive Wood Factory","description":"Betlehem olivtr\u00e4 hantverk (dvs. p\u00e4rlemor, kors, krucifix, p\u00e4rlor) penn\u00e4mnen, block & r\u00e5 lager i standard och anpassade dimensioner.","robots":{"index":"index","follow":"follow","max-snippet":"max-snippet:-1","max-image-preview":"max-image-preview:large","max-video-preview":"max-video-preview:-1"},"canonical":"https:\/\/old.holyland-olivewood.com\/sv\/product\/katolsk-parlemor-krucifix-20-cm-7-75\/","og_locale":"sv_SE","og_type":"article","og_title":"Katolsk p\u00e4rlemor korsf\u00e4stelse (20 cm \/ 7,75') #CR144 - Holy Land Olive Wood - Bethlehem Olive Wood Factory","og_description":"Betlehem olivtr\u00e4 hantverk (dvs. p\u00e4rlemor, kors, krucifix, p\u00e4rlor) penn\u00e4mnen, block & r\u00e5 lager i standard och anpassade dimensioner.","og_url":"https:\/\/old.holyland-olivewood.com\/sv\/product\/katolsk-parlemor-krucifix-20-cm-7-75\/","og_site_name":"Holy Land Olive Wood - Bethlehem Olive Wood Factory","article_publisher":"https:\/\/www.facebook.com\/holylandolivewood.bethlehem\/","og_image":[{"width":1550,"height":1200,"url":"https:\/\/old.holyland-olivewood.com\/wp-content\/uploads\/2016\/05\/mop_crucifix_holy_land_olive_wood_bethlehem_cr143tocr146.jpg","type":"image\/jpeg"}],"twitter_card":"summary_large_image","schema":{"@context":"https:\/\/schema.org","@graph":[{"@type":"WebPage","@id":"https:\/\/old.holyland-olivewood.com\/sv\/product\/katolsk-parlemor-krucifix-20-cm-7-75\/","url":"https:\/\/old.holyland-olivewood.com\/sv\/product\/katolsk-parlemor-krucifix-20-cm-7-75\/","name":"Katolsk p\u00e4rlemor korsf\u00e4stelse (20 cm \/ 7,75') #CR144 - Holy Land Olive Wood - Bethlehem Olive Wood Factory","isPartOf":{"@id":"https:\/\/old.holyland-olivewood.com\/sv\/#website"},"primaryImageOfPage":{"@id":"https:\/\/old.holyland-olivewood.com\/sv\/product\/katolsk-parlemor-krucifix-20-cm-7-75\/#primaryimage"},"image":{"@id":"https:\/\/old.holyland-olivewood.com\/sv\/product\/katolsk-parlemor-krucifix-20-cm-7-75\/#primaryimage"},"thumbnailUrl":"https:\/\/old.holyland-olivewood.com\/wp-content\/uploads\/2016\/05\/mop_crucifix_holy_land_olive_wood_bethlehem_cr143tocr146.jpg","datePublished":"2022-02-11T10:19:08+00:00","description":"Betlehem olivtr\u00e4 hantverk (dvs. p\u00e4rlemor, kors, krucifix, p\u00e4rlor) penn\u00e4mnen, block & r\u00e5 lager i standard och anpassade dimensioner.","breadcrumb":{"@id":"https:\/\/old.holyland-olivewood.com\/sv\/product\/katolsk-parlemor-krucifix-20-cm-7-75\/#breadcrumb"},"inLanguage":"sv-SE","potentialAction":[{"@type":"ReadAction","target":["https:\/\/old.holyland-olivewood.com\/sv\/product\/katolsk-parlemor-krucifix-20-cm-7-75\/"]}]},{"@type":"ImageObject","inLanguage":"sv-SE","@id":"https:\/\/old.holyland-olivewood.com\/sv\/product\/katolsk-parlemor-krucifix-20-cm-7-75\/#primaryimage","url":"https:\/\/old.holyland-olivewood.com\/wp-content\/uploads\/2016\/05\/mop_crucifix_holy_land_olive_wood_bethlehem_cr143tocr146.jpg","contentUrl":"https:\/\/old.holyland-olivewood.com\/wp-content\/uploads\/2016\/05\/mop_crucifix_holy_land_olive_wood_bethlehem_cr143tocr146.jpg","width":1550,"height":1200},{"@type":"BreadcrumbList","@id":"https:\/\/old.holyland-olivewood.com\/sv\/product\/katolsk-parlemor-krucifix-20-cm-7-75\/#breadcrumb","itemListElement":[{"@type":"ListItem","position":1,"name":"Home","item":"https:\/\/old.holyland-olivewood.com\/sv\/"},{"@type":"ListItem","position":2,"name":"Butik","item":"https:\/\/old.holyland-olivewood.com\/sv\/butik\/"},{"@type":"ListItem","position":3,"name":"Katolsk p\u00e4rlemor korsf\u00e4stelse (20 cm \/ 7,75&#8242;) #CR144"}]},{"@type":"WebSite","@id":"https:\/\/old.holyland-olivewood.com\/sv\/#website","url":"https:\/\/old.holyland-olivewood.com\/sv\/","name":"Holy Land Olive Wood - Bethlehem Olive Wood Factory","description":"Holy Land Olivewood Bethlehem","publisher":{"@id":"https:\/\/old.holyland-olivewood.com\/sv\/#organization"},"potentialAction":[{"@type":"SearchAction","target":{"@type":"EntryPoint","urlTemplate":"https:\/\/old.holyland-olivewood.com\/sv\/?s={search_term_string}"},"query-input":{"@type":"PropertyValueSpecification","valueRequired":true,"valueName":"search_term_string"}}],"inLanguage":"sv-SE"},{"@type":"Organization","@id":"https:\/\/old.holyland-olivewood.com\/sv\/#organization","name":"Holy Land Olivewood","url":"https:\/\/old.holyland-olivewood.com\/sv\/","logo":{"@type":"ImageObject","inLanguage":"sv-SE","@id":"https:\/\/old.holyland-olivewood.com\/sv\/#\/schema\/logo\/image\/","url":"","contentUrl":"","caption":"Holy Land Olivewood"},"image":{"@id":"https:\/\/old.holyland-olivewood.com\/sv\/#\/schema\/logo\/image\/"},"sameAs":["https:\/\/www.facebook.com\/holylandolivewood.bethlehem\/","http:\/\/instagram.com\/holy.land.olive.wood"]}]}},"_links":{"self":[{"href":"https:\/\/old.holyland-olivewood.com\/sv\/wp-json\/wp\/v2\/product\/45665","targetHints":{"allow":["GET"]}}],"collection":[{"href":"https:\/\/old.holyland-olivewood.com\/sv\/wp-json\/wp\/v2\/product"}],"about":[{"href":"https:\/\/old.holyland-olivewood.com\/sv\/wp-json\/wp\/v2\/types\/product"}],"wp:featuredmedia":[{"embeddable":true,"href":"https:\/\/old.holyland-olivewood.com\/sv\/wp-json\/wp\/v2\/media\/28352"}],"wp:attachment":[{"href":"https:\/\/old.holyland-olivewood.com\/sv\/wp-json\/wp\/v2\/media?parent=45665"}],"wp:term":[{"taxonomy":"product_brand","embeddable":true,"href":"https:\/\/old.holyland-olivewood.com\/sv\/wp-json\/wp\/v2\/product_brand?post=45665"},{"taxonomy":"product_cat","embeddable":true,"href":"https:\/\/old.holyland-olivewood.com\/sv\/wp-json\/wp\/v2\/product_cat?post=45665"},{"taxonomy":"product_tag","embeddable":true,"href":"https:\/\/old.holyland-olivewood.com\/sv\/wp-json\/wp\/v2\/product_tag?post=45665"}],"curies":[{"name":"wp","href":"https:\/\/api.w.org\/{rel}","templated":true}]}}