{"id":44397,"date":"2016-05-31T10:18:09","date_gmt":"2022-02-10T17:11:52","guid":{"rendered":"https:\/\/old.holyland-olivewood.com\/product\/stark-svart-repstrang-j147\/"},"modified":"2022-02-10T17:11:52","modified_gmt":"2022-02-10T17:11:52","slug":"strong-black-rope-string-2","status":"publish","type":"product","link":"https:\/\/old.holyland-olivewood.com\/sv\/product\/strong-black-rope-string-2\/","title":{"rendered":"Stark svart repstr\u00e4ng #J147"},"content":{"rendered":"","protected":false},"excerpt":{"rendered":"<p>Ingen n\u00e5l beh\u00f6vs. Denna konstn\u00e4rliga mjuka runda fl\u00e4tade str\u00e5kknutar g\u00f6r att du snabbt kan avsluta ditt armband eller halsband. Det kan anv\u00e4ndas i m\u00e5nga smycken tillbeh\u00f6r tillverkning s\u00e5som armband och halsband. Fl\u00e4tad str\u00e4ng \u00e4r en bra och perfekt r\u00e5vara f\u00f6r att g\u00f6ra smycken och allm\u00e4nt hantverk. Bra komplement till dina smycken som tillverkar f\u00f6rn\u00f6denheter.<\/p>\n<p>Den levereras med 5 slumpm\u00e4ssiga h\u00e4ngen, alla handgjorda i det heliga landet fr\u00e5n h\u00e5llbart sk\u00f6rdad, autentisk Betlehem Olivewood<\/p>\n","protected":false},"featured_media":29843,"template":"","meta":[],"product_brand":[],"product_cat":[1034,2052],"product_tag":[2087,2040,2046,1038,1126,2066,1135,1098,2084,1089,1107,2079,1080,1085,1081,1094,1154,1162,1130,2069,1118,1114,1123,1111,1056,1066,2076,1155,2092,2054,2094,2059,1061,1069],"class_list":{"0":"post-44397","1":"product","2":"type-product","3":"status-publish","4":"has-post-thumbnail","6":"product_cat-kunsthaandvaerk-sv","7":"product_cat-smycken","8":"product_tag-armband-sv","9":"product_tag-bedjande","10":"product_tag-besattning","11":"product_tag-betlehem-sv","12":"product_tag-boen-sv","13":"product_tag-brosch","14":"product_tag-foedselskirken-sv","15":"product_tag-gav","16":"product_tag-halsband","17":"product_tag-haandlavet-sv","18":"product_tag-haandvaerk-sv-2","19":"product_tag-hange","20":"product_tag-hellig-sv","21":"product_tag-jerusalem-sv","22":"product_tag-jord-sv","23":"product_tag-jul-sv","24":"product_tag-katolsk-sv-2","25":"product_tag-keltisk-sv","26":"product_tag-kirke-sv","27":"product_tag-knappnal","28":"product_tag-kors-sv","29":"product_tag-kristen-sv","30":"product_tag-krucifiks-sv","31":"product_tag-kunsthaandvaerk-sv","32":"product_tag-oliven-sv","33":"product_tag-oliventrae-sv-2","34":"product_tag-orhangen","35":"product_tag-ortodoks-sv","36":"product_tag-rep","37":"product_tag-smycken","38":"product_tag-strang","39":"product_tag-tau-sv","40":"product_tag-trae-sv-2","41":"product_tag-udskaering-sv","43":"first","44":"instock","45":"shipping-taxable","46":"purchasable","47":"product-type-simple"},"yoast_head":"<!-- This site is optimized with the Yoast SEO plugin v24.8.1 - https:\/\/yoast.com\/wordpress\/plugins\/seo\/ -->\n<title>Stark svart repstr\u00e4ng #J147 - Holy Land Olive Wood - Bethlehem Olive Wood Factory<\/title>\n<meta name=\"description\" content=\"Betlehem olivtr\u00e4 hantverk (dvs smycken, jerusalem, h\u00e4nge, \u00f6rh\u00e4ngen, p\u00e4rlor) penn-\u00e4mnen, armband &amp; r\u00e5 lager i standard och anpassade dimensioner.\" \/>\n<meta name=\"robots\" content=\"index, follow, max-snippet:-1, max-image-preview:large, max-video-preview:-1\" \/>\n<link rel=\"canonical\" href=\"https:\/\/old.holyland-olivewood.com\/sv\/product\/strong-black-rope-string-2\/\" \/>\n<meta property=\"og:locale\" content=\"sv_SE\" \/>\n<meta property=\"og:type\" content=\"article\" \/>\n<meta property=\"og:title\" content=\"Stark svart repstr\u00e4ng #J147 - Holy Land Olive Wood - Bethlehem Olive Wood Factory\" \/>\n<meta property=\"og:description\" content=\"Betlehem olivtr\u00e4 hantverk (dvs smycken, jerusalem, h\u00e4nge, \u00f6rh\u00e4ngen, p\u00e4rlor) penn-\u00e4mnen, armband &amp; r\u00e5 lager i standard och anpassade dimensioner.\" \/>\n<meta property=\"og:url\" content=\"https:\/\/old.holyland-olivewood.com\/sv\/product\/strong-black-rope-string-2\/\" \/>\n<meta property=\"og:site_name\" content=\"Holy Land Olive Wood - Bethlehem Olive Wood Factory\" \/>\n<meta property=\"article:publisher\" content=\"https:\/\/www.facebook.com\/holylandolivewood.bethlehem\/\" \/>\n<meta property=\"og:image\" content=\"https:\/\/old.holyland-olivewood.com\/wp-content\/uploads\/2016\/05\/strong_black_rope_string_j147.jpg\" \/>\n\t<meta property=\"og:image:width\" content=\"1550\" \/>\n\t<meta property=\"og:image:height\" content=\"1200\" \/>\n\t<meta property=\"og:image:type\" content=\"image\/jpeg\" \/>\n<meta name=\"twitter:card\" content=\"summary_large_image\" \/>\n<script type=\"application\/ld+json\" class=\"yoast-schema-graph\">{\"@context\":\"https:\/\/schema.org\",\"@graph\":[{\"@type\":\"WebPage\",\"@id\":\"https:\/\/old.holyland-olivewood.com\/sv\/product\/strong-black-rope-string-2\/\",\"url\":\"https:\/\/old.holyland-olivewood.com\/sv\/product\/strong-black-rope-string-2\/\",\"name\":\"Stark svart repstr\u00e4ng #J147 - Holy Land Olive Wood - Bethlehem Olive Wood Factory\",\"isPartOf\":{\"@id\":\"https:\/\/old.holyland-olivewood.com\/sv\/#website\"},\"primaryImageOfPage\":{\"@id\":\"https:\/\/old.holyland-olivewood.com\/sv\/product\/strong-black-rope-string-2\/#primaryimage\"},\"image\":{\"@id\":\"https:\/\/old.holyland-olivewood.com\/sv\/product\/strong-black-rope-string-2\/#primaryimage\"},\"thumbnailUrl\":\"https:\/\/old.holyland-olivewood.com\/wp-content\/uploads\/2016\/05\/strong_black_rope_string_j147.jpg\",\"datePublished\":\"2022-02-10T17:11:52+00:00\",\"description\":\"Betlehem olivtr\u00e4 hantverk (dvs smycken, jerusalem, h\u00e4nge, \u00f6rh\u00e4ngen, p\u00e4rlor) penn-\u00e4mnen, armband & r\u00e5 lager i standard och anpassade dimensioner.\",\"breadcrumb\":{\"@id\":\"https:\/\/old.holyland-olivewood.com\/sv\/product\/strong-black-rope-string-2\/#breadcrumb\"},\"inLanguage\":\"sv-SE\",\"potentialAction\":[{\"@type\":\"ReadAction\",\"target\":[\"https:\/\/old.holyland-olivewood.com\/sv\/product\/strong-black-rope-string-2\/\"]}]},{\"@type\":\"ImageObject\",\"inLanguage\":\"sv-SE\",\"@id\":\"https:\/\/old.holyland-olivewood.com\/sv\/product\/strong-black-rope-string-2\/#primaryimage\",\"url\":\"https:\/\/old.holyland-olivewood.com\/wp-content\/uploads\/2016\/05\/strong_black_rope_string_j147.jpg\",\"contentUrl\":\"https:\/\/old.holyland-olivewood.com\/wp-content\/uploads\/2016\/05\/strong_black_rope_string_j147.jpg\",\"width\":1550,\"height\":1200},{\"@type\":\"BreadcrumbList\",\"@id\":\"https:\/\/old.holyland-olivewood.com\/sv\/product\/strong-black-rope-string-2\/#breadcrumb\",\"itemListElement\":[{\"@type\":\"ListItem\",\"position\":1,\"name\":\"Home\",\"item\":\"https:\/\/old.holyland-olivewood.com\/sv\/\"},{\"@type\":\"ListItem\",\"position\":2,\"name\":\"Butik\",\"item\":\"https:\/\/old.holyland-olivewood.com\/sv\/butik\/\"},{\"@type\":\"ListItem\",\"position\":3,\"name\":\"Stark svart repstr\u00e4ng #J147\"}]},{\"@type\":\"WebSite\",\"@id\":\"https:\/\/old.holyland-olivewood.com\/sv\/#website\",\"url\":\"https:\/\/old.holyland-olivewood.com\/sv\/\",\"name\":\"Holy Land Olive Wood - Bethlehem Olive Wood Factory\",\"description\":\"Holy Land Olivewood Bethlehem\",\"publisher\":{\"@id\":\"https:\/\/old.holyland-olivewood.com\/sv\/#organization\"},\"potentialAction\":[{\"@type\":\"SearchAction\",\"target\":{\"@type\":\"EntryPoint\",\"urlTemplate\":\"https:\/\/old.holyland-olivewood.com\/sv\/?s={search_term_string}\"},\"query-input\":{\"@type\":\"PropertyValueSpecification\",\"valueRequired\":true,\"valueName\":\"search_term_string\"}}],\"inLanguage\":\"sv-SE\"},{\"@type\":\"Organization\",\"@id\":\"https:\/\/old.holyland-olivewood.com\/sv\/#organization\",\"name\":\"Holy Land Olivewood\",\"url\":\"https:\/\/old.holyland-olivewood.com\/sv\/\",\"logo\":{\"@type\":\"ImageObject\",\"inLanguage\":\"sv-SE\",\"@id\":\"https:\/\/old.holyland-olivewood.com\/sv\/#\/schema\/logo\/image\/\",\"url\":\"\",\"contentUrl\":\"\",\"caption\":\"Holy Land Olivewood\"},\"image\":{\"@id\":\"https:\/\/old.holyland-olivewood.com\/sv\/#\/schema\/logo\/image\/\"},\"sameAs\":[\"https:\/\/www.facebook.com\/holylandolivewood.bethlehem\/\",\"http:\/\/instagram.com\/holy.land.olive.wood\"]}]}<\/script>\n<!-- \/ Yoast SEO plugin. -->","yoast_head_json":{"title":"Stark svart repstr\u00e4ng #J147 - Holy Land Olive Wood - Bethlehem Olive Wood Factory","description":"Betlehem olivtr\u00e4 hantverk (dvs smycken, jerusalem, h\u00e4nge, \u00f6rh\u00e4ngen, p\u00e4rlor) penn-\u00e4mnen, armband & r\u00e5 lager i standard och anpassade dimensioner.","robots":{"index":"index","follow":"follow","max-snippet":"max-snippet:-1","max-image-preview":"max-image-preview:large","max-video-preview":"max-video-preview:-1"},"canonical":"https:\/\/old.holyland-olivewood.com\/sv\/product\/strong-black-rope-string-2\/","og_locale":"sv_SE","og_type":"article","og_title":"Stark svart repstr\u00e4ng #J147 - Holy Land Olive Wood - Bethlehem Olive Wood Factory","og_description":"Betlehem olivtr\u00e4 hantverk (dvs smycken, jerusalem, h\u00e4nge, \u00f6rh\u00e4ngen, p\u00e4rlor) penn-\u00e4mnen, armband & r\u00e5 lager i standard och anpassade dimensioner.","og_url":"https:\/\/old.holyland-olivewood.com\/sv\/product\/strong-black-rope-string-2\/","og_site_name":"Holy Land Olive Wood - Bethlehem Olive Wood Factory","article_publisher":"https:\/\/www.facebook.com\/holylandolivewood.bethlehem\/","og_image":[{"width":1550,"height":1200,"url":"https:\/\/old.holyland-olivewood.com\/wp-content\/uploads\/2016\/05\/strong_black_rope_string_j147.jpg","type":"image\/jpeg"}],"twitter_card":"summary_large_image","schema":{"@context":"https:\/\/schema.org","@graph":[{"@type":"WebPage","@id":"https:\/\/old.holyland-olivewood.com\/sv\/product\/strong-black-rope-string-2\/","url":"https:\/\/old.holyland-olivewood.com\/sv\/product\/strong-black-rope-string-2\/","name":"Stark svart repstr\u00e4ng #J147 - Holy Land Olive Wood - Bethlehem Olive Wood Factory","isPartOf":{"@id":"https:\/\/old.holyland-olivewood.com\/sv\/#website"},"primaryImageOfPage":{"@id":"https:\/\/old.holyland-olivewood.com\/sv\/product\/strong-black-rope-string-2\/#primaryimage"},"image":{"@id":"https:\/\/old.holyland-olivewood.com\/sv\/product\/strong-black-rope-string-2\/#primaryimage"},"thumbnailUrl":"https:\/\/old.holyland-olivewood.com\/wp-content\/uploads\/2016\/05\/strong_black_rope_string_j147.jpg","datePublished":"2022-02-10T17:11:52+00:00","description":"Betlehem olivtr\u00e4 hantverk (dvs smycken, jerusalem, h\u00e4nge, \u00f6rh\u00e4ngen, p\u00e4rlor) penn-\u00e4mnen, armband & r\u00e5 lager i standard och anpassade dimensioner.","breadcrumb":{"@id":"https:\/\/old.holyland-olivewood.com\/sv\/product\/strong-black-rope-string-2\/#breadcrumb"},"inLanguage":"sv-SE","potentialAction":[{"@type":"ReadAction","target":["https:\/\/old.holyland-olivewood.com\/sv\/product\/strong-black-rope-string-2\/"]}]},{"@type":"ImageObject","inLanguage":"sv-SE","@id":"https:\/\/old.holyland-olivewood.com\/sv\/product\/strong-black-rope-string-2\/#primaryimage","url":"https:\/\/old.holyland-olivewood.com\/wp-content\/uploads\/2016\/05\/strong_black_rope_string_j147.jpg","contentUrl":"https:\/\/old.holyland-olivewood.com\/wp-content\/uploads\/2016\/05\/strong_black_rope_string_j147.jpg","width":1550,"height":1200},{"@type":"BreadcrumbList","@id":"https:\/\/old.holyland-olivewood.com\/sv\/product\/strong-black-rope-string-2\/#breadcrumb","itemListElement":[{"@type":"ListItem","position":1,"name":"Home","item":"https:\/\/old.holyland-olivewood.com\/sv\/"},{"@type":"ListItem","position":2,"name":"Butik","item":"https:\/\/old.holyland-olivewood.com\/sv\/butik\/"},{"@type":"ListItem","position":3,"name":"Stark svart repstr\u00e4ng #J147"}]},{"@type":"WebSite","@id":"https:\/\/old.holyland-olivewood.com\/sv\/#website","url":"https:\/\/old.holyland-olivewood.com\/sv\/","name":"Holy Land Olive Wood - Bethlehem Olive Wood Factory","description":"Holy Land Olivewood Bethlehem","publisher":{"@id":"https:\/\/old.holyland-olivewood.com\/sv\/#organization"},"potentialAction":[{"@type":"SearchAction","target":{"@type":"EntryPoint","urlTemplate":"https:\/\/old.holyland-olivewood.com\/sv\/?s={search_term_string}"},"query-input":{"@type":"PropertyValueSpecification","valueRequired":true,"valueName":"search_term_string"}}],"inLanguage":"sv-SE"},{"@type":"Organization","@id":"https:\/\/old.holyland-olivewood.com\/sv\/#organization","name":"Holy Land Olivewood","url":"https:\/\/old.holyland-olivewood.com\/sv\/","logo":{"@type":"ImageObject","inLanguage":"sv-SE","@id":"https:\/\/old.holyland-olivewood.com\/sv\/#\/schema\/logo\/image\/","url":"","contentUrl":"","caption":"Holy Land Olivewood"},"image":{"@id":"https:\/\/old.holyland-olivewood.com\/sv\/#\/schema\/logo\/image\/"},"sameAs":["https:\/\/www.facebook.com\/holylandolivewood.bethlehem\/","http:\/\/instagram.com\/holy.land.olive.wood"]}]}},"_links":{"self":[{"href":"https:\/\/old.holyland-olivewood.com\/sv\/wp-json\/wp\/v2\/product\/44397","targetHints":{"allow":["GET"]}}],"collection":[{"href":"https:\/\/old.holyland-olivewood.com\/sv\/wp-json\/wp\/v2\/product"}],"about":[{"href":"https:\/\/old.holyland-olivewood.com\/sv\/wp-json\/wp\/v2\/types\/product"}],"wp:featuredmedia":[{"embeddable":true,"href":"https:\/\/old.holyland-olivewood.com\/sv\/wp-json\/wp\/v2\/media\/29843"}],"wp:attachment":[{"href":"https:\/\/old.holyland-olivewood.com\/sv\/wp-json\/wp\/v2\/media?parent=44397"}],"wp:term":[{"taxonomy":"product_brand","embeddable":true,"href":"https:\/\/old.holyland-olivewood.com\/sv\/wp-json\/wp\/v2\/product_brand?post=44397"},{"taxonomy":"product_cat","embeddable":true,"href":"https:\/\/old.holyland-olivewood.com\/sv\/wp-json\/wp\/v2\/product_cat?post=44397"},{"taxonomy":"product_tag","embeddable":true,"href":"https:\/\/old.holyland-olivewood.com\/sv\/wp-json\/wp\/v2\/product_tag?post=44397"}],"curies":[{"name":"wp","href":"https:\/\/api.w.org\/{rel}","templated":true}]}}