{"id":44337,"date":"2016-05-31T10:28:44","date_gmt":"2022-02-10T17:06:21","guid":{"rendered":"https:\/\/old.holyland-olivewood.com\/product\/olivtra-ljusstake-t103\/"},"modified":"2022-02-10T17:06:21","modified_gmt":"2022-02-10T17:06:21","slug":"olivtra-ljusstake-2","status":"publish","type":"product","link":"https:\/\/old.holyland-olivewood.com\/sv\/product\/olivtra-ljusstake-2\/","title":{"rendered":"Olivtr\u00e4 ljusstake #T103"},"content":{"rendered":"","protected":false},"excerpt":{"rendered":"<p>Denna vackra pilvridning ljusstake \u00e4r handgjord i det heliga landet fr\u00e5n h\u00e5llbart sk\u00f6rdad, autentisk Betlehem Olivewood. Den rika f\u00e4rgen \u00e4r karakteristisk f\u00f6r det vackra Betlehem Olive Wood. Denna h\u00e4rligt snidade ljusstake passar ett vanligt koniskt ljus och det \u00e4r ett vackert komplement till alla matbord eller spiselkransar.<\/p>\n<p>Denna artikel inneh\u00e5ller ett \u00e4kthetsintyg som verifierar de material och tekniker som anv\u00e4nds f\u00f6r att tillverka denna produkt.<\/p>\n<p>Storlek: 6 cm x 6 cm x 18 cm<\/p>\n","protected":false},"featured_media":29927,"template":"","meta":[],"product_brand":[],"product_cat":[1034,3003],"product_tag":[1038,1135,1098,1209,3497,1089,1107,1080,3498,1085,4084,1081,1094,3504,1154,1130,3500,3501,1118,1114,1111,3503,3496,3506,3505,3499,1056,1066,1155,3493,3502,2575,1061,1069,3494,3495],"class_list":{"0":"post-44337","1":"product","2":"type-product","3":"status-publish","4":"has-post-thumbnail","6":"product_cat-kunsthaandvaerk-sv","7":"product_cat-porslin","8":"product_tag-betlehem-sv","9":"product_tag-foedselskirken-sv","10":"product_tag-gav","11":"product_tag-gavor","12":"product_tag-hallare","13":"product_tag-haandlavet-sv","14":"product_tag-haandvaerk-sv-2","15":"product_tag-hellig-sv","16":"product_tag-innehavare","17":"product_tag-jerusalem-sv","18":"product_tag-jesus-sv-3","19":"product_tag-jord-sv","20":"product_tag-jul-sv","21":"product_tag-kalk-sv","22":"product_tag-katolsk-sv-2","23":"product_tag-kirke-sv","24":"product_tag-kopp-sv","25":"product_tag-koppar","26":"product_tag-kors-sv","27":"product_tag-kristen-sv","28":"product_tag-kunsthaandvaerk-sv","29":"product_tag-kvallsmat","30":"product_tag-ljus","31":"product_tag-ljusstakar","32":"product_tag-ljusstake","33":"product_tag-nattvard","34":"product_tag-oliven-sv","35":"product_tag-oliventrae-sv-2","36":"product_tag-ortodoks-sv","37":"product_tag-porslin","38":"product_tag-sist","39":"product_tag-stjarna","40":"product_tag-trae-sv-2","41":"product_tag-udskaering-sv","42":"product_tag-vas","43":"product_tag-vaser-sv","45":"first","46":"instock","47":"shipping-taxable","48":"purchasable","49":"product-type-simple"},"yoast_head":"<!-- This site is optimized with the Yoast SEO plugin v24.8.1 - https:\/\/yoast.com\/wordpress\/plugins\/seo\/ -->\n<title>Olivtr\u00e4 ljusstake #T103 - Holy Land Olive Wood - Bethlehem Olive Wood Factory<\/title>\n<meta name=\"description\" content=\"Betlehem olivtr\u00e4 hantverk (dvs. porslin, koppar, sista, kv\u00e4llsmat, p\u00e4rlor) vaser, ljus, h\u00e5llare, h\u00e5llare &amp; r\u00e5a lager i standard och anpassade dimensioner.\" \/>\n<meta name=\"robots\" content=\"index, follow, max-snippet:-1, max-image-preview:large, max-video-preview:-1\" \/>\n<link rel=\"canonical\" href=\"https:\/\/old.holyland-olivewood.com\/sv\/product\/olivtra-ljusstake-2\/\" \/>\n<meta property=\"og:locale\" content=\"sv_SE\" \/>\n<meta property=\"og:type\" content=\"article\" \/>\n<meta property=\"og:title\" content=\"Olivtr\u00e4 ljusstake #T103 - Holy Land Olive Wood - Bethlehem Olive Wood Factory\" \/>\n<meta property=\"og:description\" content=\"Betlehem olivtr\u00e4 hantverk (dvs. porslin, koppar, sista, kv\u00e4llsmat, p\u00e4rlor) vaser, ljus, h\u00e5llare, h\u00e5llare &amp; r\u00e5a lager i standard och anpassade dimensioner.\" \/>\n<meta property=\"og:url\" content=\"https:\/\/old.holyland-olivewood.com\/sv\/product\/olivtra-ljusstake-2\/\" \/>\n<meta property=\"og:site_name\" content=\"Holy Land Olive Wood - Bethlehem Olive Wood Factory\" \/>\n<meta property=\"article:publisher\" content=\"https:\/\/www.facebook.com\/holylandolivewood.bethlehem\/\" \/>\n<meta property=\"og:image\" content=\"https:\/\/old.holyland-olivewood.com\/wp-content\/uploads\/2016\/05\/candlestick_holy_land_olive_wood_bethlehem_t103_1.jpg\" \/>\n\t<meta property=\"og:image:width\" content=\"1550\" \/>\n\t<meta property=\"og:image:height\" content=\"1200\" \/>\n\t<meta property=\"og:image:type\" content=\"image\/jpeg\" \/>\n<meta name=\"twitter:card\" content=\"summary_large_image\" \/>\n<script type=\"application\/ld+json\" class=\"yoast-schema-graph\">{\"@context\":\"https:\/\/schema.org\",\"@graph\":[{\"@type\":\"WebPage\",\"@id\":\"https:\/\/old.holyland-olivewood.com\/sv\/product\/olivtra-ljusstake-2\/\",\"url\":\"https:\/\/old.holyland-olivewood.com\/sv\/product\/olivtra-ljusstake-2\/\",\"name\":\"Olivtr\u00e4 ljusstake #T103 - Holy Land Olive Wood - Bethlehem Olive Wood Factory\",\"isPartOf\":{\"@id\":\"https:\/\/old.holyland-olivewood.com\/sv\/#website\"},\"primaryImageOfPage\":{\"@id\":\"https:\/\/old.holyland-olivewood.com\/sv\/product\/olivtra-ljusstake-2\/#primaryimage\"},\"image\":{\"@id\":\"https:\/\/old.holyland-olivewood.com\/sv\/product\/olivtra-ljusstake-2\/#primaryimage\"},\"thumbnailUrl\":\"https:\/\/old.holyland-olivewood.com\/wp-content\/uploads\/2016\/05\/candlestick_holy_land_olive_wood_bethlehem_t103_1.jpg\",\"datePublished\":\"2022-02-10T17:06:21+00:00\",\"description\":\"Betlehem olivtr\u00e4 hantverk (dvs. porslin, koppar, sista, kv\u00e4llsmat, p\u00e4rlor) vaser, ljus, h\u00e5llare, h\u00e5llare & r\u00e5a lager i standard och anpassade dimensioner.\",\"breadcrumb\":{\"@id\":\"https:\/\/old.holyland-olivewood.com\/sv\/product\/olivtra-ljusstake-2\/#breadcrumb\"},\"inLanguage\":\"sv-SE\",\"potentialAction\":[{\"@type\":\"ReadAction\",\"target\":[\"https:\/\/old.holyland-olivewood.com\/sv\/product\/olivtra-ljusstake-2\/\"]}]},{\"@type\":\"ImageObject\",\"inLanguage\":\"sv-SE\",\"@id\":\"https:\/\/old.holyland-olivewood.com\/sv\/product\/olivtra-ljusstake-2\/#primaryimage\",\"url\":\"https:\/\/old.holyland-olivewood.com\/wp-content\/uploads\/2016\/05\/candlestick_holy_land_olive_wood_bethlehem_t103_1.jpg\",\"contentUrl\":\"https:\/\/old.holyland-olivewood.com\/wp-content\/uploads\/2016\/05\/candlestick_holy_land_olive_wood_bethlehem_t103_1.jpg\",\"width\":1550,\"height\":1200},{\"@type\":\"BreadcrumbList\",\"@id\":\"https:\/\/old.holyland-olivewood.com\/sv\/product\/olivtra-ljusstake-2\/#breadcrumb\",\"itemListElement\":[{\"@type\":\"ListItem\",\"position\":1,\"name\":\"Home\",\"item\":\"https:\/\/old.holyland-olivewood.com\/sv\/\"},{\"@type\":\"ListItem\",\"position\":2,\"name\":\"Butik\",\"item\":\"https:\/\/old.holyland-olivewood.com\/sv\/butik\/\"},{\"@type\":\"ListItem\",\"position\":3,\"name\":\"Olivtr\u00e4 ljusstake #T103\"}]},{\"@type\":\"WebSite\",\"@id\":\"https:\/\/old.holyland-olivewood.com\/sv\/#website\",\"url\":\"https:\/\/old.holyland-olivewood.com\/sv\/\",\"name\":\"Holy Land Olive Wood - Bethlehem Olive Wood Factory\",\"description\":\"Holy Land Olivewood Bethlehem\",\"publisher\":{\"@id\":\"https:\/\/old.holyland-olivewood.com\/sv\/#organization\"},\"potentialAction\":[{\"@type\":\"SearchAction\",\"target\":{\"@type\":\"EntryPoint\",\"urlTemplate\":\"https:\/\/old.holyland-olivewood.com\/sv\/?s={search_term_string}\"},\"query-input\":{\"@type\":\"PropertyValueSpecification\",\"valueRequired\":true,\"valueName\":\"search_term_string\"}}],\"inLanguage\":\"sv-SE\"},{\"@type\":\"Organization\",\"@id\":\"https:\/\/old.holyland-olivewood.com\/sv\/#organization\",\"name\":\"Holy Land Olivewood\",\"url\":\"https:\/\/old.holyland-olivewood.com\/sv\/\",\"logo\":{\"@type\":\"ImageObject\",\"inLanguage\":\"sv-SE\",\"@id\":\"https:\/\/old.holyland-olivewood.com\/sv\/#\/schema\/logo\/image\/\",\"url\":\"\",\"contentUrl\":\"\",\"caption\":\"Holy Land Olivewood\"},\"image\":{\"@id\":\"https:\/\/old.holyland-olivewood.com\/sv\/#\/schema\/logo\/image\/\"},\"sameAs\":[\"https:\/\/www.facebook.com\/holylandolivewood.bethlehem\/\",\"http:\/\/instagram.com\/holy.land.olive.wood\"]}]}<\/script>\n<!-- \/ Yoast SEO plugin. -->","yoast_head_json":{"title":"Olivtr\u00e4 ljusstake #T103 - Holy Land Olive Wood - Bethlehem Olive Wood Factory","description":"Betlehem olivtr\u00e4 hantverk (dvs. porslin, koppar, sista, kv\u00e4llsmat, p\u00e4rlor) vaser, ljus, h\u00e5llare, h\u00e5llare & r\u00e5a lager i standard och anpassade dimensioner.","robots":{"index":"index","follow":"follow","max-snippet":"max-snippet:-1","max-image-preview":"max-image-preview:large","max-video-preview":"max-video-preview:-1"},"canonical":"https:\/\/old.holyland-olivewood.com\/sv\/product\/olivtra-ljusstake-2\/","og_locale":"sv_SE","og_type":"article","og_title":"Olivtr\u00e4 ljusstake #T103 - Holy Land Olive Wood - Bethlehem Olive Wood Factory","og_description":"Betlehem olivtr\u00e4 hantverk (dvs. porslin, koppar, sista, kv\u00e4llsmat, p\u00e4rlor) vaser, ljus, h\u00e5llare, h\u00e5llare & r\u00e5a lager i standard och anpassade dimensioner.","og_url":"https:\/\/old.holyland-olivewood.com\/sv\/product\/olivtra-ljusstake-2\/","og_site_name":"Holy Land Olive Wood - Bethlehem Olive Wood Factory","article_publisher":"https:\/\/www.facebook.com\/holylandolivewood.bethlehem\/","og_image":[{"width":1550,"height":1200,"url":"https:\/\/old.holyland-olivewood.com\/wp-content\/uploads\/2016\/05\/candlestick_holy_land_olive_wood_bethlehem_t103_1.jpg","type":"image\/jpeg"}],"twitter_card":"summary_large_image","schema":{"@context":"https:\/\/schema.org","@graph":[{"@type":"WebPage","@id":"https:\/\/old.holyland-olivewood.com\/sv\/product\/olivtra-ljusstake-2\/","url":"https:\/\/old.holyland-olivewood.com\/sv\/product\/olivtra-ljusstake-2\/","name":"Olivtr\u00e4 ljusstake #T103 - Holy Land Olive Wood - Bethlehem Olive Wood Factory","isPartOf":{"@id":"https:\/\/old.holyland-olivewood.com\/sv\/#website"},"primaryImageOfPage":{"@id":"https:\/\/old.holyland-olivewood.com\/sv\/product\/olivtra-ljusstake-2\/#primaryimage"},"image":{"@id":"https:\/\/old.holyland-olivewood.com\/sv\/product\/olivtra-ljusstake-2\/#primaryimage"},"thumbnailUrl":"https:\/\/old.holyland-olivewood.com\/wp-content\/uploads\/2016\/05\/candlestick_holy_land_olive_wood_bethlehem_t103_1.jpg","datePublished":"2022-02-10T17:06:21+00:00","description":"Betlehem olivtr\u00e4 hantverk (dvs. porslin, koppar, sista, kv\u00e4llsmat, p\u00e4rlor) vaser, ljus, h\u00e5llare, h\u00e5llare & r\u00e5a lager i standard och anpassade dimensioner.","breadcrumb":{"@id":"https:\/\/old.holyland-olivewood.com\/sv\/product\/olivtra-ljusstake-2\/#breadcrumb"},"inLanguage":"sv-SE","potentialAction":[{"@type":"ReadAction","target":["https:\/\/old.holyland-olivewood.com\/sv\/product\/olivtra-ljusstake-2\/"]}]},{"@type":"ImageObject","inLanguage":"sv-SE","@id":"https:\/\/old.holyland-olivewood.com\/sv\/product\/olivtra-ljusstake-2\/#primaryimage","url":"https:\/\/old.holyland-olivewood.com\/wp-content\/uploads\/2016\/05\/candlestick_holy_land_olive_wood_bethlehem_t103_1.jpg","contentUrl":"https:\/\/old.holyland-olivewood.com\/wp-content\/uploads\/2016\/05\/candlestick_holy_land_olive_wood_bethlehem_t103_1.jpg","width":1550,"height":1200},{"@type":"BreadcrumbList","@id":"https:\/\/old.holyland-olivewood.com\/sv\/product\/olivtra-ljusstake-2\/#breadcrumb","itemListElement":[{"@type":"ListItem","position":1,"name":"Home","item":"https:\/\/old.holyland-olivewood.com\/sv\/"},{"@type":"ListItem","position":2,"name":"Butik","item":"https:\/\/old.holyland-olivewood.com\/sv\/butik\/"},{"@type":"ListItem","position":3,"name":"Olivtr\u00e4 ljusstake #T103"}]},{"@type":"WebSite","@id":"https:\/\/old.holyland-olivewood.com\/sv\/#website","url":"https:\/\/old.holyland-olivewood.com\/sv\/","name":"Holy Land Olive Wood - Bethlehem Olive Wood Factory","description":"Holy Land Olivewood Bethlehem","publisher":{"@id":"https:\/\/old.holyland-olivewood.com\/sv\/#organization"},"potentialAction":[{"@type":"SearchAction","target":{"@type":"EntryPoint","urlTemplate":"https:\/\/old.holyland-olivewood.com\/sv\/?s={search_term_string}"},"query-input":{"@type":"PropertyValueSpecification","valueRequired":true,"valueName":"search_term_string"}}],"inLanguage":"sv-SE"},{"@type":"Organization","@id":"https:\/\/old.holyland-olivewood.com\/sv\/#organization","name":"Holy Land Olivewood","url":"https:\/\/old.holyland-olivewood.com\/sv\/","logo":{"@type":"ImageObject","inLanguage":"sv-SE","@id":"https:\/\/old.holyland-olivewood.com\/sv\/#\/schema\/logo\/image\/","url":"","contentUrl":"","caption":"Holy Land Olivewood"},"image":{"@id":"https:\/\/old.holyland-olivewood.com\/sv\/#\/schema\/logo\/image\/"},"sameAs":["https:\/\/www.facebook.com\/holylandolivewood.bethlehem\/","http:\/\/instagram.com\/holy.land.olive.wood"]}]}},"_links":{"self":[{"href":"https:\/\/old.holyland-olivewood.com\/sv\/wp-json\/wp\/v2\/product\/44337","targetHints":{"allow":["GET"]}}],"collection":[{"href":"https:\/\/old.holyland-olivewood.com\/sv\/wp-json\/wp\/v2\/product"}],"about":[{"href":"https:\/\/old.holyland-olivewood.com\/sv\/wp-json\/wp\/v2\/types\/product"}],"wp:featuredmedia":[{"embeddable":true,"href":"https:\/\/old.holyland-olivewood.com\/sv\/wp-json\/wp\/v2\/media\/29927"}],"wp:attachment":[{"href":"https:\/\/old.holyland-olivewood.com\/sv\/wp-json\/wp\/v2\/media?parent=44337"}],"wp:term":[{"taxonomy":"product_brand","embeddable":true,"href":"https:\/\/old.holyland-olivewood.com\/sv\/wp-json\/wp\/v2\/product_brand?post=44337"},{"taxonomy":"product_cat","embeddable":true,"href":"https:\/\/old.holyland-olivewood.com\/sv\/wp-json\/wp\/v2\/product_cat?post=44337"},{"taxonomy":"product_tag","embeddable":true,"href":"https:\/\/old.holyland-olivewood.com\/sv\/wp-json\/wp\/v2\/product_tag?post=44337"}],"curies":[{"name":"wp","href":"https:\/\/api.w.org\/{rel}","templated":true}]}}