{"id":44077,"date":"2016-05-31T11:26:28","date_gmt":"2022-02-10T15:13:38","guid":{"rendered":"https:\/\/old.holyland-olivewood.com\/product\/olivtra-noaks-ark-fi101\/"},"modified":"2022-09-30T14:28:00","modified_gmt":"2022-09-30T14:28:00","slug":"oliv-tra-noahs-ark","status":"publish","type":"product","link":"https:\/\/old.holyland-olivewood.com\/sv\/product\/oliv-tra-noahs-ark\/","title":{"rendered":"Olivtr\u00e4 Noaks ark #FI101"},"content":{"rendered":"","protected":false},"excerpt":{"rendered":"<p>Denna vackra Noaks ark \u00e4r handgjord i det heliga landet fr\u00e5n h\u00e5llbart sk\u00f6rdad, autentisk Betlehem Olivewood. Denna olivtr\u00e4bit \u00e4r mycket solid och h\u00e5llbar. Ytan har en fin finish som \u00e4r silkeslen vid ber\u00f6ring.<\/p>\n<p>Ber\u00e4ttelsen om Noaks ark: Enligt F\u00f6rsta Mosebok byggdes av Noa p\u00e5 Guds befallning f\u00f6r att r\u00e4dda sig sj\u00e4lv och v\u00e4rldens djur fr\u00e5n en stor \u00f6versv\u00e4mning. \u00d6versv\u00e4mningen var avsedd att f\u00f6rst\u00f6ra jorden och straffa m\u00e4ns onda och korrupta beteende. Ber\u00e4ttelsen \u00e4r gemensam f\u00f6r judendomen, kristendomen och islam.<\/p>\n<p>Denna artikel inneh\u00e5ller ett \u00e4kthetsintyg som verifierar de material och tekniker som anv\u00e4nds f\u00f6r att tillverka denna produkt.<\/p>\n<p>Storlek: 12.5 cm x 9.5 cm x 13 cm (4.75&#8243; x 3.75&#8243; x 5.25&#8243;)<\/p>\n","protected":false},"featured_media":52822,"template":"","meta":[],"product_brand":[],"product_cat":[1034,2037],"product_tag":[2080,2085,2071,2040,2046,1038,1126,2075,2061,1135,1098,1089,1107,1080,1085,4084,1081,1094,1154,1162,1130,1118,1114,1123,1111,1201,2064,1056,1066,1155,2049,2038,2039,2055,1061,1069],"class_list":{"0":"post-44077","1":"product","2":"type-product","3":"status-publish","4":"has-post-thumbnail","6":"product_cat-kunsthaandvaerk-sv","7":"product_cat-figurer-sv","8":"product_tag-angel-sv","9":"product_tag-anglar","10":"product_tag-ark-sv","11":"product_tag-bedjande","12":"product_tag-besattning","13":"product_tag-betlehem-sv","14":"product_tag-boen-sv","15":"product_tag-byst","16":"product_tag-familj","17":"product_tag-foedselskirken-sv","18":"product_tag-gav","19":"product_tag-haandlavet-sv","20":"product_tag-haandvaerk-sv-2","21":"product_tag-hellig-sv","22":"product_tag-jerusalem-sv","23":"product_tag-jesus-sv-3","24":"product_tag-jord-sv","25":"product_tag-jul-sv","26":"product_tag-katolsk-sv-2","27":"product_tag-keltisk-sv","28":"product_tag-kirke-sv","29":"product_tag-kors-sv","30":"product_tag-kristen-sv","31":"product_tag-krucifiks-sv","32":"product_tag-kunsthaandvaerk-sv","33":"product_tag-maria-sv","34":"product_tag-noa","35":"product_tag-oliven-sv","36":"product_tag-oliventrae-sv-2","37":"product_tag-ortodoks-sv","38":"product_tag-skulptur-sv","39":"product_tag-skulpturer-sv","40":"product_tag-staty","41":"product_tag-statyer","42":"product_tag-trae-sv-2","43":"product_tag-udskaering-sv","45":"first","46":"instock","47":"shipping-taxable","48":"purchasable","49":"product-type-simple"},"yoast_head":"<!-- This site is optimized with the Yoast SEO plugin v24.8.1 - https:\/\/yoast.com\/wordpress\/plugins\/seo\/ -->\n<title>Olivtr\u00e4 Noaks ark #FI101 - Holy Land Olive Wood - Bethlehem Olive Wood Factory<\/title>\n<meta name=\"description\" content=\"Betlehem olivtr\u00e4 hantverk (dvs. figurer, julupps\u00e4ttningar, statyer, skulpturer) Noah&#039;s Ark pen-blanks, och r\u00e5 lager i standard och anpassade dimensioner.\" \/>\n<meta name=\"robots\" content=\"index, follow, max-snippet:-1, max-image-preview:large, max-video-preview:-1\" \/>\n<link rel=\"canonical\" href=\"https:\/\/old.holyland-olivewood.com\/sv\/product\/oliv-tra-noahs-ark\/\" \/>\n<meta property=\"og:locale\" content=\"sv_SE\" \/>\n<meta property=\"og:type\" content=\"article\" \/>\n<meta property=\"og:title\" content=\"Olivtr\u00e4 Noaks ark #FI101 - Holy Land Olive Wood - Bethlehem Olive Wood Factory\" \/>\n<meta property=\"og:description\" content=\"Betlehem olivtr\u00e4 hantverk (dvs. figurer, julupps\u00e4ttningar, statyer, skulpturer) Noah&#039;s Ark pen-blanks, och r\u00e5 lager i standard och anpassade dimensioner.\" \/>\n<meta property=\"og:url\" content=\"https:\/\/old.holyland-olivewood.com\/sv\/product\/oliv-tra-noahs-ark\/\" \/>\n<meta property=\"og:site_name\" content=\"Holy Land Olive Wood - Bethlehem Olive Wood Factory\" \/>\n<meta property=\"article:publisher\" content=\"https:\/\/www.facebook.com\/holylandolivewood.bethlehem\/\" \/>\n<meta property=\"article:modified_time\" content=\"2022-09-30T14:28:00+00:00\" \/>\n<meta property=\"og:image\" content=\"https:\/\/old.holyland-olivewood.com\/wp-content\/uploads\/2016\/05\/noahs_ark_holy_land_olive_wood_bethlehem_fi101-1.jpg\" \/>\n\t<meta property=\"og:image:width\" content=\"1550\" \/>\n\t<meta property=\"og:image:height\" content=\"1200\" \/>\n\t<meta property=\"og:image:type\" content=\"image\/jpeg\" \/>\n<meta name=\"twitter:card\" content=\"summary_large_image\" \/>\n<script type=\"application\/ld+json\" class=\"yoast-schema-graph\">{\"@context\":\"https:\/\/schema.org\",\"@graph\":[{\"@type\":\"WebPage\",\"@id\":\"https:\/\/old.holyland-olivewood.com\/sv\/product\/oliv-tra-noahs-ark\/\",\"url\":\"https:\/\/old.holyland-olivewood.com\/sv\/product\/oliv-tra-noahs-ark\/\",\"name\":\"Olivtr\u00e4 Noaks ark #FI101 - Holy Land Olive Wood - Bethlehem Olive Wood Factory\",\"isPartOf\":{\"@id\":\"https:\/\/old.holyland-olivewood.com\/sv\/#website\"},\"primaryImageOfPage\":{\"@id\":\"https:\/\/old.holyland-olivewood.com\/sv\/product\/oliv-tra-noahs-ark\/#primaryimage\"},\"image\":{\"@id\":\"https:\/\/old.holyland-olivewood.com\/sv\/product\/oliv-tra-noahs-ark\/#primaryimage\"},\"thumbnailUrl\":\"https:\/\/old.holyland-olivewood.com\/wp-content\/uploads\/2016\/05\/noahs_ark_holy_land_olive_wood_bethlehem_fi101-1.jpg\",\"datePublished\":\"2022-02-10T15:13:38+00:00\",\"dateModified\":\"2022-09-30T14:28:00+00:00\",\"description\":\"Betlehem olivtr\u00e4 hantverk (dvs. figurer, julupps\u00e4ttningar, statyer, skulpturer) Noah's Ark pen-blanks, och r\u00e5 lager i standard och anpassade dimensioner.\",\"breadcrumb\":{\"@id\":\"https:\/\/old.holyland-olivewood.com\/sv\/product\/oliv-tra-noahs-ark\/#breadcrumb\"},\"inLanguage\":\"sv-SE\",\"potentialAction\":[{\"@type\":\"ReadAction\",\"target\":[\"https:\/\/old.holyland-olivewood.com\/sv\/product\/oliv-tra-noahs-ark\/\"]}]},{\"@type\":\"ImageObject\",\"inLanguage\":\"sv-SE\",\"@id\":\"https:\/\/old.holyland-olivewood.com\/sv\/product\/oliv-tra-noahs-ark\/#primaryimage\",\"url\":\"https:\/\/old.holyland-olivewood.com\/wp-content\/uploads\/2016\/05\/noahs_ark_holy_land_olive_wood_bethlehem_fi101-1.jpg\",\"contentUrl\":\"https:\/\/old.holyland-olivewood.com\/wp-content\/uploads\/2016\/05\/noahs_ark_holy_land_olive_wood_bethlehem_fi101-1.jpg\",\"width\":1550,\"height\":1200},{\"@type\":\"BreadcrumbList\",\"@id\":\"https:\/\/old.holyland-olivewood.com\/sv\/product\/oliv-tra-noahs-ark\/#breadcrumb\",\"itemListElement\":[{\"@type\":\"ListItem\",\"position\":1,\"name\":\"Home\",\"item\":\"https:\/\/old.holyland-olivewood.com\/sv\/\"},{\"@type\":\"ListItem\",\"position\":2,\"name\":\"Butik\",\"item\":\"https:\/\/old.holyland-olivewood.com\/sv\/butik\/\"},{\"@type\":\"ListItem\",\"position\":3,\"name\":\"Olivtr\u00e4 Noaks ark #FI101\"}]},{\"@type\":\"WebSite\",\"@id\":\"https:\/\/old.holyland-olivewood.com\/sv\/#website\",\"url\":\"https:\/\/old.holyland-olivewood.com\/sv\/\",\"name\":\"Holy Land Olive Wood - Bethlehem Olive Wood Factory\",\"description\":\"Holy Land Olivewood Bethlehem\",\"publisher\":{\"@id\":\"https:\/\/old.holyland-olivewood.com\/sv\/#organization\"},\"potentialAction\":[{\"@type\":\"SearchAction\",\"target\":{\"@type\":\"EntryPoint\",\"urlTemplate\":\"https:\/\/old.holyland-olivewood.com\/sv\/?s={search_term_string}\"},\"query-input\":{\"@type\":\"PropertyValueSpecification\",\"valueRequired\":true,\"valueName\":\"search_term_string\"}}],\"inLanguage\":\"sv-SE\"},{\"@type\":\"Organization\",\"@id\":\"https:\/\/old.holyland-olivewood.com\/sv\/#organization\",\"name\":\"Holy Land Olivewood\",\"url\":\"https:\/\/old.holyland-olivewood.com\/sv\/\",\"logo\":{\"@type\":\"ImageObject\",\"inLanguage\":\"sv-SE\",\"@id\":\"https:\/\/old.holyland-olivewood.com\/sv\/#\/schema\/logo\/image\/\",\"url\":\"\",\"contentUrl\":\"\",\"caption\":\"Holy Land Olivewood\"},\"image\":{\"@id\":\"https:\/\/old.holyland-olivewood.com\/sv\/#\/schema\/logo\/image\/\"},\"sameAs\":[\"https:\/\/www.facebook.com\/holylandolivewood.bethlehem\/\",\"http:\/\/instagram.com\/holy.land.olive.wood\"]}]}<\/script>\n<!-- \/ Yoast SEO plugin. -->","yoast_head_json":{"title":"Olivtr\u00e4 Noaks ark #FI101 - Holy Land Olive Wood - Bethlehem Olive Wood Factory","description":"Betlehem olivtr\u00e4 hantverk (dvs. figurer, julupps\u00e4ttningar, statyer, skulpturer) Noah's Ark pen-blanks, och r\u00e5 lager i standard och anpassade dimensioner.","robots":{"index":"index","follow":"follow","max-snippet":"max-snippet:-1","max-image-preview":"max-image-preview:large","max-video-preview":"max-video-preview:-1"},"canonical":"https:\/\/old.holyland-olivewood.com\/sv\/product\/oliv-tra-noahs-ark\/","og_locale":"sv_SE","og_type":"article","og_title":"Olivtr\u00e4 Noaks ark #FI101 - Holy Land Olive Wood - Bethlehem Olive Wood Factory","og_description":"Betlehem olivtr\u00e4 hantverk (dvs. figurer, julupps\u00e4ttningar, statyer, skulpturer) Noah's Ark pen-blanks, och r\u00e5 lager i standard och anpassade dimensioner.","og_url":"https:\/\/old.holyland-olivewood.com\/sv\/product\/oliv-tra-noahs-ark\/","og_site_name":"Holy Land Olive Wood - Bethlehem Olive Wood Factory","article_publisher":"https:\/\/www.facebook.com\/holylandolivewood.bethlehem\/","article_modified_time":"2022-09-30T14:28:00+00:00","og_image":[{"width":1550,"height":1200,"url":"https:\/\/old.holyland-olivewood.com\/wp-content\/uploads\/2016\/05\/noahs_ark_holy_land_olive_wood_bethlehem_fi101-1.jpg","type":"image\/jpeg"}],"twitter_card":"summary_large_image","schema":{"@context":"https:\/\/schema.org","@graph":[{"@type":"WebPage","@id":"https:\/\/old.holyland-olivewood.com\/sv\/product\/oliv-tra-noahs-ark\/","url":"https:\/\/old.holyland-olivewood.com\/sv\/product\/oliv-tra-noahs-ark\/","name":"Olivtr\u00e4 Noaks ark #FI101 - Holy Land Olive Wood - Bethlehem Olive Wood Factory","isPartOf":{"@id":"https:\/\/old.holyland-olivewood.com\/sv\/#website"},"primaryImageOfPage":{"@id":"https:\/\/old.holyland-olivewood.com\/sv\/product\/oliv-tra-noahs-ark\/#primaryimage"},"image":{"@id":"https:\/\/old.holyland-olivewood.com\/sv\/product\/oliv-tra-noahs-ark\/#primaryimage"},"thumbnailUrl":"https:\/\/old.holyland-olivewood.com\/wp-content\/uploads\/2016\/05\/noahs_ark_holy_land_olive_wood_bethlehem_fi101-1.jpg","datePublished":"2022-02-10T15:13:38+00:00","dateModified":"2022-09-30T14:28:00+00:00","description":"Betlehem olivtr\u00e4 hantverk (dvs. figurer, julupps\u00e4ttningar, statyer, skulpturer) Noah's Ark pen-blanks, och r\u00e5 lager i standard och anpassade dimensioner.","breadcrumb":{"@id":"https:\/\/old.holyland-olivewood.com\/sv\/product\/oliv-tra-noahs-ark\/#breadcrumb"},"inLanguage":"sv-SE","potentialAction":[{"@type":"ReadAction","target":["https:\/\/old.holyland-olivewood.com\/sv\/product\/oliv-tra-noahs-ark\/"]}]},{"@type":"ImageObject","inLanguage":"sv-SE","@id":"https:\/\/old.holyland-olivewood.com\/sv\/product\/oliv-tra-noahs-ark\/#primaryimage","url":"https:\/\/old.holyland-olivewood.com\/wp-content\/uploads\/2016\/05\/noahs_ark_holy_land_olive_wood_bethlehem_fi101-1.jpg","contentUrl":"https:\/\/old.holyland-olivewood.com\/wp-content\/uploads\/2016\/05\/noahs_ark_holy_land_olive_wood_bethlehem_fi101-1.jpg","width":1550,"height":1200},{"@type":"BreadcrumbList","@id":"https:\/\/old.holyland-olivewood.com\/sv\/product\/oliv-tra-noahs-ark\/#breadcrumb","itemListElement":[{"@type":"ListItem","position":1,"name":"Home","item":"https:\/\/old.holyland-olivewood.com\/sv\/"},{"@type":"ListItem","position":2,"name":"Butik","item":"https:\/\/old.holyland-olivewood.com\/sv\/butik\/"},{"@type":"ListItem","position":3,"name":"Olivtr\u00e4 Noaks ark #FI101"}]},{"@type":"WebSite","@id":"https:\/\/old.holyland-olivewood.com\/sv\/#website","url":"https:\/\/old.holyland-olivewood.com\/sv\/","name":"Holy Land Olive Wood - Bethlehem Olive Wood Factory","description":"Holy Land Olivewood Bethlehem","publisher":{"@id":"https:\/\/old.holyland-olivewood.com\/sv\/#organization"},"potentialAction":[{"@type":"SearchAction","target":{"@type":"EntryPoint","urlTemplate":"https:\/\/old.holyland-olivewood.com\/sv\/?s={search_term_string}"},"query-input":{"@type":"PropertyValueSpecification","valueRequired":true,"valueName":"search_term_string"}}],"inLanguage":"sv-SE"},{"@type":"Organization","@id":"https:\/\/old.holyland-olivewood.com\/sv\/#organization","name":"Holy Land Olivewood","url":"https:\/\/old.holyland-olivewood.com\/sv\/","logo":{"@type":"ImageObject","inLanguage":"sv-SE","@id":"https:\/\/old.holyland-olivewood.com\/sv\/#\/schema\/logo\/image\/","url":"","contentUrl":"","caption":"Holy Land Olivewood"},"image":{"@id":"https:\/\/old.holyland-olivewood.com\/sv\/#\/schema\/logo\/image\/"},"sameAs":["https:\/\/www.facebook.com\/holylandolivewood.bethlehem\/","http:\/\/instagram.com\/holy.land.olive.wood"]}]}},"_links":{"self":[{"href":"https:\/\/old.holyland-olivewood.com\/sv\/wp-json\/wp\/v2\/product\/44077","targetHints":{"allow":["GET"]}}],"collection":[{"href":"https:\/\/old.holyland-olivewood.com\/sv\/wp-json\/wp\/v2\/product"}],"about":[{"href":"https:\/\/old.holyland-olivewood.com\/sv\/wp-json\/wp\/v2\/types\/product"}],"wp:featuredmedia":[{"embeddable":true,"href":"https:\/\/old.holyland-olivewood.com\/sv\/wp-json\/wp\/v2\/media\/52822"}],"wp:attachment":[{"href":"https:\/\/old.holyland-olivewood.com\/sv\/wp-json\/wp\/v2\/media?parent=44077"}],"wp:term":[{"taxonomy":"product_brand","embeddable":true,"href":"https:\/\/old.holyland-olivewood.com\/sv\/wp-json\/wp\/v2\/product_brand?post=44077"},{"taxonomy":"product_cat","embeddable":true,"href":"https:\/\/old.holyland-olivewood.com\/sv\/wp-json\/wp\/v2\/product_cat?post=44077"},{"taxonomy":"product_tag","embeddable":true,"href":"https:\/\/old.holyland-olivewood.com\/sv\/wp-json\/wp\/v2\/product_tag?post=44077"}],"curies":[{"name":"wp","href":"https:\/\/api.w.org\/{rel}","templated":true}]}}