{"id":43132,"date":"2016-12-14T15:07:39","date_gmt":"2022-02-09T09:37:40","guid":{"rendered":"https:\/\/old.holyland-olivewood.com\/product\/oliv-tra-skarbrada-bricka-skarbrada-naturlig-kant-ki123\/"},"modified":"2022-02-09T09:37:40","modified_gmt":"2022-02-09T09:37:40","slug":"oliv-tra-skara-board-bricka-hacka-board-naturlig-kant","status":"publish","type":"product","link":"https:\/\/old.holyland-olivewood.com\/sv\/product\/oliv-tra-skara-board-bricka-hacka-board-naturlig-kant\/","title":{"rendered":"Oliv tr\u00e4 sk\u00e4rbr\u00e4da bricka sk\u00e4rbr\u00e4da naturlig kant #KI123"},"content":{"rendered":"","protected":false},"excerpt":{"rendered":"<p>Denna eleganta sk\u00e4rbr\u00e4da \u00e4r handgjord av olivtr\u00e4 fr\u00e5n det heliga landet Betlehem. Det \u00e4r det perfekta komplementet till alla k\u00f6k eller matsalar. Det vackra blonda tr\u00e4et har kornets m\u00f6rkare linjer virvlade genom varje redskap. Tillverkad av olivtr\u00e4d \u00f6ver 100 \u00e5r gamla, som inte l\u00e4ngre b\u00e4r frukt, njut av sk\u00f6nheten och historien om detta finkorniga h\u00e5rda tr\u00e4, renderat till anv\u00e4ndbara k\u00f6ksredskap och servering av porslin. Dess olivoljefinish h\u00e5ller tr\u00e4et \u00e5terfuktat p\u00e5 ett naturligt s\u00e4tt. Sk\u00e4rbr\u00e4dan \u00e4r handsnidad, slipad och f\u00e4rdig f\u00f6r kulinariskt bruk.<\/p>\n<p>F\u00f6r att njuta av denna produkt och tr\u00e4ets karakt\u00e4r bevaras s\u00e5 l\u00e4nge som m\u00f6jligt genom att f\u00f6rsiktigt tv\u00e4tta br\u00e4dan efter anv\u00e4ndning, endast med ljummet vatten och diskmedel, torka sedan omedelbart! Placera inte p\u00e5 en radiator, varma omr\u00e5den eller heta platser. F\u00f6r b\u00e4sta m\u00f6jliga v\u00e5rd gnuggar du tr\u00e4sk\u00e4rbr\u00e4dan regelbundet med olivolja eller matolja och torkar sedan av den med en torr trasa. F\u00f6rutom v\u00e5rden av br\u00e4dan kommer tr\u00e4kornet till sitt b\u00e4sta resultat!<br \/>\nInte diskmaskin s\u00e4ker!<\/p>\n<p>Storlek: 25,5 cm x 14 cm (10 x 5,5&#8243;)<\/p>\n","protected":false},"featured_media":32179,"template":"","meta":[],"product_brand":[],"product_cat":[1034,2928],"product_tag":[],"class_list":{"0":"post-43132","1":"product","2":"type-product","3":"status-publish","4":"has-post-thumbnail","6":"product_cat-kunsthaandvaerk-sv","7":"product_cat-koksutrustning","9":"first","10":"instock","11":"shipping-taxable","12":"purchasable","13":"product-type-simple"},"yoast_head":"<!-- This site is optimized with the Yoast SEO plugin v24.8.1 - https:\/\/yoast.com\/wordpress\/plugins\/seo\/ -->\n<title>Oliv tr\u00e4 sk\u00e4rbr\u00e4da bricka sk\u00e4rbr\u00e4da naturlig kant #KI123 - Holy Land Olive Wood - Bethlehem Olive Wood Factory<\/title>\n<meta name=\"description\" content=\"Betlehem olivtr\u00e4 hantverk (dvs. k\u00f6ksartiklar, skedar, sk\u00e4rbr\u00e4da) honung dipper, spatel, gaffel, murbruk &amp; r\u00e5a lager i standard och anpassade dimensioner.\" \/>\n<meta name=\"robots\" content=\"index, follow, max-snippet:-1, max-image-preview:large, max-video-preview:-1\" \/>\n<link rel=\"canonical\" href=\"https:\/\/old.holyland-olivewood.com\/sv\/product\/oliv-tra-skara-board-bricka-hacka-board-naturlig-kant\/\" \/>\n<meta property=\"og:locale\" content=\"sv_SE\" \/>\n<meta property=\"og:type\" content=\"article\" \/>\n<meta property=\"og:title\" content=\"Oliv tr\u00e4 sk\u00e4rbr\u00e4da bricka sk\u00e4rbr\u00e4da naturlig kant #KI123 - Holy Land Olive Wood - Bethlehem Olive Wood Factory\" \/>\n<meta property=\"og:description\" content=\"Betlehem olivtr\u00e4 hantverk (dvs. k\u00f6ksartiklar, skedar, sk\u00e4rbr\u00e4da) honung dipper, spatel, gaffel, murbruk &amp; r\u00e5a lager i standard och anpassade dimensioner.\" \/>\n<meta property=\"og:url\" content=\"https:\/\/old.holyland-olivewood.com\/sv\/product\/oliv-tra-skara-board-bricka-hacka-board-naturlig-kant\/\" \/>\n<meta property=\"og:site_name\" content=\"Holy Land Olive Wood - Bethlehem Olive Wood Factory\" \/>\n<meta property=\"article:publisher\" content=\"https:\/\/www.facebook.com\/holylandolivewood.bethlehem\/\" \/>\n<meta property=\"og:image\" content=\"https:\/\/old.holyland-olivewood.com\/wp-content\/uploads\/2016\/12\/kitchenware_holy_land_olive_wood_bethlehem_ki123_1.jpg\" \/>\n\t<meta property=\"og:image:width\" content=\"1550\" \/>\n\t<meta property=\"og:image:height\" content=\"1200\" \/>\n\t<meta property=\"og:image:type\" content=\"image\/jpeg\" \/>\n<meta name=\"twitter:card\" content=\"summary_large_image\" \/>\n<script type=\"application\/ld+json\" class=\"yoast-schema-graph\">{\"@context\":\"https:\/\/schema.org\",\"@graph\":[{\"@type\":\"WebPage\",\"@id\":\"https:\/\/old.holyland-olivewood.com\/sv\/product\/oliv-tra-skara-board-bricka-hacka-board-naturlig-kant\/\",\"url\":\"https:\/\/old.holyland-olivewood.com\/sv\/product\/oliv-tra-skara-board-bricka-hacka-board-naturlig-kant\/\",\"name\":\"Oliv tr\u00e4 sk\u00e4rbr\u00e4da bricka sk\u00e4rbr\u00e4da naturlig kant #KI123 - Holy Land Olive Wood - Bethlehem Olive Wood Factory\",\"isPartOf\":{\"@id\":\"https:\/\/old.holyland-olivewood.com\/sv\/#website\"},\"primaryImageOfPage\":{\"@id\":\"https:\/\/old.holyland-olivewood.com\/sv\/product\/oliv-tra-skara-board-bricka-hacka-board-naturlig-kant\/#primaryimage\"},\"image\":{\"@id\":\"https:\/\/old.holyland-olivewood.com\/sv\/product\/oliv-tra-skara-board-bricka-hacka-board-naturlig-kant\/#primaryimage\"},\"thumbnailUrl\":\"https:\/\/old.holyland-olivewood.com\/wp-content\/uploads\/2016\/12\/kitchenware_holy_land_olive_wood_bethlehem_ki123_1.jpg\",\"datePublished\":\"2022-02-09T09:37:40+00:00\",\"description\":\"Betlehem olivtr\u00e4 hantverk (dvs. k\u00f6ksartiklar, skedar, sk\u00e4rbr\u00e4da) honung dipper, spatel, gaffel, murbruk & r\u00e5a lager i standard och anpassade dimensioner.\",\"breadcrumb\":{\"@id\":\"https:\/\/old.holyland-olivewood.com\/sv\/product\/oliv-tra-skara-board-bricka-hacka-board-naturlig-kant\/#breadcrumb\"},\"inLanguage\":\"sv-SE\",\"potentialAction\":[{\"@type\":\"ReadAction\",\"target\":[\"https:\/\/old.holyland-olivewood.com\/sv\/product\/oliv-tra-skara-board-bricka-hacka-board-naturlig-kant\/\"]}]},{\"@type\":\"ImageObject\",\"inLanguage\":\"sv-SE\",\"@id\":\"https:\/\/old.holyland-olivewood.com\/sv\/product\/oliv-tra-skara-board-bricka-hacka-board-naturlig-kant\/#primaryimage\",\"url\":\"https:\/\/old.holyland-olivewood.com\/wp-content\/uploads\/2016\/12\/kitchenware_holy_land_olive_wood_bethlehem_ki123_1.jpg\",\"contentUrl\":\"https:\/\/old.holyland-olivewood.com\/wp-content\/uploads\/2016\/12\/kitchenware_holy_land_olive_wood_bethlehem_ki123_1.jpg\",\"width\":1550,\"height\":1200},{\"@type\":\"BreadcrumbList\",\"@id\":\"https:\/\/old.holyland-olivewood.com\/sv\/product\/oliv-tra-skara-board-bricka-hacka-board-naturlig-kant\/#breadcrumb\",\"itemListElement\":[{\"@type\":\"ListItem\",\"position\":1,\"name\":\"Home\",\"item\":\"https:\/\/old.holyland-olivewood.com\/sv\/\"},{\"@type\":\"ListItem\",\"position\":2,\"name\":\"Butik\",\"item\":\"https:\/\/old.holyland-olivewood.com\/sv\/butik\/\"},{\"@type\":\"ListItem\",\"position\":3,\"name\":\"Oliv tr\u00e4 sk\u00e4rbr\u00e4da bricka sk\u00e4rbr\u00e4da naturlig kant #KI123\"}]},{\"@type\":\"WebSite\",\"@id\":\"https:\/\/old.holyland-olivewood.com\/sv\/#website\",\"url\":\"https:\/\/old.holyland-olivewood.com\/sv\/\",\"name\":\"Holy Land Olive Wood - Bethlehem Olive Wood Factory\",\"description\":\"Holy Land Olivewood Bethlehem\",\"publisher\":{\"@id\":\"https:\/\/old.holyland-olivewood.com\/sv\/#organization\"},\"potentialAction\":[{\"@type\":\"SearchAction\",\"target\":{\"@type\":\"EntryPoint\",\"urlTemplate\":\"https:\/\/old.holyland-olivewood.com\/sv\/?s={search_term_string}\"},\"query-input\":{\"@type\":\"PropertyValueSpecification\",\"valueRequired\":true,\"valueName\":\"search_term_string\"}}],\"inLanguage\":\"sv-SE\"},{\"@type\":\"Organization\",\"@id\":\"https:\/\/old.holyland-olivewood.com\/sv\/#organization\",\"name\":\"Holy Land Olivewood\",\"url\":\"https:\/\/old.holyland-olivewood.com\/sv\/\",\"logo\":{\"@type\":\"ImageObject\",\"inLanguage\":\"sv-SE\",\"@id\":\"https:\/\/old.holyland-olivewood.com\/sv\/#\/schema\/logo\/image\/\",\"url\":\"\",\"contentUrl\":\"\",\"caption\":\"Holy Land Olivewood\"},\"image\":{\"@id\":\"https:\/\/old.holyland-olivewood.com\/sv\/#\/schema\/logo\/image\/\"},\"sameAs\":[\"https:\/\/www.facebook.com\/holylandolivewood.bethlehem\/\",\"http:\/\/instagram.com\/holy.land.olive.wood\"]}]}<\/script>\n<!-- \/ Yoast SEO plugin. -->","yoast_head_json":{"title":"Oliv tr\u00e4 sk\u00e4rbr\u00e4da bricka sk\u00e4rbr\u00e4da naturlig kant #KI123 - Holy Land Olive Wood - Bethlehem Olive Wood Factory","description":"Betlehem olivtr\u00e4 hantverk (dvs. k\u00f6ksartiklar, skedar, sk\u00e4rbr\u00e4da) honung dipper, spatel, gaffel, murbruk & r\u00e5a lager i standard och anpassade dimensioner.","robots":{"index":"index","follow":"follow","max-snippet":"max-snippet:-1","max-image-preview":"max-image-preview:large","max-video-preview":"max-video-preview:-1"},"canonical":"https:\/\/old.holyland-olivewood.com\/sv\/product\/oliv-tra-skara-board-bricka-hacka-board-naturlig-kant\/","og_locale":"sv_SE","og_type":"article","og_title":"Oliv tr\u00e4 sk\u00e4rbr\u00e4da bricka sk\u00e4rbr\u00e4da naturlig kant #KI123 - Holy Land Olive Wood - Bethlehem Olive Wood Factory","og_description":"Betlehem olivtr\u00e4 hantverk (dvs. k\u00f6ksartiklar, skedar, sk\u00e4rbr\u00e4da) honung dipper, spatel, gaffel, murbruk & r\u00e5a lager i standard och anpassade dimensioner.","og_url":"https:\/\/old.holyland-olivewood.com\/sv\/product\/oliv-tra-skara-board-bricka-hacka-board-naturlig-kant\/","og_site_name":"Holy Land Olive Wood - Bethlehem Olive Wood Factory","article_publisher":"https:\/\/www.facebook.com\/holylandolivewood.bethlehem\/","og_image":[{"width":1550,"height":1200,"url":"https:\/\/old.holyland-olivewood.com\/wp-content\/uploads\/2016\/12\/kitchenware_holy_land_olive_wood_bethlehem_ki123_1.jpg","type":"image\/jpeg"}],"twitter_card":"summary_large_image","schema":{"@context":"https:\/\/schema.org","@graph":[{"@type":"WebPage","@id":"https:\/\/old.holyland-olivewood.com\/sv\/product\/oliv-tra-skara-board-bricka-hacka-board-naturlig-kant\/","url":"https:\/\/old.holyland-olivewood.com\/sv\/product\/oliv-tra-skara-board-bricka-hacka-board-naturlig-kant\/","name":"Oliv tr\u00e4 sk\u00e4rbr\u00e4da bricka sk\u00e4rbr\u00e4da naturlig kant #KI123 - Holy Land Olive Wood - Bethlehem Olive Wood Factory","isPartOf":{"@id":"https:\/\/old.holyland-olivewood.com\/sv\/#website"},"primaryImageOfPage":{"@id":"https:\/\/old.holyland-olivewood.com\/sv\/product\/oliv-tra-skara-board-bricka-hacka-board-naturlig-kant\/#primaryimage"},"image":{"@id":"https:\/\/old.holyland-olivewood.com\/sv\/product\/oliv-tra-skara-board-bricka-hacka-board-naturlig-kant\/#primaryimage"},"thumbnailUrl":"https:\/\/old.holyland-olivewood.com\/wp-content\/uploads\/2016\/12\/kitchenware_holy_land_olive_wood_bethlehem_ki123_1.jpg","datePublished":"2022-02-09T09:37:40+00:00","description":"Betlehem olivtr\u00e4 hantverk (dvs. k\u00f6ksartiklar, skedar, sk\u00e4rbr\u00e4da) honung dipper, spatel, gaffel, murbruk & r\u00e5a lager i standard och anpassade dimensioner.","breadcrumb":{"@id":"https:\/\/old.holyland-olivewood.com\/sv\/product\/oliv-tra-skara-board-bricka-hacka-board-naturlig-kant\/#breadcrumb"},"inLanguage":"sv-SE","potentialAction":[{"@type":"ReadAction","target":["https:\/\/old.holyland-olivewood.com\/sv\/product\/oliv-tra-skara-board-bricka-hacka-board-naturlig-kant\/"]}]},{"@type":"ImageObject","inLanguage":"sv-SE","@id":"https:\/\/old.holyland-olivewood.com\/sv\/product\/oliv-tra-skara-board-bricka-hacka-board-naturlig-kant\/#primaryimage","url":"https:\/\/old.holyland-olivewood.com\/wp-content\/uploads\/2016\/12\/kitchenware_holy_land_olive_wood_bethlehem_ki123_1.jpg","contentUrl":"https:\/\/old.holyland-olivewood.com\/wp-content\/uploads\/2016\/12\/kitchenware_holy_land_olive_wood_bethlehem_ki123_1.jpg","width":1550,"height":1200},{"@type":"BreadcrumbList","@id":"https:\/\/old.holyland-olivewood.com\/sv\/product\/oliv-tra-skara-board-bricka-hacka-board-naturlig-kant\/#breadcrumb","itemListElement":[{"@type":"ListItem","position":1,"name":"Home","item":"https:\/\/old.holyland-olivewood.com\/sv\/"},{"@type":"ListItem","position":2,"name":"Butik","item":"https:\/\/old.holyland-olivewood.com\/sv\/butik\/"},{"@type":"ListItem","position":3,"name":"Oliv tr\u00e4 sk\u00e4rbr\u00e4da bricka sk\u00e4rbr\u00e4da naturlig kant #KI123"}]},{"@type":"WebSite","@id":"https:\/\/old.holyland-olivewood.com\/sv\/#website","url":"https:\/\/old.holyland-olivewood.com\/sv\/","name":"Holy Land Olive Wood - Bethlehem Olive Wood Factory","description":"Holy Land Olivewood Bethlehem","publisher":{"@id":"https:\/\/old.holyland-olivewood.com\/sv\/#organization"},"potentialAction":[{"@type":"SearchAction","target":{"@type":"EntryPoint","urlTemplate":"https:\/\/old.holyland-olivewood.com\/sv\/?s={search_term_string}"},"query-input":{"@type":"PropertyValueSpecification","valueRequired":true,"valueName":"search_term_string"}}],"inLanguage":"sv-SE"},{"@type":"Organization","@id":"https:\/\/old.holyland-olivewood.com\/sv\/#organization","name":"Holy Land Olivewood","url":"https:\/\/old.holyland-olivewood.com\/sv\/","logo":{"@type":"ImageObject","inLanguage":"sv-SE","@id":"https:\/\/old.holyland-olivewood.com\/sv\/#\/schema\/logo\/image\/","url":"","contentUrl":"","caption":"Holy Land Olivewood"},"image":{"@id":"https:\/\/old.holyland-olivewood.com\/sv\/#\/schema\/logo\/image\/"},"sameAs":["https:\/\/www.facebook.com\/holylandolivewood.bethlehem\/","http:\/\/instagram.com\/holy.land.olive.wood"]}]}},"_links":{"self":[{"href":"https:\/\/old.holyland-olivewood.com\/sv\/wp-json\/wp\/v2\/product\/43132","targetHints":{"allow":["GET"]}}],"collection":[{"href":"https:\/\/old.holyland-olivewood.com\/sv\/wp-json\/wp\/v2\/product"}],"about":[{"href":"https:\/\/old.holyland-olivewood.com\/sv\/wp-json\/wp\/v2\/types\/product"}],"wp:featuredmedia":[{"embeddable":true,"href":"https:\/\/old.holyland-olivewood.com\/sv\/wp-json\/wp\/v2\/media\/32179"}],"wp:attachment":[{"href":"https:\/\/old.holyland-olivewood.com\/sv\/wp-json\/wp\/v2\/media?parent=43132"}],"wp:term":[{"taxonomy":"product_brand","embeddable":true,"href":"https:\/\/old.holyland-olivewood.com\/sv\/wp-json\/wp\/v2\/product_brand?post=43132"},{"taxonomy":"product_cat","embeddable":true,"href":"https:\/\/old.holyland-olivewood.com\/sv\/wp-json\/wp\/v2\/product_cat?post=43132"},{"taxonomy":"product_tag","embeddable":true,"href":"https:\/\/old.holyland-olivewood.com\/sv\/wp-json\/wp\/v2\/product_tag?post=43132"}],"curies":[{"name":"wp","href":"https:\/\/api.w.org\/{rel}","templated":true}]}}