{"id":42997,"date":"2016-12-14T15:26:23","date_gmt":"2022-02-09T08:34:37","guid":{"rendered":"https:\/\/old.holyland-olivewood.com\/product\/uppsattning-av-4-olivtraskalar-ki131\/"},"modified":"2022-02-09T08:34:37","modified_gmt":"2022-02-09T08:34:37","slug":"set-4-oliv-tra-skalar-4","status":"publish","type":"product","link":"https:\/\/old.holyland-olivewood.com\/sv\/product\/set-4-oliv-tra-skalar-4\/","title":{"rendered":"Upps\u00e4ttning av 4 olivtr\u00e4sk\u00e5lar #KI131"},"content":{"rendered":"","protected":false},"excerpt":{"rendered":"<p>Denna upps\u00e4ttning av 4 olivtr\u00e4sk\u00e5lar \u00e4r handgjorda av olivtr\u00e4 fr\u00e5n det heliga landet Betlehem. Det vackra blonda tr\u00e4et har de m\u00f6rkare kornlinjerna virvlade genom varje redskap, Varje bit har sin egen unika karakt\u00e4r och \u00e4r o\u00f6vertr\u00e4ffad i kvalitet, V\u00e5ra sk\u00e5lar \u00e4r perfekta f\u00f6r sallad, frukt, n\u00f6tter, salter, kryddor och mer.<\/p>\n<p>F\u00f6r att njuta av denna produkt och tr\u00e4ets karakt\u00e4r bevaras s\u00e5 l\u00e4nge som m\u00f6jligt genom att f\u00f6rsiktigt tv\u00e4tta br\u00e4dan efter anv\u00e4ndning, endast med ljummet vatten och diskmedel, torka sedan omedelbart! Placera inte p\u00e5 en radiator, varma omr\u00e5den eller heta platser. F\u00f6r b\u00e4sta m\u00f6jliga v\u00e5rd gnuggar du tr\u00e4sk\u00e4rbr\u00e4dan regelbundet med olivolja eller matolja och torkar sedan av den med en torr trasa. F\u00f6rutom v\u00e5rden av br\u00e4dan kommer tr\u00e4kornet till sitt b\u00e4sta resultat!<br \/>\nInte diskmaskin s\u00e4ker!<\/p>\n<p>Storlek:<br \/>\nXL. 8 cm x 20 cm x 4,5 cm (3,25 x 8 \u00d7 1,75&#8243;)<br \/>\nL. 7,5 cm x 18 cm x 4 cm (3 x 7 &#8221; x 1,5&#8243;)<br \/>\nM. 6 cm x 14,5 cm x 3,5 cm (2,5 x 5,75 \u00d7 1,5&#8243;)<br \/>\nS. 5,5 cm x 12 cm x 3,5 cm (2,25 \u00d7 4,75 \u00d7 1,5&#8243;)<\/p>\n","protected":false},"featured_media":32045,"template":"","meta":[],"product_brand":[],"product_cat":[1034,2928],"product_tag":[],"class_list":{"0":"post-42997","1":"product","2":"type-product","3":"status-publish","4":"has-post-thumbnail","6":"product_cat-kunsthaandvaerk-sv","7":"product_cat-koksutrustning","9":"first","10":"instock","11":"shipping-taxable","12":"purchasable","13":"product-type-simple"},"yoast_head":"<!-- This site is optimized with the Yoast SEO plugin v24.8.1 - https:\/\/yoast.com\/wordpress\/plugins\/seo\/ -->\n<title>Upps\u00e4ttning av 4 olivtr\u00e4sk\u00e5lar #KI131 - Holy Land Olive Wood - Bethlehem Olive Wood Factory<\/title>\n<meta name=\"description\" content=\"Betlehem olivtr\u00e4 hantverk (dvs. k\u00f6ksutrustning, sk\u00e5lar, sk\u00e4rbr\u00e4da) honung dipper, spatel, gaffel, murbruk &amp; r\u00e5a lager i standard och anpassade dimensioner.\" \/>\n<meta name=\"robots\" content=\"index, follow, max-snippet:-1, max-image-preview:large, max-video-preview:-1\" \/>\n<link rel=\"canonical\" href=\"https:\/\/old.holyland-olivewood.com\/sv\/product\/set-4-oliv-tra-skalar-4\/\" \/>\n<meta property=\"og:locale\" content=\"sv_SE\" \/>\n<meta property=\"og:type\" content=\"article\" \/>\n<meta property=\"og:title\" content=\"Upps\u00e4ttning av 4 olivtr\u00e4sk\u00e5lar #KI131 - Holy Land Olive Wood - Bethlehem Olive Wood Factory\" \/>\n<meta property=\"og:description\" content=\"Betlehem olivtr\u00e4 hantverk (dvs. k\u00f6ksutrustning, sk\u00e5lar, sk\u00e4rbr\u00e4da) honung dipper, spatel, gaffel, murbruk &amp; r\u00e5a lager i standard och anpassade dimensioner.\" \/>\n<meta property=\"og:url\" content=\"https:\/\/old.holyland-olivewood.com\/sv\/product\/set-4-oliv-tra-skalar-4\/\" \/>\n<meta property=\"og:site_name\" content=\"Holy Land Olive Wood - Bethlehem Olive Wood Factory\" \/>\n<meta property=\"article:publisher\" content=\"https:\/\/www.facebook.com\/holylandolivewood.bethlehem\/\" \/>\n<meta property=\"og:image\" content=\"https:\/\/old.holyland-olivewood.com\/wp-content\/uploads\/2016\/12\/kitchenware_bowls_holy_land_olive_wood_bethlehem_ki131_1.jpg\" \/>\n\t<meta property=\"og:image:width\" content=\"1550\" \/>\n\t<meta property=\"og:image:height\" content=\"1200\" \/>\n\t<meta property=\"og:image:type\" content=\"image\/jpeg\" \/>\n<meta name=\"twitter:card\" content=\"summary_large_image\" \/>\n<script type=\"application\/ld+json\" class=\"yoast-schema-graph\">{\"@context\":\"https:\/\/schema.org\",\"@graph\":[{\"@type\":\"WebPage\",\"@id\":\"https:\/\/old.holyland-olivewood.com\/sv\/product\/set-4-oliv-tra-skalar-4\/\",\"url\":\"https:\/\/old.holyland-olivewood.com\/sv\/product\/set-4-oliv-tra-skalar-4\/\",\"name\":\"Upps\u00e4ttning av 4 olivtr\u00e4sk\u00e5lar #KI131 - Holy Land Olive Wood - Bethlehem Olive Wood Factory\",\"isPartOf\":{\"@id\":\"https:\/\/old.holyland-olivewood.com\/sv\/#website\"},\"primaryImageOfPage\":{\"@id\":\"https:\/\/old.holyland-olivewood.com\/sv\/product\/set-4-oliv-tra-skalar-4\/#primaryimage\"},\"image\":{\"@id\":\"https:\/\/old.holyland-olivewood.com\/sv\/product\/set-4-oliv-tra-skalar-4\/#primaryimage\"},\"thumbnailUrl\":\"https:\/\/old.holyland-olivewood.com\/wp-content\/uploads\/2016\/12\/kitchenware_bowls_holy_land_olive_wood_bethlehem_ki131_1.jpg\",\"datePublished\":\"2022-02-09T08:34:37+00:00\",\"description\":\"Betlehem olivtr\u00e4 hantverk (dvs. k\u00f6ksutrustning, sk\u00e5lar, sk\u00e4rbr\u00e4da) honung dipper, spatel, gaffel, murbruk & r\u00e5a lager i standard och anpassade dimensioner.\",\"breadcrumb\":{\"@id\":\"https:\/\/old.holyland-olivewood.com\/sv\/product\/set-4-oliv-tra-skalar-4\/#breadcrumb\"},\"inLanguage\":\"sv-SE\",\"potentialAction\":[{\"@type\":\"ReadAction\",\"target\":[\"https:\/\/old.holyland-olivewood.com\/sv\/product\/set-4-oliv-tra-skalar-4\/\"]}]},{\"@type\":\"ImageObject\",\"inLanguage\":\"sv-SE\",\"@id\":\"https:\/\/old.holyland-olivewood.com\/sv\/product\/set-4-oliv-tra-skalar-4\/#primaryimage\",\"url\":\"https:\/\/old.holyland-olivewood.com\/wp-content\/uploads\/2016\/12\/kitchenware_bowls_holy_land_olive_wood_bethlehem_ki131_1.jpg\",\"contentUrl\":\"https:\/\/old.holyland-olivewood.com\/wp-content\/uploads\/2016\/12\/kitchenware_bowls_holy_land_olive_wood_bethlehem_ki131_1.jpg\",\"width\":1550,\"height\":1200},{\"@type\":\"BreadcrumbList\",\"@id\":\"https:\/\/old.holyland-olivewood.com\/sv\/product\/set-4-oliv-tra-skalar-4\/#breadcrumb\",\"itemListElement\":[{\"@type\":\"ListItem\",\"position\":1,\"name\":\"Home\",\"item\":\"https:\/\/old.holyland-olivewood.com\/sv\/\"},{\"@type\":\"ListItem\",\"position\":2,\"name\":\"Butik\",\"item\":\"https:\/\/old.holyland-olivewood.com\/sv\/butik\/\"},{\"@type\":\"ListItem\",\"position\":3,\"name\":\"Upps\u00e4ttning av 4 olivtr\u00e4sk\u00e5lar #KI131\"}]},{\"@type\":\"WebSite\",\"@id\":\"https:\/\/old.holyland-olivewood.com\/sv\/#website\",\"url\":\"https:\/\/old.holyland-olivewood.com\/sv\/\",\"name\":\"Holy Land Olive Wood - Bethlehem Olive Wood Factory\",\"description\":\"Holy Land Olivewood Bethlehem\",\"publisher\":{\"@id\":\"https:\/\/old.holyland-olivewood.com\/sv\/#organization\"},\"potentialAction\":[{\"@type\":\"SearchAction\",\"target\":{\"@type\":\"EntryPoint\",\"urlTemplate\":\"https:\/\/old.holyland-olivewood.com\/sv\/?s={search_term_string}\"},\"query-input\":{\"@type\":\"PropertyValueSpecification\",\"valueRequired\":true,\"valueName\":\"search_term_string\"}}],\"inLanguage\":\"sv-SE\"},{\"@type\":\"Organization\",\"@id\":\"https:\/\/old.holyland-olivewood.com\/sv\/#organization\",\"name\":\"Holy Land Olivewood\",\"url\":\"https:\/\/old.holyland-olivewood.com\/sv\/\",\"logo\":{\"@type\":\"ImageObject\",\"inLanguage\":\"sv-SE\",\"@id\":\"https:\/\/old.holyland-olivewood.com\/sv\/#\/schema\/logo\/image\/\",\"url\":\"\",\"contentUrl\":\"\",\"caption\":\"Holy Land Olivewood\"},\"image\":{\"@id\":\"https:\/\/old.holyland-olivewood.com\/sv\/#\/schema\/logo\/image\/\"},\"sameAs\":[\"https:\/\/www.facebook.com\/holylandolivewood.bethlehem\/\",\"http:\/\/instagram.com\/holy.land.olive.wood\"]}]}<\/script>\n<!-- \/ Yoast SEO plugin. -->","yoast_head_json":{"title":"Upps\u00e4ttning av 4 olivtr\u00e4sk\u00e5lar #KI131 - Holy Land Olive Wood - Bethlehem Olive Wood Factory","description":"Betlehem olivtr\u00e4 hantverk (dvs. k\u00f6ksutrustning, sk\u00e5lar, sk\u00e4rbr\u00e4da) honung dipper, spatel, gaffel, murbruk & r\u00e5a lager i standard och anpassade dimensioner.","robots":{"index":"index","follow":"follow","max-snippet":"max-snippet:-1","max-image-preview":"max-image-preview:large","max-video-preview":"max-video-preview:-1"},"canonical":"https:\/\/old.holyland-olivewood.com\/sv\/product\/set-4-oliv-tra-skalar-4\/","og_locale":"sv_SE","og_type":"article","og_title":"Upps\u00e4ttning av 4 olivtr\u00e4sk\u00e5lar #KI131 - Holy Land Olive Wood - Bethlehem Olive Wood Factory","og_description":"Betlehem olivtr\u00e4 hantverk (dvs. k\u00f6ksutrustning, sk\u00e5lar, sk\u00e4rbr\u00e4da) honung dipper, spatel, gaffel, murbruk & r\u00e5a lager i standard och anpassade dimensioner.","og_url":"https:\/\/old.holyland-olivewood.com\/sv\/product\/set-4-oliv-tra-skalar-4\/","og_site_name":"Holy Land Olive Wood - Bethlehem Olive Wood Factory","article_publisher":"https:\/\/www.facebook.com\/holylandolivewood.bethlehem\/","og_image":[{"width":1550,"height":1200,"url":"https:\/\/old.holyland-olivewood.com\/wp-content\/uploads\/2016\/12\/kitchenware_bowls_holy_land_olive_wood_bethlehem_ki131_1.jpg","type":"image\/jpeg"}],"twitter_card":"summary_large_image","schema":{"@context":"https:\/\/schema.org","@graph":[{"@type":"WebPage","@id":"https:\/\/old.holyland-olivewood.com\/sv\/product\/set-4-oliv-tra-skalar-4\/","url":"https:\/\/old.holyland-olivewood.com\/sv\/product\/set-4-oliv-tra-skalar-4\/","name":"Upps\u00e4ttning av 4 olivtr\u00e4sk\u00e5lar #KI131 - Holy Land Olive Wood - Bethlehem Olive Wood Factory","isPartOf":{"@id":"https:\/\/old.holyland-olivewood.com\/sv\/#website"},"primaryImageOfPage":{"@id":"https:\/\/old.holyland-olivewood.com\/sv\/product\/set-4-oliv-tra-skalar-4\/#primaryimage"},"image":{"@id":"https:\/\/old.holyland-olivewood.com\/sv\/product\/set-4-oliv-tra-skalar-4\/#primaryimage"},"thumbnailUrl":"https:\/\/old.holyland-olivewood.com\/wp-content\/uploads\/2016\/12\/kitchenware_bowls_holy_land_olive_wood_bethlehem_ki131_1.jpg","datePublished":"2022-02-09T08:34:37+00:00","description":"Betlehem olivtr\u00e4 hantverk (dvs. k\u00f6ksutrustning, sk\u00e5lar, sk\u00e4rbr\u00e4da) honung dipper, spatel, gaffel, murbruk & r\u00e5a lager i standard och anpassade dimensioner.","breadcrumb":{"@id":"https:\/\/old.holyland-olivewood.com\/sv\/product\/set-4-oliv-tra-skalar-4\/#breadcrumb"},"inLanguage":"sv-SE","potentialAction":[{"@type":"ReadAction","target":["https:\/\/old.holyland-olivewood.com\/sv\/product\/set-4-oliv-tra-skalar-4\/"]}]},{"@type":"ImageObject","inLanguage":"sv-SE","@id":"https:\/\/old.holyland-olivewood.com\/sv\/product\/set-4-oliv-tra-skalar-4\/#primaryimage","url":"https:\/\/old.holyland-olivewood.com\/wp-content\/uploads\/2016\/12\/kitchenware_bowls_holy_land_olive_wood_bethlehem_ki131_1.jpg","contentUrl":"https:\/\/old.holyland-olivewood.com\/wp-content\/uploads\/2016\/12\/kitchenware_bowls_holy_land_olive_wood_bethlehem_ki131_1.jpg","width":1550,"height":1200},{"@type":"BreadcrumbList","@id":"https:\/\/old.holyland-olivewood.com\/sv\/product\/set-4-oliv-tra-skalar-4\/#breadcrumb","itemListElement":[{"@type":"ListItem","position":1,"name":"Home","item":"https:\/\/old.holyland-olivewood.com\/sv\/"},{"@type":"ListItem","position":2,"name":"Butik","item":"https:\/\/old.holyland-olivewood.com\/sv\/butik\/"},{"@type":"ListItem","position":3,"name":"Upps\u00e4ttning av 4 olivtr\u00e4sk\u00e5lar #KI131"}]},{"@type":"WebSite","@id":"https:\/\/old.holyland-olivewood.com\/sv\/#website","url":"https:\/\/old.holyland-olivewood.com\/sv\/","name":"Holy Land Olive Wood - Bethlehem Olive Wood Factory","description":"Holy Land Olivewood Bethlehem","publisher":{"@id":"https:\/\/old.holyland-olivewood.com\/sv\/#organization"},"potentialAction":[{"@type":"SearchAction","target":{"@type":"EntryPoint","urlTemplate":"https:\/\/old.holyland-olivewood.com\/sv\/?s={search_term_string}"},"query-input":{"@type":"PropertyValueSpecification","valueRequired":true,"valueName":"search_term_string"}}],"inLanguage":"sv-SE"},{"@type":"Organization","@id":"https:\/\/old.holyland-olivewood.com\/sv\/#organization","name":"Holy Land Olivewood","url":"https:\/\/old.holyland-olivewood.com\/sv\/","logo":{"@type":"ImageObject","inLanguage":"sv-SE","@id":"https:\/\/old.holyland-olivewood.com\/sv\/#\/schema\/logo\/image\/","url":"","contentUrl":"","caption":"Holy Land Olivewood"},"image":{"@id":"https:\/\/old.holyland-olivewood.com\/sv\/#\/schema\/logo\/image\/"},"sameAs":["https:\/\/www.facebook.com\/holylandolivewood.bethlehem\/","http:\/\/instagram.com\/holy.land.olive.wood"]}]}},"_links":{"self":[{"href":"https:\/\/old.holyland-olivewood.com\/sv\/wp-json\/wp\/v2\/product\/42997","targetHints":{"allow":["GET"]}}],"collection":[{"href":"https:\/\/old.holyland-olivewood.com\/sv\/wp-json\/wp\/v2\/product"}],"about":[{"href":"https:\/\/old.holyland-olivewood.com\/sv\/wp-json\/wp\/v2\/types\/product"}],"wp:featuredmedia":[{"embeddable":true,"href":"https:\/\/old.holyland-olivewood.com\/sv\/wp-json\/wp\/v2\/media\/32045"}],"wp:attachment":[{"href":"https:\/\/old.holyland-olivewood.com\/sv\/wp-json\/wp\/v2\/media?parent=42997"}],"wp:term":[{"taxonomy":"product_brand","embeddable":true,"href":"https:\/\/old.holyland-olivewood.com\/sv\/wp-json\/wp\/v2\/product_brand?post=42997"},{"taxonomy":"product_cat","embeddable":true,"href":"https:\/\/old.holyland-olivewood.com\/sv\/wp-json\/wp\/v2\/product_cat?post=42997"},{"taxonomy":"product_tag","embeddable":true,"href":"https:\/\/old.holyland-olivewood.com\/sv\/wp-json\/wp\/v2\/product_tag?post=42997"}],"curies":[{"name":"wp","href":"https:\/\/api.w.org\/{rel}","templated":true}]}}