{"id":42990,"date":"2017-10-03T14:03:20","date_gmt":"2022-02-09T08:34:27","guid":{"rendered":"https:\/\/old.holyland-olivewood.com\/product\/5-pack-mjolk-grotta-rockpulver\/"},"modified":"2022-02-09T08:34:27","modified_gmt":"2022-02-09T08:34:27","slug":"mjolkgrotta-stenpulver","status":"publish","type":"product","link":"https:\/\/old.holyland-olivewood.com\/sv\/product\/mjolkgrotta-stenpulver\/","title":{"rendered":"5-pack mj\u00f6lk grotta rockpulver"},"content":{"rendered":"","protected":false},"excerpt":{"rendered":"<p><strong>MJ\u00d6LKGROTTA STENPULVER<\/strong><\/p>\n<p>Strax bakom F\u00f6delsekyrkan i den heliga staden Betlehem ligger Milk<img loading=\"lazy\" decoding=\"async\" class=\"size-medium wp-image-16526 alignright\" src=\"https:\/\/old.holyland-olivewood.com\/wp-content\/uploads\/2017\/10\/milk_grotto_rock_powder_holy_land_olive_wood_bethlehem-300x225.jpg\" alt=\"\" width=\"300\" height=\"225\" srcset=\"https:\/\/old.holyland-olivewood.com\/wp-content\/uploads\/2017\/10\/milk_grotto_rock_powder_holy_land_olive_wood_bethlehem-300x225.jpg 300w, https:\/\/old.holyland-olivewood.com\/wp-content\/uploads\/2017\/10\/milk_grotto_rock_powder_holy_land_olive_wood_bethlehem-200x150.jpg 200w, https:\/\/old.holyland-olivewood.com\/wp-content\/uploads\/2017\/10\/milk_grotto_rock_powder_holy_land_olive_wood_bethlehem-400x300.jpg 400w, https:\/\/old.holyland-olivewood.com\/wp-content\/uploads\/2017\/10\/milk_grotto_rock_powder_holy_land_olive_wood_bethlehem-94x70.jpg 94w, https:\/\/old.holyland-olivewood.com\/wp-content\/uploads\/2017\/10\/milk_grotto_rock_powder_holy_land_olive_wood_bethlehem.jpg 500w\" sizes=\"auto, (max-width: 300px) 100vw, 300px\" \/> Grotto-kyrkan. Denna kyrka byggdes f\u00f6r att hedra Maria, v\u00e5r Herres Moder, Jesus Kristus.<\/p>\n<p>Jungfru Maria \u00f6vergav den n\u00e4rliggande f\u00f6delsekyrkan kort efter sin f\u00f6delse och g\u00f6mde sig i mj\u00f6lkgrottan med sitt nyf\u00f6dda barn p\u00e5 v\u00e4g till Egypten f\u00f6r att undkomma kung Herodes massaker p\u00e5 alla manliga barn i Betlehem som f\u00f6ddes under Kristi f\u00f6delse.<\/p>\n<p>Medan Jungfru Maria ammade sitt barn landade en droppe br\u00f6stmj\u00f6lk p\u00e5 klippan d\u00e4r hon satt, vilket gjorde den till en o\u00e4ndlig k\u00e4lla till mirakel.<\/p>\n<p>Munkarna vid klostret malde senare denna sten till ett fint pulver och blandade den med vatten eller mj\u00f6lk, bara f\u00f6r att uppt\u00e4cka att n\u00e4r den konsumerades hade den en f\u00f6rm\u00e5ga att g\u00f6ra infertila par att bli gravida barn.<\/p>\n<p>Detta \u00e4r ett \u00e5terkommande mirakel som forts\u00e4tter att h\u00e4nda om och om igen. Faktum \u00e4r att kyrkan dagligen f\u00e5r vittnesm\u00e5l och foton fr\u00e5n hela v\u00e4rlden, som lugnar kyrkans v\u00e4ggar som intygar pulvrets kraft.<\/p>\n<p>N\u00e5gra av dessa vittnesm\u00e5l identifierar till och med andra sjukdomar, s\u00e5som cancer, som stenpulvret mirakul\u00f6st botade.<\/p>\n<p><strong>TITTA P\u00c5 DESSA VIDEOR F\u00d6R MER INFORMATION:<\/strong><\/p>\n<p><strong><br \/>\n  <em>Utforska mj\u00f6lkgrottan del 1: <\/em><br \/>\n<\/strong><a href=\"https:\/\/www.youtube.com\/watch?v=Mi2GLjZ4JOQ\">https:\/\/www.youtube.com\/watch?v=Mi2GLjZ4JOQ<\/a><\/p>\n<p><strong><br \/>\n  <em>Utforska mj\u00f6lkgrottan del 2: <\/em><br \/>\n<\/strong><a href=\"https:\/\/www.youtube.com\/watch?v=PIDVaHu8UGU\">https:\/\/www.youtube.com\/watch?v=PIDVaHu8UGU<\/a><\/p>\n<p><strong><br \/>\n  <em>Utforska mj\u00f6lkgrottan del 3: <\/em><br \/>\n<\/strong><a href=\"https:\/\/www.youtube.com\/watch?v=4p8w9IdT1zs\">https:\/\/www.youtube.com\/watch?v=4p8w9IdT1zs<\/a><\/p>\n","protected":false},"featured_media":33473,"template":"","meta":[],"product_brand":[],"product_cat":[1780,1781],"product_tag":[1038,1135,1098,1209,1229,1089,1107,1080,1085,4084,1081,1094,1154,1130,2979,1118,1114,1788,1808,1111,2978,1056,2980,1820,1216,1069,1804],"class_list":{"0":"post-42990","1":"product","2":"type-product","3":"status-publish","4":"has-post-thumbnail","6":"product_cat-diverse-sv","7":"product_cat-andra-artiklar","8":"product_tag-betlehem-sv","9":"product_tag-foedselskirken-sv","10":"product_tag-gav","11":"product_tag-gavor","12":"product_tag-grotta-sv","13":"product_tag-haandlavet-sv","14":"product_tag-haandvaerk-sv-2","15":"product_tag-hellig-sv","16":"product_tag-jerusalem-sv","17":"product_tag-jesus-sv-3","18":"product_tag-jord-sv","19":"product_tag-jul-sv","20":"product_tag-katolsk-sv-2","21":"product_tag-kirke-sv","22":"product_tag-klippa","23":"product_tag-kors-sv","24":"product_tag-kristen-sv","25":"product_tag-kristus-sv","26":"product_tag-krona","27":"product_tag-kunsthaandvaerk-sv","28":"product_tag-mjolk","29":"product_tag-oliven-sv","30":"product_tag-pulver-sv","31":"product_tag-smorjelse","32":"product_tag-stalla","33":"product_tag-udskaering-sv","34":"product_tag-valsignelse","36":"first","37":"outofstock","38":"shipping-taxable","39":"purchasable","40":"product-type-simple"},"yoast_head":"<!-- This site is optimized with the Yoast SEO plugin v24.8.1 - https:\/\/yoast.com\/wordpress\/plugins\/seo\/ -->\n<title>5-pack mj\u00f6lk grotta rockpulver - Holy Land Olive Wood - Bethlehem Olive Wood Factory<\/title>\n<meta name=\"description\" content=\"Betlehem olivtr\u00e4 hantverk (mj\u00f6lk grotta stenpulver)pen-blanks sniderier, olivtr\u00e4,&amp;r\u00e5a lager i standard och anpassade dimensioner\" \/>\n<meta name=\"robots\" content=\"index, follow, max-snippet:-1, max-image-preview:large, max-video-preview:-1\" \/>\n<link rel=\"canonical\" href=\"https:\/\/old.holyland-olivewood.com\/sv\/product\/mjolkgrotta-stenpulver\/\" \/>\n<meta property=\"og:locale\" content=\"sv_SE\" \/>\n<meta property=\"og:type\" content=\"article\" \/>\n<meta property=\"og:title\" content=\"5-pack mj\u00f6lk grotta rockpulver - Holy Land Olive Wood - Bethlehem Olive Wood Factory\" \/>\n<meta property=\"og:description\" content=\"Betlehem olivtr\u00e4 hantverk (mj\u00f6lk grotta stenpulver)pen-blanks sniderier, olivtr\u00e4,&amp;r\u00e5a lager i standard och anpassade dimensioner\" \/>\n<meta property=\"og:url\" content=\"https:\/\/old.holyland-olivewood.com\/sv\/product\/mjolkgrotta-stenpulver\/\" \/>\n<meta property=\"og:site_name\" content=\"Holy Land Olive Wood - Bethlehem Olive Wood Factory\" \/>\n<meta property=\"article:publisher\" content=\"https:\/\/www.facebook.com\/holylandolivewood.bethlehem\/\" \/>\n<meta property=\"og:image\" content=\"https:\/\/old.holyland-olivewood.com\/wp-content\/uploads\/2017\/10\/milk_grotto_church_bethlehem_holy_land_olive_wood_OT110_1.jpg\" \/>\n\t<meta property=\"og:image:width\" content=\"1550\" \/>\n\t<meta property=\"og:image:height\" content=\"1200\" \/>\n\t<meta property=\"og:image:type\" content=\"image\/jpeg\" \/>\n<meta name=\"twitter:card\" content=\"summary_large_image\" \/>\n<script type=\"application\/ld+json\" class=\"yoast-schema-graph\">{\"@context\":\"https:\/\/schema.org\",\"@graph\":[{\"@type\":\"WebPage\",\"@id\":\"https:\/\/old.holyland-olivewood.com\/sv\/product\/mjolkgrotta-stenpulver\/\",\"url\":\"https:\/\/old.holyland-olivewood.com\/sv\/product\/mjolkgrotta-stenpulver\/\",\"name\":\"5-pack mj\u00f6lk grotta rockpulver - Holy Land Olive Wood - Bethlehem Olive Wood Factory\",\"isPartOf\":{\"@id\":\"https:\/\/old.holyland-olivewood.com\/sv\/#website\"},\"primaryImageOfPage\":{\"@id\":\"https:\/\/old.holyland-olivewood.com\/sv\/product\/mjolkgrotta-stenpulver\/#primaryimage\"},\"image\":{\"@id\":\"https:\/\/old.holyland-olivewood.com\/sv\/product\/mjolkgrotta-stenpulver\/#primaryimage\"},\"thumbnailUrl\":\"https:\/\/old.holyland-olivewood.com\/wp-content\/uploads\/2017\/10\/milk_grotto_church_bethlehem_holy_land_olive_wood_OT110_1.jpg\",\"datePublished\":\"2022-02-09T08:34:27+00:00\",\"description\":\"Betlehem olivtr\u00e4 hantverk (mj\u00f6lk grotta stenpulver)pen-blanks sniderier, olivtr\u00e4,&r\u00e5a lager i standard och anpassade dimensioner\",\"breadcrumb\":{\"@id\":\"https:\/\/old.holyland-olivewood.com\/sv\/product\/mjolkgrotta-stenpulver\/#breadcrumb\"},\"inLanguage\":\"sv-SE\",\"potentialAction\":[{\"@type\":\"ReadAction\",\"target\":[\"https:\/\/old.holyland-olivewood.com\/sv\/product\/mjolkgrotta-stenpulver\/\"]}]},{\"@type\":\"ImageObject\",\"inLanguage\":\"sv-SE\",\"@id\":\"https:\/\/old.holyland-olivewood.com\/sv\/product\/mjolkgrotta-stenpulver\/#primaryimage\",\"url\":\"https:\/\/old.holyland-olivewood.com\/wp-content\/uploads\/2017\/10\/milk_grotto_church_bethlehem_holy_land_olive_wood_OT110_1.jpg\",\"contentUrl\":\"https:\/\/old.holyland-olivewood.com\/wp-content\/uploads\/2017\/10\/milk_grotto_church_bethlehem_holy_land_olive_wood_OT110_1.jpg\",\"width\":1550,\"height\":1200},{\"@type\":\"BreadcrumbList\",\"@id\":\"https:\/\/old.holyland-olivewood.com\/sv\/product\/mjolkgrotta-stenpulver\/#breadcrumb\",\"itemListElement\":[{\"@type\":\"ListItem\",\"position\":1,\"name\":\"Home\",\"item\":\"https:\/\/old.holyland-olivewood.com\/sv\/\"},{\"@type\":\"ListItem\",\"position\":2,\"name\":\"Butik\",\"item\":\"https:\/\/old.holyland-olivewood.com\/sv\/butik\/\"},{\"@type\":\"ListItem\",\"position\":3,\"name\":\"5-pack mj\u00f6lk grotta rockpulver\"}]},{\"@type\":\"WebSite\",\"@id\":\"https:\/\/old.holyland-olivewood.com\/sv\/#website\",\"url\":\"https:\/\/old.holyland-olivewood.com\/sv\/\",\"name\":\"Holy Land Olive Wood - Bethlehem Olive Wood Factory\",\"description\":\"Holy Land Olivewood Bethlehem\",\"publisher\":{\"@id\":\"https:\/\/old.holyland-olivewood.com\/sv\/#organization\"},\"potentialAction\":[{\"@type\":\"SearchAction\",\"target\":{\"@type\":\"EntryPoint\",\"urlTemplate\":\"https:\/\/old.holyland-olivewood.com\/sv\/?s={search_term_string}\"},\"query-input\":{\"@type\":\"PropertyValueSpecification\",\"valueRequired\":true,\"valueName\":\"search_term_string\"}}],\"inLanguage\":\"sv-SE\"},{\"@type\":\"Organization\",\"@id\":\"https:\/\/old.holyland-olivewood.com\/sv\/#organization\",\"name\":\"Holy Land Olivewood\",\"url\":\"https:\/\/old.holyland-olivewood.com\/sv\/\",\"logo\":{\"@type\":\"ImageObject\",\"inLanguage\":\"sv-SE\",\"@id\":\"https:\/\/old.holyland-olivewood.com\/sv\/#\/schema\/logo\/image\/\",\"url\":\"\",\"contentUrl\":\"\",\"caption\":\"Holy Land Olivewood\"},\"image\":{\"@id\":\"https:\/\/old.holyland-olivewood.com\/sv\/#\/schema\/logo\/image\/\"},\"sameAs\":[\"https:\/\/www.facebook.com\/holylandolivewood.bethlehem\/\",\"http:\/\/instagram.com\/holy.land.olive.wood\"]}]}<\/script>\n<!-- \/ Yoast SEO plugin. -->","yoast_head_json":{"title":"5-pack mj\u00f6lk grotta rockpulver - Holy Land Olive Wood - Bethlehem Olive Wood Factory","description":"Betlehem olivtr\u00e4 hantverk (mj\u00f6lk grotta stenpulver)pen-blanks sniderier, olivtr\u00e4,&r\u00e5a lager i standard och anpassade dimensioner","robots":{"index":"index","follow":"follow","max-snippet":"max-snippet:-1","max-image-preview":"max-image-preview:large","max-video-preview":"max-video-preview:-1"},"canonical":"https:\/\/old.holyland-olivewood.com\/sv\/product\/mjolkgrotta-stenpulver\/","og_locale":"sv_SE","og_type":"article","og_title":"5-pack mj\u00f6lk grotta rockpulver - Holy Land Olive Wood - Bethlehem Olive Wood Factory","og_description":"Betlehem olivtr\u00e4 hantverk (mj\u00f6lk grotta stenpulver)pen-blanks sniderier, olivtr\u00e4,&r\u00e5a lager i standard och anpassade dimensioner","og_url":"https:\/\/old.holyland-olivewood.com\/sv\/product\/mjolkgrotta-stenpulver\/","og_site_name":"Holy Land Olive Wood - Bethlehem Olive Wood Factory","article_publisher":"https:\/\/www.facebook.com\/holylandolivewood.bethlehem\/","og_image":[{"width":1550,"height":1200,"url":"https:\/\/old.holyland-olivewood.com\/wp-content\/uploads\/2017\/10\/milk_grotto_church_bethlehem_holy_land_olive_wood_OT110_1.jpg","type":"image\/jpeg"}],"twitter_card":"summary_large_image","schema":{"@context":"https:\/\/schema.org","@graph":[{"@type":"WebPage","@id":"https:\/\/old.holyland-olivewood.com\/sv\/product\/mjolkgrotta-stenpulver\/","url":"https:\/\/old.holyland-olivewood.com\/sv\/product\/mjolkgrotta-stenpulver\/","name":"5-pack mj\u00f6lk grotta rockpulver - Holy Land Olive Wood - Bethlehem Olive Wood Factory","isPartOf":{"@id":"https:\/\/old.holyland-olivewood.com\/sv\/#website"},"primaryImageOfPage":{"@id":"https:\/\/old.holyland-olivewood.com\/sv\/product\/mjolkgrotta-stenpulver\/#primaryimage"},"image":{"@id":"https:\/\/old.holyland-olivewood.com\/sv\/product\/mjolkgrotta-stenpulver\/#primaryimage"},"thumbnailUrl":"https:\/\/old.holyland-olivewood.com\/wp-content\/uploads\/2017\/10\/milk_grotto_church_bethlehem_holy_land_olive_wood_OT110_1.jpg","datePublished":"2022-02-09T08:34:27+00:00","description":"Betlehem olivtr\u00e4 hantverk (mj\u00f6lk grotta stenpulver)pen-blanks sniderier, olivtr\u00e4,&r\u00e5a lager i standard och anpassade dimensioner","breadcrumb":{"@id":"https:\/\/old.holyland-olivewood.com\/sv\/product\/mjolkgrotta-stenpulver\/#breadcrumb"},"inLanguage":"sv-SE","potentialAction":[{"@type":"ReadAction","target":["https:\/\/old.holyland-olivewood.com\/sv\/product\/mjolkgrotta-stenpulver\/"]}]},{"@type":"ImageObject","inLanguage":"sv-SE","@id":"https:\/\/old.holyland-olivewood.com\/sv\/product\/mjolkgrotta-stenpulver\/#primaryimage","url":"https:\/\/old.holyland-olivewood.com\/wp-content\/uploads\/2017\/10\/milk_grotto_church_bethlehem_holy_land_olive_wood_OT110_1.jpg","contentUrl":"https:\/\/old.holyland-olivewood.com\/wp-content\/uploads\/2017\/10\/milk_grotto_church_bethlehem_holy_land_olive_wood_OT110_1.jpg","width":1550,"height":1200},{"@type":"BreadcrumbList","@id":"https:\/\/old.holyland-olivewood.com\/sv\/product\/mjolkgrotta-stenpulver\/#breadcrumb","itemListElement":[{"@type":"ListItem","position":1,"name":"Home","item":"https:\/\/old.holyland-olivewood.com\/sv\/"},{"@type":"ListItem","position":2,"name":"Butik","item":"https:\/\/old.holyland-olivewood.com\/sv\/butik\/"},{"@type":"ListItem","position":3,"name":"5-pack mj\u00f6lk grotta rockpulver"}]},{"@type":"WebSite","@id":"https:\/\/old.holyland-olivewood.com\/sv\/#website","url":"https:\/\/old.holyland-olivewood.com\/sv\/","name":"Holy Land Olive Wood - Bethlehem Olive Wood Factory","description":"Holy Land Olivewood Bethlehem","publisher":{"@id":"https:\/\/old.holyland-olivewood.com\/sv\/#organization"},"potentialAction":[{"@type":"SearchAction","target":{"@type":"EntryPoint","urlTemplate":"https:\/\/old.holyland-olivewood.com\/sv\/?s={search_term_string}"},"query-input":{"@type":"PropertyValueSpecification","valueRequired":true,"valueName":"search_term_string"}}],"inLanguage":"sv-SE"},{"@type":"Organization","@id":"https:\/\/old.holyland-olivewood.com\/sv\/#organization","name":"Holy Land Olivewood","url":"https:\/\/old.holyland-olivewood.com\/sv\/","logo":{"@type":"ImageObject","inLanguage":"sv-SE","@id":"https:\/\/old.holyland-olivewood.com\/sv\/#\/schema\/logo\/image\/","url":"","contentUrl":"","caption":"Holy Land Olivewood"},"image":{"@id":"https:\/\/old.holyland-olivewood.com\/sv\/#\/schema\/logo\/image\/"},"sameAs":["https:\/\/www.facebook.com\/holylandolivewood.bethlehem\/","http:\/\/instagram.com\/holy.land.olive.wood"]}]}},"_links":{"self":[{"href":"https:\/\/old.holyland-olivewood.com\/sv\/wp-json\/wp\/v2\/product\/42990","targetHints":{"allow":["GET"]}}],"collection":[{"href":"https:\/\/old.holyland-olivewood.com\/sv\/wp-json\/wp\/v2\/product"}],"about":[{"href":"https:\/\/old.holyland-olivewood.com\/sv\/wp-json\/wp\/v2\/types\/product"}],"wp:featuredmedia":[{"embeddable":true,"href":"https:\/\/old.holyland-olivewood.com\/sv\/wp-json\/wp\/v2\/media\/33473"}],"wp:attachment":[{"href":"https:\/\/old.holyland-olivewood.com\/sv\/wp-json\/wp\/v2\/media?parent=42990"}],"wp:term":[{"taxonomy":"product_brand","embeddable":true,"href":"https:\/\/old.holyland-olivewood.com\/sv\/wp-json\/wp\/v2\/product_brand?post=42990"},{"taxonomy":"product_cat","embeddable":true,"href":"https:\/\/old.holyland-olivewood.com\/sv\/wp-json\/wp\/v2\/product_cat?post=42990"},{"taxonomy":"product_tag","embeddable":true,"href":"https:\/\/old.holyland-olivewood.com\/sv\/wp-json\/wp\/v2\/product_tag?post=42990"}],"curies":[{"name":"wp","href":"https:\/\/api.w.org\/{rel}","templated":true}]}}