{"id":42971,"date":"2018-01-19T14:51:43","date_gmt":"2022-02-09T08:29:02","guid":{"rendered":"https:\/\/old.holyland-olivewood.com\/product\/bitradande-handgjord-betlehem-olive-wood-twist-pen-pe101\/"},"modified":"2022-02-09T08:29:02","modified_gmt":"2022-02-09T08:29:02","slug":"associate-handcrafted-betlehem-olive-wood-twist-pen-3","status":"publish","type":"product","link":"https:\/\/old.holyland-olivewood.com\/sv\/product\/associate-handcrafted-betlehem-olive-wood-twist-pen-3\/","title":{"rendered":"BITR\u00c4DANDE| Handgjord Betlehem Olive Wood Twist Pen #PE101"},"content":{"rendered":"","protected":false},"excerpt":{"rendered":"<p>Denna handv\u00e4nda minnespenna kommer att h\u00e5lla livet ut och \u00e4r en perfekt present till alla som uppskattar hantverk och naturmaterialens r\u00e5a sk\u00f6nhet. Denna pennas grepp \u00e4r tillverkat av h\u00e5llbart sk\u00f6rdat, \u00e4kta Betlehem Olivewood.<\/p>\n<p>Detta exotiska material har en j\u00e4mnare finish \u00e4n n\u00e4stan n\u00e5got annat tr\u00e4, och dess starkt kontrasterande kornm\u00f6nster misslyckas aldrig med att imponera.<\/p>\n<p>Varje penna levereras med ett visningsfodral och \u00e4kthetsintyg som verifierar de material och tekniker som anv\u00e4nds f\u00f6r att tillverka denna produkt.<\/p>\n<p><strong>Modell:<\/strong> Slimline Twist Penna<br \/>\n<strong>Typ:<\/strong> P\u00e5fyllning av kulspetsar av korstyp\u00ae<br \/>\n<strong>F\u00e4rg:<\/strong> Svart<br \/>\n<strong>P\u00e5fyllningsbara:<\/strong> Ja<br \/>\n<strong>Grepp:<\/strong> Betlehem Olivtr\u00e4<br \/>\n<strong>Fixturer:<\/strong> Pistol metall<br \/>\n<strong>Avsluta:<\/strong> L\u00e5gblank lack<br \/>\n<strong>Storlek:<\/strong> 1,0 cm x 14 cm (3\/8&#8243; x 5,1\/2&#8243;)<\/p>\n","protected":false},"featured_media":33509,"template":"","meta":[],"product_brand":[],"product_cat":[1034,2394],"product_tag":[1038,1066,1401,2395],"class_list":{"0":"post-42971","1":"product","2":"type-product","3":"status-publish","4":"has-post-thumbnail","6":"product_cat-kunsthaandvaerk-sv","7":"product_cat-pennor-och-skrivbordsartiklar","8":"product_tag-betlehem-sv","9":"product_tag-oliventrae-sv-2","10":"product_tag-penna","11":"product_tag-pennor","13":"first","14":"outofstock","15":"shipping-taxable","16":"purchasable","17":"product-type-simple"},"yoast_head":"<!-- This site is optimized with the Yoast SEO plugin v24.8.1 - https:\/\/yoast.com\/wordpress\/plugins\/seo\/ -->\n<title>BITR\u00c4DANDE| Handgjord Betlehem Olive Wood Twist Pen #PE101 - Holy Land Olive Wood - Bethlehem Olive Wood Factory<\/title>\n<meta name=\"description\" content=\"Betlehem olivtr\u00e4 pennor och skrivbordsartiklar (dvs. pennh\u00e5llare, pennl\u00e5dor) \u00e4mnen, sniderier &amp; mer fr\u00e5n det heliga landet &amp;r\u00e5a lager i standard och anpassade dimensioner.\" \/>\n<meta name=\"robots\" content=\"index, follow, max-snippet:-1, max-image-preview:large, max-video-preview:-1\" \/>\n<link rel=\"canonical\" href=\"https:\/\/old.holyland-olivewood.com\/sv\/product\/associate-handcrafted-betlehem-olive-wood-twist-pen-3\/\" \/>\n<meta property=\"og:locale\" content=\"sv_SE\" \/>\n<meta property=\"og:type\" content=\"article\" \/>\n<meta property=\"og:title\" content=\"BITR\u00c4DANDE| Handgjord Betlehem Olive Wood Twist Pen #PE101 - Holy Land Olive Wood - Bethlehem Olive Wood Factory\" \/>\n<meta property=\"og:description\" content=\"Betlehem olivtr\u00e4 pennor och skrivbordsartiklar (dvs. pennh\u00e5llare, pennl\u00e5dor) \u00e4mnen, sniderier &amp; mer fr\u00e5n det heliga landet &amp;r\u00e5a lager i standard och anpassade dimensioner.\" \/>\n<meta property=\"og:url\" content=\"https:\/\/old.holyland-olivewood.com\/sv\/product\/associate-handcrafted-betlehem-olive-wood-twist-pen-3\/\" \/>\n<meta property=\"og:site_name\" content=\"Holy Land Olive Wood - Bethlehem Olive Wood Factory\" \/>\n<meta property=\"article:publisher\" content=\"https:\/\/www.facebook.com\/holylandolivewood.bethlehem\/\" \/>\n<meta property=\"og:image\" content=\"https:\/\/old.holyland-olivewood.com\/wp-content\/uploads\/2018\/01\/pen_holy_land_olive_wood_bethlehem_pe101_1.jpg\" \/>\n\t<meta property=\"og:image:width\" content=\"1550\" \/>\n\t<meta property=\"og:image:height\" content=\"1200\" \/>\n\t<meta property=\"og:image:type\" content=\"image\/jpeg\" \/>\n<meta name=\"twitter:card\" content=\"summary_large_image\" \/>\n<script type=\"application\/ld+json\" class=\"yoast-schema-graph\">{\"@context\":\"https:\/\/schema.org\",\"@graph\":[{\"@type\":\"WebPage\",\"@id\":\"https:\/\/old.holyland-olivewood.com\/sv\/product\/associate-handcrafted-betlehem-olive-wood-twist-pen-3\/\",\"url\":\"https:\/\/old.holyland-olivewood.com\/sv\/product\/associate-handcrafted-betlehem-olive-wood-twist-pen-3\/\",\"name\":\"BITR\u00c4DANDE| Handgjord Betlehem Olive Wood Twist Pen #PE101 - Holy Land Olive Wood - Bethlehem Olive Wood Factory\",\"isPartOf\":{\"@id\":\"https:\/\/old.holyland-olivewood.com\/sv\/#website\"},\"primaryImageOfPage\":{\"@id\":\"https:\/\/old.holyland-olivewood.com\/sv\/product\/associate-handcrafted-betlehem-olive-wood-twist-pen-3\/#primaryimage\"},\"image\":{\"@id\":\"https:\/\/old.holyland-olivewood.com\/sv\/product\/associate-handcrafted-betlehem-olive-wood-twist-pen-3\/#primaryimage\"},\"thumbnailUrl\":\"https:\/\/old.holyland-olivewood.com\/wp-content\/uploads\/2018\/01\/pen_holy_land_olive_wood_bethlehem_pe101_1.jpg\",\"datePublished\":\"2022-02-09T08:29:02+00:00\",\"description\":\"Betlehem olivtr\u00e4 pennor och skrivbordsartiklar (dvs. pennh\u00e5llare, pennl\u00e5dor) \u00e4mnen, sniderier & mer fr\u00e5n det heliga landet &r\u00e5a lager i standard och anpassade dimensioner.\",\"breadcrumb\":{\"@id\":\"https:\/\/old.holyland-olivewood.com\/sv\/product\/associate-handcrafted-betlehem-olive-wood-twist-pen-3\/#breadcrumb\"},\"inLanguage\":\"sv-SE\",\"potentialAction\":[{\"@type\":\"ReadAction\",\"target\":[\"https:\/\/old.holyland-olivewood.com\/sv\/product\/associate-handcrafted-betlehem-olive-wood-twist-pen-3\/\"]}]},{\"@type\":\"ImageObject\",\"inLanguage\":\"sv-SE\",\"@id\":\"https:\/\/old.holyland-olivewood.com\/sv\/product\/associate-handcrafted-betlehem-olive-wood-twist-pen-3\/#primaryimage\",\"url\":\"https:\/\/old.holyland-olivewood.com\/wp-content\/uploads\/2018\/01\/pen_holy_land_olive_wood_bethlehem_pe101_1.jpg\",\"contentUrl\":\"https:\/\/old.holyland-olivewood.com\/wp-content\/uploads\/2018\/01\/pen_holy_land_olive_wood_bethlehem_pe101_1.jpg\",\"width\":1550,\"height\":1200},{\"@type\":\"BreadcrumbList\",\"@id\":\"https:\/\/old.holyland-olivewood.com\/sv\/product\/associate-handcrafted-betlehem-olive-wood-twist-pen-3\/#breadcrumb\",\"itemListElement\":[{\"@type\":\"ListItem\",\"position\":1,\"name\":\"Home\",\"item\":\"https:\/\/old.holyland-olivewood.com\/sv\/\"},{\"@type\":\"ListItem\",\"position\":2,\"name\":\"Butik\",\"item\":\"https:\/\/old.holyland-olivewood.com\/sv\/butik\/\"},{\"@type\":\"ListItem\",\"position\":3,\"name\":\"BITR\u00c4DANDE| Handgjord Betlehem Olive Wood Twist Pen #PE101\"}]},{\"@type\":\"WebSite\",\"@id\":\"https:\/\/old.holyland-olivewood.com\/sv\/#website\",\"url\":\"https:\/\/old.holyland-olivewood.com\/sv\/\",\"name\":\"Holy Land Olive Wood - Bethlehem Olive Wood Factory\",\"description\":\"Holy Land Olivewood Bethlehem\",\"publisher\":{\"@id\":\"https:\/\/old.holyland-olivewood.com\/sv\/#organization\"},\"potentialAction\":[{\"@type\":\"SearchAction\",\"target\":{\"@type\":\"EntryPoint\",\"urlTemplate\":\"https:\/\/old.holyland-olivewood.com\/sv\/?s={search_term_string}\"},\"query-input\":{\"@type\":\"PropertyValueSpecification\",\"valueRequired\":true,\"valueName\":\"search_term_string\"}}],\"inLanguage\":\"sv-SE\"},{\"@type\":\"Organization\",\"@id\":\"https:\/\/old.holyland-olivewood.com\/sv\/#organization\",\"name\":\"Holy Land Olivewood\",\"url\":\"https:\/\/old.holyland-olivewood.com\/sv\/\",\"logo\":{\"@type\":\"ImageObject\",\"inLanguage\":\"sv-SE\",\"@id\":\"https:\/\/old.holyland-olivewood.com\/sv\/#\/schema\/logo\/image\/\",\"url\":\"\",\"contentUrl\":\"\",\"caption\":\"Holy Land Olivewood\"},\"image\":{\"@id\":\"https:\/\/old.holyland-olivewood.com\/sv\/#\/schema\/logo\/image\/\"},\"sameAs\":[\"https:\/\/www.facebook.com\/holylandolivewood.bethlehem\/\",\"http:\/\/instagram.com\/holy.land.olive.wood\"]}]}<\/script>\n<!-- \/ Yoast SEO plugin. -->","yoast_head_json":{"title":"BITR\u00c4DANDE| Handgjord Betlehem Olive Wood Twist Pen #PE101 - Holy Land Olive Wood - Bethlehem Olive Wood Factory","description":"Betlehem olivtr\u00e4 pennor och skrivbordsartiklar (dvs. pennh\u00e5llare, pennl\u00e5dor) \u00e4mnen, sniderier & mer fr\u00e5n det heliga landet &r\u00e5a lager i standard och anpassade dimensioner.","robots":{"index":"index","follow":"follow","max-snippet":"max-snippet:-1","max-image-preview":"max-image-preview:large","max-video-preview":"max-video-preview:-1"},"canonical":"https:\/\/old.holyland-olivewood.com\/sv\/product\/associate-handcrafted-betlehem-olive-wood-twist-pen-3\/","og_locale":"sv_SE","og_type":"article","og_title":"BITR\u00c4DANDE| Handgjord Betlehem Olive Wood Twist Pen #PE101 - Holy Land Olive Wood - Bethlehem Olive Wood Factory","og_description":"Betlehem olivtr\u00e4 pennor och skrivbordsartiklar (dvs. pennh\u00e5llare, pennl\u00e5dor) \u00e4mnen, sniderier & mer fr\u00e5n det heliga landet &r\u00e5a lager i standard och anpassade dimensioner.","og_url":"https:\/\/old.holyland-olivewood.com\/sv\/product\/associate-handcrafted-betlehem-olive-wood-twist-pen-3\/","og_site_name":"Holy Land Olive Wood - Bethlehem Olive Wood Factory","article_publisher":"https:\/\/www.facebook.com\/holylandolivewood.bethlehem\/","og_image":[{"width":1550,"height":1200,"url":"https:\/\/old.holyland-olivewood.com\/wp-content\/uploads\/2018\/01\/pen_holy_land_olive_wood_bethlehem_pe101_1.jpg","type":"image\/jpeg"}],"twitter_card":"summary_large_image","schema":{"@context":"https:\/\/schema.org","@graph":[{"@type":"WebPage","@id":"https:\/\/old.holyland-olivewood.com\/sv\/product\/associate-handcrafted-betlehem-olive-wood-twist-pen-3\/","url":"https:\/\/old.holyland-olivewood.com\/sv\/product\/associate-handcrafted-betlehem-olive-wood-twist-pen-3\/","name":"BITR\u00c4DANDE| Handgjord Betlehem Olive Wood Twist Pen #PE101 - Holy Land Olive Wood - Bethlehem Olive Wood Factory","isPartOf":{"@id":"https:\/\/old.holyland-olivewood.com\/sv\/#website"},"primaryImageOfPage":{"@id":"https:\/\/old.holyland-olivewood.com\/sv\/product\/associate-handcrafted-betlehem-olive-wood-twist-pen-3\/#primaryimage"},"image":{"@id":"https:\/\/old.holyland-olivewood.com\/sv\/product\/associate-handcrafted-betlehem-olive-wood-twist-pen-3\/#primaryimage"},"thumbnailUrl":"https:\/\/old.holyland-olivewood.com\/wp-content\/uploads\/2018\/01\/pen_holy_land_olive_wood_bethlehem_pe101_1.jpg","datePublished":"2022-02-09T08:29:02+00:00","description":"Betlehem olivtr\u00e4 pennor och skrivbordsartiklar (dvs. pennh\u00e5llare, pennl\u00e5dor) \u00e4mnen, sniderier & mer fr\u00e5n det heliga landet &r\u00e5a lager i standard och anpassade dimensioner.","breadcrumb":{"@id":"https:\/\/old.holyland-olivewood.com\/sv\/product\/associate-handcrafted-betlehem-olive-wood-twist-pen-3\/#breadcrumb"},"inLanguage":"sv-SE","potentialAction":[{"@type":"ReadAction","target":["https:\/\/old.holyland-olivewood.com\/sv\/product\/associate-handcrafted-betlehem-olive-wood-twist-pen-3\/"]}]},{"@type":"ImageObject","inLanguage":"sv-SE","@id":"https:\/\/old.holyland-olivewood.com\/sv\/product\/associate-handcrafted-betlehem-olive-wood-twist-pen-3\/#primaryimage","url":"https:\/\/old.holyland-olivewood.com\/wp-content\/uploads\/2018\/01\/pen_holy_land_olive_wood_bethlehem_pe101_1.jpg","contentUrl":"https:\/\/old.holyland-olivewood.com\/wp-content\/uploads\/2018\/01\/pen_holy_land_olive_wood_bethlehem_pe101_1.jpg","width":1550,"height":1200},{"@type":"BreadcrumbList","@id":"https:\/\/old.holyland-olivewood.com\/sv\/product\/associate-handcrafted-betlehem-olive-wood-twist-pen-3\/#breadcrumb","itemListElement":[{"@type":"ListItem","position":1,"name":"Home","item":"https:\/\/old.holyland-olivewood.com\/sv\/"},{"@type":"ListItem","position":2,"name":"Butik","item":"https:\/\/old.holyland-olivewood.com\/sv\/butik\/"},{"@type":"ListItem","position":3,"name":"BITR\u00c4DANDE| Handgjord Betlehem Olive Wood Twist Pen #PE101"}]},{"@type":"WebSite","@id":"https:\/\/old.holyland-olivewood.com\/sv\/#website","url":"https:\/\/old.holyland-olivewood.com\/sv\/","name":"Holy Land Olive Wood - Bethlehem Olive Wood Factory","description":"Holy Land Olivewood Bethlehem","publisher":{"@id":"https:\/\/old.holyland-olivewood.com\/sv\/#organization"},"potentialAction":[{"@type":"SearchAction","target":{"@type":"EntryPoint","urlTemplate":"https:\/\/old.holyland-olivewood.com\/sv\/?s={search_term_string}"},"query-input":{"@type":"PropertyValueSpecification","valueRequired":true,"valueName":"search_term_string"}}],"inLanguage":"sv-SE"},{"@type":"Organization","@id":"https:\/\/old.holyland-olivewood.com\/sv\/#organization","name":"Holy Land Olivewood","url":"https:\/\/old.holyland-olivewood.com\/sv\/","logo":{"@type":"ImageObject","inLanguage":"sv-SE","@id":"https:\/\/old.holyland-olivewood.com\/sv\/#\/schema\/logo\/image\/","url":"","contentUrl":"","caption":"Holy Land Olivewood"},"image":{"@id":"https:\/\/old.holyland-olivewood.com\/sv\/#\/schema\/logo\/image\/"},"sameAs":["https:\/\/www.facebook.com\/holylandolivewood.bethlehem\/","http:\/\/instagram.com\/holy.land.olive.wood"]}]}},"_links":{"self":[{"href":"https:\/\/old.holyland-olivewood.com\/sv\/wp-json\/wp\/v2\/product\/42971","targetHints":{"allow":["GET"]}}],"collection":[{"href":"https:\/\/old.holyland-olivewood.com\/sv\/wp-json\/wp\/v2\/product"}],"about":[{"href":"https:\/\/old.holyland-olivewood.com\/sv\/wp-json\/wp\/v2\/types\/product"}],"wp:featuredmedia":[{"embeddable":true,"href":"https:\/\/old.holyland-olivewood.com\/sv\/wp-json\/wp\/v2\/media\/33509"}],"wp:attachment":[{"href":"https:\/\/old.holyland-olivewood.com\/sv\/wp-json\/wp\/v2\/media?parent=42971"}],"wp:term":[{"taxonomy":"product_brand","embeddable":true,"href":"https:\/\/old.holyland-olivewood.com\/sv\/wp-json\/wp\/v2\/product_brand?post=42971"},{"taxonomy":"product_cat","embeddable":true,"href":"https:\/\/old.holyland-olivewood.com\/sv\/wp-json\/wp\/v2\/product_cat?post=42971"},{"taxonomy":"product_tag","embeddable":true,"href":"https:\/\/old.holyland-olivewood.com\/sv\/wp-json\/wp\/v2\/product_tag?post=42971"}],"curies":[{"name":"wp","href":"https:\/\/api.w.org\/{rel}","templated":true}]}}