{"id":42494,"date":"2018-08-26T08:05:52","date_gmt":"2022-02-09T07:39:08","guid":{"rendered":"https:\/\/old.holyland-olivewood.com\/product\/olivtra-jul-set-na120\/"},"modified":"2022-02-09T07:39:08","modified_gmt":"2022-02-09T07:39:08","slug":"oliv-tra-nativity-set-na120","status":"publish","type":"product","link":"https:\/\/old.holyland-olivewood.com\/sv\/product\/oliv-tra-nativity-set-na120\/","title":{"rendered":"Olivtr\u00e4 Jul set NA120"},"content":{"rendered":"","protected":false},"excerpt":{"rendered":"<p>Detta vackra julset med ett unikt stall \u00e4r handgjort i det heliga landet fr\u00e5n h\u00e5llbart sk\u00f6rdad, autentisk Betlehem Olivewood. Med endast icke-produktiva olivtr\u00e4d fr\u00e5n Holy Land avsl\u00f6jar denna handgjorda bit de fantastiska kornm\u00f6nstren av r\u00e5 olivtr\u00e4, fri fr\u00e5n tillsatser eller t\u00e4tningsmedel. Figurerna inkluderar Maria och Josef och Jesus, de tre vise m\u00e4nnen och den lilla herdepojken. Djuren inkluderar \u00e5snan, n\u00f6tkreaturkoen och tv\u00e5 lamm och 3 kameler. Det \u00e4r vackert utformat och g\u00f6r ett underbart centralt tema i firandet av julen.<\/p>\n<p>Detta julstall kan variera i storleksform och utseende p\u00e5 grund av de olika m\u00f6nster som finns i olivtr\u00e4kornet och det faktum att det \u00e4r handgjort, s\u00e5 varje bit \u00e4r unik.<\/p>\n<p>Denna artikel inneh\u00e5ller ett \u00e4kthetsintyg som verifierar de material och tekniker som anv\u00e4nds f\u00f6r att tillverka denna produkt.<\/p>\n<p>Storlek: 25 cm x 48 cm x 28 cm (9,85 x 18,90 x 11,00&#8243;)<\/p>\n","protected":false},"featured_media":37006,"template":"","meta":[],"product_brand":[],"product_cat":[1034,1198],"product_tag":[1267,1295,1038,1250,1300,1135,1098,1209,1229,1089,1107,1080,1085,4084,1081,1264,1094,1154,1130,1274,1118,1114,1111,1289,1282,1201,1056,1066,1155,1236,1244,1216,1256,1061,1069,1222],"class_list":{"0":"post-42494","1":"product","2":"type-product","3":"status-publish","4":"has-post-thumbnail","6":"product_cat-kunsthaandvaerk-sv","7":"product_cat-juluppsattningar","8":"product_tag-3-sv","9":"product_tag-asna","10":"product_tag-betlehem-sv","11":"product_tag-figurer","12":"product_tag-fodelse","13":"product_tag-foedselskirken-sv","14":"product_tag-gav","15":"product_tag-gavor","16":"product_tag-grotta-sv","17":"product_tag-haandlavet-sv","18":"product_tag-haandvaerk-sv-2","19":"product_tag-hellig-sv","20":"product_tag-jerusalem-sv","21":"product_tag-jesus-sv-3","22":"product_tag-jord-sv","23":"product_tag-joseph-sv","24":"product_tag-jul-sv","25":"product_tag-katolsk-sv-2","26":"product_tag-kirke-sv","27":"product_tag-klok","28":"product_tag-kors-sv","29":"product_tag-kristen-sv","30":"product_tag-kunsthaandvaerk-sv","31":"product_tag-lamm","32":"product_tag-man","33":"product_tag-maria-sv","34":"product_tag-oliven-sv","35":"product_tag-oliventrae-sv-2","36":"product_tag-ortodoks-sv","37":"product_tag-stall","38":"product_tag-stall-sv","39":"product_tag-stalla","40":"product_tag-statyett","41":"product_tag-trae-sv-2","42":"product_tag-udskaering-sv","43":"product_tag-uppsattningar","45":"first","46":"instock","47":"shipping-taxable","48":"purchasable","49":"product-type-simple"},"yoast_head":"<!-- This site is optimized with the Yoast SEO plugin v24.8.1 - https:\/\/yoast.com\/wordpress\/plugins\/seo\/ -->\n<title>Olivtr\u00e4 Jul set NA120 - Holy Land Olive Wood - Bethlehem Olive Wood Factory<\/title>\n<meta name=\"description\" content=\"Betlehem olivtr\u00e4 hantverk (dvs. rosaries, statyer, f\u00f6delse, upps\u00e4ttningar, grotta) heliga familj, jul, figurer, &amp;r\u00e5a lager i standard och anpassade dimensioner.\" \/>\n<meta name=\"robots\" content=\"index, follow, max-snippet:-1, max-image-preview:large, max-video-preview:-1\" \/>\n<link rel=\"canonical\" href=\"https:\/\/old.holyland-olivewood.com\/sv\/product\/oliv-tra-nativity-set-na120\/\" \/>\n<meta property=\"og:locale\" content=\"sv_SE\" \/>\n<meta property=\"og:type\" content=\"article\" \/>\n<meta property=\"og:title\" content=\"Olivtr\u00e4 Jul set NA120 - Holy Land Olive Wood - Bethlehem Olive Wood Factory\" \/>\n<meta property=\"og:description\" content=\"Betlehem olivtr\u00e4 hantverk (dvs. rosaries, statyer, f\u00f6delse, upps\u00e4ttningar, grotta) heliga familj, jul, figurer, &amp;r\u00e5a lager i standard och anpassade dimensioner.\" \/>\n<meta property=\"og:url\" content=\"https:\/\/old.holyland-olivewood.com\/sv\/product\/oliv-tra-nativity-set-na120\/\" \/>\n<meta property=\"og:site_name\" content=\"Holy Land Olive Wood - Bethlehem Olive Wood Factory\" \/>\n<meta property=\"article:publisher\" content=\"https:\/\/www.facebook.com\/holylandolivewood.bethlehem\/\" \/>\n<meta property=\"og:image\" content=\"https:\/\/old.holyland-olivewood.com\/wp-content\/uploads\/2018\/08\/holy_land_olive_wood_nativity_set_bethlehem_na120-1.jpg\" \/>\n\t<meta property=\"og:image:width\" content=\"1550\" \/>\n\t<meta property=\"og:image:height\" content=\"1200\" \/>\n\t<meta property=\"og:image:type\" content=\"image\/jpeg\" \/>\n<meta name=\"twitter:card\" content=\"summary_large_image\" \/>\n<script type=\"application\/ld+json\" class=\"yoast-schema-graph\">{\"@context\":\"https:\/\/schema.org\",\"@graph\":[{\"@type\":\"WebPage\",\"@id\":\"https:\/\/old.holyland-olivewood.com\/sv\/product\/oliv-tra-nativity-set-na120\/\",\"url\":\"https:\/\/old.holyland-olivewood.com\/sv\/product\/oliv-tra-nativity-set-na120\/\",\"name\":\"Olivtr\u00e4 Jul set NA120 - Holy Land Olive Wood - Bethlehem Olive Wood Factory\",\"isPartOf\":{\"@id\":\"https:\/\/old.holyland-olivewood.com\/sv\/#website\"},\"primaryImageOfPage\":{\"@id\":\"https:\/\/old.holyland-olivewood.com\/sv\/product\/oliv-tra-nativity-set-na120\/#primaryimage\"},\"image\":{\"@id\":\"https:\/\/old.holyland-olivewood.com\/sv\/product\/oliv-tra-nativity-set-na120\/#primaryimage\"},\"thumbnailUrl\":\"https:\/\/old.holyland-olivewood.com\/wp-content\/uploads\/2018\/08\/holy_land_olive_wood_nativity_set_bethlehem_na120-1.jpg\",\"datePublished\":\"2022-02-09T07:39:08+00:00\",\"description\":\"Betlehem olivtr\u00e4 hantverk (dvs. rosaries, statyer, f\u00f6delse, upps\u00e4ttningar, grotta) heliga familj, jul, figurer, &r\u00e5a lager i standard och anpassade dimensioner.\",\"breadcrumb\":{\"@id\":\"https:\/\/old.holyland-olivewood.com\/sv\/product\/oliv-tra-nativity-set-na120\/#breadcrumb\"},\"inLanguage\":\"sv-SE\",\"potentialAction\":[{\"@type\":\"ReadAction\",\"target\":[\"https:\/\/old.holyland-olivewood.com\/sv\/product\/oliv-tra-nativity-set-na120\/\"]}]},{\"@type\":\"ImageObject\",\"inLanguage\":\"sv-SE\",\"@id\":\"https:\/\/old.holyland-olivewood.com\/sv\/product\/oliv-tra-nativity-set-na120\/#primaryimage\",\"url\":\"https:\/\/old.holyland-olivewood.com\/wp-content\/uploads\/2018\/08\/holy_land_olive_wood_nativity_set_bethlehem_na120-1.jpg\",\"contentUrl\":\"https:\/\/old.holyland-olivewood.com\/wp-content\/uploads\/2018\/08\/holy_land_olive_wood_nativity_set_bethlehem_na120-1.jpg\",\"width\":1550,\"height\":1200},{\"@type\":\"BreadcrumbList\",\"@id\":\"https:\/\/old.holyland-olivewood.com\/sv\/product\/oliv-tra-nativity-set-na120\/#breadcrumb\",\"itemListElement\":[{\"@type\":\"ListItem\",\"position\":1,\"name\":\"Home\",\"item\":\"https:\/\/old.holyland-olivewood.com\/sv\/\"},{\"@type\":\"ListItem\",\"position\":2,\"name\":\"Butik\",\"item\":\"https:\/\/old.holyland-olivewood.com\/sv\/butik\/\"},{\"@type\":\"ListItem\",\"position\":3,\"name\":\"Olivtr\u00e4 Jul set NA120\"}]},{\"@type\":\"WebSite\",\"@id\":\"https:\/\/old.holyland-olivewood.com\/sv\/#website\",\"url\":\"https:\/\/old.holyland-olivewood.com\/sv\/\",\"name\":\"Holy Land Olive Wood - Bethlehem Olive Wood Factory\",\"description\":\"Holy Land Olivewood Bethlehem\",\"publisher\":{\"@id\":\"https:\/\/old.holyland-olivewood.com\/sv\/#organization\"},\"potentialAction\":[{\"@type\":\"SearchAction\",\"target\":{\"@type\":\"EntryPoint\",\"urlTemplate\":\"https:\/\/old.holyland-olivewood.com\/sv\/?s={search_term_string}\"},\"query-input\":{\"@type\":\"PropertyValueSpecification\",\"valueRequired\":true,\"valueName\":\"search_term_string\"}}],\"inLanguage\":\"sv-SE\"},{\"@type\":\"Organization\",\"@id\":\"https:\/\/old.holyland-olivewood.com\/sv\/#organization\",\"name\":\"Holy Land Olivewood\",\"url\":\"https:\/\/old.holyland-olivewood.com\/sv\/\",\"logo\":{\"@type\":\"ImageObject\",\"inLanguage\":\"sv-SE\",\"@id\":\"https:\/\/old.holyland-olivewood.com\/sv\/#\/schema\/logo\/image\/\",\"url\":\"\",\"contentUrl\":\"\",\"caption\":\"Holy Land Olivewood\"},\"image\":{\"@id\":\"https:\/\/old.holyland-olivewood.com\/sv\/#\/schema\/logo\/image\/\"},\"sameAs\":[\"https:\/\/www.facebook.com\/holylandolivewood.bethlehem\/\",\"http:\/\/instagram.com\/holy.land.olive.wood\"]}]}<\/script>\n<!-- \/ Yoast SEO plugin. -->","yoast_head_json":{"title":"Olivtr\u00e4 Jul set NA120 - Holy Land Olive Wood - Bethlehem Olive Wood Factory","description":"Betlehem olivtr\u00e4 hantverk (dvs. rosaries, statyer, f\u00f6delse, upps\u00e4ttningar, grotta) heliga familj, jul, figurer, &r\u00e5a lager i standard och anpassade dimensioner.","robots":{"index":"index","follow":"follow","max-snippet":"max-snippet:-1","max-image-preview":"max-image-preview:large","max-video-preview":"max-video-preview:-1"},"canonical":"https:\/\/old.holyland-olivewood.com\/sv\/product\/oliv-tra-nativity-set-na120\/","og_locale":"sv_SE","og_type":"article","og_title":"Olivtr\u00e4 Jul set NA120 - Holy Land Olive Wood - Bethlehem Olive Wood Factory","og_description":"Betlehem olivtr\u00e4 hantverk (dvs. rosaries, statyer, f\u00f6delse, upps\u00e4ttningar, grotta) heliga familj, jul, figurer, &r\u00e5a lager i standard och anpassade dimensioner.","og_url":"https:\/\/old.holyland-olivewood.com\/sv\/product\/oliv-tra-nativity-set-na120\/","og_site_name":"Holy Land Olive Wood - Bethlehem Olive Wood Factory","article_publisher":"https:\/\/www.facebook.com\/holylandolivewood.bethlehem\/","og_image":[{"width":1550,"height":1200,"url":"https:\/\/old.holyland-olivewood.com\/wp-content\/uploads\/2018\/08\/holy_land_olive_wood_nativity_set_bethlehem_na120-1.jpg","type":"image\/jpeg"}],"twitter_card":"summary_large_image","schema":{"@context":"https:\/\/schema.org","@graph":[{"@type":"WebPage","@id":"https:\/\/old.holyland-olivewood.com\/sv\/product\/oliv-tra-nativity-set-na120\/","url":"https:\/\/old.holyland-olivewood.com\/sv\/product\/oliv-tra-nativity-set-na120\/","name":"Olivtr\u00e4 Jul set NA120 - Holy Land Olive Wood - Bethlehem Olive Wood Factory","isPartOf":{"@id":"https:\/\/old.holyland-olivewood.com\/sv\/#website"},"primaryImageOfPage":{"@id":"https:\/\/old.holyland-olivewood.com\/sv\/product\/oliv-tra-nativity-set-na120\/#primaryimage"},"image":{"@id":"https:\/\/old.holyland-olivewood.com\/sv\/product\/oliv-tra-nativity-set-na120\/#primaryimage"},"thumbnailUrl":"https:\/\/old.holyland-olivewood.com\/wp-content\/uploads\/2018\/08\/holy_land_olive_wood_nativity_set_bethlehem_na120-1.jpg","datePublished":"2022-02-09T07:39:08+00:00","description":"Betlehem olivtr\u00e4 hantverk (dvs. rosaries, statyer, f\u00f6delse, upps\u00e4ttningar, grotta) heliga familj, jul, figurer, &r\u00e5a lager i standard och anpassade dimensioner.","breadcrumb":{"@id":"https:\/\/old.holyland-olivewood.com\/sv\/product\/oliv-tra-nativity-set-na120\/#breadcrumb"},"inLanguage":"sv-SE","potentialAction":[{"@type":"ReadAction","target":["https:\/\/old.holyland-olivewood.com\/sv\/product\/oliv-tra-nativity-set-na120\/"]}]},{"@type":"ImageObject","inLanguage":"sv-SE","@id":"https:\/\/old.holyland-olivewood.com\/sv\/product\/oliv-tra-nativity-set-na120\/#primaryimage","url":"https:\/\/old.holyland-olivewood.com\/wp-content\/uploads\/2018\/08\/holy_land_olive_wood_nativity_set_bethlehem_na120-1.jpg","contentUrl":"https:\/\/old.holyland-olivewood.com\/wp-content\/uploads\/2018\/08\/holy_land_olive_wood_nativity_set_bethlehem_na120-1.jpg","width":1550,"height":1200},{"@type":"BreadcrumbList","@id":"https:\/\/old.holyland-olivewood.com\/sv\/product\/oliv-tra-nativity-set-na120\/#breadcrumb","itemListElement":[{"@type":"ListItem","position":1,"name":"Home","item":"https:\/\/old.holyland-olivewood.com\/sv\/"},{"@type":"ListItem","position":2,"name":"Butik","item":"https:\/\/old.holyland-olivewood.com\/sv\/butik\/"},{"@type":"ListItem","position":3,"name":"Olivtr\u00e4 Jul set NA120"}]},{"@type":"WebSite","@id":"https:\/\/old.holyland-olivewood.com\/sv\/#website","url":"https:\/\/old.holyland-olivewood.com\/sv\/","name":"Holy Land Olive Wood - Bethlehem Olive Wood Factory","description":"Holy Land Olivewood Bethlehem","publisher":{"@id":"https:\/\/old.holyland-olivewood.com\/sv\/#organization"},"potentialAction":[{"@type":"SearchAction","target":{"@type":"EntryPoint","urlTemplate":"https:\/\/old.holyland-olivewood.com\/sv\/?s={search_term_string}"},"query-input":{"@type":"PropertyValueSpecification","valueRequired":true,"valueName":"search_term_string"}}],"inLanguage":"sv-SE"},{"@type":"Organization","@id":"https:\/\/old.holyland-olivewood.com\/sv\/#organization","name":"Holy Land Olivewood","url":"https:\/\/old.holyland-olivewood.com\/sv\/","logo":{"@type":"ImageObject","inLanguage":"sv-SE","@id":"https:\/\/old.holyland-olivewood.com\/sv\/#\/schema\/logo\/image\/","url":"","contentUrl":"","caption":"Holy Land Olivewood"},"image":{"@id":"https:\/\/old.holyland-olivewood.com\/sv\/#\/schema\/logo\/image\/"},"sameAs":["https:\/\/www.facebook.com\/holylandolivewood.bethlehem\/","http:\/\/instagram.com\/holy.land.olive.wood"]}]}},"_links":{"self":[{"href":"https:\/\/old.holyland-olivewood.com\/sv\/wp-json\/wp\/v2\/product\/42494","targetHints":{"allow":["GET"]}}],"collection":[{"href":"https:\/\/old.holyland-olivewood.com\/sv\/wp-json\/wp\/v2\/product"}],"about":[{"href":"https:\/\/old.holyland-olivewood.com\/sv\/wp-json\/wp\/v2\/types\/product"}],"wp:featuredmedia":[{"embeddable":true,"href":"https:\/\/old.holyland-olivewood.com\/sv\/wp-json\/wp\/v2\/media\/37006"}],"wp:attachment":[{"href":"https:\/\/old.holyland-olivewood.com\/sv\/wp-json\/wp\/v2\/media?parent=42494"}],"wp:term":[{"taxonomy":"product_brand","embeddable":true,"href":"https:\/\/old.holyland-olivewood.com\/sv\/wp-json\/wp\/v2\/product_brand?post=42494"},{"taxonomy":"product_cat","embeddable":true,"href":"https:\/\/old.holyland-olivewood.com\/sv\/wp-json\/wp\/v2\/product_cat?post=42494"},{"taxonomy":"product_tag","embeddable":true,"href":"https:\/\/old.holyland-olivewood.com\/sv\/wp-json\/wp\/v2\/product_tag?post=42494"}],"curies":[{"name":"wp","href":"https:\/\/api.w.org\/{rel}","templated":true}]}}