{"id":42054,"date":"2018-09-06T12:56:41","date_gmt":"2022-02-09T07:34:57","guid":{"rendered":"https:\/\/old.holyland-olivewood.com\/product\/doda-havet-mineral-salt-vit-500g-d107\/"},"modified":"2022-02-09T07:34:57","modified_gmt":"2022-02-09T07:34:57","slug":"dodhav-mineral-salt-vit-500g-d107","status":"publish","type":"product","link":"https:\/\/old.holyland-olivewood.com\/sv\/product\/dodhav-mineral-salt-vit-500g-d107\/","title":{"rendered":"D\u00f6da havet Mineral Salt &#8211; Vit (500g) #D107"},"content":{"rendered":"<p>D\u00f6da havet mineralsalt<\/p>\n","protected":false},"excerpt":{"rendered":"<p><strong>D\u00f6da havet mineralsalt &#8211; Ros (500g)<\/strong><\/p>\n<p>D\u00f6dahavssalt \u00e4r rikt p\u00e5 naturliga mineraler, s\u00e5som magnesium, kalcium, kalium, zink, j\u00e4rn, natrium och mangan.<\/p>\n<p>Badning i D\u00f6dahavssalt har visat sig fr\u00e4mja blodcirkulationen, muskelavslappning, tillbakadragande av toxiner, samtidigt som man lindrar hud\u00e5kommor, s\u00e5som psoriasis, eksem och utslag.<\/p>\n<p>Denna produkt har ocks\u00e5 arom-terapeutiska egenskaper, eftersom den \u00e4r infunderad med helt naturliga rosenextrakt.<\/p>\n<p><strong>Instruktioner:<\/strong> F\u00f6r maximal absorption av mineraler, l\u00f6s inneh\u00e5llet i saltl\u00f6sningsp\u00e5sen inuti ett varmt badkar. Bada i detta vatten i ca 15-20 minuter och tv\u00e4tta sedan med varmt vatten utan att anv\u00e4nda tv\u00e5l.<\/p>\n<p><strong>M\u00e4ngd :<\/strong> 500 Gram<\/p>\n","protected":false},"featured_media":51859,"template":"","meta":[],"product_brand":[],"product_cat":[1780,2730],"product_tag":[2738,2733,2731,2737,2739,2735],"class_list":{"0":"post-42054","1":"product","2":"type-product","3":"status-publish","4":"has-post-thumbnail","6":"product_cat-diverse-sv","7":"product_cat-doda-havet-produkter","8":"product_tag-doda-havet-kroppsskrubb","9":"product_tag-doda-havet-mineralsalt","10":"product_tag-doda-havets-lera","11":"product_tag-gradde","12":"product_tag-mineralsalt-sv","13":"product_tag-svart-lera-soab","15":"first","16":"outofstock","17":"shipping-taxable","18":"purchasable","19":"product-type-simple"},"yoast_head":"<!-- This site is optimized with the Yoast SEO plugin v24.8.1 - https:\/\/yoast.com\/wordpress\/plugins\/seo\/ -->\n<title>D\u00f6da havet Mineral Salt - Vit (500g) #D107 - Holy Land Olive Wood - Bethlehem Olive Wood Factory<\/title>\n<meta name=\"description\" content=\"D\u00f6dahavsmineralsalt ( D\u00f6dahavslera, D\u00f6da havet MineralSalt) Svart Lera Soab, Gr\u00e4dde, D\u00f6dahavskroppen Scrub, Lera, Mineralsalt, fr\u00e5n Holy Land Olive Wood.\" \/>\n<meta name=\"robots\" content=\"index, follow, max-snippet:-1, max-image-preview:large, max-video-preview:-1\" \/>\n<link rel=\"canonical\" href=\"https:\/\/old.holyland-olivewood.com\/sv\/product\/dodhav-mineral-salt-vit-500g-d107\/\" \/>\n<meta property=\"og:locale\" content=\"sv_SE\" \/>\n<meta property=\"og:type\" content=\"article\" \/>\n<meta property=\"og:title\" content=\"D\u00f6da havet Mineral Salt - Vit (500g) #D107 - Holy Land Olive Wood - Bethlehem Olive Wood Factory\" \/>\n<meta property=\"og:description\" content=\"D\u00f6dahavsmineralsalt ( D\u00f6dahavslera, D\u00f6da havet MineralSalt) Svart Lera Soab, Gr\u00e4dde, D\u00f6dahavskroppen Scrub, Lera, Mineralsalt, fr\u00e5n Holy Land Olive Wood.\" \/>\n<meta property=\"og:url\" content=\"https:\/\/old.holyland-olivewood.com\/sv\/product\/dodhav-mineral-salt-vit-500g-d107\/\" \/>\n<meta property=\"og:site_name\" content=\"Holy Land Olive Wood - Bethlehem Olive Wood Factory\" \/>\n<meta property=\"article:publisher\" content=\"https:\/\/www.facebook.com\/holylandolivewood.bethlehem\/\" \/>\n<meta property=\"og:image\" content=\"https:\/\/old.holyland-olivewood.com\/wp-content\/uploads\/2018\/09\/dead_sea_salt_product_d107_108.jpg\" \/>\n\t<meta property=\"og:image:width\" content=\"1550\" \/>\n\t<meta property=\"og:image:height\" content=\"1200\" \/>\n\t<meta property=\"og:image:type\" content=\"image\/jpeg\" \/>\n<meta name=\"twitter:card\" content=\"summary_large_image\" \/>\n<script type=\"application\/ld+json\" class=\"yoast-schema-graph\">{\"@context\":\"https:\/\/schema.org\",\"@graph\":[{\"@type\":\"WebPage\",\"@id\":\"https:\/\/old.holyland-olivewood.com\/sv\/product\/dodhav-mineral-salt-vit-500g-d107\/\",\"url\":\"https:\/\/old.holyland-olivewood.com\/sv\/product\/dodhav-mineral-salt-vit-500g-d107\/\",\"name\":\"D\u00f6da havet Mineral Salt - Vit (500g) #D107 - Holy Land Olive Wood - Bethlehem Olive Wood Factory\",\"isPartOf\":{\"@id\":\"https:\/\/old.holyland-olivewood.com\/sv\/#website\"},\"primaryImageOfPage\":{\"@id\":\"https:\/\/old.holyland-olivewood.com\/sv\/product\/dodhav-mineral-salt-vit-500g-d107\/#primaryimage\"},\"image\":{\"@id\":\"https:\/\/old.holyland-olivewood.com\/sv\/product\/dodhav-mineral-salt-vit-500g-d107\/#primaryimage\"},\"thumbnailUrl\":\"https:\/\/old.holyland-olivewood.com\/wp-content\/uploads\/2018\/09\/dead_sea_salt_product_d107_108.jpg\",\"datePublished\":\"2022-02-09T07:34:57+00:00\",\"description\":\"D\u00f6dahavsmineralsalt ( D\u00f6dahavslera, D\u00f6da havet MineralSalt) Svart Lera Soab, Gr\u00e4dde, D\u00f6dahavskroppen Scrub, Lera, Mineralsalt, fr\u00e5n Holy Land Olive Wood.\",\"breadcrumb\":{\"@id\":\"https:\/\/old.holyland-olivewood.com\/sv\/product\/dodhav-mineral-salt-vit-500g-d107\/#breadcrumb\"},\"inLanguage\":\"sv-SE\",\"potentialAction\":[{\"@type\":\"ReadAction\",\"target\":[\"https:\/\/old.holyland-olivewood.com\/sv\/product\/dodhav-mineral-salt-vit-500g-d107\/\"]}]},{\"@type\":\"ImageObject\",\"inLanguage\":\"sv-SE\",\"@id\":\"https:\/\/old.holyland-olivewood.com\/sv\/product\/dodhav-mineral-salt-vit-500g-d107\/#primaryimage\",\"url\":\"https:\/\/old.holyland-olivewood.com\/wp-content\/uploads\/2018\/09\/dead_sea_salt_product_d107_108.jpg\",\"contentUrl\":\"https:\/\/old.holyland-olivewood.com\/wp-content\/uploads\/2018\/09\/dead_sea_salt_product_d107_108.jpg\",\"width\":1550,\"height\":1200},{\"@type\":\"BreadcrumbList\",\"@id\":\"https:\/\/old.holyland-olivewood.com\/sv\/product\/dodhav-mineral-salt-vit-500g-d107\/#breadcrumb\",\"itemListElement\":[{\"@type\":\"ListItem\",\"position\":1,\"name\":\"Home\",\"item\":\"https:\/\/old.holyland-olivewood.com\/sv\/\"},{\"@type\":\"ListItem\",\"position\":2,\"name\":\"Butik\",\"item\":\"https:\/\/old.holyland-olivewood.com\/sv\/butik\/\"},{\"@type\":\"ListItem\",\"position\":3,\"name\":\"D\u00f6da havet Mineral Salt &#8211; Vit (500g) #D107\"}]},{\"@type\":\"WebSite\",\"@id\":\"https:\/\/old.holyland-olivewood.com\/sv\/#website\",\"url\":\"https:\/\/old.holyland-olivewood.com\/sv\/\",\"name\":\"Holy Land Olive Wood - Bethlehem Olive Wood Factory\",\"description\":\"Holy Land Olivewood Bethlehem\",\"publisher\":{\"@id\":\"https:\/\/old.holyland-olivewood.com\/sv\/#organization\"},\"potentialAction\":[{\"@type\":\"SearchAction\",\"target\":{\"@type\":\"EntryPoint\",\"urlTemplate\":\"https:\/\/old.holyland-olivewood.com\/sv\/?s={search_term_string}\"},\"query-input\":{\"@type\":\"PropertyValueSpecification\",\"valueRequired\":true,\"valueName\":\"search_term_string\"}}],\"inLanguage\":\"sv-SE\"},{\"@type\":\"Organization\",\"@id\":\"https:\/\/old.holyland-olivewood.com\/sv\/#organization\",\"name\":\"Holy Land Olivewood\",\"url\":\"https:\/\/old.holyland-olivewood.com\/sv\/\",\"logo\":{\"@type\":\"ImageObject\",\"inLanguage\":\"sv-SE\",\"@id\":\"https:\/\/old.holyland-olivewood.com\/sv\/#\/schema\/logo\/image\/\",\"url\":\"\",\"contentUrl\":\"\",\"caption\":\"Holy Land Olivewood\"},\"image\":{\"@id\":\"https:\/\/old.holyland-olivewood.com\/sv\/#\/schema\/logo\/image\/\"},\"sameAs\":[\"https:\/\/www.facebook.com\/holylandolivewood.bethlehem\/\",\"http:\/\/instagram.com\/holy.land.olive.wood\"]}]}<\/script>\n<!-- \/ Yoast SEO plugin. -->","yoast_head_json":{"title":"D\u00f6da havet Mineral Salt - Vit (500g) #D107 - Holy Land Olive Wood - Bethlehem Olive Wood Factory","description":"D\u00f6dahavsmineralsalt ( D\u00f6dahavslera, D\u00f6da havet MineralSalt) Svart Lera Soab, Gr\u00e4dde, D\u00f6dahavskroppen Scrub, Lera, Mineralsalt, fr\u00e5n Holy Land Olive Wood.","robots":{"index":"index","follow":"follow","max-snippet":"max-snippet:-1","max-image-preview":"max-image-preview:large","max-video-preview":"max-video-preview:-1"},"canonical":"https:\/\/old.holyland-olivewood.com\/sv\/product\/dodhav-mineral-salt-vit-500g-d107\/","og_locale":"sv_SE","og_type":"article","og_title":"D\u00f6da havet Mineral Salt - Vit (500g) #D107 - Holy Land Olive Wood - Bethlehem Olive Wood Factory","og_description":"D\u00f6dahavsmineralsalt ( D\u00f6dahavslera, D\u00f6da havet MineralSalt) Svart Lera Soab, Gr\u00e4dde, D\u00f6dahavskroppen Scrub, Lera, Mineralsalt, fr\u00e5n Holy Land Olive Wood.","og_url":"https:\/\/old.holyland-olivewood.com\/sv\/product\/dodhav-mineral-salt-vit-500g-d107\/","og_site_name":"Holy Land Olive Wood - Bethlehem Olive Wood Factory","article_publisher":"https:\/\/www.facebook.com\/holylandolivewood.bethlehem\/","og_image":[{"width":1550,"height":1200,"url":"https:\/\/old.holyland-olivewood.com\/wp-content\/uploads\/2018\/09\/dead_sea_salt_product_d107_108.jpg","type":"image\/jpeg"}],"twitter_card":"summary_large_image","schema":{"@context":"https:\/\/schema.org","@graph":[{"@type":"WebPage","@id":"https:\/\/old.holyland-olivewood.com\/sv\/product\/dodhav-mineral-salt-vit-500g-d107\/","url":"https:\/\/old.holyland-olivewood.com\/sv\/product\/dodhav-mineral-salt-vit-500g-d107\/","name":"D\u00f6da havet Mineral Salt - Vit (500g) #D107 - Holy Land Olive Wood - Bethlehem Olive Wood Factory","isPartOf":{"@id":"https:\/\/old.holyland-olivewood.com\/sv\/#website"},"primaryImageOfPage":{"@id":"https:\/\/old.holyland-olivewood.com\/sv\/product\/dodhav-mineral-salt-vit-500g-d107\/#primaryimage"},"image":{"@id":"https:\/\/old.holyland-olivewood.com\/sv\/product\/dodhav-mineral-salt-vit-500g-d107\/#primaryimage"},"thumbnailUrl":"https:\/\/old.holyland-olivewood.com\/wp-content\/uploads\/2018\/09\/dead_sea_salt_product_d107_108.jpg","datePublished":"2022-02-09T07:34:57+00:00","description":"D\u00f6dahavsmineralsalt ( D\u00f6dahavslera, D\u00f6da havet MineralSalt) Svart Lera Soab, Gr\u00e4dde, D\u00f6dahavskroppen Scrub, Lera, Mineralsalt, fr\u00e5n Holy Land Olive Wood.","breadcrumb":{"@id":"https:\/\/old.holyland-olivewood.com\/sv\/product\/dodhav-mineral-salt-vit-500g-d107\/#breadcrumb"},"inLanguage":"sv-SE","potentialAction":[{"@type":"ReadAction","target":["https:\/\/old.holyland-olivewood.com\/sv\/product\/dodhav-mineral-salt-vit-500g-d107\/"]}]},{"@type":"ImageObject","inLanguage":"sv-SE","@id":"https:\/\/old.holyland-olivewood.com\/sv\/product\/dodhav-mineral-salt-vit-500g-d107\/#primaryimage","url":"https:\/\/old.holyland-olivewood.com\/wp-content\/uploads\/2018\/09\/dead_sea_salt_product_d107_108.jpg","contentUrl":"https:\/\/old.holyland-olivewood.com\/wp-content\/uploads\/2018\/09\/dead_sea_salt_product_d107_108.jpg","width":1550,"height":1200},{"@type":"BreadcrumbList","@id":"https:\/\/old.holyland-olivewood.com\/sv\/product\/dodhav-mineral-salt-vit-500g-d107\/#breadcrumb","itemListElement":[{"@type":"ListItem","position":1,"name":"Home","item":"https:\/\/old.holyland-olivewood.com\/sv\/"},{"@type":"ListItem","position":2,"name":"Butik","item":"https:\/\/old.holyland-olivewood.com\/sv\/butik\/"},{"@type":"ListItem","position":3,"name":"D\u00f6da havet Mineral Salt &#8211; Vit (500g) #D107"}]},{"@type":"WebSite","@id":"https:\/\/old.holyland-olivewood.com\/sv\/#website","url":"https:\/\/old.holyland-olivewood.com\/sv\/","name":"Holy Land Olive Wood - Bethlehem Olive Wood Factory","description":"Holy Land Olivewood Bethlehem","publisher":{"@id":"https:\/\/old.holyland-olivewood.com\/sv\/#organization"},"potentialAction":[{"@type":"SearchAction","target":{"@type":"EntryPoint","urlTemplate":"https:\/\/old.holyland-olivewood.com\/sv\/?s={search_term_string}"},"query-input":{"@type":"PropertyValueSpecification","valueRequired":true,"valueName":"search_term_string"}}],"inLanguage":"sv-SE"},{"@type":"Organization","@id":"https:\/\/old.holyland-olivewood.com\/sv\/#organization","name":"Holy Land Olivewood","url":"https:\/\/old.holyland-olivewood.com\/sv\/","logo":{"@type":"ImageObject","inLanguage":"sv-SE","@id":"https:\/\/old.holyland-olivewood.com\/sv\/#\/schema\/logo\/image\/","url":"","contentUrl":"","caption":"Holy Land Olivewood"},"image":{"@id":"https:\/\/old.holyland-olivewood.com\/sv\/#\/schema\/logo\/image\/"},"sameAs":["https:\/\/www.facebook.com\/holylandolivewood.bethlehem\/","http:\/\/instagram.com\/holy.land.olive.wood"]}]}},"_links":{"self":[{"href":"https:\/\/old.holyland-olivewood.com\/sv\/wp-json\/wp\/v2\/product\/42054","targetHints":{"allow":["GET"]}}],"collection":[{"href":"https:\/\/old.holyland-olivewood.com\/sv\/wp-json\/wp\/v2\/product"}],"about":[{"href":"https:\/\/old.holyland-olivewood.com\/sv\/wp-json\/wp\/v2\/types\/product"}],"wp:featuredmedia":[{"embeddable":true,"href":"https:\/\/old.holyland-olivewood.com\/sv\/wp-json\/wp\/v2\/media\/51859"}],"wp:attachment":[{"href":"https:\/\/old.holyland-olivewood.com\/sv\/wp-json\/wp\/v2\/media?parent=42054"}],"wp:term":[{"taxonomy":"product_brand","embeddable":true,"href":"https:\/\/old.holyland-olivewood.com\/sv\/wp-json\/wp\/v2\/product_brand?post=42054"},{"taxonomy":"product_cat","embeddable":true,"href":"https:\/\/old.holyland-olivewood.com\/sv\/wp-json\/wp\/v2\/product_cat?post=42054"},{"taxonomy":"product_tag","embeddable":true,"href":"https:\/\/old.holyland-olivewood.com\/sv\/wp-json\/wp\/v2\/product_tag?post=42054"}],"curies":[{"name":"wp","href":"https:\/\/api.w.org\/{rel}","templated":true}]}}