{"id":41864,"date":"2018-09-06T13:22:36","date_gmt":"2022-02-09T05:41:27","guid":{"rendered":"https:\/\/old.holyland-olivewood.com\/product\/doda-havet-anti-aging-regenerating-night-cream-50ml-d119\/"},"modified":"2022-02-09T05:41:27","modified_gmt":"2022-02-09T05:41:27","slug":"dodhav-anti-aging-regenererande-natt-gradde-50ml-d119","status":"publish","type":"product","link":"https:\/\/old.holyland-olivewood.com\/sv\/product\/dodhav-anti-aging-regenererande-natt-gradde-50ml-d119\/","title":{"rendered":"D\u00f6da havet Anti Aging Regenerating Night Cream (50ml) #D119"},"content":{"rendered":"<p>D\u00f6da havet Anti Aging Regenerating Night Cream<\/p>\n","protected":false},"excerpt":{"rendered":"<p><strong>D\u00f6da havet Anti Aging Regenerating Night Cream (50ml)<\/strong><br \/>\n<strong>Med D\u00f6dahavsmineraler och MacadamiaOlja<\/strong><\/p>\n<p>Denna helt naturliga, nattliga ansiktskr\u00e4m inneh\u00e5ller en blandning av D\u00f6dahavssalt och Macadamia-olja. Denna potenta kombination stimulerar regenerering av hudceller, f\u00f6r att hj\u00e4lpa dig att uppr\u00e4tth\u00e5lla ett mer ungdomligt utseende.<\/p>\n","protected":false},"featured_media":51739,"template":"","meta":[],"product_brand":[],"product_cat":[1780,2730],"product_tag":[2738,2733,2731,2737,2739,2735],"class_list":{"0":"post-41864","1":"product","2":"type-product","3":"status-publish","4":"has-post-thumbnail","6":"product_cat-diverse-sv","7":"product_cat-doda-havet-produkter","8":"product_tag-doda-havet-kroppsskrubb","9":"product_tag-doda-havet-mineralsalt","10":"product_tag-doda-havets-lera","11":"product_tag-gradde","12":"product_tag-mineralsalt-sv","13":"product_tag-svart-lera-soab","15":"first","16":"outofstock","17":"shipping-taxable","18":"purchasable","19":"product-type-simple"},"yoast_head":"<!-- This site is optimized with the Yoast SEO plugin v24.8.1 - https:\/\/yoast.com\/wordpress\/plugins\/seo\/ -->\n<title>D\u00f6da havet Anti Aging Regenerating Night Cream (50ml) #D119 - Holy Land Olive Wood - Bethlehem Olive Wood Factory<\/title>\n<meta name=\"description\" content=\"D\u00f6da havet Anti aging Regenerating Night Cream ( D\u00f6da havet Lera, D\u00f6da havet Mineral Salt ), Svart Lera Soab, Gr\u00e4dde, D\u00f6da havet Kroppsskrubb, Lera, MineralSalt.\" \/>\n<meta name=\"robots\" content=\"index, follow, max-snippet:-1, max-image-preview:large, max-video-preview:-1\" \/>\n<link rel=\"canonical\" href=\"https:\/\/old.holyland-olivewood.com\/sv\/product\/dodhav-anti-aging-regenererande-natt-gradde-50ml-d119\/\" \/>\n<meta property=\"og:locale\" content=\"sv_SE\" \/>\n<meta property=\"og:type\" content=\"article\" \/>\n<meta property=\"og:title\" content=\"D\u00f6da havet Anti Aging Regenerating Night Cream (50ml) #D119 - Holy Land Olive Wood - Bethlehem Olive Wood Factory\" \/>\n<meta property=\"og:description\" content=\"D\u00f6da havet Anti aging Regenerating Night Cream ( D\u00f6da havet Lera, D\u00f6da havet Mineral Salt ), Svart Lera Soab, Gr\u00e4dde, D\u00f6da havet Kroppsskrubb, Lera, MineralSalt.\" \/>\n<meta property=\"og:url\" content=\"https:\/\/old.holyland-olivewood.com\/sv\/product\/dodhav-anti-aging-regenererande-natt-gradde-50ml-d119\/\" \/>\n<meta property=\"og:site_name\" content=\"Holy Land Olive Wood - Bethlehem Olive Wood Factory\" \/>\n<meta property=\"article:publisher\" content=\"https:\/\/www.facebook.com\/holylandolivewood.bethlehem\/\" \/>\n<meta property=\"og:image\" content=\"https:\/\/old.holyland-olivewood.com\/wp-content\/uploads\/2018\/09\/dead_sea_product_d119.jpg\" \/>\n\t<meta property=\"og:image:width\" content=\"1550\" \/>\n\t<meta property=\"og:image:height\" content=\"1200\" \/>\n\t<meta property=\"og:image:type\" content=\"image\/jpeg\" \/>\n<meta name=\"twitter:card\" content=\"summary_large_image\" \/>\n<script type=\"application\/ld+json\" class=\"yoast-schema-graph\">{\"@context\":\"https:\/\/schema.org\",\"@graph\":[{\"@type\":\"WebPage\",\"@id\":\"https:\/\/old.holyland-olivewood.com\/sv\/product\/dodhav-anti-aging-regenererande-natt-gradde-50ml-d119\/\",\"url\":\"https:\/\/old.holyland-olivewood.com\/sv\/product\/dodhav-anti-aging-regenererande-natt-gradde-50ml-d119\/\",\"name\":\"D\u00f6da havet Anti Aging Regenerating Night Cream (50ml) #D119 - Holy Land Olive Wood - Bethlehem Olive Wood Factory\",\"isPartOf\":{\"@id\":\"https:\/\/old.holyland-olivewood.com\/sv\/#website\"},\"primaryImageOfPage\":{\"@id\":\"https:\/\/old.holyland-olivewood.com\/sv\/product\/dodhav-anti-aging-regenererande-natt-gradde-50ml-d119\/#primaryimage\"},\"image\":{\"@id\":\"https:\/\/old.holyland-olivewood.com\/sv\/product\/dodhav-anti-aging-regenererande-natt-gradde-50ml-d119\/#primaryimage\"},\"thumbnailUrl\":\"https:\/\/old.holyland-olivewood.com\/wp-content\/uploads\/2018\/09\/dead_sea_product_d119.jpg\",\"datePublished\":\"2022-02-09T05:41:27+00:00\",\"description\":\"D\u00f6da havet Anti aging Regenerating Night Cream ( D\u00f6da havet Lera, D\u00f6da havet Mineral Salt ), Svart Lera Soab, Gr\u00e4dde, D\u00f6da havet Kroppsskrubb, Lera, MineralSalt.\",\"breadcrumb\":{\"@id\":\"https:\/\/old.holyland-olivewood.com\/sv\/product\/dodhav-anti-aging-regenererande-natt-gradde-50ml-d119\/#breadcrumb\"},\"inLanguage\":\"sv-SE\",\"potentialAction\":[{\"@type\":\"ReadAction\",\"target\":[\"https:\/\/old.holyland-olivewood.com\/sv\/product\/dodhav-anti-aging-regenererande-natt-gradde-50ml-d119\/\"]}]},{\"@type\":\"ImageObject\",\"inLanguage\":\"sv-SE\",\"@id\":\"https:\/\/old.holyland-olivewood.com\/sv\/product\/dodhav-anti-aging-regenererande-natt-gradde-50ml-d119\/#primaryimage\",\"url\":\"https:\/\/old.holyland-olivewood.com\/wp-content\/uploads\/2018\/09\/dead_sea_product_d119.jpg\",\"contentUrl\":\"https:\/\/old.holyland-olivewood.com\/wp-content\/uploads\/2018\/09\/dead_sea_product_d119.jpg\",\"width\":1550,\"height\":1200},{\"@type\":\"BreadcrumbList\",\"@id\":\"https:\/\/old.holyland-olivewood.com\/sv\/product\/dodhav-anti-aging-regenererande-natt-gradde-50ml-d119\/#breadcrumb\",\"itemListElement\":[{\"@type\":\"ListItem\",\"position\":1,\"name\":\"Home\",\"item\":\"https:\/\/old.holyland-olivewood.com\/sv\/\"},{\"@type\":\"ListItem\",\"position\":2,\"name\":\"Butik\",\"item\":\"https:\/\/old.holyland-olivewood.com\/sv\/butik\/\"},{\"@type\":\"ListItem\",\"position\":3,\"name\":\"D\u00f6da havet Anti Aging Regenerating Night Cream (50ml) #D119\"}]},{\"@type\":\"WebSite\",\"@id\":\"https:\/\/old.holyland-olivewood.com\/sv\/#website\",\"url\":\"https:\/\/old.holyland-olivewood.com\/sv\/\",\"name\":\"Holy Land Olive Wood - Bethlehem Olive Wood Factory\",\"description\":\"Holy Land Olivewood Bethlehem\",\"publisher\":{\"@id\":\"https:\/\/old.holyland-olivewood.com\/sv\/#organization\"},\"potentialAction\":[{\"@type\":\"SearchAction\",\"target\":{\"@type\":\"EntryPoint\",\"urlTemplate\":\"https:\/\/old.holyland-olivewood.com\/sv\/?s={search_term_string}\"},\"query-input\":{\"@type\":\"PropertyValueSpecification\",\"valueRequired\":true,\"valueName\":\"search_term_string\"}}],\"inLanguage\":\"sv-SE\"},{\"@type\":\"Organization\",\"@id\":\"https:\/\/old.holyland-olivewood.com\/sv\/#organization\",\"name\":\"Holy Land Olivewood\",\"url\":\"https:\/\/old.holyland-olivewood.com\/sv\/\",\"logo\":{\"@type\":\"ImageObject\",\"inLanguage\":\"sv-SE\",\"@id\":\"https:\/\/old.holyland-olivewood.com\/sv\/#\/schema\/logo\/image\/\",\"url\":\"\",\"contentUrl\":\"\",\"caption\":\"Holy Land Olivewood\"},\"image\":{\"@id\":\"https:\/\/old.holyland-olivewood.com\/sv\/#\/schema\/logo\/image\/\"},\"sameAs\":[\"https:\/\/www.facebook.com\/holylandolivewood.bethlehem\/\",\"http:\/\/instagram.com\/holy.land.olive.wood\"]}]}<\/script>\n<!-- \/ Yoast SEO plugin. -->","yoast_head_json":{"title":"D\u00f6da havet Anti Aging Regenerating Night Cream (50ml) #D119 - Holy Land Olive Wood - Bethlehem Olive Wood Factory","description":"D\u00f6da havet Anti aging Regenerating Night Cream ( D\u00f6da havet Lera, D\u00f6da havet Mineral Salt ), Svart Lera Soab, Gr\u00e4dde, D\u00f6da havet Kroppsskrubb, Lera, MineralSalt.","robots":{"index":"index","follow":"follow","max-snippet":"max-snippet:-1","max-image-preview":"max-image-preview:large","max-video-preview":"max-video-preview:-1"},"canonical":"https:\/\/old.holyland-olivewood.com\/sv\/product\/dodhav-anti-aging-regenererande-natt-gradde-50ml-d119\/","og_locale":"sv_SE","og_type":"article","og_title":"D\u00f6da havet Anti Aging Regenerating Night Cream (50ml) #D119 - Holy Land Olive Wood - Bethlehem Olive Wood Factory","og_description":"D\u00f6da havet Anti aging Regenerating Night Cream ( D\u00f6da havet Lera, D\u00f6da havet Mineral Salt ), Svart Lera Soab, Gr\u00e4dde, D\u00f6da havet Kroppsskrubb, Lera, MineralSalt.","og_url":"https:\/\/old.holyland-olivewood.com\/sv\/product\/dodhav-anti-aging-regenererande-natt-gradde-50ml-d119\/","og_site_name":"Holy Land Olive Wood - Bethlehem Olive Wood Factory","article_publisher":"https:\/\/www.facebook.com\/holylandolivewood.bethlehem\/","og_image":[{"width":1550,"height":1200,"url":"https:\/\/old.holyland-olivewood.com\/wp-content\/uploads\/2018\/09\/dead_sea_product_d119.jpg","type":"image\/jpeg"}],"twitter_card":"summary_large_image","schema":{"@context":"https:\/\/schema.org","@graph":[{"@type":"WebPage","@id":"https:\/\/old.holyland-olivewood.com\/sv\/product\/dodhav-anti-aging-regenererande-natt-gradde-50ml-d119\/","url":"https:\/\/old.holyland-olivewood.com\/sv\/product\/dodhav-anti-aging-regenererande-natt-gradde-50ml-d119\/","name":"D\u00f6da havet Anti Aging Regenerating Night Cream (50ml) #D119 - Holy Land Olive Wood - Bethlehem Olive Wood Factory","isPartOf":{"@id":"https:\/\/old.holyland-olivewood.com\/sv\/#website"},"primaryImageOfPage":{"@id":"https:\/\/old.holyland-olivewood.com\/sv\/product\/dodhav-anti-aging-regenererande-natt-gradde-50ml-d119\/#primaryimage"},"image":{"@id":"https:\/\/old.holyland-olivewood.com\/sv\/product\/dodhav-anti-aging-regenererande-natt-gradde-50ml-d119\/#primaryimage"},"thumbnailUrl":"https:\/\/old.holyland-olivewood.com\/wp-content\/uploads\/2018\/09\/dead_sea_product_d119.jpg","datePublished":"2022-02-09T05:41:27+00:00","description":"D\u00f6da havet Anti aging Regenerating Night Cream ( D\u00f6da havet Lera, D\u00f6da havet Mineral Salt ), Svart Lera Soab, Gr\u00e4dde, D\u00f6da havet Kroppsskrubb, Lera, MineralSalt.","breadcrumb":{"@id":"https:\/\/old.holyland-olivewood.com\/sv\/product\/dodhav-anti-aging-regenererande-natt-gradde-50ml-d119\/#breadcrumb"},"inLanguage":"sv-SE","potentialAction":[{"@type":"ReadAction","target":["https:\/\/old.holyland-olivewood.com\/sv\/product\/dodhav-anti-aging-regenererande-natt-gradde-50ml-d119\/"]}]},{"@type":"ImageObject","inLanguage":"sv-SE","@id":"https:\/\/old.holyland-olivewood.com\/sv\/product\/dodhav-anti-aging-regenererande-natt-gradde-50ml-d119\/#primaryimage","url":"https:\/\/old.holyland-olivewood.com\/wp-content\/uploads\/2018\/09\/dead_sea_product_d119.jpg","contentUrl":"https:\/\/old.holyland-olivewood.com\/wp-content\/uploads\/2018\/09\/dead_sea_product_d119.jpg","width":1550,"height":1200},{"@type":"BreadcrumbList","@id":"https:\/\/old.holyland-olivewood.com\/sv\/product\/dodhav-anti-aging-regenererande-natt-gradde-50ml-d119\/#breadcrumb","itemListElement":[{"@type":"ListItem","position":1,"name":"Home","item":"https:\/\/old.holyland-olivewood.com\/sv\/"},{"@type":"ListItem","position":2,"name":"Butik","item":"https:\/\/old.holyland-olivewood.com\/sv\/butik\/"},{"@type":"ListItem","position":3,"name":"D\u00f6da havet Anti Aging Regenerating Night Cream (50ml) #D119"}]},{"@type":"WebSite","@id":"https:\/\/old.holyland-olivewood.com\/sv\/#website","url":"https:\/\/old.holyland-olivewood.com\/sv\/","name":"Holy Land Olive Wood - Bethlehem Olive Wood Factory","description":"Holy Land Olivewood Bethlehem","publisher":{"@id":"https:\/\/old.holyland-olivewood.com\/sv\/#organization"},"potentialAction":[{"@type":"SearchAction","target":{"@type":"EntryPoint","urlTemplate":"https:\/\/old.holyland-olivewood.com\/sv\/?s={search_term_string}"},"query-input":{"@type":"PropertyValueSpecification","valueRequired":true,"valueName":"search_term_string"}}],"inLanguage":"sv-SE"},{"@type":"Organization","@id":"https:\/\/old.holyland-olivewood.com\/sv\/#organization","name":"Holy Land Olivewood","url":"https:\/\/old.holyland-olivewood.com\/sv\/","logo":{"@type":"ImageObject","inLanguage":"sv-SE","@id":"https:\/\/old.holyland-olivewood.com\/sv\/#\/schema\/logo\/image\/","url":"","contentUrl":"","caption":"Holy Land Olivewood"},"image":{"@id":"https:\/\/old.holyland-olivewood.com\/sv\/#\/schema\/logo\/image\/"},"sameAs":["https:\/\/www.facebook.com\/holylandolivewood.bethlehem\/","http:\/\/instagram.com\/holy.land.olive.wood"]}]}},"_links":{"self":[{"href":"https:\/\/old.holyland-olivewood.com\/sv\/wp-json\/wp\/v2\/product\/41864","targetHints":{"allow":["GET"]}}],"collection":[{"href":"https:\/\/old.holyland-olivewood.com\/sv\/wp-json\/wp\/v2\/product"}],"about":[{"href":"https:\/\/old.holyland-olivewood.com\/sv\/wp-json\/wp\/v2\/types\/product"}],"wp:featuredmedia":[{"embeddable":true,"href":"https:\/\/old.holyland-olivewood.com\/sv\/wp-json\/wp\/v2\/media\/51739"}],"wp:attachment":[{"href":"https:\/\/old.holyland-olivewood.com\/sv\/wp-json\/wp\/v2\/media?parent=41864"}],"wp:term":[{"taxonomy":"product_brand","embeddable":true,"href":"https:\/\/old.holyland-olivewood.com\/sv\/wp-json\/wp\/v2\/product_brand?post=41864"},{"taxonomy":"product_cat","embeddable":true,"href":"https:\/\/old.holyland-olivewood.com\/sv\/wp-json\/wp\/v2\/product_cat?post=41864"},{"taxonomy":"product_tag","embeddable":true,"href":"https:\/\/old.holyland-olivewood.com\/sv\/wp-json\/wp\/v2\/product_tag?post=41864"}],"curies":[{"name":"wp","href":"https:\/\/api.w.org\/{rel}","templated":true}]}}