{"id":41791,"date":"2018-09-06T13:33:47","date_gmt":"2022-02-09T05:39:27","guid":{"rendered":"https:\/\/old.holyland-olivewood.com\/product\/dodahavskroppen-scrub-passiflora-400g-d125\/"},"modified":"2022-02-09T05:39:27","modified_gmt":"2022-02-09T05:39:27","slug":"dodhav-kropp-scrub-passiflora-400g-d125","status":"publish","type":"product","link":"https:\/\/old.holyland-olivewood.com\/sv\/product\/dodhav-kropp-scrub-passiflora-400g-d125\/","title":{"rendered":"D\u00f6dahavskroppen Scrub Passiflora (400g) #D125"},"content":{"rendered":"<p>D\u00f6da havet kroppsskrubb<\/p>\n","protected":false},"excerpt":{"rendered":"<p><strong>D\u00f6dahavskroppen Scrub Passiflora (400g)<\/strong><\/p>\n<p>Denna helt naturliga kroppsskrubb \u00e4r gjord av mineralrikt D\u00f6dahavssalt som \u00e4r berikat med vetegroddarolja, jojobaolja, olivolja, avokadoolja, paraffinolja, ekologisk solrosolja, druvfr\u00f6olja, E-vitamin och rosenextrakt.<\/p>\n<p>Denna regenerativa kombination av vitaminer, mineraler och antioxidanter f\u00f6rb\u00e4ttrar blodcirkulationen, minskar celluliter, \u00e5terfuktar och lindrar hud\u00e5kommor, s\u00e5som psoriasis, eksem och utslag.<\/p>\n<p><strong>Instruktioner:<\/strong> Massera in skrubben i huden i en cirkul\u00e4r r\u00f6relse tills huden \u00e4r m\u00e4ttad med oljorna. Massageomr\u00e5den som \u00e4r s\u00e4rskilt torra och\/eller skadade och tv\u00e4tta sedan av med vatten utan att anv\u00e4nda tv\u00e5l. F\u00f6r optimala resultat, upprepa denna process 2-3 g\u00e5nger per vecka.<\/p>\n<p><strong>M\u00e4ngd :<\/strong> 400 Gram<\/p>\n","protected":false},"featured_media":51690,"template":"","meta":[],"product_brand":[],"product_cat":[1780,2730],"product_tag":[2738,2733,2731,2737,2739,2735],"class_list":{"0":"post-41791","1":"product","2":"type-product","3":"status-publish","4":"has-post-thumbnail","6":"product_cat-diverse-sv","7":"product_cat-doda-havet-produkter","8":"product_tag-doda-havet-kroppsskrubb","9":"product_tag-doda-havet-mineralsalt","10":"product_tag-doda-havets-lera","11":"product_tag-gradde","12":"product_tag-mineralsalt-sv","13":"product_tag-svart-lera-soab","15":"first","16":"outofstock","17":"shipping-taxable","18":"purchasable","19":"product-type-simple"},"yoast_head":"<!-- This site is optimized with the Yoast SEO plugin v24.8.1 - https:\/\/yoast.com\/wordpress\/plugins\/seo\/ -->\n<title>D\u00f6dahavskroppen Scrub Passiflora (400g) #D125 - Holy Land Olive Wood - Bethlehem Olive Wood Factory<\/title>\n<meta name=\"description\" content=\"D\u00f6dahavskroppsskrubb (D\u00f6dahavslera, D\u00f6da havet MineralSalt) Svart Lera Soab, Gr\u00e4dde, D\u00f6dahavskroppsskrubb, Lera, Mineralsalt, fr\u00e5n Holy Land Olive Wood.\" \/>\n<meta name=\"robots\" content=\"index, follow, max-snippet:-1, max-image-preview:large, max-video-preview:-1\" \/>\n<link rel=\"canonical\" href=\"https:\/\/old.holyland-olivewood.com\/sv\/product\/dodhav-kropp-scrub-passiflora-400g-d125\/\" \/>\n<meta property=\"og:locale\" content=\"sv_SE\" \/>\n<meta property=\"og:type\" content=\"article\" \/>\n<meta property=\"og:title\" content=\"D\u00f6dahavskroppen Scrub Passiflora (400g) #D125 - Holy Land Olive Wood - Bethlehem Olive Wood Factory\" \/>\n<meta property=\"og:description\" content=\"D\u00f6dahavskroppsskrubb (D\u00f6dahavslera, D\u00f6da havet MineralSalt) Svart Lera Soab, Gr\u00e4dde, D\u00f6dahavskroppsskrubb, Lera, Mineralsalt, fr\u00e5n Holy Land Olive Wood.\" \/>\n<meta property=\"og:url\" content=\"https:\/\/old.holyland-olivewood.com\/sv\/product\/dodhav-kropp-scrub-passiflora-400g-d125\/\" \/>\n<meta property=\"og:site_name\" content=\"Holy Land Olive Wood - Bethlehem Olive Wood Factory\" \/>\n<meta property=\"article:publisher\" content=\"https:\/\/www.facebook.com\/holylandolivewood.bethlehem\/\" \/>\n<meta property=\"og:image\" content=\"https:\/\/old.holyland-olivewood.com\/wp-content\/uploads\/2018\/09\/dead_sea_product_d125.jpg\" \/>\n\t<meta property=\"og:image:width\" content=\"1550\" \/>\n\t<meta property=\"og:image:height\" content=\"1200\" \/>\n\t<meta property=\"og:image:type\" content=\"image\/jpeg\" \/>\n<meta name=\"twitter:card\" content=\"summary_large_image\" \/>\n<script type=\"application\/ld+json\" class=\"yoast-schema-graph\">{\"@context\":\"https:\/\/schema.org\",\"@graph\":[{\"@type\":\"WebPage\",\"@id\":\"https:\/\/old.holyland-olivewood.com\/sv\/product\/dodhav-kropp-scrub-passiflora-400g-d125\/\",\"url\":\"https:\/\/old.holyland-olivewood.com\/sv\/product\/dodhav-kropp-scrub-passiflora-400g-d125\/\",\"name\":\"D\u00f6dahavskroppen Scrub Passiflora (400g) #D125 - Holy Land Olive Wood - Bethlehem Olive Wood Factory\",\"isPartOf\":{\"@id\":\"https:\/\/old.holyland-olivewood.com\/sv\/#website\"},\"primaryImageOfPage\":{\"@id\":\"https:\/\/old.holyland-olivewood.com\/sv\/product\/dodhav-kropp-scrub-passiflora-400g-d125\/#primaryimage\"},\"image\":{\"@id\":\"https:\/\/old.holyland-olivewood.com\/sv\/product\/dodhav-kropp-scrub-passiflora-400g-d125\/#primaryimage\"},\"thumbnailUrl\":\"https:\/\/old.holyland-olivewood.com\/wp-content\/uploads\/2018\/09\/dead_sea_product_d125.jpg\",\"datePublished\":\"2022-02-09T05:39:27+00:00\",\"description\":\"D\u00f6dahavskroppsskrubb (D\u00f6dahavslera, D\u00f6da havet MineralSalt) Svart Lera Soab, Gr\u00e4dde, D\u00f6dahavskroppsskrubb, Lera, Mineralsalt, fr\u00e5n Holy Land Olive Wood.\",\"breadcrumb\":{\"@id\":\"https:\/\/old.holyland-olivewood.com\/sv\/product\/dodhav-kropp-scrub-passiflora-400g-d125\/#breadcrumb\"},\"inLanguage\":\"sv-SE\",\"potentialAction\":[{\"@type\":\"ReadAction\",\"target\":[\"https:\/\/old.holyland-olivewood.com\/sv\/product\/dodhav-kropp-scrub-passiflora-400g-d125\/\"]}]},{\"@type\":\"ImageObject\",\"inLanguage\":\"sv-SE\",\"@id\":\"https:\/\/old.holyland-olivewood.com\/sv\/product\/dodhav-kropp-scrub-passiflora-400g-d125\/#primaryimage\",\"url\":\"https:\/\/old.holyland-olivewood.com\/wp-content\/uploads\/2018\/09\/dead_sea_product_d125.jpg\",\"contentUrl\":\"https:\/\/old.holyland-olivewood.com\/wp-content\/uploads\/2018\/09\/dead_sea_product_d125.jpg\",\"width\":1550,\"height\":1200},{\"@type\":\"BreadcrumbList\",\"@id\":\"https:\/\/old.holyland-olivewood.com\/sv\/product\/dodhav-kropp-scrub-passiflora-400g-d125\/#breadcrumb\",\"itemListElement\":[{\"@type\":\"ListItem\",\"position\":1,\"name\":\"Home\",\"item\":\"https:\/\/old.holyland-olivewood.com\/sv\/\"},{\"@type\":\"ListItem\",\"position\":2,\"name\":\"Butik\",\"item\":\"https:\/\/old.holyland-olivewood.com\/sv\/butik\/\"},{\"@type\":\"ListItem\",\"position\":3,\"name\":\"D\u00f6dahavskroppen Scrub Passiflora (400g) #D125\"}]},{\"@type\":\"WebSite\",\"@id\":\"https:\/\/old.holyland-olivewood.com\/sv\/#website\",\"url\":\"https:\/\/old.holyland-olivewood.com\/sv\/\",\"name\":\"Holy Land Olive Wood - Bethlehem Olive Wood Factory\",\"description\":\"Holy Land Olivewood Bethlehem\",\"publisher\":{\"@id\":\"https:\/\/old.holyland-olivewood.com\/sv\/#organization\"},\"potentialAction\":[{\"@type\":\"SearchAction\",\"target\":{\"@type\":\"EntryPoint\",\"urlTemplate\":\"https:\/\/old.holyland-olivewood.com\/sv\/?s={search_term_string}\"},\"query-input\":{\"@type\":\"PropertyValueSpecification\",\"valueRequired\":true,\"valueName\":\"search_term_string\"}}],\"inLanguage\":\"sv-SE\"},{\"@type\":\"Organization\",\"@id\":\"https:\/\/old.holyland-olivewood.com\/sv\/#organization\",\"name\":\"Holy Land Olivewood\",\"url\":\"https:\/\/old.holyland-olivewood.com\/sv\/\",\"logo\":{\"@type\":\"ImageObject\",\"inLanguage\":\"sv-SE\",\"@id\":\"https:\/\/old.holyland-olivewood.com\/sv\/#\/schema\/logo\/image\/\",\"url\":\"\",\"contentUrl\":\"\",\"caption\":\"Holy Land Olivewood\"},\"image\":{\"@id\":\"https:\/\/old.holyland-olivewood.com\/sv\/#\/schema\/logo\/image\/\"},\"sameAs\":[\"https:\/\/www.facebook.com\/holylandolivewood.bethlehem\/\",\"http:\/\/instagram.com\/holy.land.olive.wood\"]}]}<\/script>\n<!-- \/ Yoast SEO plugin. -->","yoast_head_json":{"title":"D\u00f6dahavskroppen Scrub Passiflora (400g) #D125 - Holy Land Olive Wood - Bethlehem Olive Wood Factory","description":"D\u00f6dahavskroppsskrubb (D\u00f6dahavslera, D\u00f6da havet MineralSalt) Svart Lera Soab, Gr\u00e4dde, D\u00f6dahavskroppsskrubb, Lera, Mineralsalt, fr\u00e5n Holy Land Olive Wood.","robots":{"index":"index","follow":"follow","max-snippet":"max-snippet:-1","max-image-preview":"max-image-preview:large","max-video-preview":"max-video-preview:-1"},"canonical":"https:\/\/old.holyland-olivewood.com\/sv\/product\/dodhav-kropp-scrub-passiflora-400g-d125\/","og_locale":"sv_SE","og_type":"article","og_title":"D\u00f6dahavskroppen Scrub Passiflora (400g) #D125 - Holy Land Olive Wood - Bethlehem Olive Wood Factory","og_description":"D\u00f6dahavskroppsskrubb (D\u00f6dahavslera, D\u00f6da havet MineralSalt) Svart Lera Soab, Gr\u00e4dde, D\u00f6dahavskroppsskrubb, Lera, Mineralsalt, fr\u00e5n Holy Land Olive Wood.","og_url":"https:\/\/old.holyland-olivewood.com\/sv\/product\/dodhav-kropp-scrub-passiflora-400g-d125\/","og_site_name":"Holy Land Olive Wood - Bethlehem Olive Wood Factory","article_publisher":"https:\/\/www.facebook.com\/holylandolivewood.bethlehem\/","og_image":[{"width":1550,"height":1200,"url":"https:\/\/old.holyland-olivewood.com\/wp-content\/uploads\/2018\/09\/dead_sea_product_d125.jpg","type":"image\/jpeg"}],"twitter_card":"summary_large_image","schema":{"@context":"https:\/\/schema.org","@graph":[{"@type":"WebPage","@id":"https:\/\/old.holyland-olivewood.com\/sv\/product\/dodhav-kropp-scrub-passiflora-400g-d125\/","url":"https:\/\/old.holyland-olivewood.com\/sv\/product\/dodhav-kropp-scrub-passiflora-400g-d125\/","name":"D\u00f6dahavskroppen Scrub Passiflora (400g) #D125 - Holy Land Olive Wood - Bethlehem Olive Wood Factory","isPartOf":{"@id":"https:\/\/old.holyland-olivewood.com\/sv\/#website"},"primaryImageOfPage":{"@id":"https:\/\/old.holyland-olivewood.com\/sv\/product\/dodhav-kropp-scrub-passiflora-400g-d125\/#primaryimage"},"image":{"@id":"https:\/\/old.holyland-olivewood.com\/sv\/product\/dodhav-kropp-scrub-passiflora-400g-d125\/#primaryimage"},"thumbnailUrl":"https:\/\/old.holyland-olivewood.com\/wp-content\/uploads\/2018\/09\/dead_sea_product_d125.jpg","datePublished":"2022-02-09T05:39:27+00:00","description":"D\u00f6dahavskroppsskrubb (D\u00f6dahavslera, D\u00f6da havet MineralSalt) Svart Lera Soab, Gr\u00e4dde, D\u00f6dahavskroppsskrubb, Lera, Mineralsalt, fr\u00e5n Holy Land Olive Wood.","breadcrumb":{"@id":"https:\/\/old.holyland-olivewood.com\/sv\/product\/dodhav-kropp-scrub-passiflora-400g-d125\/#breadcrumb"},"inLanguage":"sv-SE","potentialAction":[{"@type":"ReadAction","target":["https:\/\/old.holyland-olivewood.com\/sv\/product\/dodhav-kropp-scrub-passiflora-400g-d125\/"]}]},{"@type":"ImageObject","inLanguage":"sv-SE","@id":"https:\/\/old.holyland-olivewood.com\/sv\/product\/dodhav-kropp-scrub-passiflora-400g-d125\/#primaryimage","url":"https:\/\/old.holyland-olivewood.com\/wp-content\/uploads\/2018\/09\/dead_sea_product_d125.jpg","contentUrl":"https:\/\/old.holyland-olivewood.com\/wp-content\/uploads\/2018\/09\/dead_sea_product_d125.jpg","width":1550,"height":1200},{"@type":"BreadcrumbList","@id":"https:\/\/old.holyland-olivewood.com\/sv\/product\/dodhav-kropp-scrub-passiflora-400g-d125\/#breadcrumb","itemListElement":[{"@type":"ListItem","position":1,"name":"Home","item":"https:\/\/old.holyland-olivewood.com\/sv\/"},{"@type":"ListItem","position":2,"name":"Butik","item":"https:\/\/old.holyland-olivewood.com\/sv\/butik\/"},{"@type":"ListItem","position":3,"name":"D\u00f6dahavskroppen Scrub Passiflora (400g) #D125"}]},{"@type":"WebSite","@id":"https:\/\/old.holyland-olivewood.com\/sv\/#website","url":"https:\/\/old.holyland-olivewood.com\/sv\/","name":"Holy Land Olive Wood - Bethlehem Olive Wood Factory","description":"Holy Land Olivewood Bethlehem","publisher":{"@id":"https:\/\/old.holyland-olivewood.com\/sv\/#organization"},"potentialAction":[{"@type":"SearchAction","target":{"@type":"EntryPoint","urlTemplate":"https:\/\/old.holyland-olivewood.com\/sv\/?s={search_term_string}"},"query-input":{"@type":"PropertyValueSpecification","valueRequired":true,"valueName":"search_term_string"}}],"inLanguage":"sv-SE"},{"@type":"Organization","@id":"https:\/\/old.holyland-olivewood.com\/sv\/#organization","name":"Holy Land Olivewood","url":"https:\/\/old.holyland-olivewood.com\/sv\/","logo":{"@type":"ImageObject","inLanguage":"sv-SE","@id":"https:\/\/old.holyland-olivewood.com\/sv\/#\/schema\/logo\/image\/","url":"","contentUrl":"","caption":"Holy Land Olivewood"},"image":{"@id":"https:\/\/old.holyland-olivewood.com\/sv\/#\/schema\/logo\/image\/"},"sameAs":["https:\/\/www.facebook.com\/holylandolivewood.bethlehem\/","http:\/\/instagram.com\/holy.land.olive.wood"]}]}},"_links":{"self":[{"href":"https:\/\/old.holyland-olivewood.com\/sv\/wp-json\/wp\/v2\/product\/41791","targetHints":{"allow":["GET"]}}],"collection":[{"href":"https:\/\/old.holyland-olivewood.com\/sv\/wp-json\/wp\/v2\/product"}],"about":[{"href":"https:\/\/old.holyland-olivewood.com\/sv\/wp-json\/wp\/v2\/types\/product"}],"wp:featuredmedia":[{"embeddable":true,"href":"https:\/\/old.holyland-olivewood.com\/sv\/wp-json\/wp\/v2\/media\/51690"}],"wp:attachment":[{"href":"https:\/\/old.holyland-olivewood.com\/sv\/wp-json\/wp\/v2\/media?parent=41791"}],"wp:term":[{"taxonomy":"product_brand","embeddable":true,"href":"https:\/\/old.holyland-olivewood.com\/sv\/wp-json\/wp\/v2\/product_brand?post=41791"},{"taxonomy":"product_cat","embeddable":true,"href":"https:\/\/old.holyland-olivewood.com\/sv\/wp-json\/wp\/v2\/product_cat?post=41791"},{"taxonomy":"product_tag","embeddable":true,"href":"https:\/\/old.holyland-olivewood.com\/sv\/wp-json\/wp\/v2\/product_tag?post=41791"}],"curies":[{"name":"wp","href":"https:\/\/api.w.org\/{rel}","templated":true}]}}