{"id":40958,"date":"2020-08-31T08:54:00","date_gmt":"2022-02-07T05:07:18","guid":{"rendered":"https:\/\/old.holyland-olivewood.com\/product\/handgjord-betlehem-mahogany-pen-stand-med-olivtrabas-pennhallare-pe131\/"},"modified":"2022-02-07T05:07:18","modified_gmt":"2022-02-07T05:07:18","slug":"handgjord-betlehem-trapenna-stativ-penna-hallare","status":"publish","type":"product","link":"https:\/\/old.holyland-olivewood.com\/sv\/product\/handgjord-betlehem-trapenna-stativ-penna-hallare\/","title":{"rendered":"Handgjord Betlehem Mahogany Pen Stand med olivtr\u00e4bas, pennh\u00e5llare #PE131"},"content":{"rendered":"","protected":false},"excerpt":{"rendered":"<p>Denna vackra Pennstativ \u00e4r handgjord i det heliga landet fr\u00e5n h\u00e5llbart sk\u00f6rdat, autentiskt mahognytr\u00e4. Denna mahognybit \u00e4r mycket solid och h\u00e5llbar. Ytan har en fin finish som \u00e4r silkeslen vid ber\u00f6ring.<\/p>\n<p>Denna artikel inneh\u00e5ller ett \u00e4kthetsintyg som verifierar de material och tekniker som anv\u00e4nds f\u00f6r att tillverka denna produkt.<\/p>\n<p>Storlek: 5 cm x 13 cm x 10 cm<\/p>\n","protected":false},"featured_media":37590,"template":"","meta":[],"product_brand":[],"product_cat":[1034,2394,2393],"product_tag":[1038,1066,1401,2397,2395,2396],"class_list":{"0":"post-40958","1":"product","2":"type-product","3":"status-publish","4":"has-post-thumbnail","6":"product_cat-kunsthaandvaerk-sv","7":"product_cat-pennor-och-skrivbordsartiklar","8":"product_cat-pennamnen","9":"product_tag-betlehem-sv","10":"product_tag-oliventrae-sv-2","11":"product_tag-penna","12":"product_tag-pennhallare-i-tra","13":"product_tag-pennor","14":"product_tag-trapennastativ","16":"first","17":"instock","18":"shipping-taxable","19":"purchasable","20":"product-type-simple"},"yoast_head":"<!-- This site is optimized with the Yoast SEO plugin v24.8.1 - https:\/\/yoast.com\/wordpress\/plugins\/seo\/ -->\n<title>Handgjord Betlehem Tr\u00e4penna PennH\u00e5llare<\/title>\n<meta name=\"description\" content=\"Betlehem Tr\u00e4pennah\u00e5llare (dvs. pennstativ) \u00e4mnen, sniderier &amp; mer fr\u00e5n det heliga landet &amp;r\u00e5a best\u00e5ndet i standard och anpassade dimensioner.\" \/>\n<meta name=\"robots\" content=\"index, follow, max-snippet:-1, max-image-preview:large, max-video-preview:-1\" \/>\n<link rel=\"canonical\" href=\"https:\/\/old.holyland-olivewood.com\/sv\/product\/handgjord-betlehem-trapenna-stativ-penna-hallare\/\" \/>\n<meta property=\"og:locale\" content=\"sv_SE\" \/>\n<meta property=\"og:type\" content=\"article\" \/>\n<meta property=\"og:title\" content=\"Handgjord Betlehem Tr\u00e4penna PennH\u00e5llare\" \/>\n<meta property=\"og:description\" content=\"Betlehem Tr\u00e4pennah\u00e5llare (dvs. pennstativ) \u00e4mnen, sniderier &amp; mer fr\u00e5n det heliga landet &amp;r\u00e5a best\u00e5ndet i standard och anpassade dimensioner.\" \/>\n<meta property=\"og:url\" content=\"https:\/\/old.holyland-olivewood.com\/sv\/product\/handgjord-betlehem-trapenna-stativ-penna-hallare\/\" \/>\n<meta property=\"og:site_name\" content=\"Holy Land Olive Wood - Bethlehem Olive Wood Factory\" \/>\n<meta property=\"article:publisher\" content=\"https:\/\/www.facebook.com\/holylandolivewood.bethlehem\/\" \/>\n<meta property=\"og:image\" content=\"https:\/\/old.holyland-olivewood.com\/wp-content\/uploads\/2020\/08\/Jerusalem_wooden_pen_stand_pen_holde_PE131_1.jpg\" \/>\n\t<meta property=\"og:image:width\" content=\"1550\" \/>\n\t<meta property=\"og:image:height\" content=\"1200\" \/>\n\t<meta property=\"og:image:type\" content=\"image\/jpeg\" \/>\n<meta name=\"twitter:card\" content=\"summary_large_image\" \/>\n<script type=\"application\/ld+json\" class=\"yoast-schema-graph\">{\"@context\":\"https:\/\/schema.org\",\"@graph\":[{\"@type\":\"WebPage\",\"@id\":\"https:\/\/old.holyland-olivewood.com\/sv\/product\/handgjord-betlehem-trapenna-stativ-penna-hallare\/\",\"url\":\"https:\/\/old.holyland-olivewood.com\/sv\/product\/handgjord-betlehem-trapenna-stativ-penna-hallare\/\",\"name\":\"Handgjord Betlehem Tr\u00e4penna PennH\u00e5llare\",\"isPartOf\":{\"@id\":\"https:\/\/old.holyland-olivewood.com\/sv\/#website\"},\"primaryImageOfPage\":{\"@id\":\"https:\/\/old.holyland-olivewood.com\/sv\/product\/handgjord-betlehem-trapenna-stativ-penna-hallare\/#primaryimage\"},\"image\":{\"@id\":\"https:\/\/old.holyland-olivewood.com\/sv\/product\/handgjord-betlehem-trapenna-stativ-penna-hallare\/#primaryimage\"},\"thumbnailUrl\":\"https:\/\/old.holyland-olivewood.com\/wp-content\/uploads\/2020\/08\/Jerusalem_wooden_pen_stand_pen_holde_PE131_1.jpg\",\"datePublished\":\"2022-02-07T05:07:18+00:00\",\"description\":\"Betlehem Tr\u00e4pennah\u00e5llare (dvs. pennstativ) \u00e4mnen, sniderier & mer fr\u00e5n det heliga landet &r\u00e5a best\u00e5ndet i standard och anpassade dimensioner.\",\"breadcrumb\":{\"@id\":\"https:\/\/old.holyland-olivewood.com\/sv\/product\/handgjord-betlehem-trapenna-stativ-penna-hallare\/#breadcrumb\"},\"inLanguage\":\"sv-SE\",\"potentialAction\":[{\"@type\":\"ReadAction\",\"target\":[\"https:\/\/old.holyland-olivewood.com\/sv\/product\/handgjord-betlehem-trapenna-stativ-penna-hallare\/\"]}]},{\"@type\":\"ImageObject\",\"inLanguage\":\"sv-SE\",\"@id\":\"https:\/\/old.holyland-olivewood.com\/sv\/product\/handgjord-betlehem-trapenna-stativ-penna-hallare\/#primaryimage\",\"url\":\"https:\/\/old.holyland-olivewood.com\/wp-content\/uploads\/2020\/08\/Jerusalem_wooden_pen_stand_pen_holde_PE131_1.jpg\",\"contentUrl\":\"https:\/\/old.holyland-olivewood.com\/wp-content\/uploads\/2020\/08\/Jerusalem_wooden_pen_stand_pen_holde_PE131_1.jpg\",\"width\":1550,\"height\":1200},{\"@type\":\"BreadcrumbList\",\"@id\":\"https:\/\/old.holyland-olivewood.com\/sv\/product\/handgjord-betlehem-trapenna-stativ-penna-hallare\/#breadcrumb\",\"itemListElement\":[{\"@type\":\"ListItem\",\"position\":1,\"name\":\"Home\",\"item\":\"https:\/\/old.holyland-olivewood.com\/sv\/\"},{\"@type\":\"ListItem\",\"position\":2,\"name\":\"Butik\",\"item\":\"https:\/\/old.holyland-olivewood.com\/sv\/butik\/\"},{\"@type\":\"ListItem\",\"position\":3,\"name\":\"Handgjord Betlehem Mahogany Pen Stand med olivtr\u00e4bas, pennh\u00e5llare #PE131\"}]},{\"@type\":\"WebSite\",\"@id\":\"https:\/\/old.holyland-olivewood.com\/sv\/#website\",\"url\":\"https:\/\/old.holyland-olivewood.com\/sv\/\",\"name\":\"Holy Land Olive Wood - Bethlehem Olive Wood Factory\",\"description\":\"Holy Land Olivewood Bethlehem\",\"publisher\":{\"@id\":\"https:\/\/old.holyland-olivewood.com\/sv\/#organization\"},\"potentialAction\":[{\"@type\":\"SearchAction\",\"target\":{\"@type\":\"EntryPoint\",\"urlTemplate\":\"https:\/\/old.holyland-olivewood.com\/sv\/?s={search_term_string}\"},\"query-input\":{\"@type\":\"PropertyValueSpecification\",\"valueRequired\":true,\"valueName\":\"search_term_string\"}}],\"inLanguage\":\"sv-SE\"},{\"@type\":\"Organization\",\"@id\":\"https:\/\/old.holyland-olivewood.com\/sv\/#organization\",\"name\":\"Holy Land Olivewood\",\"url\":\"https:\/\/old.holyland-olivewood.com\/sv\/\",\"logo\":{\"@type\":\"ImageObject\",\"inLanguage\":\"sv-SE\",\"@id\":\"https:\/\/old.holyland-olivewood.com\/sv\/#\/schema\/logo\/image\/\",\"url\":\"\",\"contentUrl\":\"\",\"caption\":\"Holy Land Olivewood\"},\"image\":{\"@id\":\"https:\/\/old.holyland-olivewood.com\/sv\/#\/schema\/logo\/image\/\"},\"sameAs\":[\"https:\/\/www.facebook.com\/holylandolivewood.bethlehem\/\",\"http:\/\/instagram.com\/holy.land.olive.wood\"]}]}<\/script>\n<!-- \/ Yoast SEO plugin. -->","yoast_head_json":{"title":"Handgjord Betlehem Tr\u00e4penna PennH\u00e5llare","description":"Betlehem Tr\u00e4pennah\u00e5llare (dvs. pennstativ) \u00e4mnen, sniderier & mer fr\u00e5n det heliga landet &r\u00e5a best\u00e5ndet i standard och anpassade dimensioner.","robots":{"index":"index","follow":"follow","max-snippet":"max-snippet:-1","max-image-preview":"max-image-preview:large","max-video-preview":"max-video-preview:-1"},"canonical":"https:\/\/old.holyland-olivewood.com\/sv\/product\/handgjord-betlehem-trapenna-stativ-penna-hallare\/","og_locale":"sv_SE","og_type":"article","og_title":"Handgjord Betlehem Tr\u00e4penna PennH\u00e5llare","og_description":"Betlehem Tr\u00e4pennah\u00e5llare (dvs. pennstativ) \u00e4mnen, sniderier & mer fr\u00e5n det heliga landet &r\u00e5a best\u00e5ndet i standard och anpassade dimensioner.","og_url":"https:\/\/old.holyland-olivewood.com\/sv\/product\/handgjord-betlehem-trapenna-stativ-penna-hallare\/","og_site_name":"Holy Land Olive Wood - Bethlehem Olive Wood Factory","article_publisher":"https:\/\/www.facebook.com\/holylandolivewood.bethlehem\/","og_image":[{"width":1550,"height":1200,"url":"https:\/\/old.holyland-olivewood.com\/wp-content\/uploads\/2020\/08\/Jerusalem_wooden_pen_stand_pen_holde_PE131_1.jpg","type":"image\/jpeg"}],"twitter_card":"summary_large_image","schema":{"@context":"https:\/\/schema.org","@graph":[{"@type":"WebPage","@id":"https:\/\/old.holyland-olivewood.com\/sv\/product\/handgjord-betlehem-trapenna-stativ-penna-hallare\/","url":"https:\/\/old.holyland-olivewood.com\/sv\/product\/handgjord-betlehem-trapenna-stativ-penna-hallare\/","name":"Handgjord Betlehem Tr\u00e4penna PennH\u00e5llare","isPartOf":{"@id":"https:\/\/old.holyland-olivewood.com\/sv\/#website"},"primaryImageOfPage":{"@id":"https:\/\/old.holyland-olivewood.com\/sv\/product\/handgjord-betlehem-trapenna-stativ-penna-hallare\/#primaryimage"},"image":{"@id":"https:\/\/old.holyland-olivewood.com\/sv\/product\/handgjord-betlehem-trapenna-stativ-penna-hallare\/#primaryimage"},"thumbnailUrl":"https:\/\/old.holyland-olivewood.com\/wp-content\/uploads\/2020\/08\/Jerusalem_wooden_pen_stand_pen_holde_PE131_1.jpg","datePublished":"2022-02-07T05:07:18+00:00","description":"Betlehem Tr\u00e4pennah\u00e5llare (dvs. pennstativ) \u00e4mnen, sniderier & mer fr\u00e5n det heliga landet &r\u00e5a best\u00e5ndet i standard och anpassade dimensioner.","breadcrumb":{"@id":"https:\/\/old.holyland-olivewood.com\/sv\/product\/handgjord-betlehem-trapenna-stativ-penna-hallare\/#breadcrumb"},"inLanguage":"sv-SE","potentialAction":[{"@type":"ReadAction","target":["https:\/\/old.holyland-olivewood.com\/sv\/product\/handgjord-betlehem-trapenna-stativ-penna-hallare\/"]}]},{"@type":"ImageObject","inLanguage":"sv-SE","@id":"https:\/\/old.holyland-olivewood.com\/sv\/product\/handgjord-betlehem-trapenna-stativ-penna-hallare\/#primaryimage","url":"https:\/\/old.holyland-olivewood.com\/wp-content\/uploads\/2020\/08\/Jerusalem_wooden_pen_stand_pen_holde_PE131_1.jpg","contentUrl":"https:\/\/old.holyland-olivewood.com\/wp-content\/uploads\/2020\/08\/Jerusalem_wooden_pen_stand_pen_holde_PE131_1.jpg","width":1550,"height":1200},{"@type":"BreadcrumbList","@id":"https:\/\/old.holyland-olivewood.com\/sv\/product\/handgjord-betlehem-trapenna-stativ-penna-hallare\/#breadcrumb","itemListElement":[{"@type":"ListItem","position":1,"name":"Home","item":"https:\/\/old.holyland-olivewood.com\/sv\/"},{"@type":"ListItem","position":2,"name":"Butik","item":"https:\/\/old.holyland-olivewood.com\/sv\/butik\/"},{"@type":"ListItem","position":3,"name":"Handgjord Betlehem Mahogany Pen Stand med olivtr\u00e4bas, pennh\u00e5llare #PE131"}]},{"@type":"WebSite","@id":"https:\/\/old.holyland-olivewood.com\/sv\/#website","url":"https:\/\/old.holyland-olivewood.com\/sv\/","name":"Holy Land Olive Wood - Bethlehem Olive Wood Factory","description":"Holy Land Olivewood Bethlehem","publisher":{"@id":"https:\/\/old.holyland-olivewood.com\/sv\/#organization"},"potentialAction":[{"@type":"SearchAction","target":{"@type":"EntryPoint","urlTemplate":"https:\/\/old.holyland-olivewood.com\/sv\/?s={search_term_string}"},"query-input":{"@type":"PropertyValueSpecification","valueRequired":true,"valueName":"search_term_string"}}],"inLanguage":"sv-SE"},{"@type":"Organization","@id":"https:\/\/old.holyland-olivewood.com\/sv\/#organization","name":"Holy Land Olivewood","url":"https:\/\/old.holyland-olivewood.com\/sv\/","logo":{"@type":"ImageObject","inLanguage":"sv-SE","@id":"https:\/\/old.holyland-olivewood.com\/sv\/#\/schema\/logo\/image\/","url":"","contentUrl":"","caption":"Holy Land Olivewood"},"image":{"@id":"https:\/\/old.holyland-olivewood.com\/sv\/#\/schema\/logo\/image\/"},"sameAs":["https:\/\/www.facebook.com\/holylandolivewood.bethlehem\/","http:\/\/instagram.com\/holy.land.olive.wood"]}]}},"_links":{"self":[{"href":"https:\/\/old.holyland-olivewood.com\/sv\/wp-json\/wp\/v2\/product\/40958","targetHints":{"allow":["GET"]}}],"collection":[{"href":"https:\/\/old.holyland-olivewood.com\/sv\/wp-json\/wp\/v2\/product"}],"about":[{"href":"https:\/\/old.holyland-olivewood.com\/sv\/wp-json\/wp\/v2\/types\/product"}],"wp:featuredmedia":[{"embeddable":true,"href":"https:\/\/old.holyland-olivewood.com\/sv\/wp-json\/wp\/v2\/media\/37590"}],"wp:attachment":[{"href":"https:\/\/old.holyland-olivewood.com\/sv\/wp-json\/wp\/v2\/media?parent=40958"}],"wp:term":[{"taxonomy":"product_brand","embeddable":true,"href":"https:\/\/old.holyland-olivewood.com\/sv\/wp-json\/wp\/v2\/product_brand?post=40958"},{"taxonomy":"product_cat","embeddable":true,"href":"https:\/\/old.holyland-olivewood.com\/sv\/wp-json\/wp\/v2\/product_cat?post=40958"},{"taxonomy":"product_tag","embeddable":true,"href":"https:\/\/old.holyland-olivewood.com\/sv\/wp-json\/wp\/v2\/product_tag?post=40958"}],"curies":[{"name":"wp","href":"https:\/\/api.w.org\/{rel}","templated":true}]}}