{"id":40511,"date":"2020-10-24T14:48:30","date_gmt":"2022-02-06T11:26:57","guid":{"rendered":"https:\/\/old.holyland-olivewood.com\/product\/fashionabla-olivtraorhangen-j166\/"},"modified":"2022-02-06T11:26:57","modified_gmt":"2022-02-06T11:26:57","slug":"fashionabla-oliv-tra-orhangen-j166","status":"publish","type":"product","link":"https:\/\/old.holyland-olivewood.com\/sv\/product\/fashionabla-oliv-tra-orhangen-j166\/","title":{"rendered":"Fashionabla olivtr\u00e4\u00f6rh\u00e4ngen #J166"},"content":{"rendered":"","protected":false},"excerpt":{"rendered":"<p>Dessa \u00f6rh\u00e4ngen \u00e4r handgjorda i det heliga landet fr\u00e5n h\u00e5llbart sk\u00f6rdad, autentisk Betlehem Olivewood. Tr\u00e4et som anv\u00e4ndes f\u00f6r att g\u00f6ra dessa designer\u00f6rh\u00e4ngen var handplockade f\u00f6r att s\u00e4kerst\u00e4lla ett rikt, kontrasterande kornm\u00f6nster som s\u00e4kert kommer att dra uppm\u00e4rksamhet.<br \/>\nDenna artikel inneh\u00e5ller ett \u00e4kthetsintyg som verifierar de material och tekniker som anv\u00e4nds f\u00f6r att tillverka denna produkt.<\/p>\n<p>Storlek: 3,5 cm<\/p>\n","protected":false},"featured_media":38300,"template":"","meta":[],"product_brand":[],"product_cat":[1034,2052],"product_tag":[2087,2040,2046,1038,1126,2066,1135,1098,2084,1089,1107,2079,1080,1085,1076,1081,1094,1154,1162,1130,2069,1118,1114,1123,1111,1056,1066,2076,1155,2092,2054,2094,2059,1061,1069],"class_list":{"0":"post-40511","1":"product","2":"type-product","3":"status-publish","4":"has-post-thumbnail","6":"product_cat-kunsthaandvaerk-sv","7":"product_cat-smycken","8":"product_tag-armband-sv","9":"product_tag-bedjande","10":"product_tag-besattning","11":"product_tag-betlehem-sv","12":"product_tag-boen-sv","13":"product_tag-brosch","14":"product_tag-foedselskirken-sv","15":"product_tag-gav","16":"product_tag-halsband","17":"product_tag-haandlavet-sv","18":"product_tag-haandvaerk-sv-2","19":"product_tag-hange","20":"product_tag-hellig-sv","21":"product_tag-jerusalem-sv","22":"product_tag-jesus-sv-2","23":"product_tag-jord-sv","24":"product_tag-jul-sv","25":"product_tag-katolsk-sv-2","26":"product_tag-keltisk-sv","27":"product_tag-kirke-sv","28":"product_tag-knappnal","29":"product_tag-kors-sv","30":"product_tag-kristen-sv","31":"product_tag-krucifiks-sv","32":"product_tag-kunsthaandvaerk-sv","33":"product_tag-oliven-sv","34":"product_tag-oliventrae-sv-2","35":"product_tag-orhangen","36":"product_tag-ortodoks-sv","37":"product_tag-rep","38":"product_tag-smycken","39":"product_tag-strang","40":"product_tag-tau-sv","41":"product_tag-trae-sv-2","42":"product_tag-udskaering-sv","44":"first","45":"instock","46":"shipping-taxable","47":"purchasable","48":"product-type-simple"},"yoast_head":"<!-- This site is optimized with the Yoast SEO plugin v24.8.1 - https:\/\/yoast.com\/wordpress\/plugins\/seo\/ -->\n<title>Fashionabla olivtr\u00e4\u00f6rh\u00e4ngen #J166 - Holy Land Olive Wood - Bethlehem Olive Wood Factory<\/title>\n<meta name=\"description\" content=\"Betlehem olivtr\u00e4 hantverk (dvs smycken, jerusalem, h\u00e4nge, \u00f6rh\u00e4ngen, p\u00e4rlor) penn-\u00e4mnen, armband &amp; r\u00e5 lager i standard och anpassade dimensioner.\" \/>\n<meta name=\"robots\" content=\"index, follow, max-snippet:-1, max-image-preview:large, max-video-preview:-1\" \/>\n<link rel=\"canonical\" href=\"https:\/\/old.holyland-olivewood.com\/sv\/product\/fashionabla-oliv-tra-orhangen-j166\/\" \/>\n<meta property=\"og:locale\" content=\"sv_SE\" \/>\n<meta property=\"og:type\" content=\"article\" \/>\n<meta property=\"og:title\" content=\"Fashionabla olivtr\u00e4\u00f6rh\u00e4ngen #J166 - Holy Land Olive Wood - Bethlehem Olive Wood Factory\" \/>\n<meta property=\"og:description\" content=\"Betlehem olivtr\u00e4 hantverk (dvs smycken, jerusalem, h\u00e4nge, \u00f6rh\u00e4ngen, p\u00e4rlor) penn-\u00e4mnen, armband &amp; r\u00e5 lager i standard och anpassade dimensioner.\" \/>\n<meta property=\"og:url\" content=\"https:\/\/old.holyland-olivewood.com\/sv\/product\/fashionabla-oliv-tra-orhangen-j166\/\" \/>\n<meta property=\"og:site_name\" content=\"Holy Land Olive Wood - Bethlehem Olive Wood Factory\" \/>\n<meta property=\"article:publisher\" content=\"https:\/\/www.facebook.com\/holylandolivewood.bethlehem\/\" \/>\n<meta property=\"og:image\" content=\"https:\/\/old.holyland-olivewood.com\/wp-content\/uploads\/2020\/10\/olivewood_wooden_earrings_j166.jpg\" \/>\n\t<meta property=\"og:image:width\" content=\"1550\" \/>\n\t<meta property=\"og:image:height\" content=\"1200\" \/>\n\t<meta property=\"og:image:type\" content=\"image\/jpeg\" \/>\n<meta name=\"twitter:card\" content=\"summary_large_image\" \/>\n<script type=\"application\/ld+json\" class=\"yoast-schema-graph\">{\"@context\":\"https:\/\/schema.org\",\"@graph\":[{\"@type\":\"WebPage\",\"@id\":\"https:\/\/old.holyland-olivewood.com\/sv\/product\/fashionabla-oliv-tra-orhangen-j166\/\",\"url\":\"https:\/\/old.holyland-olivewood.com\/sv\/product\/fashionabla-oliv-tra-orhangen-j166\/\",\"name\":\"Fashionabla olivtr\u00e4\u00f6rh\u00e4ngen #J166 - Holy Land Olive Wood - Bethlehem Olive Wood Factory\",\"isPartOf\":{\"@id\":\"https:\/\/old.holyland-olivewood.com\/sv\/#website\"},\"primaryImageOfPage\":{\"@id\":\"https:\/\/old.holyland-olivewood.com\/sv\/product\/fashionabla-oliv-tra-orhangen-j166\/#primaryimage\"},\"image\":{\"@id\":\"https:\/\/old.holyland-olivewood.com\/sv\/product\/fashionabla-oliv-tra-orhangen-j166\/#primaryimage\"},\"thumbnailUrl\":\"https:\/\/old.holyland-olivewood.com\/wp-content\/uploads\/2020\/10\/olivewood_wooden_earrings_j166.jpg\",\"datePublished\":\"2022-02-06T11:26:57+00:00\",\"description\":\"Betlehem olivtr\u00e4 hantverk (dvs smycken, jerusalem, h\u00e4nge, \u00f6rh\u00e4ngen, p\u00e4rlor) penn-\u00e4mnen, armband & r\u00e5 lager i standard och anpassade dimensioner.\",\"breadcrumb\":{\"@id\":\"https:\/\/old.holyland-olivewood.com\/sv\/product\/fashionabla-oliv-tra-orhangen-j166\/#breadcrumb\"},\"inLanguage\":\"sv-SE\",\"potentialAction\":[{\"@type\":\"ReadAction\",\"target\":[\"https:\/\/old.holyland-olivewood.com\/sv\/product\/fashionabla-oliv-tra-orhangen-j166\/\"]}]},{\"@type\":\"ImageObject\",\"inLanguage\":\"sv-SE\",\"@id\":\"https:\/\/old.holyland-olivewood.com\/sv\/product\/fashionabla-oliv-tra-orhangen-j166\/#primaryimage\",\"url\":\"https:\/\/old.holyland-olivewood.com\/wp-content\/uploads\/2020\/10\/olivewood_wooden_earrings_j166.jpg\",\"contentUrl\":\"https:\/\/old.holyland-olivewood.com\/wp-content\/uploads\/2020\/10\/olivewood_wooden_earrings_j166.jpg\",\"width\":1550,\"height\":1200},{\"@type\":\"BreadcrumbList\",\"@id\":\"https:\/\/old.holyland-olivewood.com\/sv\/product\/fashionabla-oliv-tra-orhangen-j166\/#breadcrumb\",\"itemListElement\":[{\"@type\":\"ListItem\",\"position\":1,\"name\":\"Home\",\"item\":\"https:\/\/old.holyland-olivewood.com\/sv\/\"},{\"@type\":\"ListItem\",\"position\":2,\"name\":\"Butik\",\"item\":\"https:\/\/old.holyland-olivewood.com\/sv\/butik\/\"},{\"@type\":\"ListItem\",\"position\":3,\"name\":\"Fashionabla olivtr\u00e4\u00f6rh\u00e4ngen #J166\"}]},{\"@type\":\"WebSite\",\"@id\":\"https:\/\/old.holyland-olivewood.com\/sv\/#website\",\"url\":\"https:\/\/old.holyland-olivewood.com\/sv\/\",\"name\":\"Holy Land Olive Wood - Bethlehem Olive Wood Factory\",\"description\":\"Holy Land Olivewood Bethlehem\",\"publisher\":{\"@id\":\"https:\/\/old.holyland-olivewood.com\/sv\/#organization\"},\"potentialAction\":[{\"@type\":\"SearchAction\",\"target\":{\"@type\":\"EntryPoint\",\"urlTemplate\":\"https:\/\/old.holyland-olivewood.com\/sv\/?s={search_term_string}\"},\"query-input\":{\"@type\":\"PropertyValueSpecification\",\"valueRequired\":true,\"valueName\":\"search_term_string\"}}],\"inLanguage\":\"sv-SE\"},{\"@type\":\"Organization\",\"@id\":\"https:\/\/old.holyland-olivewood.com\/sv\/#organization\",\"name\":\"Holy Land Olivewood\",\"url\":\"https:\/\/old.holyland-olivewood.com\/sv\/\",\"logo\":{\"@type\":\"ImageObject\",\"inLanguage\":\"sv-SE\",\"@id\":\"https:\/\/old.holyland-olivewood.com\/sv\/#\/schema\/logo\/image\/\",\"url\":\"\",\"contentUrl\":\"\",\"caption\":\"Holy Land Olivewood\"},\"image\":{\"@id\":\"https:\/\/old.holyland-olivewood.com\/sv\/#\/schema\/logo\/image\/\"},\"sameAs\":[\"https:\/\/www.facebook.com\/holylandolivewood.bethlehem\/\",\"http:\/\/instagram.com\/holy.land.olive.wood\"]}]}<\/script>\n<!-- \/ Yoast SEO plugin. -->","yoast_head_json":{"title":"Fashionabla olivtr\u00e4\u00f6rh\u00e4ngen #J166 - Holy Land Olive Wood - Bethlehem Olive Wood Factory","description":"Betlehem olivtr\u00e4 hantverk (dvs smycken, jerusalem, h\u00e4nge, \u00f6rh\u00e4ngen, p\u00e4rlor) penn-\u00e4mnen, armband & r\u00e5 lager i standard och anpassade dimensioner.","robots":{"index":"index","follow":"follow","max-snippet":"max-snippet:-1","max-image-preview":"max-image-preview:large","max-video-preview":"max-video-preview:-1"},"canonical":"https:\/\/old.holyland-olivewood.com\/sv\/product\/fashionabla-oliv-tra-orhangen-j166\/","og_locale":"sv_SE","og_type":"article","og_title":"Fashionabla olivtr\u00e4\u00f6rh\u00e4ngen #J166 - Holy Land Olive Wood - Bethlehem Olive Wood Factory","og_description":"Betlehem olivtr\u00e4 hantverk (dvs smycken, jerusalem, h\u00e4nge, \u00f6rh\u00e4ngen, p\u00e4rlor) penn-\u00e4mnen, armband & r\u00e5 lager i standard och anpassade dimensioner.","og_url":"https:\/\/old.holyland-olivewood.com\/sv\/product\/fashionabla-oliv-tra-orhangen-j166\/","og_site_name":"Holy Land Olive Wood - Bethlehem Olive Wood Factory","article_publisher":"https:\/\/www.facebook.com\/holylandolivewood.bethlehem\/","og_image":[{"width":1550,"height":1200,"url":"https:\/\/old.holyland-olivewood.com\/wp-content\/uploads\/2020\/10\/olivewood_wooden_earrings_j166.jpg","type":"image\/jpeg"}],"twitter_card":"summary_large_image","schema":{"@context":"https:\/\/schema.org","@graph":[{"@type":"WebPage","@id":"https:\/\/old.holyland-olivewood.com\/sv\/product\/fashionabla-oliv-tra-orhangen-j166\/","url":"https:\/\/old.holyland-olivewood.com\/sv\/product\/fashionabla-oliv-tra-orhangen-j166\/","name":"Fashionabla olivtr\u00e4\u00f6rh\u00e4ngen #J166 - Holy Land Olive Wood - Bethlehem Olive Wood Factory","isPartOf":{"@id":"https:\/\/old.holyland-olivewood.com\/sv\/#website"},"primaryImageOfPage":{"@id":"https:\/\/old.holyland-olivewood.com\/sv\/product\/fashionabla-oliv-tra-orhangen-j166\/#primaryimage"},"image":{"@id":"https:\/\/old.holyland-olivewood.com\/sv\/product\/fashionabla-oliv-tra-orhangen-j166\/#primaryimage"},"thumbnailUrl":"https:\/\/old.holyland-olivewood.com\/wp-content\/uploads\/2020\/10\/olivewood_wooden_earrings_j166.jpg","datePublished":"2022-02-06T11:26:57+00:00","description":"Betlehem olivtr\u00e4 hantverk (dvs smycken, jerusalem, h\u00e4nge, \u00f6rh\u00e4ngen, p\u00e4rlor) penn-\u00e4mnen, armband & r\u00e5 lager i standard och anpassade dimensioner.","breadcrumb":{"@id":"https:\/\/old.holyland-olivewood.com\/sv\/product\/fashionabla-oliv-tra-orhangen-j166\/#breadcrumb"},"inLanguage":"sv-SE","potentialAction":[{"@type":"ReadAction","target":["https:\/\/old.holyland-olivewood.com\/sv\/product\/fashionabla-oliv-tra-orhangen-j166\/"]}]},{"@type":"ImageObject","inLanguage":"sv-SE","@id":"https:\/\/old.holyland-olivewood.com\/sv\/product\/fashionabla-oliv-tra-orhangen-j166\/#primaryimage","url":"https:\/\/old.holyland-olivewood.com\/wp-content\/uploads\/2020\/10\/olivewood_wooden_earrings_j166.jpg","contentUrl":"https:\/\/old.holyland-olivewood.com\/wp-content\/uploads\/2020\/10\/olivewood_wooden_earrings_j166.jpg","width":1550,"height":1200},{"@type":"BreadcrumbList","@id":"https:\/\/old.holyland-olivewood.com\/sv\/product\/fashionabla-oliv-tra-orhangen-j166\/#breadcrumb","itemListElement":[{"@type":"ListItem","position":1,"name":"Home","item":"https:\/\/old.holyland-olivewood.com\/sv\/"},{"@type":"ListItem","position":2,"name":"Butik","item":"https:\/\/old.holyland-olivewood.com\/sv\/butik\/"},{"@type":"ListItem","position":3,"name":"Fashionabla olivtr\u00e4\u00f6rh\u00e4ngen #J166"}]},{"@type":"WebSite","@id":"https:\/\/old.holyland-olivewood.com\/sv\/#website","url":"https:\/\/old.holyland-olivewood.com\/sv\/","name":"Holy Land Olive Wood - Bethlehem Olive Wood Factory","description":"Holy Land Olivewood Bethlehem","publisher":{"@id":"https:\/\/old.holyland-olivewood.com\/sv\/#organization"},"potentialAction":[{"@type":"SearchAction","target":{"@type":"EntryPoint","urlTemplate":"https:\/\/old.holyland-olivewood.com\/sv\/?s={search_term_string}"},"query-input":{"@type":"PropertyValueSpecification","valueRequired":true,"valueName":"search_term_string"}}],"inLanguage":"sv-SE"},{"@type":"Organization","@id":"https:\/\/old.holyland-olivewood.com\/sv\/#organization","name":"Holy Land Olivewood","url":"https:\/\/old.holyland-olivewood.com\/sv\/","logo":{"@type":"ImageObject","inLanguage":"sv-SE","@id":"https:\/\/old.holyland-olivewood.com\/sv\/#\/schema\/logo\/image\/","url":"","contentUrl":"","caption":"Holy Land Olivewood"},"image":{"@id":"https:\/\/old.holyland-olivewood.com\/sv\/#\/schema\/logo\/image\/"},"sameAs":["https:\/\/www.facebook.com\/holylandolivewood.bethlehem\/","http:\/\/instagram.com\/holy.land.olive.wood"]}]}},"_links":{"self":[{"href":"https:\/\/old.holyland-olivewood.com\/sv\/wp-json\/wp\/v2\/product\/40511","targetHints":{"allow":["GET"]}}],"collection":[{"href":"https:\/\/old.holyland-olivewood.com\/sv\/wp-json\/wp\/v2\/product"}],"about":[{"href":"https:\/\/old.holyland-olivewood.com\/sv\/wp-json\/wp\/v2\/types\/product"}],"wp:featuredmedia":[{"embeddable":true,"href":"https:\/\/old.holyland-olivewood.com\/sv\/wp-json\/wp\/v2\/media\/38300"}],"wp:attachment":[{"href":"https:\/\/old.holyland-olivewood.com\/sv\/wp-json\/wp\/v2\/media?parent=40511"}],"wp:term":[{"taxonomy":"product_brand","embeddable":true,"href":"https:\/\/old.holyland-olivewood.com\/sv\/wp-json\/wp\/v2\/product_brand?post=40511"},{"taxonomy":"product_cat","embeddable":true,"href":"https:\/\/old.holyland-olivewood.com\/sv\/wp-json\/wp\/v2\/product_cat?post=40511"},{"taxonomy":"product_tag","embeddable":true,"href":"https:\/\/old.holyland-olivewood.com\/sv\/wp-json\/wp\/v2\/product_tag?post=40511"}],"curies":[{"name":"wp","href":"https:\/\/api.w.org\/{rel}","templated":true}]}}