{"id":48044,"date":"2016-03-25T20:32:56","date_gmt":"2016-03-25T20:32:56","guid":{"rendered":"https:\/\/old.holyland-olivewood.com\/handicrafts\/"},"modified":"2022-02-28T09:18:44","modified_gmt":"2022-02-28T09:18:44","slug":"handicrafts","status":"publish","type":"page","link":"https:\/\/old.holyland-olivewood.com\/sv\/handicrafts\/","title":{"rendered":"Hantverk"},"content":{"rendered":"<p>[spb_blank_spacer height=&#8221;30px&#8221; width=&#8221;1\/1&#8243; el_position=&#8221;first last&#8221;] [spb_image image=&#8221;15142&#8243; image_size=&#8221;medium&#8221; frame=&#8221;shadowframe&#8221; caption=&#8221;Kors &amp; krucifix&#8221; caption_pos=&#8221;hover&#8221; remove_rounded=&#8221;yes&#8221; fullwidth=&#8221;no&#8221; overflow_mode=&#8221;none&#8221; image_link=&#8221;https:\/\/old.holyland-olivewood.com\/sv\/product-category\/handicrafts\/crosses-crucifixes\/&#8221; link_target=&#8221;_self&#8221; lightbox=&#8221;no&#8221; intro_animation=&#8221;none&#8221; animation_delay=&#8221;200&#8243; width=&#8221;1\/4&#8243; el_position=&#8221;first&#8221;][\/spb_image] [spb_image image=&#8221;15155&#8243; image_size=&#8221;medium&#8221; frame=&#8221;shadowframe&#8221; caption=&#8221;Radband&#8221; caption_pos=&#8221;hover&#8221; remove_rounded=&#8221;yes&#8221; fullwidth=&#8221;no&#8221; overflow_mode=&#8221;none&#8221; image_link=&#8221;https:\/\/old.holyland-olivewood.com\/sv\/product-category\/handicrafts\/rosaries\/&#8221; link_target=&#8221;_self&#8221; lightbox=&#8221;no&#8221; intro_animation=&#8221;none&#8221; animation_delay=&#8221;200&#8243; width=&#8221;1\/4&#8243;][\/spb_image] [spb_image image=&#8221;15145&#8243; image_size=&#8221;medium&#8221; frame=&#8221;shadowframe&#8221; caption=&#8221;Smycke&#8221; caption_pos=&#8221;hover&#8221; remove_rounded=&#8221;yes&#8221; fullwidth=&#8221;no&#8221; overflow_mode=&#8221;none&#8221; image_link=&#8221;https:\/\/old.holyland-olivewood.com\/sv\/product-category\/handicrafts\/jewelery\/&#8221; link_target=&#8221;_self&#8221; lightbox=&#8221;no&#8221; intro_animation=&#8221;none&#8221; animation_delay=&#8221;200&#8243; width=&#8221;1\/4&#8243;][\/spb_image] [spb_image image=&#8221;15157&#8243; image_size=&#8221;medium&#8221; frame=&#8221;shadowframe&#8221; caption=&#8221;Porslin&#8221; caption_pos=&#8221;hover&#8221; remove_rounded=&#8221;yes&#8221; fullwidth=&#8221;no&#8221; overflow_mode=&#8221;none&#8221; image_link=&#8221;https:\/\/old.holyland-olivewood.com\/sv\/product-category\/handicrafts\/tableware\/&#8221; link_target=&#8221;_self&#8221; lightbox=&#8221;no&#8221; intro_animation=&#8221;none&#8221; animation_delay=&#8221;200&#8243; width=&#8221;1\/4&#8243; el_position=&#8221;last&#8221;][\/spb_image] [spb_blank_spacer height=&#8221;30px&#8221; width=&#8221;1\/1&#8243; el_position=&#8221;first last&#8221;] [spb_image image=&#8221;16604&#8243; image_size=&#8221;medium&#8221; frame=&#8221;shadowframe&#8221; caption=&#8221;Pennor och bordsartiklar&#8221; caption_pos=&#8221;hover&#8221; remove_rounded=&#8221;yes&#8221; fullwidth=&#8221;no&#8221; overflow_mode=&#8221;none&#8221; image_link=&#8221;https:\/\/old.holyland-olivewood.com\/sv\/product-category\/handicrafts\/pens-deskware&#8221; link_target=&#8221;_self&#8221; lightbox=&#8221;no&#8221; intro_animation=&#8221;none&#8221; animation_delay=&#8221;200&#8243; width=&#8221;1\/4&#8243; el_position=&#8221;first&#8221;][\/spb_image] [spb_image image=&#8221;15149&#8243; image_size=&#8221;medium&#8221; frame=&#8221;shadowframe&#8221; caption=&#8221;Magneter&#8221; caption_pos=&#8221;hover&#8221; remove_rounded=&#8221;yes&#8221; fullwidth=&#8221;no&#8221; overflow_mode=&#8221;none&#8221; image_link=&#8221;https:\/\/old.holyland-olivewood.com\/sv\/product-category\/handicrafts\/magnets\/&#8221; link_target=&#8221;_self&#8221; lightbox=&#8221;no&#8221; intro_animation=&#8221;none&#8221; animation_delay=&#8221;200&#8243; width=&#8221;1\/4&#8243;][\/spb_image] [spb_image image=&#8221;15150&#8243; image_size=&#8221;medium&#8221; frame=&#8221;shadowframe&#8221; caption=&#8221;Nativity set&#8221; caption_pos=&#8221;hover&#8221; remove_rounded=&#8221;yes&#8221; fullwidth=&#8221;no&#8221; overflow_mode=&#8221;none&#8221; image_link=&#8221;https:\/\/old.holyland-olivewood.com\/sv\/product-category\/handicrafts\/nativity-sets&#8221; link_target=&#8221;_self&#8221; lightbox=&#8221;no&#8221; intro_animation=&#8221;none&#8221; animation_delay=&#8221;200&#8243; width=&#8221;1\/4&#8243;][\/spb_image] [spb_image image=&#8221;15144&#8243; image_size=&#8221;medium&#8221; frame=&#8221;shadowframe&#8221; caption=&#8221;Figuriner&#8221; caption_pos=&#8221;hover&#8221; remove_rounded=&#8221;yes&#8221; fullwidth=&#8221;no&#8221; overflow_mode=&#8221;none&#8221; image_link=&#8221;https:\/\/old.holyland-olivewood.com\/sv\/product-category\/handicrafts\/figurines&#8221; link_target=&#8221;_self&#8221; lightbox=&#8221;no&#8221; intro_animation=&#8221;none&#8221; animation_delay=&#8221;200&#8243; width=&#8221;1\/4&#8243; el_position=&#8221;last&#8221;][\/spb_image] [spb_blank_spacer height=&#8221;30px&#8221; width=&#8221;1\/1&#8243; el_position=&#8221;first last&#8221;] [spb_image image=&#8221;15151&#8243; image_size=&#8221;medium&#8221; frame=&#8221;shadowframe&#8221; caption=&#8221;Ornament&#8221; caption_pos=&#8221;hover&#8221; remove_rounded=&#8221;yes&#8221; fullwidth=&#8221;no&#8221; overflow_mode=&#8221;none&#8221; image_link=&#8221;https:\/\/old.holyland-olivewood.com\/sv\/product-category\/handicrafts\/ornaments&#8221; link_target=&#8221;_self&#8221; lightbox=&#8221;no&#8221; intro_animation=&#8221;none&#8221; animation_delay=&#8221;200&#8243; width=&#8221;1\/4&#8243; el_position=&#8221;first&#8221;][\/spb_image] [spb_image image=&#8221;15147&#8243; image_size=&#8221;medium&#8221; frame=&#8221;shadowframe&#8221; caption=&#8221;K\u00f6ksutrustning&#8221; caption_pos=&#8221;hover&#8221; remove_rounded=&#8221;yes&#8221; fullwidth=&#8221;no&#8221; overflow_mode=&#8221;none&#8221; image_link=&#8221;https:\/\/old.holyland-olivewood.com\/sv\/product-category\/handicrafts\/kitchenware&#8221; link_target=&#8221;_self&#8221; lightbox=&#8221;no&#8221; intro_animation=&#8221;none&#8221; animation_delay=&#8221;200&#8243; width=&#8221;1\/4&#8243;][\/spb_image] [spb_image image=&#8221;15141&#8243; image_size=&#8221;medium&#8221; frame=&#8221;shadowframe&#8221; caption=&#8221;L\u00e5dor&#8221; caption_pos=&#8221;hover&#8221; remove_rounded=&#8221;yes&#8221; fullwidth=&#8221;no&#8221; overflow_mode=&#8221;none&#8221; image_link=&#8221;https:\/\/old.holyland-olivewood.com\/sv\/product-category\/handicrafts\/boxes&#8221; link_target=&#8221;_self&#8221; lightbox=&#8221;no&#8221; intro_animation=&#8221;none&#8221; animation_delay=&#8221;200&#8243; width=&#8221;1\/4&#8243;][\/spb_image] [spb_image image=&#8221;15154&#8243; image_size=&#8221;medium&#8221; frame=&#8221;shadowframe&#8221; caption=&#8221;Plack&#8221; caption_pos=&#8221;hover&#8221; remove_rounded=&#8221;yes&#8221; fullwidth=&#8221;no&#8221; overflow_mode=&#8221;none&#8221; image_link=&#8221;https:\/\/old.holyland-olivewood.com\/sv\/product-category\/handicrafts\/plaques\/&#8221; link_target=&#8221;_self&#8221; lightbox=&#8221;no&#8221; intro_animation=&#8221;none&#8221; animation_delay=&#8221;200&#8243; width=&#8221;1\/4&#8243; el_position=&#8221;last&#8221;][\/spb_image] [spb_testimonial_carousel item_count=&#8221;6&#8243; order=&#8221;rand&#8221; category=&#8221;Alla&#8221; page_link=&#8221;no&#8221; width=&#8221;1\/1&#8243; el_position=&#8221;first last&#8221;] [spb_text_block animation=&#8221;none&#8221; animation_delay=&#8221;0&#8243; simplified_controls=&#8221;yes&#8221; custom_css_percentage=&#8221;no&#8221; padding_vertical=&#8221;0&#8243; padding_horizontal=&#8221;0&#8243; margin_vertical=&#8221;0&#8243; custom_css=&#8221;margin-top: 0px;margin-bottom: 0px;border-top: 0px default ;border-left: 0px default ;border-right: 0px default ;border-bottom: 0px default ;padding-top: 0px;padding-left: 0px;padding-right: 0px;padding-bottom: 0px;&#8221; border_size=&#8221;0&#8243; border_styling_global=&#8221;default&#8221; width=&#8221;1\/1&#8243; el_position=&#8221;first last&#8221;]<\/p>\n<p><strong>Skicka oss ditt vittnesm\u00e5l.<\/strong><\/p>\n<p>[\/spb_text_block]<\/p>\n","protected":false},"excerpt":{"rendered":"<p>[spb_blank_spacer height=&#8221;30px&#8221; width=&#8221;1\/1&#8243; el_position=&#8221;first last&#8221;] [spb_image image=&#8221;15142&#8243; image_size=&#8221;medium&#8221; frame=&#8221;shadowframe&#8221; caption=&#8221;Kors &amp; krucifix&#8221; caption_pos=&#8221;hover&#8221; remove_rounded=&#8221;yes&#8221; fullwidth=&#8221;no&#8221; overflow_mode=&#8221;none&#8221; image_link=&#8221;https:\/\/old.holyland-olivewood.com\/sv\/product-category\/handicrafts\/crosses-crucifixes\/&#8221; link_target=&#8221;_self&#8221; lightbox=&#8221;no&#8221; intro_animation=&#8221;none&#8221; animation_delay=&#8221;200&#8243; width=&#8221;1\/4&#8243; el_position=&#8221;first&#8221;][\/spb_image] [spb_image image=&#8221;15155&#8243; image_size=&#8221;medium&#8221; frame=&#8221;shadowframe&#8221; caption=&#8221;Radband&#8221; caption_pos=&#8221;hover&#8221; remove_rounded=&#8221;yes&#8221; fullwidth=&#8221;no&#8221; overflow_mode=&#8221;none&#8221; image_link=&#8221;https:\/\/old.holyland-olivewood.com\/sv\/product-category\/handicrafts\/rosaries\/&#8221; link_target=&#8221;_self&#8221; lightbox=&#8221;no&#8221; intro_animation=&#8221;none&#8221; animation_delay=&#8221;200&#8243; width=&#8221;1\/4&#8243;][\/spb_image] [spb_image image=&#8221;15145&#8243; image_size=&#8221;medium&#8221; frame=&#8221;shadowframe&#8221; caption=&#8221;Smycke&#8221; caption_pos=&#8221;hover&#8221; remove_rounded=&#8221;yes&#8221; fullwidth=&#8221;no&#8221; overflow_mode=&#8221;none&#8221; image_link=&#8221;https:\/\/old.holyland-olivewood.com\/sv\/product-category\/handicrafts\/jewelery\/&#8221; link_target=&#8221;_self&#8221; lightbox=&#8221;no&#8221; intro_animation=&#8221;none&#8221; animation_delay=&#8221;200&#8243; width=&#8221;1\/4&#8243;][\/spb_image] [spb_image image=&#8221;15157&#8243; image_size=&#8221;medium&#8221; frame=&#8221;shadowframe&#8221; caption=&#8221;Porslin&#8221; caption_pos=&#8221;hover&#8221; remove_rounded=&#8221;yes&#8221; [&hellip;]<\/p>\n","protected":false},"author":1,"featured_media":0,"parent":0,"menu_order":0,"comment_status":"closed","ping_status":"closed","template":"","meta":{"footnotes":""},"class_list":["post-48044","page","type-page","status-publish","hentry"],"yoast_head":"<!-- This site is optimized with the Yoast SEO plugin v24.8.1 - https:\/\/yoast.com\/wordpress\/plugins\/seo\/ -->\n<title>Hantverk - Holy Land Olive Wood - Bethlehem Olive Wood Factory<\/title>\n<meta name=\"description\" content=\"Betlehem olivtr\u00e4 hantverk (dvs. rosaries, k\u00f6ksutrustning, f\u00f6delse, upps\u00e4ttningar, p\u00e4rlor)penn\u00e4mnen sniderier, plattor, block,&amp;r\u00e5 lager i standard och anpassade dimensioner.\" \/>\n<meta name=\"robots\" content=\"index, follow, max-snippet:-1, max-image-preview:large, max-video-preview:-1\" \/>\n<link rel=\"canonical\" href=\"https:\/\/old.holyland-olivewood.com\/sv\/handicrafts\/\" \/>\n<meta property=\"og:locale\" content=\"sv_SE\" \/>\n<meta property=\"og:type\" content=\"article\" \/>\n<meta property=\"og:title\" content=\"Hantverk - Holy Land Olive Wood - Bethlehem Olive Wood Factory\" \/>\n<meta property=\"og:description\" content=\"Betlehem olivtr\u00e4 hantverk (dvs. rosaries, k\u00f6ksutrustning, f\u00f6delse, upps\u00e4ttningar, p\u00e4rlor)penn\u00e4mnen sniderier, plattor, block,&amp;r\u00e5 lager i standard och anpassade dimensioner.\" \/>\n<meta property=\"og:url\" content=\"https:\/\/old.holyland-olivewood.com\/sv\/handicrafts\/\" \/>\n<meta property=\"og:site_name\" content=\"Holy Land Olive Wood - Bethlehem Olive Wood Factory\" \/>\n<meta property=\"article:publisher\" content=\"https:\/\/www.facebook.com\/holylandolivewood.bethlehem\/\" \/>\n<meta property=\"article:modified_time\" content=\"2022-02-28T09:18:44+00:00\" \/>\n<meta name=\"twitter:card\" content=\"summary_large_image\" \/>\n<meta name=\"twitter:label1\" content=\"Ber\u00e4knad l\u00e4stid\" \/>\n\t<meta name=\"twitter:data1\" content=\"2 minuter\" \/>\n<script type=\"application\/ld+json\" class=\"yoast-schema-graph\">{\"@context\":\"https:\/\/schema.org\",\"@graph\":[{\"@type\":\"WebPage\",\"@id\":\"https:\/\/old.holyland-olivewood.com\/sv\/handicrafts\/\",\"url\":\"https:\/\/old.holyland-olivewood.com\/sv\/handicrafts\/\",\"name\":\"Hantverk - Holy Land Olive Wood - Bethlehem Olive Wood Factory\",\"isPartOf\":{\"@id\":\"https:\/\/old.holyland-olivewood.com\/sv\/#website\"},\"datePublished\":\"2016-03-25T20:32:56+00:00\",\"dateModified\":\"2022-02-28T09:18:44+00:00\",\"description\":\"Betlehem olivtr\u00e4 hantverk (dvs. rosaries, k\u00f6ksutrustning, f\u00f6delse, upps\u00e4ttningar, p\u00e4rlor)penn\u00e4mnen sniderier, plattor, block,&r\u00e5 lager i standard och anpassade dimensioner.\",\"breadcrumb\":{\"@id\":\"https:\/\/old.holyland-olivewood.com\/sv\/handicrafts\/#breadcrumb\"},\"inLanguage\":\"sv-SE\",\"potentialAction\":[{\"@type\":\"ReadAction\",\"target\":[\"https:\/\/old.holyland-olivewood.com\/sv\/handicrafts\/\"]}]},{\"@type\":\"BreadcrumbList\",\"@id\":\"https:\/\/old.holyland-olivewood.com\/sv\/handicrafts\/#breadcrumb\",\"itemListElement\":[{\"@type\":\"ListItem\",\"position\":1,\"name\":\"Home\",\"item\":\"https:\/\/old.holyland-olivewood.com\/sv\/\"},{\"@type\":\"ListItem\",\"position\":2,\"name\":\"Hantverk\"}]},{\"@type\":\"WebSite\",\"@id\":\"https:\/\/old.holyland-olivewood.com\/sv\/#website\",\"url\":\"https:\/\/old.holyland-olivewood.com\/sv\/\",\"name\":\"Holy Land Olive Wood - Bethlehem Olive Wood Factory\",\"description\":\"Holy Land Olivewood Bethlehem\",\"publisher\":{\"@id\":\"https:\/\/old.holyland-olivewood.com\/sv\/#organization\"},\"potentialAction\":[{\"@type\":\"SearchAction\",\"target\":{\"@type\":\"EntryPoint\",\"urlTemplate\":\"https:\/\/old.holyland-olivewood.com\/sv\/?s={search_term_string}\"},\"query-input\":{\"@type\":\"PropertyValueSpecification\",\"valueRequired\":true,\"valueName\":\"search_term_string\"}}],\"inLanguage\":\"sv-SE\"},{\"@type\":\"Organization\",\"@id\":\"https:\/\/old.holyland-olivewood.com\/sv\/#organization\",\"name\":\"Holy Land Olivewood\",\"url\":\"https:\/\/old.holyland-olivewood.com\/sv\/\",\"logo\":{\"@type\":\"ImageObject\",\"inLanguage\":\"sv-SE\",\"@id\":\"https:\/\/old.holyland-olivewood.com\/sv\/#\/schema\/logo\/image\/\",\"url\":\"\",\"contentUrl\":\"\",\"caption\":\"Holy Land Olivewood\"},\"image\":{\"@id\":\"https:\/\/old.holyland-olivewood.com\/sv\/#\/schema\/logo\/image\/\"},\"sameAs\":[\"https:\/\/www.facebook.com\/holylandolivewood.bethlehem\/\",\"http:\/\/instagram.com\/holy.land.olive.wood\"]}]}<\/script>\n<!-- \/ Yoast SEO plugin. -->","yoast_head_json":{"title":"Hantverk - Holy Land Olive Wood - Bethlehem Olive Wood Factory","description":"Betlehem olivtr\u00e4 hantverk (dvs. rosaries, k\u00f6ksutrustning, f\u00f6delse, upps\u00e4ttningar, p\u00e4rlor)penn\u00e4mnen sniderier, plattor, block,&r\u00e5 lager i standard och anpassade dimensioner.","robots":{"index":"index","follow":"follow","max-snippet":"max-snippet:-1","max-image-preview":"max-image-preview:large","max-video-preview":"max-video-preview:-1"},"canonical":"https:\/\/old.holyland-olivewood.com\/sv\/handicrafts\/","og_locale":"sv_SE","og_type":"article","og_title":"Hantverk - Holy Land Olive Wood - Bethlehem Olive Wood Factory","og_description":"Betlehem olivtr\u00e4 hantverk (dvs. rosaries, k\u00f6ksutrustning, f\u00f6delse, upps\u00e4ttningar, p\u00e4rlor)penn\u00e4mnen sniderier, plattor, block,&r\u00e5 lager i standard och anpassade dimensioner.","og_url":"https:\/\/old.holyland-olivewood.com\/sv\/handicrafts\/","og_site_name":"Holy Land Olive Wood - Bethlehem Olive Wood Factory","article_publisher":"https:\/\/www.facebook.com\/holylandolivewood.bethlehem\/","article_modified_time":"2022-02-28T09:18:44+00:00","twitter_card":"summary_large_image","twitter_misc":{"Ber\u00e4knad l\u00e4stid":"2 minuter"},"schema":{"@context":"https:\/\/schema.org","@graph":[{"@type":"WebPage","@id":"https:\/\/old.holyland-olivewood.com\/sv\/handicrafts\/","url":"https:\/\/old.holyland-olivewood.com\/sv\/handicrafts\/","name":"Hantverk - Holy Land Olive Wood - Bethlehem Olive Wood Factory","isPartOf":{"@id":"https:\/\/old.holyland-olivewood.com\/sv\/#website"},"datePublished":"2016-03-25T20:32:56+00:00","dateModified":"2022-02-28T09:18:44+00:00","description":"Betlehem olivtr\u00e4 hantverk (dvs. rosaries, k\u00f6ksutrustning, f\u00f6delse, upps\u00e4ttningar, p\u00e4rlor)penn\u00e4mnen sniderier, plattor, block,&r\u00e5 lager i standard och anpassade dimensioner.","breadcrumb":{"@id":"https:\/\/old.holyland-olivewood.com\/sv\/handicrafts\/#breadcrumb"},"inLanguage":"sv-SE","potentialAction":[{"@type":"ReadAction","target":["https:\/\/old.holyland-olivewood.com\/sv\/handicrafts\/"]}]},{"@type":"BreadcrumbList","@id":"https:\/\/old.holyland-olivewood.com\/sv\/handicrafts\/#breadcrumb","itemListElement":[{"@type":"ListItem","position":1,"name":"Home","item":"https:\/\/old.holyland-olivewood.com\/sv\/"},{"@type":"ListItem","position":2,"name":"Hantverk"}]},{"@type":"WebSite","@id":"https:\/\/old.holyland-olivewood.com\/sv\/#website","url":"https:\/\/old.holyland-olivewood.com\/sv\/","name":"Holy Land Olive Wood - Bethlehem Olive Wood Factory","description":"Holy Land Olivewood Bethlehem","publisher":{"@id":"https:\/\/old.holyland-olivewood.com\/sv\/#organization"},"potentialAction":[{"@type":"SearchAction","target":{"@type":"EntryPoint","urlTemplate":"https:\/\/old.holyland-olivewood.com\/sv\/?s={search_term_string}"},"query-input":{"@type":"PropertyValueSpecification","valueRequired":true,"valueName":"search_term_string"}}],"inLanguage":"sv-SE"},{"@type":"Organization","@id":"https:\/\/old.holyland-olivewood.com\/sv\/#organization","name":"Holy Land Olivewood","url":"https:\/\/old.holyland-olivewood.com\/sv\/","logo":{"@type":"ImageObject","inLanguage":"sv-SE","@id":"https:\/\/old.holyland-olivewood.com\/sv\/#\/schema\/logo\/image\/","url":"","contentUrl":"","caption":"Holy Land Olivewood"},"image":{"@id":"https:\/\/old.holyland-olivewood.com\/sv\/#\/schema\/logo\/image\/"},"sameAs":["https:\/\/www.facebook.com\/holylandolivewood.bethlehem\/","http:\/\/instagram.com\/holy.land.olive.wood"]}]}},"_links":{"self":[{"href":"https:\/\/old.holyland-olivewood.com\/sv\/wp-json\/wp\/v2\/pages\/48044","targetHints":{"allow":["GET"]}}],"collection":[{"href":"https:\/\/old.holyland-olivewood.com\/sv\/wp-json\/wp\/v2\/pages"}],"about":[{"href":"https:\/\/old.holyland-olivewood.com\/sv\/wp-json\/wp\/v2\/types\/page"}],"author":[{"embeddable":true,"href":"https:\/\/old.holyland-olivewood.com\/sv\/wp-json\/wp\/v2\/users\/1"}],"replies":[{"embeddable":true,"href":"https:\/\/old.holyland-olivewood.com\/sv\/wp-json\/wp\/v2\/comments?post=48044"}],"version-history":[{"count":0,"href":"https:\/\/old.holyland-olivewood.com\/sv\/wp-json\/wp\/v2\/pages\/48044\/revisions"}],"wp:attachment":[{"href":"https:\/\/old.holyland-olivewood.com\/sv\/wp-json\/wp\/v2\/media?parent=48044"}],"curies":[{"name":"wp","href":"https:\/\/api.w.org\/{rel}","templated":true}]}}