{"id":47816,"date":"2018-08-28T17:26:59","date_gmt":"2018-08-28T17:26:59","guid":{"rendered":"https:\/\/old.holyland-olivewood.com\/logs-blocks-slabs-blanks\/"},"modified":"2022-02-13T21:34:10","modified_gmt":"2022-02-13T21:34:10","slug":"logs-blocks-slabs-blanks","status":"publish","type":"page","link":"https:\/\/old.holyland-olivewood.com\/sv\/logs-blocks-slabs-blanks\/","title":{"rendered":"Stockar, block, plattor och blanka"},"content":{"rendered":"<p>[spb_row element_name=&#8221;Row&#8221; wrap_type=&#8221;standard-width&#8221; row_bg_type=&#8221;color&#8221; row_bg_color=&#8221;#ffffff&#8221; color_row_height=&#8221;content-height&#8221; bg_type=&#8221;cover&#8221; parallax_image_height=&#8221;content-height&#8221; parallax_image_movement=&#8221;fixed&#8221; parallax_image_speed=&#8221;standard&#8221; bg_video_loop=&#8221;yes&#8221; parallax_video_height=&#8221;window-height&#8221; row_top_style=&#8221;none&#8221; row_bottom_style=&#8221;none&#8221; parallax_video_overlay=&#8221;none&#8221; row_overlay_opacity=&#8221;0&#8243; remove_element_spacing=&#8221;yes&#8221; row_col_spacing=&#8221;0&#8243; row_col_pos=&#8221;default&#8221; row_col_equal_heights=&#8221;no&#8221; row_expanding=&#8221;no&#8221; row_animation=&#8221;none&#8221; row_animation_delay=&#8221;0&#8243; minimize_row=&#8221;no&#8221; simplified_controls=&#8221;yes&#8221; custom_css_percentage=&#8221;no&#8221; custom_css=&#8221;margin-top: 0px;margin-bottom: 0px;&#8221; border_styling_global=&#8221;default&#8221; width=&#8221;1\/1&#8243; el_position=&#8221;first last&#8221;] [spb_blank_spacer height=&#8221;30px&#8221; width=&#8221;1\/6&#8243; el_position=&#8221;first&#8221;] [spb_text_block animation=&#8221;none&#8221; animation_delay=&#8221;200&#8243; simplified_controls=&#8221;yes&#8221; custom_css_percentage=&#8221;no&#8221; padding_vertical=&#8221;12&#8243; padding_horizontal=&#8221;0&#8243; margin_vertical=&#8221;0&#8243; custom_css=&#8221;margin-top: 0px;margin-bottom: 0px;padding-top: 12px;padding-bottom: 12px;&#8221; border_size=&#8221;0&#8243; border_styling_global=&#8221;default&#8221; el_class=&#8221;pb0&#8243; width=&#8221;2\/3&#8243;]<\/p>\n<p><a href=\"https:\/\/old.holyland-olivewood.com\/sv\/\">Holy Land Olivewood<\/a> sk\u00e4r och lagerf\u00f6r en m\u00e4ngd olika <a href=\"https:\/\/old.holyland-olivewood.com\/sv\/product-category\/loggar\/\">stockar<\/a>, <a href=\"https:\/\/old.holyland-olivewood.com\/sv\/product-category\/block\/\">block<\/a>, <a href=\"https:\/\/old.holyland-olivewood.com\/sv\/product-category\/plattor\/\">plattor<\/a>, <a href=\"https:\/\/old.holyland-olivewood.com\/sv\/product-category\/skal-tomma\/\">sk\u00e5l\u00e4mnen<\/a> och <a href=\"https:\/\/old.holyland-olivewood.com\/sv\/product-category\/pennamnen\/\">penn\u00e4mnen<\/a> f\u00f6r hantverkare som f\u00f6rs\u00f6ker skapa sina egna <a href=\"https:\/\/old.holyland-olivewood.com\/handicrafts\/\">hantverk<\/a> med v\u00e5r uts\u00f6kta <a href=\"https:\/\/old.holyland-olivewood.com\/sv\/olivewood\/\">olivtr\u00e4<\/a>. Dessutom har allt v\u00e5rt <a href=\"https:\/\/old.holyland-olivewood.com\/sv\/olivewood\/\">olivtr\u00e4<\/a> lufttorkats i tre \u00e5r f\u00f6re bearbetning f\u00f6r att s\u00e4kerst\u00e4lla att din produkt inte kommer att ha n\u00e5gra sprickor, warpage eller andra defekter. Om du beh\u00f6ver <a href=\"https:\/\/old.holyland-olivewood.com\/sv\/product-category\/loggar\/\">stockar<\/a>, <a href=\"https:\/\/old.holyland-olivewood.com\/sv\/product-category\/block\/\">block<\/a>, <a href=\"https:\/\/old.holyland-olivewood.com\/sv\/product-category\/plattor\/\">plattor<\/a>, <a href=\"https:\/\/old.holyland-olivewood.com\/sv\/product-category\/skal-tomma\/\">sk\u00e5l\u00e4mnen<\/a> och <a href=\"https:\/\/old.holyland-olivewood.com\/sv\/product-category\/pennamnen\/\">penn\u00e4mnen<\/a> med m\u00e5tt som inte finns tillg\u00e4ngliga p\u00e5 v\u00e5r <a href=\"https:\/\/old.holyland-olivewood.com\/sv\/\">webbplats<\/a>, v\u00e4nligen <a href=\"https:\/\/old.holyland-olivewood.com\/sv\/contact\/\">kontakta<\/a> oss, s\u00e5 ger vi dig en offert f\u00f6r det beg\u00e4rda objektet.<\/p>\n<p>Dessutom, om du \u00e4r en tillverkare som f\u00f6rs\u00f6ker outsourca produktion, kan vi producera praktiskt taget allt av olivtr\u00e4 enligt dina specifikationer, och vi erbjuder mycket konkurrenskraftiga priser f\u00f6r b\u00e5de enskilda och bulk best\u00e4llningar.<\/p>\n<p>[\/spb_text_block] [spb_blank_spacer height=&#8221;30px&#8221; width=&#8221;1\/6&#8243; el_position=&#8221;last&#8221;] [\/spb_row]<\/p>\n","protected":false},"excerpt":{"rendered":"<p>[spb_row element_name=&#8221;Row&#8221; wrap_type=&#8221;standard-width&#8221; row_bg_type=&#8221;color&#8221; row_bg_color=&#8221;#ffffff&#8221; color_row_height=&#8221;content-height&#8221; bg_type=&#8221;cover&#8221; parallax_image_height=&#8221;content-height&#8221; parallax_image_movement=&#8221;fixed&#8221; parallax_image_speed=&#8221;standard&#8221; bg_video_loop=&#8221;yes&#8221; parallax_video_height=&#8221;window-height&#8221; row_top_style=&#8221;none&#8221; row_bottom_style=&#8221;none&#8221; parallax_video_overlay=&#8221;none&#8221; row_overlay_opacity=&#8221;0&#8243; remove_element_spacing=&#8221;yes&#8221; row_col_spacing=&#8221;0&#8243; row_col_pos=&#8221;default&#8221; row_col_equal_heights=&#8221;no&#8221; row_expanding=&#8221;no&#8221; row_animation=&#8221;none&#8221; row_animation_delay=&#8221;0&#8243; minimize_row=&#8221;no&#8221; simplified_controls=&#8221;yes&#8221; custom_css_percentage=&#8221;no&#8221; custom_css=&#8221;margin-top: 0px;margin-bottom: 0px;&#8221; border_styling_global=&#8221;default&#8221; width=&#8221;1\/1&#8243; el_position=&#8221;first last&#8221;] [spb_blank_spacer height=&#8221;30px&#8221; width=&#8221;1\/6&#8243; el_position=&#8221;first&#8221;] [spb_text_block animation=&#8221;none&#8221; animation_delay=&#8221;200&#8243; simplified_controls=&#8221;yes&#8221; custom_css_percentage=&#8221;no&#8221; padding_vertical=&#8221;12&#8243; padding_horizontal=&#8221;0&#8243; margin_vertical=&#8221;0&#8243; custom_css=&#8221;margin-top: 0px;margin-bottom: 0px;padding-top: 12px;padding-bottom: 12px;&#8221; border_size=&#8221;0&#8243; border_styling_global=&#8221;default&#8221; el_class=&#8221;pb0&#8243; width=&#8221;2\/3&#8243;] Holy Land Olivewood sk\u00e4r och lagerf\u00f6r [&hellip;]<\/p>\n","protected":false},"author":1,"featured_media":0,"parent":0,"menu_order":0,"comment_status":"closed","ping_status":"closed","template":"","meta":{"footnotes":""},"class_list":["post-47816","page","type-page","status-publish","hentry"],"yoast_head":"<!-- This site is optimized with the Yoast SEO plugin v24.8.1 - https:\/\/yoast.com\/wordpress\/plugins\/seo\/ -->\n<title>Stockar, block, plattor och blanka - Holy Land Olive Wood - Bethlehem Olive Wood Factory<\/title>\n<meta name=\"robots\" content=\"index, follow, max-snippet:-1, max-image-preview:large, max-video-preview:-1\" \/>\n<link rel=\"canonical\" href=\"https:\/\/old.holyland-olivewood.com\/sv\/logs-blocks-slabs-blanks\/\" \/>\n<meta property=\"og:locale\" content=\"sv_SE\" \/>\n<meta property=\"og:type\" content=\"article\" \/>\n<meta property=\"og:title\" content=\"Stockar, block, plattor och blanka - Holy Land Olive Wood - Bethlehem Olive Wood Factory\" \/>\n<meta property=\"og:description\" content=\"[spb_row element_name=&#8221;Row&#8221; wrap_type=&#8221;standard-width&#8221; row_bg_type=&#8221;color&#8221; row_bg_color=&#8221;#ffffff&#8221; color_row_height=&#8221;content-height&#8221; bg_type=&#8221;cover&#8221; parallax_image_height=&#8221;content-height&#8221; parallax_image_movement=&#8221;fixed&#8221; parallax_image_speed=&#8221;standard&#8221; bg_video_loop=&#8221;yes&#8221; parallax_video_height=&#8221;window-height&#8221; row_top_style=&#8221;none&#8221; row_bottom_style=&#8221;none&#8221; parallax_video_overlay=&#8221;none&#8221; row_overlay_opacity=&#8221;0&#8243; remove_element_spacing=&#8221;yes&#8221; row_col_spacing=&#8221;0&#8243; row_col_pos=&#8221;default&#8221; row_col_equal_heights=&#8221;no&#8221; row_expanding=&#8221;no&#8221; row_animation=&#8221;none&#8221; row_animation_delay=&#8221;0&#8243; minimize_row=&#8221;no&#8221; simplified_controls=&#8221;yes&#8221; custom_css_percentage=&#8221;no&#8221; custom_css=&#8221;margin-top: 0px;margin-bottom: 0px;&#8221; border_styling_global=&#8221;default&#8221; width=&#8221;1\/1&#8243; el_position=&#8221;first last&#8221;] [spb_blank_spacer height=&#8221;30px&#8221; width=&#8221;1\/6&#8243; el_position=&#8221;first&#8221;] [spb_text_block animation=&#8221;none&#8221; animation_delay=&#8221;200&#8243; simplified_controls=&#8221;yes&#8221; custom_css_percentage=&#8221;no&#8221; padding_vertical=&#8221;12&#8243; padding_horizontal=&#8221;0&#8243; margin_vertical=&#8221;0&#8243; custom_css=&#8221;margin-top: 0px;margin-bottom: 0px;padding-top: 12px;padding-bottom: 12px;&#8221; border_size=&#8221;0&#8243; border_styling_global=&#8221;default&#8221; el_class=&#8221;pb0&#8243; width=&#8221;2\/3&#8243;] Holy Land Olivewood sk\u00e4r och lagerf\u00f6r [&hellip;]\" \/>\n<meta property=\"og:url\" content=\"https:\/\/old.holyland-olivewood.com\/sv\/logs-blocks-slabs-blanks\/\" \/>\n<meta property=\"og:site_name\" content=\"Holy Land Olive Wood - Bethlehem Olive Wood Factory\" \/>\n<meta property=\"article:publisher\" content=\"https:\/\/www.facebook.com\/holylandolivewood.bethlehem\/\" \/>\n<meta property=\"article:modified_time\" content=\"2022-02-13T21:34:10+00:00\" \/>\n<meta name=\"twitter:card\" content=\"summary_large_image\" \/>\n<meta name=\"twitter:label1\" content=\"Ber\u00e4knad l\u00e4stid\" \/>\n\t<meta name=\"twitter:data1\" content=\"2 minuter\" \/>\n<script type=\"application\/ld+json\" class=\"yoast-schema-graph\">{\"@context\":\"https:\/\/schema.org\",\"@graph\":[{\"@type\":\"WebPage\",\"@id\":\"https:\/\/old.holyland-olivewood.com\/sv\/logs-blocks-slabs-blanks\/\",\"url\":\"https:\/\/old.holyland-olivewood.com\/sv\/logs-blocks-slabs-blanks\/\",\"name\":\"Stockar, block, plattor och blanka - Holy Land Olive Wood - Bethlehem Olive Wood Factory\",\"isPartOf\":{\"@id\":\"https:\/\/old.holyland-olivewood.com\/sv\/#website\"},\"datePublished\":\"2018-08-28T17:26:59+00:00\",\"dateModified\":\"2022-02-13T21:34:10+00:00\",\"breadcrumb\":{\"@id\":\"https:\/\/old.holyland-olivewood.com\/sv\/logs-blocks-slabs-blanks\/#breadcrumb\"},\"inLanguage\":\"sv-SE\",\"potentialAction\":[{\"@type\":\"ReadAction\",\"target\":[\"https:\/\/old.holyland-olivewood.com\/sv\/logs-blocks-slabs-blanks\/\"]}]},{\"@type\":\"BreadcrumbList\",\"@id\":\"https:\/\/old.holyland-olivewood.com\/sv\/logs-blocks-slabs-blanks\/#breadcrumb\",\"itemListElement\":[{\"@type\":\"ListItem\",\"position\":1,\"name\":\"Home\",\"item\":\"https:\/\/old.holyland-olivewood.com\/sv\/\"},{\"@type\":\"ListItem\",\"position\":2,\"name\":\"Stockar, block, plattor och blanka\"}]},{\"@type\":\"WebSite\",\"@id\":\"https:\/\/old.holyland-olivewood.com\/sv\/#website\",\"url\":\"https:\/\/old.holyland-olivewood.com\/sv\/\",\"name\":\"Holy Land Olive Wood - Bethlehem Olive Wood Factory\",\"description\":\"Holy Land Olivewood Bethlehem\",\"publisher\":{\"@id\":\"https:\/\/old.holyland-olivewood.com\/sv\/#organization\"},\"potentialAction\":[{\"@type\":\"SearchAction\",\"target\":{\"@type\":\"EntryPoint\",\"urlTemplate\":\"https:\/\/old.holyland-olivewood.com\/sv\/?s={search_term_string}\"},\"query-input\":{\"@type\":\"PropertyValueSpecification\",\"valueRequired\":true,\"valueName\":\"search_term_string\"}}],\"inLanguage\":\"sv-SE\"},{\"@type\":\"Organization\",\"@id\":\"https:\/\/old.holyland-olivewood.com\/sv\/#organization\",\"name\":\"Holy Land Olivewood\",\"url\":\"https:\/\/old.holyland-olivewood.com\/sv\/\",\"logo\":{\"@type\":\"ImageObject\",\"inLanguage\":\"sv-SE\",\"@id\":\"https:\/\/old.holyland-olivewood.com\/sv\/#\/schema\/logo\/image\/\",\"url\":\"\",\"contentUrl\":\"\",\"caption\":\"Holy Land Olivewood\"},\"image\":{\"@id\":\"https:\/\/old.holyland-olivewood.com\/sv\/#\/schema\/logo\/image\/\"},\"sameAs\":[\"https:\/\/www.facebook.com\/holylandolivewood.bethlehem\/\",\"http:\/\/instagram.com\/holy.land.olive.wood\"]}]}<\/script>\n<!-- \/ Yoast SEO plugin. -->","yoast_head_json":{"title":"Stockar, block, plattor och blanka - Holy Land Olive Wood - Bethlehem Olive Wood Factory","robots":{"index":"index","follow":"follow","max-snippet":"max-snippet:-1","max-image-preview":"max-image-preview:large","max-video-preview":"max-video-preview:-1"},"canonical":"https:\/\/old.holyland-olivewood.com\/sv\/logs-blocks-slabs-blanks\/","og_locale":"sv_SE","og_type":"article","og_title":"Stockar, block, plattor och blanka - Holy Land Olive Wood - Bethlehem Olive Wood Factory","og_description":"[spb_row element_name=&#8221;Row&#8221; wrap_type=&#8221;standard-width&#8221; row_bg_type=&#8221;color&#8221; row_bg_color=&#8221;#ffffff&#8221; color_row_height=&#8221;content-height&#8221; bg_type=&#8221;cover&#8221; parallax_image_height=&#8221;content-height&#8221; parallax_image_movement=&#8221;fixed&#8221; parallax_image_speed=&#8221;standard&#8221; bg_video_loop=&#8221;yes&#8221; parallax_video_height=&#8221;window-height&#8221; row_top_style=&#8221;none&#8221; row_bottom_style=&#8221;none&#8221; parallax_video_overlay=&#8221;none&#8221; row_overlay_opacity=&#8221;0&#8243; remove_element_spacing=&#8221;yes&#8221; row_col_spacing=&#8221;0&#8243; row_col_pos=&#8221;default&#8221; row_col_equal_heights=&#8221;no&#8221; row_expanding=&#8221;no&#8221; row_animation=&#8221;none&#8221; row_animation_delay=&#8221;0&#8243; minimize_row=&#8221;no&#8221; simplified_controls=&#8221;yes&#8221; custom_css_percentage=&#8221;no&#8221; custom_css=&#8221;margin-top: 0px;margin-bottom: 0px;&#8221; border_styling_global=&#8221;default&#8221; width=&#8221;1\/1&#8243; el_position=&#8221;first last&#8221;] [spb_blank_spacer height=&#8221;30px&#8221; width=&#8221;1\/6&#8243; el_position=&#8221;first&#8221;] [spb_text_block animation=&#8221;none&#8221; animation_delay=&#8221;200&#8243; simplified_controls=&#8221;yes&#8221; custom_css_percentage=&#8221;no&#8221; padding_vertical=&#8221;12&#8243; padding_horizontal=&#8221;0&#8243; margin_vertical=&#8221;0&#8243; custom_css=&#8221;margin-top: 0px;margin-bottom: 0px;padding-top: 12px;padding-bottom: 12px;&#8221; border_size=&#8221;0&#8243; border_styling_global=&#8221;default&#8221; el_class=&#8221;pb0&#8243; width=&#8221;2\/3&#8243;] Holy Land Olivewood sk\u00e4r och lagerf\u00f6r [&hellip;]","og_url":"https:\/\/old.holyland-olivewood.com\/sv\/logs-blocks-slabs-blanks\/","og_site_name":"Holy Land Olive Wood - Bethlehem Olive Wood Factory","article_publisher":"https:\/\/www.facebook.com\/holylandolivewood.bethlehem\/","article_modified_time":"2022-02-13T21:34:10+00:00","twitter_card":"summary_large_image","twitter_misc":{"Ber\u00e4knad l\u00e4stid":"2 minuter"},"schema":{"@context":"https:\/\/schema.org","@graph":[{"@type":"WebPage","@id":"https:\/\/old.holyland-olivewood.com\/sv\/logs-blocks-slabs-blanks\/","url":"https:\/\/old.holyland-olivewood.com\/sv\/logs-blocks-slabs-blanks\/","name":"Stockar, block, plattor och blanka - Holy Land Olive Wood - Bethlehem Olive Wood Factory","isPartOf":{"@id":"https:\/\/old.holyland-olivewood.com\/sv\/#website"},"datePublished":"2018-08-28T17:26:59+00:00","dateModified":"2022-02-13T21:34:10+00:00","breadcrumb":{"@id":"https:\/\/old.holyland-olivewood.com\/sv\/logs-blocks-slabs-blanks\/#breadcrumb"},"inLanguage":"sv-SE","potentialAction":[{"@type":"ReadAction","target":["https:\/\/old.holyland-olivewood.com\/sv\/logs-blocks-slabs-blanks\/"]}]},{"@type":"BreadcrumbList","@id":"https:\/\/old.holyland-olivewood.com\/sv\/logs-blocks-slabs-blanks\/#breadcrumb","itemListElement":[{"@type":"ListItem","position":1,"name":"Home","item":"https:\/\/old.holyland-olivewood.com\/sv\/"},{"@type":"ListItem","position":2,"name":"Stockar, block, plattor och blanka"}]},{"@type":"WebSite","@id":"https:\/\/old.holyland-olivewood.com\/sv\/#website","url":"https:\/\/old.holyland-olivewood.com\/sv\/","name":"Holy Land Olive Wood - Bethlehem Olive Wood Factory","description":"Holy Land Olivewood Bethlehem","publisher":{"@id":"https:\/\/old.holyland-olivewood.com\/sv\/#organization"},"potentialAction":[{"@type":"SearchAction","target":{"@type":"EntryPoint","urlTemplate":"https:\/\/old.holyland-olivewood.com\/sv\/?s={search_term_string}"},"query-input":{"@type":"PropertyValueSpecification","valueRequired":true,"valueName":"search_term_string"}}],"inLanguage":"sv-SE"},{"@type":"Organization","@id":"https:\/\/old.holyland-olivewood.com\/sv\/#organization","name":"Holy Land Olivewood","url":"https:\/\/old.holyland-olivewood.com\/sv\/","logo":{"@type":"ImageObject","inLanguage":"sv-SE","@id":"https:\/\/old.holyland-olivewood.com\/sv\/#\/schema\/logo\/image\/","url":"","contentUrl":"","caption":"Holy Land Olivewood"},"image":{"@id":"https:\/\/old.holyland-olivewood.com\/sv\/#\/schema\/logo\/image\/"},"sameAs":["https:\/\/www.facebook.com\/holylandolivewood.bethlehem\/","http:\/\/instagram.com\/holy.land.olive.wood"]}]}},"_links":{"self":[{"href":"https:\/\/old.holyland-olivewood.com\/sv\/wp-json\/wp\/v2\/pages\/47816","targetHints":{"allow":["GET"]}}],"collection":[{"href":"https:\/\/old.holyland-olivewood.com\/sv\/wp-json\/wp\/v2\/pages"}],"about":[{"href":"https:\/\/old.holyland-olivewood.com\/sv\/wp-json\/wp\/v2\/types\/page"}],"author":[{"embeddable":true,"href":"https:\/\/old.holyland-olivewood.com\/sv\/wp-json\/wp\/v2\/users\/1"}],"replies":[{"embeddable":true,"href":"https:\/\/old.holyland-olivewood.com\/sv\/wp-json\/wp\/v2\/comments?post=47816"}],"version-history":[{"count":0,"href":"https:\/\/old.holyland-olivewood.com\/sv\/wp-json\/wp\/v2\/pages\/47816\/revisions"}],"wp:attachment":[{"href":"https:\/\/old.holyland-olivewood.com\/sv\/wp-json\/wp\/v2\/media?parent=47816"}],"curies":[{"name":"wp","href":"https:\/\/api.w.org\/{rel}","templated":true}]}}