{"id":56087,"date":"2024-10-17T08:24:09","date_gmt":"2024-10-18T13:54:31","guid":{"rendered":"https:\/\/old.holyland-olivewood.com\/product\/olivenkors-i-tre-med-hjerte-65-cm-cr176\/"},"modified":"2024-10-18T13:54:31","modified_gmt":"2024-10-18T13:54:31","slug":"olivenkors-i-tre-med-hjerte-65-cm-cr176","status":"publish","type":"product","link":"https:\/\/old.holyland-olivewood.com\/no\/produkt\/olivenkors-i-tre-med-hjerte-65-cm-cr176\/","title":{"rendered":"Olivenkors i tre med hjerte (6,5 CM) #CR176"},"content":{"rendered":"","protected":false},"excerpt":{"rendered":"<p>Dette vakkert h\u00e5ndsk\u00e5rne korset i oliventre har et fint utsk\u00e5ret hjerte i midten, som symboliserer kj\u00e6rlighet og tro. Korset er laget av autentisk oliventre fra Betlehem og er designet for \u00e5 holdes i h\u00e5nden, noe som gir tr\u00f8st under b\u00f8nn, meditasjon eller stunder med refleksjon. Det er ogs\u00e5 en meningsfull gave til dine kj\u00e6re.  <\/p>\n<p>Denne varen inkluderer et ekthetssertifikat som bekrefter materialene og teknikkene som er brukt til \u00e5 lage dette produktet.<\/p>\n<p>St\u00f8rrelse: 6,5 cm (2,5&#8243;)<\/p>\n","protected":false},"featured_media":56089,"template":"","meta":[],"product_brand":[],"product_cat":[1046,1042],"product_tag":[1049,4133,4132,4191,1141,1145,1131,4131],"class_list":{"0":"post-56087","1":"product","2":"type-product","3":"status-publish","4":"has-post-thumbnail","6":"product_cat-kunsthaandvaerk-no","7":"product_cat-kors-og-krucifikser-no","8":"product_tag-betlehem-no","9":"product_tag-comfort-cross-no","10":"product_tag-holder-kors-no","11":"product_tag-holder-kors-med-hjerte","12":"product_tag-kors-no","13":"product_tag-krucifiks-no","14":"product_tag-kunsthaandvaerk-no","15":"product_tag-oliventre","17":"first","18":"instock","19":"shipping-taxable","20":"purchasable","21":"product-type-simple"},"yoast_head":"<!-- This site is optimized with the Yoast SEO plugin v24.8.1 - https:\/\/yoast.com\/wordpress\/plugins\/seo\/ -->\n<title>Olivenkors i tre med hjerte (6,5 CM) #CR176 - Holy Land Olive Wood - Bethlehem Olive Wood Factory<\/title>\n<meta name=\"description\" content=\"H\u00e5ndsk\u00e5ret holderkors i oliventre med &quot;hjerte&quot;-design. Laget i Betlehem, perfekt til b\u00f8nn eller som en meningsfull gave. (6,5 cm \/ 2,5&quot;)\" \/>\n<meta name=\"robots\" content=\"index, follow, max-snippet:-1, max-image-preview:large, max-video-preview:-1\" \/>\n<link rel=\"canonical\" href=\"https:\/\/old.holyland-olivewood.com\/no\/produkt\/olivenkors-i-tre-med-hjerte-65-cm-cr176\/\" \/>\n<meta property=\"og:locale\" content=\"nb_NO\" \/>\n<meta property=\"og:type\" content=\"article\" \/>\n<meta property=\"og:title\" content=\"Olivenkors i tre med hjerte (6,5 CM) #CR176 - Holy Land Olive Wood - Bethlehem Olive Wood Factory\" \/>\n<meta property=\"og:description\" content=\"H\u00e5ndsk\u00e5ret holderkors i oliventre med &quot;hjerte&quot;-design. Laget i Betlehem, perfekt til b\u00f8nn eller som en meningsfull gave. (6,5 cm \/ 2,5&quot;)\" \/>\n<meta property=\"og:url\" content=\"https:\/\/old.holyland-olivewood.com\/no\/produkt\/olivenkors-i-tre-med-hjerte-65-cm-cr176\/\" \/>\n<meta property=\"og:site_name\" content=\"Holy Land Olive Wood - Bethlehem Olive Wood Factory\" \/>\n<meta property=\"article:publisher\" content=\"https:\/\/www.facebook.com\/holylandolivewood.bethlehem\/\" \/>\n<meta property=\"og:image\" content=\"https:\/\/old.holyland-olivewood.com\/wp-content\/uploads\/2024\/10\/olive-wood-comfort-holding-cross-bethlehem-cr176-1.jpg\" \/>\n\t<meta property=\"og:image:width\" content=\"1550\" \/>\n\t<meta property=\"og:image:height\" content=\"1200\" \/>\n\t<meta property=\"og:image:type\" content=\"image\/jpeg\" \/>\n<meta name=\"twitter:card\" content=\"summary_large_image\" \/>\n<script type=\"application\/ld+json\" class=\"yoast-schema-graph\">{\"@context\":\"https:\/\/schema.org\",\"@graph\":[{\"@type\":\"WebPage\",\"@id\":\"https:\/\/old.holyland-olivewood.com\/no\/produkt\/olivenkors-i-tre-med-hjerte-65-cm-cr176\/\",\"url\":\"https:\/\/old.holyland-olivewood.com\/no\/produkt\/olivenkors-i-tre-med-hjerte-65-cm-cr176\/\",\"name\":\"Olivenkors i tre med hjerte (6,5 CM) #CR176 - Holy Land Olive Wood - Bethlehem Olive Wood Factory\",\"isPartOf\":{\"@id\":\"https:\/\/old.holyland-olivewood.com\/no\/#website\"},\"primaryImageOfPage\":{\"@id\":\"https:\/\/old.holyland-olivewood.com\/no\/produkt\/olivenkors-i-tre-med-hjerte-65-cm-cr176\/#primaryimage\"},\"image\":{\"@id\":\"https:\/\/old.holyland-olivewood.com\/no\/produkt\/olivenkors-i-tre-med-hjerte-65-cm-cr176\/#primaryimage\"},\"thumbnailUrl\":\"https:\/\/old.holyland-olivewood.com\/wp-content\/uploads\/2024\/10\/olive-wood-comfort-holding-cross-bethlehem-cr176-1.jpg\",\"datePublished\":\"2024-10-18T13:54:31+00:00\",\"description\":\"H\u00e5ndsk\u00e5ret holderkors i oliventre med \\\"hjerte\\\"-design. Laget i Betlehem, perfekt til b\u00f8nn eller som en meningsfull gave. (6,5 cm \/ 2,5\\\")\",\"breadcrumb\":{\"@id\":\"https:\/\/old.holyland-olivewood.com\/no\/produkt\/olivenkors-i-tre-med-hjerte-65-cm-cr176\/#breadcrumb\"},\"inLanguage\":\"nb-NO\",\"potentialAction\":[{\"@type\":\"ReadAction\",\"target\":[\"https:\/\/old.holyland-olivewood.com\/no\/produkt\/olivenkors-i-tre-med-hjerte-65-cm-cr176\/\"]}]},{\"@type\":\"ImageObject\",\"inLanguage\":\"nb-NO\",\"@id\":\"https:\/\/old.holyland-olivewood.com\/no\/produkt\/olivenkors-i-tre-med-hjerte-65-cm-cr176\/#primaryimage\",\"url\":\"https:\/\/old.holyland-olivewood.com\/wp-content\/uploads\/2024\/10\/olive-wood-comfort-holding-cross-bethlehem-cr176-1.jpg\",\"contentUrl\":\"https:\/\/old.holyland-olivewood.com\/wp-content\/uploads\/2024\/10\/olive-wood-comfort-holding-cross-bethlehem-cr176-1.jpg\",\"width\":1550,\"height\":1200},{\"@type\":\"BreadcrumbList\",\"@id\":\"https:\/\/old.holyland-olivewood.com\/no\/produkt\/olivenkors-i-tre-med-hjerte-65-cm-cr176\/#breadcrumb\",\"itemListElement\":[{\"@type\":\"ListItem\",\"position\":1,\"name\":\"Home\",\"item\":\"https:\/\/old.holyland-olivewood.com\/no\/\"},{\"@type\":\"ListItem\",\"position\":2,\"name\":\"Shop\",\"item\":\"https:\/\/old.holyland-olivewood.com\/no\/shop\/\"},{\"@type\":\"ListItem\",\"position\":3,\"name\":\"Olivenkors i tre med hjerte (6,5 CM) #CR176\"}]},{\"@type\":\"WebSite\",\"@id\":\"https:\/\/old.holyland-olivewood.com\/no\/#website\",\"url\":\"https:\/\/old.holyland-olivewood.com\/no\/\",\"name\":\"Holy Land Olive Wood - Bethlehem Olive Wood Factory\",\"description\":\"Holy Land Olivewood Bethlehem\",\"publisher\":{\"@id\":\"https:\/\/old.holyland-olivewood.com\/no\/#organization\"},\"potentialAction\":[{\"@type\":\"SearchAction\",\"target\":{\"@type\":\"EntryPoint\",\"urlTemplate\":\"https:\/\/old.holyland-olivewood.com\/no\/?s={search_term_string}\"},\"query-input\":{\"@type\":\"PropertyValueSpecification\",\"valueRequired\":true,\"valueName\":\"search_term_string\"}}],\"inLanguage\":\"nb-NO\"},{\"@type\":\"Organization\",\"@id\":\"https:\/\/old.holyland-olivewood.com\/no\/#organization\",\"name\":\"Holy Land Olivewood\",\"url\":\"https:\/\/old.holyland-olivewood.com\/no\/\",\"logo\":{\"@type\":\"ImageObject\",\"inLanguage\":\"nb-NO\",\"@id\":\"https:\/\/old.holyland-olivewood.com\/no\/#\/schema\/logo\/image\/\",\"url\":\"\",\"contentUrl\":\"\",\"caption\":\"Holy Land Olivewood\"},\"image\":{\"@id\":\"https:\/\/old.holyland-olivewood.com\/no\/#\/schema\/logo\/image\/\"},\"sameAs\":[\"https:\/\/www.facebook.com\/holylandolivewood.bethlehem\/\",\"http:\/\/instagram.com\/holy.land.olive.wood\"]}]}<\/script>\n<!-- \/ Yoast SEO plugin. -->","yoast_head_json":{"title":"Olivenkors i tre med hjerte (6,5 CM) #CR176 - Holy Land Olive Wood - Bethlehem Olive Wood Factory","description":"H\u00e5ndsk\u00e5ret holderkors i oliventre med \"hjerte\"-design. Laget i Betlehem, perfekt til b\u00f8nn eller som en meningsfull gave. (6,5 cm \/ 2,5\")","robots":{"index":"index","follow":"follow","max-snippet":"max-snippet:-1","max-image-preview":"max-image-preview:large","max-video-preview":"max-video-preview:-1"},"canonical":"https:\/\/old.holyland-olivewood.com\/no\/produkt\/olivenkors-i-tre-med-hjerte-65-cm-cr176\/","og_locale":"nb_NO","og_type":"article","og_title":"Olivenkors i tre med hjerte (6,5 CM) #CR176 - Holy Land Olive Wood - Bethlehem Olive Wood Factory","og_description":"H\u00e5ndsk\u00e5ret holderkors i oliventre med \"hjerte\"-design. Laget i Betlehem, perfekt til b\u00f8nn eller som en meningsfull gave. (6,5 cm \/ 2,5\")","og_url":"https:\/\/old.holyland-olivewood.com\/no\/produkt\/olivenkors-i-tre-med-hjerte-65-cm-cr176\/","og_site_name":"Holy Land Olive Wood - Bethlehem Olive Wood Factory","article_publisher":"https:\/\/www.facebook.com\/holylandolivewood.bethlehem\/","og_image":[{"width":1550,"height":1200,"url":"https:\/\/old.holyland-olivewood.com\/wp-content\/uploads\/2024\/10\/olive-wood-comfort-holding-cross-bethlehem-cr176-1.jpg","type":"image\/jpeg"}],"twitter_card":"summary_large_image","schema":{"@context":"https:\/\/schema.org","@graph":[{"@type":"WebPage","@id":"https:\/\/old.holyland-olivewood.com\/no\/produkt\/olivenkors-i-tre-med-hjerte-65-cm-cr176\/","url":"https:\/\/old.holyland-olivewood.com\/no\/produkt\/olivenkors-i-tre-med-hjerte-65-cm-cr176\/","name":"Olivenkors i tre med hjerte (6,5 CM) #CR176 - Holy Land Olive Wood - Bethlehem Olive Wood Factory","isPartOf":{"@id":"https:\/\/old.holyland-olivewood.com\/no\/#website"},"primaryImageOfPage":{"@id":"https:\/\/old.holyland-olivewood.com\/no\/produkt\/olivenkors-i-tre-med-hjerte-65-cm-cr176\/#primaryimage"},"image":{"@id":"https:\/\/old.holyland-olivewood.com\/no\/produkt\/olivenkors-i-tre-med-hjerte-65-cm-cr176\/#primaryimage"},"thumbnailUrl":"https:\/\/old.holyland-olivewood.com\/wp-content\/uploads\/2024\/10\/olive-wood-comfort-holding-cross-bethlehem-cr176-1.jpg","datePublished":"2024-10-18T13:54:31+00:00","description":"H\u00e5ndsk\u00e5ret holderkors i oliventre med \"hjerte\"-design. Laget i Betlehem, perfekt til b\u00f8nn eller som en meningsfull gave. (6,5 cm \/ 2,5\")","breadcrumb":{"@id":"https:\/\/old.holyland-olivewood.com\/no\/produkt\/olivenkors-i-tre-med-hjerte-65-cm-cr176\/#breadcrumb"},"inLanguage":"nb-NO","potentialAction":[{"@type":"ReadAction","target":["https:\/\/old.holyland-olivewood.com\/no\/produkt\/olivenkors-i-tre-med-hjerte-65-cm-cr176\/"]}]},{"@type":"ImageObject","inLanguage":"nb-NO","@id":"https:\/\/old.holyland-olivewood.com\/no\/produkt\/olivenkors-i-tre-med-hjerte-65-cm-cr176\/#primaryimage","url":"https:\/\/old.holyland-olivewood.com\/wp-content\/uploads\/2024\/10\/olive-wood-comfort-holding-cross-bethlehem-cr176-1.jpg","contentUrl":"https:\/\/old.holyland-olivewood.com\/wp-content\/uploads\/2024\/10\/olive-wood-comfort-holding-cross-bethlehem-cr176-1.jpg","width":1550,"height":1200},{"@type":"BreadcrumbList","@id":"https:\/\/old.holyland-olivewood.com\/no\/produkt\/olivenkors-i-tre-med-hjerte-65-cm-cr176\/#breadcrumb","itemListElement":[{"@type":"ListItem","position":1,"name":"Home","item":"https:\/\/old.holyland-olivewood.com\/no\/"},{"@type":"ListItem","position":2,"name":"Shop","item":"https:\/\/old.holyland-olivewood.com\/no\/shop\/"},{"@type":"ListItem","position":3,"name":"Olivenkors i tre med hjerte (6,5 CM) #CR176"}]},{"@type":"WebSite","@id":"https:\/\/old.holyland-olivewood.com\/no\/#website","url":"https:\/\/old.holyland-olivewood.com\/no\/","name":"Holy Land Olive Wood - Bethlehem Olive Wood Factory","description":"Holy Land Olivewood Bethlehem","publisher":{"@id":"https:\/\/old.holyland-olivewood.com\/no\/#organization"},"potentialAction":[{"@type":"SearchAction","target":{"@type":"EntryPoint","urlTemplate":"https:\/\/old.holyland-olivewood.com\/no\/?s={search_term_string}"},"query-input":{"@type":"PropertyValueSpecification","valueRequired":true,"valueName":"search_term_string"}}],"inLanguage":"nb-NO"},{"@type":"Organization","@id":"https:\/\/old.holyland-olivewood.com\/no\/#organization","name":"Holy Land Olivewood","url":"https:\/\/old.holyland-olivewood.com\/no\/","logo":{"@type":"ImageObject","inLanguage":"nb-NO","@id":"https:\/\/old.holyland-olivewood.com\/no\/#\/schema\/logo\/image\/","url":"","contentUrl":"","caption":"Holy Land Olivewood"},"image":{"@id":"https:\/\/old.holyland-olivewood.com\/no\/#\/schema\/logo\/image\/"},"sameAs":["https:\/\/www.facebook.com\/holylandolivewood.bethlehem\/","http:\/\/instagram.com\/holy.land.olive.wood"]}]}},"_links":{"self":[{"href":"https:\/\/old.holyland-olivewood.com\/no\/wp-json\/wp\/v2\/product\/56087","targetHints":{"allow":["GET"]}}],"collection":[{"href":"https:\/\/old.holyland-olivewood.com\/no\/wp-json\/wp\/v2\/product"}],"about":[{"href":"https:\/\/old.holyland-olivewood.com\/no\/wp-json\/wp\/v2\/types\/product"}],"wp:featuredmedia":[{"embeddable":true,"href":"https:\/\/old.holyland-olivewood.com\/no\/wp-json\/wp\/v2\/media\/56089"}],"wp:attachment":[{"href":"https:\/\/old.holyland-olivewood.com\/no\/wp-json\/wp\/v2\/media?parent=56087"}],"wp:term":[{"taxonomy":"product_brand","embeddable":true,"href":"https:\/\/old.holyland-olivewood.com\/no\/wp-json\/wp\/v2\/product_brand?post=56087"},{"taxonomy":"product_cat","embeddable":true,"href":"https:\/\/old.holyland-olivewood.com\/no\/wp-json\/wp\/v2\/product_cat?post=56087"},{"taxonomy":"product_tag","embeddable":true,"href":"https:\/\/old.holyland-olivewood.com\/no\/wp-json\/wp\/v2\/product_tag?post=56087"}],"curies":[{"name":"wp","href":"https:\/\/api.w.org\/{rel}","templated":true}]}}