{"id":55883,"date":"2024-10-17T08:57:12","date_gmt":"2024-10-18T12:19:30","guid":{"rendered":"https:\/\/old.holyland-olivewood.com\/product\/handskaret-hengende-engel-i-oliventre-or121\/"},"modified":"2024-10-18T12:19:30","modified_gmt":"2024-10-18T12:19:30","slug":"handskaret-hengende-engel-i-oliventre-or121","status":"publish","type":"product","link":"https:\/\/old.holyland-olivewood.com\/no\/produkt\/handskaret-hengende-engel-i-oliventre-or121\/","title":{"rendered":"H\u00e5ndsk\u00e5ret hengende engel i oliventre #OR121"},"content":{"rendered":"","protected":false},"excerpt":{"rendered":"<p>Denne vakre hengende engelen er h\u00e5ndlaget av b\u00e6rekraftig h\u00f8stet, autentisk oliventre fra Betlehem. Med en lysende stjerne og en delikat krybbescene forteller denne pynten den tidl\u00f8se historien om den hellige familien, og symboliserer h\u00e5p og fred for alle. <\/p>\n<p>Denne varen inkluderer et ekthetssertifikat som bekrefter materialene og teknikkene som er brukt til \u00e5 lage dette produktet.<\/p>\n<p>St\u00f8rrelse: 7,5 cm (3&#8243;)<\/p>\n","protected":false},"featured_media":55884,"template":"","meta":[],"product_brand":[],"product_cat":[1046,2567],"product_tag":[1049,1771,1119,1141,1145,1131,4131,2572,2577],"class_list":{"0":"post-55883","1":"product","2":"type-product","3":"status-publish","4":"has-post-thumbnail","6":"product_cat-kunsthaandvaerk-no","7":"product_cat-ornamenter","8":"product_tag-betlehem-no","9":"product_tag-engel-no","10":"product_tag-jul-no","11":"product_tag-kors-no","12":"product_tag-krucifiks-no","13":"product_tag-kunsthaandvaerk-no","14":"product_tag-oliventre","15":"product_tag-ornament-no","16":"product_tag-ornamenter","18":"first","19":"instock","20":"shipping-taxable","21":"purchasable","22":"product-type-simple"},"yoast_head":"<!-- This site is optimized with the Yoast SEO plugin v24.8.1 - https:\/\/yoast.com\/wordpress\/plugins\/seo\/ -->\n<title>H\u00e5ndsk\u00e5ret hengende engel i oliventre #OR121 - Holy Land Olive Wood - Bethlehem Olive Wood Factory<\/title>\n<meta name=\"description\" content=\"H\u00e5ndsk\u00e5ret hengende engel i oliventre fra Betlehem. Et vakkert og meningsfylt tilskudd til juledekorasjonen din.\" \/>\n<meta name=\"robots\" content=\"index, follow, max-snippet:-1, max-image-preview:large, max-video-preview:-1\" \/>\n<link rel=\"canonical\" href=\"https:\/\/old.holyland-olivewood.com\/no\/produkt\/handskaret-hengende-engel-i-oliventre-or121\/\" \/>\n<meta property=\"og:locale\" content=\"nb_NO\" \/>\n<meta property=\"og:type\" content=\"article\" \/>\n<meta property=\"og:title\" content=\"H\u00e5ndsk\u00e5ret hengende engel i oliventre #OR121 - Holy Land Olive Wood - Bethlehem Olive Wood Factory\" \/>\n<meta property=\"og:description\" content=\"H\u00e5ndsk\u00e5ret hengende engel i oliventre fra Betlehem. Et vakkert og meningsfylt tilskudd til juledekorasjonen din.\" \/>\n<meta property=\"og:url\" content=\"https:\/\/old.holyland-olivewood.com\/no\/produkt\/handskaret-hengende-engel-i-oliventre-or121\/\" \/>\n<meta property=\"og:site_name\" content=\"Holy Land Olive Wood - Bethlehem Olive Wood Factory\" \/>\n<meta property=\"article:publisher\" content=\"https:\/\/www.facebook.com\/holylandolivewood.bethlehem\/\" \/>\n<meta property=\"og:image\" content=\"https:\/\/old.holyland-olivewood.com\/wp-content\/uploads\/2024\/10\/olive-wood-hanging-angel-christmas-ornament-or121.jpg\" \/>\n\t<meta property=\"og:image:width\" content=\"1550\" \/>\n\t<meta property=\"og:image:height\" content=\"1200\" \/>\n\t<meta property=\"og:image:type\" content=\"image\/jpeg\" \/>\n<meta name=\"twitter:card\" content=\"summary_large_image\" \/>\n<script type=\"application\/ld+json\" class=\"yoast-schema-graph\">{\"@context\":\"https:\/\/schema.org\",\"@graph\":[{\"@type\":\"WebPage\",\"@id\":\"https:\/\/old.holyland-olivewood.com\/no\/produkt\/handskaret-hengende-engel-i-oliventre-or121\/\",\"url\":\"https:\/\/old.holyland-olivewood.com\/no\/produkt\/handskaret-hengende-engel-i-oliventre-or121\/\",\"name\":\"H\u00e5ndsk\u00e5ret hengende engel i oliventre #OR121 - Holy Land Olive Wood - Bethlehem Olive Wood Factory\",\"isPartOf\":{\"@id\":\"https:\/\/old.holyland-olivewood.com\/no\/#website\"},\"primaryImageOfPage\":{\"@id\":\"https:\/\/old.holyland-olivewood.com\/no\/produkt\/handskaret-hengende-engel-i-oliventre-or121\/#primaryimage\"},\"image\":{\"@id\":\"https:\/\/old.holyland-olivewood.com\/no\/produkt\/handskaret-hengende-engel-i-oliventre-or121\/#primaryimage\"},\"thumbnailUrl\":\"https:\/\/old.holyland-olivewood.com\/wp-content\/uploads\/2024\/10\/olive-wood-hanging-angel-christmas-ornament-or121.jpg\",\"datePublished\":\"2024-10-18T12:19:30+00:00\",\"description\":\"H\u00e5ndsk\u00e5ret hengende engel i oliventre fra Betlehem. Et vakkert og meningsfylt tilskudd til juledekorasjonen din.\",\"breadcrumb\":{\"@id\":\"https:\/\/old.holyland-olivewood.com\/no\/produkt\/handskaret-hengende-engel-i-oliventre-or121\/#breadcrumb\"},\"inLanguage\":\"nb-NO\",\"potentialAction\":[{\"@type\":\"ReadAction\",\"target\":[\"https:\/\/old.holyland-olivewood.com\/no\/produkt\/handskaret-hengende-engel-i-oliventre-or121\/\"]}]},{\"@type\":\"ImageObject\",\"inLanguage\":\"nb-NO\",\"@id\":\"https:\/\/old.holyland-olivewood.com\/no\/produkt\/handskaret-hengende-engel-i-oliventre-or121\/#primaryimage\",\"url\":\"https:\/\/old.holyland-olivewood.com\/wp-content\/uploads\/2024\/10\/olive-wood-hanging-angel-christmas-ornament-or121.jpg\",\"contentUrl\":\"https:\/\/old.holyland-olivewood.com\/wp-content\/uploads\/2024\/10\/olive-wood-hanging-angel-christmas-ornament-or121.jpg\",\"width\":1550,\"height\":1200},{\"@type\":\"BreadcrumbList\",\"@id\":\"https:\/\/old.holyland-olivewood.com\/no\/produkt\/handskaret-hengende-engel-i-oliventre-or121\/#breadcrumb\",\"itemListElement\":[{\"@type\":\"ListItem\",\"position\":1,\"name\":\"Home\",\"item\":\"https:\/\/old.holyland-olivewood.com\/no\/\"},{\"@type\":\"ListItem\",\"position\":2,\"name\":\"Shop\",\"item\":\"https:\/\/old.holyland-olivewood.com\/no\/shop\/\"},{\"@type\":\"ListItem\",\"position\":3,\"name\":\"H\u00e5ndsk\u00e5ret hengende engel i oliventre #OR121\"}]},{\"@type\":\"WebSite\",\"@id\":\"https:\/\/old.holyland-olivewood.com\/no\/#website\",\"url\":\"https:\/\/old.holyland-olivewood.com\/no\/\",\"name\":\"Holy Land Olive Wood - Bethlehem Olive Wood Factory\",\"description\":\"Holy Land Olivewood Bethlehem\",\"publisher\":{\"@id\":\"https:\/\/old.holyland-olivewood.com\/no\/#organization\"},\"potentialAction\":[{\"@type\":\"SearchAction\",\"target\":{\"@type\":\"EntryPoint\",\"urlTemplate\":\"https:\/\/old.holyland-olivewood.com\/no\/?s={search_term_string}\"},\"query-input\":{\"@type\":\"PropertyValueSpecification\",\"valueRequired\":true,\"valueName\":\"search_term_string\"}}],\"inLanguage\":\"nb-NO\"},{\"@type\":\"Organization\",\"@id\":\"https:\/\/old.holyland-olivewood.com\/no\/#organization\",\"name\":\"Holy Land Olivewood\",\"url\":\"https:\/\/old.holyland-olivewood.com\/no\/\",\"logo\":{\"@type\":\"ImageObject\",\"inLanguage\":\"nb-NO\",\"@id\":\"https:\/\/old.holyland-olivewood.com\/no\/#\/schema\/logo\/image\/\",\"url\":\"\",\"contentUrl\":\"\",\"caption\":\"Holy Land Olivewood\"},\"image\":{\"@id\":\"https:\/\/old.holyland-olivewood.com\/no\/#\/schema\/logo\/image\/\"},\"sameAs\":[\"https:\/\/www.facebook.com\/holylandolivewood.bethlehem\/\",\"http:\/\/instagram.com\/holy.land.olive.wood\"]}]}<\/script>\n<!-- \/ Yoast SEO plugin. -->","yoast_head_json":{"title":"H\u00e5ndsk\u00e5ret hengende engel i oliventre #OR121 - Holy Land Olive Wood - Bethlehem Olive Wood Factory","description":"H\u00e5ndsk\u00e5ret hengende engel i oliventre fra Betlehem. Et vakkert og meningsfylt tilskudd til juledekorasjonen din.","robots":{"index":"index","follow":"follow","max-snippet":"max-snippet:-1","max-image-preview":"max-image-preview:large","max-video-preview":"max-video-preview:-1"},"canonical":"https:\/\/old.holyland-olivewood.com\/no\/produkt\/handskaret-hengende-engel-i-oliventre-or121\/","og_locale":"nb_NO","og_type":"article","og_title":"H\u00e5ndsk\u00e5ret hengende engel i oliventre #OR121 - Holy Land Olive Wood - Bethlehem Olive Wood Factory","og_description":"H\u00e5ndsk\u00e5ret hengende engel i oliventre fra Betlehem. Et vakkert og meningsfylt tilskudd til juledekorasjonen din.","og_url":"https:\/\/old.holyland-olivewood.com\/no\/produkt\/handskaret-hengende-engel-i-oliventre-or121\/","og_site_name":"Holy Land Olive Wood - Bethlehem Olive Wood Factory","article_publisher":"https:\/\/www.facebook.com\/holylandolivewood.bethlehem\/","og_image":[{"width":1550,"height":1200,"url":"https:\/\/old.holyland-olivewood.com\/wp-content\/uploads\/2024\/10\/olive-wood-hanging-angel-christmas-ornament-or121.jpg","type":"image\/jpeg"}],"twitter_card":"summary_large_image","schema":{"@context":"https:\/\/schema.org","@graph":[{"@type":"WebPage","@id":"https:\/\/old.holyland-olivewood.com\/no\/produkt\/handskaret-hengende-engel-i-oliventre-or121\/","url":"https:\/\/old.holyland-olivewood.com\/no\/produkt\/handskaret-hengende-engel-i-oliventre-or121\/","name":"H\u00e5ndsk\u00e5ret hengende engel i oliventre #OR121 - Holy Land Olive Wood - Bethlehem Olive Wood Factory","isPartOf":{"@id":"https:\/\/old.holyland-olivewood.com\/no\/#website"},"primaryImageOfPage":{"@id":"https:\/\/old.holyland-olivewood.com\/no\/produkt\/handskaret-hengende-engel-i-oliventre-or121\/#primaryimage"},"image":{"@id":"https:\/\/old.holyland-olivewood.com\/no\/produkt\/handskaret-hengende-engel-i-oliventre-or121\/#primaryimage"},"thumbnailUrl":"https:\/\/old.holyland-olivewood.com\/wp-content\/uploads\/2024\/10\/olive-wood-hanging-angel-christmas-ornament-or121.jpg","datePublished":"2024-10-18T12:19:30+00:00","description":"H\u00e5ndsk\u00e5ret hengende engel i oliventre fra Betlehem. Et vakkert og meningsfylt tilskudd til juledekorasjonen din.","breadcrumb":{"@id":"https:\/\/old.holyland-olivewood.com\/no\/produkt\/handskaret-hengende-engel-i-oliventre-or121\/#breadcrumb"},"inLanguage":"nb-NO","potentialAction":[{"@type":"ReadAction","target":["https:\/\/old.holyland-olivewood.com\/no\/produkt\/handskaret-hengende-engel-i-oliventre-or121\/"]}]},{"@type":"ImageObject","inLanguage":"nb-NO","@id":"https:\/\/old.holyland-olivewood.com\/no\/produkt\/handskaret-hengende-engel-i-oliventre-or121\/#primaryimage","url":"https:\/\/old.holyland-olivewood.com\/wp-content\/uploads\/2024\/10\/olive-wood-hanging-angel-christmas-ornament-or121.jpg","contentUrl":"https:\/\/old.holyland-olivewood.com\/wp-content\/uploads\/2024\/10\/olive-wood-hanging-angel-christmas-ornament-or121.jpg","width":1550,"height":1200},{"@type":"BreadcrumbList","@id":"https:\/\/old.holyland-olivewood.com\/no\/produkt\/handskaret-hengende-engel-i-oliventre-or121\/#breadcrumb","itemListElement":[{"@type":"ListItem","position":1,"name":"Home","item":"https:\/\/old.holyland-olivewood.com\/no\/"},{"@type":"ListItem","position":2,"name":"Shop","item":"https:\/\/old.holyland-olivewood.com\/no\/shop\/"},{"@type":"ListItem","position":3,"name":"H\u00e5ndsk\u00e5ret hengende engel i oliventre #OR121"}]},{"@type":"WebSite","@id":"https:\/\/old.holyland-olivewood.com\/no\/#website","url":"https:\/\/old.holyland-olivewood.com\/no\/","name":"Holy Land Olive Wood - Bethlehem Olive Wood Factory","description":"Holy Land Olivewood Bethlehem","publisher":{"@id":"https:\/\/old.holyland-olivewood.com\/no\/#organization"},"potentialAction":[{"@type":"SearchAction","target":{"@type":"EntryPoint","urlTemplate":"https:\/\/old.holyland-olivewood.com\/no\/?s={search_term_string}"},"query-input":{"@type":"PropertyValueSpecification","valueRequired":true,"valueName":"search_term_string"}}],"inLanguage":"nb-NO"},{"@type":"Organization","@id":"https:\/\/old.holyland-olivewood.com\/no\/#organization","name":"Holy Land Olivewood","url":"https:\/\/old.holyland-olivewood.com\/no\/","logo":{"@type":"ImageObject","inLanguage":"nb-NO","@id":"https:\/\/old.holyland-olivewood.com\/no\/#\/schema\/logo\/image\/","url":"","contentUrl":"","caption":"Holy Land Olivewood"},"image":{"@id":"https:\/\/old.holyland-olivewood.com\/no\/#\/schema\/logo\/image\/"},"sameAs":["https:\/\/www.facebook.com\/holylandolivewood.bethlehem\/","http:\/\/instagram.com\/holy.land.olive.wood"]}]}},"_links":{"self":[{"href":"https:\/\/old.holyland-olivewood.com\/no\/wp-json\/wp\/v2\/product\/55883","targetHints":{"allow":["GET"]}}],"collection":[{"href":"https:\/\/old.holyland-olivewood.com\/no\/wp-json\/wp\/v2\/product"}],"about":[{"href":"https:\/\/old.holyland-olivewood.com\/no\/wp-json\/wp\/v2\/types\/product"}],"wp:featuredmedia":[{"embeddable":true,"href":"https:\/\/old.holyland-olivewood.com\/no\/wp-json\/wp\/v2\/media\/55884"}],"wp:attachment":[{"href":"https:\/\/old.holyland-olivewood.com\/no\/wp-json\/wp\/v2\/media?parent=55883"}],"wp:term":[{"taxonomy":"product_brand","embeddable":true,"href":"https:\/\/old.holyland-olivewood.com\/no\/wp-json\/wp\/v2\/product_brand?post=55883"},{"taxonomy":"product_cat","embeddable":true,"href":"https:\/\/old.holyland-olivewood.com\/no\/wp-json\/wp\/v2\/product_cat?post=55883"},{"taxonomy":"product_tag","embeddable":true,"href":"https:\/\/old.holyland-olivewood.com\/no\/wp-json\/wp\/v2\/product_tag?post=55883"}],"curies":[{"name":"wp","href":"https:\/\/api.w.org\/{rel}","templated":true}]}}