{"id":55555,"date":"2024-10-17T10:59:34","date_gmt":"2024-10-17T17:18:23","guid":{"rendered":"https:\/\/old.holyland-olivewood.com\/product\/jomfru-maria-oliven-treskulptur-betlehem-kunsthandverk-fi138\/"},"modified":"2024-10-17T17:18:23","modified_gmt":"2024-10-17T17:18:23","slug":"jomfru-maria-oliven-treskulptur-betlehem-kunsthandverk-fi138","status":"publish","type":"product","link":"https:\/\/old.holyland-olivewood.com\/no\/produkt\/jomfru-maria-oliven-treskulptur-betlehem-kunsthandverk-fi138\/","title":{"rendered":"Jomfru Maria oliven treskulptur Betlehem kunsth\u00e5ndverk #FI138"},"content":{"rendered":"","protected":false},"excerpt":{"rendered":"<p>Denne vakre, h\u00e5ndsk\u00e5rne Jomfru Maria-skulpturen er laget av ekte oliventre i Betlehem i Det hellige land. De delikate detaljene i utskj\u00e6ringen gjengir p\u00e5 en vakker m\u00e5te Jomfru Marias ynde og ro, noe som gj\u00f8r den til et meningsfylt stykke religi\u00f8s kunst og andakt. <\/p>\n<p>Denne varen inkluderer et ekthetssertifikat som bekrefter materialene og teknikkene som brukes for \u00e5 lage dette produktet.<\/p>\n<p>St\u00f8rrelse: 13,5 cm x 17,5 cm x 34 cm (5,30&#8243; x 6,90&#8243; x 13,35&#8243;)<\/p>\n","protected":false},"featured_media":55557,"template":"","meta":[],"product_brand":[],"product_cat":[1046,1730],"product_tag":[1737,1049,1771,1261,1163,1122,1109,1626,4086,4158,1119,1177,1157,1141,1136,1145,1131,1208,4131,1180,1734,1751,1082],"class_list":{"0":"post-55555","1":"product","2":"type-product","3":"status-publish","4":"has-post-thumbnail","6":"product_cat-kunsthaandvaerk-no","7":"product_cat-figurer-no","8":"product_tag-ber","9":"product_tag-betlehem-no","10":"product_tag-engel-no","11":"product_tag-figurer-no","12":"product_tag-foedselskirken-no","13":"product_tag-ga","14":"product_tag-haandlavet-no","15":"product_tag-hjerte-no","16":"product_tag-jesus-no-2","17":"product_tag-jomfru-maria-no","18":"product_tag-jul-no","19":"product_tag-katolsk-no","20":"product_tag-kirke-no","21":"product_tag-kors-no","22":"product_tag-kristen-no","23":"product_tag-krucifiks-no","24":"product_tag-kunsthaandvaerk-no","25":"product_tag-mary-no","26":"product_tag-oliventre","27":"product_tag-ortodoks-no","28":"product_tag-statue-no","29":"product_tag-statuer-no","30":"product_tag-udskaering-no","32":"first","33":"instock","34":"shipping-taxable","35":"purchasable","36":"product-type-simple"},"yoast_head":"<!-- This site is optimized with the Yoast SEO plugin v24.8.1 - https:\/\/yoast.com\/wordpress\/plugins\/seo\/ -->\n<title>Jomfru Maria oliven treskulptur Betlehem kunsth\u00e5ndverk #FI138 - Holy Land Olive Wood - Bethlehem Olive Wood Factory<\/title>\n<meta name=\"description\" content=\"Jomfru Maria Betlehem H\u00e5ndarbeid i oliventre H\u00e5ndsk\u00e5ret (f.eks. figurer, krybber, statuer, skulpturer) fra Det hellige land\" \/>\n<meta name=\"robots\" content=\"index, follow, max-snippet:-1, max-image-preview:large, max-video-preview:-1\" \/>\n<link rel=\"canonical\" href=\"https:\/\/old.holyland-olivewood.com\/no\/produkt\/jomfru-maria-oliven-treskulptur-betlehem-kunsthandverk-fi138\/\" \/>\n<meta property=\"og:locale\" content=\"nb_NO\" \/>\n<meta property=\"og:type\" content=\"article\" \/>\n<meta property=\"og:title\" content=\"Jomfru Maria oliven treskulptur Betlehem kunsth\u00e5ndverk #FI138 - Holy Land Olive Wood - Bethlehem Olive Wood Factory\" \/>\n<meta property=\"og:description\" content=\"Jomfru Maria Betlehem H\u00e5ndarbeid i oliventre H\u00e5ndsk\u00e5ret (f.eks. figurer, krybber, statuer, skulpturer) fra Det hellige land\" \/>\n<meta property=\"og:url\" content=\"https:\/\/old.holyland-olivewood.com\/no\/produkt\/jomfru-maria-oliven-treskulptur-betlehem-kunsthandverk-fi138\/\" \/>\n<meta property=\"og:site_name\" content=\"Holy Land Olive Wood - Bethlehem Olive Wood Factory\" \/>\n<meta property=\"article:publisher\" content=\"https:\/\/www.facebook.com\/holylandolivewood.bethlehem\/\" \/>\n<meta property=\"og:image\" content=\"https:\/\/old.holyland-olivewood.com\/wp-content\/uploads\/2024\/10\/virgin-mary-holy-land-bethlehem-olive-wood-fi138-1.jpg\" \/>\n\t<meta property=\"og:image:width\" content=\"1550\" \/>\n\t<meta property=\"og:image:height\" content=\"1200\" \/>\n\t<meta property=\"og:image:type\" content=\"image\/jpeg\" \/>\n<meta name=\"twitter:card\" content=\"summary_large_image\" \/>\n<script type=\"application\/ld+json\" class=\"yoast-schema-graph\">{\"@context\":\"https:\/\/schema.org\",\"@graph\":[{\"@type\":\"WebPage\",\"@id\":\"https:\/\/old.holyland-olivewood.com\/no\/produkt\/jomfru-maria-oliven-treskulptur-betlehem-kunsthandverk-fi138\/\",\"url\":\"https:\/\/old.holyland-olivewood.com\/no\/produkt\/jomfru-maria-oliven-treskulptur-betlehem-kunsthandverk-fi138\/\",\"name\":\"Jomfru Maria oliven treskulptur Betlehem kunsth\u00e5ndverk #FI138 - Holy Land Olive Wood - Bethlehem Olive Wood Factory\",\"isPartOf\":{\"@id\":\"https:\/\/old.holyland-olivewood.com\/no\/#website\"},\"primaryImageOfPage\":{\"@id\":\"https:\/\/old.holyland-olivewood.com\/no\/produkt\/jomfru-maria-oliven-treskulptur-betlehem-kunsthandverk-fi138\/#primaryimage\"},\"image\":{\"@id\":\"https:\/\/old.holyland-olivewood.com\/no\/produkt\/jomfru-maria-oliven-treskulptur-betlehem-kunsthandverk-fi138\/#primaryimage\"},\"thumbnailUrl\":\"https:\/\/old.holyland-olivewood.com\/wp-content\/uploads\/2024\/10\/virgin-mary-holy-land-bethlehem-olive-wood-fi138-1.jpg\",\"datePublished\":\"2024-10-17T17:18:23+00:00\",\"description\":\"Jomfru Maria Betlehem H\u00e5ndarbeid i oliventre H\u00e5ndsk\u00e5ret (f.eks. figurer, krybber, statuer, skulpturer) fra Det hellige land\",\"breadcrumb\":{\"@id\":\"https:\/\/old.holyland-olivewood.com\/no\/produkt\/jomfru-maria-oliven-treskulptur-betlehem-kunsthandverk-fi138\/#breadcrumb\"},\"inLanguage\":\"nb-NO\",\"potentialAction\":[{\"@type\":\"ReadAction\",\"target\":[\"https:\/\/old.holyland-olivewood.com\/no\/produkt\/jomfru-maria-oliven-treskulptur-betlehem-kunsthandverk-fi138\/\"]}]},{\"@type\":\"ImageObject\",\"inLanguage\":\"nb-NO\",\"@id\":\"https:\/\/old.holyland-olivewood.com\/no\/produkt\/jomfru-maria-oliven-treskulptur-betlehem-kunsthandverk-fi138\/#primaryimage\",\"url\":\"https:\/\/old.holyland-olivewood.com\/wp-content\/uploads\/2024\/10\/virgin-mary-holy-land-bethlehem-olive-wood-fi138-1.jpg\",\"contentUrl\":\"https:\/\/old.holyland-olivewood.com\/wp-content\/uploads\/2024\/10\/virgin-mary-holy-land-bethlehem-olive-wood-fi138-1.jpg\",\"width\":1550,\"height\":1200},{\"@type\":\"BreadcrumbList\",\"@id\":\"https:\/\/old.holyland-olivewood.com\/no\/produkt\/jomfru-maria-oliven-treskulptur-betlehem-kunsthandverk-fi138\/#breadcrumb\",\"itemListElement\":[{\"@type\":\"ListItem\",\"position\":1,\"name\":\"Home\",\"item\":\"https:\/\/old.holyland-olivewood.com\/no\/\"},{\"@type\":\"ListItem\",\"position\":2,\"name\":\"Shop\",\"item\":\"https:\/\/old.holyland-olivewood.com\/no\/shop\/\"},{\"@type\":\"ListItem\",\"position\":3,\"name\":\"Jomfru Maria oliven treskulptur Betlehem kunsth\u00e5ndverk #FI138\"}]},{\"@type\":\"WebSite\",\"@id\":\"https:\/\/old.holyland-olivewood.com\/no\/#website\",\"url\":\"https:\/\/old.holyland-olivewood.com\/no\/\",\"name\":\"Holy Land Olive Wood - Bethlehem Olive Wood Factory\",\"description\":\"Holy Land Olivewood Bethlehem\",\"publisher\":{\"@id\":\"https:\/\/old.holyland-olivewood.com\/no\/#organization\"},\"potentialAction\":[{\"@type\":\"SearchAction\",\"target\":{\"@type\":\"EntryPoint\",\"urlTemplate\":\"https:\/\/old.holyland-olivewood.com\/no\/?s={search_term_string}\"},\"query-input\":{\"@type\":\"PropertyValueSpecification\",\"valueRequired\":true,\"valueName\":\"search_term_string\"}}],\"inLanguage\":\"nb-NO\"},{\"@type\":\"Organization\",\"@id\":\"https:\/\/old.holyland-olivewood.com\/no\/#organization\",\"name\":\"Holy Land Olivewood\",\"url\":\"https:\/\/old.holyland-olivewood.com\/no\/\",\"logo\":{\"@type\":\"ImageObject\",\"inLanguage\":\"nb-NO\",\"@id\":\"https:\/\/old.holyland-olivewood.com\/no\/#\/schema\/logo\/image\/\",\"url\":\"\",\"contentUrl\":\"\",\"caption\":\"Holy Land Olivewood\"},\"image\":{\"@id\":\"https:\/\/old.holyland-olivewood.com\/no\/#\/schema\/logo\/image\/\"},\"sameAs\":[\"https:\/\/www.facebook.com\/holylandolivewood.bethlehem\/\",\"http:\/\/instagram.com\/holy.land.olive.wood\"]}]}<\/script>\n<!-- \/ Yoast SEO plugin. -->","yoast_head_json":{"title":"Jomfru Maria oliven treskulptur Betlehem kunsth\u00e5ndverk #FI138 - Holy Land Olive Wood - Bethlehem Olive Wood Factory","description":"Jomfru Maria Betlehem H\u00e5ndarbeid i oliventre H\u00e5ndsk\u00e5ret (f.eks. figurer, krybber, statuer, skulpturer) fra Det hellige land","robots":{"index":"index","follow":"follow","max-snippet":"max-snippet:-1","max-image-preview":"max-image-preview:large","max-video-preview":"max-video-preview:-1"},"canonical":"https:\/\/old.holyland-olivewood.com\/no\/produkt\/jomfru-maria-oliven-treskulptur-betlehem-kunsthandverk-fi138\/","og_locale":"nb_NO","og_type":"article","og_title":"Jomfru Maria oliven treskulptur Betlehem kunsth\u00e5ndverk #FI138 - Holy Land Olive Wood - Bethlehem Olive Wood Factory","og_description":"Jomfru Maria Betlehem H\u00e5ndarbeid i oliventre H\u00e5ndsk\u00e5ret (f.eks. figurer, krybber, statuer, skulpturer) fra Det hellige land","og_url":"https:\/\/old.holyland-olivewood.com\/no\/produkt\/jomfru-maria-oliven-treskulptur-betlehem-kunsthandverk-fi138\/","og_site_name":"Holy Land Olive Wood - Bethlehem Olive Wood Factory","article_publisher":"https:\/\/www.facebook.com\/holylandolivewood.bethlehem\/","og_image":[{"width":1550,"height":1200,"url":"https:\/\/old.holyland-olivewood.com\/wp-content\/uploads\/2024\/10\/virgin-mary-holy-land-bethlehem-olive-wood-fi138-1.jpg","type":"image\/jpeg"}],"twitter_card":"summary_large_image","schema":{"@context":"https:\/\/schema.org","@graph":[{"@type":"WebPage","@id":"https:\/\/old.holyland-olivewood.com\/no\/produkt\/jomfru-maria-oliven-treskulptur-betlehem-kunsthandverk-fi138\/","url":"https:\/\/old.holyland-olivewood.com\/no\/produkt\/jomfru-maria-oliven-treskulptur-betlehem-kunsthandverk-fi138\/","name":"Jomfru Maria oliven treskulptur Betlehem kunsth\u00e5ndverk #FI138 - Holy Land Olive Wood - Bethlehem Olive Wood Factory","isPartOf":{"@id":"https:\/\/old.holyland-olivewood.com\/no\/#website"},"primaryImageOfPage":{"@id":"https:\/\/old.holyland-olivewood.com\/no\/produkt\/jomfru-maria-oliven-treskulptur-betlehem-kunsthandverk-fi138\/#primaryimage"},"image":{"@id":"https:\/\/old.holyland-olivewood.com\/no\/produkt\/jomfru-maria-oliven-treskulptur-betlehem-kunsthandverk-fi138\/#primaryimage"},"thumbnailUrl":"https:\/\/old.holyland-olivewood.com\/wp-content\/uploads\/2024\/10\/virgin-mary-holy-land-bethlehem-olive-wood-fi138-1.jpg","datePublished":"2024-10-17T17:18:23+00:00","description":"Jomfru Maria Betlehem H\u00e5ndarbeid i oliventre H\u00e5ndsk\u00e5ret (f.eks. figurer, krybber, statuer, skulpturer) fra Det hellige land","breadcrumb":{"@id":"https:\/\/old.holyland-olivewood.com\/no\/produkt\/jomfru-maria-oliven-treskulptur-betlehem-kunsthandverk-fi138\/#breadcrumb"},"inLanguage":"nb-NO","potentialAction":[{"@type":"ReadAction","target":["https:\/\/old.holyland-olivewood.com\/no\/produkt\/jomfru-maria-oliven-treskulptur-betlehem-kunsthandverk-fi138\/"]}]},{"@type":"ImageObject","inLanguage":"nb-NO","@id":"https:\/\/old.holyland-olivewood.com\/no\/produkt\/jomfru-maria-oliven-treskulptur-betlehem-kunsthandverk-fi138\/#primaryimage","url":"https:\/\/old.holyland-olivewood.com\/wp-content\/uploads\/2024\/10\/virgin-mary-holy-land-bethlehem-olive-wood-fi138-1.jpg","contentUrl":"https:\/\/old.holyland-olivewood.com\/wp-content\/uploads\/2024\/10\/virgin-mary-holy-land-bethlehem-olive-wood-fi138-1.jpg","width":1550,"height":1200},{"@type":"BreadcrumbList","@id":"https:\/\/old.holyland-olivewood.com\/no\/produkt\/jomfru-maria-oliven-treskulptur-betlehem-kunsthandverk-fi138\/#breadcrumb","itemListElement":[{"@type":"ListItem","position":1,"name":"Home","item":"https:\/\/old.holyland-olivewood.com\/no\/"},{"@type":"ListItem","position":2,"name":"Shop","item":"https:\/\/old.holyland-olivewood.com\/no\/shop\/"},{"@type":"ListItem","position":3,"name":"Jomfru Maria oliven treskulptur Betlehem kunsth\u00e5ndverk #FI138"}]},{"@type":"WebSite","@id":"https:\/\/old.holyland-olivewood.com\/no\/#website","url":"https:\/\/old.holyland-olivewood.com\/no\/","name":"Holy Land Olive Wood - Bethlehem Olive Wood Factory","description":"Holy Land Olivewood Bethlehem","publisher":{"@id":"https:\/\/old.holyland-olivewood.com\/no\/#organization"},"potentialAction":[{"@type":"SearchAction","target":{"@type":"EntryPoint","urlTemplate":"https:\/\/old.holyland-olivewood.com\/no\/?s={search_term_string}"},"query-input":{"@type":"PropertyValueSpecification","valueRequired":true,"valueName":"search_term_string"}}],"inLanguage":"nb-NO"},{"@type":"Organization","@id":"https:\/\/old.holyland-olivewood.com\/no\/#organization","name":"Holy Land Olivewood","url":"https:\/\/old.holyland-olivewood.com\/no\/","logo":{"@type":"ImageObject","inLanguage":"nb-NO","@id":"https:\/\/old.holyland-olivewood.com\/no\/#\/schema\/logo\/image\/","url":"","contentUrl":"","caption":"Holy Land Olivewood"},"image":{"@id":"https:\/\/old.holyland-olivewood.com\/no\/#\/schema\/logo\/image\/"},"sameAs":["https:\/\/www.facebook.com\/holylandolivewood.bethlehem\/","http:\/\/instagram.com\/holy.land.olive.wood"]}]}},"_links":{"self":[{"href":"https:\/\/old.holyland-olivewood.com\/no\/wp-json\/wp\/v2\/product\/55555","targetHints":{"allow":["GET"]}}],"collection":[{"href":"https:\/\/old.holyland-olivewood.com\/no\/wp-json\/wp\/v2\/product"}],"about":[{"href":"https:\/\/old.holyland-olivewood.com\/no\/wp-json\/wp\/v2\/types\/product"}],"wp:featuredmedia":[{"embeddable":true,"href":"https:\/\/old.holyland-olivewood.com\/no\/wp-json\/wp\/v2\/media\/55557"}],"wp:attachment":[{"href":"https:\/\/old.holyland-olivewood.com\/no\/wp-json\/wp\/v2\/media?parent=55555"}],"wp:term":[{"taxonomy":"product_brand","embeddable":true,"href":"https:\/\/old.holyland-olivewood.com\/no\/wp-json\/wp\/v2\/product_brand?post=55555"},{"taxonomy":"product_cat","embeddable":true,"href":"https:\/\/old.holyland-olivewood.com\/no\/wp-json\/wp\/v2\/product_cat?post=55555"},{"taxonomy":"product_tag","embeddable":true,"href":"https:\/\/old.holyland-olivewood.com\/no\/wp-json\/wp\/v2\/product_tag?post=55555"}],"curies":[{"name":"wp","href":"https:\/\/api.w.org\/{rel}","templated":true}]}}