{"id":55443,"date":"2024-10-17T10:59:39","date_gmt":"2024-10-17T17:03:59","guid":{"rendered":"https:\/\/old.holyland-olivewood.com\/product\/statue-av-jesus-som-vasker-disiplenes-fotter-i-oliventre-fi142\/"},"modified":"2024-10-17T17:03:59","modified_gmt":"2024-10-17T17:03:59","slug":"statue-av-jesus-som-vasker-disiplenes-fotter-i-oliventre-fi142","status":"publish","type":"product","link":"https:\/\/old.holyland-olivewood.com\/no\/produkt\/statue-av-jesus-som-vasker-disiplenes-fotter-i-oliventre-fi142\/","title":{"rendered":"Statue av Jesus som vasker disiplenes f\u00f8tter i oliventre #FI142"},"content":{"rendered":"","protected":false},"excerpt":{"rendered":"<p>Denne kunstferdig h\u00e5ndsk\u00e5rne statuen i oliventre fra Det hellige land forestiller Jesus Kristus som vasker disiplenes f\u00f8tter, et dypt symbol p\u00e5 ydmykhet og kj\u00e6rlighet. Statuen er laget av ett enkelt stykke autentisk oliventre fra Betlehem, og den fanger p\u00e5 en vakker m\u00e5te \u00f8yeblikket da Kristus, Mesteren, ble en tjener, og gir en tidl\u00f8s leksjon i uselvisk tjeneste. Dette meningsfulle kunstverket er perfekt for ethvert kristent hjem eller kontor, og fungerer som en p\u00e5minnelse om Jesu l\u00e6re om ydmykhet og medf\u00f8lelse. <\/p>\n<p>Denne varen inkluderer et ekthetssertifikat som bekrefter materialene og teknikkene som brukes for \u00e5 lage dette produktet.<\/p>\n<p>St\u00f8rrelse: 18,5 cm x 28 cm x 20,5 cm (7,25&#8243; x 11&#8243; x 8&#8243;)<\/p>\n","protected":false},"featured_media":55444,"template":"","meta":[],"product_brand":[],"product_cat":[1046,1730],"product_tag":[1737,1049,1771,1261,1163,1122,1109,1626,4086,4158,1119,1177,1157,1141,1136,1145,1131,1208,4131,1180,1734,1751,1082],"class_list":{"0":"post-55443","1":"product","2":"type-product","3":"status-publish","4":"has-post-thumbnail","6":"product_cat-kunsthaandvaerk-no","7":"product_cat-figurer-no","8":"product_tag-ber","9":"product_tag-betlehem-no","10":"product_tag-engel-no","11":"product_tag-figurer-no","12":"product_tag-foedselskirken-no","13":"product_tag-ga","14":"product_tag-haandlavet-no","15":"product_tag-hjerte-no","16":"product_tag-jesus-no-2","17":"product_tag-jomfru-maria-no","18":"product_tag-jul-no","19":"product_tag-katolsk-no","20":"product_tag-kirke-no","21":"product_tag-kors-no","22":"product_tag-kristen-no","23":"product_tag-krucifiks-no","24":"product_tag-kunsthaandvaerk-no","25":"product_tag-mary-no","26":"product_tag-oliventre","27":"product_tag-ortodoks-no","28":"product_tag-statue-no","29":"product_tag-statuer-no","30":"product_tag-udskaering-no","32":"first","33":"instock","34":"shipping-taxable","35":"purchasable","36":"product-type-simple"},"yoast_head":"<!-- This site is optimized with the Yoast SEO plugin v24.8.1 - https:\/\/yoast.com\/wordpress\/plugins\/seo\/ -->\n<title>Statue av Jesus som vasker disiplenes f\u00f8tter i oliventre #FI142 - Holy Land Olive Wood - Bethlehem Olive Wood Factory<\/title>\n<meta name=\"description\" content=\"Jesus vasker disiplenes f\u00f8tter Betlehem H\u00e5ndarbeid i oliventre H\u00e5ndsk\u00e5ret (f.eks. figurer, julekrybber, statuer, skulpturer) fra Det hellige land\" \/>\n<meta name=\"robots\" content=\"index, follow, max-snippet:-1, max-image-preview:large, max-video-preview:-1\" \/>\n<link rel=\"canonical\" href=\"https:\/\/old.holyland-olivewood.com\/no\/produkt\/statue-av-jesus-som-vasker-disiplenes-fotter-i-oliventre-fi142\/\" \/>\n<meta property=\"og:locale\" content=\"nb_NO\" \/>\n<meta property=\"og:type\" content=\"article\" \/>\n<meta property=\"og:title\" content=\"Statue av Jesus som vasker disiplenes f\u00f8tter i oliventre #FI142 - Holy Land Olive Wood - Bethlehem Olive Wood Factory\" \/>\n<meta property=\"og:description\" content=\"Jesus vasker disiplenes f\u00f8tter Betlehem H\u00e5ndarbeid i oliventre H\u00e5ndsk\u00e5ret (f.eks. figurer, julekrybber, statuer, skulpturer) fra Det hellige land\" \/>\n<meta property=\"og:url\" content=\"https:\/\/old.holyland-olivewood.com\/no\/produkt\/statue-av-jesus-som-vasker-disiplenes-fotter-i-oliventre-fi142\/\" \/>\n<meta property=\"og:site_name\" content=\"Holy Land Olive Wood - Bethlehem Olive Wood Factory\" \/>\n<meta property=\"article:publisher\" content=\"https:\/\/www.facebook.com\/holylandolivewood.bethlehem\/\" \/>\n<meta property=\"og:image\" content=\"https:\/\/old.holyland-olivewood.com\/wp-content\/uploads\/2024\/10\/jesus-washing-disciples-feet-holy-land-olive-wood-bethlehem-fi142-1.jpg\" \/>\n\t<meta property=\"og:image:width\" content=\"1550\" \/>\n\t<meta property=\"og:image:height\" content=\"1200\" \/>\n\t<meta property=\"og:image:type\" content=\"image\/jpeg\" \/>\n<meta name=\"twitter:card\" content=\"summary_large_image\" \/>\n<script type=\"application\/ld+json\" class=\"yoast-schema-graph\">{\"@context\":\"https:\/\/schema.org\",\"@graph\":[{\"@type\":\"WebPage\",\"@id\":\"https:\/\/old.holyland-olivewood.com\/no\/produkt\/statue-av-jesus-som-vasker-disiplenes-fotter-i-oliventre-fi142\/\",\"url\":\"https:\/\/old.holyland-olivewood.com\/no\/produkt\/statue-av-jesus-som-vasker-disiplenes-fotter-i-oliventre-fi142\/\",\"name\":\"Statue av Jesus som vasker disiplenes f\u00f8tter i oliventre #FI142 - Holy Land Olive Wood - Bethlehem Olive Wood Factory\",\"isPartOf\":{\"@id\":\"https:\/\/old.holyland-olivewood.com\/no\/#website\"},\"primaryImageOfPage\":{\"@id\":\"https:\/\/old.holyland-olivewood.com\/no\/produkt\/statue-av-jesus-som-vasker-disiplenes-fotter-i-oliventre-fi142\/#primaryimage\"},\"image\":{\"@id\":\"https:\/\/old.holyland-olivewood.com\/no\/produkt\/statue-av-jesus-som-vasker-disiplenes-fotter-i-oliventre-fi142\/#primaryimage\"},\"thumbnailUrl\":\"https:\/\/old.holyland-olivewood.com\/wp-content\/uploads\/2024\/10\/jesus-washing-disciples-feet-holy-land-olive-wood-bethlehem-fi142-1.jpg\",\"datePublished\":\"2024-10-17T17:03:59+00:00\",\"description\":\"Jesus vasker disiplenes f\u00f8tter Betlehem H\u00e5ndarbeid i oliventre H\u00e5ndsk\u00e5ret (f.eks. figurer, julekrybber, statuer, skulpturer) fra Det hellige land\",\"breadcrumb\":{\"@id\":\"https:\/\/old.holyland-olivewood.com\/no\/produkt\/statue-av-jesus-som-vasker-disiplenes-fotter-i-oliventre-fi142\/#breadcrumb\"},\"inLanguage\":\"nb-NO\",\"potentialAction\":[{\"@type\":\"ReadAction\",\"target\":[\"https:\/\/old.holyland-olivewood.com\/no\/produkt\/statue-av-jesus-som-vasker-disiplenes-fotter-i-oliventre-fi142\/\"]}]},{\"@type\":\"ImageObject\",\"inLanguage\":\"nb-NO\",\"@id\":\"https:\/\/old.holyland-olivewood.com\/no\/produkt\/statue-av-jesus-som-vasker-disiplenes-fotter-i-oliventre-fi142\/#primaryimage\",\"url\":\"https:\/\/old.holyland-olivewood.com\/wp-content\/uploads\/2024\/10\/jesus-washing-disciples-feet-holy-land-olive-wood-bethlehem-fi142-1.jpg\",\"contentUrl\":\"https:\/\/old.holyland-olivewood.com\/wp-content\/uploads\/2024\/10\/jesus-washing-disciples-feet-holy-land-olive-wood-bethlehem-fi142-1.jpg\",\"width\":1550,\"height\":1200},{\"@type\":\"BreadcrumbList\",\"@id\":\"https:\/\/old.holyland-olivewood.com\/no\/produkt\/statue-av-jesus-som-vasker-disiplenes-fotter-i-oliventre-fi142\/#breadcrumb\",\"itemListElement\":[{\"@type\":\"ListItem\",\"position\":1,\"name\":\"Home\",\"item\":\"https:\/\/old.holyland-olivewood.com\/no\/\"},{\"@type\":\"ListItem\",\"position\":2,\"name\":\"Shop\",\"item\":\"https:\/\/old.holyland-olivewood.com\/no\/shop\/\"},{\"@type\":\"ListItem\",\"position\":3,\"name\":\"Statue av Jesus som vasker disiplenes f\u00f8tter i oliventre #FI142\"}]},{\"@type\":\"WebSite\",\"@id\":\"https:\/\/old.holyland-olivewood.com\/no\/#website\",\"url\":\"https:\/\/old.holyland-olivewood.com\/no\/\",\"name\":\"Holy Land Olive Wood - Bethlehem Olive Wood Factory\",\"description\":\"Holy Land Olivewood Bethlehem\",\"publisher\":{\"@id\":\"https:\/\/old.holyland-olivewood.com\/no\/#organization\"},\"potentialAction\":[{\"@type\":\"SearchAction\",\"target\":{\"@type\":\"EntryPoint\",\"urlTemplate\":\"https:\/\/old.holyland-olivewood.com\/no\/?s={search_term_string}\"},\"query-input\":{\"@type\":\"PropertyValueSpecification\",\"valueRequired\":true,\"valueName\":\"search_term_string\"}}],\"inLanguage\":\"nb-NO\"},{\"@type\":\"Organization\",\"@id\":\"https:\/\/old.holyland-olivewood.com\/no\/#organization\",\"name\":\"Holy Land Olivewood\",\"url\":\"https:\/\/old.holyland-olivewood.com\/no\/\",\"logo\":{\"@type\":\"ImageObject\",\"inLanguage\":\"nb-NO\",\"@id\":\"https:\/\/old.holyland-olivewood.com\/no\/#\/schema\/logo\/image\/\",\"url\":\"\",\"contentUrl\":\"\",\"caption\":\"Holy Land Olivewood\"},\"image\":{\"@id\":\"https:\/\/old.holyland-olivewood.com\/no\/#\/schema\/logo\/image\/\"},\"sameAs\":[\"https:\/\/www.facebook.com\/holylandolivewood.bethlehem\/\",\"http:\/\/instagram.com\/holy.land.olive.wood\"]}]}<\/script>\n<!-- \/ Yoast SEO plugin. -->","yoast_head_json":{"title":"Statue av Jesus som vasker disiplenes f\u00f8tter i oliventre #FI142 - Holy Land Olive Wood - Bethlehem Olive Wood Factory","description":"Jesus vasker disiplenes f\u00f8tter Betlehem H\u00e5ndarbeid i oliventre H\u00e5ndsk\u00e5ret (f.eks. figurer, julekrybber, statuer, skulpturer) fra Det hellige land","robots":{"index":"index","follow":"follow","max-snippet":"max-snippet:-1","max-image-preview":"max-image-preview:large","max-video-preview":"max-video-preview:-1"},"canonical":"https:\/\/old.holyland-olivewood.com\/no\/produkt\/statue-av-jesus-som-vasker-disiplenes-fotter-i-oliventre-fi142\/","og_locale":"nb_NO","og_type":"article","og_title":"Statue av Jesus som vasker disiplenes f\u00f8tter i oliventre #FI142 - Holy Land Olive Wood - Bethlehem Olive Wood Factory","og_description":"Jesus vasker disiplenes f\u00f8tter Betlehem H\u00e5ndarbeid i oliventre H\u00e5ndsk\u00e5ret (f.eks. figurer, julekrybber, statuer, skulpturer) fra Det hellige land","og_url":"https:\/\/old.holyland-olivewood.com\/no\/produkt\/statue-av-jesus-som-vasker-disiplenes-fotter-i-oliventre-fi142\/","og_site_name":"Holy Land Olive Wood - Bethlehem Olive Wood Factory","article_publisher":"https:\/\/www.facebook.com\/holylandolivewood.bethlehem\/","og_image":[{"width":1550,"height":1200,"url":"https:\/\/old.holyland-olivewood.com\/wp-content\/uploads\/2024\/10\/jesus-washing-disciples-feet-holy-land-olive-wood-bethlehem-fi142-1.jpg","type":"image\/jpeg"}],"twitter_card":"summary_large_image","schema":{"@context":"https:\/\/schema.org","@graph":[{"@type":"WebPage","@id":"https:\/\/old.holyland-olivewood.com\/no\/produkt\/statue-av-jesus-som-vasker-disiplenes-fotter-i-oliventre-fi142\/","url":"https:\/\/old.holyland-olivewood.com\/no\/produkt\/statue-av-jesus-som-vasker-disiplenes-fotter-i-oliventre-fi142\/","name":"Statue av Jesus som vasker disiplenes f\u00f8tter i oliventre #FI142 - Holy Land Olive Wood - Bethlehem Olive Wood Factory","isPartOf":{"@id":"https:\/\/old.holyland-olivewood.com\/no\/#website"},"primaryImageOfPage":{"@id":"https:\/\/old.holyland-olivewood.com\/no\/produkt\/statue-av-jesus-som-vasker-disiplenes-fotter-i-oliventre-fi142\/#primaryimage"},"image":{"@id":"https:\/\/old.holyland-olivewood.com\/no\/produkt\/statue-av-jesus-som-vasker-disiplenes-fotter-i-oliventre-fi142\/#primaryimage"},"thumbnailUrl":"https:\/\/old.holyland-olivewood.com\/wp-content\/uploads\/2024\/10\/jesus-washing-disciples-feet-holy-land-olive-wood-bethlehem-fi142-1.jpg","datePublished":"2024-10-17T17:03:59+00:00","description":"Jesus vasker disiplenes f\u00f8tter Betlehem H\u00e5ndarbeid i oliventre H\u00e5ndsk\u00e5ret (f.eks. figurer, julekrybber, statuer, skulpturer) fra Det hellige land","breadcrumb":{"@id":"https:\/\/old.holyland-olivewood.com\/no\/produkt\/statue-av-jesus-som-vasker-disiplenes-fotter-i-oliventre-fi142\/#breadcrumb"},"inLanguage":"nb-NO","potentialAction":[{"@type":"ReadAction","target":["https:\/\/old.holyland-olivewood.com\/no\/produkt\/statue-av-jesus-som-vasker-disiplenes-fotter-i-oliventre-fi142\/"]}]},{"@type":"ImageObject","inLanguage":"nb-NO","@id":"https:\/\/old.holyland-olivewood.com\/no\/produkt\/statue-av-jesus-som-vasker-disiplenes-fotter-i-oliventre-fi142\/#primaryimage","url":"https:\/\/old.holyland-olivewood.com\/wp-content\/uploads\/2024\/10\/jesus-washing-disciples-feet-holy-land-olive-wood-bethlehem-fi142-1.jpg","contentUrl":"https:\/\/old.holyland-olivewood.com\/wp-content\/uploads\/2024\/10\/jesus-washing-disciples-feet-holy-land-olive-wood-bethlehem-fi142-1.jpg","width":1550,"height":1200},{"@type":"BreadcrumbList","@id":"https:\/\/old.holyland-olivewood.com\/no\/produkt\/statue-av-jesus-som-vasker-disiplenes-fotter-i-oliventre-fi142\/#breadcrumb","itemListElement":[{"@type":"ListItem","position":1,"name":"Home","item":"https:\/\/old.holyland-olivewood.com\/no\/"},{"@type":"ListItem","position":2,"name":"Shop","item":"https:\/\/old.holyland-olivewood.com\/no\/shop\/"},{"@type":"ListItem","position":3,"name":"Statue av Jesus som vasker disiplenes f\u00f8tter i oliventre #FI142"}]},{"@type":"WebSite","@id":"https:\/\/old.holyland-olivewood.com\/no\/#website","url":"https:\/\/old.holyland-olivewood.com\/no\/","name":"Holy Land Olive Wood - Bethlehem Olive Wood Factory","description":"Holy Land Olivewood Bethlehem","publisher":{"@id":"https:\/\/old.holyland-olivewood.com\/no\/#organization"},"potentialAction":[{"@type":"SearchAction","target":{"@type":"EntryPoint","urlTemplate":"https:\/\/old.holyland-olivewood.com\/no\/?s={search_term_string}"},"query-input":{"@type":"PropertyValueSpecification","valueRequired":true,"valueName":"search_term_string"}}],"inLanguage":"nb-NO"},{"@type":"Organization","@id":"https:\/\/old.holyland-olivewood.com\/no\/#organization","name":"Holy Land Olivewood","url":"https:\/\/old.holyland-olivewood.com\/no\/","logo":{"@type":"ImageObject","inLanguage":"nb-NO","@id":"https:\/\/old.holyland-olivewood.com\/no\/#\/schema\/logo\/image\/","url":"","contentUrl":"","caption":"Holy Land Olivewood"},"image":{"@id":"https:\/\/old.holyland-olivewood.com\/no\/#\/schema\/logo\/image\/"},"sameAs":["https:\/\/www.facebook.com\/holylandolivewood.bethlehem\/","http:\/\/instagram.com\/holy.land.olive.wood"]}]}},"_links":{"self":[{"href":"https:\/\/old.holyland-olivewood.com\/no\/wp-json\/wp\/v2\/product\/55443","targetHints":{"allow":["GET"]}}],"collection":[{"href":"https:\/\/old.holyland-olivewood.com\/no\/wp-json\/wp\/v2\/product"}],"about":[{"href":"https:\/\/old.holyland-olivewood.com\/no\/wp-json\/wp\/v2\/types\/product"}],"wp:featuredmedia":[{"embeddable":true,"href":"https:\/\/old.holyland-olivewood.com\/no\/wp-json\/wp\/v2\/media\/55444"}],"wp:attachment":[{"href":"https:\/\/old.holyland-olivewood.com\/no\/wp-json\/wp\/v2\/media?parent=55443"}],"wp:term":[{"taxonomy":"product_brand","embeddable":true,"href":"https:\/\/old.holyland-olivewood.com\/no\/wp-json\/wp\/v2\/product_brand?post=55443"},{"taxonomy":"product_cat","embeddable":true,"href":"https:\/\/old.holyland-olivewood.com\/no\/wp-json\/wp\/v2\/product_cat?post=55443"},{"taxonomy":"product_tag","embeddable":true,"href":"https:\/\/old.holyland-olivewood.com\/no\/wp-json\/wp\/v2\/product_tag?post=55443"}],"curies":[{"name":"wp","href":"https:\/\/api.w.org\/{rel}","templated":true}]}}