{"id":54838,"date":"2024-03-14T19:51:38","date_gmt":"2024-03-14T20:19:38","guid":{"rendered":"https:\/\/old.holyland-olivewood.com\/product\/10-mm-runde-utskarne-perler-i-oliventre-500-perler-b156\/"},"modified":"2024-03-14T20:19:38","modified_gmt":"2024-03-14T20:19:38","slug":"10-mm-runde-utskarne-perler-i-oliventre-500-perler-b156","status":"publish","type":"product","link":"https:\/\/old.holyland-olivewood.com\/no\/produkt\/10-mm-runde-utskarne-perler-i-oliventre-500-perler-b156\/","title":{"rendered":"10 mm runde, utsk\u00e5rne perler i oliventre (500 perler) #B156"},"content":{"rendered":"","protected":false},"excerpt":{"rendered":"<p>Disse h\u00f8ykvalitets rosenkransperlene i oliventre er h\u00e5ndlaget i Det hellige land av autentisk Betlehem-olivtre som er h\u00f8stet p\u00e5 en b\u00e6rekraftig m\u00e5te. Alle perler er rengjort, t\u00f8rket og inspisert for farge og korn, og de er fri for defekter og sprekker. Disse perlene i oliventre er perfekte til \u00e5 lage rosenkranser og andre typer smykker. Oliventreet er sv\u00e6rt hardt, motstandsdyktig og vakkert. Den vakre kontrasten mellom blondt og brunt i de kr\u00f8llete fibrene, kombinert med holdbarheten, gj\u00f8r oliventre spesielt godt egnet til rosenkransperler.<br \/>\nVi kan ogs\u00e5 levere rosenkransdeler av h\u00f8y kvalitet, for eksempel midtstykker og krusifikser.<\/p>\n<p>Denne varen inkluderer et ekthetssertifikat som bekrefter materialene og teknikkene som brukes for \u00e5 lage dette produktet.<\/p>\n<p>St\u00f8rrelse: ( 10 mm )<\/p>\n","protected":false},"featured_media":30747,"template":"","meta":[],"product_brand":[],"product_cat":[1610,2116],"product_tag":[2144,1049,1163,1122,1215,1109,1127,1092,2137,1102,4086,1097,1119,1177,1157,1141,1136,1131,2140,2148,2156,2152,1168,1068,1077,1180,2124,2120,1113,1053,2129,1071,1082,2133,1617],"class_list":{"0":"post-54838","1":"product","2":"type-product","3":"status-publish","4":"has-post-thumbnail","6":"product_cat-diverse-no","7":"product_cat-perler-og-rosenkrans-maskinvare","8":"product_tag-barn","9":"product_tag-betlehem-no","10":"product_tag-foedselskirken-no","11":"product_tag-ga","12":"product_tag-gaver","13":"product_tag-haandlavet-no","14":"product_tag-haandvaerk-no","15":"product_tag-hellig-no","16":"product_tag-hyssing","17":"product_tag-jerusalem-no","18":"product_tag-jesus-no-2","19":"product_tag-jord-no","20":"product_tag-jul-no","21":"product_tag-katolsk-no","22":"product_tag-kirke-no","23":"product_tag-kors-no","24":"product_tag-kristen-no","25":"product_tag-kunsthaandvaerk-no","26":"product_tag-ledning","27":"product_tag-maskinvare","28":"product_tag-midtdeler","29":"product_tag-midtpunkt","30":"product_tag-mor-no","31":"product_tag-oliven-no","32":"product_tag-oliventrae-no","33":"product_tag-ortodoks-no","34":"product_tag-oval-no","35":"product_tag-perler","36":"product_tag-rosenkrans-no","37":"product_tag-rosenkranse-no","38":"product_tag-rund","39":"product_tag-trae-no","40":"product_tag-udskaering-no","41":"product_tag-utskaret","42":"product_tag-vann","44":"first","45":"instock","46":"shipping-taxable","47":"purchasable","48":"product-type-simple"},"yoast_head":"<!-- This site is optimized with the Yoast SEO plugin v24.8.1 - https:\/\/yoast.com\/wordpress\/plugins\/seo\/ -->\n<title>10 mm runde, utsk\u00e5rne perler i oliventre (500 perler) #B156 - Holy Land Olive Wood - Bethlehem Olive Wood Factory<\/title>\n<meta name=\"description\" content=\"Bethlehem oliventreh\u00e5ndverk (erosaries, ovale, utsk\u00e5rne, runde, perler) utskj\u00e6ringer, midtdeler og r\u00e5materiale i standard og tilpassede dimensjoner.\" \/>\n<meta name=\"robots\" content=\"index, follow, max-snippet:-1, max-image-preview:large, max-video-preview:-1\" \/>\n<link rel=\"canonical\" href=\"https:\/\/old.holyland-olivewood.com\/no\/produkt\/10-mm-runde-utskarne-perler-i-oliventre-500-perler-b156\/\" \/>\n<meta property=\"og:locale\" content=\"nb_NO\" \/>\n<meta property=\"og:type\" content=\"article\" \/>\n<meta property=\"og:title\" content=\"10 mm runde, utsk\u00e5rne perler i oliventre (500 perler) #B156 - Holy Land Olive Wood - Bethlehem Olive Wood Factory\" \/>\n<meta property=\"og:description\" content=\"Bethlehem oliventreh\u00e5ndverk (erosaries, ovale, utsk\u00e5rne, runde, perler) utskj\u00e6ringer, midtdeler og r\u00e5materiale i standard og tilpassede dimensjoner.\" \/>\n<meta property=\"og:url\" content=\"https:\/\/old.holyland-olivewood.com\/no\/produkt\/10-mm-runde-utskarne-perler-i-oliventre-500-perler-b156\/\" \/>\n<meta property=\"og:site_name\" content=\"Holy Land Olive Wood - Bethlehem Olive Wood Factory\" \/>\n<meta property=\"article:publisher\" content=\"https:\/\/www.facebook.com\/holylandolivewood.bethlehem\/\" \/>\n<meta property=\"og:image\" content=\"https:\/\/old.holyland-olivewood.com\/wp-content\/uploads\/2016\/05\/k.jpg\" \/>\n\t<meta property=\"og:image:width\" content=\"1550\" \/>\n\t<meta property=\"og:image:height\" content=\"1200\" \/>\n\t<meta property=\"og:image:type\" content=\"image\/jpeg\" \/>\n<meta name=\"twitter:card\" content=\"summary_large_image\" \/>\n<script type=\"application\/ld+json\" class=\"yoast-schema-graph\">{\"@context\":\"https:\/\/schema.org\",\"@graph\":[{\"@type\":\"WebPage\",\"@id\":\"https:\/\/old.holyland-olivewood.com\/no\/produkt\/10-mm-runde-utskarne-perler-i-oliventre-500-perler-b156\/\",\"url\":\"https:\/\/old.holyland-olivewood.com\/no\/produkt\/10-mm-runde-utskarne-perler-i-oliventre-500-perler-b156\/\",\"name\":\"10 mm runde, utsk\u00e5rne perler i oliventre (500 perler) #B156 - Holy Land Olive Wood - Bethlehem Olive Wood Factory\",\"isPartOf\":{\"@id\":\"https:\/\/old.holyland-olivewood.com\/no\/#website\"},\"primaryImageOfPage\":{\"@id\":\"https:\/\/old.holyland-olivewood.com\/no\/produkt\/10-mm-runde-utskarne-perler-i-oliventre-500-perler-b156\/#primaryimage\"},\"image\":{\"@id\":\"https:\/\/old.holyland-olivewood.com\/no\/produkt\/10-mm-runde-utskarne-perler-i-oliventre-500-perler-b156\/#primaryimage\"},\"thumbnailUrl\":\"https:\/\/old.holyland-olivewood.com\/wp-content\/uploads\/2016\/05\/k.jpg\",\"datePublished\":\"2024-03-14T20:19:38+00:00\",\"description\":\"Bethlehem oliventreh\u00e5ndverk (erosaries, ovale, utsk\u00e5rne, runde, perler) utskj\u00e6ringer, midtdeler og r\u00e5materiale i standard og tilpassede dimensjoner.\",\"breadcrumb\":{\"@id\":\"https:\/\/old.holyland-olivewood.com\/no\/produkt\/10-mm-runde-utskarne-perler-i-oliventre-500-perler-b156\/#breadcrumb\"},\"inLanguage\":\"nb-NO\",\"potentialAction\":[{\"@type\":\"ReadAction\",\"target\":[\"https:\/\/old.holyland-olivewood.com\/no\/produkt\/10-mm-runde-utskarne-perler-i-oliventre-500-perler-b156\/\"]}]},{\"@type\":\"ImageObject\",\"inLanguage\":\"nb-NO\",\"@id\":\"https:\/\/old.holyland-olivewood.com\/no\/produkt\/10-mm-runde-utskarne-perler-i-oliventre-500-perler-b156\/#primaryimage\",\"url\":\"https:\/\/old.holyland-olivewood.com\/wp-content\/uploads\/2016\/05\/k.jpg\",\"contentUrl\":\"https:\/\/old.holyland-olivewood.com\/wp-content\/uploads\/2016\/05\/k.jpg\",\"width\":1550,\"height\":1200},{\"@type\":\"BreadcrumbList\",\"@id\":\"https:\/\/old.holyland-olivewood.com\/no\/produkt\/10-mm-runde-utskarne-perler-i-oliventre-500-perler-b156\/#breadcrumb\",\"itemListElement\":[{\"@type\":\"ListItem\",\"position\":1,\"name\":\"Home\",\"item\":\"https:\/\/old.holyland-olivewood.com\/no\/\"},{\"@type\":\"ListItem\",\"position\":2,\"name\":\"Shop\",\"item\":\"https:\/\/old.holyland-olivewood.com\/no\/shop\/\"},{\"@type\":\"ListItem\",\"position\":3,\"name\":\"10 mm runde, utsk\u00e5rne perler i oliventre (500 perler) #B156\"}]},{\"@type\":\"WebSite\",\"@id\":\"https:\/\/old.holyland-olivewood.com\/no\/#website\",\"url\":\"https:\/\/old.holyland-olivewood.com\/no\/\",\"name\":\"Holy Land Olive Wood - Bethlehem Olive Wood Factory\",\"description\":\"Holy Land Olivewood Bethlehem\",\"publisher\":{\"@id\":\"https:\/\/old.holyland-olivewood.com\/no\/#organization\"},\"potentialAction\":[{\"@type\":\"SearchAction\",\"target\":{\"@type\":\"EntryPoint\",\"urlTemplate\":\"https:\/\/old.holyland-olivewood.com\/no\/?s={search_term_string}\"},\"query-input\":{\"@type\":\"PropertyValueSpecification\",\"valueRequired\":true,\"valueName\":\"search_term_string\"}}],\"inLanguage\":\"nb-NO\"},{\"@type\":\"Organization\",\"@id\":\"https:\/\/old.holyland-olivewood.com\/no\/#organization\",\"name\":\"Holy Land Olivewood\",\"url\":\"https:\/\/old.holyland-olivewood.com\/no\/\",\"logo\":{\"@type\":\"ImageObject\",\"inLanguage\":\"nb-NO\",\"@id\":\"https:\/\/old.holyland-olivewood.com\/no\/#\/schema\/logo\/image\/\",\"url\":\"\",\"contentUrl\":\"\",\"caption\":\"Holy Land Olivewood\"},\"image\":{\"@id\":\"https:\/\/old.holyland-olivewood.com\/no\/#\/schema\/logo\/image\/\"},\"sameAs\":[\"https:\/\/www.facebook.com\/holylandolivewood.bethlehem\/\",\"http:\/\/instagram.com\/holy.land.olive.wood\"]}]}<\/script>\n<!-- \/ Yoast SEO plugin. -->","yoast_head_json":{"title":"10 mm runde, utsk\u00e5rne perler i oliventre (500 perler) #B156 - Holy Land Olive Wood - Bethlehem Olive Wood Factory","description":"Bethlehem oliventreh\u00e5ndverk (erosaries, ovale, utsk\u00e5rne, runde, perler) utskj\u00e6ringer, midtdeler og r\u00e5materiale i standard og tilpassede dimensjoner.","robots":{"index":"index","follow":"follow","max-snippet":"max-snippet:-1","max-image-preview":"max-image-preview:large","max-video-preview":"max-video-preview:-1"},"canonical":"https:\/\/old.holyland-olivewood.com\/no\/produkt\/10-mm-runde-utskarne-perler-i-oliventre-500-perler-b156\/","og_locale":"nb_NO","og_type":"article","og_title":"10 mm runde, utsk\u00e5rne perler i oliventre (500 perler) #B156 - Holy Land Olive Wood - Bethlehem Olive Wood Factory","og_description":"Bethlehem oliventreh\u00e5ndverk (erosaries, ovale, utsk\u00e5rne, runde, perler) utskj\u00e6ringer, midtdeler og r\u00e5materiale i standard og tilpassede dimensjoner.","og_url":"https:\/\/old.holyland-olivewood.com\/no\/produkt\/10-mm-runde-utskarne-perler-i-oliventre-500-perler-b156\/","og_site_name":"Holy Land Olive Wood - Bethlehem Olive Wood Factory","article_publisher":"https:\/\/www.facebook.com\/holylandolivewood.bethlehem\/","og_image":[{"width":1550,"height":1200,"url":"https:\/\/old.holyland-olivewood.com\/wp-content\/uploads\/2016\/05\/k.jpg","type":"image\/jpeg"}],"twitter_card":"summary_large_image","schema":{"@context":"https:\/\/schema.org","@graph":[{"@type":"WebPage","@id":"https:\/\/old.holyland-olivewood.com\/no\/produkt\/10-mm-runde-utskarne-perler-i-oliventre-500-perler-b156\/","url":"https:\/\/old.holyland-olivewood.com\/no\/produkt\/10-mm-runde-utskarne-perler-i-oliventre-500-perler-b156\/","name":"10 mm runde, utsk\u00e5rne perler i oliventre (500 perler) #B156 - Holy Land Olive Wood - Bethlehem Olive Wood Factory","isPartOf":{"@id":"https:\/\/old.holyland-olivewood.com\/no\/#website"},"primaryImageOfPage":{"@id":"https:\/\/old.holyland-olivewood.com\/no\/produkt\/10-mm-runde-utskarne-perler-i-oliventre-500-perler-b156\/#primaryimage"},"image":{"@id":"https:\/\/old.holyland-olivewood.com\/no\/produkt\/10-mm-runde-utskarne-perler-i-oliventre-500-perler-b156\/#primaryimage"},"thumbnailUrl":"https:\/\/old.holyland-olivewood.com\/wp-content\/uploads\/2016\/05\/k.jpg","datePublished":"2024-03-14T20:19:38+00:00","description":"Bethlehem oliventreh\u00e5ndverk (erosaries, ovale, utsk\u00e5rne, runde, perler) utskj\u00e6ringer, midtdeler og r\u00e5materiale i standard og tilpassede dimensjoner.","breadcrumb":{"@id":"https:\/\/old.holyland-olivewood.com\/no\/produkt\/10-mm-runde-utskarne-perler-i-oliventre-500-perler-b156\/#breadcrumb"},"inLanguage":"nb-NO","potentialAction":[{"@type":"ReadAction","target":["https:\/\/old.holyland-olivewood.com\/no\/produkt\/10-mm-runde-utskarne-perler-i-oliventre-500-perler-b156\/"]}]},{"@type":"ImageObject","inLanguage":"nb-NO","@id":"https:\/\/old.holyland-olivewood.com\/no\/produkt\/10-mm-runde-utskarne-perler-i-oliventre-500-perler-b156\/#primaryimage","url":"https:\/\/old.holyland-olivewood.com\/wp-content\/uploads\/2016\/05\/k.jpg","contentUrl":"https:\/\/old.holyland-olivewood.com\/wp-content\/uploads\/2016\/05\/k.jpg","width":1550,"height":1200},{"@type":"BreadcrumbList","@id":"https:\/\/old.holyland-olivewood.com\/no\/produkt\/10-mm-runde-utskarne-perler-i-oliventre-500-perler-b156\/#breadcrumb","itemListElement":[{"@type":"ListItem","position":1,"name":"Home","item":"https:\/\/old.holyland-olivewood.com\/no\/"},{"@type":"ListItem","position":2,"name":"Shop","item":"https:\/\/old.holyland-olivewood.com\/no\/shop\/"},{"@type":"ListItem","position":3,"name":"10 mm runde, utsk\u00e5rne perler i oliventre (500 perler) #B156"}]},{"@type":"WebSite","@id":"https:\/\/old.holyland-olivewood.com\/no\/#website","url":"https:\/\/old.holyland-olivewood.com\/no\/","name":"Holy Land Olive Wood - Bethlehem Olive Wood Factory","description":"Holy Land Olivewood Bethlehem","publisher":{"@id":"https:\/\/old.holyland-olivewood.com\/no\/#organization"},"potentialAction":[{"@type":"SearchAction","target":{"@type":"EntryPoint","urlTemplate":"https:\/\/old.holyland-olivewood.com\/no\/?s={search_term_string}"},"query-input":{"@type":"PropertyValueSpecification","valueRequired":true,"valueName":"search_term_string"}}],"inLanguage":"nb-NO"},{"@type":"Organization","@id":"https:\/\/old.holyland-olivewood.com\/no\/#organization","name":"Holy Land Olivewood","url":"https:\/\/old.holyland-olivewood.com\/no\/","logo":{"@type":"ImageObject","inLanguage":"nb-NO","@id":"https:\/\/old.holyland-olivewood.com\/no\/#\/schema\/logo\/image\/","url":"","contentUrl":"","caption":"Holy Land Olivewood"},"image":{"@id":"https:\/\/old.holyland-olivewood.com\/no\/#\/schema\/logo\/image\/"},"sameAs":["https:\/\/www.facebook.com\/holylandolivewood.bethlehem\/","http:\/\/instagram.com\/holy.land.olive.wood"]}]}},"_links":{"self":[{"href":"https:\/\/old.holyland-olivewood.com\/no\/wp-json\/wp\/v2\/product\/54838","targetHints":{"allow":["GET"]}}],"collection":[{"href":"https:\/\/old.holyland-olivewood.com\/no\/wp-json\/wp\/v2\/product"}],"about":[{"href":"https:\/\/old.holyland-olivewood.com\/no\/wp-json\/wp\/v2\/types\/product"}],"wp:featuredmedia":[{"embeddable":true,"href":"https:\/\/old.holyland-olivewood.com\/no\/wp-json\/wp\/v2\/media\/30747"}],"wp:attachment":[{"href":"https:\/\/old.holyland-olivewood.com\/no\/wp-json\/wp\/v2\/media?parent=54838"}],"wp:term":[{"taxonomy":"product_brand","embeddable":true,"href":"https:\/\/old.holyland-olivewood.com\/no\/wp-json\/wp\/v2\/product_brand?post=54838"},{"taxonomy":"product_cat","embeddable":true,"href":"https:\/\/old.holyland-olivewood.com\/no\/wp-json\/wp\/v2\/product_cat?post=54838"},{"taxonomy":"product_tag","embeddable":true,"href":"https:\/\/old.holyland-olivewood.com\/no\/wp-json\/wp\/v2\/product_tag?post=54838"}],"curies":[{"name":"wp","href":"https:\/\/api.w.org\/{rel}","templated":true}]}}