{"id":51375,"date":"2022-04-10T08:20:29","date_gmt":"2022-04-11T15:28:02","guid":{"rendered":"https:\/\/old.holyland-olivewood.com\/product\/oliventrekors-med-var-fars-bonn-20-cm-8-cr165\/"},"modified":"2022-04-11T15:28:02","modified_gmt":"2022-04-11T15:28:02","slug":"oliventre-kors-med-var-far-bonn-20-cm-8-cr165","status":"publish","type":"product","link":"https:\/\/old.holyland-olivewood.com\/no\/produkt\/oliventre-kors-med-var-far-bonn-20-cm-8-cr165\/","title":{"rendered":"Oliventrekors med v\u00e5r fars b\u00f8nn (20 cm \/ 8\u201d) #CR165"},"content":{"rendered":"","protected":false},"excerpt":{"rendered":"<p>Dette vakre h\u00e5ndlagde korset av &#8220;V\u00e5r Fader&#8221; b\u00f8nnelaser graverte Herrens b\u00f8nn. Dette korset er laget for \u00e5 henge for \u00e5 bringe skj\u00f8nnhet og hellig atmosf\u00e6re inn i hjemmet ditt.<\/p>\n<p>Den er den perfekte gaven til mange anledninger, som d\u00e5p, bryllup, velsignelse av nytt hjem, jul.<\/p>\n<p>Denne varen inkluderer et ekthetssertifikat som bekrefter materialene og teknikkene som brukes for \u00e5 lage dette produktet.<\/p>\n<p>St\u00f8rrelse: 20 cm (8&#8243;)<\/p>\n","protected":false},"featured_media":51193,"template":"","meta":[],"product_brand":[],"product_cat":[1046,1042],"product_tag":[],"class_list":{"0":"post-51375","1":"product","2":"type-product","3":"status-publish","4":"has-post-thumbnail","6":"product_cat-kunsthaandvaerk-no","7":"product_cat-kors-og-krucifikser-no","9":"first","10":"instock","11":"shipping-taxable","12":"purchasable","13":"product-type-simple"},"yoast_head":"<!-- This site is optimized with the Yoast SEO plugin v24.8.1 - https:\/\/yoast.com\/wordpress\/plugins\/seo\/ -->\n<title>Oliventrekors med v\u00e5r fars b\u00f8nn (20 cm \/ 8\u201d) #CR165 - Holy Land Olive Wood - Bethlehem Olive Wood Factory<\/title>\n<meta name=\"description\" content=\"Bethlehem oliventreh\u00e5ndverk (dvs. rosenkranser, Jerusalem, kors, krusifikser, perler) pennemner, blokker og r\u00e5materiale i standard og tilpassede dimensjoner\" \/>\n<meta name=\"robots\" content=\"index, follow, max-snippet:-1, max-image-preview:large, max-video-preview:-1\" \/>\n<link rel=\"canonical\" href=\"https:\/\/old.holyland-olivewood.com\/no\/produkt\/oliventre-kors-med-var-far-bonn-20-cm-8-cr165\/\" \/>\n<meta property=\"og:locale\" content=\"nb_NO\" \/>\n<meta property=\"og:type\" content=\"article\" \/>\n<meta property=\"og:title\" content=\"Oliventrekors med v\u00e5r fars b\u00f8nn (20 cm \/ 8\u201d) #CR165 - Holy Land Olive Wood - Bethlehem Olive Wood Factory\" \/>\n<meta property=\"og:description\" content=\"Bethlehem oliventreh\u00e5ndverk (dvs. rosenkranser, Jerusalem, kors, krusifikser, perler) pennemner, blokker og r\u00e5materiale i standard og tilpassede dimensjoner\" \/>\n<meta property=\"og:url\" content=\"https:\/\/old.holyland-olivewood.com\/no\/produkt\/oliventre-kors-med-var-far-bonn-20-cm-8-cr165\/\" \/>\n<meta property=\"og:site_name\" content=\"Holy Land Olive Wood - Bethlehem Olive Wood Factory\" \/>\n<meta property=\"article:publisher\" content=\"https:\/\/www.facebook.com\/holylandolivewood.bethlehem\/\" \/>\n<meta property=\"og:image\" content=\"https:\/\/old.holyland-olivewood.com\/wp-content\/uploads\/2022\/04\/olive_wood_cross_with_the_lords_prayer_cr165.jpg\" \/>\n\t<meta property=\"og:image:width\" content=\"1550\" \/>\n\t<meta property=\"og:image:height\" content=\"1200\" \/>\n\t<meta property=\"og:image:type\" content=\"image\/jpeg\" \/>\n<meta name=\"twitter:card\" content=\"summary_large_image\" \/>\n<script type=\"application\/ld+json\" class=\"yoast-schema-graph\">{\"@context\":\"https:\/\/schema.org\",\"@graph\":[{\"@type\":\"WebPage\",\"@id\":\"https:\/\/old.holyland-olivewood.com\/no\/produkt\/oliventre-kors-med-var-far-bonn-20-cm-8-cr165\/\",\"url\":\"https:\/\/old.holyland-olivewood.com\/no\/produkt\/oliventre-kors-med-var-far-bonn-20-cm-8-cr165\/\",\"name\":\"Oliventrekors med v\u00e5r fars b\u00f8nn (20 cm \/ 8\u201d) #CR165 - Holy Land Olive Wood - Bethlehem Olive Wood Factory\",\"isPartOf\":{\"@id\":\"https:\/\/old.holyland-olivewood.com\/no\/#website\"},\"primaryImageOfPage\":{\"@id\":\"https:\/\/old.holyland-olivewood.com\/no\/produkt\/oliventre-kors-med-var-far-bonn-20-cm-8-cr165\/#primaryimage\"},\"image\":{\"@id\":\"https:\/\/old.holyland-olivewood.com\/no\/produkt\/oliventre-kors-med-var-far-bonn-20-cm-8-cr165\/#primaryimage\"},\"thumbnailUrl\":\"https:\/\/old.holyland-olivewood.com\/wp-content\/uploads\/2022\/04\/olive_wood_cross_with_the_lords_prayer_cr165.jpg\",\"datePublished\":\"2022-04-11T15:28:02+00:00\",\"description\":\"Bethlehem oliventreh\u00e5ndverk (dvs. rosenkranser, Jerusalem, kors, krusifikser, perler) pennemner, blokker og r\u00e5materiale i standard og tilpassede dimensjoner\",\"breadcrumb\":{\"@id\":\"https:\/\/old.holyland-olivewood.com\/no\/produkt\/oliventre-kors-med-var-far-bonn-20-cm-8-cr165\/#breadcrumb\"},\"inLanguage\":\"nb-NO\",\"potentialAction\":[{\"@type\":\"ReadAction\",\"target\":[\"https:\/\/old.holyland-olivewood.com\/no\/produkt\/oliventre-kors-med-var-far-bonn-20-cm-8-cr165\/\"]}]},{\"@type\":\"ImageObject\",\"inLanguage\":\"nb-NO\",\"@id\":\"https:\/\/old.holyland-olivewood.com\/no\/produkt\/oliventre-kors-med-var-far-bonn-20-cm-8-cr165\/#primaryimage\",\"url\":\"https:\/\/old.holyland-olivewood.com\/wp-content\/uploads\/2022\/04\/olive_wood_cross_with_the_lords_prayer_cr165.jpg\",\"contentUrl\":\"https:\/\/old.holyland-olivewood.com\/wp-content\/uploads\/2022\/04\/olive_wood_cross_with_the_lords_prayer_cr165.jpg\",\"width\":1550,\"height\":1200},{\"@type\":\"BreadcrumbList\",\"@id\":\"https:\/\/old.holyland-olivewood.com\/no\/produkt\/oliventre-kors-med-var-far-bonn-20-cm-8-cr165\/#breadcrumb\",\"itemListElement\":[{\"@type\":\"ListItem\",\"position\":1,\"name\":\"Home\",\"item\":\"https:\/\/old.holyland-olivewood.com\/no\/\"},{\"@type\":\"ListItem\",\"position\":2,\"name\":\"Shop\",\"item\":\"https:\/\/old.holyland-olivewood.com\/no\/shop\/\"},{\"@type\":\"ListItem\",\"position\":3,\"name\":\"Oliventrekors med v\u00e5r fars b\u00f8nn (20 cm \/ 8\u201d) #CR165\"}]},{\"@type\":\"WebSite\",\"@id\":\"https:\/\/old.holyland-olivewood.com\/no\/#website\",\"url\":\"https:\/\/old.holyland-olivewood.com\/no\/\",\"name\":\"Holy Land Olive Wood - Bethlehem Olive Wood Factory\",\"description\":\"Holy Land Olivewood Bethlehem\",\"publisher\":{\"@id\":\"https:\/\/old.holyland-olivewood.com\/no\/#organization\"},\"potentialAction\":[{\"@type\":\"SearchAction\",\"target\":{\"@type\":\"EntryPoint\",\"urlTemplate\":\"https:\/\/old.holyland-olivewood.com\/no\/?s={search_term_string}\"},\"query-input\":{\"@type\":\"PropertyValueSpecification\",\"valueRequired\":true,\"valueName\":\"search_term_string\"}}],\"inLanguage\":\"nb-NO\"},{\"@type\":\"Organization\",\"@id\":\"https:\/\/old.holyland-olivewood.com\/no\/#organization\",\"name\":\"Holy Land Olivewood\",\"url\":\"https:\/\/old.holyland-olivewood.com\/no\/\",\"logo\":{\"@type\":\"ImageObject\",\"inLanguage\":\"nb-NO\",\"@id\":\"https:\/\/old.holyland-olivewood.com\/no\/#\/schema\/logo\/image\/\",\"url\":\"\",\"contentUrl\":\"\",\"caption\":\"Holy Land Olivewood\"},\"image\":{\"@id\":\"https:\/\/old.holyland-olivewood.com\/no\/#\/schema\/logo\/image\/\"},\"sameAs\":[\"https:\/\/www.facebook.com\/holylandolivewood.bethlehem\/\",\"http:\/\/instagram.com\/holy.land.olive.wood\"]}]}<\/script>\n<!-- \/ Yoast SEO plugin. -->","yoast_head_json":{"title":"Oliventrekors med v\u00e5r fars b\u00f8nn (20 cm \/ 8\u201d) #CR165 - Holy Land Olive Wood - Bethlehem Olive Wood Factory","description":"Bethlehem oliventreh\u00e5ndverk (dvs. rosenkranser, Jerusalem, kors, krusifikser, perler) pennemner, blokker og r\u00e5materiale i standard og tilpassede dimensjoner","robots":{"index":"index","follow":"follow","max-snippet":"max-snippet:-1","max-image-preview":"max-image-preview:large","max-video-preview":"max-video-preview:-1"},"canonical":"https:\/\/old.holyland-olivewood.com\/no\/produkt\/oliventre-kors-med-var-far-bonn-20-cm-8-cr165\/","og_locale":"nb_NO","og_type":"article","og_title":"Oliventrekors med v\u00e5r fars b\u00f8nn (20 cm \/ 8\u201d) #CR165 - Holy Land Olive Wood - Bethlehem Olive Wood Factory","og_description":"Bethlehem oliventreh\u00e5ndverk (dvs. rosenkranser, Jerusalem, kors, krusifikser, perler) pennemner, blokker og r\u00e5materiale i standard og tilpassede dimensjoner","og_url":"https:\/\/old.holyland-olivewood.com\/no\/produkt\/oliventre-kors-med-var-far-bonn-20-cm-8-cr165\/","og_site_name":"Holy Land Olive Wood - Bethlehem Olive Wood Factory","article_publisher":"https:\/\/www.facebook.com\/holylandolivewood.bethlehem\/","og_image":[{"width":1550,"height":1200,"url":"https:\/\/old.holyland-olivewood.com\/wp-content\/uploads\/2022\/04\/olive_wood_cross_with_the_lords_prayer_cr165.jpg","type":"image\/jpeg"}],"twitter_card":"summary_large_image","schema":{"@context":"https:\/\/schema.org","@graph":[{"@type":"WebPage","@id":"https:\/\/old.holyland-olivewood.com\/no\/produkt\/oliventre-kors-med-var-far-bonn-20-cm-8-cr165\/","url":"https:\/\/old.holyland-olivewood.com\/no\/produkt\/oliventre-kors-med-var-far-bonn-20-cm-8-cr165\/","name":"Oliventrekors med v\u00e5r fars b\u00f8nn (20 cm \/ 8\u201d) #CR165 - Holy Land Olive Wood - Bethlehem Olive Wood Factory","isPartOf":{"@id":"https:\/\/old.holyland-olivewood.com\/no\/#website"},"primaryImageOfPage":{"@id":"https:\/\/old.holyland-olivewood.com\/no\/produkt\/oliventre-kors-med-var-far-bonn-20-cm-8-cr165\/#primaryimage"},"image":{"@id":"https:\/\/old.holyland-olivewood.com\/no\/produkt\/oliventre-kors-med-var-far-bonn-20-cm-8-cr165\/#primaryimage"},"thumbnailUrl":"https:\/\/old.holyland-olivewood.com\/wp-content\/uploads\/2022\/04\/olive_wood_cross_with_the_lords_prayer_cr165.jpg","datePublished":"2022-04-11T15:28:02+00:00","description":"Bethlehem oliventreh\u00e5ndverk (dvs. rosenkranser, Jerusalem, kors, krusifikser, perler) pennemner, blokker og r\u00e5materiale i standard og tilpassede dimensjoner","breadcrumb":{"@id":"https:\/\/old.holyland-olivewood.com\/no\/produkt\/oliventre-kors-med-var-far-bonn-20-cm-8-cr165\/#breadcrumb"},"inLanguage":"nb-NO","potentialAction":[{"@type":"ReadAction","target":["https:\/\/old.holyland-olivewood.com\/no\/produkt\/oliventre-kors-med-var-far-bonn-20-cm-8-cr165\/"]}]},{"@type":"ImageObject","inLanguage":"nb-NO","@id":"https:\/\/old.holyland-olivewood.com\/no\/produkt\/oliventre-kors-med-var-far-bonn-20-cm-8-cr165\/#primaryimage","url":"https:\/\/old.holyland-olivewood.com\/wp-content\/uploads\/2022\/04\/olive_wood_cross_with_the_lords_prayer_cr165.jpg","contentUrl":"https:\/\/old.holyland-olivewood.com\/wp-content\/uploads\/2022\/04\/olive_wood_cross_with_the_lords_prayer_cr165.jpg","width":1550,"height":1200},{"@type":"BreadcrumbList","@id":"https:\/\/old.holyland-olivewood.com\/no\/produkt\/oliventre-kors-med-var-far-bonn-20-cm-8-cr165\/#breadcrumb","itemListElement":[{"@type":"ListItem","position":1,"name":"Home","item":"https:\/\/old.holyland-olivewood.com\/no\/"},{"@type":"ListItem","position":2,"name":"Shop","item":"https:\/\/old.holyland-olivewood.com\/no\/shop\/"},{"@type":"ListItem","position":3,"name":"Oliventrekors med v\u00e5r fars b\u00f8nn (20 cm \/ 8\u201d) #CR165"}]},{"@type":"WebSite","@id":"https:\/\/old.holyland-olivewood.com\/no\/#website","url":"https:\/\/old.holyland-olivewood.com\/no\/","name":"Holy Land Olive Wood - Bethlehem Olive Wood Factory","description":"Holy Land Olivewood Bethlehem","publisher":{"@id":"https:\/\/old.holyland-olivewood.com\/no\/#organization"},"potentialAction":[{"@type":"SearchAction","target":{"@type":"EntryPoint","urlTemplate":"https:\/\/old.holyland-olivewood.com\/no\/?s={search_term_string}"},"query-input":{"@type":"PropertyValueSpecification","valueRequired":true,"valueName":"search_term_string"}}],"inLanguage":"nb-NO"},{"@type":"Organization","@id":"https:\/\/old.holyland-olivewood.com\/no\/#organization","name":"Holy Land Olivewood","url":"https:\/\/old.holyland-olivewood.com\/no\/","logo":{"@type":"ImageObject","inLanguage":"nb-NO","@id":"https:\/\/old.holyland-olivewood.com\/no\/#\/schema\/logo\/image\/","url":"","contentUrl":"","caption":"Holy Land Olivewood"},"image":{"@id":"https:\/\/old.holyland-olivewood.com\/no\/#\/schema\/logo\/image\/"},"sameAs":["https:\/\/www.facebook.com\/holylandolivewood.bethlehem\/","http:\/\/instagram.com\/holy.land.olive.wood"]}]}},"_links":{"self":[{"href":"https:\/\/old.holyland-olivewood.com\/no\/wp-json\/wp\/v2\/product\/51375","targetHints":{"allow":["GET"]}}],"collection":[{"href":"https:\/\/old.holyland-olivewood.com\/no\/wp-json\/wp\/v2\/product"}],"about":[{"href":"https:\/\/old.holyland-olivewood.com\/no\/wp-json\/wp\/v2\/types\/product"}],"wp:featuredmedia":[{"embeddable":true,"href":"https:\/\/old.holyland-olivewood.com\/no\/wp-json\/wp\/v2\/media\/51193"}],"wp:attachment":[{"href":"https:\/\/old.holyland-olivewood.com\/no\/wp-json\/wp\/v2\/media?parent=51375"}],"wp:term":[{"taxonomy":"product_brand","embeddable":true,"href":"https:\/\/old.holyland-olivewood.com\/no\/wp-json\/wp\/v2\/product_brand?post=51375"},{"taxonomy":"product_cat","embeddable":true,"href":"https:\/\/old.holyland-olivewood.com\/no\/wp-json\/wp\/v2\/product_cat?post=51375"},{"taxonomy":"product_tag","embeddable":true,"href":"https:\/\/old.holyland-olivewood.com\/no\/wp-json\/wp\/v2\/product_tag?post=51375"}],"curies":[{"name":"wp","href":"https:\/\/api.w.org\/{rel}","templated":true}]}}