{"id":47463,"date":"2016-05-30T09:51:38","date_gmt":"2022-02-12T06:25:40","guid":{"rendered":"https:\/\/old.holyland-olivewood.com\/product\/oliventreblokk-2-x-2-x-8-bl109\/"},"modified":"2022-02-12T06:25:40","modified_gmt":"2022-02-12T06:25:40","slug":"oliven-tre-blokk-2-x-2-x-8","status":"publish","type":"product","link":"https:\/\/old.holyland-olivewood.com\/no\/produkt\/oliven-tre-blokk-2-x-2-x-8\/","title":{"rendered":"Oliventreblokk (2&#8243; x 2&#8243; x 8&#8243;) #BL109"},"content":{"rendered":"","protected":false},"excerpt":{"rendered":"<p>Disse presisjonskuttede blokkene er laget i Det hellige land av b\u00e6rekraftig h\u00f8stet, autentisk Betlehem Olivewood. Hver blokk er fri for defekter.<\/p>\n<p>Denne varen inkluderer et ekthetssertifikat som bekrefter materialene og teknikkene som brukes for \u00e5 lage dette produktet.<\/p>\n<p>St\u00f8rrelse: 5 cm x 5 cm x 20,5 cm (2&#8243; x 2&#8243; x 8&#8243;)<\/p>\n","protected":false},"featured_media":27532,"template":"","meta":[],"product_brand":[],"product_cat":[1452,3893],"product_tag":[1485,1465,1457,1471,1459,1478,1109,1482,1484,1487,1480,1473,1068,1454,1467,1469,1461,1463,1475,1071],"class_list":{"0":"post-47463","1":"product","2":"type-product","3":"status-publish","4":"has-post-thumbnail","6":"product_cat-oliventre","7":"product_cat-blokker","8":"product_tag-bethlehem-jerusalem-no","9":"product_tag-blank-no","10":"product_tag-blanks-no","11":"product_tag-block-no","12":"product_tag-bolle","13":"product_tag-gjor-det-selv","14":"product_tag-haandlavet-no","15":"product_tag-handverk","16":"product_tag-handverk-no","17":"product_tag-hellig-land","18":"product_tag-hjemmelaget","19":"product_tag-logg-no","20":"product_tag-oliven-no","21":"product_tag-penn","22":"product_tag-plate","23":"product_tag-plater","24":"product_tag-sett-no","25":"product_tag-sett-no-2","26":"product_tag-tommerstokker","27":"product_tag-trae-no","29":"first","30":"instock","31":"shipping-taxable","32":"purchasable","33":"product-type-simple"},"yoast_head":"<!-- This site is optimized with the Yoast SEO plugin v24.8.1 - https:\/\/yoast.com\/wordpress\/plugins\/seo\/ -->\n<title>Oliventreblokk (2&quot; x 2&quot; x 8&quot;) #BL109 - Holy Land Olive Wood - Bethlehem Olive Wood Factory<\/title>\n<meta name=\"description\" content=\"Bethlehem oliventre h\u00e5ndverk (erosaries, kj\u00f8kkenutstyr, nativity, sett, perler) penn-emner utskj\u00e6ringer, plater, blokker, &amp; r\u00e5 lager i standard og tilpassede dimensjoner.\" \/>\n<meta name=\"robots\" content=\"index, follow, max-snippet:-1, max-image-preview:large, max-video-preview:-1\" \/>\n<link rel=\"canonical\" href=\"https:\/\/old.holyland-olivewood.com\/no\/produkt\/oliven-tre-blokk-2-x-2-x-8\/\" \/>\n<meta property=\"og:locale\" content=\"nb_NO\" \/>\n<meta property=\"og:type\" content=\"article\" \/>\n<meta property=\"og:title\" content=\"Oliventreblokk (2&quot; x 2&quot; x 8&quot;) #BL109 - Holy Land Olive Wood - Bethlehem Olive Wood Factory\" \/>\n<meta property=\"og:description\" content=\"Bethlehem oliventre h\u00e5ndverk (erosaries, kj\u00f8kkenutstyr, nativity, sett, perler) penn-emner utskj\u00e6ringer, plater, blokker, &amp; r\u00e5 lager i standard og tilpassede dimensjoner.\" \/>\n<meta property=\"og:url\" content=\"https:\/\/old.holyland-olivewood.com\/no\/produkt\/oliven-tre-blokk-2-x-2-x-8\/\" \/>\n<meta property=\"og:site_name\" content=\"Holy Land Olive Wood - Bethlehem Olive Wood Factory\" \/>\n<meta property=\"article:publisher\" content=\"https:\/\/www.facebook.com\/holylandolivewood.bethlehem\/\" \/>\n<meta property=\"og:image\" content=\"https:\/\/old.holyland-olivewood.com\/wp-content\/uploads\/2016\/05\/blocks_holy_land_olive_wood_bethlehem.jpg\" \/>\n\t<meta property=\"og:image:width\" content=\"1550\" \/>\n\t<meta property=\"og:image:height\" content=\"1200\" \/>\n\t<meta property=\"og:image:type\" content=\"image\/jpeg\" \/>\n<meta name=\"twitter:card\" content=\"summary_large_image\" \/>\n<script type=\"application\/ld+json\" class=\"yoast-schema-graph\">{\"@context\":\"https:\/\/schema.org\",\"@graph\":[{\"@type\":\"WebPage\",\"@id\":\"https:\/\/old.holyland-olivewood.com\/no\/produkt\/oliven-tre-blokk-2-x-2-x-8\/\",\"url\":\"https:\/\/old.holyland-olivewood.com\/no\/produkt\/oliven-tre-blokk-2-x-2-x-8\/\",\"name\":\"Oliventreblokk (2\\\" x 2\\\" x 8\\\") #BL109 - Holy Land Olive Wood - Bethlehem Olive Wood Factory\",\"isPartOf\":{\"@id\":\"https:\/\/old.holyland-olivewood.com\/no\/#website\"},\"primaryImageOfPage\":{\"@id\":\"https:\/\/old.holyland-olivewood.com\/no\/produkt\/oliven-tre-blokk-2-x-2-x-8\/#primaryimage\"},\"image\":{\"@id\":\"https:\/\/old.holyland-olivewood.com\/no\/produkt\/oliven-tre-blokk-2-x-2-x-8\/#primaryimage\"},\"thumbnailUrl\":\"https:\/\/old.holyland-olivewood.com\/wp-content\/uploads\/2016\/05\/blocks_holy_land_olive_wood_bethlehem.jpg\",\"datePublished\":\"2022-02-12T06:25:40+00:00\",\"description\":\"Bethlehem oliventre h\u00e5ndverk (erosaries, kj\u00f8kkenutstyr, nativity, sett, perler) penn-emner utskj\u00e6ringer, plater, blokker, & r\u00e5 lager i standard og tilpassede dimensjoner.\",\"breadcrumb\":{\"@id\":\"https:\/\/old.holyland-olivewood.com\/no\/produkt\/oliven-tre-blokk-2-x-2-x-8\/#breadcrumb\"},\"inLanguage\":\"nb-NO\",\"potentialAction\":[{\"@type\":\"ReadAction\",\"target\":[\"https:\/\/old.holyland-olivewood.com\/no\/produkt\/oliven-tre-blokk-2-x-2-x-8\/\"]}]},{\"@type\":\"ImageObject\",\"inLanguage\":\"nb-NO\",\"@id\":\"https:\/\/old.holyland-olivewood.com\/no\/produkt\/oliven-tre-blokk-2-x-2-x-8\/#primaryimage\",\"url\":\"https:\/\/old.holyland-olivewood.com\/wp-content\/uploads\/2016\/05\/blocks_holy_land_olive_wood_bethlehem.jpg\",\"contentUrl\":\"https:\/\/old.holyland-olivewood.com\/wp-content\/uploads\/2016\/05\/blocks_holy_land_olive_wood_bethlehem.jpg\",\"width\":1550,\"height\":1200},{\"@type\":\"BreadcrumbList\",\"@id\":\"https:\/\/old.holyland-olivewood.com\/no\/produkt\/oliven-tre-blokk-2-x-2-x-8\/#breadcrumb\",\"itemListElement\":[{\"@type\":\"ListItem\",\"position\":1,\"name\":\"Home\",\"item\":\"https:\/\/old.holyland-olivewood.com\/no\/\"},{\"@type\":\"ListItem\",\"position\":2,\"name\":\"Shop\",\"item\":\"https:\/\/old.holyland-olivewood.com\/no\/shop\/\"},{\"@type\":\"ListItem\",\"position\":3,\"name\":\"Oliventreblokk (2&#8243; x 2&#8243; x 8&#8243;) #BL109\"}]},{\"@type\":\"WebSite\",\"@id\":\"https:\/\/old.holyland-olivewood.com\/no\/#website\",\"url\":\"https:\/\/old.holyland-olivewood.com\/no\/\",\"name\":\"Holy Land Olive Wood - Bethlehem Olive Wood Factory\",\"description\":\"Holy Land Olivewood Bethlehem\",\"publisher\":{\"@id\":\"https:\/\/old.holyland-olivewood.com\/no\/#organization\"},\"potentialAction\":[{\"@type\":\"SearchAction\",\"target\":{\"@type\":\"EntryPoint\",\"urlTemplate\":\"https:\/\/old.holyland-olivewood.com\/no\/?s={search_term_string}\"},\"query-input\":{\"@type\":\"PropertyValueSpecification\",\"valueRequired\":true,\"valueName\":\"search_term_string\"}}],\"inLanguage\":\"nb-NO\"},{\"@type\":\"Organization\",\"@id\":\"https:\/\/old.holyland-olivewood.com\/no\/#organization\",\"name\":\"Holy Land Olivewood\",\"url\":\"https:\/\/old.holyland-olivewood.com\/no\/\",\"logo\":{\"@type\":\"ImageObject\",\"inLanguage\":\"nb-NO\",\"@id\":\"https:\/\/old.holyland-olivewood.com\/no\/#\/schema\/logo\/image\/\",\"url\":\"\",\"contentUrl\":\"\",\"caption\":\"Holy Land Olivewood\"},\"image\":{\"@id\":\"https:\/\/old.holyland-olivewood.com\/no\/#\/schema\/logo\/image\/\"},\"sameAs\":[\"https:\/\/www.facebook.com\/holylandolivewood.bethlehem\/\",\"http:\/\/instagram.com\/holy.land.olive.wood\"]}]}<\/script>\n<!-- \/ Yoast SEO plugin. -->","yoast_head_json":{"title":"Oliventreblokk (2\" x 2\" x 8\") #BL109 - Holy Land Olive Wood - Bethlehem Olive Wood Factory","description":"Bethlehem oliventre h\u00e5ndverk (erosaries, kj\u00f8kkenutstyr, nativity, sett, perler) penn-emner utskj\u00e6ringer, plater, blokker, & r\u00e5 lager i standard og tilpassede dimensjoner.","robots":{"index":"index","follow":"follow","max-snippet":"max-snippet:-1","max-image-preview":"max-image-preview:large","max-video-preview":"max-video-preview:-1"},"canonical":"https:\/\/old.holyland-olivewood.com\/no\/produkt\/oliven-tre-blokk-2-x-2-x-8\/","og_locale":"nb_NO","og_type":"article","og_title":"Oliventreblokk (2\" x 2\" x 8\") #BL109 - Holy Land Olive Wood - Bethlehem Olive Wood Factory","og_description":"Bethlehem oliventre h\u00e5ndverk (erosaries, kj\u00f8kkenutstyr, nativity, sett, perler) penn-emner utskj\u00e6ringer, plater, blokker, & r\u00e5 lager i standard og tilpassede dimensjoner.","og_url":"https:\/\/old.holyland-olivewood.com\/no\/produkt\/oliven-tre-blokk-2-x-2-x-8\/","og_site_name":"Holy Land Olive Wood - Bethlehem Olive Wood Factory","article_publisher":"https:\/\/www.facebook.com\/holylandolivewood.bethlehem\/","og_image":[{"width":1550,"height":1200,"url":"https:\/\/old.holyland-olivewood.com\/wp-content\/uploads\/2016\/05\/blocks_holy_land_olive_wood_bethlehem.jpg","type":"image\/jpeg"}],"twitter_card":"summary_large_image","schema":{"@context":"https:\/\/schema.org","@graph":[{"@type":"WebPage","@id":"https:\/\/old.holyland-olivewood.com\/no\/produkt\/oliven-tre-blokk-2-x-2-x-8\/","url":"https:\/\/old.holyland-olivewood.com\/no\/produkt\/oliven-tre-blokk-2-x-2-x-8\/","name":"Oliventreblokk (2\" x 2\" x 8\") #BL109 - Holy Land Olive Wood - Bethlehem Olive Wood Factory","isPartOf":{"@id":"https:\/\/old.holyland-olivewood.com\/no\/#website"},"primaryImageOfPage":{"@id":"https:\/\/old.holyland-olivewood.com\/no\/produkt\/oliven-tre-blokk-2-x-2-x-8\/#primaryimage"},"image":{"@id":"https:\/\/old.holyland-olivewood.com\/no\/produkt\/oliven-tre-blokk-2-x-2-x-8\/#primaryimage"},"thumbnailUrl":"https:\/\/old.holyland-olivewood.com\/wp-content\/uploads\/2016\/05\/blocks_holy_land_olive_wood_bethlehem.jpg","datePublished":"2022-02-12T06:25:40+00:00","description":"Bethlehem oliventre h\u00e5ndverk (erosaries, kj\u00f8kkenutstyr, nativity, sett, perler) penn-emner utskj\u00e6ringer, plater, blokker, & r\u00e5 lager i standard og tilpassede dimensjoner.","breadcrumb":{"@id":"https:\/\/old.holyland-olivewood.com\/no\/produkt\/oliven-tre-blokk-2-x-2-x-8\/#breadcrumb"},"inLanguage":"nb-NO","potentialAction":[{"@type":"ReadAction","target":["https:\/\/old.holyland-olivewood.com\/no\/produkt\/oliven-tre-blokk-2-x-2-x-8\/"]}]},{"@type":"ImageObject","inLanguage":"nb-NO","@id":"https:\/\/old.holyland-olivewood.com\/no\/produkt\/oliven-tre-blokk-2-x-2-x-8\/#primaryimage","url":"https:\/\/old.holyland-olivewood.com\/wp-content\/uploads\/2016\/05\/blocks_holy_land_olive_wood_bethlehem.jpg","contentUrl":"https:\/\/old.holyland-olivewood.com\/wp-content\/uploads\/2016\/05\/blocks_holy_land_olive_wood_bethlehem.jpg","width":1550,"height":1200},{"@type":"BreadcrumbList","@id":"https:\/\/old.holyland-olivewood.com\/no\/produkt\/oliven-tre-blokk-2-x-2-x-8\/#breadcrumb","itemListElement":[{"@type":"ListItem","position":1,"name":"Home","item":"https:\/\/old.holyland-olivewood.com\/no\/"},{"@type":"ListItem","position":2,"name":"Shop","item":"https:\/\/old.holyland-olivewood.com\/no\/shop\/"},{"@type":"ListItem","position":3,"name":"Oliventreblokk (2&#8243; x 2&#8243; x 8&#8243;) #BL109"}]},{"@type":"WebSite","@id":"https:\/\/old.holyland-olivewood.com\/no\/#website","url":"https:\/\/old.holyland-olivewood.com\/no\/","name":"Holy Land Olive Wood - Bethlehem Olive Wood Factory","description":"Holy Land Olivewood Bethlehem","publisher":{"@id":"https:\/\/old.holyland-olivewood.com\/no\/#organization"},"potentialAction":[{"@type":"SearchAction","target":{"@type":"EntryPoint","urlTemplate":"https:\/\/old.holyland-olivewood.com\/no\/?s={search_term_string}"},"query-input":{"@type":"PropertyValueSpecification","valueRequired":true,"valueName":"search_term_string"}}],"inLanguage":"nb-NO"},{"@type":"Organization","@id":"https:\/\/old.holyland-olivewood.com\/no\/#organization","name":"Holy Land Olivewood","url":"https:\/\/old.holyland-olivewood.com\/no\/","logo":{"@type":"ImageObject","inLanguage":"nb-NO","@id":"https:\/\/old.holyland-olivewood.com\/no\/#\/schema\/logo\/image\/","url":"","contentUrl":"","caption":"Holy Land Olivewood"},"image":{"@id":"https:\/\/old.holyland-olivewood.com\/no\/#\/schema\/logo\/image\/"},"sameAs":["https:\/\/www.facebook.com\/holylandolivewood.bethlehem\/","http:\/\/instagram.com\/holy.land.olive.wood"]}]}},"_links":{"self":[{"href":"https:\/\/old.holyland-olivewood.com\/no\/wp-json\/wp\/v2\/product\/47463","targetHints":{"allow":["GET"]}}],"collection":[{"href":"https:\/\/old.holyland-olivewood.com\/no\/wp-json\/wp\/v2\/product"}],"about":[{"href":"https:\/\/old.holyland-olivewood.com\/no\/wp-json\/wp\/v2\/types\/product"}],"wp:featuredmedia":[{"embeddable":true,"href":"https:\/\/old.holyland-olivewood.com\/no\/wp-json\/wp\/v2\/media\/27532"}],"wp:attachment":[{"href":"https:\/\/old.holyland-olivewood.com\/no\/wp-json\/wp\/v2\/media?parent=47463"}],"wp:term":[{"taxonomy":"product_brand","embeddable":true,"href":"https:\/\/old.holyland-olivewood.com\/no\/wp-json\/wp\/v2\/product_brand?post=47463"},{"taxonomy":"product_cat","embeddable":true,"href":"https:\/\/old.holyland-olivewood.com\/no\/wp-json\/wp\/v2\/product_cat?post=47463"},{"taxonomy":"product_tag","embeddable":true,"href":"https:\/\/old.holyland-olivewood.com\/no\/wp-json\/wp\/v2\/product_tag?post=47463"}],"curies":[{"name":"wp","href":"https:\/\/api.w.org\/{rel}","templated":true}]}}