{"id":47209,"date":"2016-05-30T16:41:16","date_gmt":"2022-02-11T21:06:14","guid":{"rendered":"https:\/\/old.holyland-olivewood.com\/product\/1-2-tykk-oliventreplate-4-x-10-s110\/"},"modified":"2022-02-11T21:06:14","modified_gmt":"2022-02-11T21:06:14","slug":"12-tykk-oliven-tre-plate-4-x-10","status":"publish","type":"product","link":"https:\/\/old.holyland-olivewood.com\/no\/produkt\/12-tykk-oliven-tre-plate-4-x-10\/","title":{"rendered":"1\/2&#8243; tykk oliventreplate (4&#8243; x 10&#8243;) #S110"},"content":{"rendered":"","protected":false},"excerpt":{"rendered":"<p>Disse presisjonskuttede platene er laget i Det hellige land av b\u00e6rekraftig h\u00f8stet, autentisk Bethlehem Olivewood. Platene viser frem det indre olivenhjertetreet, og viser et blendende \u00e5rem\u00f8nster med et flytende utvalg av farger. De er ogs\u00e5 h\u00e5ndvalgt for beste korn, farger og betydelige sprekker. Vi selger og eksporterer v\u00e5re treplater i rett form, men ogs\u00e5 mulig \u00e5 kj\u00f8pe i naturlig kurve. Disse oliventreplatene kan brukes til \u00e5 lage alle slags m\u00f8bler, d\u00f8rer, gulv og slikt. Hver plate er fri for defekter.<\/p>\n<p>Denne varen inkluderer et ekthetssertifikat som bekrefter materialene og teknikkene som brukes for \u00e5 lage dette produktet.<\/p>\n<p>St\u00f8rrelse: 1,3 cm x 10,5 cm x 25,5 cm (0,5&#8243; x 4&#8243; x 10&#8243;)<\/p>\n","protected":false},"featured_media":33124,"template":"","meta":[],"product_brand":[],"product_cat":[1452,1450],"product_tag":[1485,1465,1457,1471,1459,1478,1109,1482,1484,1487,1480,1473,1068,1454,1467,1469,1461,1463,1475,1071],"class_list":{"0":"post-47209","1":"product","2":"type-product","3":"status-publish","4":"has-post-thumbnail","6":"product_cat-oliventre","7":"product_cat-plater","8":"product_tag-bethlehem-jerusalem-no","9":"product_tag-blank-no","10":"product_tag-blanks-no","11":"product_tag-block-no","12":"product_tag-bolle","13":"product_tag-gjor-det-selv","14":"product_tag-haandlavet-no","15":"product_tag-handverk","16":"product_tag-handverk-no","17":"product_tag-hellig-land","18":"product_tag-hjemmelaget","19":"product_tag-logg-no","20":"product_tag-oliven-no","21":"product_tag-penn","22":"product_tag-plate","23":"product_tag-plater","24":"product_tag-sett-no","25":"product_tag-sett-no-2","26":"product_tag-tommerstokker","27":"product_tag-trae-no","29":"first","30":"instock","31":"shipping-taxable","32":"purchasable","33":"product-type-simple"},"yoast_head":"<!-- This site is optimized with the Yoast SEO plugin v24.8.1 - https:\/\/yoast.com\/wordpress\/plugins\/seo\/ -->\n<title>1\/2&quot; tykk oliventreplate (4&quot; x 10&quot;) #S110 - Holy Land Olive Wood - Bethlehem Olive Wood Factory<\/title>\n<meta name=\"description\" content=\"Bethlehem oliventre h\u00e5ndverk (erosaries, kj\u00f8kkenutstyr, nativity, sett, perler) penn-emner utskj\u00e6ringer, plater, blokker, &amp; r\u00e5 lager i standard og tilpassede dimensjoner.\" \/>\n<meta name=\"robots\" content=\"index, follow, max-snippet:-1, max-image-preview:large, max-video-preview:-1\" \/>\n<link rel=\"canonical\" href=\"https:\/\/old.holyland-olivewood.com\/no\/produkt\/12-tykk-oliven-tre-plate-4-x-10\/\" \/>\n<meta property=\"og:locale\" content=\"nb_NO\" \/>\n<meta property=\"og:type\" content=\"article\" \/>\n<meta property=\"og:title\" content=\"1\/2&quot; tykk oliventreplate (4&quot; x 10&quot;) #S110 - Holy Land Olive Wood - Bethlehem Olive Wood Factory\" \/>\n<meta property=\"og:description\" content=\"Bethlehem oliventre h\u00e5ndverk (erosaries, kj\u00f8kkenutstyr, nativity, sett, perler) penn-emner utskj\u00e6ringer, plater, blokker, &amp; r\u00e5 lager i standard og tilpassede dimensjoner.\" \/>\n<meta property=\"og:url\" content=\"https:\/\/old.holyland-olivewood.com\/no\/produkt\/12-tykk-oliven-tre-plate-4-x-10\/\" \/>\n<meta property=\"og:site_name\" content=\"Holy Land Olive Wood - Bethlehem Olive Wood Factory\" \/>\n<meta property=\"article:publisher\" content=\"https:\/\/www.facebook.com\/holylandolivewood.bethlehem\/\" \/>\n<meta property=\"og:image\" content=\"https:\/\/old.holyland-olivewood.com\/wp-content\/uploads\/2016\/05\/slabs_holy_land_olive_wood_bethlehem_s110_1.jpg\" \/>\n\t<meta property=\"og:image:width\" content=\"1550\" \/>\n\t<meta property=\"og:image:height\" content=\"1200\" \/>\n\t<meta property=\"og:image:type\" content=\"image\/jpeg\" \/>\n<meta name=\"twitter:card\" content=\"summary_large_image\" \/>\n<script type=\"application\/ld+json\" class=\"yoast-schema-graph\">{\"@context\":\"https:\/\/schema.org\",\"@graph\":[{\"@type\":\"WebPage\",\"@id\":\"https:\/\/old.holyland-olivewood.com\/no\/produkt\/12-tykk-oliven-tre-plate-4-x-10\/\",\"url\":\"https:\/\/old.holyland-olivewood.com\/no\/produkt\/12-tykk-oliven-tre-plate-4-x-10\/\",\"name\":\"1\/2\\\" tykk oliventreplate (4\\\" x 10\\\") #S110 - Holy Land Olive Wood - Bethlehem Olive Wood Factory\",\"isPartOf\":{\"@id\":\"https:\/\/old.holyland-olivewood.com\/no\/#website\"},\"primaryImageOfPage\":{\"@id\":\"https:\/\/old.holyland-olivewood.com\/no\/produkt\/12-tykk-oliven-tre-plate-4-x-10\/#primaryimage\"},\"image\":{\"@id\":\"https:\/\/old.holyland-olivewood.com\/no\/produkt\/12-tykk-oliven-tre-plate-4-x-10\/#primaryimage\"},\"thumbnailUrl\":\"https:\/\/old.holyland-olivewood.com\/wp-content\/uploads\/2016\/05\/slabs_holy_land_olive_wood_bethlehem_s110_1.jpg\",\"datePublished\":\"2022-02-11T21:06:14+00:00\",\"description\":\"Bethlehem oliventre h\u00e5ndverk (erosaries, kj\u00f8kkenutstyr, nativity, sett, perler) penn-emner utskj\u00e6ringer, plater, blokker, & r\u00e5 lager i standard og tilpassede dimensjoner.\",\"breadcrumb\":{\"@id\":\"https:\/\/old.holyland-olivewood.com\/no\/produkt\/12-tykk-oliven-tre-plate-4-x-10\/#breadcrumb\"},\"inLanguage\":\"nb-NO\",\"potentialAction\":[{\"@type\":\"ReadAction\",\"target\":[\"https:\/\/old.holyland-olivewood.com\/no\/produkt\/12-tykk-oliven-tre-plate-4-x-10\/\"]}]},{\"@type\":\"ImageObject\",\"inLanguage\":\"nb-NO\",\"@id\":\"https:\/\/old.holyland-olivewood.com\/no\/produkt\/12-tykk-oliven-tre-plate-4-x-10\/#primaryimage\",\"url\":\"https:\/\/old.holyland-olivewood.com\/wp-content\/uploads\/2016\/05\/slabs_holy_land_olive_wood_bethlehem_s110_1.jpg\",\"contentUrl\":\"https:\/\/old.holyland-olivewood.com\/wp-content\/uploads\/2016\/05\/slabs_holy_land_olive_wood_bethlehem_s110_1.jpg\",\"width\":1550,\"height\":1200},{\"@type\":\"BreadcrumbList\",\"@id\":\"https:\/\/old.holyland-olivewood.com\/no\/produkt\/12-tykk-oliven-tre-plate-4-x-10\/#breadcrumb\",\"itemListElement\":[{\"@type\":\"ListItem\",\"position\":1,\"name\":\"Home\",\"item\":\"https:\/\/old.holyland-olivewood.com\/no\/\"},{\"@type\":\"ListItem\",\"position\":2,\"name\":\"Shop\",\"item\":\"https:\/\/old.holyland-olivewood.com\/no\/shop\/\"},{\"@type\":\"ListItem\",\"position\":3,\"name\":\"1\/2&#8243; tykk oliventreplate (4&#8243; x 10&#8243;) #S110\"}]},{\"@type\":\"WebSite\",\"@id\":\"https:\/\/old.holyland-olivewood.com\/no\/#website\",\"url\":\"https:\/\/old.holyland-olivewood.com\/no\/\",\"name\":\"Holy Land Olive Wood - Bethlehem Olive Wood Factory\",\"description\":\"Holy Land Olivewood Bethlehem\",\"publisher\":{\"@id\":\"https:\/\/old.holyland-olivewood.com\/no\/#organization\"},\"potentialAction\":[{\"@type\":\"SearchAction\",\"target\":{\"@type\":\"EntryPoint\",\"urlTemplate\":\"https:\/\/old.holyland-olivewood.com\/no\/?s={search_term_string}\"},\"query-input\":{\"@type\":\"PropertyValueSpecification\",\"valueRequired\":true,\"valueName\":\"search_term_string\"}}],\"inLanguage\":\"nb-NO\"},{\"@type\":\"Organization\",\"@id\":\"https:\/\/old.holyland-olivewood.com\/no\/#organization\",\"name\":\"Holy Land Olivewood\",\"url\":\"https:\/\/old.holyland-olivewood.com\/no\/\",\"logo\":{\"@type\":\"ImageObject\",\"inLanguage\":\"nb-NO\",\"@id\":\"https:\/\/old.holyland-olivewood.com\/no\/#\/schema\/logo\/image\/\",\"url\":\"\",\"contentUrl\":\"\",\"caption\":\"Holy Land Olivewood\"},\"image\":{\"@id\":\"https:\/\/old.holyland-olivewood.com\/no\/#\/schema\/logo\/image\/\"},\"sameAs\":[\"https:\/\/www.facebook.com\/holylandolivewood.bethlehem\/\",\"http:\/\/instagram.com\/holy.land.olive.wood\"]}]}<\/script>\n<!-- \/ Yoast SEO plugin. -->","yoast_head_json":{"title":"1\/2\" tykk oliventreplate (4\" x 10\") #S110 - Holy Land Olive Wood - Bethlehem Olive Wood Factory","description":"Bethlehem oliventre h\u00e5ndverk (erosaries, kj\u00f8kkenutstyr, nativity, sett, perler) penn-emner utskj\u00e6ringer, plater, blokker, & r\u00e5 lager i standard og tilpassede dimensjoner.","robots":{"index":"index","follow":"follow","max-snippet":"max-snippet:-1","max-image-preview":"max-image-preview:large","max-video-preview":"max-video-preview:-1"},"canonical":"https:\/\/old.holyland-olivewood.com\/no\/produkt\/12-tykk-oliven-tre-plate-4-x-10\/","og_locale":"nb_NO","og_type":"article","og_title":"1\/2\" tykk oliventreplate (4\" x 10\") #S110 - Holy Land Olive Wood - Bethlehem Olive Wood Factory","og_description":"Bethlehem oliventre h\u00e5ndverk (erosaries, kj\u00f8kkenutstyr, nativity, sett, perler) penn-emner utskj\u00e6ringer, plater, blokker, & r\u00e5 lager i standard og tilpassede dimensjoner.","og_url":"https:\/\/old.holyland-olivewood.com\/no\/produkt\/12-tykk-oliven-tre-plate-4-x-10\/","og_site_name":"Holy Land Olive Wood - Bethlehem Olive Wood Factory","article_publisher":"https:\/\/www.facebook.com\/holylandolivewood.bethlehem\/","og_image":[{"width":1550,"height":1200,"url":"https:\/\/old.holyland-olivewood.com\/wp-content\/uploads\/2016\/05\/slabs_holy_land_olive_wood_bethlehem_s110_1.jpg","type":"image\/jpeg"}],"twitter_card":"summary_large_image","schema":{"@context":"https:\/\/schema.org","@graph":[{"@type":"WebPage","@id":"https:\/\/old.holyland-olivewood.com\/no\/produkt\/12-tykk-oliven-tre-plate-4-x-10\/","url":"https:\/\/old.holyland-olivewood.com\/no\/produkt\/12-tykk-oliven-tre-plate-4-x-10\/","name":"1\/2\" tykk oliventreplate (4\" x 10\") #S110 - Holy Land Olive Wood - Bethlehem Olive Wood Factory","isPartOf":{"@id":"https:\/\/old.holyland-olivewood.com\/no\/#website"},"primaryImageOfPage":{"@id":"https:\/\/old.holyland-olivewood.com\/no\/produkt\/12-tykk-oliven-tre-plate-4-x-10\/#primaryimage"},"image":{"@id":"https:\/\/old.holyland-olivewood.com\/no\/produkt\/12-tykk-oliven-tre-plate-4-x-10\/#primaryimage"},"thumbnailUrl":"https:\/\/old.holyland-olivewood.com\/wp-content\/uploads\/2016\/05\/slabs_holy_land_olive_wood_bethlehem_s110_1.jpg","datePublished":"2022-02-11T21:06:14+00:00","description":"Bethlehem oliventre h\u00e5ndverk (erosaries, kj\u00f8kkenutstyr, nativity, sett, perler) penn-emner utskj\u00e6ringer, plater, blokker, & r\u00e5 lager i standard og tilpassede dimensjoner.","breadcrumb":{"@id":"https:\/\/old.holyland-olivewood.com\/no\/produkt\/12-tykk-oliven-tre-plate-4-x-10\/#breadcrumb"},"inLanguage":"nb-NO","potentialAction":[{"@type":"ReadAction","target":["https:\/\/old.holyland-olivewood.com\/no\/produkt\/12-tykk-oliven-tre-plate-4-x-10\/"]}]},{"@type":"ImageObject","inLanguage":"nb-NO","@id":"https:\/\/old.holyland-olivewood.com\/no\/produkt\/12-tykk-oliven-tre-plate-4-x-10\/#primaryimage","url":"https:\/\/old.holyland-olivewood.com\/wp-content\/uploads\/2016\/05\/slabs_holy_land_olive_wood_bethlehem_s110_1.jpg","contentUrl":"https:\/\/old.holyland-olivewood.com\/wp-content\/uploads\/2016\/05\/slabs_holy_land_olive_wood_bethlehem_s110_1.jpg","width":1550,"height":1200},{"@type":"BreadcrumbList","@id":"https:\/\/old.holyland-olivewood.com\/no\/produkt\/12-tykk-oliven-tre-plate-4-x-10\/#breadcrumb","itemListElement":[{"@type":"ListItem","position":1,"name":"Home","item":"https:\/\/old.holyland-olivewood.com\/no\/"},{"@type":"ListItem","position":2,"name":"Shop","item":"https:\/\/old.holyland-olivewood.com\/no\/shop\/"},{"@type":"ListItem","position":3,"name":"1\/2&#8243; tykk oliventreplate (4&#8243; x 10&#8243;) #S110"}]},{"@type":"WebSite","@id":"https:\/\/old.holyland-olivewood.com\/no\/#website","url":"https:\/\/old.holyland-olivewood.com\/no\/","name":"Holy Land Olive Wood - Bethlehem Olive Wood Factory","description":"Holy Land Olivewood Bethlehem","publisher":{"@id":"https:\/\/old.holyland-olivewood.com\/no\/#organization"},"potentialAction":[{"@type":"SearchAction","target":{"@type":"EntryPoint","urlTemplate":"https:\/\/old.holyland-olivewood.com\/no\/?s={search_term_string}"},"query-input":{"@type":"PropertyValueSpecification","valueRequired":true,"valueName":"search_term_string"}}],"inLanguage":"nb-NO"},{"@type":"Organization","@id":"https:\/\/old.holyland-olivewood.com\/no\/#organization","name":"Holy Land Olivewood","url":"https:\/\/old.holyland-olivewood.com\/no\/","logo":{"@type":"ImageObject","inLanguage":"nb-NO","@id":"https:\/\/old.holyland-olivewood.com\/no\/#\/schema\/logo\/image\/","url":"","contentUrl":"","caption":"Holy Land Olivewood"},"image":{"@id":"https:\/\/old.holyland-olivewood.com\/no\/#\/schema\/logo\/image\/"},"sameAs":["https:\/\/www.facebook.com\/holylandolivewood.bethlehem\/","http:\/\/instagram.com\/holy.land.olive.wood"]}]}},"_links":{"self":[{"href":"https:\/\/old.holyland-olivewood.com\/no\/wp-json\/wp\/v2\/product\/47209","targetHints":{"allow":["GET"]}}],"collection":[{"href":"https:\/\/old.holyland-olivewood.com\/no\/wp-json\/wp\/v2\/product"}],"about":[{"href":"https:\/\/old.holyland-olivewood.com\/no\/wp-json\/wp\/v2\/types\/product"}],"wp:featuredmedia":[{"embeddable":true,"href":"https:\/\/old.holyland-olivewood.com\/no\/wp-json\/wp\/v2\/media\/33124"}],"wp:attachment":[{"href":"https:\/\/old.holyland-olivewood.com\/no\/wp-json\/wp\/v2\/media?parent=47209"}],"wp:term":[{"taxonomy":"product_brand","embeddable":true,"href":"https:\/\/old.holyland-olivewood.com\/no\/wp-json\/wp\/v2\/product_brand?post=47209"},{"taxonomy":"product_cat","embeddable":true,"href":"https:\/\/old.holyland-olivewood.com\/no\/wp-json\/wp\/v2\/product_cat?post=47209"},{"taxonomy":"product_tag","embeddable":true,"href":"https:\/\/old.holyland-olivewood.com\/no\/wp-json\/wp\/v2\/product_tag?post=47209"}],"curies":[{"name":"wp","href":"https:\/\/api.w.org\/{rel}","templated":true}]}}