{"id":46485,"date":"2016-05-30T20:08:22","date_gmt":"2022-02-11T18:47:19","guid":{"rendered":"https:\/\/old.holyland-olivewood.com\/product\/katolsk-oliventrekors-16-cm-650-cr117\/"},"modified":"2022-02-11T18:47:19","modified_gmt":"2022-02-11T18:47:19","slug":"katolsk-oliven-tre-kryss-16-cm-6-50","status":"publish","type":"product","link":"https:\/\/old.holyland-olivewood.com\/no\/produkt\/katolsk-oliven-tre-kryss-16-cm-6-50\/","title":{"rendered":"Katolsk oliventrekors (16 cm \/ 6,50&#8221;) #CR117"},"content":{"rendered":"","protected":false},"excerpt":{"rendered":"<p>Dette tradisjonelle, puristiske korset er h\u00e5ndlaget i Det hellige land av b\u00e6rekraftig h\u00f8stet, autentisk Betlehem Olivewood.<\/p>\n<p>Dette korset er en n\u00f8yaktig kopi av de f\u00f8rste h\u00e5ndlagde korsene laget i Betlehem. Den enkle designen dateres tilbake til mange \u00e5rhundrer siden da europeiske og senere amerikanske kristne f\u00f8rst begynte \u00e5 valfarte til Betlehem og s\u00f8kte suvenirer \u00e5 ta med seg hjem. Derfor skapte dette stykket sammen med v\u00e5r h\u00e5ndstrengede rosenkrans i oliventre h\u00e5ndverkssektoren for oliventre i Betlehem.<\/p>\n<p>Denne varen inkluderer et ekthetssertifikat som bekrefter materialene og teknikkene som brukes for \u00e5 lage dette produktet.<\/p>\n<p>St\u00f8rrelse: 16 cm (6,5 tommer)<\/p>\n","protected":false},"featured_media":27893,"template":"","meta":[],"product_brand":[],"product_cat":[1046,1042],"product_tag":[1184,1173,1049,1150,1163,1122,1109,1127,1092,1187,1102,1097,1119,1177,1182,1157,1141,1136,1145,1062,1057,1131,1168,1068,1077,1180,1175,1113,1053,1186,1071,1082],"class_list":{"0":"post-46485","1":"product","2":"type-product","3":"status-publish","4":"has-post-thumbnail","6":"product_cat-kunsthaandvaerk-no","7":"product_cat-kors-og-krucifikser-no","8":"product_tag-14-no","9":"product_tag-af-no","10":"product_tag-betlehem-no","11":"product_tag-boen-no","12":"product_tag-foedselskirken-no","13":"product_tag-ga","14":"product_tag-haandlavet-no","15":"product_tag-haandvaerk-no","16":"product_tag-hellig-no","17":"product_tag-hi","18":"product_tag-jerusalem-no","19":"product_tag-jord-no","20":"product_tag-jul-no","21":"product_tag-katolsk-no","22":"product_tag-keltisk-no","23":"product_tag-kirke-no","24":"product_tag-kors-no","25":"product_tag-kristen-no","26":"product_tag-krucifiks-no","27":"product_tag-krucifikser-no","28":"product_tag-krydser-no","29":"product_tag-kunsthaandvaerk-no","30":"product_tag-mor-no","31":"product_tag-oliven-no","32":"product_tag-oliventrae-no","33":"product_tag-ortodoks-no","34":"product_tag-perle-no","35":"product_tag-rosenkrans-no","36":"product_tag-rosenkranse-no","37":"product_tag-skriver","38":"product_tag-trae-no","39":"product_tag-udskaering-no","41":"first","42":"instock","43":"shipping-taxable","44":"purchasable","45":"product-type-simple"},"yoast_head":"<!-- This site is optimized with the Yoast SEO plugin v24.8.1 - https:\/\/yoast.com\/wordpress\/plugins\/seo\/ -->\n<title>Katolsk oliventrekors (16 cm \/ 6,50&#039;&#039;) #CR117 - Holy Land Olive Wood - Bethlehem Olive Wood Factory<\/title>\n<meta name=\"description\" content=\"Bethlehem oliventreh\u00e5ndverk (dvs. rosenkranser, Jerusalem, kors, krusifikser, perler) pennemner, blokker og r\u00e5varer i standard og tilpassede dimensjoner\" \/>\n<meta name=\"robots\" content=\"index, follow, max-snippet:-1, max-image-preview:large, max-video-preview:-1\" \/>\n<link rel=\"canonical\" href=\"https:\/\/old.holyland-olivewood.com\/no\/produkt\/katolsk-oliven-tre-kryss-16-cm-6-50\/\" \/>\n<meta property=\"og:locale\" content=\"nb_NO\" \/>\n<meta property=\"og:type\" content=\"article\" \/>\n<meta property=\"og:title\" content=\"Katolsk oliventrekors (16 cm \/ 6,50&#039;&#039;) #CR117 - Holy Land Olive Wood - Bethlehem Olive Wood Factory\" \/>\n<meta property=\"og:description\" content=\"Bethlehem oliventreh\u00e5ndverk (dvs. rosenkranser, Jerusalem, kors, krusifikser, perler) pennemner, blokker og r\u00e5varer i standard og tilpassede dimensjoner\" \/>\n<meta property=\"og:url\" content=\"https:\/\/old.holyland-olivewood.com\/no\/produkt\/katolsk-oliven-tre-kryss-16-cm-6-50\/\" \/>\n<meta property=\"og:site_name\" content=\"Holy Land Olive Wood - Bethlehem Olive Wood Factory\" \/>\n<meta property=\"article:publisher\" content=\"https:\/\/www.facebook.com\/holylandolivewood.bethlehem\/\" \/>\n<meta property=\"og:image\" content=\"https:\/\/old.holyland-olivewood.com\/wp-content\/uploads\/2016\/05\/cross_holy_land_olive_wood_bethlehem_cr114tocr118.jpg\" \/>\n\t<meta property=\"og:image:width\" content=\"1550\" \/>\n\t<meta property=\"og:image:height\" content=\"1200\" \/>\n\t<meta property=\"og:image:type\" content=\"image\/jpeg\" \/>\n<meta name=\"twitter:card\" content=\"summary_large_image\" \/>\n<script type=\"application\/ld+json\" class=\"yoast-schema-graph\">{\"@context\":\"https:\/\/schema.org\",\"@graph\":[{\"@type\":\"WebPage\",\"@id\":\"https:\/\/old.holyland-olivewood.com\/no\/produkt\/katolsk-oliven-tre-kryss-16-cm-6-50\/\",\"url\":\"https:\/\/old.holyland-olivewood.com\/no\/produkt\/katolsk-oliven-tre-kryss-16-cm-6-50\/\",\"name\":\"Katolsk oliventrekors (16 cm \/ 6,50'') #CR117 - Holy Land Olive Wood - Bethlehem Olive Wood Factory\",\"isPartOf\":{\"@id\":\"https:\/\/old.holyland-olivewood.com\/no\/#website\"},\"primaryImageOfPage\":{\"@id\":\"https:\/\/old.holyland-olivewood.com\/no\/produkt\/katolsk-oliven-tre-kryss-16-cm-6-50\/#primaryimage\"},\"image\":{\"@id\":\"https:\/\/old.holyland-olivewood.com\/no\/produkt\/katolsk-oliven-tre-kryss-16-cm-6-50\/#primaryimage\"},\"thumbnailUrl\":\"https:\/\/old.holyland-olivewood.com\/wp-content\/uploads\/2016\/05\/cross_holy_land_olive_wood_bethlehem_cr114tocr118.jpg\",\"datePublished\":\"2022-02-11T18:47:19+00:00\",\"description\":\"Bethlehem oliventreh\u00e5ndverk (dvs. rosenkranser, Jerusalem, kors, krusifikser, perler) pennemner, blokker og r\u00e5varer i standard og tilpassede dimensjoner\",\"breadcrumb\":{\"@id\":\"https:\/\/old.holyland-olivewood.com\/no\/produkt\/katolsk-oliven-tre-kryss-16-cm-6-50\/#breadcrumb\"},\"inLanguage\":\"nb-NO\",\"potentialAction\":[{\"@type\":\"ReadAction\",\"target\":[\"https:\/\/old.holyland-olivewood.com\/no\/produkt\/katolsk-oliven-tre-kryss-16-cm-6-50\/\"]}]},{\"@type\":\"ImageObject\",\"inLanguage\":\"nb-NO\",\"@id\":\"https:\/\/old.holyland-olivewood.com\/no\/produkt\/katolsk-oliven-tre-kryss-16-cm-6-50\/#primaryimage\",\"url\":\"https:\/\/old.holyland-olivewood.com\/wp-content\/uploads\/2016\/05\/cross_holy_land_olive_wood_bethlehem_cr114tocr118.jpg\",\"contentUrl\":\"https:\/\/old.holyland-olivewood.com\/wp-content\/uploads\/2016\/05\/cross_holy_land_olive_wood_bethlehem_cr114tocr118.jpg\",\"width\":1550,\"height\":1200},{\"@type\":\"BreadcrumbList\",\"@id\":\"https:\/\/old.holyland-olivewood.com\/no\/produkt\/katolsk-oliven-tre-kryss-16-cm-6-50\/#breadcrumb\",\"itemListElement\":[{\"@type\":\"ListItem\",\"position\":1,\"name\":\"Home\",\"item\":\"https:\/\/old.holyland-olivewood.com\/no\/\"},{\"@type\":\"ListItem\",\"position\":2,\"name\":\"Shop\",\"item\":\"https:\/\/old.holyland-olivewood.com\/no\/shop\/\"},{\"@type\":\"ListItem\",\"position\":3,\"name\":\"Katolsk oliventrekors (16 cm \/ 6,50&#8221;) #CR117\"}]},{\"@type\":\"WebSite\",\"@id\":\"https:\/\/old.holyland-olivewood.com\/no\/#website\",\"url\":\"https:\/\/old.holyland-olivewood.com\/no\/\",\"name\":\"Holy Land Olive Wood - Bethlehem Olive Wood Factory\",\"description\":\"Holy Land Olivewood Bethlehem\",\"publisher\":{\"@id\":\"https:\/\/old.holyland-olivewood.com\/no\/#organization\"},\"potentialAction\":[{\"@type\":\"SearchAction\",\"target\":{\"@type\":\"EntryPoint\",\"urlTemplate\":\"https:\/\/old.holyland-olivewood.com\/no\/?s={search_term_string}\"},\"query-input\":{\"@type\":\"PropertyValueSpecification\",\"valueRequired\":true,\"valueName\":\"search_term_string\"}}],\"inLanguage\":\"nb-NO\"},{\"@type\":\"Organization\",\"@id\":\"https:\/\/old.holyland-olivewood.com\/no\/#organization\",\"name\":\"Holy Land Olivewood\",\"url\":\"https:\/\/old.holyland-olivewood.com\/no\/\",\"logo\":{\"@type\":\"ImageObject\",\"inLanguage\":\"nb-NO\",\"@id\":\"https:\/\/old.holyland-olivewood.com\/no\/#\/schema\/logo\/image\/\",\"url\":\"\",\"contentUrl\":\"\",\"caption\":\"Holy Land Olivewood\"},\"image\":{\"@id\":\"https:\/\/old.holyland-olivewood.com\/no\/#\/schema\/logo\/image\/\"},\"sameAs\":[\"https:\/\/www.facebook.com\/holylandolivewood.bethlehem\/\",\"http:\/\/instagram.com\/holy.land.olive.wood\"]}]}<\/script>\n<!-- \/ Yoast SEO plugin. -->","yoast_head_json":{"title":"Katolsk oliventrekors (16 cm \/ 6,50'') #CR117 - Holy Land Olive Wood - Bethlehem Olive Wood Factory","description":"Bethlehem oliventreh\u00e5ndverk (dvs. rosenkranser, Jerusalem, kors, krusifikser, perler) pennemner, blokker og r\u00e5varer i standard og tilpassede dimensjoner","robots":{"index":"index","follow":"follow","max-snippet":"max-snippet:-1","max-image-preview":"max-image-preview:large","max-video-preview":"max-video-preview:-1"},"canonical":"https:\/\/old.holyland-olivewood.com\/no\/produkt\/katolsk-oliven-tre-kryss-16-cm-6-50\/","og_locale":"nb_NO","og_type":"article","og_title":"Katolsk oliventrekors (16 cm \/ 6,50'') #CR117 - Holy Land Olive Wood - Bethlehem Olive Wood Factory","og_description":"Bethlehem oliventreh\u00e5ndverk (dvs. rosenkranser, Jerusalem, kors, krusifikser, perler) pennemner, blokker og r\u00e5varer i standard og tilpassede dimensjoner","og_url":"https:\/\/old.holyland-olivewood.com\/no\/produkt\/katolsk-oliven-tre-kryss-16-cm-6-50\/","og_site_name":"Holy Land Olive Wood - Bethlehem Olive Wood Factory","article_publisher":"https:\/\/www.facebook.com\/holylandolivewood.bethlehem\/","og_image":[{"width":1550,"height":1200,"url":"https:\/\/old.holyland-olivewood.com\/wp-content\/uploads\/2016\/05\/cross_holy_land_olive_wood_bethlehem_cr114tocr118.jpg","type":"image\/jpeg"}],"twitter_card":"summary_large_image","schema":{"@context":"https:\/\/schema.org","@graph":[{"@type":"WebPage","@id":"https:\/\/old.holyland-olivewood.com\/no\/produkt\/katolsk-oliven-tre-kryss-16-cm-6-50\/","url":"https:\/\/old.holyland-olivewood.com\/no\/produkt\/katolsk-oliven-tre-kryss-16-cm-6-50\/","name":"Katolsk oliventrekors (16 cm \/ 6,50'') #CR117 - Holy Land Olive Wood - Bethlehem Olive Wood Factory","isPartOf":{"@id":"https:\/\/old.holyland-olivewood.com\/no\/#website"},"primaryImageOfPage":{"@id":"https:\/\/old.holyland-olivewood.com\/no\/produkt\/katolsk-oliven-tre-kryss-16-cm-6-50\/#primaryimage"},"image":{"@id":"https:\/\/old.holyland-olivewood.com\/no\/produkt\/katolsk-oliven-tre-kryss-16-cm-6-50\/#primaryimage"},"thumbnailUrl":"https:\/\/old.holyland-olivewood.com\/wp-content\/uploads\/2016\/05\/cross_holy_land_olive_wood_bethlehem_cr114tocr118.jpg","datePublished":"2022-02-11T18:47:19+00:00","description":"Bethlehem oliventreh\u00e5ndverk (dvs. rosenkranser, Jerusalem, kors, krusifikser, perler) pennemner, blokker og r\u00e5varer i standard og tilpassede dimensjoner","breadcrumb":{"@id":"https:\/\/old.holyland-olivewood.com\/no\/produkt\/katolsk-oliven-tre-kryss-16-cm-6-50\/#breadcrumb"},"inLanguage":"nb-NO","potentialAction":[{"@type":"ReadAction","target":["https:\/\/old.holyland-olivewood.com\/no\/produkt\/katolsk-oliven-tre-kryss-16-cm-6-50\/"]}]},{"@type":"ImageObject","inLanguage":"nb-NO","@id":"https:\/\/old.holyland-olivewood.com\/no\/produkt\/katolsk-oliven-tre-kryss-16-cm-6-50\/#primaryimage","url":"https:\/\/old.holyland-olivewood.com\/wp-content\/uploads\/2016\/05\/cross_holy_land_olive_wood_bethlehem_cr114tocr118.jpg","contentUrl":"https:\/\/old.holyland-olivewood.com\/wp-content\/uploads\/2016\/05\/cross_holy_land_olive_wood_bethlehem_cr114tocr118.jpg","width":1550,"height":1200},{"@type":"BreadcrumbList","@id":"https:\/\/old.holyland-olivewood.com\/no\/produkt\/katolsk-oliven-tre-kryss-16-cm-6-50\/#breadcrumb","itemListElement":[{"@type":"ListItem","position":1,"name":"Home","item":"https:\/\/old.holyland-olivewood.com\/no\/"},{"@type":"ListItem","position":2,"name":"Shop","item":"https:\/\/old.holyland-olivewood.com\/no\/shop\/"},{"@type":"ListItem","position":3,"name":"Katolsk oliventrekors (16 cm \/ 6,50&#8221;) #CR117"}]},{"@type":"WebSite","@id":"https:\/\/old.holyland-olivewood.com\/no\/#website","url":"https:\/\/old.holyland-olivewood.com\/no\/","name":"Holy Land Olive Wood - Bethlehem Olive Wood Factory","description":"Holy Land Olivewood Bethlehem","publisher":{"@id":"https:\/\/old.holyland-olivewood.com\/no\/#organization"},"potentialAction":[{"@type":"SearchAction","target":{"@type":"EntryPoint","urlTemplate":"https:\/\/old.holyland-olivewood.com\/no\/?s={search_term_string}"},"query-input":{"@type":"PropertyValueSpecification","valueRequired":true,"valueName":"search_term_string"}}],"inLanguage":"nb-NO"},{"@type":"Organization","@id":"https:\/\/old.holyland-olivewood.com\/no\/#organization","name":"Holy Land Olivewood","url":"https:\/\/old.holyland-olivewood.com\/no\/","logo":{"@type":"ImageObject","inLanguage":"nb-NO","@id":"https:\/\/old.holyland-olivewood.com\/no\/#\/schema\/logo\/image\/","url":"","contentUrl":"","caption":"Holy Land Olivewood"},"image":{"@id":"https:\/\/old.holyland-olivewood.com\/no\/#\/schema\/logo\/image\/"},"sameAs":["https:\/\/www.facebook.com\/holylandolivewood.bethlehem\/","http:\/\/instagram.com\/holy.land.olive.wood"]}]}},"_links":{"self":[{"href":"https:\/\/old.holyland-olivewood.com\/no\/wp-json\/wp\/v2\/product\/46485","targetHints":{"allow":["GET"]}}],"collection":[{"href":"https:\/\/old.holyland-olivewood.com\/no\/wp-json\/wp\/v2\/product"}],"about":[{"href":"https:\/\/old.holyland-olivewood.com\/no\/wp-json\/wp\/v2\/types\/product"}],"wp:featuredmedia":[{"embeddable":true,"href":"https:\/\/old.holyland-olivewood.com\/no\/wp-json\/wp\/v2\/media\/27893"}],"wp:attachment":[{"href":"https:\/\/old.holyland-olivewood.com\/no\/wp-json\/wp\/v2\/media?parent=46485"}],"wp:term":[{"taxonomy":"product_brand","embeddable":true,"href":"https:\/\/old.holyland-olivewood.com\/no\/wp-json\/wp\/v2\/product_brand?post=46485"},{"taxonomy":"product_cat","embeddable":true,"href":"https:\/\/old.holyland-olivewood.com\/no\/wp-json\/wp\/v2\/product_cat?post=46485"},{"taxonomy":"product_tag","embeddable":true,"href":"https:\/\/old.holyland-olivewood.com\/no\/wp-json\/wp\/v2\/product_tag?post=46485"}],"curies":[{"name":"wp","href":"https:\/\/api.w.org\/{rel}","templated":true}]}}