{"id":45933,"date":"2016-05-30T21:40:20","date_gmt":"2022-02-11T11:25:51","guid":{"rendered":"https:\/\/old.holyland-olivewood.com\/product\/ekte-salveolje-fra-jerusalem-150-ml-ot105\/"},"modified":"2022-02-11T11:25:51","modified_gmt":"2022-02-11T11:25:51","slug":"ekte-salve-olje-fra-jerusalem-150-ml","status":"publish","type":"product","link":"https:\/\/old.holyland-olivewood.com\/no\/produkt\/ekte-salve-olje-fra-jerusalem-150-ml\/","title":{"rendered":"Ekte salveolje fra Jerusalem (150 ml) #OT105"},"content":{"rendered":"","protected":false},"excerpt":{"rendered":"<p>Denne dekorative korsformede flasken inneholder salvingsolje laget med olivenolje, myrra, r\u00f8kelse og nard fra Det hellige land. Galilea olivenolje har blitt brukt til salving siden bibelsk tid og foreskrevet i Jakob 5:14, &#8220;Er noen blant dere syk? La ham kalle p\u00e5 de eldste i menigheten og la dem be over ham og salve ham med olje i navnet av Herren.&#8221;<br \/>\nFlasken er laget av plast for \u00e5 unng\u00e5 skade under transport.<\/p>\n","protected":false},"featured_media":38189,"template":"","meta":[],"product_brand":[],"product_cat":[1610,1612],"product_tag":[1173,1049,1647,1614,1163,1122,1215,1109,1127,1092,1626,1102,1087,1097,1629,1119,1177,1157,1141,1136,1621,1640,1131,1068,1077,1653,1180,1633,1650,1223,1644,1071,1082,1617,1636],"class_list":{"0":"post-45933","1":"product","2":"type-product","3":"status-publish","4":"has-post-thumbnail","6":"product_cat-diverse-no","7":"product_cat-andre-gjenstander","8":"product_tag-af-no","9":"product_tag-betlehem-no","10":"product_tag-ekte","11":"product_tag-elv","12":"product_tag-foedselskirken-no","13":"product_tag-ga","14":"product_tag-gaver","15":"product_tag-haandlavet-no","16":"product_tag-haandvaerk-no","17":"product_tag-hellig-no","18":"product_tag-hjerte-no","19":"product_tag-jerusalem-no","20":"product_tag-jesus-no","21":"product_tag-jord-no","22":"product_tag-jordan-no","23":"product_tag-jul-no","24":"product_tag-katolsk-no","25":"product_tag-kirke-no","26":"product_tag-kors-no","27":"product_tag-kristen-no","28":"product_tag-kristus-no","29":"product_tag-krone-no","30":"product_tag-kunsthaandvaerk-no","31":"product_tag-oliven-no","32":"product_tag-oliventrae-no","33":"product_tag-olje","34":"product_tag-ortodoks-no","35":"product_tag-rokelse","36":"product_tag-salvelse-no","37":"product_tag-sett","38":"product_tag-torner","39":"product_tag-trae-no","40":"product_tag-udskaering-no","41":"product_tag-vann","42":"product_tag-velsignelse-no","44":"first","45":"instock","46":"shipping-taxable","47":"purchasable","48":"product-type-simple"},"yoast_head":"<!-- This site is optimized with the Yoast SEO plugin v24.8.1 - https:\/\/yoast.com\/wordpress\/plugins\/seo\/ -->\n<title>Ekte salveolje fra Jerusalem (150 ml) #OT105 - Holy Land Olive Wood - Bethlehem Olive Wood Factory<\/title>\n<meta name=\"description\" content=\"Bethlehem oliventreh\u00e5ndverk (dvs. olivenoljes\u00e5pe, vann, hjerte) utskj\u00e6ringer med pennemner, oliventre og r\u00e5materiale i standard og tilpassede dimensjoner\" \/>\n<meta name=\"robots\" content=\"index, follow, max-snippet:-1, max-image-preview:large, max-video-preview:-1\" \/>\n<link rel=\"canonical\" href=\"https:\/\/old.holyland-olivewood.com\/no\/produkt\/ekte-salve-olje-fra-jerusalem-150-ml\/\" \/>\n<meta property=\"og:locale\" content=\"nb_NO\" \/>\n<meta property=\"og:type\" content=\"article\" \/>\n<meta property=\"og:title\" content=\"Ekte salveolje fra Jerusalem (150 ml) #OT105 - Holy Land Olive Wood - Bethlehem Olive Wood Factory\" \/>\n<meta property=\"og:description\" content=\"Bethlehem oliventreh\u00e5ndverk (dvs. olivenoljes\u00e5pe, vann, hjerte) utskj\u00e6ringer med pennemner, oliventre og r\u00e5materiale i standard og tilpassede dimensjoner\" \/>\n<meta property=\"og:url\" content=\"https:\/\/old.holyland-olivewood.com\/no\/produkt\/ekte-salve-olje-fra-jerusalem-150-ml\/\" \/>\n<meta property=\"og:site_name\" content=\"Holy Land Olive Wood - Bethlehem Olive Wood Factory\" \/>\n<meta property=\"article:publisher\" content=\"https:\/\/www.facebook.com\/holylandolivewood.bethlehem\/\" \/>\n<meta property=\"og:image\" content=\"https:\/\/old.holyland-olivewood.com\/wp-content\/uploads\/2016\/05\/anointing_oil_jerusalem_holy_land_ot105.jpg\" \/>\n\t<meta property=\"og:image:width\" content=\"1550\" \/>\n\t<meta property=\"og:image:height\" content=\"1200\" \/>\n\t<meta property=\"og:image:type\" content=\"image\/jpeg\" \/>\n<meta name=\"twitter:card\" content=\"summary_large_image\" \/>\n<script type=\"application\/ld+json\" class=\"yoast-schema-graph\">{\"@context\":\"https:\/\/schema.org\",\"@graph\":[{\"@type\":\"WebPage\",\"@id\":\"https:\/\/old.holyland-olivewood.com\/no\/produkt\/ekte-salve-olje-fra-jerusalem-150-ml\/\",\"url\":\"https:\/\/old.holyland-olivewood.com\/no\/produkt\/ekte-salve-olje-fra-jerusalem-150-ml\/\",\"name\":\"Ekte salveolje fra Jerusalem (150 ml) #OT105 - Holy Land Olive Wood - Bethlehem Olive Wood Factory\",\"isPartOf\":{\"@id\":\"https:\/\/old.holyland-olivewood.com\/no\/#website\"},\"primaryImageOfPage\":{\"@id\":\"https:\/\/old.holyland-olivewood.com\/no\/produkt\/ekte-salve-olje-fra-jerusalem-150-ml\/#primaryimage\"},\"image\":{\"@id\":\"https:\/\/old.holyland-olivewood.com\/no\/produkt\/ekte-salve-olje-fra-jerusalem-150-ml\/#primaryimage\"},\"thumbnailUrl\":\"https:\/\/old.holyland-olivewood.com\/wp-content\/uploads\/2016\/05\/anointing_oil_jerusalem_holy_land_ot105.jpg\",\"datePublished\":\"2022-02-11T11:25:51+00:00\",\"description\":\"Bethlehem oliventreh\u00e5ndverk (dvs. olivenoljes\u00e5pe, vann, hjerte) utskj\u00e6ringer med pennemner, oliventre og r\u00e5materiale i standard og tilpassede dimensjoner\",\"breadcrumb\":{\"@id\":\"https:\/\/old.holyland-olivewood.com\/no\/produkt\/ekte-salve-olje-fra-jerusalem-150-ml\/#breadcrumb\"},\"inLanguage\":\"nb-NO\",\"potentialAction\":[{\"@type\":\"ReadAction\",\"target\":[\"https:\/\/old.holyland-olivewood.com\/no\/produkt\/ekte-salve-olje-fra-jerusalem-150-ml\/\"]}]},{\"@type\":\"ImageObject\",\"inLanguage\":\"nb-NO\",\"@id\":\"https:\/\/old.holyland-olivewood.com\/no\/produkt\/ekte-salve-olje-fra-jerusalem-150-ml\/#primaryimage\",\"url\":\"https:\/\/old.holyland-olivewood.com\/wp-content\/uploads\/2016\/05\/anointing_oil_jerusalem_holy_land_ot105.jpg\",\"contentUrl\":\"https:\/\/old.holyland-olivewood.com\/wp-content\/uploads\/2016\/05\/anointing_oil_jerusalem_holy_land_ot105.jpg\",\"width\":1550,\"height\":1200},{\"@type\":\"BreadcrumbList\",\"@id\":\"https:\/\/old.holyland-olivewood.com\/no\/produkt\/ekte-salve-olje-fra-jerusalem-150-ml\/#breadcrumb\",\"itemListElement\":[{\"@type\":\"ListItem\",\"position\":1,\"name\":\"Home\",\"item\":\"https:\/\/old.holyland-olivewood.com\/no\/\"},{\"@type\":\"ListItem\",\"position\":2,\"name\":\"Shop\",\"item\":\"https:\/\/old.holyland-olivewood.com\/no\/shop\/\"},{\"@type\":\"ListItem\",\"position\":3,\"name\":\"Ekte salveolje fra Jerusalem (150 ml) #OT105\"}]},{\"@type\":\"WebSite\",\"@id\":\"https:\/\/old.holyland-olivewood.com\/no\/#website\",\"url\":\"https:\/\/old.holyland-olivewood.com\/no\/\",\"name\":\"Holy Land Olive Wood - Bethlehem Olive Wood Factory\",\"description\":\"Holy Land Olivewood Bethlehem\",\"publisher\":{\"@id\":\"https:\/\/old.holyland-olivewood.com\/no\/#organization\"},\"potentialAction\":[{\"@type\":\"SearchAction\",\"target\":{\"@type\":\"EntryPoint\",\"urlTemplate\":\"https:\/\/old.holyland-olivewood.com\/no\/?s={search_term_string}\"},\"query-input\":{\"@type\":\"PropertyValueSpecification\",\"valueRequired\":true,\"valueName\":\"search_term_string\"}}],\"inLanguage\":\"nb-NO\"},{\"@type\":\"Organization\",\"@id\":\"https:\/\/old.holyland-olivewood.com\/no\/#organization\",\"name\":\"Holy Land Olivewood\",\"url\":\"https:\/\/old.holyland-olivewood.com\/no\/\",\"logo\":{\"@type\":\"ImageObject\",\"inLanguage\":\"nb-NO\",\"@id\":\"https:\/\/old.holyland-olivewood.com\/no\/#\/schema\/logo\/image\/\",\"url\":\"\",\"contentUrl\":\"\",\"caption\":\"Holy Land Olivewood\"},\"image\":{\"@id\":\"https:\/\/old.holyland-olivewood.com\/no\/#\/schema\/logo\/image\/\"},\"sameAs\":[\"https:\/\/www.facebook.com\/holylandolivewood.bethlehem\/\",\"http:\/\/instagram.com\/holy.land.olive.wood\"]}]}<\/script>\n<!-- \/ Yoast SEO plugin. -->","yoast_head_json":{"title":"Ekte salveolje fra Jerusalem (150 ml) #OT105 - Holy Land Olive Wood - Bethlehem Olive Wood Factory","description":"Bethlehem oliventreh\u00e5ndverk (dvs. olivenoljes\u00e5pe, vann, hjerte) utskj\u00e6ringer med pennemner, oliventre og r\u00e5materiale i standard og tilpassede dimensjoner","robots":{"index":"index","follow":"follow","max-snippet":"max-snippet:-1","max-image-preview":"max-image-preview:large","max-video-preview":"max-video-preview:-1"},"canonical":"https:\/\/old.holyland-olivewood.com\/no\/produkt\/ekte-salve-olje-fra-jerusalem-150-ml\/","og_locale":"nb_NO","og_type":"article","og_title":"Ekte salveolje fra Jerusalem (150 ml) #OT105 - Holy Land Olive Wood - Bethlehem Olive Wood Factory","og_description":"Bethlehem oliventreh\u00e5ndverk (dvs. olivenoljes\u00e5pe, vann, hjerte) utskj\u00e6ringer med pennemner, oliventre og r\u00e5materiale i standard og tilpassede dimensjoner","og_url":"https:\/\/old.holyland-olivewood.com\/no\/produkt\/ekte-salve-olje-fra-jerusalem-150-ml\/","og_site_name":"Holy Land Olive Wood - Bethlehem Olive Wood Factory","article_publisher":"https:\/\/www.facebook.com\/holylandolivewood.bethlehem\/","og_image":[{"width":1550,"height":1200,"url":"https:\/\/old.holyland-olivewood.com\/wp-content\/uploads\/2016\/05\/anointing_oil_jerusalem_holy_land_ot105.jpg","type":"image\/jpeg"}],"twitter_card":"summary_large_image","schema":{"@context":"https:\/\/schema.org","@graph":[{"@type":"WebPage","@id":"https:\/\/old.holyland-olivewood.com\/no\/produkt\/ekte-salve-olje-fra-jerusalem-150-ml\/","url":"https:\/\/old.holyland-olivewood.com\/no\/produkt\/ekte-salve-olje-fra-jerusalem-150-ml\/","name":"Ekte salveolje fra Jerusalem (150 ml) #OT105 - Holy Land Olive Wood - Bethlehem Olive Wood Factory","isPartOf":{"@id":"https:\/\/old.holyland-olivewood.com\/no\/#website"},"primaryImageOfPage":{"@id":"https:\/\/old.holyland-olivewood.com\/no\/produkt\/ekte-salve-olje-fra-jerusalem-150-ml\/#primaryimage"},"image":{"@id":"https:\/\/old.holyland-olivewood.com\/no\/produkt\/ekte-salve-olje-fra-jerusalem-150-ml\/#primaryimage"},"thumbnailUrl":"https:\/\/old.holyland-olivewood.com\/wp-content\/uploads\/2016\/05\/anointing_oil_jerusalem_holy_land_ot105.jpg","datePublished":"2022-02-11T11:25:51+00:00","description":"Bethlehem oliventreh\u00e5ndverk (dvs. olivenoljes\u00e5pe, vann, hjerte) utskj\u00e6ringer med pennemner, oliventre og r\u00e5materiale i standard og tilpassede dimensjoner","breadcrumb":{"@id":"https:\/\/old.holyland-olivewood.com\/no\/produkt\/ekte-salve-olje-fra-jerusalem-150-ml\/#breadcrumb"},"inLanguage":"nb-NO","potentialAction":[{"@type":"ReadAction","target":["https:\/\/old.holyland-olivewood.com\/no\/produkt\/ekte-salve-olje-fra-jerusalem-150-ml\/"]}]},{"@type":"ImageObject","inLanguage":"nb-NO","@id":"https:\/\/old.holyland-olivewood.com\/no\/produkt\/ekte-salve-olje-fra-jerusalem-150-ml\/#primaryimage","url":"https:\/\/old.holyland-olivewood.com\/wp-content\/uploads\/2016\/05\/anointing_oil_jerusalem_holy_land_ot105.jpg","contentUrl":"https:\/\/old.holyland-olivewood.com\/wp-content\/uploads\/2016\/05\/anointing_oil_jerusalem_holy_land_ot105.jpg","width":1550,"height":1200},{"@type":"BreadcrumbList","@id":"https:\/\/old.holyland-olivewood.com\/no\/produkt\/ekte-salve-olje-fra-jerusalem-150-ml\/#breadcrumb","itemListElement":[{"@type":"ListItem","position":1,"name":"Home","item":"https:\/\/old.holyland-olivewood.com\/no\/"},{"@type":"ListItem","position":2,"name":"Shop","item":"https:\/\/old.holyland-olivewood.com\/no\/shop\/"},{"@type":"ListItem","position":3,"name":"Ekte salveolje fra Jerusalem (150 ml) #OT105"}]},{"@type":"WebSite","@id":"https:\/\/old.holyland-olivewood.com\/no\/#website","url":"https:\/\/old.holyland-olivewood.com\/no\/","name":"Holy Land Olive Wood - Bethlehem Olive Wood Factory","description":"Holy Land Olivewood Bethlehem","publisher":{"@id":"https:\/\/old.holyland-olivewood.com\/no\/#organization"},"potentialAction":[{"@type":"SearchAction","target":{"@type":"EntryPoint","urlTemplate":"https:\/\/old.holyland-olivewood.com\/no\/?s={search_term_string}"},"query-input":{"@type":"PropertyValueSpecification","valueRequired":true,"valueName":"search_term_string"}}],"inLanguage":"nb-NO"},{"@type":"Organization","@id":"https:\/\/old.holyland-olivewood.com\/no\/#organization","name":"Holy Land Olivewood","url":"https:\/\/old.holyland-olivewood.com\/no\/","logo":{"@type":"ImageObject","inLanguage":"nb-NO","@id":"https:\/\/old.holyland-olivewood.com\/no\/#\/schema\/logo\/image\/","url":"","contentUrl":"","caption":"Holy Land Olivewood"},"image":{"@id":"https:\/\/old.holyland-olivewood.com\/no\/#\/schema\/logo\/image\/"},"sameAs":["https:\/\/www.facebook.com\/holylandolivewood.bethlehem\/","http:\/\/instagram.com\/holy.land.olive.wood"]}]}},"_links":{"self":[{"href":"https:\/\/old.holyland-olivewood.com\/no\/wp-json\/wp\/v2\/product\/45933","targetHints":{"allow":["GET"]}}],"collection":[{"href":"https:\/\/old.holyland-olivewood.com\/no\/wp-json\/wp\/v2\/product"}],"about":[{"href":"https:\/\/old.holyland-olivewood.com\/no\/wp-json\/wp\/v2\/types\/product"}],"wp:featuredmedia":[{"embeddable":true,"href":"https:\/\/old.holyland-olivewood.com\/no\/wp-json\/wp\/v2\/media\/38189"}],"wp:attachment":[{"href":"https:\/\/old.holyland-olivewood.com\/no\/wp-json\/wp\/v2\/media?parent=45933"}],"wp:term":[{"taxonomy":"product_brand","embeddable":true,"href":"https:\/\/old.holyland-olivewood.com\/no\/wp-json\/wp\/v2\/product_brand?post=45933"},{"taxonomy":"product_cat","embeddable":true,"href":"https:\/\/old.holyland-olivewood.com\/no\/wp-json\/wp\/v2\/product_cat?post=45933"},{"taxonomy":"product_tag","embeddable":true,"href":"https:\/\/old.holyland-olivewood.com\/no\/wp-json\/wp\/v2\/product_tag?post=45933"}],"curies":[{"name":"wp","href":"https:\/\/api.w.org\/{rel}","templated":true}]}}