{"id":45409,"date":"2016-05-30T23:19:08","date_gmt":"2022-02-11T08:33:53","guid":{"rendered":"https:\/\/old.holyland-olivewood.com\/product\/hellig-land-turkis-korall-rosenkrans-r110\/"},"modified":"2022-02-11T08:33:53","modified_gmt":"2022-02-11T08:33:53","slug":"hellig-land-turkis-korall-rosenkrans","status":"publish","type":"product","link":"https:\/\/old.holyland-olivewood.com\/no\/produkt\/hellig-land-turkis-korall-rosenkrans\/","title":{"rendered":"Hellig land turkis korall rosenkrans #R110"},"content":{"rendered":"","protected":false},"excerpt":{"rendered":"<p>Denne rosenkransen best\u00e5r av 59 polerte turkise perler som er h\u00e5ndlaget i Det hellige land fra Coral som er hentet fra skj\u00e6r i R\u00f8dehavet. Denne rosenkransen har ogs\u00e5 et st\u00f8pt og polert metallkrusifiks, metallfestepunkter og inneholder en glasskapsel som inneholder jord fra de omkringliggende \u00e5sene i Betlehem.<\/p>\n<p>Denne varen inkluderer et ekthetssertifikat som bekrefter materialene og teknikkene som brukes for \u00e5 lage dette produktet.<\/p>\n<p>St\u00f8rrelse: 60 cm (23,5 tommer)<\/p>\n","protected":false},"featured_media":28637,"template":"","meta":[],"product_brand":[],"product_cat":[1046,2440],"product_tag":[1173,2449,1737,1049,1614,1163,1122,1215,2441,1109,1127,1092,2450,1102,1097,1119,1177,1157,2445,1141,1136,2442,1145,1131,1168,1068,1077,1180,1175,2447,1113,1053,2446,2448,1071,2444,1082,2451,2443],"class_list":{"0":"post-45409","1":"product","2":"type-product","3":"status-publish","4":"has-post-thumbnail","6":"product_cat-kunsthaandvaerk-no","7":"product_cat-rosenkranser","8":"product_tag-af-no","9":"product_tag-belagt-no","10":"product_tag-ber","11":"product_tag-betlehem-no","12":"product_tag-elv","13":"product_tag-foedselskirken-no","14":"product_tag-ga","15":"product_tag-gaver","16":"product_tag-gud-no","17":"product_tag-haandlavet-no","18":"product_tag-haandvaerk-no","19":"product_tag-hellig-no","20":"product_tag-hematitt","21":"product_tag-jerusalem-no","22":"product_tag-jord-no","23":"product_tag-jul-no","24":"product_tag-katolsk-no","25":"product_tag-kirke-no","26":"product_tag-korall-no","27":"product_tag-kors-no","28":"product_tag-kristen-no","29":"product_tag-kronblad-no","30":"product_tag-krucifiks-no","31":"product_tag-kunsthaandvaerk-no","32":"product_tag-mor-no","33":"product_tag-oliven-no","34":"product_tag-oliventrae-no","35":"product_tag-ortodoks-no","36":"product_tag-perle-no","37":"product_tag-rosa-no","38":"product_tag-rosenkrans-no","39":"product_tag-rosenkranse-no","40":"product_tag-rod-no","41":"product_tag-solv-no","42":"product_tag-trae-no","43":"product_tag-turkis-no","44":"product_tag-udskaering-no","45":"product_tag-vanlig","46":"product_tag-vegg","48":"first","49":"instock","50":"shipping-taxable","51":"purchasable","52":"product-type-simple"},"yoast_head":"<!-- This site is optimized with the Yoast SEO plugin v24.8.1 - https:\/\/yoast.com\/wordpress\/plugins\/seo\/ -->\n<title>Hellig land turkis korall rosenkrans #R110 - Holy Land Olive Wood - Bethlehem Olive Wood Factory<\/title>\n<meta name=\"description\" content=\"Bethlehem oliventreh\u00e5ndverk (erosarier, ornamenter, magneter, perler) pennemner, utskj\u00e6ringer, plater, blokker og r\u00e5materiale i standard og tilpassede dimensjoner\" \/>\n<meta name=\"robots\" content=\"index, follow, max-snippet:-1, max-image-preview:large, max-video-preview:-1\" \/>\n<link rel=\"canonical\" href=\"https:\/\/old.holyland-olivewood.com\/no\/produkt\/hellig-land-turkis-korall-rosenkrans\/\" \/>\n<meta property=\"og:locale\" content=\"nb_NO\" \/>\n<meta property=\"og:type\" content=\"article\" \/>\n<meta property=\"og:title\" content=\"Hellig land turkis korall rosenkrans #R110 - Holy Land Olive Wood - Bethlehem Olive Wood Factory\" \/>\n<meta property=\"og:description\" content=\"Bethlehem oliventreh\u00e5ndverk (erosarier, ornamenter, magneter, perler) pennemner, utskj\u00e6ringer, plater, blokker og r\u00e5materiale i standard og tilpassede dimensjoner\" \/>\n<meta property=\"og:url\" content=\"https:\/\/old.holyland-olivewood.com\/no\/produkt\/hellig-land-turkis-korall-rosenkrans\/\" \/>\n<meta property=\"og:site_name\" content=\"Holy Land Olive Wood - Bethlehem Olive Wood Factory\" \/>\n<meta property=\"article:publisher\" content=\"https:\/\/www.facebook.com\/holylandolivewood.bethlehem\/\" \/>\n<meta property=\"og:image\" content=\"https:\/\/old.holyland-olivewood.com\/wp-content\/uploads\/2016\/05\/rosaries_holy_land_olive_wood_bethlehem_r110.jpg\" \/>\n\t<meta property=\"og:image:width\" content=\"1550\" \/>\n\t<meta property=\"og:image:height\" content=\"1200\" \/>\n\t<meta property=\"og:image:type\" content=\"image\/jpeg\" \/>\n<meta name=\"twitter:card\" content=\"summary_large_image\" \/>\n<script type=\"application\/ld+json\" class=\"yoast-schema-graph\">{\"@context\":\"https:\/\/schema.org\",\"@graph\":[{\"@type\":\"WebPage\",\"@id\":\"https:\/\/old.holyland-olivewood.com\/no\/produkt\/hellig-land-turkis-korall-rosenkrans\/\",\"url\":\"https:\/\/old.holyland-olivewood.com\/no\/produkt\/hellig-land-turkis-korall-rosenkrans\/\",\"name\":\"Hellig land turkis korall rosenkrans #R110 - Holy Land Olive Wood - Bethlehem Olive Wood Factory\",\"isPartOf\":{\"@id\":\"https:\/\/old.holyland-olivewood.com\/no\/#website\"},\"primaryImageOfPage\":{\"@id\":\"https:\/\/old.holyland-olivewood.com\/no\/produkt\/hellig-land-turkis-korall-rosenkrans\/#primaryimage\"},\"image\":{\"@id\":\"https:\/\/old.holyland-olivewood.com\/no\/produkt\/hellig-land-turkis-korall-rosenkrans\/#primaryimage\"},\"thumbnailUrl\":\"https:\/\/old.holyland-olivewood.com\/wp-content\/uploads\/2016\/05\/rosaries_holy_land_olive_wood_bethlehem_r110.jpg\",\"datePublished\":\"2022-02-11T08:33:53+00:00\",\"description\":\"Bethlehem oliventreh\u00e5ndverk (erosarier, ornamenter, magneter, perler) pennemner, utskj\u00e6ringer, plater, blokker og r\u00e5materiale i standard og tilpassede dimensjoner\",\"breadcrumb\":{\"@id\":\"https:\/\/old.holyland-olivewood.com\/no\/produkt\/hellig-land-turkis-korall-rosenkrans\/#breadcrumb\"},\"inLanguage\":\"nb-NO\",\"potentialAction\":[{\"@type\":\"ReadAction\",\"target\":[\"https:\/\/old.holyland-olivewood.com\/no\/produkt\/hellig-land-turkis-korall-rosenkrans\/\"]}]},{\"@type\":\"ImageObject\",\"inLanguage\":\"nb-NO\",\"@id\":\"https:\/\/old.holyland-olivewood.com\/no\/produkt\/hellig-land-turkis-korall-rosenkrans\/#primaryimage\",\"url\":\"https:\/\/old.holyland-olivewood.com\/wp-content\/uploads\/2016\/05\/rosaries_holy_land_olive_wood_bethlehem_r110.jpg\",\"contentUrl\":\"https:\/\/old.holyland-olivewood.com\/wp-content\/uploads\/2016\/05\/rosaries_holy_land_olive_wood_bethlehem_r110.jpg\",\"width\":1550,\"height\":1200},{\"@type\":\"BreadcrumbList\",\"@id\":\"https:\/\/old.holyland-olivewood.com\/no\/produkt\/hellig-land-turkis-korall-rosenkrans\/#breadcrumb\",\"itemListElement\":[{\"@type\":\"ListItem\",\"position\":1,\"name\":\"Home\",\"item\":\"https:\/\/old.holyland-olivewood.com\/no\/\"},{\"@type\":\"ListItem\",\"position\":2,\"name\":\"Shop\",\"item\":\"https:\/\/old.holyland-olivewood.com\/no\/shop\/\"},{\"@type\":\"ListItem\",\"position\":3,\"name\":\"Hellig land turkis korall rosenkrans #R110\"}]},{\"@type\":\"WebSite\",\"@id\":\"https:\/\/old.holyland-olivewood.com\/no\/#website\",\"url\":\"https:\/\/old.holyland-olivewood.com\/no\/\",\"name\":\"Holy Land Olive Wood - Bethlehem Olive Wood Factory\",\"description\":\"Holy Land Olivewood Bethlehem\",\"publisher\":{\"@id\":\"https:\/\/old.holyland-olivewood.com\/no\/#organization\"},\"potentialAction\":[{\"@type\":\"SearchAction\",\"target\":{\"@type\":\"EntryPoint\",\"urlTemplate\":\"https:\/\/old.holyland-olivewood.com\/no\/?s={search_term_string}\"},\"query-input\":{\"@type\":\"PropertyValueSpecification\",\"valueRequired\":true,\"valueName\":\"search_term_string\"}}],\"inLanguage\":\"nb-NO\"},{\"@type\":\"Organization\",\"@id\":\"https:\/\/old.holyland-olivewood.com\/no\/#organization\",\"name\":\"Holy Land Olivewood\",\"url\":\"https:\/\/old.holyland-olivewood.com\/no\/\",\"logo\":{\"@type\":\"ImageObject\",\"inLanguage\":\"nb-NO\",\"@id\":\"https:\/\/old.holyland-olivewood.com\/no\/#\/schema\/logo\/image\/\",\"url\":\"\",\"contentUrl\":\"\",\"caption\":\"Holy Land Olivewood\"},\"image\":{\"@id\":\"https:\/\/old.holyland-olivewood.com\/no\/#\/schema\/logo\/image\/\"},\"sameAs\":[\"https:\/\/www.facebook.com\/holylandolivewood.bethlehem\/\",\"http:\/\/instagram.com\/holy.land.olive.wood\"]}]}<\/script>\n<!-- \/ Yoast SEO plugin. -->","yoast_head_json":{"title":"Hellig land turkis korall rosenkrans #R110 - Holy Land Olive Wood - Bethlehem Olive Wood Factory","description":"Bethlehem oliventreh\u00e5ndverk (erosarier, ornamenter, magneter, perler) pennemner, utskj\u00e6ringer, plater, blokker og r\u00e5materiale i standard og tilpassede dimensjoner","robots":{"index":"index","follow":"follow","max-snippet":"max-snippet:-1","max-image-preview":"max-image-preview:large","max-video-preview":"max-video-preview:-1"},"canonical":"https:\/\/old.holyland-olivewood.com\/no\/produkt\/hellig-land-turkis-korall-rosenkrans\/","og_locale":"nb_NO","og_type":"article","og_title":"Hellig land turkis korall rosenkrans #R110 - Holy Land Olive Wood - Bethlehem Olive Wood Factory","og_description":"Bethlehem oliventreh\u00e5ndverk (erosarier, ornamenter, magneter, perler) pennemner, utskj\u00e6ringer, plater, blokker og r\u00e5materiale i standard og tilpassede dimensjoner","og_url":"https:\/\/old.holyland-olivewood.com\/no\/produkt\/hellig-land-turkis-korall-rosenkrans\/","og_site_name":"Holy Land Olive Wood - Bethlehem Olive Wood Factory","article_publisher":"https:\/\/www.facebook.com\/holylandolivewood.bethlehem\/","og_image":[{"width":1550,"height":1200,"url":"https:\/\/old.holyland-olivewood.com\/wp-content\/uploads\/2016\/05\/rosaries_holy_land_olive_wood_bethlehem_r110.jpg","type":"image\/jpeg"}],"twitter_card":"summary_large_image","schema":{"@context":"https:\/\/schema.org","@graph":[{"@type":"WebPage","@id":"https:\/\/old.holyland-olivewood.com\/no\/produkt\/hellig-land-turkis-korall-rosenkrans\/","url":"https:\/\/old.holyland-olivewood.com\/no\/produkt\/hellig-land-turkis-korall-rosenkrans\/","name":"Hellig land turkis korall rosenkrans #R110 - Holy Land Olive Wood - Bethlehem Olive Wood Factory","isPartOf":{"@id":"https:\/\/old.holyland-olivewood.com\/no\/#website"},"primaryImageOfPage":{"@id":"https:\/\/old.holyland-olivewood.com\/no\/produkt\/hellig-land-turkis-korall-rosenkrans\/#primaryimage"},"image":{"@id":"https:\/\/old.holyland-olivewood.com\/no\/produkt\/hellig-land-turkis-korall-rosenkrans\/#primaryimage"},"thumbnailUrl":"https:\/\/old.holyland-olivewood.com\/wp-content\/uploads\/2016\/05\/rosaries_holy_land_olive_wood_bethlehem_r110.jpg","datePublished":"2022-02-11T08:33:53+00:00","description":"Bethlehem oliventreh\u00e5ndverk (erosarier, ornamenter, magneter, perler) pennemner, utskj\u00e6ringer, plater, blokker og r\u00e5materiale i standard og tilpassede dimensjoner","breadcrumb":{"@id":"https:\/\/old.holyland-olivewood.com\/no\/produkt\/hellig-land-turkis-korall-rosenkrans\/#breadcrumb"},"inLanguage":"nb-NO","potentialAction":[{"@type":"ReadAction","target":["https:\/\/old.holyland-olivewood.com\/no\/produkt\/hellig-land-turkis-korall-rosenkrans\/"]}]},{"@type":"ImageObject","inLanguage":"nb-NO","@id":"https:\/\/old.holyland-olivewood.com\/no\/produkt\/hellig-land-turkis-korall-rosenkrans\/#primaryimage","url":"https:\/\/old.holyland-olivewood.com\/wp-content\/uploads\/2016\/05\/rosaries_holy_land_olive_wood_bethlehem_r110.jpg","contentUrl":"https:\/\/old.holyland-olivewood.com\/wp-content\/uploads\/2016\/05\/rosaries_holy_land_olive_wood_bethlehem_r110.jpg","width":1550,"height":1200},{"@type":"BreadcrumbList","@id":"https:\/\/old.holyland-olivewood.com\/no\/produkt\/hellig-land-turkis-korall-rosenkrans\/#breadcrumb","itemListElement":[{"@type":"ListItem","position":1,"name":"Home","item":"https:\/\/old.holyland-olivewood.com\/no\/"},{"@type":"ListItem","position":2,"name":"Shop","item":"https:\/\/old.holyland-olivewood.com\/no\/shop\/"},{"@type":"ListItem","position":3,"name":"Hellig land turkis korall rosenkrans #R110"}]},{"@type":"WebSite","@id":"https:\/\/old.holyland-olivewood.com\/no\/#website","url":"https:\/\/old.holyland-olivewood.com\/no\/","name":"Holy Land Olive Wood - Bethlehem Olive Wood Factory","description":"Holy Land Olivewood Bethlehem","publisher":{"@id":"https:\/\/old.holyland-olivewood.com\/no\/#organization"},"potentialAction":[{"@type":"SearchAction","target":{"@type":"EntryPoint","urlTemplate":"https:\/\/old.holyland-olivewood.com\/no\/?s={search_term_string}"},"query-input":{"@type":"PropertyValueSpecification","valueRequired":true,"valueName":"search_term_string"}}],"inLanguage":"nb-NO"},{"@type":"Organization","@id":"https:\/\/old.holyland-olivewood.com\/no\/#organization","name":"Holy Land Olivewood","url":"https:\/\/old.holyland-olivewood.com\/no\/","logo":{"@type":"ImageObject","inLanguage":"nb-NO","@id":"https:\/\/old.holyland-olivewood.com\/no\/#\/schema\/logo\/image\/","url":"","contentUrl":"","caption":"Holy Land Olivewood"},"image":{"@id":"https:\/\/old.holyland-olivewood.com\/no\/#\/schema\/logo\/image\/"},"sameAs":["https:\/\/www.facebook.com\/holylandolivewood.bethlehem\/","http:\/\/instagram.com\/holy.land.olive.wood"]}]}},"_links":{"self":[{"href":"https:\/\/old.holyland-olivewood.com\/no\/wp-json\/wp\/v2\/product\/45409","targetHints":{"allow":["GET"]}}],"collection":[{"href":"https:\/\/old.holyland-olivewood.com\/no\/wp-json\/wp\/v2\/product"}],"about":[{"href":"https:\/\/old.holyland-olivewood.com\/no\/wp-json\/wp\/v2\/types\/product"}],"wp:featuredmedia":[{"embeddable":true,"href":"https:\/\/old.holyland-olivewood.com\/no\/wp-json\/wp\/v2\/media\/28637"}],"wp:attachment":[{"href":"https:\/\/old.holyland-olivewood.com\/no\/wp-json\/wp\/v2\/media?parent=45409"}],"wp:term":[{"taxonomy":"product_brand","embeddable":true,"href":"https:\/\/old.holyland-olivewood.com\/no\/wp-json\/wp\/v2\/product_brand?post=45409"},{"taxonomy":"product_cat","embeddable":true,"href":"https:\/\/old.holyland-olivewood.com\/no\/wp-json\/wp\/v2\/product_cat?post=45409"},{"taxonomy":"product_tag","embeddable":true,"href":"https:\/\/old.holyland-olivewood.com\/no\/wp-json\/wp\/v2\/product_tag?post=45409"}],"curies":[{"name":"wp","href":"https:\/\/api.w.org\/{rel}","templated":true}]}}