{"id":45102,"date":"2016-05-31T00:34:15","date_gmt":"2022-02-10T20:25:24","guid":{"rendered":"https:\/\/old.holyland-olivewood.com\/product\/oliventre-sitronpresse-ki118\/"},"modified":"2022-02-10T20:25:24","modified_gmt":"2022-02-10T20:25:24","slug":"oliven-tre-sitron-presse","status":"publish","type":"product","link":"https:\/\/old.holyland-olivewood.com\/no\/produkt\/oliven-tre-sitron-presse\/","title":{"rendered":"Oliventre sitronpresse #KI118"},"content":{"rendered":"","protected":false},"excerpt":{"rendered":"<p>Denne flotte og enkle sitronpresseren er h\u00e5ndlaget av oliventre fra det hellige Betlehems land. Det vakre, blonde treet har de m\u00f8rkere linjene i kornet som virvles rundt i lengden p\u00e5 hvert redskap. Ved \u00e5 bruke kun ikke-produktive oliventr\u00e6r fra Holy Land, avsl\u00f8rer dette h\u00e5ndlagde stykket de fantastiske kornm\u00f8nstrene til r\u00e5 oliventre, fri for tilsetningsstoffer eller fugemasse. Olivenoljefinishen holder treet fuktet p\u00e5 en naturlig m\u00e5te. Dette vakre verkt\u00f8yet er perfekt til \u00e5 juice sitroner, appelsiner eller lime. Sitronpressen er h\u00e5ndsk\u00e5ret, slipt og ferdig for kulinarisk bruk.<\/p>\n<p>Denne varen inkluderer et ekthetssertifikat som bekrefter materialene og teknikkene som brukes for \u00e5 lage dette produktet.<\/p>\n<p>St\u00f8rrelse: 15 cm (6&#8243;)<\/p>\n","protected":false},"featured_media":29080,"template":"","meta":[],"product_brand":[],"product_cat":[1046,2903],"product_tag":[1049,3635,3647,1122,3666,3668,1215,3631,1109,1127,1092,3011,1102,1097,1119,2905,3643,3662,1131,3639,1068,1077,3671,3670,1223,3008,3650,3655,3669,3658,1071,1082],"class_list":{"0":"post-45102","1":"product","2":"type-product","3":"status-publish","4":"has-post-thumbnail","6":"product_cat-kunsthaandvaerk-no","7":"product_cat-kjokkenutstyr","8":"product_tag-betlehem-no","9":"product_tag-borde","10":"product_tag-dipper-no","11":"product_tag-ga","12":"product_tag-gaffel-no","13":"product_tag-gafler-no","14":"product_tag-gaver","15":"product_tag-hakking","16":"product_tag-haandlavet-no","17":"product_tag-haandvaerk-no","18":"product_tag-hellig-no","19":"product_tag-honning","20":"product_tag-jerusalem-no","21":"product_tag-jord-no","22":"product_tag-jul-no","23":"product_tag-kjokkenutstyr","24":"product_tag-klemme","25":"product_tag-kulteri","26":"product_tag-kunsthaandvaerk-no","27":"product_tag-mortel-no","28":"product_tag-oliven-no","29":"product_tag-oliventrae-no","30":"product_tag-roring","31":"product_tag-salat-no","32":"product_tag-sett","33":"product_tag-sitron","34":"product_tag-skje","35":"product_tag-skjeer","36":"product_tag-slisset","37":"product_tag-stekespade","38":"product_tag-trae-no","39":"product_tag-udskaering-no","41":"first","42":"instock","43":"shipping-taxable","44":"purchasable","45":"product-type-simple"},"yoast_head":"<!-- This site is optimized with the Yoast SEO plugin v24.8.1 - https:\/\/yoast.com\/wordpress\/plugins\/seo\/ -->\n<title>Oliventre sitronpresse #KI118 - Holy Land Olive Wood - Bethlehem Olive Wood Factory<\/title>\n<meta name=\"description\" content=\"Bethlehem oliventreh\u00e5ndverk (kj\u00f8kkenvarer, skjeer, skj\u00e6rebrett) honningbolle, spatel, gaffel, m\u00f8rtel og r\u00e5materiale i standard og tilpassede dimensjoner.\" \/>\n<meta name=\"robots\" content=\"index, follow, max-snippet:-1, max-image-preview:large, max-video-preview:-1\" \/>\n<link rel=\"canonical\" href=\"https:\/\/old.holyland-olivewood.com\/no\/produkt\/oliven-tre-sitron-presse\/\" \/>\n<meta property=\"og:locale\" content=\"nb_NO\" \/>\n<meta property=\"og:type\" content=\"article\" \/>\n<meta property=\"og:title\" content=\"Oliventre sitronpresse #KI118 - Holy Land Olive Wood - Bethlehem Olive Wood Factory\" \/>\n<meta property=\"og:description\" content=\"Bethlehem oliventreh\u00e5ndverk (kj\u00f8kkenvarer, skjeer, skj\u00e6rebrett) honningbolle, spatel, gaffel, m\u00f8rtel og r\u00e5materiale i standard og tilpassede dimensjoner.\" \/>\n<meta property=\"og:url\" content=\"https:\/\/old.holyland-olivewood.com\/no\/produkt\/oliven-tre-sitron-presse\/\" \/>\n<meta property=\"og:site_name\" content=\"Holy Land Olive Wood - Bethlehem Olive Wood Factory\" \/>\n<meta property=\"article:publisher\" content=\"https:\/\/www.facebook.com\/holylandolivewood.bethlehem\/\" \/>\n<meta property=\"og:image\" content=\"https:\/\/old.holyland-olivewood.com\/wp-content\/uploads\/2016\/05\/kitchenware_holy_land_olive_wood_bethlehem_ki118.jpg\" \/>\n\t<meta property=\"og:image:width\" content=\"1550\" \/>\n\t<meta property=\"og:image:height\" content=\"1200\" \/>\n\t<meta property=\"og:image:type\" content=\"image\/jpeg\" \/>\n<meta name=\"twitter:card\" content=\"summary_large_image\" \/>\n<script type=\"application\/ld+json\" class=\"yoast-schema-graph\">{\"@context\":\"https:\/\/schema.org\",\"@graph\":[{\"@type\":\"WebPage\",\"@id\":\"https:\/\/old.holyland-olivewood.com\/no\/produkt\/oliven-tre-sitron-presse\/\",\"url\":\"https:\/\/old.holyland-olivewood.com\/no\/produkt\/oliven-tre-sitron-presse\/\",\"name\":\"Oliventre sitronpresse #KI118 - Holy Land Olive Wood - Bethlehem Olive Wood Factory\",\"isPartOf\":{\"@id\":\"https:\/\/old.holyland-olivewood.com\/no\/#website\"},\"primaryImageOfPage\":{\"@id\":\"https:\/\/old.holyland-olivewood.com\/no\/produkt\/oliven-tre-sitron-presse\/#primaryimage\"},\"image\":{\"@id\":\"https:\/\/old.holyland-olivewood.com\/no\/produkt\/oliven-tre-sitron-presse\/#primaryimage\"},\"thumbnailUrl\":\"https:\/\/old.holyland-olivewood.com\/wp-content\/uploads\/2016\/05\/kitchenware_holy_land_olive_wood_bethlehem_ki118.jpg\",\"datePublished\":\"2022-02-10T20:25:24+00:00\",\"description\":\"Bethlehem oliventreh\u00e5ndverk (kj\u00f8kkenvarer, skjeer, skj\u00e6rebrett) honningbolle, spatel, gaffel, m\u00f8rtel og r\u00e5materiale i standard og tilpassede dimensjoner.\",\"breadcrumb\":{\"@id\":\"https:\/\/old.holyland-olivewood.com\/no\/produkt\/oliven-tre-sitron-presse\/#breadcrumb\"},\"inLanguage\":\"nb-NO\",\"potentialAction\":[{\"@type\":\"ReadAction\",\"target\":[\"https:\/\/old.holyland-olivewood.com\/no\/produkt\/oliven-tre-sitron-presse\/\"]}]},{\"@type\":\"ImageObject\",\"inLanguage\":\"nb-NO\",\"@id\":\"https:\/\/old.holyland-olivewood.com\/no\/produkt\/oliven-tre-sitron-presse\/#primaryimage\",\"url\":\"https:\/\/old.holyland-olivewood.com\/wp-content\/uploads\/2016\/05\/kitchenware_holy_land_olive_wood_bethlehem_ki118.jpg\",\"contentUrl\":\"https:\/\/old.holyland-olivewood.com\/wp-content\/uploads\/2016\/05\/kitchenware_holy_land_olive_wood_bethlehem_ki118.jpg\",\"width\":1550,\"height\":1200},{\"@type\":\"BreadcrumbList\",\"@id\":\"https:\/\/old.holyland-olivewood.com\/no\/produkt\/oliven-tre-sitron-presse\/#breadcrumb\",\"itemListElement\":[{\"@type\":\"ListItem\",\"position\":1,\"name\":\"Home\",\"item\":\"https:\/\/old.holyland-olivewood.com\/no\/\"},{\"@type\":\"ListItem\",\"position\":2,\"name\":\"Shop\",\"item\":\"https:\/\/old.holyland-olivewood.com\/no\/shop\/\"},{\"@type\":\"ListItem\",\"position\":3,\"name\":\"Oliventre sitronpresse #KI118\"}]},{\"@type\":\"WebSite\",\"@id\":\"https:\/\/old.holyland-olivewood.com\/no\/#website\",\"url\":\"https:\/\/old.holyland-olivewood.com\/no\/\",\"name\":\"Holy Land Olive Wood - Bethlehem Olive Wood Factory\",\"description\":\"Holy Land Olivewood Bethlehem\",\"publisher\":{\"@id\":\"https:\/\/old.holyland-olivewood.com\/no\/#organization\"},\"potentialAction\":[{\"@type\":\"SearchAction\",\"target\":{\"@type\":\"EntryPoint\",\"urlTemplate\":\"https:\/\/old.holyland-olivewood.com\/no\/?s={search_term_string}\"},\"query-input\":{\"@type\":\"PropertyValueSpecification\",\"valueRequired\":true,\"valueName\":\"search_term_string\"}}],\"inLanguage\":\"nb-NO\"},{\"@type\":\"Organization\",\"@id\":\"https:\/\/old.holyland-olivewood.com\/no\/#organization\",\"name\":\"Holy Land Olivewood\",\"url\":\"https:\/\/old.holyland-olivewood.com\/no\/\",\"logo\":{\"@type\":\"ImageObject\",\"inLanguage\":\"nb-NO\",\"@id\":\"https:\/\/old.holyland-olivewood.com\/no\/#\/schema\/logo\/image\/\",\"url\":\"\",\"contentUrl\":\"\",\"caption\":\"Holy Land Olivewood\"},\"image\":{\"@id\":\"https:\/\/old.holyland-olivewood.com\/no\/#\/schema\/logo\/image\/\"},\"sameAs\":[\"https:\/\/www.facebook.com\/holylandolivewood.bethlehem\/\",\"http:\/\/instagram.com\/holy.land.olive.wood\"]}]}<\/script>\n<!-- \/ Yoast SEO plugin. -->","yoast_head_json":{"title":"Oliventre sitronpresse #KI118 - Holy Land Olive Wood - Bethlehem Olive Wood Factory","description":"Bethlehem oliventreh\u00e5ndverk (kj\u00f8kkenvarer, skjeer, skj\u00e6rebrett) honningbolle, spatel, gaffel, m\u00f8rtel og r\u00e5materiale i standard og tilpassede dimensjoner.","robots":{"index":"index","follow":"follow","max-snippet":"max-snippet:-1","max-image-preview":"max-image-preview:large","max-video-preview":"max-video-preview:-1"},"canonical":"https:\/\/old.holyland-olivewood.com\/no\/produkt\/oliven-tre-sitron-presse\/","og_locale":"nb_NO","og_type":"article","og_title":"Oliventre sitronpresse #KI118 - Holy Land Olive Wood - Bethlehem Olive Wood Factory","og_description":"Bethlehem oliventreh\u00e5ndverk (kj\u00f8kkenvarer, skjeer, skj\u00e6rebrett) honningbolle, spatel, gaffel, m\u00f8rtel og r\u00e5materiale i standard og tilpassede dimensjoner.","og_url":"https:\/\/old.holyland-olivewood.com\/no\/produkt\/oliven-tre-sitron-presse\/","og_site_name":"Holy Land Olive Wood - Bethlehem Olive Wood Factory","article_publisher":"https:\/\/www.facebook.com\/holylandolivewood.bethlehem\/","og_image":[{"width":1550,"height":1200,"url":"https:\/\/old.holyland-olivewood.com\/wp-content\/uploads\/2016\/05\/kitchenware_holy_land_olive_wood_bethlehem_ki118.jpg","type":"image\/jpeg"}],"twitter_card":"summary_large_image","schema":{"@context":"https:\/\/schema.org","@graph":[{"@type":"WebPage","@id":"https:\/\/old.holyland-olivewood.com\/no\/produkt\/oliven-tre-sitron-presse\/","url":"https:\/\/old.holyland-olivewood.com\/no\/produkt\/oliven-tre-sitron-presse\/","name":"Oliventre sitronpresse #KI118 - Holy Land Olive Wood - Bethlehem Olive Wood Factory","isPartOf":{"@id":"https:\/\/old.holyland-olivewood.com\/no\/#website"},"primaryImageOfPage":{"@id":"https:\/\/old.holyland-olivewood.com\/no\/produkt\/oliven-tre-sitron-presse\/#primaryimage"},"image":{"@id":"https:\/\/old.holyland-olivewood.com\/no\/produkt\/oliven-tre-sitron-presse\/#primaryimage"},"thumbnailUrl":"https:\/\/old.holyland-olivewood.com\/wp-content\/uploads\/2016\/05\/kitchenware_holy_land_olive_wood_bethlehem_ki118.jpg","datePublished":"2022-02-10T20:25:24+00:00","description":"Bethlehem oliventreh\u00e5ndverk (kj\u00f8kkenvarer, skjeer, skj\u00e6rebrett) honningbolle, spatel, gaffel, m\u00f8rtel og r\u00e5materiale i standard og tilpassede dimensjoner.","breadcrumb":{"@id":"https:\/\/old.holyland-olivewood.com\/no\/produkt\/oliven-tre-sitron-presse\/#breadcrumb"},"inLanguage":"nb-NO","potentialAction":[{"@type":"ReadAction","target":["https:\/\/old.holyland-olivewood.com\/no\/produkt\/oliven-tre-sitron-presse\/"]}]},{"@type":"ImageObject","inLanguage":"nb-NO","@id":"https:\/\/old.holyland-olivewood.com\/no\/produkt\/oliven-tre-sitron-presse\/#primaryimage","url":"https:\/\/old.holyland-olivewood.com\/wp-content\/uploads\/2016\/05\/kitchenware_holy_land_olive_wood_bethlehem_ki118.jpg","contentUrl":"https:\/\/old.holyland-olivewood.com\/wp-content\/uploads\/2016\/05\/kitchenware_holy_land_olive_wood_bethlehem_ki118.jpg","width":1550,"height":1200},{"@type":"BreadcrumbList","@id":"https:\/\/old.holyland-olivewood.com\/no\/produkt\/oliven-tre-sitron-presse\/#breadcrumb","itemListElement":[{"@type":"ListItem","position":1,"name":"Home","item":"https:\/\/old.holyland-olivewood.com\/no\/"},{"@type":"ListItem","position":2,"name":"Shop","item":"https:\/\/old.holyland-olivewood.com\/no\/shop\/"},{"@type":"ListItem","position":3,"name":"Oliventre sitronpresse #KI118"}]},{"@type":"WebSite","@id":"https:\/\/old.holyland-olivewood.com\/no\/#website","url":"https:\/\/old.holyland-olivewood.com\/no\/","name":"Holy Land Olive Wood - Bethlehem Olive Wood Factory","description":"Holy Land Olivewood Bethlehem","publisher":{"@id":"https:\/\/old.holyland-olivewood.com\/no\/#organization"},"potentialAction":[{"@type":"SearchAction","target":{"@type":"EntryPoint","urlTemplate":"https:\/\/old.holyland-olivewood.com\/no\/?s={search_term_string}"},"query-input":{"@type":"PropertyValueSpecification","valueRequired":true,"valueName":"search_term_string"}}],"inLanguage":"nb-NO"},{"@type":"Organization","@id":"https:\/\/old.holyland-olivewood.com\/no\/#organization","name":"Holy Land Olivewood","url":"https:\/\/old.holyland-olivewood.com\/no\/","logo":{"@type":"ImageObject","inLanguage":"nb-NO","@id":"https:\/\/old.holyland-olivewood.com\/no\/#\/schema\/logo\/image\/","url":"","contentUrl":"","caption":"Holy Land Olivewood"},"image":{"@id":"https:\/\/old.holyland-olivewood.com\/no\/#\/schema\/logo\/image\/"},"sameAs":["https:\/\/www.facebook.com\/holylandolivewood.bethlehem\/","http:\/\/instagram.com\/holy.land.olive.wood"]}]}},"_links":{"self":[{"href":"https:\/\/old.holyland-olivewood.com\/no\/wp-json\/wp\/v2\/product\/45102","targetHints":{"allow":["GET"]}}],"collection":[{"href":"https:\/\/old.holyland-olivewood.com\/no\/wp-json\/wp\/v2\/product"}],"about":[{"href":"https:\/\/old.holyland-olivewood.com\/no\/wp-json\/wp\/v2\/types\/product"}],"wp:featuredmedia":[{"embeddable":true,"href":"https:\/\/old.holyland-olivewood.com\/no\/wp-json\/wp\/v2\/media\/29080"}],"wp:attachment":[{"href":"https:\/\/old.holyland-olivewood.com\/no\/wp-json\/wp\/v2\/media?parent=45102"}],"wp:term":[{"taxonomy":"product_brand","embeddable":true,"href":"https:\/\/old.holyland-olivewood.com\/no\/wp-json\/wp\/v2\/product_brand?post=45102"},{"taxonomy":"product_cat","embeddable":true,"href":"https:\/\/old.holyland-olivewood.com\/no\/wp-json\/wp\/v2\/product_cat?post=45102"},{"taxonomy":"product_tag","embeddable":true,"href":"https:\/\/old.holyland-olivewood.com\/no\/wp-json\/wp\/v2\/product_tag?post=45102"}],"curies":[{"name":"wp","href":"https:\/\/api.w.org\/{rel}","templated":true}]}}