{"id":44251,"date":"2016-05-31T10:49:32","date_gmt":"2022-02-10T17:00:20","guid":{"rendered":"https:\/\/old.holyland-olivewood.com\/product\/oliventre-nattverdkopp-t111\/"},"modified":"2022-02-10T17:00:20","modified_gmt":"2022-02-10T17:00:20","slug":"oliven-tre-nattverd-kopp-2","status":"publish","type":"product","link":"https:\/\/old.holyland-olivewood.com\/no\/produkt\/oliven-tre-nattverd-kopp-2\/","title":{"rendered":"Oliventre Nattverdkopp #T111"},"content":{"rendered":"","protected":false},"excerpt":{"rendered":"<p>Denne enkle og vakre nattverdkoppen er h\u00e5ndlaget i Det hellige land av b\u00e6rekraftig h\u00f8stet, autentisk Bethlehem Olivewood. Den er vakkert skulpturert i kalkstil. V\u00e5r nydelige nattverdkopp i oliventre er en fantastisk og billig gave til din kirkemenighet og dine kj\u00e6re. Hvor verdifullt det er \u00e5 feire Herrens nattverd ved \u00e5 bruke en beger skapt i byen Jesu f\u00f8dsel!<\/p>\n<p>Denne varen inkluderer et ekthetssertifikat som bekrefter materialene og teknikkene som brukes for \u00e5 lage dette produktet.<\/p>\n<p>St\u00f8rrelse: 4 cm (1,5&#8243;)<\/p>\n","protected":false},"featured_media":29984,"template":"","meta":[],"product_brand":[],"product_cat":[1046,2997],"product_tag":[1049,1163,1122,1215,1109,1127,1092,3397,3400,1102,4086,1097,1119,3417,1177,1157,3403,3406,3409,1141,1136,1131,3414,3420,3422,1068,1077,1180,3386,3411,3395,2583,1071,1082,3389,3392],"class_list":{"0":"post-44251","1":"product","2":"type-product","3":"status-publish","4":"has-post-thumbnail","6":"product_cat-kunsthaandvaerk-no","7":"product_cat-servise","8":"product_tag-betlehem-no","9":"product_tag-foedselskirken-no","10":"product_tag-ga","11":"product_tag-gaver","12":"product_tag-haandlavet-no","13":"product_tag-haandvaerk-no","14":"product_tag-hellig-no","15":"product_tag-holder-no","16":"product_tag-holdere","17":"product_tag-jerusalem-no","18":"product_tag-jesus-no-2","19":"product_tag-jord-no","20":"product_tag-jul-no","21":"product_tag-kalk-no","22":"product_tag-katolsk-no","23":"product_tag-kirke-no","24":"product_tag-kommunion-no","25":"product_tag-kopp","26":"product_tag-kopper-no","27":"product_tag-kors-no","28":"product_tag-kristen-no","29":"product_tag-kunsthaandvaerk-no","30":"product_tag-kveldsmat","31":"product_tag-lysestake","32":"product_tag-lysestaker","33":"product_tag-oliven-no","34":"product_tag-oliventrae-no","35":"product_tag-ortodoks-no","36":"product_tag-servise","37":"product_tag-siste","38":"product_tag-stearinlys","39":"product_tag-stjerne","40":"product_tag-trae-no","41":"product_tag-udskaering-no","42":"product_tag-vase-no","43":"product_tag-vaser-no","45":"first","46":"instock","47":"shipping-taxable","48":"purchasable","49":"product-type-simple"},"yoast_head":"<!-- This site is optimized with the Yoast SEO plugin v24.8.1 - https:\/\/yoast.com\/wordpress\/plugins\/seo\/ -->\n<title>Oliventre Nattverdkopp #T111 - Holy Land Olive Wood - Bethlehem Olive Wood Factory<\/title>\n<meta name=\"description\" content=\"Bethlehem oliventreh\u00e5ndverk (servise, kopper, siste, kveldsmat, perler) vaser, stearinlys, holder, holdere og r\u00e5varer i standard og tilpassede dimensjoner.\" \/>\n<meta name=\"robots\" content=\"index, follow, max-snippet:-1, max-image-preview:large, max-video-preview:-1\" \/>\n<link rel=\"canonical\" href=\"https:\/\/old.holyland-olivewood.com\/no\/produkt\/oliven-tre-nattverd-kopp-2\/\" \/>\n<meta property=\"og:locale\" content=\"nb_NO\" \/>\n<meta property=\"og:type\" content=\"article\" \/>\n<meta property=\"og:title\" content=\"Oliventre Nattverdkopp #T111 - Holy Land Olive Wood - Bethlehem Olive Wood Factory\" \/>\n<meta property=\"og:description\" content=\"Bethlehem oliventreh\u00e5ndverk (servise, kopper, siste, kveldsmat, perler) vaser, stearinlys, holder, holdere og r\u00e5varer i standard og tilpassede dimensjoner.\" \/>\n<meta property=\"og:url\" content=\"https:\/\/old.holyland-olivewood.com\/no\/produkt\/oliven-tre-nattverd-kopp-2\/\" \/>\n<meta property=\"og:site_name\" content=\"Holy Land Olive Wood - Bethlehem Olive Wood Factory\" \/>\n<meta property=\"article:publisher\" content=\"https:\/\/www.facebook.com\/holylandolivewood.bethlehem\/\" \/>\n<meta property=\"og:image\" content=\"https:\/\/old.holyland-olivewood.com\/wp-content\/uploads\/2016\/05\/communion_cup_holy_land_olive_wood_bethlehem_t110_and_t111.jpg\" \/>\n\t<meta property=\"og:image:width\" content=\"1550\" \/>\n\t<meta property=\"og:image:height\" content=\"1200\" \/>\n\t<meta property=\"og:image:type\" content=\"image\/jpeg\" \/>\n<meta name=\"twitter:card\" content=\"summary_large_image\" \/>\n<script type=\"application\/ld+json\" class=\"yoast-schema-graph\">{\"@context\":\"https:\/\/schema.org\",\"@graph\":[{\"@type\":\"WebPage\",\"@id\":\"https:\/\/old.holyland-olivewood.com\/no\/produkt\/oliven-tre-nattverd-kopp-2\/\",\"url\":\"https:\/\/old.holyland-olivewood.com\/no\/produkt\/oliven-tre-nattverd-kopp-2\/\",\"name\":\"Oliventre Nattverdkopp #T111 - Holy Land Olive Wood - Bethlehem Olive Wood Factory\",\"isPartOf\":{\"@id\":\"https:\/\/old.holyland-olivewood.com\/no\/#website\"},\"primaryImageOfPage\":{\"@id\":\"https:\/\/old.holyland-olivewood.com\/no\/produkt\/oliven-tre-nattverd-kopp-2\/#primaryimage\"},\"image\":{\"@id\":\"https:\/\/old.holyland-olivewood.com\/no\/produkt\/oliven-tre-nattverd-kopp-2\/#primaryimage\"},\"thumbnailUrl\":\"https:\/\/old.holyland-olivewood.com\/wp-content\/uploads\/2016\/05\/communion_cup_holy_land_olive_wood_bethlehem_t110_and_t111.jpg\",\"datePublished\":\"2022-02-10T17:00:20+00:00\",\"description\":\"Bethlehem oliventreh\u00e5ndverk (servise, kopper, siste, kveldsmat, perler) vaser, stearinlys, holder, holdere og r\u00e5varer i standard og tilpassede dimensjoner.\",\"breadcrumb\":{\"@id\":\"https:\/\/old.holyland-olivewood.com\/no\/produkt\/oliven-tre-nattverd-kopp-2\/#breadcrumb\"},\"inLanguage\":\"nb-NO\",\"potentialAction\":[{\"@type\":\"ReadAction\",\"target\":[\"https:\/\/old.holyland-olivewood.com\/no\/produkt\/oliven-tre-nattverd-kopp-2\/\"]}]},{\"@type\":\"ImageObject\",\"inLanguage\":\"nb-NO\",\"@id\":\"https:\/\/old.holyland-olivewood.com\/no\/produkt\/oliven-tre-nattverd-kopp-2\/#primaryimage\",\"url\":\"https:\/\/old.holyland-olivewood.com\/wp-content\/uploads\/2016\/05\/communion_cup_holy_land_olive_wood_bethlehem_t110_and_t111.jpg\",\"contentUrl\":\"https:\/\/old.holyland-olivewood.com\/wp-content\/uploads\/2016\/05\/communion_cup_holy_land_olive_wood_bethlehem_t110_and_t111.jpg\",\"width\":1550,\"height\":1200},{\"@type\":\"BreadcrumbList\",\"@id\":\"https:\/\/old.holyland-olivewood.com\/no\/produkt\/oliven-tre-nattverd-kopp-2\/#breadcrumb\",\"itemListElement\":[{\"@type\":\"ListItem\",\"position\":1,\"name\":\"Home\",\"item\":\"https:\/\/old.holyland-olivewood.com\/no\/\"},{\"@type\":\"ListItem\",\"position\":2,\"name\":\"Shop\",\"item\":\"https:\/\/old.holyland-olivewood.com\/no\/shop\/\"},{\"@type\":\"ListItem\",\"position\":3,\"name\":\"Oliventre Nattverdkopp #T111\"}]},{\"@type\":\"WebSite\",\"@id\":\"https:\/\/old.holyland-olivewood.com\/no\/#website\",\"url\":\"https:\/\/old.holyland-olivewood.com\/no\/\",\"name\":\"Holy Land Olive Wood - Bethlehem Olive Wood Factory\",\"description\":\"Holy Land Olivewood Bethlehem\",\"publisher\":{\"@id\":\"https:\/\/old.holyland-olivewood.com\/no\/#organization\"},\"potentialAction\":[{\"@type\":\"SearchAction\",\"target\":{\"@type\":\"EntryPoint\",\"urlTemplate\":\"https:\/\/old.holyland-olivewood.com\/no\/?s={search_term_string}\"},\"query-input\":{\"@type\":\"PropertyValueSpecification\",\"valueRequired\":true,\"valueName\":\"search_term_string\"}}],\"inLanguage\":\"nb-NO\"},{\"@type\":\"Organization\",\"@id\":\"https:\/\/old.holyland-olivewood.com\/no\/#organization\",\"name\":\"Holy Land Olivewood\",\"url\":\"https:\/\/old.holyland-olivewood.com\/no\/\",\"logo\":{\"@type\":\"ImageObject\",\"inLanguage\":\"nb-NO\",\"@id\":\"https:\/\/old.holyland-olivewood.com\/no\/#\/schema\/logo\/image\/\",\"url\":\"\",\"contentUrl\":\"\",\"caption\":\"Holy Land Olivewood\"},\"image\":{\"@id\":\"https:\/\/old.holyland-olivewood.com\/no\/#\/schema\/logo\/image\/\"},\"sameAs\":[\"https:\/\/www.facebook.com\/holylandolivewood.bethlehem\/\",\"http:\/\/instagram.com\/holy.land.olive.wood\"]}]}<\/script>\n<!-- \/ Yoast SEO plugin. -->","yoast_head_json":{"title":"Oliventre Nattverdkopp #T111 - Holy Land Olive Wood - Bethlehem Olive Wood Factory","description":"Bethlehem oliventreh\u00e5ndverk (servise, kopper, siste, kveldsmat, perler) vaser, stearinlys, holder, holdere og r\u00e5varer i standard og tilpassede dimensjoner.","robots":{"index":"index","follow":"follow","max-snippet":"max-snippet:-1","max-image-preview":"max-image-preview:large","max-video-preview":"max-video-preview:-1"},"canonical":"https:\/\/old.holyland-olivewood.com\/no\/produkt\/oliven-tre-nattverd-kopp-2\/","og_locale":"nb_NO","og_type":"article","og_title":"Oliventre Nattverdkopp #T111 - Holy Land Olive Wood - Bethlehem Olive Wood Factory","og_description":"Bethlehem oliventreh\u00e5ndverk (servise, kopper, siste, kveldsmat, perler) vaser, stearinlys, holder, holdere og r\u00e5varer i standard og tilpassede dimensjoner.","og_url":"https:\/\/old.holyland-olivewood.com\/no\/produkt\/oliven-tre-nattverd-kopp-2\/","og_site_name":"Holy Land Olive Wood - Bethlehem Olive Wood Factory","article_publisher":"https:\/\/www.facebook.com\/holylandolivewood.bethlehem\/","og_image":[{"width":1550,"height":1200,"url":"https:\/\/old.holyland-olivewood.com\/wp-content\/uploads\/2016\/05\/communion_cup_holy_land_olive_wood_bethlehem_t110_and_t111.jpg","type":"image\/jpeg"}],"twitter_card":"summary_large_image","schema":{"@context":"https:\/\/schema.org","@graph":[{"@type":"WebPage","@id":"https:\/\/old.holyland-olivewood.com\/no\/produkt\/oliven-tre-nattverd-kopp-2\/","url":"https:\/\/old.holyland-olivewood.com\/no\/produkt\/oliven-tre-nattverd-kopp-2\/","name":"Oliventre Nattverdkopp #T111 - Holy Land Olive Wood - Bethlehem Olive Wood Factory","isPartOf":{"@id":"https:\/\/old.holyland-olivewood.com\/no\/#website"},"primaryImageOfPage":{"@id":"https:\/\/old.holyland-olivewood.com\/no\/produkt\/oliven-tre-nattverd-kopp-2\/#primaryimage"},"image":{"@id":"https:\/\/old.holyland-olivewood.com\/no\/produkt\/oliven-tre-nattverd-kopp-2\/#primaryimage"},"thumbnailUrl":"https:\/\/old.holyland-olivewood.com\/wp-content\/uploads\/2016\/05\/communion_cup_holy_land_olive_wood_bethlehem_t110_and_t111.jpg","datePublished":"2022-02-10T17:00:20+00:00","description":"Bethlehem oliventreh\u00e5ndverk (servise, kopper, siste, kveldsmat, perler) vaser, stearinlys, holder, holdere og r\u00e5varer i standard og tilpassede dimensjoner.","breadcrumb":{"@id":"https:\/\/old.holyland-olivewood.com\/no\/produkt\/oliven-tre-nattverd-kopp-2\/#breadcrumb"},"inLanguage":"nb-NO","potentialAction":[{"@type":"ReadAction","target":["https:\/\/old.holyland-olivewood.com\/no\/produkt\/oliven-tre-nattverd-kopp-2\/"]}]},{"@type":"ImageObject","inLanguage":"nb-NO","@id":"https:\/\/old.holyland-olivewood.com\/no\/produkt\/oliven-tre-nattverd-kopp-2\/#primaryimage","url":"https:\/\/old.holyland-olivewood.com\/wp-content\/uploads\/2016\/05\/communion_cup_holy_land_olive_wood_bethlehem_t110_and_t111.jpg","contentUrl":"https:\/\/old.holyland-olivewood.com\/wp-content\/uploads\/2016\/05\/communion_cup_holy_land_olive_wood_bethlehem_t110_and_t111.jpg","width":1550,"height":1200},{"@type":"BreadcrumbList","@id":"https:\/\/old.holyland-olivewood.com\/no\/produkt\/oliven-tre-nattverd-kopp-2\/#breadcrumb","itemListElement":[{"@type":"ListItem","position":1,"name":"Home","item":"https:\/\/old.holyland-olivewood.com\/no\/"},{"@type":"ListItem","position":2,"name":"Shop","item":"https:\/\/old.holyland-olivewood.com\/no\/shop\/"},{"@type":"ListItem","position":3,"name":"Oliventre Nattverdkopp #T111"}]},{"@type":"WebSite","@id":"https:\/\/old.holyland-olivewood.com\/no\/#website","url":"https:\/\/old.holyland-olivewood.com\/no\/","name":"Holy Land Olive Wood - Bethlehem Olive Wood Factory","description":"Holy Land Olivewood Bethlehem","publisher":{"@id":"https:\/\/old.holyland-olivewood.com\/no\/#organization"},"potentialAction":[{"@type":"SearchAction","target":{"@type":"EntryPoint","urlTemplate":"https:\/\/old.holyland-olivewood.com\/no\/?s={search_term_string}"},"query-input":{"@type":"PropertyValueSpecification","valueRequired":true,"valueName":"search_term_string"}}],"inLanguage":"nb-NO"},{"@type":"Organization","@id":"https:\/\/old.holyland-olivewood.com\/no\/#organization","name":"Holy Land Olivewood","url":"https:\/\/old.holyland-olivewood.com\/no\/","logo":{"@type":"ImageObject","inLanguage":"nb-NO","@id":"https:\/\/old.holyland-olivewood.com\/no\/#\/schema\/logo\/image\/","url":"","contentUrl":"","caption":"Holy Land Olivewood"},"image":{"@id":"https:\/\/old.holyland-olivewood.com\/no\/#\/schema\/logo\/image\/"},"sameAs":["https:\/\/www.facebook.com\/holylandolivewood.bethlehem\/","http:\/\/instagram.com\/holy.land.olive.wood"]}]}},"_links":{"self":[{"href":"https:\/\/old.holyland-olivewood.com\/no\/wp-json\/wp\/v2\/product\/44251","targetHints":{"allow":["GET"]}}],"collection":[{"href":"https:\/\/old.holyland-olivewood.com\/no\/wp-json\/wp\/v2\/product"}],"about":[{"href":"https:\/\/old.holyland-olivewood.com\/no\/wp-json\/wp\/v2\/types\/product"}],"wp:featuredmedia":[{"embeddable":true,"href":"https:\/\/old.holyland-olivewood.com\/no\/wp-json\/wp\/v2\/media\/29984"}],"wp:attachment":[{"href":"https:\/\/old.holyland-olivewood.com\/no\/wp-json\/wp\/v2\/media?parent=44251"}],"wp:term":[{"taxonomy":"product_brand","embeddable":true,"href":"https:\/\/old.holyland-olivewood.com\/no\/wp-json\/wp\/v2\/product_brand?post=44251"},{"taxonomy":"product_cat","embeddable":true,"href":"https:\/\/old.holyland-olivewood.com\/no\/wp-json\/wp\/v2\/product_cat?post=44251"},{"taxonomy":"product_tag","embeddable":true,"href":"https:\/\/old.holyland-olivewood.com\/no\/wp-json\/wp\/v2\/product_tag?post=44251"}],"curies":[{"name":"wp","href":"https:\/\/api.w.org\/{rel}","templated":true}]}}