{"id":43357,"date":"2016-06-24T14:50:53","date_gmt":"2022-02-09T13:11:22","guid":{"rendered":"https:\/\/old.holyland-olivewood.com\/product\/ren-olivenoljesape-so119\/"},"modified":"2022-02-09T13:11:22","modified_gmt":"2022-02-09T13:11:22","slug":"ren-oliven-olje-sape","status":"publish","type":"product","link":"https:\/\/old.holyland-olivewood.com\/no\/produkt\/ren-oliven-olje-sape\/","title":{"rendered":"Ren olivenoljes\u00e5pe #SO119"},"content":{"rendered":"","protected":false},"excerpt":{"rendered":"<p><strong>Ren olivenoljes\u00e5pe<\/strong><\/p>\n<p>Ren olivenoljes\u00e5pe, tradisjonelt laget og verifisert for \u00e5 v\u00e6re \u00d8KOLOGISK, Vegansk, Halal og PSI-kvalitet p\u00e5 markedene rundt om i verden siden flere ti\u00e5r.<\/p>\n<p>F\u00f8dselen til Nablus-s\u00e5peindustrien kan spores hundrevis av \u00e5r tilbake til det tiende \u00e5rhundre. De fleste fabrikkene ligger i gamlebyen. I begynnelsen av 1800-tallet var Nablus et hjem for mer enn 30 s\u00e5pefabrikker. De fleste av dem fungerer fortsatt.<\/p>\n<p>Ikke testet p\u00e5 dyr.<\/p>\n<p>Vekt: 125g<\/p>\n","protected":false},"featured_media":38237,"template":"","meta":[],"product_brand":[],"product_cat":[1610,3005],"product_tag":[3056,1049,3035,3038,3047,3057,1122,1215,3067,3050,1109,1127,3041,1092,3011,1102,1097,1119,3053,1141,1131,3025,2963,3016,1068,1077,1653,3070,3064,3032,3013,3008,3044,3022,3019,3029,3061,1071,2587],"class_list":{"0":"post-43357","1":"product","2":"type-product","3":"status-publish","4":"has-post-thumbnail","6":"product_cat-diverse-no","7":"product_cat-olivensape","8":"product_tag-avokado","9":"product_tag-betlehem-no","10":"product_tag-datoer","11":"product_tag-dod","12":"product_tag-drue","13":"product_tag-fig-no","14":"product_tag-ga","15":"product_tag-gaver","16":"product_tag-geit","17":"product_tag-granateple","18":"product_tag-haandlavet-no","19":"product_tag-haandvaerk-no","20":"product_tag-hav","21":"product_tag-hellig-no","22":"product_tag-honning","23":"product_tag-jerusalem-no","24":"product_tag-jord-no","25":"product_tag-jul-no","26":"product_tag-kanel","27":"product_tag-kors-no","28":"product_tag-kunsthaandvaerk-no","29":"product_tag-lavendel","30":"product_tag-melk-no","31":"product_tag-mynte","32":"product_tag-oliven-no","33":"product_tag-oliventrae-no","34":"product_tag-olje","35":"product_tag-ren","36":"product_tag-safran","37":"product_tag-salvie","38":"product_tag-sape","39":"product_tag-sitron","40":"product_tag-sole","41":"product_tag-spisskummen","42":"product_tag-svart","43":"product_tag-te","44":"product_tag-timian","45":"product_tag-trae-no","46":"product_tag-tre","48":"first","49":"instock","50":"shipping-taxable","51":"purchasable","52":"product-type-simple"},"yoast_head":"<!-- This site is optimized with the Yoast SEO plugin v24.8.1 - https:\/\/yoast.com\/wordpress\/plugins\/seo\/ -->\n<title>Ren olivenoljes\u00e5pe #SO119 - Holy Land Olive Wood - Bethlehem Olive Wood Factory<\/title>\n<meta name=\"description\" content=\"Bethlehem oliventreh\u00e5ndverk (dvs. olivenoljes\u00e5pe, perler) pennemner, utskj\u00e6ringer, plater, blokker og r\u00e5materiale i standard og tilpassede dimensjoner\" \/>\n<meta name=\"robots\" content=\"index, follow, max-snippet:-1, max-image-preview:large, max-video-preview:-1\" \/>\n<link rel=\"canonical\" href=\"https:\/\/old.holyland-olivewood.com\/no\/produkt\/ren-oliven-olje-sape\/\" \/>\n<meta property=\"og:locale\" content=\"nb_NO\" \/>\n<meta property=\"og:type\" content=\"article\" \/>\n<meta property=\"og:title\" content=\"Ren olivenoljes\u00e5pe #SO119 - Holy Land Olive Wood - Bethlehem Olive Wood Factory\" \/>\n<meta property=\"og:description\" content=\"Bethlehem oliventreh\u00e5ndverk (dvs. olivenoljes\u00e5pe, perler) pennemner, utskj\u00e6ringer, plater, blokker og r\u00e5materiale i standard og tilpassede dimensjoner\" \/>\n<meta property=\"og:url\" content=\"https:\/\/old.holyland-olivewood.com\/no\/produkt\/ren-oliven-olje-sape\/\" \/>\n<meta property=\"og:site_name\" content=\"Holy Land Olive Wood - Bethlehem Olive Wood Factory\" \/>\n<meta property=\"article:publisher\" content=\"https:\/\/www.facebook.com\/holylandolivewood.bethlehem\/\" \/>\n<meta property=\"og:image\" content=\"https:\/\/old.holyland-olivewood.com\/wp-content\/uploads\/2016\/06\/olive_soap_holy_land_olive_wood_bethlehem-so119.jpg\" \/>\n\t<meta property=\"og:image:width\" content=\"1550\" \/>\n\t<meta property=\"og:image:height\" content=\"1200\" \/>\n\t<meta property=\"og:image:type\" content=\"image\/jpeg\" \/>\n<meta name=\"twitter:card\" content=\"summary_large_image\" \/>\n<script type=\"application\/ld+json\" class=\"yoast-schema-graph\">{\"@context\":\"https:\/\/schema.org\",\"@graph\":[{\"@type\":\"WebPage\",\"@id\":\"https:\/\/old.holyland-olivewood.com\/no\/produkt\/ren-oliven-olje-sape\/\",\"url\":\"https:\/\/old.holyland-olivewood.com\/no\/produkt\/ren-oliven-olje-sape\/\",\"name\":\"Ren olivenoljes\u00e5pe #SO119 - Holy Land Olive Wood - Bethlehem Olive Wood Factory\",\"isPartOf\":{\"@id\":\"https:\/\/old.holyland-olivewood.com\/no\/#website\"},\"primaryImageOfPage\":{\"@id\":\"https:\/\/old.holyland-olivewood.com\/no\/produkt\/ren-oliven-olje-sape\/#primaryimage\"},\"image\":{\"@id\":\"https:\/\/old.holyland-olivewood.com\/no\/produkt\/ren-oliven-olje-sape\/#primaryimage\"},\"thumbnailUrl\":\"https:\/\/old.holyland-olivewood.com\/wp-content\/uploads\/2016\/06\/olive_soap_holy_land_olive_wood_bethlehem-so119.jpg\",\"datePublished\":\"2022-02-09T13:11:22+00:00\",\"description\":\"Bethlehem oliventreh\u00e5ndverk (dvs. olivenoljes\u00e5pe, perler) pennemner, utskj\u00e6ringer, plater, blokker og r\u00e5materiale i standard og tilpassede dimensjoner\",\"breadcrumb\":{\"@id\":\"https:\/\/old.holyland-olivewood.com\/no\/produkt\/ren-oliven-olje-sape\/#breadcrumb\"},\"inLanguage\":\"nb-NO\",\"potentialAction\":[{\"@type\":\"ReadAction\",\"target\":[\"https:\/\/old.holyland-olivewood.com\/no\/produkt\/ren-oliven-olje-sape\/\"]}]},{\"@type\":\"ImageObject\",\"inLanguage\":\"nb-NO\",\"@id\":\"https:\/\/old.holyland-olivewood.com\/no\/produkt\/ren-oliven-olje-sape\/#primaryimage\",\"url\":\"https:\/\/old.holyland-olivewood.com\/wp-content\/uploads\/2016\/06\/olive_soap_holy_land_olive_wood_bethlehem-so119.jpg\",\"contentUrl\":\"https:\/\/old.holyland-olivewood.com\/wp-content\/uploads\/2016\/06\/olive_soap_holy_land_olive_wood_bethlehem-so119.jpg\",\"width\":1550,\"height\":1200},{\"@type\":\"BreadcrumbList\",\"@id\":\"https:\/\/old.holyland-olivewood.com\/no\/produkt\/ren-oliven-olje-sape\/#breadcrumb\",\"itemListElement\":[{\"@type\":\"ListItem\",\"position\":1,\"name\":\"Home\",\"item\":\"https:\/\/old.holyland-olivewood.com\/no\/\"},{\"@type\":\"ListItem\",\"position\":2,\"name\":\"Shop\",\"item\":\"https:\/\/old.holyland-olivewood.com\/no\/shop\/\"},{\"@type\":\"ListItem\",\"position\":3,\"name\":\"Ren olivenoljes\u00e5pe #SO119\"}]},{\"@type\":\"WebSite\",\"@id\":\"https:\/\/old.holyland-olivewood.com\/no\/#website\",\"url\":\"https:\/\/old.holyland-olivewood.com\/no\/\",\"name\":\"Holy Land Olive Wood - Bethlehem Olive Wood Factory\",\"description\":\"Holy Land Olivewood Bethlehem\",\"publisher\":{\"@id\":\"https:\/\/old.holyland-olivewood.com\/no\/#organization\"},\"potentialAction\":[{\"@type\":\"SearchAction\",\"target\":{\"@type\":\"EntryPoint\",\"urlTemplate\":\"https:\/\/old.holyland-olivewood.com\/no\/?s={search_term_string}\"},\"query-input\":{\"@type\":\"PropertyValueSpecification\",\"valueRequired\":true,\"valueName\":\"search_term_string\"}}],\"inLanguage\":\"nb-NO\"},{\"@type\":\"Organization\",\"@id\":\"https:\/\/old.holyland-olivewood.com\/no\/#organization\",\"name\":\"Holy Land Olivewood\",\"url\":\"https:\/\/old.holyland-olivewood.com\/no\/\",\"logo\":{\"@type\":\"ImageObject\",\"inLanguage\":\"nb-NO\",\"@id\":\"https:\/\/old.holyland-olivewood.com\/no\/#\/schema\/logo\/image\/\",\"url\":\"\",\"contentUrl\":\"\",\"caption\":\"Holy Land Olivewood\"},\"image\":{\"@id\":\"https:\/\/old.holyland-olivewood.com\/no\/#\/schema\/logo\/image\/\"},\"sameAs\":[\"https:\/\/www.facebook.com\/holylandolivewood.bethlehem\/\",\"http:\/\/instagram.com\/holy.land.olive.wood\"]}]}<\/script>\n<!-- \/ Yoast SEO plugin. -->","yoast_head_json":{"title":"Ren olivenoljes\u00e5pe #SO119 - Holy Land Olive Wood - Bethlehem Olive Wood Factory","description":"Bethlehem oliventreh\u00e5ndverk (dvs. olivenoljes\u00e5pe, perler) pennemner, utskj\u00e6ringer, plater, blokker og r\u00e5materiale i standard og tilpassede dimensjoner","robots":{"index":"index","follow":"follow","max-snippet":"max-snippet:-1","max-image-preview":"max-image-preview:large","max-video-preview":"max-video-preview:-1"},"canonical":"https:\/\/old.holyland-olivewood.com\/no\/produkt\/ren-oliven-olje-sape\/","og_locale":"nb_NO","og_type":"article","og_title":"Ren olivenoljes\u00e5pe #SO119 - Holy Land Olive Wood - Bethlehem Olive Wood Factory","og_description":"Bethlehem oliventreh\u00e5ndverk (dvs. olivenoljes\u00e5pe, perler) pennemner, utskj\u00e6ringer, plater, blokker og r\u00e5materiale i standard og tilpassede dimensjoner","og_url":"https:\/\/old.holyland-olivewood.com\/no\/produkt\/ren-oliven-olje-sape\/","og_site_name":"Holy Land Olive Wood - Bethlehem Olive Wood Factory","article_publisher":"https:\/\/www.facebook.com\/holylandolivewood.bethlehem\/","og_image":[{"width":1550,"height":1200,"url":"https:\/\/old.holyland-olivewood.com\/wp-content\/uploads\/2016\/06\/olive_soap_holy_land_olive_wood_bethlehem-so119.jpg","type":"image\/jpeg"}],"twitter_card":"summary_large_image","schema":{"@context":"https:\/\/schema.org","@graph":[{"@type":"WebPage","@id":"https:\/\/old.holyland-olivewood.com\/no\/produkt\/ren-oliven-olje-sape\/","url":"https:\/\/old.holyland-olivewood.com\/no\/produkt\/ren-oliven-olje-sape\/","name":"Ren olivenoljes\u00e5pe #SO119 - Holy Land Olive Wood - Bethlehem Olive Wood Factory","isPartOf":{"@id":"https:\/\/old.holyland-olivewood.com\/no\/#website"},"primaryImageOfPage":{"@id":"https:\/\/old.holyland-olivewood.com\/no\/produkt\/ren-oliven-olje-sape\/#primaryimage"},"image":{"@id":"https:\/\/old.holyland-olivewood.com\/no\/produkt\/ren-oliven-olje-sape\/#primaryimage"},"thumbnailUrl":"https:\/\/old.holyland-olivewood.com\/wp-content\/uploads\/2016\/06\/olive_soap_holy_land_olive_wood_bethlehem-so119.jpg","datePublished":"2022-02-09T13:11:22+00:00","description":"Bethlehem oliventreh\u00e5ndverk (dvs. olivenoljes\u00e5pe, perler) pennemner, utskj\u00e6ringer, plater, blokker og r\u00e5materiale i standard og tilpassede dimensjoner","breadcrumb":{"@id":"https:\/\/old.holyland-olivewood.com\/no\/produkt\/ren-oliven-olje-sape\/#breadcrumb"},"inLanguage":"nb-NO","potentialAction":[{"@type":"ReadAction","target":["https:\/\/old.holyland-olivewood.com\/no\/produkt\/ren-oliven-olje-sape\/"]}]},{"@type":"ImageObject","inLanguage":"nb-NO","@id":"https:\/\/old.holyland-olivewood.com\/no\/produkt\/ren-oliven-olje-sape\/#primaryimage","url":"https:\/\/old.holyland-olivewood.com\/wp-content\/uploads\/2016\/06\/olive_soap_holy_land_olive_wood_bethlehem-so119.jpg","contentUrl":"https:\/\/old.holyland-olivewood.com\/wp-content\/uploads\/2016\/06\/olive_soap_holy_land_olive_wood_bethlehem-so119.jpg","width":1550,"height":1200},{"@type":"BreadcrumbList","@id":"https:\/\/old.holyland-olivewood.com\/no\/produkt\/ren-oliven-olje-sape\/#breadcrumb","itemListElement":[{"@type":"ListItem","position":1,"name":"Home","item":"https:\/\/old.holyland-olivewood.com\/no\/"},{"@type":"ListItem","position":2,"name":"Shop","item":"https:\/\/old.holyland-olivewood.com\/no\/shop\/"},{"@type":"ListItem","position":3,"name":"Ren olivenoljes\u00e5pe #SO119"}]},{"@type":"WebSite","@id":"https:\/\/old.holyland-olivewood.com\/no\/#website","url":"https:\/\/old.holyland-olivewood.com\/no\/","name":"Holy Land Olive Wood - Bethlehem Olive Wood Factory","description":"Holy Land Olivewood Bethlehem","publisher":{"@id":"https:\/\/old.holyland-olivewood.com\/no\/#organization"},"potentialAction":[{"@type":"SearchAction","target":{"@type":"EntryPoint","urlTemplate":"https:\/\/old.holyland-olivewood.com\/no\/?s={search_term_string}"},"query-input":{"@type":"PropertyValueSpecification","valueRequired":true,"valueName":"search_term_string"}}],"inLanguage":"nb-NO"},{"@type":"Organization","@id":"https:\/\/old.holyland-olivewood.com\/no\/#organization","name":"Holy Land Olivewood","url":"https:\/\/old.holyland-olivewood.com\/no\/","logo":{"@type":"ImageObject","inLanguage":"nb-NO","@id":"https:\/\/old.holyland-olivewood.com\/no\/#\/schema\/logo\/image\/","url":"","contentUrl":"","caption":"Holy Land Olivewood"},"image":{"@id":"https:\/\/old.holyland-olivewood.com\/no\/#\/schema\/logo\/image\/"},"sameAs":["https:\/\/www.facebook.com\/holylandolivewood.bethlehem\/","http:\/\/instagram.com\/holy.land.olive.wood"]}]}},"_links":{"self":[{"href":"https:\/\/old.holyland-olivewood.com\/no\/wp-json\/wp\/v2\/product\/43357","targetHints":{"allow":["GET"]}}],"collection":[{"href":"https:\/\/old.holyland-olivewood.com\/no\/wp-json\/wp\/v2\/product"}],"about":[{"href":"https:\/\/old.holyland-olivewood.com\/no\/wp-json\/wp\/v2\/types\/product"}],"wp:featuredmedia":[{"embeddable":true,"href":"https:\/\/old.holyland-olivewood.com\/no\/wp-json\/wp\/v2\/media\/38237"}],"wp:attachment":[{"href":"https:\/\/old.holyland-olivewood.com\/no\/wp-json\/wp\/v2\/media?parent=43357"}],"wp:term":[{"taxonomy":"product_brand","embeddable":true,"href":"https:\/\/old.holyland-olivewood.com\/no\/wp-json\/wp\/v2\/product_brand?post=43357"},{"taxonomy":"product_cat","embeddable":true,"href":"https:\/\/old.holyland-olivewood.com\/no\/wp-json\/wp\/v2\/product_cat?post=43357"},{"taxonomy":"product_tag","embeddable":true,"href":"https:\/\/old.holyland-olivewood.com\/no\/wp-json\/wp\/v2\/product_tag?post=43357"}],"curies":[{"name":"wp","href":"https:\/\/api.w.org\/{rel}","templated":true}]}}