{"id":43044,"date":"2016-12-14T15:24:01","date_gmt":"2022-02-09T08:37:00","guid":{"rendered":"https:\/\/old.holyland-olivewood.com\/product\/sett-med-4-skaler-av-oliventre-ki128\/"},"modified":"2022-02-09T08:37:00","modified_gmt":"2022-02-09T08:37:00","slug":"sett-4-oliven-tre-skaler-2","status":"publish","type":"product","link":"https:\/\/old.holyland-olivewood.com\/no\/produkt\/sett-4-oliven-tre-skaler-2\/","title":{"rendered":"Sett med 4 sk\u00e5ler av oliventre #KI128"},"content":{"rendered":"","protected":false},"excerpt":{"rendered":"<p>Dette settet med 4 sk\u00e5ler med oliventre er h\u00e5ndlaget av oliventre fra det hellige landet Betlehem. Det vakre, blonde treet har de m\u00f8rkere linjene i kornet som virvles rundt i lengden av hvert redskap. Hver del har sin egen unike karakter og er uovertruffen i kvalitet. Sk\u00e5lene v\u00e5re er perfekte for salat, frukt, n\u00f8tter, salter, krydder og mer.<\/p>\n<p>For \u00e5 nyte dette produktet og treets karakter bevares s\u00e5 lenge som mulig ved \u00e5 vaske platen sk\u00e5nsomt etter bruk, kun med lunkent vann og oppvaskmiddel, og t\u00f8rk deretter umiddelbart! Ikke plasser p\u00e5 en radiator, varme omr\u00e5der eller varme steder. For best mulig pleie gnir du skj\u00e6rebrettet regelmessig med olivenolje eller matolje og t\u00f8rker det deretter av med en t\u00f8rr klut. Ved siden av pleie av brettet kommer trekornet til sitt beste resultat!<br \/>\nT\u00e5ler ikke oppvaskmaskin!<\/p>\n<p>St\u00f8rrelse:<br \/>\nXL. 16 cm x 16 cm x 2,5 cm (6,25&#8243; x 6,25&#8243; x 1&#8243;)<br \/>\nL. 14 cm x 14 cm x 2,5 cm (5,5&#8243; x 5,5&#8243; x 1&#8243;)<br \/>\nM. 12,5 cm x 12,5 cm x 2,20 cm (5&#8243; x 5&#8243; x 0,75&#8243;)<br \/>\nS. 10,5 cm x 10,5 cm x 2,20 cm (4&#8243; x 4&#8243; x 0,75&#8243;)<\/p>\n","protected":false},"featured_media":31919,"template":"","meta":[],"product_brand":[],"product_cat":[1046,2903],"product_tag":[],"class_list":{"0":"post-43044","1":"product","2":"type-product","3":"status-publish","4":"has-post-thumbnail","6":"product_cat-kunsthaandvaerk-no","7":"product_cat-kjokkenutstyr","9":"first","10":"instock","11":"shipping-taxable","12":"purchasable","13":"product-type-simple"},"yoast_head":"<!-- This site is optimized with the Yoast SEO plugin v24.8.1 - https:\/\/yoast.com\/wordpress\/plugins\/seo\/ -->\n<title>Sett med 4 sk\u00e5ler av oliventre #KI128 - Holy Land Olive Wood - Bethlehem Olive Wood Factory<\/title>\n<meta name=\"description\" content=\"Bethlehem oliventreh\u00e5ndverk (kj\u00f8kkenvarer, sk\u00e5ler, skj\u00e6rebrett) honningboller, spatel, gaffel, m\u00f8rtel og r\u00e5materiale i standard og tilpassede dimensjoner.\" \/>\n<meta name=\"robots\" content=\"index, follow, max-snippet:-1, max-image-preview:large, max-video-preview:-1\" \/>\n<link rel=\"canonical\" href=\"https:\/\/old.holyland-olivewood.com\/no\/produkt\/sett-4-oliven-tre-skaler-2\/\" \/>\n<meta property=\"og:locale\" content=\"nb_NO\" \/>\n<meta property=\"og:type\" content=\"article\" \/>\n<meta property=\"og:title\" content=\"Sett med 4 sk\u00e5ler av oliventre #KI128 - Holy Land Olive Wood - Bethlehem Olive Wood Factory\" \/>\n<meta property=\"og:description\" content=\"Bethlehem oliventreh\u00e5ndverk (kj\u00f8kkenvarer, sk\u00e5ler, skj\u00e6rebrett) honningboller, spatel, gaffel, m\u00f8rtel og r\u00e5materiale i standard og tilpassede dimensjoner.\" \/>\n<meta property=\"og:url\" content=\"https:\/\/old.holyland-olivewood.com\/no\/produkt\/sett-4-oliven-tre-skaler-2\/\" \/>\n<meta property=\"og:site_name\" content=\"Holy Land Olive Wood - Bethlehem Olive Wood Factory\" \/>\n<meta property=\"article:publisher\" content=\"https:\/\/www.facebook.com\/holylandolivewood.bethlehem\/\" \/>\n<meta property=\"og:image\" content=\"https:\/\/old.holyland-olivewood.com\/wp-content\/uploads\/2016\/12\/kitchenware_bowls_holy_land_olive_wood_bethlehem_ki128_1.jpg\" \/>\n\t<meta property=\"og:image:width\" content=\"1550\" \/>\n\t<meta property=\"og:image:height\" content=\"1200\" \/>\n\t<meta property=\"og:image:type\" content=\"image\/jpeg\" \/>\n<meta name=\"twitter:card\" content=\"summary_large_image\" \/>\n<script type=\"application\/ld+json\" class=\"yoast-schema-graph\">{\"@context\":\"https:\/\/schema.org\",\"@graph\":[{\"@type\":\"WebPage\",\"@id\":\"https:\/\/old.holyland-olivewood.com\/no\/produkt\/sett-4-oliven-tre-skaler-2\/\",\"url\":\"https:\/\/old.holyland-olivewood.com\/no\/produkt\/sett-4-oliven-tre-skaler-2\/\",\"name\":\"Sett med 4 sk\u00e5ler av oliventre #KI128 - Holy Land Olive Wood - Bethlehem Olive Wood Factory\",\"isPartOf\":{\"@id\":\"https:\/\/old.holyland-olivewood.com\/no\/#website\"},\"primaryImageOfPage\":{\"@id\":\"https:\/\/old.holyland-olivewood.com\/no\/produkt\/sett-4-oliven-tre-skaler-2\/#primaryimage\"},\"image\":{\"@id\":\"https:\/\/old.holyland-olivewood.com\/no\/produkt\/sett-4-oliven-tre-skaler-2\/#primaryimage\"},\"thumbnailUrl\":\"https:\/\/old.holyland-olivewood.com\/wp-content\/uploads\/2016\/12\/kitchenware_bowls_holy_land_olive_wood_bethlehem_ki128_1.jpg\",\"datePublished\":\"2022-02-09T08:37:00+00:00\",\"description\":\"Bethlehem oliventreh\u00e5ndverk (kj\u00f8kkenvarer, sk\u00e5ler, skj\u00e6rebrett) honningboller, spatel, gaffel, m\u00f8rtel og r\u00e5materiale i standard og tilpassede dimensjoner.\",\"breadcrumb\":{\"@id\":\"https:\/\/old.holyland-olivewood.com\/no\/produkt\/sett-4-oliven-tre-skaler-2\/#breadcrumb\"},\"inLanguage\":\"nb-NO\",\"potentialAction\":[{\"@type\":\"ReadAction\",\"target\":[\"https:\/\/old.holyland-olivewood.com\/no\/produkt\/sett-4-oliven-tre-skaler-2\/\"]}]},{\"@type\":\"ImageObject\",\"inLanguage\":\"nb-NO\",\"@id\":\"https:\/\/old.holyland-olivewood.com\/no\/produkt\/sett-4-oliven-tre-skaler-2\/#primaryimage\",\"url\":\"https:\/\/old.holyland-olivewood.com\/wp-content\/uploads\/2016\/12\/kitchenware_bowls_holy_land_olive_wood_bethlehem_ki128_1.jpg\",\"contentUrl\":\"https:\/\/old.holyland-olivewood.com\/wp-content\/uploads\/2016\/12\/kitchenware_bowls_holy_land_olive_wood_bethlehem_ki128_1.jpg\",\"width\":1550,\"height\":1200},{\"@type\":\"BreadcrumbList\",\"@id\":\"https:\/\/old.holyland-olivewood.com\/no\/produkt\/sett-4-oliven-tre-skaler-2\/#breadcrumb\",\"itemListElement\":[{\"@type\":\"ListItem\",\"position\":1,\"name\":\"Home\",\"item\":\"https:\/\/old.holyland-olivewood.com\/no\/\"},{\"@type\":\"ListItem\",\"position\":2,\"name\":\"Shop\",\"item\":\"https:\/\/old.holyland-olivewood.com\/no\/shop\/\"},{\"@type\":\"ListItem\",\"position\":3,\"name\":\"Sett med 4 sk\u00e5ler av oliventre #KI128\"}]},{\"@type\":\"WebSite\",\"@id\":\"https:\/\/old.holyland-olivewood.com\/no\/#website\",\"url\":\"https:\/\/old.holyland-olivewood.com\/no\/\",\"name\":\"Holy Land Olive Wood - Bethlehem Olive Wood Factory\",\"description\":\"Holy Land Olivewood Bethlehem\",\"publisher\":{\"@id\":\"https:\/\/old.holyland-olivewood.com\/no\/#organization\"},\"potentialAction\":[{\"@type\":\"SearchAction\",\"target\":{\"@type\":\"EntryPoint\",\"urlTemplate\":\"https:\/\/old.holyland-olivewood.com\/no\/?s={search_term_string}\"},\"query-input\":{\"@type\":\"PropertyValueSpecification\",\"valueRequired\":true,\"valueName\":\"search_term_string\"}}],\"inLanguage\":\"nb-NO\"},{\"@type\":\"Organization\",\"@id\":\"https:\/\/old.holyland-olivewood.com\/no\/#organization\",\"name\":\"Holy Land Olivewood\",\"url\":\"https:\/\/old.holyland-olivewood.com\/no\/\",\"logo\":{\"@type\":\"ImageObject\",\"inLanguage\":\"nb-NO\",\"@id\":\"https:\/\/old.holyland-olivewood.com\/no\/#\/schema\/logo\/image\/\",\"url\":\"\",\"contentUrl\":\"\",\"caption\":\"Holy Land Olivewood\"},\"image\":{\"@id\":\"https:\/\/old.holyland-olivewood.com\/no\/#\/schema\/logo\/image\/\"},\"sameAs\":[\"https:\/\/www.facebook.com\/holylandolivewood.bethlehem\/\",\"http:\/\/instagram.com\/holy.land.olive.wood\"]}]}<\/script>\n<!-- \/ Yoast SEO plugin. -->","yoast_head_json":{"title":"Sett med 4 sk\u00e5ler av oliventre #KI128 - Holy Land Olive Wood - Bethlehem Olive Wood Factory","description":"Bethlehem oliventreh\u00e5ndverk (kj\u00f8kkenvarer, sk\u00e5ler, skj\u00e6rebrett) honningboller, spatel, gaffel, m\u00f8rtel og r\u00e5materiale i standard og tilpassede dimensjoner.","robots":{"index":"index","follow":"follow","max-snippet":"max-snippet:-1","max-image-preview":"max-image-preview:large","max-video-preview":"max-video-preview:-1"},"canonical":"https:\/\/old.holyland-olivewood.com\/no\/produkt\/sett-4-oliven-tre-skaler-2\/","og_locale":"nb_NO","og_type":"article","og_title":"Sett med 4 sk\u00e5ler av oliventre #KI128 - Holy Land Olive Wood - Bethlehem Olive Wood Factory","og_description":"Bethlehem oliventreh\u00e5ndverk (kj\u00f8kkenvarer, sk\u00e5ler, skj\u00e6rebrett) honningboller, spatel, gaffel, m\u00f8rtel og r\u00e5materiale i standard og tilpassede dimensjoner.","og_url":"https:\/\/old.holyland-olivewood.com\/no\/produkt\/sett-4-oliven-tre-skaler-2\/","og_site_name":"Holy Land Olive Wood - Bethlehem Olive Wood Factory","article_publisher":"https:\/\/www.facebook.com\/holylandolivewood.bethlehem\/","og_image":[{"width":1550,"height":1200,"url":"https:\/\/old.holyland-olivewood.com\/wp-content\/uploads\/2016\/12\/kitchenware_bowls_holy_land_olive_wood_bethlehem_ki128_1.jpg","type":"image\/jpeg"}],"twitter_card":"summary_large_image","schema":{"@context":"https:\/\/schema.org","@graph":[{"@type":"WebPage","@id":"https:\/\/old.holyland-olivewood.com\/no\/produkt\/sett-4-oliven-tre-skaler-2\/","url":"https:\/\/old.holyland-olivewood.com\/no\/produkt\/sett-4-oliven-tre-skaler-2\/","name":"Sett med 4 sk\u00e5ler av oliventre #KI128 - Holy Land Olive Wood - Bethlehem Olive Wood Factory","isPartOf":{"@id":"https:\/\/old.holyland-olivewood.com\/no\/#website"},"primaryImageOfPage":{"@id":"https:\/\/old.holyland-olivewood.com\/no\/produkt\/sett-4-oliven-tre-skaler-2\/#primaryimage"},"image":{"@id":"https:\/\/old.holyland-olivewood.com\/no\/produkt\/sett-4-oliven-tre-skaler-2\/#primaryimage"},"thumbnailUrl":"https:\/\/old.holyland-olivewood.com\/wp-content\/uploads\/2016\/12\/kitchenware_bowls_holy_land_olive_wood_bethlehem_ki128_1.jpg","datePublished":"2022-02-09T08:37:00+00:00","description":"Bethlehem oliventreh\u00e5ndverk (kj\u00f8kkenvarer, sk\u00e5ler, skj\u00e6rebrett) honningboller, spatel, gaffel, m\u00f8rtel og r\u00e5materiale i standard og tilpassede dimensjoner.","breadcrumb":{"@id":"https:\/\/old.holyland-olivewood.com\/no\/produkt\/sett-4-oliven-tre-skaler-2\/#breadcrumb"},"inLanguage":"nb-NO","potentialAction":[{"@type":"ReadAction","target":["https:\/\/old.holyland-olivewood.com\/no\/produkt\/sett-4-oliven-tre-skaler-2\/"]}]},{"@type":"ImageObject","inLanguage":"nb-NO","@id":"https:\/\/old.holyland-olivewood.com\/no\/produkt\/sett-4-oliven-tre-skaler-2\/#primaryimage","url":"https:\/\/old.holyland-olivewood.com\/wp-content\/uploads\/2016\/12\/kitchenware_bowls_holy_land_olive_wood_bethlehem_ki128_1.jpg","contentUrl":"https:\/\/old.holyland-olivewood.com\/wp-content\/uploads\/2016\/12\/kitchenware_bowls_holy_land_olive_wood_bethlehem_ki128_1.jpg","width":1550,"height":1200},{"@type":"BreadcrumbList","@id":"https:\/\/old.holyland-olivewood.com\/no\/produkt\/sett-4-oliven-tre-skaler-2\/#breadcrumb","itemListElement":[{"@type":"ListItem","position":1,"name":"Home","item":"https:\/\/old.holyland-olivewood.com\/no\/"},{"@type":"ListItem","position":2,"name":"Shop","item":"https:\/\/old.holyland-olivewood.com\/no\/shop\/"},{"@type":"ListItem","position":3,"name":"Sett med 4 sk\u00e5ler av oliventre #KI128"}]},{"@type":"WebSite","@id":"https:\/\/old.holyland-olivewood.com\/no\/#website","url":"https:\/\/old.holyland-olivewood.com\/no\/","name":"Holy Land Olive Wood - Bethlehem Olive Wood Factory","description":"Holy Land Olivewood Bethlehem","publisher":{"@id":"https:\/\/old.holyland-olivewood.com\/no\/#organization"},"potentialAction":[{"@type":"SearchAction","target":{"@type":"EntryPoint","urlTemplate":"https:\/\/old.holyland-olivewood.com\/no\/?s={search_term_string}"},"query-input":{"@type":"PropertyValueSpecification","valueRequired":true,"valueName":"search_term_string"}}],"inLanguage":"nb-NO"},{"@type":"Organization","@id":"https:\/\/old.holyland-olivewood.com\/no\/#organization","name":"Holy Land Olivewood","url":"https:\/\/old.holyland-olivewood.com\/no\/","logo":{"@type":"ImageObject","inLanguage":"nb-NO","@id":"https:\/\/old.holyland-olivewood.com\/no\/#\/schema\/logo\/image\/","url":"","contentUrl":"","caption":"Holy Land Olivewood"},"image":{"@id":"https:\/\/old.holyland-olivewood.com\/no\/#\/schema\/logo\/image\/"},"sameAs":["https:\/\/www.facebook.com\/holylandolivewood.bethlehem\/","http:\/\/instagram.com\/holy.land.olive.wood"]}]}},"_links":{"self":[{"href":"https:\/\/old.holyland-olivewood.com\/no\/wp-json\/wp\/v2\/product\/43044","targetHints":{"allow":["GET"]}}],"collection":[{"href":"https:\/\/old.holyland-olivewood.com\/no\/wp-json\/wp\/v2\/product"}],"about":[{"href":"https:\/\/old.holyland-olivewood.com\/no\/wp-json\/wp\/v2\/types\/product"}],"wp:featuredmedia":[{"embeddable":true,"href":"https:\/\/old.holyland-olivewood.com\/no\/wp-json\/wp\/v2\/media\/31919"}],"wp:attachment":[{"href":"https:\/\/old.holyland-olivewood.com\/no\/wp-json\/wp\/v2\/media?parent=43044"}],"wp:term":[{"taxonomy":"product_brand","embeddable":true,"href":"https:\/\/old.holyland-olivewood.com\/no\/wp-json\/wp\/v2\/product_brand?post=43044"},{"taxonomy":"product_cat","embeddable":true,"href":"https:\/\/old.holyland-olivewood.com\/no\/wp-json\/wp\/v2\/product_cat?post=43044"},{"taxonomy":"product_tag","embeddable":true,"href":"https:\/\/old.holyland-olivewood.com\/no\/wp-json\/wp\/v2\/product_tag?post=43044"}],"curies":[{"name":"wp","href":"https:\/\/api.w.org\/{rel}","templated":true}]}}