{"id":42878,"date":"2018-01-23T16:27:24","date_gmt":"2022-02-09T08:24:07","guid":{"rendered":"https:\/\/old.holyland-olivewood.com\/product\/olivewood-knivhandtak-blanks-05-x-15-x-4-fire-par\/"},"modified":"2022-02-09T08:24:07","modified_gmt":"2022-02-09T08:24:07","slug":"oliventre-kniv-skaft-emner-0-5-x-1-5-x-4-4-par","status":"publish","type":"product","link":"https:\/\/old.holyland-olivewood.com\/no\/produkt\/oliventre-kniv-skaft-emner-0-5-x-1-5-x-4-4-par\/","title":{"rendered":"Olivewood knivh\u00e5ndtak Blanks (0,5&#8243; x 1,5&#8243; x 4&#8243;) fire par"},"content":{"rendered":"","protected":false},"excerpt":{"rendered":"<p>Denne gjenstanden inkluderer fire par presisjonskuttede knivskaftemner som er laget i Det hellige land av b\u00e6rekraftig h\u00f8stet, autentisk Betlehem Olivewood.<\/p>\n<p>Dette eksotiske materialet har en jevnere finish enn nesten noe annet tre, og dets sterkt kontrasterende \u00e5rem\u00f8nster imponerer aldri, noe som gj\u00f8r det til det perfekte valget for enhver bladsmed som \u00f8nsker \u00e5 lage i\u00f8ynefallende, ultra-premium bestikk.<\/p>\n<p>Denne varen inkluderer et ekthetssertifikat som bekrefter materialene og teknikkene som brukes for \u00e5 lage dette produktet.<\/p>\n<p>St\u00f8rrelse: 1,3 cm x 4 cm x 10,5 cm (1\/2&#8243; x 1,5&#8243; x 4&#8243;)<\/p>\n","protected":false},"featured_media":33853,"template":"","meta":[],"product_brand":[],"product_cat":[1452,1450],"product_tag":[1485,1465,1457,1471,1459,1478,1109,1482,1484,1487,1480,2935,1473,1068,1454,1467,1469,1461,1463,1475,1071],"class_list":{"0":"post-42878","1":"product","2":"type-product","3":"status-publish","4":"has-post-thumbnail","6":"product_cat-oliventre","7":"product_cat-plater","8":"product_tag-bethlehem-jerusalem-no","9":"product_tag-blank-no","10":"product_tag-blanks-no","11":"product_tag-block-no","12":"product_tag-bolle","13":"product_tag-gjor-det-selv","14":"product_tag-haandlavet-no","15":"product_tag-handverk","16":"product_tag-handverk-no","17":"product_tag-hellig-land","18":"product_tag-hjemmelaget","19":"product_tag-knivhandtak","20":"product_tag-logg-no","21":"product_tag-oliven-no","22":"product_tag-penn","23":"product_tag-plate","24":"product_tag-plater","25":"product_tag-sett-no","26":"product_tag-sett-no-2","27":"product_tag-tommerstokker","28":"product_tag-trae-no","30":"first","31":"instock","32":"shipping-taxable","33":"purchasable","34":"product-type-simple"},"yoast_head":"<!-- This site is optimized with the Yoast SEO plugin v24.8.1 - https:\/\/yoast.com\/wordpress\/plugins\/seo\/ -->\n<title>Olivewood knivh\u00e5ndtak Blanks (0,5&quot; x 1,5&quot; x 4&quot;) fire par - Holy Land Olive Wood - Bethlehem Olive Wood Factory<\/title>\n<meta name=\"description\" content=\"Bethlehem oliventre h\u00e5ndverk (erosaries, kj\u00f8kkenutstyr, nativity, sett, perler) penn-emner utskj\u00e6ringer, plater, blokker, &amp; r\u00e5 lager i standard og tilpassede dimensjoner.\" \/>\n<meta name=\"robots\" content=\"index, follow, max-snippet:-1, max-image-preview:large, max-video-preview:-1\" \/>\n<link rel=\"canonical\" href=\"https:\/\/old.holyland-olivewood.com\/no\/produkt\/oliventre-kniv-skaft-emner-0-5-x-1-5-x-4-4-par\/\" \/>\n<meta property=\"og:locale\" content=\"nb_NO\" \/>\n<meta property=\"og:type\" content=\"article\" \/>\n<meta property=\"og:title\" content=\"Olivewood knivh\u00e5ndtak Blanks (0,5&quot; x 1,5&quot; x 4&quot;) fire par - Holy Land Olive Wood - Bethlehem Olive Wood Factory\" \/>\n<meta property=\"og:description\" content=\"Bethlehem oliventre h\u00e5ndverk (erosaries, kj\u00f8kkenutstyr, nativity, sett, perler) penn-emner utskj\u00e6ringer, plater, blokker, &amp; r\u00e5 lager i standard og tilpassede dimensjoner.\" \/>\n<meta property=\"og:url\" content=\"https:\/\/old.holyland-olivewood.com\/no\/produkt\/oliventre-kniv-skaft-emner-0-5-x-1-5-x-4-4-par\/\" \/>\n<meta property=\"og:site_name\" content=\"Holy Land Olive Wood - Bethlehem Olive Wood Factory\" \/>\n<meta property=\"article:publisher\" content=\"https:\/\/www.facebook.com\/holylandolivewood.bethlehem\/\" \/>\n<meta property=\"og:image\" content=\"https:\/\/old.holyland-olivewood.com\/wp-content\/uploads\/2018\/01\/knife_handle_holy_land_olive_wood_bethlehem.jpg\" \/>\n\t<meta property=\"og:image:width\" content=\"1550\" \/>\n\t<meta property=\"og:image:height\" content=\"1200\" \/>\n\t<meta property=\"og:image:type\" content=\"image\/jpeg\" \/>\n<meta name=\"twitter:card\" content=\"summary_large_image\" \/>\n<script type=\"application\/ld+json\" class=\"yoast-schema-graph\">{\"@context\":\"https:\/\/schema.org\",\"@graph\":[{\"@type\":\"WebPage\",\"@id\":\"https:\/\/old.holyland-olivewood.com\/no\/produkt\/oliventre-kniv-skaft-emner-0-5-x-1-5-x-4-4-par\/\",\"url\":\"https:\/\/old.holyland-olivewood.com\/no\/produkt\/oliventre-kniv-skaft-emner-0-5-x-1-5-x-4-4-par\/\",\"name\":\"Olivewood knivh\u00e5ndtak Blanks (0,5\\\" x 1,5\\\" x 4\\\") fire par - Holy Land Olive Wood - Bethlehem Olive Wood Factory\",\"isPartOf\":{\"@id\":\"https:\/\/old.holyland-olivewood.com\/no\/#website\"},\"primaryImageOfPage\":{\"@id\":\"https:\/\/old.holyland-olivewood.com\/no\/produkt\/oliventre-kniv-skaft-emner-0-5-x-1-5-x-4-4-par\/#primaryimage\"},\"image\":{\"@id\":\"https:\/\/old.holyland-olivewood.com\/no\/produkt\/oliventre-kniv-skaft-emner-0-5-x-1-5-x-4-4-par\/#primaryimage\"},\"thumbnailUrl\":\"https:\/\/old.holyland-olivewood.com\/wp-content\/uploads\/2018\/01\/knife_handle_holy_land_olive_wood_bethlehem.jpg\",\"datePublished\":\"2022-02-09T08:24:07+00:00\",\"description\":\"Bethlehem oliventre h\u00e5ndverk (erosaries, kj\u00f8kkenutstyr, nativity, sett, perler) penn-emner utskj\u00e6ringer, plater, blokker, & r\u00e5 lager i standard og tilpassede dimensjoner.\",\"breadcrumb\":{\"@id\":\"https:\/\/old.holyland-olivewood.com\/no\/produkt\/oliventre-kniv-skaft-emner-0-5-x-1-5-x-4-4-par\/#breadcrumb\"},\"inLanguage\":\"nb-NO\",\"potentialAction\":[{\"@type\":\"ReadAction\",\"target\":[\"https:\/\/old.holyland-olivewood.com\/no\/produkt\/oliventre-kniv-skaft-emner-0-5-x-1-5-x-4-4-par\/\"]}]},{\"@type\":\"ImageObject\",\"inLanguage\":\"nb-NO\",\"@id\":\"https:\/\/old.holyland-olivewood.com\/no\/produkt\/oliventre-kniv-skaft-emner-0-5-x-1-5-x-4-4-par\/#primaryimage\",\"url\":\"https:\/\/old.holyland-olivewood.com\/wp-content\/uploads\/2018\/01\/knife_handle_holy_land_olive_wood_bethlehem.jpg\",\"contentUrl\":\"https:\/\/old.holyland-olivewood.com\/wp-content\/uploads\/2018\/01\/knife_handle_holy_land_olive_wood_bethlehem.jpg\",\"width\":1550,\"height\":1200},{\"@type\":\"BreadcrumbList\",\"@id\":\"https:\/\/old.holyland-olivewood.com\/no\/produkt\/oliventre-kniv-skaft-emner-0-5-x-1-5-x-4-4-par\/#breadcrumb\",\"itemListElement\":[{\"@type\":\"ListItem\",\"position\":1,\"name\":\"Home\",\"item\":\"https:\/\/old.holyland-olivewood.com\/no\/\"},{\"@type\":\"ListItem\",\"position\":2,\"name\":\"Shop\",\"item\":\"https:\/\/old.holyland-olivewood.com\/no\/shop\/\"},{\"@type\":\"ListItem\",\"position\":3,\"name\":\"Olivewood knivh\u00e5ndtak Blanks (0,5&#8243; x 1,5&#8243; x 4&#8243;) fire par\"}]},{\"@type\":\"WebSite\",\"@id\":\"https:\/\/old.holyland-olivewood.com\/no\/#website\",\"url\":\"https:\/\/old.holyland-olivewood.com\/no\/\",\"name\":\"Holy Land Olive Wood - Bethlehem Olive Wood Factory\",\"description\":\"Holy Land Olivewood Bethlehem\",\"publisher\":{\"@id\":\"https:\/\/old.holyland-olivewood.com\/no\/#organization\"},\"potentialAction\":[{\"@type\":\"SearchAction\",\"target\":{\"@type\":\"EntryPoint\",\"urlTemplate\":\"https:\/\/old.holyland-olivewood.com\/no\/?s={search_term_string}\"},\"query-input\":{\"@type\":\"PropertyValueSpecification\",\"valueRequired\":true,\"valueName\":\"search_term_string\"}}],\"inLanguage\":\"nb-NO\"},{\"@type\":\"Organization\",\"@id\":\"https:\/\/old.holyland-olivewood.com\/no\/#organization\",\"name\":\"Holy Land Olivewood\",\"url\":\"https:\/\/old.holyland-olivewood.com\/no\/\",\"logo\":{\"@type\":\"ImageObject\",\"inLanguage\":\"nb-NO\",\"@id\":\"https:\/\/old.holyland-olivewood.com\/no\/#\/schema\/logo\/image\/\",\"url\":\"\",\"contentUrl\":\"\",\"caption\":\"Holy Land Olivewood\"},\"image\":{\"@id\":\"https:\/\/old.holyland-olivewood.com\/no\/#\/schema\/logo\/image\/\"},\"sameAs\":[\"https:\/\/www.facebook.com\/holylandolivewood.bethlehem\/\",\"http:\/\/instagram.com\/holy.land.olive.wood\"]}]}<\/script>\n<!-- \/ Yoast SEO plugin. -->","yoast_head_json":{"title":"Olivewood knivh\u00e5ndtak Blanks (0,5\" x 1,5\" x 4\") fire par - Holy Land Olive Wood - Bethlehem Olive Wood Factory","description":"Bethlehem oliventre h\u00e5ndverk (erosaries, kj\u00f8kkenutstyr, nativity, sett, perler) penn-emner utskj\u00e6ringer, plater, blokker, & r\u00e5 lager i standard og tilpassede dimensjoner.","robots":{"index":"index","follow":"follow","max-snippet":"max-snippet:-1","max-image-preview":"max-image-preview:large","max-video-preview":"max-video-preview:-1"},"canonical":"https:\/\/old.holyland-olivewood.com\/no\/produkt\/oliventre-kniv-skaft-emner-0-5-x-1-5-x-4-4-par\/","og_locale":"nb_NO","og_type":"article","og_title":"Olivewood knivh\u00e5ndtak Blanks (0,5\" x 1,5\" x 4\") fire par - Holy Land Olive Wood - Bethlehem Olive Wood Factory","og_description":"Bethlehem oliventre h\u00e5ndverk (erosaries, kj\u00f8kkenutstyr, nativity, sett, perler) penn-emner utskj\u00e6ringer, plater, blokker, & r\u00e5 lager i standard og tilpassede dimensjoner.","og_url":"https:\/\/old.holyland-olivewood.com\/no\/produkt\/oliventre-kniv-skaft-emner-0-5-x-1-5-x-4-4-par\/","og_site_name":"Holy Land Olive Wood - Bethlehem Olive Wood Factory","article_publisher":"https:\/\/www.facebook.com\/holylandolivewood.bethlehem\/","og_image":[{"width":1550,"height":1200,"url":"https:\/\/old.holyland-olivewood.com\/wp-content\/uploads\/2018\/01\/knife_handle_holy_land_olive_wood_bethlehem.jpg","type":"image\/jpeg"}],"twitter_card":"summary_large_image","schema":{"@context":"https:\/\/schema.org","@graph":[{"@type":"WebPage","@id":"https:\/\/old.holyland-olivewood.com\/no\/produkt\/oliventre-kniv-skaft-emner-0-5-x-1-5-x-4-4-par\/","url":"https:\/\/old.holyland-olivewood.com\/no\/produkt\/oliventre-kniv-skaft-emner-0-5-x-1-5-x-4-4-par\/","name":"Olivewood knivh\u00e5ndtak Blanks (0,5\" x 1,5\" x 4\") fire par - Holy Land Olive Wood - Bethlehem Olive Wood Factory","isPartOf":{"@id":"https:\/\/old.holyland-olivewood.com\/no\/#website"},"primaryImageOfPage":{"@id":"https:\/\/old.holyland-olivewood.com\/no\/produkt\/oliventre-kniv-skaft-emner-0-5-x-1-5-x-4-4-par\/#primaryimage"},"image":{"@id":"https:\/\/old.holyland-olivewood.com\/no\/produkt\/oliventre-kniv-skaft-emner-0-5-x-1-5-x-4-4-par\/#primaryimage"},"thumbnailUrl":"https:\/\/old.holyland-olivewood.com\/wp-content\/uploads\/2018\/01\/knife_handle_holy_land_olive_wood_bethlehem.jpg","datePublished":"2022-02-09T08:24:07+00:00","description":"Bethlehem oliventre h\u00e5ndverk (erosaries, kj\u00f8kkenutstyr, nativity, sett, perler) penn-emner utskj\u00e6ringer, plater, blokker, & r\u00e5 lager i standard og tilpassede dimensjoner.","breadcrumb":{"@id":"https:\/\/old.holyland-olivewood.com\/no\/produkt\/oliventre-kniv-skaft-emner-0-5-x-1-5-x-4-4-par\/#breadcrumb"},"inLanguage":"nb-NO","potentialAction":[{"@type":"ReadAction","target":["https:\/\/old.holyland-olivewood.com\/no\/produkt\/oliventre-kniv-skaft-emner-0-5-x-1-5-x-4-4-par\/"]}]},{"@type":"ImageObject","inLanguage":"nb-NO","@id":"https:\/\/old.holyland-olivewood.com\/no\/produkt\/oliventre-kniv-skaft-emner-0-5-x-1-5-x-4-4-par\/#primaryimage","url":"https:\/\/old.holyland-olivewood.com\/wp-content\/uploads\/2018\/01\/knife_handle_holy_land_olive_wood_bethlehem.jpg","contentUrl":"https:\/\/old.holyland-olivewood.com\/wp-content\/uploads\/2018\/01\/knife_handle_holy_land_olive_wood_bethlehem.jpg","width":1550,"height":1200},{"@type":"BreadcrumbList","@id":"https:\/\/old.holyland-olivewood.com\/no\/produkt\/oliventre-kniv-skaft-emner-0-5-x-1-5-x-4-4-par\/#breadcrumb","itemListElement":[{"@type":"ListItem","position":1,"name":"Home","item":"https:\/\/old.holyland-olivewood.com\/no\/"},{"@type":"ListItem","position":2,"name":"Shop","item":"https:\/\/old.holyland-olivewood.com\/no\/shop\/"},{"@type":"ListItem","position":3,"name":"Olivewood knivh\u00e5ndtak Blanks (0,5&#8243; x 1,5&#8243; x 4&#8243;) fire par"}]},{"@type":"WebSite","@id":"https:\/\/old.holyland-olivewood.com\/no\/#website","url":"https:\/\/old.holyland-olivewood.com\/no\/","name":"Holy Land Olive Wood - Bethlehem Olive Wood Factory","description":"Holy Land Olivewood Bethlehem","publisher":{"@id":"https:\/\/old.holyland-olivewood.com\/no\/#organization"},"potentialAction":[{"@type":"SearchAction","target":{"@type":"EntryPoint","urlTemplate":"https:\/\/old.holyland-olivewood.com\/no\/?s={search_term_string}"},"query-input":{"@type":"PropertyValueSpecification","valueRequired":true,"valueName":"search_term_string"}}],"inLanguage":"nb-NO"},{"@type":"Organization","@id":"https:\/\/old.holyland-olivewood.com\/no\/#organization","name":"Holy Land Olivewood","url":"https:\/\/old.holyland-olivewood.com\/no\/","logo":{"@type":"ImageObject","inLanguage":"nb-NO","@id":"https:\/\/old.holyland-olivewood.com\/no\/#\/schema\/logo\/image\/","url":"","contentUrl":"","caption":"Holy Land Olivewood"},"image":{"@id":"https:\/\/old.holyland-olivewood.com\/no\/#\/schema\/logo\/image\/"},"sameAs":["https:\/\/www.facebook.com\/holylandolivewood.bethlehem\/","http:\/\/instagram.com\/holy.land.olive.wood"]}]}},"_links":{"self":[{"href":"https:\/\/old.holyland-olivewood.com\/no\/wp-json\/wp\/v2\/product\/42878","targetHints":{"allow":["GET"]}}],"collection":[{"href":"https:\/\/old.holyland-olivewood.com\/no\/wp-json\/wp\/v2\/product"}],"about":[{"href":"https:\/\/old.holyland-olivewood.com\/no\/wp-json\/wp\/v2\/types\/product"}],"wp:featuredmedia":[{"embeddable":true,"href":"https:\/\/old.holyland-olivewood.com\/no\/wp-json\/wp\/v2\/media\/33853"}],"wp:attachment":[{"href":"https:\/\/old.holyland-olivewood.com\/no\/wp-json\/wp\/v2\/media?parent=42878"}],"wp:term":[{"taxonomy":"product_brand","embeddable":true,"href":"https:\/\/old.holyland-olivewood.com\/no\/wp-json\/wp\/v2\/product_brand?post=42878"},{"taxonomy":"product_cat","embeddable":true,"href":"https:\/\/old.holyland-olivewood.com\/no\/wp-json\/wp\/v2\/product_cat?post=42878"},{"taxonomy":"product_tag","embeddable":true,"href":"https:\/\/old.holyland-olivewood.com\/no\/wp-json\/wp\/v2\/product_tag?post=42878"}],"curies":[{"name":"wp","href":"https:\/\/api.w.org\/{rel}","templated":true}]}}