{"id":42860,"date":"2018-01-19T16:48:01","date_gmt":"2022-02-09T08:23:50","guid":{"rendered":"https:\/\/old.holyland-olivewood.com\/product\/bethlehem-olivewood-flaskestopper-ki135\/"},"modified":"2022-02-09T08:23:50","modified_gmt":"2022-02-09T08:23:50","slug":"bethlehem-oliventre-flaskepropp-ki135","status":"publish","type":"product","link":"https:\/\/old.holyland-olivewood.com\/no\/produkt\/bethlehem-oliventre-flaskepropp-ki135\/","title":{"rendered":"Bethlehem Olivewood flaskestopper #KI135"},"content":{"rendered":"","protected":false},"excerpt":{"rendered":"<p><strong>Bethlehem Olivewood flaskestopper<\/strong><\/p>\n<p>Denne h\u00e5nddreide minneflaskeproppen vil vare livet ut, og er en flott gave til alle som setter pris p\u00e5 h\u00e5ndverk og naturmaterialers r\u00e5 skj\u00f8nnhet. Denne flaskestopperens h\u00e5ndtak er laget av b\u00e6rekraftig h\u00f8stet, ekte Bethlehem Olivewood, som er skrudd fast til en polert flaskeinnsats i rustfritt st\u00e5l som har seks p\u00e5f\u00f8lgende silikon O-ringer for \u00e5 passe perfekt til enhver flaske og beskytte vin, brennevin, olivenolje eller eddik.<\/p>\n<p>Bethlehem Olivewood er et eksotisk materiale som har en jevnere finish enn nesten noe annet tre, og dets sterkt kontrasterende \u00e5rem\u00f8nster imponerer aldri. Siden Bethlehem Olivewood er et naturprodukt, har hver flaskepropp et enkeltst\u00e5ende, individuelt kornm\u00f8nster.<\/p>\n<p>Denne varen inkluderer et ekthetssertifikat som bekrefter materialene og teknikkene som brukes for \u00e5 lage dette produktet.<\/p>\n<p><strong>St\u00f8rrelse:<\/strong> 5 cm x 5 cm x 14 cm (2&#8243; x 2&#8243; x 5,5&#8243;)<\/p>\n","protected":false},"featured_media":33836,"template":"","meta":[],"product_brand":[],"product_cat":[1046,2903],"product_tag":[1049,2907,1127,2493,2905,1077],"class_list":{"0":"post-42860","1":"product","2":"type-product","3":"status-publish","4":"has-post-thumbnail","6":"product_cat-kunsthaandvaerk-no","7":"product_cat-kjokkenutstyr","8":"product_tag-betlehem-no","9":"product_tag-flaskepropp","10":"product_tag-haandvaerk-no","11":"product_tag-hellig-land-no","12":"product_tag-kjokkenutstyr","13":"product_tag-oliventrae-no","15":"first","16":"outofstock","17":"shipping-taxable","18":"purchasable","19":"product-type-simple"},"yoast_head":"<!-- This site is optimized with the Yoast SEO plugin v24.8.1 - https:\/\/yoast.com\/wordpress\/plugins\/seo\/ -->\n<title>Bethlehem Olivewood flaskestopper #KI135 - Holy Land Olive Wood - Bethlehem Olive Wood Factory<\/title>\n<meta name=\"description\" content=\"Bethlehems oliventreh\u00e5ndverk (kj\u00f8kkenvarer, flaskepropp) honningbolle, spatel, gaffel, m\u00f8rtel og r\u00e5materiale i standard og tilpassede dimensjoner.\" \/>\n<meta name=\"robots\" content=\"index, follow, max-snippet:-1, max-image-preview:large, max-video-preview:-1\" \/>\n<link rel=\"canonical\" href=\"https:\/\/old.holyland-olivewood.com\/no\/produkt\/bethlehem-oliventre-flaskepropp-ki135\/\" \/>\n<meta property=\"og:locale\" content=\"nb_NO\" \/>\n<meta property=\"og:type\" content=\"article\" \/>\n<meta property=\"og:title\" content=\"Bethlehem Olivewood flaskestopper #KI135 - Holy Land Olive Wood - Bethlehem Olive Wood Factory\" \/>\n<meta property=\"og:description\" content=\"Bethlehems oliventreh\u00e5ndverk (kj\u00f8kkenvarer, flaskepropp) honningbolle, spatel, gaffel, m\u00f8rtel og r\u00e5materiale i standard og tilpassede dimensjoner.\" \/>\n<meta property=\"og:url\" content=\"https:\/\/old.holyland-olivewood.com\/no\/produkt\/bethlehem-oliventre-flaskepropp-ki135\/\" \/>\n<meta property=\"og:site_name\" content=\"Holy Land Olive Wood - Bethlehem Olive Wood Factory\" \/>\n<meta property=\"article:publisher\" content=\"https:\/\/www.facebook.com\/holylandolivewood.bethlehem\/\" \/>\n<meta property=\"og:image\" content=\"https:\/\/old.holyland-olivewood.com\/wp-content\/uploads\/2018\/01\/kitchenware_bottle_stopper_holy_land_olive_wood_bethlehem_ki135.jpg\" \/>\n\t<meta property=\"og:image:width\" content=\"1550\" \/>\n\t<meta property=\"og:image:height\" content=\"1200\" \/>\n\t<meta property=\"og:image:type\" content=\"image\/jpeg\" \/>\n<meta name=\"twitter:card\" content=\"summary_large_image\" \/>\n<script type=\"application\/ld+json\" class=\"yoast-schema-graph\">{\"@context\":\"https:\/\/schema.org\",\"@graph\":[{\"@type\":\"WebPage\",\"@id\":\"https:\/\/old.holyland-olivewood.com\/no\/produkt\/bethlehem-oliventre-flaskepropp-ki135\/\",\"url\":\"https:\/\/old.holyland-olivewood.com\/no\/produkt\/bethlehem-oliventre-flaskepropp-ki135\/\",\"name\":\"Bethlehem Olivewood flaskestopper #KI135 - Holy Land Olive Wood - Bethlehem Olive Wood Factory\",\"isPartOf\":{\"@id\":\"https:\/\/old.holyland-olivewood.com\/no\/#website\"},\"primaryImageOfPage\":{\"@id\":\"https:\/\/old.holyland-olivewood.com\/no\/produkt\/bethlehem-oliventre-flaskepropp-ki135\/#primaryimage\"},\"image\":{\"@id\":\"https:\/\/old.holyland-olivewood.com\/no\/produkt\/bethlehem-oliventre-flaskepropp-ki135\/#primaryimage\"},\"thumbnailUrl\":\"https:\/\/old.holyland-olivewood.com\/wp-content\/uploads\/2018\/01\/kitchenware_bottle_stopper_holy_land_olive_wood_bethlehem_ki135.jpg\",\"datePublished\":\"2022-02-09T08:23:50+00:00\",\"description\":\"Bethlehems oliventreh\u00e5ndverk (kj\u00f8kkenvarer, flaskepropp) honningbolle, spatel, gaffel, m\u00f8rtel og r\u00e5materiale i standard og tilpassede dimensjoner.\",\"breadcrumb\":{\"@id\":\"https:\/\/old.holyland-olivewood.com\/no\/produkt\/bethlehem-oliventre-flaskepropp-ki135\/#breadcrumb\"},\"inLanguage\":\"nb-NO\",\"potentialAction\":[{\"@type\":\"ReadAction\",\"target\":[\"https:\/\/old.holyland-olivewood.com\/no\/produkt\/bethlehem-oliventre-flaskepropp-ki135\/\"]}]},{\"@type\":\"ImageObject\",\"inLanguage\":\"nb-NO\",\"@id\":\"https:\/\/old.holyland-olivewood.com\/no\/produkt\/bethlehem-oliventre-flaskepropp-ki135\/#primaryimage\",\"url\":\"https:\/\/old.holyland-olivewood.com\/wp-content\/uploads\/2018\/01\/kitchenware_bottle_stopper_holy_land_olive_wood_bethlehem_ki135.jpg\",\"contentUrl\":\"https:\/\/old.holyland-olivewood.com\/wp-content\/uploads\/2018\/01\/kitchenware_bottle_stopper_holy_land_olive_wood_bethlehem_ki135.jpg\",\"width\":1550,\"height\":1200},{\"@type\":\"BreadcrumbList\",\"@id\":\"https:\/\/old.holyland-olivewood.com\/no\/produkt\/bethlehem-oliventre-flaskepropp-ki135\/#breadcrumb\",\"itemListElement\":[{\"@type\":\"ListItem\",\"position\":1,\"name\":\"Home\",\"item\":\"https:\/\/old.holyland-olivewood.com\/no\/\"},{\"@type\":\"ListItem\",\"position\":2,\"name\":\"Shop\",\"item\":\"https:\/\/old.holyland-olivewood.com\/no\/shop\/\"},{\"@type\":\"ListItem\",\"position\":3,\"name\":\"Bethlehem Olivewood flaskestopper #KI135\"}]},{\"@type\":\"WebSite\",\"@id\":\"https:\/\/old.holyland-olivewood.com\/no\/#website\",\"url\":\"https:\/\/old.holyland-olivewood.com\/no\/\",\"name\":\"Holy Land Olive Wood - Bethlehem Olive Wood Factory\",\"description\":\"Holy Land Olivewood Bethlehem\",\"publisher\":{\"@id\":\"https:\/\/old.holyland-olivewood.com\/no\/#organization\"},\"potentialAction\":[{\"@type\":\"SearchAction\",\"target\":{\"@type\":\"EntryPoint\",\"urlTemplate\":\"https:\/\/old.holyland-olivewood.com\/no\/?s={search_term_string}\"},\"query-input\":{\"@type\":\"PropertyValueSpecification\",\"valueRequired\":true,\"valueName\":\"search_term_string\"}}],\"inLanguage\":\"nb-NO\"},{\"@type\":\"Organization\",\"@id\":\"https:\/\/old.holyland-olivewood.com\/no\/#organization\",\"name\":\"Holy Land Olivewood\",\"url\":\"https:\/\/old.holyland-olivewood.com\/no\/\",\"logo\":{\"@type\":\"ImageObject\",\"inLanguage\":\"nb-NO\",\"@id\":\"https:\/\/old.holyland-olivewood.com\/no\/#\/schema\/logo\/image\/\",\"url\":\"\",\"contentUrl\":\"\",\"caption\":\"Holy Land Olivewood\"},\"image\":{\"@id\":\"https:\/\/old.holyland-olivewood.com\/no\/#\/schema\/logo\/image\/\"},\"sameAs\":[\"https:\/\/www.facebook.com\/holylandolivewood.bethlehem\/\",\"http:\/\/instagram.com\/holy.land.olive.wood\"]}]}<\/script>\n<!-- \/ Yoast SEO plugin. -->","yoast_head_json":{"title":"Bethlehem Olivewood flaskestopper #KI135 - Holy Land Olive Wood - Bethlehem Olive Wood Factory","description":"Bethlehems oliventreh\u00e5ndverk (kj\u00f8kkenvarer, flaskepropp) honningbolle, spatel, gaffel, m\u00f8rtel og r\u00e5materiale i standard og tilpassede dimensjoner.","robots":{"index":"index","follow":"follow","max-snippet":"max-snippet:-1","max-image-preview":"max-image-preview:large","max-video-preview":"max-video-preview:-1"},"canonical":"https:\/\/old.holyland-olivewood.com\/no\/produkt\/bethlehem-oliventre-flaskepropp-ki135\/","og_locale":"nb_NO","og_type":"article","og_title":"Bethlehem Olivewood flaskestopper #KI135 - Holy Land Olive Wood - Bethlehem Olive Wood Factory","og_description":"Bethlehems oliventreh\u00e5ndverk (kj\u00f8kkenvarer, flaskepropp) honningbolle, spatel, gaffel, m\u00f8rtel og r\u00e5materiale i standard og tilpassede dimensjoner.","og_url":"https:\/\/old.holyland-olivewood.com\/no\/produkt\/bethlehem-oliventre-flaskepropp-ki135\/","og_site_name":"Holy Land Olive Wood - Bethlehem Olive Wood Factory","article_publisher":"https:\/\/www.facebook.com\/holylandolivewood.bethlehem\/","og_image":[{"width":1550,"height":1200,"url":"https:\/\/old.holyland-olivewood.com\/wp-content\/uploads\/2018\/01\/kitchenware_bottle_stopper_holy_land_olive_wood_bethlehem_ki135.jpg","type":"image\/jpeg"}],"twitter_card":"summary_large_image","schema":{"@context":"https:\/\/schema.org","@graph":[{"@type":"WebPage","@id":"https:\/\/old.holyland-olivewood.com\/no\/produkt\/bethlehem-oliventre-flaskepropp-ki135\/","url":"https:\/\/old.holyland-olivewood.com\/no\/produkt\/bethlehem-oliventre-flaskepropp-ki135\/","name":"Bethlehem Olivewood flaskestopper #KI135 - Holy Land Olive Wood - Bethlehem Olive Wood Factory","isPartOf":{"@id":"https:\/\/old.holyland-olivewood.com\/no\/#website"},"primaryImageOfPage":{"@id":"https:\/\/old.holyland-olivewood.com\/no\/produkt\/bethlehem-oliventre-flaskepropp-ki135\/#primaryimage"},"image":{"@id":"https:\/\/old.holyland-olivewood.com\/no\/produkt\/bethlehem-oliventre-flaskepropp-ki135\/#primaryimage"},"thumbnailUrl":"https:\/\/old.holyland-olivewood.com\/wp-content\/uploads\/2018\/01\/kitchenware_bottle_stopper_holy_land_olive_wood_bethlehem_ki135.jpg","datePublished":"2022-02-09T08:23:50+00:00","description":"Bethlehems oliventreh\u00e5ndverk (kj\u00f8kkenvarer, flaskepropp) honningbolle, spatel, gaffel, m\u00f8rtel og r\u00e5materiale i standard og tilpassede dimensjoner.","breadcrumb":{"@id":"https:\/\/old.holyland-olivewood.com\/no\/produkt\/bethlehem-oliventre-flaskepropp-ki135\/#breadcrumb"},"inLanguage":"nb-NO","potentialAction":[{"@type":"ReadAction","target":["https:\/\/old.holyland-olivewood.com\/no\/produkt\/bethlehem-oliventre-flaskepropp-ki135\/"]}]},{"@type":"ImageObject","inLanguage":"nb-NO","@id":"https:\/\/old.holyland-olivewood.com\/no\/produkt\/bethlehem-oliventre-flaskepropp-ki135\/#primaryimage","url":"https:\/\/old.holyland-olivewood.com\/wp-content\/uploads\/2018\/01\/kitchenware_bottle_stopper_holy_land_olive_wood_bethlehem_ki135.jpg","contentUrl":"https:\/\/old.holyland-olivewood.com\/wp-content\/uploads\/2018\/01\/kitchenware_bottle_stopper_holy_land_olive_wood_bethlehem_ki135.jpg","width":1550,"height":1200},{"@type":"BreadcrumbList","@id":"https:\/\/old.holyland-olivewood.com\/no\/produkt\/bethlehem-oliventre-flaskepropp-ki135\/#breadcrumb","itemListElement":[{"@type":"ListItem","position":1,"name":"Home","item":"https:\/\/old.holyland-olivewood.com\/no\/"},{"@type":"ListItem","position":2,"name":"Shop","item":"https:\/\/old.holyland-olivewood.com\/no\/shop\/"},{"@type":"ListItem","position":3,"name":"Bethlehem Olivewood flaskestopper #KI135"}]},{"@type":"WebSite","@id":"https:\/\/old.holyland-olivewood.com\/no\/#website","url":"https:\/\/old.holyland-olivewood.com\/no\/","name":"Holy Land Olive Wood - Bethlehem Olive Wood Factory","description":"Holy Land Olivewood Bethlehem","publisher":{"@id":"https:\/\/old.holyland-olivewood.com\/no\/#organization"},"potentialAction":[{"@type":"SearchAction","target":{"@type":"EntryPoint","urlTemplate":"https:\/\/old.holyland-olivewood.com\/no\/?s={search_term_string}"},"query-input":{"@type":"PropertyValueSpecification","valueRequired":true,"valueName":"search_term_string"}}],"inLanguage":"nb-NO"},{"@type":"Organization","@id":"https:\/\/old.holyland-olivewood.com\/no\/#organization","name":"Holy Land Olivewood","url":"https:\/\/old.holyland-olivewood.com\/no\/","logo":{"@type":"ImageObject","inLanguage":"nb-NO","@id":"https:\/\/old.holyland-olivewood.com\/no\/#\/schema\/logo\/image\/","url":"","contentUrl":"","caption":"Holy Land Olivewood"},"image":{"@id":"https:\/\/old.holyland-olivewood.com\/no\/#\/schema\/logo\/image\/"},"sameAs":["https:\/\/www.facebook.com\/holylandolivewood.bethlehem\/","http:\/\/instagram.com\/holy.land.olive.wood"]}]}},"_links":{"self":[{"href":"https:\/\/old.holyland-olivewood.com\/no\/wp-json\/wp\/v2\/product\/42860","targetHints":{"allow":["GET"]}}],"collection":[{"href":"https:\/\/old.holyland-olivewood.com\/no\/wp-json\/wp\/v2\/product"}],"about":[{"href":"https:\/\/old.holyland-olivewood.com\/no\/wp-json\/wp\/v2\/types\/product"}],"wp:featuredmedia":[{"embeddable":true,"href":"https:\/\/old.holyland-olivewood.com\/no\/wp-json\/wp\/v2\/media\/33836"}],"wp:attachment":[{"href":"https:\/\/old.holyland-olivewood.com\/no\/wp-json\/wp\/v2\/media?parent=42860"}],"wp:term":[{"taxonomy":"product_brand","embeddable":true,"href":"https:\/\/old.holyland-olivewood.com\/no\/wp-json\/wp\/v2\/product_brand?post=42860"},{"taxonomy":"product_cat","embeddable":true,"href":"https:\/\/old.holyland-olivewood.com\/no\/wp-json\/wp\/v2\/product_cat?post=42860"},{"taxonomy":"product_tag","embeddable":true,"href":"https:\/\/old.holyland-olivewood.com\/no\/wp-json\/wp\/v2\/product_tag?post=42860"}],"curies":[{"name":"wp","href":"https:\/\/api.w.org\/{rel}","templated":true}]}}