{"id":42753,"date":"2018-04-25T19:48:40","date_gmt":"2022-02-09T08:03:08","guid":{"rendered":"https:\/\/old.holyland-olivewood.com\/product\/handlaget-bethlehem-pennstativ-i-oliventre-pennholder-i-oliventre-pe112\/"},"modified":"2022-02-09T08:03:08","modified_gmt":"2022-02-09T08:03:08","slug":"handlaget-betlehem-oliventre-pennstativ-oliventre-penneholder-pe112","status":"publish","type":"product","link":"https:\/\/old.holyland-olivewood.com\/no\/produkt\/handlaget-betlehem-oliventre-pennstativ-oliventre-penneholder-pe112\/","title":{"rendered":"H\u00e5ndlaget Bethlehem pennstativ i oliventre, pennholder i oliventre #PE112"},"content":{"rendered":"","protected":false},"excerpt":{"rendered":"<p>Dette vakre pennstativet er h\u00e5ndlaget i Det hellige land av b\u00e6rekraftig h\u00f8stet, autentisk Bethlehem Olive Wood. Dette oliventrestykket er veldig solid og holdbart. Overflaten har en fin finish som er silkemyk \u00e5 ta p\u00e5.<\/p>\n<p>Denne varen inkluderer et ekthetssertifikat som bekrefter materialene og teknikkene som brukes for \u00e5 lage dette produktet.<\/p>\n<p>St\u00f8rrelse: 5,5 cm x 12,5 cm x 14 cm (2&#8243; x 5&#8243; x 5,1\/2&#8243;)<\/p>\n","protected":false},"featured_media":34215,"template":"","meta":[],"product_brand":[],"product_cat":[1046,2371,2369],"product_tag":[1049,1077,1454,2373],"class_list":{"0":"post-42753","1":"product","2":"type-product","3":"status-publish","4":"has-post-thumbnail","6":"product_cat-kunsthaandvaerk-no","7":"product_cat-penner-og-bordutstyr","8":"product_cat-blanke-penner","9":"product_tag-betlehem-no","10":"product_tag-oliventrae-no","11":"product_tag-penn","12":"product_tag-penner","14":"first","15":"outofstock","16":"shipping-taxable","17":"purchasable","18":"product-type-simple"},"yoast_head":"<!-- This site is optimized with the Yoast SEO plugin v24.8.1 - https:\/\/yoast.com\/wordpress\/plugins\/seo\/ -->\n<title>H\u00e5ndlaget Bethlehem pennstativ i oliventre, pennholder i oliventre #PE112 - Holy Land Olive Wood - Bethlehem Olive Wood Factory<\/title>\n<meta name=\"description\" content=\"Bethlehem oliventre penner og bordartikler (dvs. pennholder, penneesker) emner, utskj\u00e6ringer og mer fra det hellige land og r\u00e5vare i standard og tilpassede dimensjoner.\" \/>\n<meta name=\"robots\" content=\"index, follow, max-snippet:-1, max-image-preview:large, max-video-preview:-1\" \/>\n<link rel=\"canonical\" href=\"https:\/\/old.holyland-olivewood.com\/no\/produkt\/handlaget-betlehem-oliventre-pennstativ-oliventre-penneholder-pe112\/\" \/>\n<meta property=\"og:locale\" content=\"nb_NO\" \/>\n<meta property=\"og:type\" content=\"article\" \/>\n<meta property=\"og:title\" content=\"H\u00e5ndlaget Bethlehem pennstativ i oliventre, pennholder i oliventre #PE112 - Holy Land Olive Wood - Bethlehem Olive Wood Factory\" \/>\n<meta property=\"og:description\" content=\"Bethlehem oliventre penner og bordartikler (dvs. pennholder, penneesker) emner, utskj\u00e6ringer og mer fra det hellige land og r\u00e5vare i standard og tilpassede dimensjoner.\" \/>\n<meta property=\"og:url\" content=\"https:\/\/old.holyland-olivewood.com\/no\/produkt\/handlaget-betlehem-oliventre-pennstativ-oliventre-penneholder-pe112\/\" \/>\n<meta property=\"og:site_name\" content=\"Holy Land Olive Wood - Bethlehem Olive Wood Factory\" \/>\n<meta property=\"article:publisher\" content=\"https:\/\/www.facebook.com\/holylandolivewood.bethlehem\/\" \/>\n<meta property=\"og:image\" content=\"https:\/\/old.holyland-olivewood.com\/wp-content\/uploads\/2018\/04\/bethlehem_olive_wood_pen_stand_olive_wood_pen_holde_PE112_1.jpg\" \/>\n\t<meta property=\"og:image:width\" content=\"1550\" \/>\n\t<meta property=\"og:image:height\" content=\"1200\" \/>\n\t<meta property=\"og:image:type\" content=\"image\/jpeg\" \/>\n<meta name=\"twitter:card\" content=\"summary_large_image\" \/>\n<script type=\"application\/ld+json\" class=\"yoast-schema-graph\">{\"@context\":\"https:\/\/schema.org\",\"@graph\":[{\"@type\":\"WebPage\",\"@id\":\"https:\/\/old.holyland-olivewood.com\/no\/produkt\/handlaget-betlehem-oliventre-pennstativ-oliventre-penneholder-pe112\/\",\"url\":\"https:\/\/old.holyland-olivewood.com\/no\/produkt\/handlaget-betlehem-oliventre-pennstativ-oliventre-penneholder-pe112\/\",\"name\":\"H\u00e5ndlaget Bethlehem pennstativ i oliventre, pennholder i oliventre #PE112 - Holy Land Olive Wood - Bethlehem Olive Wood Factory\",\"isPartOf\":{\"@id\":\"https:\/\/old.holyland-olivewood.com\/no\/#website\"},\"primaryImageOfPage\":{\"@id\":\"https:\/\/old.holyland-olivewood.com\/no\/produkt\/handlaget-betlehem-oliventre-pennstativ-oliventre-penneholder-pe112\/#primaryimage\"},\"image\":{\"@id\":\"https:\/\/old.holyland-olivewood.com\/no\/produkt\/handlaget-betlehem-oliventre-pennstativ-oliventre-penneholder-pe112\/#primaryimage\"},\"thumbnailUrl\":\"https:\/\/old.holyland-olivewood.com\/wp-content\/uploads\/2018\/04\/bethlehem_olive_wood_pen_stand_olive_wood_pen_holde_PE112_1.jpg\",\"datePublished\":\"2022-02-09T08:03:08+00:00\",\"description\":\"Bethlehem oliventre penner og bordartikler (dvs. pennholder, penneesker) emner, utskj\u00e6ringer og mer fra det hellige land og r\u00e5vare i standard og tilpassede dimensjoner.\",\"breadcrumb\":{\"@id\":\"https:\/\/old.holyland-olivewood.com\/no\/produkt\/handlaget-betlehem-oliventre-pennstativ-oliventre-penneholder-pe112\/#breadcrumb\"},\"inLanguage\":\"nb-NO\",\"potentialAction\":[{\"@type\":\"ReadAction\",\"target\":[\"https:\/\/old.holyland-olivewood.com\/no\/produkt\/handlaget-betlehem-oliventre-pennstativ-oliventre-penneholder-pe112\/\"]}]},{\"@type\":\"ImageObject\",\"inLanguage\":\"nb-NO\",\"@id\":\"https:\/\/old.holyland-olivewood.com\/no\/produkt\/handlaget-betlehem-oliventre-pennstativ-oliventre-penneholder-pe112\/#primaryimage\",\"url\":\"https:\/\/old.holyland-olivewood.com\/wp-content\/uploads\/2018\/04\/bethlehem_olive_wood_pen_stand_olive_wood_pen_holde_PE112_1.jpg\",\"contentUrl\":\"https:\/\/old.holyland-olivewood.com\/wp-content\/uploads\/2018\/04\/bethlehem_olive_wood_pen_stand_olive_wood_pen_holde_PE112_1.jpg\",\"width\":1550,\"height\":1200},{\"@type\":\"BreadcrumbList\",\"@id\":\"https:\/\/old.holyland-olivewood.com\/no\/produkt\/handlaget-betlehem-oliventre-pennstativ-oliventre-penneholder-pe112\/#breadcrumb\",\"itemListElement\":[{\"@type\":\"ListItem\",\"position\":1,\"name\":\"Home\",\"item\":\"https:\/\/old.holyland-olivewood.com\/no\/\"},{\"@type\":\"ListItem\",\"position\":2,\"name\":\"Shop\",\"item\":\"https:\/\/old.holyland-olivewood.com\/no\/shop\/\"},{\"@type\":\"ListItem\",\"position\":3,\"name\":\"H\u00e5ndlaget Bethlehem pennstativ i oliventre, pennholder i oliventre #PE112\"}]},{\"@type\":\"WebSite\",\"@id\":\"https:\/\/old.holyland-olivewood.com\/no\/#website\",\"url\":\"https:\/\/old.holyland-olivewood.com\/no\/\",\"name\":\"Holy Land Olive Wood - Bethlehem Olive Wood Factory\",\"description\":\"Holy Land Olivewood Bethlehem\",\"publisher\":{\"@id\":\"https:\/\/old.holyland-olivewood.com\/no\/#organization\"},\"potentialAction\":[{\"@type\":\"SearchAction\",\"target\":{\"@type\":\"EntryPoint\",\"urlTemplate\":\"https:\/\/old.holyland-olivewood.com\/no\/?s={search_term_string}\"},\"query-input\":{\"@type\":\"PropertyValueSpecification\",\"valueRequired\":true,\"valueName\":\"search_term_string\"}}],\"inLanguage\":\"nb-NO\"},{\"@type\":\"Organization\",\"@id\":\"https:\/\/old.holyland-olivewood.com\/no\/#organization\",\"name\":\"Holy Land Olivewood\",\"url\":\"https:\/\/old.holyland-olivewood.com\/no\/\",\"logo\":{\"@type\":\"ImageObject\",\"inLanguage\":\"nb-NO\",\"@id\":\"https:\/\/old.holyland-olivewood.com\/no\/#\/schema\/logo\/image\/\",\"url\":\"\",\"contentUrl\":\"\",\"caption\":\"Holy Land Olivewood\"},\"image\":{\"@id\":\"https:\/\/old.holyland-olivewood.com\/no\/#\/schema\/logo\/image\/\"},\"sameAs\":[\"https:\/\/www.facebook.com\/holylandolivewood.bethlehem\/\",\"http:\/\/instagram.com\/holy.land.olive.wood\"]}]}<\/script>\n<!-- \/ Yoast SEO plugin. -->","yoast_head_json":{"title":"H\u00e5ndlaget Bethlehem pennstativ i oliventre, pennholder i oliventre #PE112 - Holy Land Olive Wood - Bethlehem Olive Wood Factory","description":"Bethlehem oliventre penner og bordartikler (dvs. pennholder, penneesker) emner, utskj\u00e6ringer og mer fra det hellige land og r\u00e5vare i standard og tilpassede dimensjoner.","robots":{"index":"index","follow":"follow","max-snippet":"max-snippet:-1","max-image-preview":"max-image-preview:large","max-video-preview":"max-video-preview:-1"},"canonical":"https:\/\/old.holyland-olivewood.com\/no\/produkt\/handlaget-betlehem-oliventre-pennstativ-oliventre-penneholder-pe112\/","og_locale":"nb_NO","og_type":"article","og_title":"H\u00e5ndlaget Bethlehem pennstativ i oliventre, pennholder i oliventre #PE112 - Holy Land Olive Wood - Bethlehem Olive Wood Factory","og_description":"Bethlehem oliventre penner og bordartikler (dvs. pennholder, penneesker) emner, utskj\u00e6ringer og mer fra det hellige land og r\u00e5vare i standard og tilpassede dimensjoner.","og_url":"https:\/\/old.holyland-olivewood.com\/no\/produkt\/handlaget-betlehem-oliventre-pennstativ-oliventre-penneholder-pe112\/","og_site_name":"Holy Land Olive Wood - Bethlehem Olive Wood Factory","article_publisher":"https:\/\/www.facebook.com\/holylandolivewood.bethlehem\/","og_image":[{"width":1550,"height":1200,"url":"https:\/\/old.holyland-olivewood.com\/wp-content\/uploads\/2018\/04\/bethlehem_olive_wood_pen_stand_olive_wood_pen_holde_PE112_1.jpg","type":"image\/jpeg"}],"twitter_card":"summary_large_image","schema":{"@context":"https:\/\/schema.org","@graph":[{"@type":"WebPage","@id":"https:\/\/old.holyland-olivewood.com\/no\/produkt\/handlaget-betlehem-oliventre-pennstativ-oliventre-penneholder-pe112\/","url":"https:\/\/old.holyland-olivewood.com\/no\/produkt\/handlaget-betlehem-oliventre-pennstativ-oliventre-penneholder-pe112\/","name":"H\u00e5ndlaget Bethlehem pennstativ i oliventre, pennholder i oliventre #PE112 - Holy Land Olive Wood - Bethlehem Olive Wood Factory","isPartOf":{"@id":"https:\/\/old.holyland-olivewood.com\/no\/#website"},"primaryImageOfPage":{"@id":"https:\/\/old.holyland-olivewood.com\/no\/produkt\/handlaget-betlehem-oliventre-pennstativ-oliventre-penneholder-pe112\/#primaryimage"},"image":{"@id":"https:\/\/old.holyland-olivewood.com\/no\/produkt\/handlaget-betlehem-oliventre-pennstativ-oliventre-penneholder-pe112\/#primaryimage"},"thumbnailUrl":"https:\/\/old.holyland-olivewood.com\/wp-content\/uploads\/2018\/04\/bethlehem_olive_wood_pen_stand_olive_wood_pen_holde_PE112_1.jpg","datePublished":"2022-02-09T08:03:08+00:00","description":"Bethlehem oliventre penner og bordartikler (dvs. pennholder, penneesker) emner, utskj\u00e6ringer og mer fra det hellige land og r\u00e5vare i standard og tilpassede dimensjoner.","breadcrumb":{"@id":"https:\/\/old.holyland-olivewood.com\/no\/produkt\/handlaget-betlehem-oliventre-pennstativ-oliventre-penneholder-pe112\/#breadcrumb"},"inLanguage":"nb-NO","potentialAction":[{"@type":"ReadAction","target":["https:\/\/old.holyland-olivewood.com\/no\/produkt\/handlaget-betlehem-oliventre-pennstativ-oliventre-penneholder-pe112\/"]}]},{"@type":"ImageObject","inLanguage":"nb-NO","@id":"https:\/\/old.holyland-olivewood.com\/no\/produkt\/handlaget-betlehem-oliventre-pennstativ-oliventre-penneholder-pe112\/#primaryimage","url":"https:\/\/old.holyland-olivewood.com\/wp-content\/uploads\/2018\/04\/bethlehem_olive_wood_pen_stand_olive_wood_pen_holde_PE112_1.jpg","contentUrl":"https:\/\/old.holyland-olivewood.com\/wp-content\/uploads\/2018\/04\/bethlehem_olive_wood_pen_stand_olive_wood_pen_holde_PE112_1.jpg","width":1550,"height":1200},{"@type":"BreadcrumbList","@id":"https:\/\/old.holyland-olivewood.com\/no\/produkt\/handlaget-betlehem-oliventre-pennstativ-oliventre-penneholder-pe112\/#breadcrumb","itemListElement":[{"@type":"ListItem","position":1,"name":"Home","item":"https:\/\/old.holyland-olivewood.com\/no\/"},{"@type":"ListItem","position":2,"name":"Shop","item":"https:\/\/old.holyland-olivewood.com\/no\/shop\/"},{"@type":"ListItem","position":3,"name":"H\u00e5ndlaget Bethlehem pennstativ i oliventre, pennholder i oliventre #PE112"}]},{"@type":"WebSite","@id":"https:\/\/old.holyland-olivewood.com\/no\/#website","url":"https:\/\/old.holyland-olivewood.com\/no\/","name":"Holy Land Olive Wood - Bethlehem Olive Wood Factory","description":"Holy Land Olivewood Bethlehem","publisher":{"@id":"https:\/\/old.holyland-olivewood.com\/no\/#organization"},"potentialAction":[{"@type":"SearchAction","target":{"@type":"EntryPoint","urlTemplate":"https:\/\/old.holyland-olivewood.com\/no\/?s={search_term_string}"},"query-input":{"@type":"PropertyValueSpecification","valueRequired":true,"valueName":"search_term_string"}}],"inLanguage":"nb-NO"},{"@type":"Organization","@id":"https:\/\/old.holyland-olivewood.com\/no\/#organization","name":"Holy Land Olivewood","url":"https:\/\/old.holyland-olivewood.com\/no\/","logo":{"@type":"ImageObject","inLanguage":"nb-NO","@id":"https:\/\/old.holyland-olivewood.com\/no\/#\/schema\/logo\/image\/","url":"","contentUrl":"","caption":"Holy Land Olivewood"},"image":{"@id":"https:\/\/old.holyland-olivewood.com\/no\/#\/schema\/logo\/image\/"},"sameAs":["https:\/\/www.facebook.com\/holylandolivewood.bethlehem\/","http:\/\/instagram.com\/holy.land.olive.wood"]}]}},"_links":{"self":[{"href":"https:\/\/old.holyland-olivewood.com\/no\/wp-json\/wp\/v2\/product\/42753","targetHints":{"allow":["GET"]}}],"collection":[{"href":"https:\/\/old.holyland-olivewood.com\/no\/wp-json\/wp\/v2\/product"}],"about":[{"href":"https:\/\/old.holyland-olivewood.com\/no\/wp-json\/wp\/v2\/types\/product"}],"wp:featuredmedia":[{"embeddable":true,"href":"https:\/\/old.holyland-olivewood.com\/no\/wp-json\/wp\/v2\/media\/34215"}],"wp:attachment":[{"href":"https:\/\/old.holyland-olivewood.com\/no\/wp-json\/wp\/v2\/media?parent=42753"}],"wp:term":[{"taxonomy":"product_brand","embeddable":true,"href":"https:\/\/old.holyland-olivewood.com\/no\/wp-json\/wp\/v2\/product_brand?post=42753"},{"taxonomy":"product_cat","embeddable":true,"href":"https:\/\/old.holyland-olivewood.com\/no\/wp-json\/wp\/v2\/product_cat?post=42753"},{"taxonomy":"product_tag","embeddable":true,"href":"https:\/\/old.holyland-olivewood.com\/no\/wp-json\/wp\/v2\/product_tag?post=42753"}],"curies":[{"name":"wp","href":"https:\/\/api.w.org\/{rel}","templated":true}]}}