{"id":41847,"date":"2018-09-06T13:22:34","date_gmt":"2022-02-09T05:41:06","guid":{"rendered":"https:\/\/old.holyland-olivewood.com\/product\/dodehavet-aloe-vera-gel-50ml-d118\/"},"modified":"2022-02-09T05:41:06","modified_gmt":"2022-02-09T05:41:06","slug":"dod-hav-aloe-vera-gel-50ml-d118","status":"publish","type":"product","link":"https:\/\/old.holyland-olivewood.com\/no\/produkt\/dod-hav-aloe-vera-gel-50ml-d118\/","title":{"rendered":"D\u00f8dehavet Aloe Vera Gel (50ml) #D118"},"content":{"rendered":"<p>D\u00f8dehavet Aloe Vera Gel<\/p>\n","protected":false},"excerpt":{"rendered":"<p><strong>D\u00f8dehavet Aloe Vera Gel (50 ml)<\/strong><br \/>\n<strong>Med D\u00f8dehavsmineraler og Macadamia-olje<\/strong><\/p>\n<p>Denne helt naturlige gelen inneholder en blanding av D\u00f8dehavssalt, konsentrert Aloe Vera-ekstrakt og Macadamia-olje. Denne kraftige kombinasjonen kan effektivt lindre et bredt spekter av hudirritasjoner (dvs. insektbitt, utslett, brannskader, etc.) takket v\u00e6re dens antibakterielle, antioksidant- og fuktighetsgivende egenskaper.<\/p>\n","protected":false},"featured_media":51761,"template":"","meta":[],"product_brand":[],"product_cat":[1610,2671],"product_tag":[2677,2675,2673,2679,2681,2683],"class_list":{"0":"post-41847","1":"product","2":"type-product","3":"status-publish","4":"has-post-thumbnail","6":"product_cat-diverse-no","7":"product_cat-dodehavsprodukter","8":"product_tag-black-mud-soab-no","9":"product_tag-dodehavet-mineralsalt","10":"product_tag-dodehavsslam","11":"product_tag-krem","12":"product_tag-kroppsskrubb-fra-dodehavet","13":"product_tag-mineralsalt","15":"first","16":"outofstock","17":"shipping-taxable","18":"purchasable","19":"product-type-simple"},"yoast_head":"<!-- This site is optimized with the Yoast SEO plugin v24.8.1 - https:\/\/yoast.com\/wordpress\/plugins\/seo\/ -->\n<title>D\u00f8dehavet Aloe Vera Gel (50ml) #D118 - Holy Land Olive Wood - Bethlehem Olive Wood Factory<\/title>\n<meta name=\"description\" content=\"D\u00f8dehavet Aloe Vera Gel (D\u00f8dehavsslam, D\u00f8dehavsmineralsalt) Svart gj\u00f8rmesoab, krem, kroppsskrubb fra D\u00f8dehavet, gj\u00f8rme, mineralsalt, fra Holy Land Olive Wood.\" \/>\n<meta name=\"robots\" content=\"index, follow, max-snippet:-1, max-image-preview:large, max-video-preview:-1\" \/>\n<link rel=\"canonical\" href=\"https:\/\/old.holyland-olivewood.com\/no\/produkt\/dod-hav-aloe-vera-gel-50ml-d118\/\" \/>\n<meta property=\"og:locale\" content=\"nb_NO\" \/>\n<meta property=\"og:type\" content=\"article\" \/>\n<meta property=\"og:title\" content=\"D\u00f8dehavet Aloe Vera Gel (50ml) #D118 - Holy Land Olive Wood - Bethlehem Olive Wood Factory\" \/>\n<meta property=\"og:description\" content=\"D\u00f8dehavet Aloe Vera Gel (D\u00f8dehavsslam, D\u00f8dehavsmineralsalt) Svart gj\u00f8rmesoab, krem, kroppsskrubb fra D\u00f8dehavet, gj\u00f8rme, mineralsalt, fra Holy Land Olive Wood.\" \/>\n<meta property=\"og:url\" content=\"https:\/\/old.holyland-olivewood.com\/no\/produkt\/dod-hav-aloe-vera-gel-50ml-d118\/\" \/>\n<meta property=\"og:site_name\" content=\"Holy Land Olive Wood - Bethlehem Olive Wood Factory\" \/>\n<meta property=\"article:publisher\" content=\"https:\/\/www.facebook.com\/holylandolivewood.bethlehem\/\" \/>\n<meta property=\"og:image\" content=\"https:\/\/old.holyland-olivewood.com\/wp-content\/uploads\/2018\/09\/dead_sea_product_d118.jpg\" \/>\n\t<meta property=\"og:image:width\" content=\"1550\" \/>\n\t<meta property=\"og:image:height\" content=\"1200\" \/>\n\t<meta property=\"og:image:type\" content=\"image\/jpeg\" \/>\n<meta name=\"twitter:card\" content=\"summary_large_image\" \/>\n<script type=\"application\/ld+json\" class=\"yoast-schema-graph\">{\"@context\":\"https:\/\/schema.org\",\"@graph\":[{\"@type\":\"WebPage\",\"@id\":\"https:\/\/old.holyland-olivewood.com\/no\/produkt\/dod-hav-aloe-vera-gel-50ml-d118\/\",\"url\":\"https:\/\/old.holyland-olivewood.com\/no\/produkt\/dod-hav-aloe-vera-gel-50ml-d118\/\",\"name\":\"D\u00f8dehavet Aloe Vera Gel (50ml) #D118 - Holy Land Olive Wood - Bethlehem Olive Wood Factory\",\"isPartOf\":{\"@id\":\"https:\/\/old.holyland-olivewood.com\/no\/#website\"},\"primaryImageOfPage\":{\"@id\":\"https:\/\/old.holyland-olivewood.com\/no\/produkt\/dod-hav-aloe-vera-gel-50ml-d118\/#primaryimage\"},\"image\":{\"@id\":\"https:\/\/old.holyland-olivewood.com\/no\/produkt\/dod-hav-aloe-vera-gel-50ml-d118\/#primaryimage\"},\"thumbnailUrl\":\"https:\/\/old.holyland-olivewood.com\/wp-content\/uploads\/2018\/09\/dead_sea_product_d118.jpg\",\"datePublished\":\"2022-02-09T05:41:06+00:00\",\"description\":\"D\u00f8dehavet Aloe Vera Gel (D\u00f8dehavsslam, D\u00f8dehavsmineralsalt) Svart gj\u00f8rmesoab, krem, kroppsskrubb fra D\u00f8dehavet, gj\u00f8rme, mineralsalt, fra Holy Land Olive Wood.\",\"breadcrumb\":{\"@id\":\"https:\/\/old.holyland-olivewood.com\/no\/produkt\/dod-hav-aloe-vera-gel-50ml-d118\/#breadcrumb\"},\"inLanguage\":\"nb-NO\",\"potentialAction\":[{\"@type\":\"ReadAction\",\"target\":[\"https:\/\/old.holyland-olivewood.com\/no\/produkt\/dod-hav-aloe-vera-gel-50ml-d118\/\"]}]},{\"@type\":\"ImageObject\",\"inLanguage\":\"nb-NO\",\"@id\":\"https:\/\/old.holyland-olivewood.com\/no\/produkt\/dod-hav-aloe-vera-gel-50ml-d118\/#primaryimage\",\"url\":\"https:\/\/old.holyland-olivewood.com\/wp-content\/uploads\/2018\/09\/dead_sea_product_d118.jpg\",\"contentUrl\":\"https:\/\/old.holyland-olivewood.com\/wp-content\/uploads\/2018\/09\/dead_sea_product_d118.jpg\",\"width\":1550,\"height\":1200},{\"@type\":\"BreadcrumbList\",\"@id\":\"https:\/\/old.holyland-olivewood.com\/no\/produkt\/dod-hav-aloe-vera-gel-50ml-d118\/#breadcrumb\",\"itemListElement\":[{\"@type\":\"ListItem\",\"position\":1,\"name\":\"Home\",\"item\":\"https:\/\/old.holyland-olivewood.com\/no\/\"},{\"@type\":\"ListItem\",\"position\":2,\"name\":\"Shop\",\"item\":\"https:\/\/old.holyland-olivewood.com\/no\/shop\/\"},{\"@type\":\"ListItem\",\"position\":3,\"name\":\"D\u00f8dehavet Aloe Vera Gel (50ml) #D118\"}]},{\"@type\":\"WebSite\",\"@id\":\"https:\/\/old.holyland-olivewood.com\/no\/#website\",\"url\":\"https:\/\/old.holyland-olivewood.com\/no\/\",\"name\":\"Holy Land Olive Wood - Bethlehem Olive Wood Factory\",\"description\":\"Holy Land Olivewood Bethlehem\",\"publisher\":{\"@id\":\"https:\/\/old.holyland-olivewood.com\/no\/#organization\"},\"potentialAction\":[{\"@type\":\"SearchAction\",\"target\":{\"@type\":\"EntryPoint\",\"urlTemplate\":\"https:\/\/old.holyland-olivewood.com\/no\/?s={search_term_string}\"},\"query-input\":{\"@type\":\"PropertyValueSpecification\",\"valueRequired\":true,\"valueName\":\"search_term_string\"}}],\"inLanguage\":\"nb-NO\"},{\"@type\":\"Organization\",\"@id\":\"https:\/\/old.holyland-olivewood.com\/no\/#organization\",\"name\":\"Holy Land Olivewood\",\"url\":\"https:\/\/old.holyland-olivewood.com\/no\/\",\"logo\":{\"@type\":\"ImageObject\",\"inLanguage\":\"nb-NO\",\"@id\":\"https:\/\/old.holyland-olivewood.com\/no\/#\/schema\/logo\/image\/\",\"url\":\"\",\"contentUrl\":\"\",\"caption\":\"Holy Land Olivewood\"},\"image\":{\"@id\":\"https:\/\/old.holyland-olivewood.com\/no\/#\/schema\/logo\/image\/\"},\"sameAs\":[\"https:\/\/www.facebook.com\/holylandolivewood.bethlehem\/\",\"http:\/\/instagram.com\/holy.land.olive.wood\"]}]}<\/script>\n<!-- \/ Yoast SEO plugin. -->","yoast_head_json":{"title":"D\u00f8dehavet Aloe Vera Gel (50ml) #D118 - Holy Land Olive Wood - Bethlehem Olive Wood Factory","description":"D\u00f8dehavet Aloe Vera Gel (D\u00f8dehavsslam, D\u00f8dehavsmineralsalt) Svart gj\u00f8rmesoab, krem, kroppsskrubb fra D\u00f8dehavet, gj\u00f8rme, mineralsalt, fra Holy Land Olive Wood.","robots":{"index":"index","follow":"follow","max-snippet":"max-snippet:-1","max-image-preview":"max-image-preview:large","max-video-preview":"max-video-preview:-1"},"canonical":"https:\/\/old.holyland-olivewood.com\/no\/produkt\/dod-hav-aloe-vera-gel-50ml-d118\/","og_locale":"nb_NO","og_type":"article","og_title":"D\u00f8dehavet Aloe Vera Gel (50ml) #D118 - Holy Land Olive Wood - Bethlehem Olive Wood Factory","og_description":"D\u00f8dehavet Aloe Vera Gel (D\u00f8dehavsslam, D\u00f8dehavsmineralsalt) Svart gj\u00f8rmesoab, krem, kroppsskrubb fra D\u00f8dehavet, gj\u00f8rme, mineralsalt, fra Holy Land Olive Wood.","og_url":"https:\/\/old.holyland-olivewood.com\/no\/produkt\/dod-hav-aloe-vera-gel-50ml-d118\/","og_site_name":"Holy Land Olive Wood - Bethlehem Olive Wood Factory","article_publisher":"https:\/\/www.facebook.com\/holylandolivewood.bethlehem\/","og_image":[{"width":1550,"height":1200,"url":"https:\/\/old.holyland-olivewood.com\/wp-content\/uploads\/2018\/09\/dead_sea_product_d118.jpg","type":"image\/jpeg"}],"twitter_card":"summary_large_image","schema":{"@context":"https:\/\/schema.org","@graph":[{"@type":"WebPage","@id":"https:\/\/old.holyland-olivewood.com\/no\/produkt\/dod-hav-aloe-vera-gel-50ml-d118\/","url":"https:\/\/old.holyland-olivewood.com\/no\/produkt\/dod-hav-aloe-vera-gel-50ml-d118\/","name":"D\u00f8dehavet Aloe Vera Gel (50ml) #D118 - Holy Land Olive Wood - Bethlehem Olive Wood Factory","isPartOf":{"@id":"https:\/\/old.holyland-olivewood.com\/no\/#website"},"primaryImageOfPage":{"@id":"https:\/\/old.holyland-olivewood.com\/no\/produkt\/dod-hav-aloe-vera-gel-50ml-d118\/#primaryimage"},"image":{"@id":"https:\/\/old.holyland-olivewood.com\/no\/produkt\/dod-hav-aloe-vera-gel-50ml-d118\/#primaryimage"},"thumbnailUrl":"https:\/\/old.holyland-olivewood.com\/wp-content\/uploads\/2018\/09\/dead_sea_product_d118.jpg","datePublished":"2022-02-09T05:41:06+00:00","description":"D\u00f8dehavet Aloe Vera Gel (D\u00f8dehavsslam, D\u00f8dehavsmineralsalt) Svart gj\u00f8rmesoab, krem, kroppsskrubb fra D\u00f8dehavet, gj\u00f8rme, mineralsalt, fra Holy Land Olive Wood.","breadcrumb":{"@id":"https:\/\/old.holyland-olivewood.com\/no\/produkt\/dod-hav-aloe-vera-gel-50ml-d118\/#breadcrumb"},"inLanguage":"nb-NO","potentialAction":[{"@type":"ReadAction","target":["https:\/\/old.holyland-olivewood.com\/no\/produkt\/dod-hav-aloe-vera-gel-50ml-d118\/"]}]},{"@type":"ImageObject","inLanguage":"nb-NO","@id":"https:\/\/old.holyland-olivewood.com\/no\/produkt\/dod-hav-aloe-vera-gel-50ml-d118\/#primaryimage","url":"https:\/\/old.holyland-olivewood.com\/wp-content\/uploads\/2018\/09\/dead_sea_product_d118.jpg","contentUrl":"https:\/\/old.holyland-olivewood.com\/wp-content\/uploads\/2018\/09\/dead_sea_product_d118.jpg","width":1550,"height":1200},{"@type":"BreadcrumbList","@id":"https:\/\/old.holyland-olivewood.com\/no\/produkt\/dod-hav-aloe-vera-gel-50ml-d118\/#breadcrumb","itemListElement":[{"@type":"ListItem","position":1,"name":"Home","item":"https:\/\/old.holyland-olivewood.com\/no\/"},{"@type":"ListItem","position":2,"name":"Shop","item":"https:\/\/old.holyland-olivewood.com\/no\/shop\/"},{"@type":"ListItem","position":3,"name":"D\u00f8dehavet Aloe Vera Gel (50ml) #D118"}]},{"@type":"WebSite","@id":"https:\/\/old.holyland-olivewood.com\/no\/#website","url":"https:\/\/old.holyland-olivewood.com\/no\/","name":"Holy Land Olive Wood - Bethlehem Olive Wood Factory","description":"Holy Land Olivewood Bethlehem","publisher":{"@id":"https:\/\/old.holyland-olivewood.com\/no\/#organization"},"potentialAction":[{"@type":"SearchAction","target":{"@type":"EntryPoint","urlTemplate":"https:\/\/old.holyland-olivewood.com\/no\/?s={search_term_string}"},"query-input":{"@type":"PropertyValueSpecification","valueRequired":true,"valueName":"search_term_string"}}],"inLanguage":"nb-NO"},{"@type":"Organization","@id":"https:\/\/old.holyland-olivewood.com\/no\/#organization","name":"Holy Land Olivewood","url":"https:\/\/old.holyland-olivewood.com\/no\/","logo":{"@type":"ImageObject","inLanguage":"nb-NO","@id":"https:\/\/old.holyland-olivewood.com\/no\/#\/schema\/logo\/image\/","url":"","contentUrl":"","caption":"Holy Land Olivewood"},"image":{"@id":"https:\/\/old.holyland-olivewood.com\/no\/#\/schema\/logo\/image\/"},"sameAs":["https:\/\/www.facebook.com\/holylandolivewood.bethlehem\/","http:\/\/instagram.com\/holy.land.olive.wood"]}]}},"_links":{"self":[{"href":"https:\/\/old.holyland-olivewood.com\/no\/wp-json\/wp\/v2\/product\/41847","targetHints":{"allow":["GET"]}}],"collection":[{"href":"https:\/\/old.holyland-olivewood.com\/no\/wp-json\/wp\/v2\/product"}],"about":[{"href":"https:\/\/old.holyland-olivewood.com\/no\/wp-json\/wp\/v2\/types\/product"}],"wp:featuredmedia":[{"embeddable":true,"href":"https:\/\/old.holyland-olivewood.com\/no\/wp-json\/wp\/v2\/media\/51761"}],"wp:attachment":[{"href":"https:\/\/old.holyland-olivewood.com\/no\/wp-json\/wp\/v2\/media?parent=41847"}],"wp:term":[{"taxonomy":"product_brand","embeddable":true,"href":"https:\/\/old.holyland-olivewood.com\/no\/wp-json\/wp\/v2\/product_brand?post=41847"},{"taxonomy":"product_cat","embeddable":true,"href":"https:\/\/old.holyland-olivewood.com\/no\/wp-json\/wp\/v2\/product_cat?post=41847"},{"taxonomy":"product_tag","embeddable":true,"href":"https:\/\/old.holyland-olivewood.com\/no\/wp-json\/wp\/v2\/product_tag?post=41847"}],"curies":[{"name":"wp","href":"https:\/\/api.w.org\/{rel}","templated":true}]}}