{"id":41076,"date":"2019-10-06T13:34:11","date_gmt":"2022-02-08T14:30:53","guid":{"rendered":"https:\/\/old.holyland-olivewood.com\/product\/oliventre-nativity-figurer-uten-grotte-na105\/"},"modified":"2022-02-08T14:30:53","modified_gmt":"2022-02-08T14:30:53","slug":"oliventre-nativity-figurer-wo-grotte-na105","status":"publish","type":"product","link":"https:\/\/old.holyland-olivewood.com\/no\/produkt\/oliventre-nativity-figurer-wo-grotte-na105\/","title":{"rendered":"Oliventre Nativity-figurer uten grotte NA105"},"content":{"rendered":"","protected":false},"excerpt":{"rendered":"<p>Disse vakre f\u00f8dselsfigurene er h\u00e5ndlaget i Det hellige land av b\u00e6rekraftig h\u00f8stet, autentisk Betlehem Olivewood. Ved \u00e5 bruke kun ikke-produktive oliventr\u00e6r fra Holy Land, avsl\u00f8rer dette h\u00e5ndlagde stykket de fantastiske kornm\u00f8nstrene til r\u00e5 oliventre, fri for tilsetningsstoffer eller fugemasse.<br \/>\nFigurene inkluderer Maria og Josef og Jesus, de tre vise menn og tre gode hyrder. Dyrene inkluderer eselet, storfekua og tre lam og tre kameler. Dette settet kan ogs\u00e5 kj\u00f8pes med stall. (se: Produktnummer NA106)<\/p>\n<p>Denne varen inkluderer et ekthetssertifikat som bekrefter materialene og teknikkene som brukes for \u00e5 lage dette produktet.<\/p>\n<p>St\u00f8rrelse: 27 cm (10,60&#8243;)<\/p>\n","protected":false},"featured_media":36967,"template":"","meta":[],"product_brand":[],"product_cat":[1046,1206],"product_tag":[1284,1049,1305,1268,1261,1307,1163,1122,1215,1240,1109,1127,1092,1102,4086,1097,1276,1119,1177,1157,1290,1141,1136,1131,1301,1208,1296,1068,1077,1180,1223,1230,1247,1254,1071,1082],"class_list":{"0":"post-41076","1":"product","2":"type-product","3":"status-publish","4":"has-post-thumbnail","6":"product_cat-kunsthaandvaerk-no","7":"product_cat-nativity-sett","8":"product_tag-3-no","9":"product_tag-betlehem-no","10":"product_tag-esel-no","11":"product_tag-figur","12":"product_tag-figurer-no","13":"product_tag-fodsel","14":"product_tag-foedselskirken-no","15":"product_tag-ga","16":"product_tag-gaver","17":"product_tag-grotte-no","18":"product_tag-haandlavet-no","19":"product_tag-haandvaerk-no","20":"product_tag-hellig-no","21":"product_tag-jerusalem-no","22":"product_tag-jesus-no-2","23":"product_tag-jord-no","24":"product_tag-joseph-no","25":"product_tag-jul-no","26":"product_tag-katolsk-no","27":"product_tag-kirke-no","28":"product_tag-klok-no","29":"product_tag-kors-no","30":"product_tag-kristen-no","31":"product_tag-kunsthaandvaerk-no","32":"product_tag-lam-no","33":"product_tag-mary-no","34":"product_tag-menn","35":"product_tag-oliven-no","36":"product_tag-oliventrae-no","37":"product_tag-ortodoks-no","38":"product_tag-sett","39":"product_tag-settene","40":"product_tag-stabil","41":"product_tag-staller","42":"product_tag-trae-no","43":"product_tag-udskaering-no","45":"first","46":"instock","47":"shipping-taxable","48":"purchasable","49":"product-type-simple"},"yoast_head":"<!-- This site is optimized with the Yoast SEO plugin v24.8.1 - https:\/\/yoast.com\/wordpress\/plugins\/seo\/ -->\n<title>Oliventre Nativity-figurer uten grotte NA105 - Holy Land Olive Wood - Bethlehem Olive Wood Factory<\/title>\n<meta name=\"description\" content=\"Bethlehem oliventre h\u00e5ndverk (erosaries, statuer, f\u00f8dsel, sett, grotte) hellig familie, jul, figurer, &amp; r\u00e5 lager i standard og tilpassede dimensjoner.\" \/>\n<meta name=\"robots\" content=\"index, follow, max-snippet:-1, max-image-preview:large, max-video-preview:-1\" \/>\n<link rel=\"canonical\" href=\"https:\/\/old.holyland-olivewood.com\/no\/produkt\/oliventre-nativity-figurer-wo-grotte-na105\/\" \/>\n<meta property=\"og:locale\" content=\"nb_NO\" \/>\n<meta property=\"og:type\" content=\"article\" \/>\n<meta property=\"og:title\" content=\"Oliventre Nativity-figurer uten grotte NA105 - Holy Land Olive Wood - Bethlehem Olive Wood Factory\" \/>\n<meta property=\"og:description\" content=\"Bethlehem oliventre h\u00e5ndverk (erosaries, statuer, f\u00f8dsel, sett, grotte) hellig familie, jul, figurer, &amp; r\u00e5 lager i standard og tilpassede dimensjoner.\" \/>\n<meta property=\"og:url\" content=\"https:\/\/old.holyland-olivewood.com\/no\/produkt\/oliventre-nativity-figurer-wo-grotte-na105\/\" \/>\n<meta property=\"og:site_name\" content=\"Holy Land Olive Wood - Bethlehem Olive Wood Factory\" \/>\n<meta property=\"article:publisher\" content=\"https:\/\/www.facebook.com\/holylandolivewood.bethlehem\/\" \/>\n<meta property=\"og:image\" content=\"https:\/\/old.holyland-olivewood.com\/wp-content\/uploads\/2019\/10\/holy_land_olive_wood_nativity_set_bethlehem_105.jpg\" \/>\n\t<meta property=\"og:image:width\" content=\"1550\" \/>\n\t<meta property=\"og:image:height\" content=\"1200\" \/>\n\t<meta property=\"og:image:type\" content=\"image\/jpeg\" \/>\n<meta name=\"twitter:card\" content=\"summary_large_image\" \/>\n<script type=\"application\/ld+json\" class=\"yoast-schema-graph\">{\"@context\":\"https:\/\/schema.org\",\"@graph\":[{\"@type\":\"WebPage\",\"@id\":\"https:\/\/old.holyland-olivewood.com\/no\/produkt\/oliventre-nativity-figurer-wo-grotte-na105\/\",\"url\":\"https:\/\/old.holyland-olivewood.com\/no\/produkt\/oliventre-nativity-figurer-wo-grotte-na105\/\",\"name\":\"Oliventre Nativity-figurer uten grotte NA105 - Holy Land Olive Wood - Bethlehem Olive Wood Factory\",\"isPartOf\":{\"@id\":\"https:\/\/old.holyland-olivewood.com\/no\/#website\"},\"primaryImageOfPage\":{\"@id\":\"https:\/\/old.holyland-olivewood.com\/no\/produkt\/oliventre-nativity-figurer-wo-grotte-na105\/#primaryimage\"},\"image\":{\"@id\":\"https:\/\/old.holyland-olivewood.com\/no\/produkt\/oliventre-nativity-figurer-wo-grotte-na105\/#primaryimage\"},\"thumbnailUrl\":\"https:\/\/old.holyland-olivewood.com\/wp-content\/uploads\/2019\/10\/holy_land_olive_wood_nativity_set_bethlehem_105.jpg\",\"datePublished\":\"2022-02-08T14:30:53+00:00\",\"description\":\"Bethlehem oliventre h\u00e5ndverk (erosaries, statuer, f\u00f8dsel, sett, grotte) hellig familie, jul, figurer, & r\u00e5 lager i standard og tilpassede dimensjoner.\",\"breadcrumb\":{\"@id\":\"https:\/\/old.holyland-olivewood.com\/no\/produkt\/oliventre-nativity-figurer-wo-grotte-na105\/#breadcrumb\"},\"inLanguage\":\"nb-NO\",\"potentialAction\":[{\"@type\":\"ReadAction\",\"target\":[\"https:\/\/old.holyland-olivewood.com\/no\/produkt\/oliventre-nativity-figurer-wo-grotte-na105\/\"]}]},{\"@type\":\"ImageObject\",\"inLanguage\":\"nb-NO\",\"@id\":\"https:\/\/old.holyland-olivewood.com\/no\/produkt\/oliventre-nativity-figurer-wo-grotte-na105\/#primaryimage\",\"url\":\"https:\/\/old.holyland-olivewood.com\/wp-content\/uploads\/2019\/10\/holy_land_olive_wood_nativity_set_bethlehem_105.jpg\",\"contentUrl\":\"https:\/\/old.holyland-olivewood.com\/wp-content\/uploads\/2019\/10\/holy_land_olive_wood_nativity_set_bethlehem_105.jpg\",\"width\":1550,\"height\":1200},{\"@type\":\"BreadcrumbList\",\"@id\":\"https:\/\/old.holyland-olivewood.com\/no\/produkt\/oliventre-nativity-figurer-wo-grotte-na105\/#breadcrumb\",\"itemListElement\":[{\"@type\":\"ListItem\",\"position\":1,\"name\":\"Home\",\"item\":\"https:\/\/old.holyland-olivewood.com\/no\/\"},{\"@type\":\"ListItem\",\"position\":2,\"name\":\"Shop\",\"item\":\"https:\/\/old.holyland-olivewood.com\/no\/shop\/\"},{\"@type\":\"ListItem\",\"position\":3,\"name\":\"Oliventre Nativity-figurer uten grotte NA105\"}]},{\"@type\":\"WebSite\",\"@id\":\"https:\/\/old.holyland-olivewood.com\/no\/#website\",\"url\":\"https:\/\/old.holyland-olivewood.com\/no\/\",\"name\":\"Holy Land Olive Wood - Bethlehem Olive Wood Factory\",\"description\":\"Holy Land Olivewood Bethlehem\",\"publisher\":{\"@id\":\"https:\/\/old.holyland-olivewood.com\/no\/#organization\"},\"potentialAction\":[{\"@type\":\"SearchAction\",\"target\":{\"@type\":\"EntryPoint\",\"urlTemplate\":\"https:\/\/old.holyland-olivewood.com\/no\/?s={search_term_string}\"},\"query-input\":{\"@type\":\"PropertyValueSpecification\",\"valueRequired\":true,\"valueName\":\"search_term_string\"}}],\"inLanguage\":\"nb-NO\"},{\"@type\":\"Organization\",\"@id\":\"https:\/\/old.holyland-olivewood.com\/no\/#organization\",\"name\":\"Holy Land Olivewood\",\"url\":\"https:\/\/old.holyland-olivewood.com\/no\/\",\"logo\":{\"@type\":\"ImageObject\",\"inLanguage\":\"nb-NO\",\"@id\":\"https:\/\/old.holyland-olivewood.com\/no\/#\/schema\/logo\/image\/\",\"url\":\"\",\"contentUrl\":\"\",\"caption\":\"Holy Land Olivewood\"},\"image\":{\"@id\":\"https:\/\/old.holyland-olivewood.com\/no\/#\/schema\/logo\/image\/\"},\"sameAs\":[\"https:\/\/www.facebook.com\/holylandolivewood.bethlehem\/\",\"http:\/\/instagram.com\/holy.land.olive.wood\"]}]}<\/script>\n<!-- \/ Yoast SEO plugin. -->","yoast_head_json":{"title":"Oliventre Nativity-figurer uten grotte NA105 - Holy Land Olive Wood - Bethlehem Olive Wood Factory","description":"Bethlehem oliventre h\u00e5ndverk (erosaries, statuer, f\u00f8dsel, sett, grotte) hellig familie, jul, figurer, & r\u00e5 lager i standard og tilpassede dimensjoner.","robots":{"index":"index","follow":"follow","max-snippet":"max-snippet:-1","max-image-preview":"max-image-preview:large","max-video-preview":"max-video-preview:-1"},"canonical":"https:\/\/old.holyland-olivewood.com\/no\/produkt\/oliventre-nativity-figurer-wo-grotte-na105\/","og_locale":"nb_NO","og_type":"article","og_title":"Oliventre Nativity-figurer uten grotte NA105 - Holy Land Olive Wood - Bethlehem Olive Wood Factory","og_description":"Bethlehem oliventre h\u00e5ndverk (erosaries, statuer, f\u00f8dsel, sett, grotte) hellig familie, jul, figurer, & r\u00e5 lager i standard og tilpassede dimensjoner.","og_url":"https:\/\/old.holyland-olivewood.com\/no\/produkt\/oliventre-nativity-figurer-wo-grotte-na105\/","og_site_name":"Holy Land Olive Wood - Bethlehem Olive Wood Factory","article_publisher":"https:\/\/www.facebook.com\/holylandolivewood.bethlehem\/","og_image":[{"width":1550,"height":1200,"url":"https:\/\/old.holyland-olivewood.com\/wp-content\/uploads\/2019\/10\/holy_land_olive_wood_nativity_set_bethlehem_105.jpg","type":"image\/jpeg"}],"twitter_card":"summary_large_image","schema":{"@context":"https:\/\/schema.org","@graph":[{"@type":"WebPage","@id":"https:\/\/old.holyland-olivewood.com\/no\/produkt\/oliventre-nativity-figurer-wo-grotte-na105\/","url":"https:\/\/old.holyland-olivewood.com\/no\/produkt\/oliventre-nativity-figurer-wo-grotte-na105\/","name":"Oliventre Nativity-figurer uten grotte NA105 - Holy Land Olive Wood - Bethlehem Olive Wood Factory","isPartOf":{"@id":"https:\/\/old.holyland-olivewood.com\/no\/#website"},"primaryImageOfPage":{"@id":"https:\/\/old.holyland-olivewood.com\/no\/produkt\/oliventre-nativity-figurer-wo-grotte-na105\/#primaryimage"},"image":{"@id":"https:\/\/old.holyland-olivewood.com\/no\/produkt\/oliventre-nativity-figurer-wo-grotte-na105\/#primaryimage"},"thumbnailUrl":"https:\/\/old.holyland-olivewood.com\/wp-content\/uploads\/2019\/10\/holy_land_olive_wood_nativity_set_bethlehem_105.jpg","datePublished":"2022-02-08T14:30:53+00:00","description":"Bethlehem oliventre h\u00e5ndverk (erosaries, statuer, f\u00f8dsel, sett, grotte) hellig familie, jul, figurer, & r\u00e5 lager i standard og tilpassede dimensjoner.","breadcrumb":{"@id":"https:\/\/old.holyland-olivewood.com\/no\/produkt\/oliventre-nativity-figurer-wo-grotte-na105\/#breadcrumb"},"inLanguage":"nb-NO","potentialAction":[{"@type":"ReadAction","target":["https:\/\/old.holyland-olivewood.com\/no\/produkt\/oliventre-nativity-figurer-wo-grotte-na105\/"]}]},{"@type":"ImageObject","inLanguage":"nb-NO","@id":"https:\/\/old.holyland-olivewood.com\/no\/produkt\/oliventre-nativity-figurer-wo-grotte-na105\/#primaryimage","url":"https:\/\/old.holyland-olivewood.com\/wp-content\/uploads\/2019\/10\/holy_land_olive_wood_nativity_set_bethlehem_105.jpg","contentUrl":"https:\/\/old.holyland-olivewood.com\/wp-content\/uploads\/2019\/10\/holy_land_olive_wood_nativity_set_bethlehem_105.jpg","width":1550,"height":1200},{"@type":"BreadcrumbList","@id":"https:\/\/old.holyland-olivewood.com\/no\/produkt\/oliventre-nativity-figurer-wo-grotte-na105\/#breadcrumb","itemListElement":[{"@type":"ListItem","position":1,"name":"Home","item":"https:\/\/old.holyland-olivewood.com\/no\/"},{"@type":"ListItem","position":2,"name":"Shop","item":"https:\/\/old.holyland-olivewood.com\/no\/shop\/"},{"@type":"ListItem","position":3,"name":"Oliventre Nativity-figurer uten grotte NA105"}]},{"@type":"WebSite","@id":"https:\/\/old.holyland-olivewood.com\/no\/#website","url":"https:\/\/old.holyland-olivewood.com\/no\/","name":"Holy Land Olive Wood - Bethlehem Olive Wood Factory","description":"Holy Land Olivewood Bethlehem","publisher":{"@id":"https:\/\/old.holyland-olivewood.com\/no\/#organization"},"potentialAction":[{"@type":"SearchAction","target":{"@type":"EntryPoint","urlTemplate":"https:\/\/old.holyland-olivewood.com\/no\/?s={search_term_string}"},"query-input":{"@type":"PropertyValueSpecification","valueRequired":true,"valueName":"search_term_string"}}],"inLanguage":"nb-NO"},{"@type":"Organization","@id":"https:\/\/old.holyland-olivewood.com\/no\/#organization","name":"Holy Land Olivewood","url":"https:\/\/old.holyland-olivewood.com\/no\/","logo":{"@type":"ImageObject","inLanguage":"nb-NO","@id":"https:\/\/old.holyland-olivewood.com\/no\/#\/schema\/logo\/image\/","url":"","contentUrl":"","caption":"Holy Land Olivewood"},"image":{"@id":"https:\/\/old.holyland-olivewood.com\/no\/#\/schema\/logo\/image\/"},"sameAs":["https:\/\/www.facebook.com\/holylandolivewood.bethlehem\/","http:\/\/instagram.com\/holy.land.olive.wood"]}]}},"_links":{"self":[{"href":"https:\/\/old.holyland-olivewood.com\/no\/wp-json\/wp\/v2\/product\/41076","targetHints":{"allow":["GET"]}}],"collection":[{"href":"https:\/\/old.holyland-olivewood.com\/no\/wp-json\/wp\/v2\/product"}],"about":[{"href":"https:\/\/old.holyland-olivewood.com\/no\/wp-json\/wp\/v2\/types\/product"}],"wp:featuredmedia":[{"embeddable":true,"href":"https:\/\/old.holyland-olivewood.com\/no\/wp-json\/wp\/v2\/media\/36967"}],"wp:attachment":[{"href":"https:\/\/old.holyland-olivewood.com\/no\/wp-json\/wp\/v2\/media?parent=41076"}],"wp:term":[{"taxonomy":"product_brand","embeddable":true,"href":"https:\/\/old.holyland-olivewood.com\/no\/wp-json\/wp\/v2\/product_brand?post=41076"},{"taxonomy":"product_cat","embeddable":true,"href":"https:\/\/old.holyland-olivewood.com\/no\/wp-json\/wp\/v2\/product_cat?post=41076"},{"taxonomy":"product_tag","embeddable":true,"href":"https:\/\/old.holyland-olivewood.com\/no\/wp-json\/wp\/v2\/product_tag?post=41076"}],"curies":[{"name":"wp","href":"https:\/\/api.w.org\/{rel}","templated":true}]}}