{"id":40566,"date":"2020-10-24T14:48:20","date_gmt":"2022-02-06T13:39:38","guid":{"rendered":"https:\/\/old.holyland-olivewood.com\/product\/fasjonable-oredobber-i-oliventre-j165\/"},"modified":"2022-02-06T13:39:38","modified_gmt":"2022-02-06T13:39:38","slug":"fasjonable-oliventre-oreringer-j165","status":"publish","type":"product","link":"https:\/\/old.holyland-olivewood.com\/no\/produkt\/fasjonable-oliventre-oreringer-j165\/","title":{"rendered":"Fasjonable \u00f8redobber i oliventre #J165"},"content":{"rendered":"","protected":false},"excerpt":{"rendered":"<p>Disse \u00f8redobbene er h\u00e5ndlaget i Det hellige land av b\u00e6rekraftig h\u00f8stet, autentisk Betlehem Olivewood. Treverket som ble brukt til \u00e5 lage disse designer\u00f8rederingene ble h\u00e5ndvalgt for \u00e5 sikre et rikt, kontrasterende \u00e5rem\u00f8nster som garantert vil tiltrekke seg oppmerksomhet.<br \/>\nDenne varen inkluderer et ekthetssertifikat som bekrefter materialene og teknikkene som brukes for \u00e5 lage dette produktet.<\/p>\n<p>St\u00f8rrelse: 4,5 cm (1,75&#8243;)<\/p>\n","protected":false},"featured_media":38285,"template":"","meta":[],"product_brand":[],"product_cat":[1046,1857],"product_tag":[1875,1885,1737,1049,1150,1865,1163,1122,1880,1109,1127,1092,1740,1102,1087,1097,1119,1177,1182,1157,1141,1136,1145,1131,1068,1077,1180,1872,1869,1860,1901,1895,1863,1071,1082],"class_list":{"0":"post-40566","1":"product","2":"type-product","3":"status-publish","4":"has-post-thumbnail","6":"product_cat-kunsthaandvaerk-no","7":"product_cat-smykker","8":"product_tag-anheng","9":"product_tag-armband","10":"product_tag-ber","11":"product_tag-betlehem-no","12":"product_tag-boen-no","13":"product_tag-brosje","14":"product_tag-foedselskirken-no","15":"product_tag-ga","16":"product_tag-halskjede","17":"product_tag-haandlavet-no","18":"product_tag-haandvaerk-no","19":"product_tag-hellig-no","20":"product_tag-hender","21":"product_tag-jerusalem-no","22":"product_tag-jesus-no","23":"product_tag-jord-no","24":"product_tag-jul-no","25":"product_tag-katolsk-no","26":"product_tag-keltisk-no","27":"product_tag-kirke-no","28":"product_tag-kors-no","29":"product_tag-kristen-no","30":"product_tag-krucifiks-no","31":"product_tag-kunsthaandvaerk-no","32":"product_tag-oliven-no","33":"product_tag-oliventrae-no","34":"product_tag-ortodoks-no","35":"product_tag-oredobber","36":"product_tag-pin-no","37":"product_tag-smykker","38":"product_tag-streng","39":"product_tag-tau-no-2","40":"product_tag-tau-no","41":"product_tag-trae-no","42":"product_tag-udskaering-no","44":"first","45":"instock","46":"shipping-taxable","47":"purchasable","48":"product-type-simple"},"yoast_head":"<!-- This site is optimized with the Yoast SEO plugin v24.8.1 - https:\/\/yoast.com\/wordpress\/plugins\/seo\/ -->\n<title>Fasjonable \u00f8redobber i oliventre #J165 - Holy Land Olive Wood - Bethlehem Olive Wood Factory<\/title>\n<meta name=\"description\" content=\"Bethlehem oliventre h\u00e5ndverk (dvs. smykker, Jerusalem, anheng, \u00f8redobber, perler) pennemner, armb\u00e5nd og r\u00e5vare i standard og tilpassede dimensjoner.\" \/>\n<meta name=\"robots\" content=\"index, follow, max-snippet:-1, max-image-preview:large, max-video-preview:-1\" \/>\n<link rel=\"canonical\" href=\"https:\/\/old.holyland-olivewood.com\/no\/produkt\/fasjonable-oliventre-oreringer-j165\/\" \/>\n<meta property=\"og:locale\" content=\"nb_NO\" \/>\n<meta property=\"og:type\" content=\"article\" \/>\n<meta property=\"og:title\" content=\"Fasjonable \u00f8redobber i oliventre #J165 - Holy Land Olive Wood - Bethlehem Olive Wood Factory\" \/>\n<meta property=\"og:description\" content=\"Bethlehem oliventre h\u00e5ndverk (dvs. smykker, Jerusalem, anheng, \u00f8redobber, perler) pennemner, armb\u00e5nd og r\u00e5vare i standard og tilpassede dimensjoner.\" \/>\n<meta property=\"og:url\" content=\"https:\/\/old.holyland-olivewood.com\/no\/produkt\/fasjonable-oliventre-oreringer-j165\/\" \/>\n<meta property=\"og:site_name\" content=\"Holy Land Olive Wood - Bethlehem Olive Wood Factory\" \/>\n<meta property=\"article:publisher\" content=\"https:\/\/www.facebook.com\/holylandolivewood.bethlehem\/\" \/>\n<meta property=\"og:image\" content=\"https:\/\/old.holyland-olivewood.com\/wp-content\/uploads\/2020\/10\/olivewood_wooden_earrings_j165.jpg\" \/>\n\t<meta property=\"og:image:width\" content=\"1550\" \/>\n\t<meta property=\"og:image:height\" content=\"1200\" \/>\n\t<meta property=\"og:image:type\" content=\"image\/jpeg\" \/>\n<meta name=\"twitter:card\" content=\"summary_large_image\" \/>\n<script type=\"application\/ld+json\" class=\"yoast-schema-graph\">{\"@context\":\"https:\/\/schema.org\",\"@graph\":[{\"@type\":\"WebPage\",\"@id\":\"https:\/\/old.holyland-olivewood.com\/no\/produkt\/fasjonable-oliventre-oreringer-j165\/\",\"url\":\"https:\/\/old.holyland-olivewood.com\/no\/produkt\/fasjonable-oliventre-oreringer-j165\/\",\"name\":\"Fasjonable \u00f8redobber i oliventre #J165 - Holy Land Olive Wood - Bethlehem Olive Wood Factory\",\"isPartOf\":{\"@id\":\"https:\/\/old.holyland-olivewood.com\/no\/#website\"},\"primaryImageOfPage\":{\"@id\":\"https:\/\/old.holyland-olivewood.com\/no\/produkt\/fasjonable-oliventre-oreringer-j165\/#primaryimage\"},\"image\":{\"@id\":\"https:\/\/old.holyland-olivewood.com\/no\/produkt\/fasjonable-oliventre-oreringer-j165\/#primaryimage\"},\"thumbnailUrl\":\"https:\/\/old.holyland-olivewood.com\/wp-content\/uploads\/2020\/10\/olivewood_wooden_earrings_j165.jpg\",\"datePublished\":\"2022-02-06T13:39:38+00:00\",\"description\":\"Bethlehem oliventre h\u00e5ndverk (dvs. smykker, Jerusalem, anheng, \u00f8redobber, perler) pennemner, armb\u00e5nd og r\u00e5vare i standard og tilpassede dimensjoner.\",\"breadcrumb\":{\"@id\":\"https:\/\/old.holyland-olivewood.com\/no\/produkt\/fasjonable-oliventre-oreringer-j165\/#breadcrumb\"},\"inLanguage\":\"nb-NO\",\"potentialAction\":[{\"@type\":\"ReadAction\",\"target\":[\"https:\/\/old.holyland-olivewood.com\/no\/produkt\/fasjonable-oliventre-oreringer-j165\/\"]}]},{\"@type\":\"ImageObject\",\"inLanguage\":\"nb-NO\",\"@id\":\"https:\/\/old.holyland-olivewood.com\/no\/produkt\/fasjonable-oliventre-oreringer-j165\/#primaryimage\",\"url\":\"https:\/\/old.holyland-olivewood.com\/wp-content\/uploads\/2020\/10\/olivewood_wooden_earrings_j165.jpg\",\"contentUrl\":\"https:\/\/old.holyland-olivewood.com\/wp-content\/uploads\/2020\/10\/olivewood_wooden_earrings_j165.jpg\",\"width\":1550,\"height\":1200},{\"@type\":\"BreadcrumbList\",\"@id\":\"https:\/\/old.holyland-olivewood.com\/no\/produkt\/fasjonable-oliventre-oreringer-j165\/#breadcrumb\",\"itemListElement\":[{\"@type\":\"ListItem\",\"position\":1,\"name\":\"Home\",\"item\":\"https:\/\/old.holyland-olivewood.com\/no\/\"},{\"@type\":\"ListItem\",\"position\":2,\"name\":\"Shop\",\"item\":\"https:\/\/old.holyland-olivewood.com\/no\/shop\/\"},{\"@type\":\"ListItem\",\"position\":3,\"name\":\"Fasjonable \u00f8redobber i oliventre #J165\"}]},{\"@type\":\"WebSite\",\"@id\":\"https:\/\/old.holyland-olivewood.com\/no\/#website\",\"url\":\"https:\/\/old.holyland-olivewood.com\/no\/\",\"name\":\"Holy Land Olive Wood - Bethlehem Olive Wood Factory\",\"description\":\"Holy Land Olivewood Bethlehem\",\"publisher\":{\"@id\":\"https:\/\/old.holyland-olivewood.com\/no\/#organization\"},\"potentialAction\":[{\"@type\":\"SearchAction\",\"target\":{\"@type\":\"EntryPoint\",\"urlTemplate\":\"https:\/\/old.holyland-olivewood.com\/no\/?s={search_term_string}\"},\"query-input\":{\"@type\":\"PropertyValueSpecification\",\"valueRequired\":true,\"valueName\":\"search_term_string\"}}],\"inLanguage\":\"nb-NO\"},{\"@type\":\"Organization\",\"@id\":\"https:\/\/old.holyland-olivewood.com\/no\/#organization\",\"name\":\"Holy Land Olivewood\",\"url\":\"https:\/\/old.holyland-olivewood.com\/no\/\",\"logo\":{\"@type\":\"ImageObject\",\"inLanguage\":\"nb-NO\",\"@id\":\"https:\/\/old.holyland-olivewood.com\/no\/#\/schema\/logo\/image\/\",\"url\":\"\",\"contentUrl\":\"\",\"caption\":\"Holy Land Olivewood\"},\"image\":{\"@id\":\"https:\/\/old.holyland-olivewood.com\/no\/#\/schema\/logo\/image\/\"},\"sameAs\":[\"https:\/\/www.facebook.com\/holylandolivewood.bethlehem\/\",\"http:\/\/instagram.com\/holy.land.olive.wood\"]}]}<\/script>\n<!-- \/ Yoast SEO plugin. -->","yoast_head_json":{"title":"Fasjonable \u00f8redobber i oliventre #J165 - Holy Land Olive Wood - Bethlehem Olive Wood Factory","description":"Bethlehem oliventre h\u00e5ndverk (dvs. smykker, Jerusalem, anheng, \u00f8redobber, perler) pennemner, armb\u00e5nd og r\u00e5vare i standard og tilpassede dimensjoner.","robots":{"index":"index","follow":"follow","max-snippet":"max-snippet:-1","max-image-preview":"max-image-preview:large","max-video-preview":"max-video-preview:-1"},"canonical":"https:\/\/old.holyland-olivewood.com\/no\/produkt\/fasjonable-oliventre-oreringer-j165\/","og_locale":"nb_NO","og_type":"article","og_title":"Fasjonable \u00f8redobber i oliventre #J165 - Holy Land Olive Wood - Bethlehem Olive Wood Factory","og_description":"Bethlehem oliventre h\u00e5ndverk (dvs. smykker, Jerusalem, anheng, \u00f8redobber, perler) pennemner, armb\u00e5nd og r\u00e5vare i standard og tilpassede dimensjoner.","og_url":"https:\/\/old.holyland-olivewood.com\/no\/produkt\/fasjonable-oliventre-oreringer-j165\/","og_site_name":"Holy Land Olive Wood - Bethlehem Olive Wood Factory","article_publisher":"https:\/\/www.facebook.com\/holylandolivewood.bethlehem\/","og_image":[{"width":1550,"height":1200,"url":"https:\/\/old.holyland-olivewood.com\/wp-content\/uploads\/2020\/10\/olivewood_wooden_earrings_j165.jpg","type":"image\/jpeg"}],"twitter_card":"summary_large_image","schema":{"@context":"https:\/\/schema.org","@graph":[{"@type":"WebPage","@id":"https:\/\/old.holyland-olivewood.com\/no\/produkt\/fasjonable-oliventre-oreringer-j165\/","url":"https:\/\/old.holyland-olivewood.com\/no\/produkt\/fasjonable-oliventre-oreringer-j165\/","name":"Fasjonable \u00f8redobber i oliventre #J165 - Holy Land Olive Wood - Bethlehem Olive Wood Factory","isPartOf":{"@id":"https:\/\/old.holyland-olivewood.com\/no\/#website"},"primaryImageOfPage":{"@id":"https:\/\/old.holyland-olivewood.com\/no\/produkt\/fasjonable-oliventre-oreringer-j165\/#primaryimage"},"image":{"@id":"https:\/\/old.holyland-olivewood.com\/no\/produkt\/fasjonable-oliventre-oreringer-j165\/#primaryimage"},"thumbnailUrl":"https:\/\/old.holyland-olivewood.com\/wp-content\/uploads\/2020\/10\/olivewood_wooden_earrings_j165.jpg","datePublished":"2022-02-06T13:39:38+00:00","description":"Bethlehem oliventre h\u00e5ndverk (dvs. smykker, Jerusalem, anheng, \u00f8redobber, perler) pennemner, armb\u00e5nd og r\u00e5vare i standard og tilpassede dimensjoner.","breadcrumb":{"@id":"https:\/\/old.holyland-olivewood.com\/no\/produkt\/fasjonable-oliventre-oreringer-j165\/#breadcrumb"},"inLanguage":"nb-NO","potentialAction":[{"@type":"ReadAction","target":["https:\/\/old.holyland-olivewood.com\/no\/produkt\/fasjonable-oliventre-oreringer-j165\/"]}]},{"@type":"ImageObject","inLanguage":"nb-NO","@id":"https:\/\/old.holyland-olivewood.com\/no\/produkt\/fasjonable-oliventre-oreringer-j165\/#primaryimage","url":"https:\/\/old.holyland-olivewood.com\/wp-content\/uploads\/2020\/10\/olivewood_wooden_earrings_j165.jpg","contentUrl":"https:\/\/old.holyland-olivewood.com\/wp-content\/uploads\/2020\/10\/olivewood_wooden_earrings_j165.jpg","width":1550,"height":1200},{"@type":"BreadcrumbList","@id":"https:\/\/old.holyland-olivewood.com\/no\/produkt\/fasjonable-oliventre-oreringer-j165\/#breadcrumb","itemListElement":[{"@type":"ListItem","position":1,"name":"Home","item":"https:\/\/old.holyland-olivewood.com\/no\/"},{"@type":"ListItem","position":2,"name":"Shop","item":"https:\/\/old.holyland-olivewood.com\/no\/shop\/"},{"@type":"ListItem","position":3,"name":"Fasjonable \u00f8redobber i oliventre #J165"}]},{"@type":"WebSite","@id":"https:\/\/old.holyland-olivewood.com\/no\/#website","url":"https:\/\/old.holyland-olivewood.com\/no\/","name":"Holy Land Olive Wood - Bethlehem Olive Wood Factory","description":"Holy Land Olivewood Bethlehem","publisher":{"@id":"https:\/\/old.holyland-olivewood.com\/no\/#organization"},"potentialAction":[{"@type":"SearchAction","target":{"@type":"EntryPoint","urlTemplate":"https:\/\/old.holyland-olivewood.com\/no\/?s={search_term_string}"},"query-input":{"@type":"PropertyValueSpecification","valueRequired":true,"valueName":"search_term_string"}}],"inLanguage":"nb-NO"},{"@type":"Organization","@id":"https:\/\/old.holyland-olivewood.com\/no\/#organization","name":"Holy Land Olivewood","url":"https:\/\/old.holyland-olivewood.com\/no\/","logo":{"@type":"ImageObject","inLanguage":"nb-NO","@id":"https:\/\/old.holyland-olivewood.com\/no\/#\/schema\/logo\/image\/","url":"","contentUrl":"","caption":"Holy Land Olivewood"},"image":{"@id":"https:\/\/old.holyland-olivewood.com\/no\/#\/schema\/logo\/image\/"},"sameAs":["https:\/\/www.facebook.com\/holylandolivewood.bethlehem\/","http:\/\/instagram.com\/holy.land.olive.wood"]}]}},"_links":{"self":[{"href":"https:\/\/old.holyland-olivewood.com\/no\/wp-json\/wp\/v2\/product\/40566","targetHints":{"allow":["GET"]}}],"collection":[{"href":"https:\/\/old.holyland-olivewood.com\/no\/wp-json\/wp\/v2\/product"}],"about":[{"href":"https:\/\/old.holyland-olivewood.com\/no\/wp-json\/wp\/v2\/types\/product"}],"wp:featuredmedia":[{"embeddable":true,"href":"https:\/\/old.holyland-olivewood.com\/no\/wp-json\/wp\/v2\/media\/38285"}],"wp:attachment":[{"href":"https:\/\/old.holyland-olivewood.com\/no\/wp-json\/wp\/v2\/media?parent=40566"}],"wp:term":[{"taxonomy":"product_brand","embeddable":true,"href":"https:\/\/old.holyland-olivewood.com\/no\/wp-json\/wp\/v2\/product_brand?post=40566"},{"taxonomy":"product_cat","embeddable":true,"href":"https:\/\/old.holyland-olivewood.com\/no\/wp-json\/wp\/v2\/product_cat?post=40566"},{"taxonomy":"product_tag","embeddable":true,"href":"https:\/\/old.holyland-olivewood.com\/no\/wp-json\/wp\/v2\/product_tag?post=40566"}],"curies":[{"name":"wp","href":"https:\/\/api.w.org\/{rel}","templated":true}]}}