{"id":40428,"date":"2021-03-12T17:14:52","date_gmt":"2022-02-06T11:22:56","guid":{"rendered":"https:\/\/old.holyland-olivewood.com\/product\/oliventrekors-med-herrens-bonn-25-cm-10-cr157\/"},"modified":"2022-02-06T11:22:56","modified_gmt":"2022-02-06T11:22:56","slug":"oliventre-kors-med-herrebonn-25-cm-10-cr157","status":"publish","type":"product","link":"https:\/\/old.holyland-olivewood.com\/no\/produkt\/oliventre-kors-med-herrebonn-25-cm-10-cr157\/","title":{"rendered":"Oliventrekors med Herrens b\u00f8nn (25 CM \/ 10&#8221;) #CR157"},"content":{"rendered":"","protected":false},"excerpt":{"rendered":"<p>Denne eksklusive Herrens b\u00f8nn Olive Wood Cross Wall Hanging er h\u00e5ndlaget i Det hellige land av b\u00e6rekraftig h\u00f8stet, autentisk Betlehem Olivewood. Dette korset er h\u00e5ndsk\u00e5ret i tradisjonell stil som representerer apostlene som sprer budskapet om Jesus Kristus til de fire verdenshj\u00f8rner. La den henge p\u00e5 veggen din som en p\u00e5minnelse om det hellige land.<\/p>\n<p>Denne varen inkluderer et ekthetssertifikat som bekrefter materialene og teknikkene som brukes for \u00e5 lage dette produktet.<\/p>\n<p>St\u00f8rrelse: 25 cm (10&#8243;)<\/p>\n","protected":false},"featured_media":38569,"template":"","meta":[],"product_brand":[],"product_cat":[1046,1042],"product_tag":[],"class_list":{"0":"post-40428","1":"product","2":"type-product","3":"status-publish","4":"has-post-thumbnail","6":"product_cat-kunsthaandvaerk-no","7":"product_cat-kors-og-krucifikser-no","9":"first","10":"instock","11":"shipping-taxable","12":"purchasable","13":"product-type-simple"},"yoast_head":"<!-- This site is optimized with the Yoast SEO plugin v24.8.1 - https:\/\/yoast.com\/wordpress\/plugins\/seo\/ -->\n<title>Oliventrekors med Herrens b\u00f8nn (25 CM \/ 10&#039;&#039;) #CR157 - Holy Land Olive Wood - Bethlehem Olive Wood Factory<\/title>\n<meta name=\"description\" content=\"Bethlehem oliventre h\u00e5ndverk (dvs. Kors med Fadervor, krusifikser, perler) r\u00e5 lager i standard og tilpassede dimensjoner.\" \/>\n<meta name=\"robots\" content=\"index, follow, max-snippet:-1, max-image-preview:large, max-video-preview:-1\" \/>\n<link rel=\"canonical\" href=\"https:\/\/old.holyland-olivewood.com\/no\/produkt\/oliventre-kors-med-herrebonn-25-cm-10-cr157\/\" \/>\n<meta property=\"og:locale\" content=\"nb_NO\" \/>\n<meta property=\"og:type\" content=\"article\" \/>\n<meta property=\"og:title\" content=\"Oliventrekors med Herrens b\u00f8nn (25 CM \/ 10&#039;&#039;) #CR157 - Holy Land Olive Wood - Bethlehem Olive Wood Factory\" \/>\n<meta property=\"og:description\" content=\"Bethlehem oliventre h\u00e5ndverk (dvs. Kors med Fadervor, krusifikser, perler) r\u00e5 lager i standard og tilpassede dimensjoner.\" \/>\n<meta property=\"og:url\" content=\"https:\/\/old.holyland-olivewood.com\/no\/produkt\/oliventre-kors-med-herrebonn-25-cm-10-cr157\/\" \/>\n<meta property=\"og:site_name\" content=\"Holy Land Olive Wood - Bethlehem Olive Wood Factory\" \/>\n<meta property=\"article:publisher\" content=\"https:\/\/www.facebook.com\/holylandolivewood.bethlehem\/\" \/>\n<meta property=\"og:image\" content=\"https:\/\/old.holyland-olivewood.com\/wp-content\/uploads\/2021\/03\/olive_wood_cross_with_the_lords_prayer_cr155-cr157.jpg\" \/>\n\t<meta property=\"og:image:width\" content=\"1550\" \/>\n\t<meta property=\"og:image:height\" content=\"1200\" \/>\n\t<meta property=\"og:image:type\" content=\"image\/jpeg\" \/>\n<meta name=\"twitter:card\" content=\"summary_large_image\" \/>\n<script type=\"application\/ld+json\" class=\"yoast-schema-graph\">{\"@context\":\"https:\/\/schema.org\",\"@graph\":[{\"@type\":\"WebPage\",\"@id\":\"https:\/\/old.holyland-olivewood.com\/no\/produkt\/oliventre-kors-med-herrebonn-25-cm-10-cr157\/\",\"url\":\"https:\/\/old.holyland-olivewood.com\/no\/produkt\/oliventre-kors-med-herrebonn-25-cm-10-cr157\/\",\"name\":\"Oliventrekors med Herrens b\u00f8nn (25 CM \/ 10'') #CR157 - Holy Land Olive Wood - Bethlehem Olive Wood Factory\",\"isPartOf\":{\"@id\":\"https:\/\/old.holyland-olivewood.com\/no\/#website\"},\"primaryImageOfPage\":{\"@id\":\"https:\/\/old.holyland-olivewood.com\/no\/produkt\/oliventre-kors-med-herrebonn-25-cm-10-cr157\/#primaryimage\"},\"image\":{\"@id\":\"https:\/\/old.holyland-olivewood.com\/no\/produkt\/oliventre-kors-med-herrebonn-25-cm-10-cr157\/#primaryimage\"},\"thumbnailUrl\":\"https:\/\/old.holyland-olivewood.com\/wp-content\/uploads\/2021\/03\/olive_wood_cross_with_the_lords_prayer_cr155-cr157.jpg\",\"datePublished\":\"2022-02-06T11:22:56+00:00\",\"description\":\"Bethlehem oliventre h\u00e5ndverk (dvs. Kors med Fadervor, krusifikser, perler) r\u00e5 lager i standard og tilpassede dimensjoner.\",\"breadcrumb\":{\"@id\":\"https:\/\/old.holyland-olivewood.com\/no\/produkt\/oliventre-kors-med-herrebonn-25-cm-10-cr157\/#breadcrumb\"},\"inLanguage\":\"nb-NO\",\"potentialAction\":[{\"@type\":\"ReadAction\",\"target\":[\"https:\/\/old.holyland-olivewood.com\/no\/produkt\/oliventre-kors-med-herrebonn-25-cm-10-cr157\/\"]}]},{\"@type\":\"ImageObject\",\"inLanguage\":\"nb-NO\",\"@id\":\"https:\/\/old.holyland-olivewood.com\/no\/produkt\/oliventre-kors-med-herrebonn-25-cm-10-cr157\/#primaryimage\",\"url\":\"https:\/\/old.holyland-olivewood.com\/wp-content\/uploads\/2021\/03\/olive_wood_cross_with_the_lords_prayer_cr155-cr157.jpg\",\"contentUrl\":\"https:\/\/old.holyland-olivewood.com\/wp-content\/uploads\/2021\/03\/olive_wood_cross_with_the_lords_prayer_cr155-cr157.jpg\",\"width\":1550,\"height\":1200},{\"@type\":\"BreadcrumbList\",\"@id\":\"https:\/\/old.holyland-olivewood.com\/no\/produkt\/oliventre-kors-med-herrebonn-25-cm-10-cr157\/#breadcrumb\",\"itemListElement\":[{\"@type\":\"ListItem\",\"position\":1,\"name\":\"Home\",\"item\":\"https:\/\/old.holyland-olivewood.com\/no\/\"},{\"@type\":\"ListItem\",\"position\":2,\"name\":\"Shop\",\"item\":\"https:\/\/old.holyland-olivewood.com\/no\/shop\/\"},{\"@type\":\"ListItem\",\"position\":3,\"name\":\"Oliventrekors med Herrens b\u00f8nn (25 CM \/ 10&#8221;) #CR157\"}]},{\"@type\":\"WebSite\",\"@id\":\"https:\/\/old.holyland-olivewood.com\/no\/#website\",\"url\":\"https:\/\/old.holyland-olivewood.com\/no\/\",\"name\":\"Holy Land Olive Wood - Bethlehem Olive Wood Factory\",\"description\":\"Holy Land Olivewood Bethlehem\",\"publisher\":{\"@id\":\"https:\/\/old.holyland-olivewood.com\/no\/#organization\"},\"potentialAction\":[{\"@type\":\"SearchAction\",\"target\":{\"@type\":\"EntryPoint\",\"urlTemplate\":\"https:\/\/old.holyland-olivewood.com\/no\/?s={search_term_string}\"},\"query-input\":{\"@type\":\"PropertyValueSpecification\",\"valueRequired\":true,\"valueName\":\"search_term_string\"}}],\"inLanguage\":\"nb-NO\"},{\"@type\":\"Organization\",\"@id\":\"https:\/\/old.holyland-olivewood.com\/no\/#organization\",\"name\":\"Holy Land Olivewood\",\"url\":\"https:\/\/old.holyland-olivewood.com\/no\/\",\"logo\":{\"@type\":\"ImageObject\",\"inLanguage\":\"nb-NO\",\"@id\":\"https:\/\/old.holyland-olivewood.com\/no\/#\/schema\/logo\/image\/\",\"url\":\"\",\"contentUrl\":\"\",\"caption\":\"Holy Land Olivewood\"},\"image\":{\"@id\":\"https:\/\/old.holyland-olivewood.com\/no\/#\/schema\/logo\/image\/\"},\"sameAs\":[\"https:\/\/www.facebook.com\/holylandolivewood.bethlehem\/\",\"http:\/\/instagram.com\/holy.land.olive.wood\"]}]}<\/script>\n<!-- \/ Yoast SEO plugin. -->","yoast_head_json":{"title":"Oliventrekors med Herrens b\u00f8nn (25 CM \/ 10'') #CR157 - Holy Land Olive Wood - Bethlehem Olive Wood Factory","description":"Bethlehem oliventre h\u00e5ndverk (dvs. Kors med Fadervor, krusifikser, perler) r\u00e5 lager i standard og tilpassede dimensjoner.","robots":{"index":"index","follow":"follow","max-snippet":"max-snippet:-1","max-image-preview":"max-image-preview:large","max-video-preview":"max-video-preview:-1"},"canonical":"https:\/\/old.holyland-olivewood.com\/no\/produkt\/oliventre-kors-med-herrebonn-25-cm-10-cr157\/","og_locale":"nb_NO","og_type":"article","og_title":"Oliventrekors med Herrens b\u00f8nn (25 CM \/ 10'') #CR157 - Holy Land Olive Wood - Bethlehem Olive Wood Factory","og_description":"Bethlehem oliventre h\u00e5ndverk (dvs. Kors med Fadervor, krusifikser, perler) r\u00e5 lager i standard og tilpassede dimensjoner.","og_url":"https:\/\/old.holyland-olivewood.com\/no\/produkt\/oliventre-kors-med-herrebonn-25-cm-10-cr157\/","og_site_name":"Holy Land Olive Wood - Bethlehem Olive Wood Factory","article_publisher":"https:\/\/www.facebook.com\/holylandolivewood.bethlehem\/","og_image":[{"width":1550,"height":1200,"url":"https:\/\/old.holyland-olivewood.com\/wp-content\/uploads\/2021\/03\/olive_wood_cross_with_the_lords_prayer_cr155-cr157.jpg","type":"image\/jpeg"}],"twitter_card":"summary_large_image","schema":{"@context":"https:\/\/schema.org","@graph":[{"@type":"WebPage","@id":"https:\/\/old.holyland-olivewood.com\/no\/produkt\/oliventre-kors-med-herrebonn-25-cm-10-cr157\/","url":"https:\/\/old.holyland-olivewood.com\/no\/produkt\/oliventre-kors-med-herrebonn-25-cm-10-cr157\/","name":"Oliventrekors med Herrens b\u00f8nn (25 CM \/ 10'') #CR157 - Holy Land Olive Wood - Bethlehem Olive Wood Factory","isPartOf":{"@id":"https:\/\/old.holyland-olivewood.com\/no\/#website"},"primaryImageOfPage":{"@id":"https:\/\/old.holyland-olivewood.com\/no\/produkt\/oliventre-kors-med-herrebonn-25-cm-10-cr157\/#primaryimage"},"image":{"@id":"https:\/\/old.holyland-olivewood.com\/no\/produkt\/oliventre-kors-med-herrebonn-25-cm-10-cr157\/#primaryimage"},"thumbnailUrl":"https:\/\/old.holyland-olivewood.com\/wp-content\/uploads\/2021\/03\/olive_wood_cross_with_the_lords_prayer_cr155-cr157.jpg","datePublished":"2022-02-06T11:22:56+00:00","description":"Bethlehem oliventre h\u00e5ndverk (dvs. Kors med Fadervor, krusifikser, perler) r\u00e5 lager i standard og tilpassede dimensjoner.","breadcrumb":{"@id":"https:\/\/old.holyland-olivewood.com\/no\/produkt\/oliventre-kors-med-herrebonn-25-cm-10-cr157\/#breadcrumb"},"inLanguage":"nb-NO","potentialAction":[{"@type":"ReadAction","target":["https:\/\/old.holyland-olivewood.com\/no\/produkt\/oliventre-kors-med-herrebonn-25-cm-10-cr157\/"]}]},{"@type":"ImageObject","inLanguage":"nb-NO","@id":"https:\/\/old.holyland-olivewood.com\/no\/produkt\/oliventre-kors-med-herrebonn-25-cm-10-cr157\/#primaryimage","url":"https:\/\/old.holyland-olivewood.com\/wp-content\/uploads\/2021\/03\/olive_wood_cross_with_the_lords_prayer_cr155-cr157.jpg","contentUrl":"https:\/\/old.holyland-olivewood.com\/wp-content\/uploads\/2021\/03\/olive_wood_cross_with_the_lords_prayer_cr155-cr157.jpg","width":1550,"height":1200},{"@type":"BreadcrumbList","@id":"https:\/\/old.holyland-olivewood.com\/no\/produkt\/oliventre-kors-med-herrebonn-25-cm-10-cr157\/#breadcrumb","itemListElement":[{"@type":"ListItem","position":1,"name":"Home","item":"https:\/\/old.holyland-olivewood.com\/no\/"},{"@type":"ListItem","position":2,"name":"Shop","item":"https:\/\/old.holyland-olivewood.com\/no\/shop\/"},{"@type":"ListItem","position":3,"name":"Oliventrekors med Herrens b\u00f8nn (25 CM \/ 10&#8221;) #CR157"}]},{"@type":"WebSite","@id":"https:\/\/old.holyland-olivewood.com\/no\/#website","url":"https:\/\/old.holyland-olivewood.com\/no\/","name":"Holy Land Olive Wood - Bethlehem Olive Wood Factory","description":"Holy Land Olivewood Bethlehem","publisher":{"@id":"https:\/\/old.holyland-olivewood.com\/no\/#organization"},"potentialAction":[{"@type":"SearchAction","target":{"@type":"EntryPoint","urlTemplate":"https:\/\/old.holyland-olivewood.com\/no\/?s={search_term_string}"},"query-input":{"@type":"PropertyValueSpecification","valueRequired":true,"valueName":"search_term_string"}}],"inLanguage":"nb-NO"},{"@type":"Organization","@id":"https:\/\/old.holyland-olivewood.com\/no\/#organization","name":"Holy Land Olivewood","url":"https:\/\/old.holyland-olivewood.com\/no\/","logo":{"@type":"ImageObject","inLanguage":"nb-NO","@id":"https:\/\/old.holyland-olivewood.com\/no\/#\/schema\/logo\/image\/","url":"","contentUrl":"","caption":"Holy Land Olivewood"},"image":{"@id":"https:\/\/old.holyland-olivewood.com\/no\/#\/schema\/logo\/image\/"},"sameAs":["https:\/\/www.facebook.com\/holylandolivewood.bethlehem\/","http:\/\/instagram.com\/holy.land.olive.wood"]}]}},"_links":{"self":[{"href":"https:\/\/old.holyland-olivewood.com\/no\/wp-json\/wp\/v2\/product\/40428","targetHints":{"allow":["GET"]}}],"collection":[{"href":"https:\/\/old.holyland-olivewood.com\/no\/wp-json\/wp\/v2\/product"}],"about":[{"href":"https:\/\/old.holyland-olivewood.com\/no\/wp-json\/wp\/v2\/types\/product"}],"wp:featuredmedia":[{"embeddable":true,"href":"https:\/\/old.holyland-olivewood.com\/no\/wp-json\/wp\/v2\/media\/38569"}],"wp:attachment":[{"href":"https:\/\/old.holyland-olivewood.com\/no\/wp-json\/wp\/v2\/media?parent=40428"}],"wp:term":[{"taxonomy":"product_brand","embeddable":true,"href":"https:\/\/old.holyland-olivewood.com\/no\/wp-json\/wp\/v2\/product_brand?post=40428"},{"taxonomy":"product_cat","embeddable":true,"href":"https:\/\/old.holyland-olivewood.com\/no\/wp-json\/wp\/v2\/product_cat?post=40428"},{"taxonomy":"product_tag","embeddable":true,"href":"https:\/\/old.holyland-olivewood.com\/no\/wp-json\/wp\/v2\/product_tag?post=40428"}],"curies":[{"name":"wp","href":"https:\/\/api.w.org\/{rel}","templated":true}]}}