{"id":39746,"date":"2021-08-17T15:20:52","date_gmt":"2021-08-17T15:20:52","guid":{"rendered":"https:\/\/old.holyland-olivewood.com\/privacy-policy\/"},"modified":"2022-02-06T08:54:44","modified_gmt":"2022-02-06T08:54:44","slug":"privacy-policy","status":"publish","type":"page","link":"https:\/\/old.holyland-olivewood.com\/no\/privacy-policy\/","title":{"rendered":"Personvernerkl\u00e6ring"},"content":{"rendered":"<p>[spb_row element_name=&#8221;Row&#8221; wrap_type=&#8221;content-width&#8221; row_bg_type=&#8221;color&#8221; row_bg_color=&#8221;#ffffff&#8221; color_row_height=&#8221;content-height&#8221; bg_type=&#8221;cover&#8221; parallax_image_height=&#8221;content-height&#8221; parallax_image_movement=&#8221;fixed&#8221; parallax_image_speed=&#8221;0.5&#8243; bg_video_loop=&#8221;yes&#8221; parallax_video_height=&#8221;window-height&#8221; row_top_style=&#8221;none&#8221; row_bottom_style=&#8221;none&#8221; parallax_video_overlay=&#8221;none&#8221; row_overlay_opacity=&#8221;0&#8243; remove_element_spacing=&#8221;yes&#8221; row_col_pos=&#8221;default&#8221; row_expanding=&#8221;no&#8221; row_animation=&#8221;none&#8221; row_animation_delay=&#8221;0&#8243; minimize_row=&#8221;no&#8221; width=&#8221;1\/1&#8243; el_position=&#8221;first last&#8221;] [spb_blank_spacer height=&#8221;30px&#8221; width=&#8221;1\/6&#8243; el_position=&#8221;first&#8221;] [spb_text_block title=&#8221;PERSONVERN&#8221; animation=&#8221;none&#8221; animation_delay=&#8221;200&#8243; simplified_controls=&#8221;yes&#8221; custom_css_percentage=&#8221;no&#8221; padding_vertical=&#8221;12&#8243; padding_horizontal=&#8221;0&#8243; margin_vertical=&#8221;0&#8243; custom_css=&#8221;margin-top: 0px;margin-bottom: 0px;padding-top: 12px;padding-bottom: 12px;&#8221; border_size=&#8221;0&#8243; border_styling_global=&#8221;default&#8221; el_class=&#8221;pb0&#8243; width=&#8221;2\/3&#8243;]<\/p>\n<p>Holy Land Olive Wood er forpliktet til \u00e5 beskytte og respektere ditt personvern p\u00e5 nettet. Denne siden ble opprettet for deg, v\u00e5r verdsatte kunde, for bedre \u00e5 forst\u00e5 hvilken informasjon som samles inn, hvorfor vi samler den inn og hvordan vi bruker og beskytter den.<\/p>\n<p><strong>Informasjon vi samler inn<\/strong><br \/>\nMens vi bruker nettsidene v\u00e5re for \u00e5 surfe, opprette en konto eller bestille, kan vi samle inn f\u00f8lgende personopplysninger fra deg:<\/p>\n<ul>\n<li>Identifikasjonsinformasjon: Inkludert for- og etternavn, post-, leverings- og faktureringsadresser, e-postadresse, telefonnumre og IP-adresser<\/li>\n<li>Kredittkortinformasjon: Inkludert kredittkortnummer, sikkerhetskode og utl\u00f8psdato. Denne informasjonen brukes til \u00e5 fullf\u00f8re kj\u00f8pstransaksjoner. Kortnumre og sikkerhetskoder lagres ikke i v\u00e5re databaser eller servere<\/li>\n<li>Kommersiell informasjon: Inkludert kj\u00f8pshistorikk, retur- og bytteinformasjon, produktregister og \u00f8nskelister<\/li>\n<li>Internett-aktivitetsinformasjon: Inkludert sider vist, s\u00f8ketermer brukt og nettilgangstider<\/li>\n<li>Enhetsinformasjon: Inkludert enhetsnummer, enhetsmodell, operativsystem og versjon, enhetsdato og -klokkeslett, unike enhetsidentifikatorer. Dette brukes til \u00e5 hjelpe oss med \u00e5 forst\u00e5 demografi, fikse nettstedsfeil og for \u00e5 overv\u00e5ke og forhindre svindel<\/li>\n<\/ul>\n<p>Denne informasjonen er n\u00f8dvendig for \u00e5 behandle og oppfylle dine bestillinger og varsle deg om ordrestatus. Det hjelper oss ogs\u00e5 \u00e5 oppdage og bekjempe svindel.<\/p>\n<p><strong>Hvordan informasjon samles inn<\/strong><br \/>\nHoly Land Olive Wood samler inn data for \u00e5 fungere effektivt og gi deg en best mulig opplevelse n\u00e5r du bruker nettstedet v\u00e5rt. Disse dataene samles inn p\u00e5 mange m\u00e5ter. Du gir oss personlig informasjon n\u00e5r du registrerer deg for en konto p\u00e5 v\u00e5re nettsider, legger inn en bestilling, korresponderer med oss via e-post, telefon eller Whatsapp. I tillegg samler vi automatisk inn data basert p\u00e5 hvordan du bruker nettsidene v\u00e5re, produktene du s\u00f8ker etter, hvordan du kom til nettstedet v\u00e5rt, og andre brukeratferdsm\u00e5linger ved \u00e5 bruke analyser og informasjonskapsler.<\/p>\n<p><strong>Informasjonskapsler og lignende teknologier<\/strong><br \/>\nInformasjonskapsler er sm\u00e5 filer lagret p\u00e5 enhetene dine som forteller nettsteder hvem du er. Holy Land Olive Wood bruker informasjonskapsler for \u00e5 spore hvordan du bruker nettstedet v\u00e5rt for \u00e5 skape personlige opplevelser. De husker for eksempel hvilke varer du har lagt i handlekurven. Hvis du foretrekker \u00e5 ikke bruke informasjonskapsler, kan du sl\u00e5 dem av ved \u00e5 endre den aktuelle innstillingen i nettleseren din. Uten informasjonskapsler kan vi imidlertid ikke utf\u00f8re mange av de grunnleggende funksjonene som trengs for \u00e5 opprette og behandle en bestilling p\u00e5 nettstedet v\u00e5rt. Vi anbefaler at du holder informasjonskapsler aktivert.<\/p>\n<p>I tillegg bruker Holy Land Olive Wood tredjeparts informasjonskapsler for \u00e5 forbedre opplevelsen din. For eksempel lar Google Analytics oss vite hvilke sider p\u00e5 nettsiden v\u00e5r som lastes sakte eller som ikke er optimalisert for mobilbruk. Vi bruker denne informasjonen til \u00e5 forbedre brukeropplevelsen v\u00e5r.<\/p>\n<p><strong>Offentliggj\u00f8ring av informasjon til tredjeparter<\/strong><br \/>\nHoly Land Olive Wood selger eller leier ikke ut din personlige informasjon til tredjeparter. Vi kan imidlertid avsl\u00f8re din personlige informasjon til v\u00e5re tjenesteleverand\u00f8rer og tredjeparts prosessorer for forretningsform\u00e5l. Vi gir ikke disse tredjepartene mer informasjon enn det som er n\u00f8dvendig for \u00e5 utf\u00f8re deres funksjon. Typer tjenesteleverand\u00f8rer vi bruker inkluderer kredittkortbehandlere og fraktselskaper, og analysetjenester.<\/p>\n<p><strong>Slik loven krever<\/strong><br \/>\nVi kan bli p\u00e5lagt \u00e5 utlevere informasjon for \u00e5 overholde loven. Hvis stevning eller p\u00e5 annen m\u00e5te er lovlig tvunget, vil vi overgi all relevant personlig informasjon i den grad det kreves av loven.<\/p>\n<p><strong>Hvordan informasjon beskyttes<\/strong><br \/>\n\u00c5 holde informasjonen din sikker er like viktig for oss som det er for deg. Vi vil at du skal f\u00f8le deg trygg med \u00e5 gi oss kredittkortnumre, telefonnumre og personlige adresser. Vi opprettholder fysiske, elektroniske og prosedyremessige sikkerhetstiltak som er n\u00f8dvendige for rimelig \u00e5 sikre beskyttelsen av din personlige informasjon mot tap, misbruk, avsl\u00f8ring og endring.<\/p>\n<p>Ansatte er utdannet i sikkerhetsprotokoller for \u00e5 sikre sikker og riktig h\u00e5ndtering av din personlige informasjon. Kun autoriserte ansatte har tilgang til lagret personlig informasjon, og kun for eksplisitt bruk beskrevet i denne personvernerkl\u00e6ringen. Betalingsinformasjon er kryptert og overf\u00f8rt p\u00e5 et sikret nettverk (SSL); vi lagrer ikke kredittkortnumrene dine i v\u00e5r database eller p\u00e5 v\u00e5re servere. Kredittkortnumre blir behandlet og tokenisert av et sikkert kredittkortbehandlerselskap.<\/p>\n<p>Selv om vi gj\u00f8r v\u00e5rt beste for \u00e5 beskytte din personlige informasjon, kan vi ikke garantere sikkerheten til personlig informasjon som overf\u00f8res til nettstedet v\u00e5rt. Vennligst gj\u00f8r din del for \u00e5 beskytte all annen personlig informasjon mot uautorisert bruk. Hold passordet ditt trygt og konfidensielt, og s\u00f8rg for \u00e5 logge av n\u00e5r du er ferdig med \u00e5 bruke en delt datamaskin. Skann ogs\u00e5 datamaskinen regelmessig for virus, skadelig programvare og spionprogrammer.<\/p>\n<p><strong>Hvordan informasjon brukes<\/strong><br \/>\nVi bruker den innsamlede informasjonen din til forretningsform\u00e5l som for \u00e5 oppfylle dine bestillinger, spore bestillinger, betjene foresp\u00f8rslene dine og for \u00e5 forhindre svindel.<\/p>\n<p><strong>Lenker til andre nettsteder og sosiale delingsfunksjoner<\/strong><br \/>\nV\u00e5r nettside kan inneholde lenker til andre nettsteder som ikke drives av oss. Hvis du klikker p\u00e5 en lenke til et tredjepartsnettsted, blir du dirigert til nettstedet deres. Vi har ingen kontroll over disse sidene og kan ikke beskytte dine personlige data der. Vi anbefaler deg p\u00e5 det sterkeste \u00e5 lese personvernreglene for hvert nettsted du bes\u00f8ker. For eksempel inneholder nettsiden v\u00e5r lenker til v\u00e5re sosiale mediesider (dvs. Facebook og Instagram). For mer informasjon om disse sosiale medieplattformene, vennligst bes\u00f8k personvernreglene til den respektive enheten.<\/p>\n<p><strong>Endringer i denne personvernerkl\u00e6ringen<\/strong><br \/>\nVi kan oppdatere v\u00e5r personvernerkl\u00e6ring fra tid til annen. Endringer vil bli lagt ut p\u00e5 denne nettsiden slik at kundene alltid er klar over hvilken informasjon vi samler inn og hvordan vi bruker den. Endringer i denne personvernerkl\u00e6ringen trer i kraft n\u00e5r de legges ut p\u00e5 denne siden.<\/p>\n<p><strong>Kontaktinformasjon<\/strong><br \/>\nHvis du har sp\u00f8rsm\u00e5l eller bekymringer ang\u00e5ende denne personvernerkl\u00e6ringen, kan du kontakte oss p\u00e5 <a href=\"mailto:service@woodturnerscatalog.com\">info@old.holyland-olivewood.com<\/a> .<\/p>\n<p>&nbsp;<\/p>\n<p>&nbsp;<\/p>\n<p>[\/spb_text_block] [spb_blank_spacer height=&#8221;30px&#8221; width=&#8221;1\/6&#8243; el_position=&#8221;last&#8221;] [\/spb_row]<\/p>\n","protected":false},"excerpt":{"rendered":"<p>[spb_row element_name=&#8221;Row&#8221; wrap_type=&#8221;content-width&#8221; row_bg_type=&#8221;color&#8221; row_bg_color=&#8221;#ffffff&#8221; color_row_height=&#8221;content-height&#8221; bg_type=&#8221;cover&#8221; parallax_image_height=&#8221;content-height&#8221; parallax_image_movement=&#8221;fixed&#8221; parallax_image_speed=&#8221;0.5&#8243; bg_video_loop=&#8221;yes&#8221; parallax_video_height=&#8221;window-height&#8221; row_top_style=&#8221;none&#8221; row_bottom_style=&#8221;none&#8221; parallax_video_overlay=&#8221;none&#8221; row_overlay_opacity=&#8221;0&#8243; remove_element_spacing=&#8221;yes&#8221; row_col_pos=&#8221;default&#8221; row_expanding=&#8221;no&#8221; row_animation=&#8221;none&#8221; row_animation_delay=&#8221;0&#8243; minimize_row=&#8221;no&#8221; width=&#8221;1\/1&#8243; el_position=&#8221;first last&#8221;] [spb_blank_spacer height=&#8221;30px&#8221; width=&#8221;1\/6&#8243; el_position=&#8221;first&#8221;] [spb_text_block title=&#8221;PERSONVERN&#8221; animation=&#8221;none&#8221; animation_delay=&#8221;200&#8243; simplified_controls=&#8221;yes&#8221; custom_css_percentage=&#8221;no&#8221; padding_vertical=&#8221;12&#8243; padding_horizontal=&#8221;0&#8243; margin_vertical=&#8221;0&#8243; custom_css=&#8221;margin-top: 0px;margin-bottom: 0px;padding-top: 12px;padding-bottom: 12px;&#8221; border_size=&#8221;0&#8243; border_styling_global=&#8221;default&#8221; el_class=&#8221;pb0&#8243; width=&#8221;2\/3&#8243;] Holy Land Olive Wood er forpliktet til \u00e5 beskytte og respektere ditt personvern [&hellip;]<\/p>\n","protected":false},"author":250,"featured_media":0,"parent":0,"menu_order":0,"comment_status":"open","ping_status":"closed","template":"","meta":{"footnotes":""},"class_list":["post-39746","page","type-page","status-publish","hentry"],"yoast_head":"<!-- This site is optimized with the Yoast SEO plugin v24.8.1 - https:\/\/yoast.com\/wordpress\/plugins\/seo\/ -->\n<title>Personvernerkl\u00e6ring - Holy Land Olive Wood - Bethlehem Olive Wood Factory<\/title>\n<meta name=\"description\" content=\"Bethlehem oliventre h\u00e5ndverk (erosaries, kj\u00f8kkenutstyr, nativity, sett, perler) penn-emner utskj\u00e6ringer, plater, blokker, &amp; r\u00e5 lager i standard og tilpassede dimensjoner.\" \/>\n<meta name=\"robots\" content=\"index, follow, max-snippet:-1, max-image-preview:large, max-video-preview:-1\" \/>\n<link rel=\"canonical\" href=\"https:\/\/old.holyland-olivewood.com\/no\/privacy-policy\/\" \/>\n<meta property=\"og:locale\" content=\"nb_NO\" \/>\n<meta property=\"og:type\" content=\"article\" \/>\n<meta property=\"og:title\" content=\"Personvernerkl\u00e6ring - Holy Land Olive Wood - Bethlehem Olive Wood Factory\" \/>\n<meta property=\"og:description\" content=\"Bethlehem oliventre h\u00e5ndverk (erosaries, kj\u00f8kkenutstyr, nativity, sett, perler) penn-emner utskj\u00e6ringer, plater, blokker, &amp; r\u00e5 lager i standard og tilpassede dimensjoner.\" \/>\n<meta property=\"og:url\" content=\"https:\/\/old.holyland-olivewood.com\/no\/privacy-policy\/\" \/>\n<meta property=\"og:site_name\" content=\"Holy Land Olive Wood - Bethlehem Olive Wood Factory\" \/>\n<meta property=\"article:publisher\" content=\"https:\/\/www.facebook.com\/holylandolivewood.bethlehem\/\" \/>\n<meta property=\"article:modified_time\" content=\"2022-02-06T08:54:44+00:00\" \/>\n<meta name=\"twitter:card\" content=\"summary_large_image\" \/>\n<meta name=\"twitter:label1\" content=\"Ansl. lesetid\" \/>\n\t<meta name=\"twitter:data1\" content=\"5 minutter\" \/>\n<script type=\"application\/ld+json\" class=\"yoast-schema-graph\">{\"@context\":\"https:\/\/schema.org\",\"@graph\":[{\"@type\":\"WebPage\",\"@id\":\"https:\/\/old.holyland-olivewood.com\/no\/privacy-policy\/\",\"url\":\"https:\/\/old.holyland-olivewood.com\/no\/privacy-policy\/\",\"name\":\"Personvernerkl\u00e6ring - Holy Land Olive Wood - Bethlehem Olive Wood Factory\",\"isPartOf\":{\"@id\":\"https:\/\/old.holyland-olivewood.com\/no\/#website\"},\"datePublished\":\"2021-08-17T15:20:52+00:00\",\"dateModified\":\"2022-02-06T08:54:44+00:00\",\"description\":\"Bethlehem oliventre h\u00e5ndverk (erosaries, kj\u00f8kkenutstyr, nativity, sett, perler) penn-emner utskj\u00e6ringer, plater, blokker, & r\u00e5 lager i standard og tilpassede dimensjoner.\",\"breadcrumb\":{\"@id\":\"https:\/\/old.holyland-olivewood.com\/no\/privacy-policy\/#breadcrumb\"},\"inLanguage\":\"nb-NO\",\"potentialAction\":[{\"@type\":\"ReadAction\",\"target\":[\"https:\/\/old.holyland-olivewood.com\/no\/privacy-policy\/\"]}]},{\"@type\":\"BreadcrumbList\",\"@id\":\"https:\/\/old.holyland-olivewood.com\/no\/privacy-policy\/#breadcrumb\",\"itemListElement\":[{\"@type\":\"ListItem\",\"position\":1,\"name\":\"Home\",\"item\":\"https:\/\/old.holyland-olivewood.com\/no\/\"},{\"@type\":\"ListItem\",\"position\":2,\"name\":\"Personvernerkl\u00e6ring\"}]},{\"@type\":\"WebSite\",\"@id\":\"https:\/\/old.holyland-olivewood.com\/no\/#website\",\"url\":\"https:\/\/old.holyland-olivewood.com\/no\/\",\"name\":\"Holy Land Olive Wood - Bethlehem Olive Wood Factory\",\"description\":\"Holy Land Olivewood Bethlehem\",\"publisher\":{\"@id\":\"https:\/\/old.holyland-olivewood.com\/no\/#organization\"},\"potentialAction\":[{\"@type\":\"SearchAction\",\"target\":{\"@type\":\"EntryPoint\",\"urlTemplate\":\"https:\/\/old.holyland-olivewood.com\/no\/?s={search_term_string}\"},\"query-input\":{\"@type\":\"PropertyValueSpecification\",\"valueRequired\":true,\"valueName\":\"search_term_string\"}}],\"inLanguage\":\"nb-NO\"},{\"@type\":\"Organization\",\"@id\":\"https:\/\/old.holyland-olivewood.com\/no\/#organization\",\"name\":\"Holy Land Olivewood\",\"url\":\"https:\/\/old.holyland-olivewood.com\/no\/\",\"logo\":{\"@type\":\"ImageObject\",\"inLanguage\":\"nb-NO\",\"@id\":\"https:\/\/old.holyland-olivewood.com\/no\/#\/schema\/logo\/image\/\",\"url\":\"\",\"contentUrl\":\"\",\"caption\":\"Holy Land Olivewood\"},\"image\":{\"@id\":\"https:\/\/old.holyland-olivewood.com\/no\/#\/schema\/logo\/image\/\"},\"sameAs\":[\"https:\/\/www.facebook.com\/holylandolivewood.bethlehem\/\",\"http:\/\/instagram.com\/holy.land.olive.wood\"]}]}<\/script>\n<!-- \/ Yoast SEO plugin. -->","yoast_head_json":{"title":"Personvernerkl\u00e6ring - Holy Land Olive Wood - Bethlehem Olive Wood Factory","description":"Bethlehem oliventre h\u00e5ndverk (erosaries, kj\u00f8kkenutstyr, nativity, sett, perler) penn-emner utskj\u00e6ringer, plater, blokker, & r\u00e5 lager i standard og tilpassede dimensjoner.","robots":{"index":"index","follow":"follow","max-snippet":"max-snippet:-1","max-image-preview":"max-image-preview:large","max-video-preview":"max-video-preview:-1"},"canonical":"https:\/\/old.holyland-olivewood.com\/no\/privacy-policy\/","og_locale":"nb_NO","og_type":"article","og_title":"Personvernerkl\u00e6ring - Holy Land Olive Wood - Bethlehem Olive Wood Factory","og_description":"Bethlehem oliventre h\u00e5ndverk (erosaries, kj\u00f8kkenutstyr, nativity, sett, perler) penn-emner utskj\u00e6ringer, plater, blokker, & r\u00e5 lager i standard og tilpassede dimensjoner.","og_url":"https:\/\/old.holyland-olivewood.com\/no\/privacy-policy\/","og_site_name":"Holy Land Olive Wood - Bethlehem Olive Wood Factory","article_publisher":"https:\/\/www.facebook.com\/holylandolivewood.bethlehem\/","article_modified_time":"2022-02-06T08:54:44+00:00","twitter_card":"summary_large_image","twitter_misc":{"Ansl. lesetid":"5 minutter"},"schema":{"@context":"https:\/\/schema.org","@graph":[{"@type":"WebPage","@id":"https:\/\/old.holyland-olivewood.com\/no\/privacy-policy\/","url":"https:\/\/old.holyland-olivewood.com\/no\/privacy-policy\/","name":"Personvernerkl\u00e6ring - Holy Land Olive Wood - Bethlehem Olive Wood Factory","isPartOf":{"@id":"https:\/\/old.holyland-olivewood.com\/no\/#website"},"datePublished":"2021-08-17T15:20:52+00:00","dateModified":"2022-02-06T08:54:44+00:00","description":"Bethlehem oliventre h\u00e5ndverk (erosaries, kj\u00f8kkenutstyr, nativity, sett, perler) penn-emner utskj\u00e6ringer, plater, blokker, & r\u00e5 lager i standard og tilpassede dimensjoner.","breadcrumb":{"@id":"https:\/\/old.holyland-olivewood.com\/no\/privacy-policy\/#breadcrumb"},"inLanguage":"nb-NO","potentialAction":[{"@type":"ReadAction","target":["https:\/\/old.holyland-olivewood.com\/no\/privacy-policy\/"]}]},{"@type":"BreadcrumbList","@id":"https:\/\/old.holyland-olivewood.com\/no\/privacy-policy\/#breadcrumb","itemListElement":[{"@type":"ListItem","position":1,"name":"Home","item":"https:\/\/old.holyland-olivewood.com\/no\/"},{"@type":"ListItem","position":2,"name":"Personvernerkl\u00e6ring"}]},{"@type":"WebSite","@id":"https:\/\/old.holyland-olivewood.com\/no\/#website","url":"https:\/\/old.holyland-olivewood.com\/no\/","name":"Holy Land Olive Wood - Bethlehem Olive Wood Factory","description":"Holy Land Olivewood Bethlehem","publisher":{"@id":"https:\/\/old.holyland-olivewood.com\/no\/#organization"},"potentialAction":[{"@type":"SearchAction","target":{"@type":"EntryPoint","urlTemplate":"https:\/\/old.holyland-olivewood.com\/no\/?s={search_term_string}"},"query-input":{"@type":"PropertyValueSpecification","valueRequired":true,"valueName":"search_term_string"}}],"inLanguage":"nb-NO"},{"@type":"Organization","@id":"https:\/\/old.holyland-olivewood.com\/no\/#organization","name":"Holy Land Olivewood","url":"https:\/\/old.holyland-olivewood.com\/no\/","logo":{"@type":"ImageObject","inLanguage":"nb-NO","@id":"https:\/\/old.holyland-olivewood.com\/no\/#\/schema\/logo\/image\/","url":"","contentUrl":"","caption":"Holy Land Olivewood"},"image":{"@id":"https:\/\/old.holyland-olivewood.com\/no\/#\/schema\/logo\/image\/"},"sameAs":["https:\/\/www.facebook.com\/holylandolivewood.bethlehem\/","http:\/\/instagram.com\/holy.land.olive.wood"]}]}},"_links":{"self":[{"href":"https:\/\/old.holyland-olivewood.com\/no\/wp-json\/wp\/v2\/pages\/39746","targetHints":{"allow":["GET"]}}],"collection":[{"href":"https:\/\/old.holyland-olivewood.com\/no\/wp-json\/wp\/v2\/pages"}],"about":[{"href":"https:\/\/old.holyland-olivewood.com\/no\/wp-json\/wp\/v2\/types\/page"}],"author":[{"embeddable":true,"href":"https:\/\/old.holyland-olivewood.com\/no\/wp-json\/wp\/v2\/users\/250"}],"replies":[{"embeddable":true,"href":"https:\/\/old.holyland-olivewood.com\/no\/wp-json\/wp\/v2\/comments?post=39746"}],"version-history":[{"count":0,"href":"https:\/\/old.holyland-olivewood.com\/no\/wp-json\/wp\/v2\/pages\/39746\/revisions"}],"wp:attachment":[{"href":"https:\/\/old.holyland-olivewood.com\/no\/wp-json\/wp\/v2\/media?parent=39746"}],"curies":[{"name":"wp","href":"https:\/\/api.w.org\/{rel}","templated":true}]}}