{"id":42034,"date":"2018-09-06T12:43:45","date_gmt":"2022-02-09T07:34:11","guid":{"rendered":"https:\/\/old.holyland-olivewood.com\/product\/dode-zee-modder-300g-d102\/"},"modified":"2022-02-09T07:34:11","modified_gmt":"2022-02-09T07:34:11","slug":"dode-zee-modder-300g-d102","status":"publish","type":"product","link":"https:\/\/old.holyland-olivewood.com\/nl\/product\/dode-zee-modder-300g-d102\/","title":{"rendered":"Dode Zee Modder (300g) D102"},"content":{"rendered":"<p>Dode Zee Modder<\/p>\n","protected":false},"excerpt":{"rendered":"<p><strong>Dode Zee Modder (300g)<\/strong><\/p>\n<p>Dit Dode Zee moddermasker bevat meer dan 27 natuurlijke mineralen. Het is ook verrijkt met Alo\u00eb Vera-extract, essenti\u00eble kruidenoli\u00ebn en een mix van ijzer, magnesium, calcium en zink om pori\u00ebn te reinigen, dode huidcellen te verwijderen, vlekken te verminderen en je huid te hydrateren.<\/p>\n<p><strong>Aanwijzingen:<\/strong> Breng een voldoende hoeveelheid Dode Zee modder aan op het gezicht en de hals, wacht ongeveer 5-10 minuten tot het droog is en spoel vervolgens af met water.<\/p>\n<p><strong>Hoeveelheid:<\/strong> 600 gram<\/p>\n","protected":false},"featured_media":51881,"template":"","meta":[],"product_brand":[],"product_cat":[1658,2705],"product_tag":[2713,2706,2717,2707,2711,2708],"class_list":{"0":"post-42034","1":"product","2":"type-product","3":"status-publish","4":"has-post-thumbnail","6":"product_cat-allerlei","7":"product_cat-dode-zee-producten","8":"product_tag-dode-zee-body-scrub","9":"product_tag-dode-zee-modder","10":"product_tag-mineraal-zout","11":"product_tag-minerale-zout-uit-de-dode-zee","12":"product_tag-room","13":"product_tag-zwarte-modder-soab","15":"first","16":"outofstock","17":"shipping-taxable","18":"purchasable","19":"product-type-simple"},"yoast_head":"<!-- This site is optimized with the Yoast SEO plugin v24.8.1 - https:\/\/yoast.com\/wordpress\/plugins\/seo\/ -->\n<title>Dode Zee Modder (300g) D102 - Holy Land Olive Wood - Bethlehem Olive Wood Factory<\/title>\n<meta name=\"description\" content=\"Dode Zee Modder (Dode Zee Modder, Dode Zee Mineraal Zout) Zwarte Modder Soab, Cr\u00e8me, Dode Zee Body Scrub, Modder, Mineraal Zout, van Holy Land Olive Wood.\" \/>\n<meta name=\"robots\" content=\"index, follow, max-snippet:-1, max-image-preview:large, max-video-preview:-1\" \/>\n<link rel=\"canonical\" href=\"https:\/\/old.holyland-olivewood.com\/nl\/product\/dode-zee-modder-300g-d102\/\" \/>\n<meta property=\"og:locale\" content=\"nl_NL\" \/>\n<meta property=\"og:type\" content=\"article\" \/>\n<meta property=\"og:title\" content=\"Dode Zee Modder (300g) D102 - Holy Land Olive Wood - Bethlehem Olive Wood Factory\" \/>\n<meta property=\"og:description\" content=\"Dode Zee Modder (Dode Zee Modder, Dode Zee Mineraal Zout) Zwarte Modder Soab, Cr\u00e8me, Dode Zee Body Scrub, Modder, Mineraal Zout, van Holy Land Olive Wood.\" \/>\n<meta property=\"og:url\" content=\"https:\/\/old.holyland-olivewood.com\/nl\/product\/dode-zee-modder-300g-d102\/\" \/>\n<meta property=\"og:site_name\" content=\"Holy Land Olive Wood - Bethlehem Olive Wood Factory\" \/>\n<meta property=\"article:publisher\" content=\"https:\/\/www.facebook.com\/holylandolivewood.bethlehem\/\" \/>\n<meta property=\"og:image\" content=\"https:\/\/old.holyland-olivewood.com\/wp-content\/uploads\/2018\/09\/dead_sea_black_mud_product_d101_102.jpg\" \/>\n\t<meta property=\"og:image:width\" content=\"1550\" \/>\n\t<meta property=\"og:image:height\" content=\"1200\" \/>\n\t<meta property=\"og:image:type\" content=\"image\/jpeg\" \/>\n<meta name=\"twitter:card\" content=\"summary_large_image\" \/>\n<script type=\"application\/ld+json\" class=\"yoast-schema-graph\">{\"@context\":\"https:\/\/schema.org\",\"@graph\":[{\"@type\":\"WebPage\",\"@id\":\"https:\/\/old.holyland-olivewood.com\/nl\/product\/dode-zee-modder-300g-d102\/\",\"url\":\"https:\/\/old.holyland-olivewood.com\/nl\/product\/dode-zee-modder-300g-d102\/\",\"name\":\"Dode Zee Modder (300g) D102 - Holy Land Olive Wood - Bethlehem Olive Wood Factory\",\"isPartOf\":{\"@id\":\"https:\/\/old.holyland-olivewood.com\/nl\/#website\"},\"primaryImageOfPage\":{\"@id\":\"https:\/\/old.holyland-olivewood.com\/nl\/product\/dode-zee-modder-300g-d102\/#primaryimage\"},\"image\":{\"@id\":\"https:\/\/old.holyland-olivewood.com\/nl\/product\/dode-zee-modder-300g-d102\/#primaryimage\"},\"thumbnailUrl\":\"https:\/\/old.holyland-olivewood.com\/wp-content\/uploads\/2018\/09\/dead_sea_black_mud_product_d101_102.jpg\",\"datePublished\":\"2022-02-09T07:34:11+00:00\",\"description\":\"Dode Zee Modder (Dode Zee Modder, Dode Zee Mineraal Zout) Zwarte Modder Soab, Cr\u00e8me, Dode Zee Body Scrub, Modder, Mineraal Zout, van Holy Land Olive Wood.\",\"breadcrumb\":{\"@id\":\"https:\/\/old.holyland-olivewood.com\/nl\/product\/dode-zee-modder-300g-d102\/#breadcrumb\"},\"inLanguage\":\"nl-NL\",\"potentialAction\":[{\"@type\":\"ReadAction\",\"target\":[\"https:\/\/old.holyland-olivewood.com\/nl\/product\/dode-zee-modder-300g-d102\/\"]}]},{\"@type\":\"ImageObject\",\"inLanguage\":\"nl-NL\",\"@id\":\"https:\/\/old.holyland-olivewood.com\/nl\/product\/dode-zee-modder-300g-d102\/#primaryimage\",\"url\":\"https:\/\/old.holyland-olivewood.com\/wp-content\/uploads\/2018\/09\/dead_sea_black_mud_product_d101_102.jpg\",\"contentUrl\":\"https:\/\/old.holyland-olivewood.com\/wp-content\/uploads\/2018\/09\/dead_sea_black_mud_product_d101_102.jpg\",\"width\":1550,\"height\":1200},{\"@type\":\"BreadcrumbList\",\"@id\":\"https:\/\/old.holyland-olivewood.com\/nl\/product\/dode-zee-modder-300g-d102\/#breadcrumb\",\"itemListElement\":[{\"@type\":\"ListItem\",\"position\":1,\"name\":\"Home\",\"item\":\"https:\/\/old.holyland-olivewood.com\/nl\/\"},{\"@type\":\"ListItem\",\"position\":2,\"name\":\"Winkel\",\"item\":\"https:\/\/old.holyland-olivewood.com\/nl\/winkel\/\"},{\"@type\":\"ListItem\",\"position\":3,\"name\":\"Dode Zee Modder (300g) D102\"}]},{\"@type\":\"WebSite\",\"@id\":\"https:\/\/old.holyland-olivewood.com\/nl\/#website\",\"url\":\"https:\/\/old.holyland-olivewood.com\/nl\/\",\"name\":\"Holy Land Olive Wood - Bethlehem Olive Wood Factory\",\"description\":\"Holy Land Olivewood Bethlehem\",\"publisher\":{\"@id\":\"https:\/\/old.holyland-olivewood.com\/nl\/#organization\"},\"potentialAction\":[{\"@type\":\"SearchAction\",\"target\":{\"@type\":\"EntryPoint\",\"urlTemplate\":\"https:\/\/old.holyland-olivewood.com\/nl\/?s={search_term_string}\"},\"query-input\":{\"@type\":\"PropertyValueSpecification\",\"valueRequired\":true,\"valueName\":\"search_term_string\"}}],\"inLanguage\":\"nl-NL\"},{\"@type\":\"Organization\",\"@id\":\"https:\/\/old.holyland-olivewood.com\/nl\/#organization\",\"name\":\"Holy Land Olivewood\",\"url\":\"https:\/\/old.holyland-olivewood.com\/nl\/\",\"logo\":{\"@type\":\"ImageObject\",\"inLanguage\":\"nl-NL\",\"@id\":\"https:\/\/old.holyland-olivewood.com\/nl\/#\/schema\/logo\/image\/\",\"url\":\"\",\"contentUrl\":\"\",\"caption\":\"Holy Land Olivewood\"},\"image\":{\"@id\":\"https:\/\/old.holyland-olivewood.com\/nl\/#\/schema\/logo\/image\/\"},\"sameAs\":[\"https:\/\/www.facebook.com\/holylandolivewood.bethlehem\/\",\"http:\/\/instagram.com\/holy.land.olive.wood\"]}]}<\/script>\n<!-- \/ Yoast SEO plugin. -->","yoast_head_json":{"title":"Dode Zee Modder (300g) D102 - Holy Land Olive Wood - Bethlehem Olive Wood Factory","description":"Dode Zee Modder (Dode Zee Modder, Dode Zee Mineraal Zout) Zwarte Modder Soab, Cr\u00e8me, Dode Zee Body Scrub, Modder, Mineraal Zout, van Holy Land Olive Wood.","robots":{"index":"index","follow":"follow","max-snippet":"max-snippet:-1","max-image-preview":"max-image-preview:large","max-video-preview":"max-video-preview:-1"},"canonical":"https:\/\/old.holyland-olivewood.com\/nl\/product\/dode-zee-modder-300g-d102\/","og_locale":"nl_NL","og_type":"article","og_title":"Dode Zee Modder (300g) D102 - Holy Land Olive Wood - Bethlehem Olive Wood Factory","og_description":"Dode Zee Modder (Dode Zee Modder, Dode Zee Mineraal Zout) Zwarte Modder Soab, Cr\u00e8me, Dode Zee Body Scrub, Modder, Mineraal Zout, van Holy Land Olive Wood.","og_url":"https:\/\/old.holyland-olivewood.com\/nl\/product\/dode-zee-modder-300g-d102\/","og_site_name":"Holy Land Olive Wood - Bethlehem Olive Wood Factory","article_publisher":"https:\/\/www.facebook.com\/holylandolivewood.bethlehem\/","og_image":[{"width":1550,"height":1200,"url":"https:\/\/old.holyland-olivewood.com\/wp-content\/uploads\/2018\/09\/dead_sea_black_mud_product_d101_102.jpg","type":"image\/jpeg"}],"twitter_card":"summary_large_image","schema":{"@context":"https:\/\/schema.org","@graph":[{"@type":"WebPage","@id":"https:\/\/old.holyland-olivewood.com\/nl\/product\/dode-zee-modder-300g-d102\/","url":"https:\/\/old.holyland-olivewood.com\/nl\/product\/dode-zee-modder-300g-d102\/","name":"Dode Zee Modder (300g) D102 - Holy Land Olive Wood - Bethlehem Olive Wood Factory","isPartOf":{"@id":"https:\/\/old.holyland-olivewood.com\/nl\/#website"},"primaryImageOfPage":{"@id":"https:\/\/old.holyland-olivewood.com\/nl\/product\/dode-zee-modder-300g-d102\/#primaryimage"},"image":{"@id":"https:\/\/old.holyland-olivewood.com\/nl\/product\/dode-zee-modder-300g-d102\/#primaryimage"},"thumbnailUrl":"https:\/\/old.holyland-olivewood.com\/wp-content\/uploads\/2018\/09\/dead_sea_black_mud_product_d101_102.jpg","datePublished":"2022-02-09T07:34:11+00:00","description":"Dode Zee Modder (Dode Zee Modder, Dode Zee Mineraal Zout) Zwarte Modder Soab, Cr\u00e8me, Dode Zee Body Scrub, Modder, Mineraal Zout, van Holy Land Olive Wood.","breadcrumb":{"@id":"https:\/\/old.holyland-olivewood.com\/nl\/product\/dode-zee-modder-300g-d102\/#breadcrumb"},"inLanguage":"nl-NL","potentialAction":[{"@type":"ReadAction","target":["https:\/\/old.holyland-olivewood.com\/nl\/product\/dode-zee-modder-300g-d102\/"]}]},{"@type":"ImageObject","inLanguage":"nl-NL","@id":"https:\/\/old.holyland-olivewood.com\/nl\/product\/dode-zee-modder-300g-d102\/#primaryimage","url":"https:\/\/old.holyland-olivewood.com\/wp-content\/uploads\/2018\/09\/dead_sea_black_mud_product_d101_102.jpg","contentUrl":"https:\/\/old.holyland-olivewood.com\/wp-content\/uploads\/2018\/09\/dead_sea_black_mud_product_d101_102.jpg","width":1550,"height":1200},{"@type":"BreadcrumbList","@id":"https:\/\/old.holyland-olivewood.com\/nl\/product\/dode-zee-modder-300g-d102\/#breadcrumb","itemListElement":[{"@type":"ListItem","position":1,"name":"Home","item":"https:\/\/old.holyland-olivewood.com\/nl\/"},{"@type":"ListItem","position":2,"name":"Winkel","item":"https:\/\/old.holyland-olivewood.com\/nl\/winkel\/"},{"@type":"ListItem","position":3,"name":"Dode Zee Modder (300g) D102"}]},{"@type":"WebSite","@id":"https:\/\/old.holyland-olivewood.com\/nl\/#website","url":"https:\/\/old.holyland-olivewood.com\/nl\/","name":"Holy Land Olive Wood - Bethlehem Olive Wood Factory","description":"Holy Land Olivewood Bethlehem","publisher":{"@id":"https:\/\/old.holyland-olivewood.com\/nl\/#organization"},"potentialAction":[{"@type":"SearchAction","target":{"@type":"EntryPoint","urlTemplate":"https:\/\/old.holyland-olivewood.com\/nl\/?s={search_term_string}"},"query-input":{"@type":"PropertyValueSpecification","valueRequired":true,"valueName":"search_term_string"}}],"inLanguage":"nl-NL"},{"@type":"Organization","@id":"https:\/\/old.holyland-olivewood.com\/nl\/#organization","name":"Holy Land Olivewood","url":"https:\/\/old.holyland-olivewood.com\/nl\/","logo":{"@type":"ImageObject","inLanguage":"nl-NL","@id":"https:\/\/old.holyland-olivewood.com\/nl\/#\/schema\/logo\/image\/","url":"","contentUrl":"","caption":"Holy Land Olivewood"},"image":{"@id":"https:\/\/old.holyland-olivewood.com\/nl\/#\/schema\/logo\/image\/"},"sameAs":["https:\/\/www.facebook.com\/holylandolivewood.bethlehem\/","http:\/\/instagram.com\/holy.land.olive.wood"]}]}},"_links":{"self":[{"href":"https:\/\/old.holyland-olivewood.com\/nl\/wp-json\/wp\/v2\/product\/42034","targetHints":{"allow":["GET"]}}],"collection":[{"href":"https:\/\/old.holyland-olivewood.com\/nl\/wp-json\/wp\/v2\/product"}],"about":[{"href":"https:\/\/old.holyland-olivewood.com\/nl\/wp-json\/wp\/v2\/types\/product"}],"wp:featuredmedia":[{"embeddable":true,"href":"https:\/\/old.holyland-olivewood.com\/nl\/wp-json\/wp\/v2\/media\/51881"}],"wp:attachment":[{"href":"https:\/\/old.holyland-olivewood.com\/nl\/wp-json\/wp\/v2\/media?parent=42034"}],"wp:term":[{"taxonomy":"product_brand","embeddable":true,"href":"https:\/\/old.holyland-olivewood.com\/nl\/wp-json\/wp\/v2\/product_brand?post=42034"},{"taxonomy":"product_cat","embeddable":true,"href":"https:\/\/old.holyland-olivewood.com\/nl\/wp-json\/wp\/v2\/product_cat?post=42034"},{"taxonomy":"product_tag","embeddable":true,"href":"https:\/\/old.holyland-olivewood.com\/nl\/wp-json\/wp\/v2\/product_tag?post=42034"}],"curies":[{"name":"wp","href":"https:\/\/api.w.org\/{rel}","templated":true}]}}